{"id":149,"date":"2023-01-17T14:51:12","date_gmt":"2023-01-17T14:51:12","guid":{"rendered":"https:\/\/der-schulbedarf.Shop\/?page_id=149"},"modified":"2024-03-25T07:32:18","modified_gmt":"2024-03-25T07:32:18","slug":"wunschartikel","status":"publish","type":"page","link":"https:\/\/der-schulbedarf.shop\/produkt-des-monats\/wunschartikel\/","title":{"rendered":"Wunschartikel"},"content":{"rendered":"<header class=\"entry-header\">\n<h1 class=\"entry-title\"><\/h1>\n<\/header>\n<div class=\"entry-content\">\n<p>Sie haben in unserem Shop nicht gefunden was Sie suchen? Kein Problem, kontaktieren Sie einfach unseren Kundenservice unter der E-Mail Adresse support@der schulbedarf.shop und teilen Sie mit was sie gerne kaufen m\u00f6chten. Wir werden pr\u00fcfen, ob wir diesen Artikel besorgen k\u00f6nnen und zu welchem Preis.<\/p>\n<p>Ansonsten schauen, sie doch immer wieder einmal vorbei, wir erweitern st\u00e4ndig unser Sortiment.<\/p>\n<\/div>\n","protected":false},"excerpt":{"rendered":"<p>Sie haben in unserem Shop nicht gefunden was Sie suchen? Kein Problem, kontaktieren Sie einfach unseren Kundenservice unter der E-Mail Adresse support@der schulbedarf.shop und teilen Sie mit was sie gerne kaufen m\u00f6chten. Wir werden pr\u00fcfen, ob wir diesen Artikel besorgen k\u00f6nnen und zu welchem Preis. Ansonsten schauen, sie doch immer wieder einmal vorbei, wir erweitern [&hellip;]<\/p>\n","protected":false},"author":1,"featured_media":0,"parent":0,"menu_order":0,"comment_status":"closed","ping_status":"closed","template":"","meta":{"footnotes":""},"class_list":["post-149","page","type-page","status-publish","hentry","post"],"yoast_head":"<!-- This site is optimized with the Yoast SEO plugin v26.6 - https:\/\/yoast.com\/wordpress\/plugins\/seo\/ -->\n<title>Wunschartikel - der-Schulbedarf.shop<\/title>\n<meta name=\"robots\" content=\"index, follow, max-snippet:-1, max-image-preview:large, max-video-preview:-1\" \/>\n<link rel=\"canonical\" href=\"https:\/\/der-schulbedarf.shop\/produkt-des-monats\/wunschartikel\/\" \/>\n<meta property=\"og:locale\" content=\"de_DE\" \/>\n<meta property=\"og:type\" content=\"article\" \/>\n<meta property=\"og:title\" content=\"Wunschartikel - der-Schulbedarf.shop\" \/>\n<meta property=\"og:description\" content=\"Sie haben in unserem Shop nicht gefunden was Sie suchen? Kein Problem, kontaktieren Sie einfach unseren Kundenservice unter der E-Mail Adresse support@der schulbedarf.shop und teilen Sie mit was sie gerne kaufen m\u00f6chten. Wir werden pr\u00fcfen, ob wir diesen Artikel besorgen k\u00f6nnen und zu welchem Preis. Ansonsten schauen, sie doch immer wieder einmal vorbei, wir erweitern [&hellip;]\" \/>\n<meta property=\"og:url\" content=\"https:\/\/der-schulbedarf.shop\/produkt-des-monats\/wunschartikel\/\" \/>\n<meta property=\"og:site_name\" content=\"der-Schulbedarf.shop\" \/>\n<meta property=\"article:modified_time\" content=\"2024-03-25T07:32:18+00:00\" \/>\n<meta name=\"twitter:card\" content=\"summary_large_image\" \/>\n<meta name=\"twitter:label1\" content=\"Gesch\u00e4tzte Lesezeit\" \/>\n\t<meta name=\"twitter:data1\" content=\"1\u00a0Minute\" \/>\n<script type=\"application\/ld+json\" class=\"yoast-schema-graph\">{\"@context\":\"https:\/\/schema.org\",\"@graph\":[{\"@type\":\"WebPage\",\"@id\":\"https:\/\/der-schulbedarf.shop\/produkt-des-monats\/wunschartikel\/\",\"url\":\"https:\/\/der-schulbedarf.shop\/produkt-des-monats\/wunschartikel\/\",\"name\":\"Wunschartikel - der-Schulbedarf.shop\",\"isPartOf\":{\"@id\":\"https:\/\/der-schulbedarf.shop\/produkt-des-monats\/#website\"},\"datePublished\":\"2023-01-17T14:51:12+00:00\",\"dateModified\":\"2024-03-25T07:32:18+00:00\",\"inLanguage\":\"de\",\"potentialAction\":[{\"@type\":\"ReadAction\",\"target\":[\"https:\/\/der-schulbedarf.shop\/produkt-des-monats\/wunschartikel\/\"]}]},{\"@type\":\"WebSite\",\"@id\":\"https:\/\/der-schulbedarf.shop\/produkt-des-monats\/#website\",\"url\":\"https:\/\/der-schulbedarf.shop\/produkt-des-monats\/\",\"name\":\"der-Schulbedarf.shop\",\"description\":\"\",\"publisher\":{\"@id\":\"https:\/\/der-schulbedarf.shop\/produkt-des-monats\/#organization\"},\"potentialAction\":[{\"@type\":\"SearchAction\",\"target\":{\"@type\":\"EntryPoint\",\"urlTemplate\":\"https:\/\/der-schulbedarf.shop\/produkt-des-monats\/?s={search_term_string}\"},\"query-input\":{\"@type\":\"PropertyValueSpecification\",\"valueRequired\":true,\"valueName\":\"search_term_string\"}}],\"inLanguage\":\"de\"},{\"@type\":\"Organization\",\"@id\":\"https:\/\/der-schulbedarf.shop\/produkt-des-monats\/#organization\",\"name\":\"der-Schulbedarf.shop\",\"url\":\"https:\/\/der-schulbedarf.shop\/produkt-des-monats\/\",\"logo\":{\"@type\":\"ImageObject\",\"inLanguage\":\"de\",\"@id\":\"https:\/\/der-schulbedarf.shop\/produkt-des-monats\/#\/schema\/logo\/image\/\",\"url\":\"https:\/\/der-schulbedarf.shop\/wp-content\/uploads\/2024\/02\/grafik-e1709551115899.png\",\"contentUrl\":\"https:\/\/der-schulbedarf.shop\/wp-content\/uploads\/2024\/02\/grafik-e1709551115899.png\",\"width\":80,\"height\":80,\"caption\":\"der-Schulbedarf.shop\"},\"image\":{\"@id\":\"https:\/\/der-schulbedarf.shop\/produkt-des-monats\/#\/schema\/logo\/image\/\"}}]}<\/script>\n<!-- \/ Yoast SEO plugin. -->","yoast_head_json":{"title":"Wunschartikel - der-Schulbedarf.shop","robots":{"index":"index","follow":"follow","max-snippet":"max-snippet:-1","max-image-preview":"max-image-preview:large","max-video-preview":"max-video-preview:-1"},"canonical":"https:\/\/der-schulbedarf.shop\/produkt-des-monats\/wunschartikel\/","og_locale":"de_DE","og_type":"article","og_title":"Wunschartikel - der-Schulbedarf.shop","og_description":"Sie haben in unserem Shop nicht gefunden was Sie suchen? Kein Problem, kontaktieren Sie einfach unseren Kundenservice unter der E-Mail Adresse support@der schulbedarf.shop und teilen Sie mit was sie gerne kaufen m\u00f6chten. Wir werden pr\u00fcfen, ob wir diesen Artikel besorgen k\u00f6nnen und zu welchem Preis. Ansonsten schauen, sie doch immer wieder einmal vorbei, wir erweitern [&hellip;]","og_url":"https:\/\/der-schulbedarf.shop\/produkt-des-monats\/wunschartikel\/","og_site_name":"der-Schulbedarf.shop","article_modified_time":"2024-03-25T07:32:18+00:00","twitter_card":"summary_large_image","twitter_misc":{"Gesch\u00e4tzte Lesezeit":"1\u00a0Minute"},"schema":{"@context":"https:\/\/schema.org","@graph":[{"@type":"WebPage","@id":"https:\/\/der-schulbedarf.shop\/produkt-des-monats\/wunschartikel\/","url":"https:\/\/der-schulbedarf.shop\/produkt-des-monats\/wunschartikel\/","name":"Wunschartikel - der-Schulbedarf.shop","isPartOf":{"@id":"https:\/\/der-schulbedarf.shop\/produkt-des-monats\/#website"},"datePublished":"2023-01-17T14:51:12+00:00","dateModified":"2024-03-25T07:32:18+00:00","inLanguage":"de","potentialAction":[{"@type":"ReadAction","target":["https:\/\/der-schulbedarf.shop\/produkt-des-monats\/wunschartikel\/"]}]},{"@type":"WebSite","@id":"https:\/\/der-schulbedarf.shop\/produkt-des-monats\/#website","url":"https:\/\/der-schulbedarf.shop\/produkt-des-monats\/","name":"der-Schulbedarf.shop","description":"","publisher":{"@id":"https:\/\/der-schulbedarf.shop\/produkt-des-monats\/#organization"},"potentialAction":[{"@type":"SearchAction","target":{"@type":"EntryPoint","urlTemplate":"https:\/\/der-schulbedarf.shop\/produkt-des-monats\/?s={search_term_string}"},"query-input":{"@type":"PropertyValueSpecification","valueRequired":true,"valueName":"search_term_string"}}],"inLanguage":"de"},{"@type":"Organization","@id":"https:\/\/der-schulbedarf.shop\/produkt-des-monats\/#organization","name":"der-Schulbedarf.shop","url":"https:\/\/der-schulbedarf.shop\/produkt-des-monats\/","logo":{"@type":"ImageObject","inLanguage":"de","@id":"https:\/\/der-schulbedarf.shop\/produkt-des-monats\/#\/schema\/logo\/image\/","url":"https:\/\/der-schulbedarf.shop\/wp-content\/uploads\/2024\/02\/grafik-e1709551115899.png","contentUrl":"https:\/\/der-schulbedarf.shop\/wp-content\/uploads\/2024\/02\/grafik-e1709551115899.png","width":80,"height":80,"caption":"der-Schulbedarf.shop"},"image":{"@id":"https:\/\/der-schulbedarf.shop\/produkt-des-monats\/#\/schema\/logo\/image\/"}}]}},"_links":{"self":[{"href":"https:\/\/der-schulbedarf.shop\/produkt-des-monats\/wp-json\/wp\/v2\/pages\/149","targetHints":{"allow":["GET"]}}],"collection":[{"href":"https:\/\/der-schulbedarf.shop\/produkt-des-monats\/wp-json\/wp\/v2\/pages"}],"about":[{"href":"https:\/\/der-schulbedarf.shop\/produkt-des-monats\/wp-json\/wp\/v2\/types\/page"}],"author":[{"embeddable":true,"href":"https:\/\/der-schulbedarf.shop\/produkt-des-monats\/wp-json\/wp\/v2\/users\/1"}],"replies":[{"embeddable":true,"href":"https:\/\/der-schulbedarf.shop\/produkt-des-monats\/wp-json\/wp\/v2\/comments?post=149"}],"version-history":[{"count":2,"href":"https:\/\/der-schulbedarf.shop\/produkt-des-monats\/wp-json\/wp\/v2\/pages\/149\/revisions"}],"predecessor-version":[{"id":3271,"href":"https:\/\/der-schulbedarf.shop\/produkt-des-monats\/wp-json\/wp\/v2\/pages\/149\/revisions\/3271"}],"wp:attachment":[{"href":"https:\/\/der-schulbedarf.shop\/produkt-des-monats\/wp-json\/wp\/v2\/media?parent=149"}],"curies":[{"name":"wp","href":"https:\/\/api.w.org\/{rel}","templated":true}]}}