{"id":16,"date":"2023-01-12T13:46:25","date_gmt":"2023-01-12T13:46:25","guid":{"rendered":"https:\/\/der-schulbedarf.Shop\/?page_id=16"},"modified":"2024-03-25T10:34:28","modified_gmt":"2024-03-25T10:34:28","slug":"agb","status":"publish","type":"page","link":"https:\/\/der-schulbedarf.shop\/produkt-des-monats\/agb\/","title":{"rendered":"AGB"},"content":{"rendered":"<p><strong>AGB<\/strong><\/p>\n<p>Inhaltsverzeichnis<\/p>\n<ol>\n<li>Geltungsbereich<\/li>\n<li>Vertragsschluss<\/li>\n<li>Widerrufsrecht<\/li>\n<li>Preise und Zahlungsbedingungen<\/li>\n<li>Liefer- und Versandbedingungen<\/li>\n<li>Eigentumsvorbehalt<\/li>\n<li>M\u00e4ngelhaftung (Gew\u00e4hrleistung)<\/li>\n<li>Gerichtsstand<\/li>\n<li>Alternative Streitbeilegung<\/li>\n<li>Salvatorische Klausel<\/li>\n<\/ol>\n<p>1) Geltungsbereich<\/p>\n<p>1.1 Vertragspartner f\u00fcr diese Allgemeinen Gesch\u00e4ftsbedingungen (folgend AGB genannt) ist auf der einen Seite die TT global trading UG (haftungsbeschr\u00e4nkt) als Verk\u00e4ufer und auf der anderen Seite ein Verbraucher oder Unternehmen, die nachfolgende jeweils als Kunde bezeichnet sind.<\/p>\n<p>1.2 Es wird gleichzeitig m\u00f6glichen anderslautenden AGBs des Kunden widersprochen.<\/p>\n<p>1.3 Verbraucher im Sinne dieser AGB ist jede nat\u00fcrliche Person, die ein Rechtsgesch\u00e4ft zu Zwecken abschlie\u00dft, die \u00fcberwiegend weder ihrer gewerblichen noch ihrer selbst\u00e4ndigen beruflichen T\u00e4tigkeit zugerechnet werden k\u00f6nnen. Unternehmer im Sinne dieser AGB ist eine nat\u00fcrliche oder juristische Person oder eine rechtsf\u00e4hige Personengesellschaft, die bei Abschluss eines Rechtsgesch\u00e4fts in Aus\u00fcbung ihrer gewerblichen oder selbst\u00e4ndigen beruflichen T\u00e4tigkeit handelt.<\/p>\n<p>1.4 Der Verk\u00e4ufer verkauft generell nur an vollj\u00e4hrige Personen. Ein Vertrag mit Minderj\u00e4hrigen kann auch mit Zustimmung eines Berechtigten nicht zustande kommen.<\/p>\n<p>2) Vertragsschluss<\/p>\n<p>2.1 Bei den Darstellungen und angeboten des Verk\u00e4ufers auf den Seiten des Online-Shops handelt es sich nicht um ein verbindliches Angebot des Verk\u00e4ufers, sondern dient nur zur Abgabe eines verbindlichen Angebots durch den Kunden. Der Vertrag kommt durch Annahme dieses Angebots durch den Verk\u00e4ufer zustande.<\/p>\n<p>2.2 Das Angebot des Kunden gilt als erteilt, wenn der Kunde mittels dem Bestellprozess in dem Online-Shop die Ware bestellt. Durch den Abschluss der Bestellung ist ein rechtsverbindliches Angebot des Kunden erteilt worden.<\/p>\n<p>2.3 Der Verk\u00e4ufer kann das Angebot des Kunden innerhalb von f\u00fcnf Tagen annehmen, indem er dem Kunden eine schriftliche Auftragsbest\u00e4tigung auf dem Postweg oder per E-Mail \u00fcbersendet. F\u00fcr den Fall, dass der Verk\u00e4ufer nicht innerhalb der genannten Frist von f\u00fcnf Tagen das Angebot annimmt, ist der Kunde an die Willenserkl\u00e4rung nicht mehr gebunden und der Vertrag kommt nicht zustande.<\/p>\n<p>2.4\u2009Bei Auswahl der Zahlungsart \u201ePayPal Express\u201c erfolgt die Zahlungsabwicklung \u00fcber den Zahlungsdienstleister PayPal (Europe) S.\u00e0 r.l. et Cie, S.C.A., 22-24 Boulevard Royal, L-2449 Luxembourg (im Folgenden: \u201ePayPal\u201c), unter Geltung der PayPal-Nutzungsbedingungen, einsehbar unter https:\/\/www.paypal.com\/de\/webapps\/mpp\/ua\/useragreement-full oder \u2013 falls der Kunde nicht \u00fcber ein PayPal-Konto verf\u00fcgt \u2013 unter Geltung der Bedingungen f\u00fcr Zahlungen ohne PayPal-Konto, einsehbar unter https:\/\/www.paypal.com\/de\/webapps\/mpp\/ua\/privacywax-full.<\/p>\n<p>Zahlt der Kunde mittels einer im Online-Bestellvorgang ausw\u00e4hlbaren von PayPal angebotenen Zahlungsart, erkl\u00e4rt der Verk\u00e4ufer schon jetzt die Annahme des Angebots des Kunden in dem Zeitpunkt, in dem der Kunde den den Bestellvorgang abschlie\u00dfenden Button anklickt.<\/p>\n<p>2.6 Alkoholische Getr\u00e4nke versenden wir ausschlie\u00dflich mit Alterspr\u00fcfung. Der Kunde ist daf\u00fcr verantwortlich daf\u00fcr zu sorgen, dass eine vollj\u00e4hrige Person da ist um das Paket entgegen zu nehmen.<\/p>\n<p>2.7 Vertr\u00e4ge k\u00f6nnen nur auf deutscher und englischer Sprache abgeschlossen werden<\/p>\n<p>2.8 Die Kommunikation findet in der Regel per E-Mail statt, daher hat der Kunde daf\u00fcr zu sorgen, dass die angegebene E-Mail-Adresse richtig ist. Der Kunde ist daf\u00fcr verantwortlich auch sicher zu stellen, dass E-Mails die in seinem SPAM Ordner landen gepr\u00fcft werden.<\/p>\n<p>3) Widerrufsrecht<\/p>\n<p>3.1 Verbrauchern steht grunds\u00e4tzlich ein Widerrufsrecht zu.<\/p>\n<p>3.2 N\u00e4here Informationen zum Widerrufsrecht ergeben sich aus der Widerrufsbelehrung des Verk\u00e4ufers.<\/p>\n<p>3.3 Gem\u00e4\u00df \u00a7 312g Abs. 2 Nr. 9 BGB besteht ein Widerrufsrecht, soweit nichts anderes vereinbart ist, nicht bei Vertr\u00e4gen zur Erbringung von Dienstleistungen im Zusammenhang mit Freizeitbet\u00e4tigungen, wenn der Vertrag f\u00fcr die Erbringung einen spezifischen Termin oder Zeitraum vorsieht. Danach ist ein Widerrufsrecht auch bei Vertr\u00e4gen ausgeschlossen, die den Verkauf von Tickets f\u00fcr termingebundene Freizeitveranstaltungen zum Gegenstand haben.<\/p>\n<p>4) Preise und Zahlungsbedingungen<\/p>\n<p>4.1 Die angegebenen Preise im Online-Shop verstehen sich als Preise einschlie\u00dflich der zum Zeitpunkt der Bestellung in Deutschland g\u00fcltigen Umsatzsteuer. Dies gilt auch dann, wenn der Kunde im Ausland sitzt. M\u00f6gliche Versandkosten sind in diesen Preisen nicht enthalten. Es handelt sich im Preise die f\u00fcr eine Lieferung innerhalb Deutschlands g\u00fcltig sind, im Falle, dass die Lieferung in ein anderes Land erfolgt in dem Z\u00f6lle oder andere Abgaben gelten, dann tr\u00e4gt der Kunde diese zus\u00e4tzlichen Kosten.<\/p>\n<p>4.2 Bei Auswahl der Zahlungsart \u201ePayPal Rechnung\u201c tritt der Verk\u00e4ufer seine<\/p>\n<p>Zahlungsforderung an PayPal ab. Vor Annahme der Abtretungserkl\u00e4rung des Verk\u00e4ufers f\u00fchrt PayPal unter Verwendung der \u00fcbermittelten Kundendaten eine Bonit\u00e4tspr\u00fcfung durch. Der Verk\u00e4ufer beh\u00e4lt sich vor, dem Kunden die Zahlungsart \u201ePayPal Rechnung\u201c im Falle eines negativen Pr\u00fcfungsergebnisses zu verweigern. Wird die Zahlungsart \u201ePayPal Rechnung\u201c von PayPal zugelassen, hat der Kunde den Rechnungsbetrag innerhalb von 30 Tagen ab Erhalt der Ware an PayPal zu bezahlen, sofern ihm von PayPal kein anderes Zahlungsziel vorgegeben wird. Er kann in diesem Fall nur an PayPal mit schuldbefreiender Wirkung leisten. Der Verk\u00e4ufer bleibt jedoch auch im Falle der Forderungsabtretung zust\u00e4ndig f\u00fcr allgemeine Kundenanfragen z. B. zur Ware, Lieferzeit, Versendung, Retouren, Reklamationen, Widerrufserkl\u00e4rungen und -zusendungen oder Gutschriften. Erg\u00e4nzend gelten die Allgemeinen Nutzungsbedingungen f\u00fcr die Nutzung des Rechnungskaufs von PayPal, einsehbar unter https:\/\/www.paypal.com\/de\/webapps\/mpp\/ua\/pui-terms.<\/p>\n<p>4.3 Bei Auswahl der Zahlungsart SEPA-Lastschrift ist der Rechnungsbetrag nach Erteilung eines SEPA-Lastschriftmandats, nicht jedoch vor Ablauf der Frist f\u00fcr die Vorabinformation zur Zahlung f\u00e4llig. Der Einzug der Lastschrift erfolgt, wenn die bestellte Ware das Lager des Verk\u00e4ufers verl\u00e4sst, nicht jedoch vor Ablauf der Frist f\u00fcr die Vorabinformation. Vorabinformation (\u201cPre-Notification\u201d) ist jede Mitteilung (z.B. Rechnung, Police, Vertrag) des Verk\u00e4ufers an den Kunden, die eine Belastung mittels SEPA-Lastschrift ank\u00fcndigt. Wird die Lastschrift mangels ausreichender Kontodeckung oder aufgrund der Angabe einer falschen Bankverbindung nicht eingel\u00f6st oder widerspricht der Kunde der Abbuchung, obwohl er hierzu nicht berechtigt ist, hat der Kunde die durch die R\u00fcckbuchung des jeweiligen Kreditinstituts entstehenden Geb\u00fchren zu tragen, wenn er dies zu vertreten hat.<\/p>\n<p>4.4 Bei Auswahl der Zahlungsart \u201ePayPal Lastschrift\u201c zieht PayPal den Rechnungsbetrag nach Erteilung eines SEPA-Lastschriftmandats, nicht jedoch vor Ablauf der Frist f\u00fcr die Vorabinformation im Auftrag des Verk\u00e4ufers vom Bankkonto des Kunden ein. Vorabinformation (\u201cPre-Notification\u201d) ist jede Mitteilung (z.B. Rechnung, Police, Vertrag) an den Kunden, die eine Belastung mittels SEPA-Lastschrift ank\u00fcndigt. Wird die Lastschrift mangels ausreichender Kontodeckung oder aufgrund der Angabe einer falschen Bankverbindung nicht eingel\u00f6st oder widerspricht der Kunde der Abbuchung, obwohl er hierzu nicht berechtigt ist, hat der Kunde die durch die R\u00fcckbuchung des jeweiligen Kreditinstituts entstehenden Geb\u00fchren zu tragen, wenn er dies zu vertreten<\/p>\n<p>hat.<\/p>\n<p>5) Liefer- und Versandbedingungen<\/p>\n<p>5.1 Der Verk\u00e4ufer liefert dem Kunden die Ware an die vom Kunden angegeben Lieferanschrift. Der Versender versendet die Pakete mittels DHL. Wir gehen bei den Lieferzeiten stets von den g\u00e4ngigen Laufzeiten von DHL aus. Der Verk\u00e4ufer haftet nicht f\u00fcr Verz\u00f6gerungen durch eine versp\u00e4tete Zustellung auf Grund einer l\u00e4ngeren Versandzeit als \u00fcblich bei DHL.<\/p>\n<p>5.2 Sollte die Zustellung durch das Logistikunternehmen nicht m\u00f6glich sein und aus diesem Grunde die Lieferung zum Verk\u00e4ufer zur\u00fcckkommen, tr\u00e4gt der Kunde die Kosten die durch die R\u00fccksendung entstehen.<\/p>\n<p>6) Eigentumsvorbehalt<\/p>\n<p>Der K\u00e4ufer wird erst mit Bezahlung des vollst\u00e4ndigen Kaufpreis der Eigent\u00fcmer der Ware, bis zu diesem Zeitpunkt, bleibt der Verk\u00e4ufer der Eigent\u00fcmer.<\/p>\n<p>7) M\u00e4ngelhaftung (Gew\u00e4hrleistung)<\/p>\n<p>7.1 F\u00fcr alle M\u00e4ngel an der Waren, gelten die gesetzlichen Vorschriften.<\/p>\n<p>7.2 Transportsch\u00e4den hat der Kunde dem Lieferanten des Logistikunternehmens bei Lieferung zu zeigen und aufzunehmen. Die Vers\u00e4umung einer Reklamation oder der Kontaktaufnahme hat f\u00fcr die gesetzlichen Gew\u00e4hrleistungsrechte des Kunden keinerlei Konsequenzen, hilft dem Verk\u00e4ufer aber, eigene Anspr\u00fcche gegen\u00fcber dem Frachtf\u00fchrer bzw. der Transportversicherung geltend machen zu k\u00f6nnen.<\/p>\n<p>8) Gerichtsstand und geltendes Recht<\/p>\n<p>Der Gerichtsstand ist Darmstadt in Deutschland. Generell findet deutsches Recht Anwendung.<\/p>\n<p>9) Alternative Streitbeilegung<\/p>\n<p>9.1 Die EU-Kommission stellt im Internet unter folgendem Link eine Plattform zur<\/p>\n<p>Online-Streitbeilegung bereit: https:\/\/ec.europa.eu\/consumers\/odr<\/p>\n<p>Diese Plattform dient als Anlaufstelle zur au\u00dfergerichtlichen Beilegung von Streitigkeiten aus Online-Kauf- oder Dienstleistungsvertr\u00e4gen, an denen ein Verbraucher beteiligt ist.<\/p>\n<p>9.2 Der Verk\u00e4ufer ist zur Teilnahme an einem Streitbeilegungsverfahren vor einer Verbraucherschlichtungsstelle weder verpflichtet noch bereit.<\/p>\n<p>10) Salvatorische Klausel<\/p>\n<p>Sollte eine Bestimmung dieser Vereinbarung unwirksam sein, wird die Wirksamkeit der \u00fcbrigen Bestimmungen hiervon nicht ber\u00fchrt.<\/p>\n","protected":false},"excerpt":{"rendered":"<p>AGB Inhaltsverzeichnis Geltungsbereich Vertragsschluss Widerrufsrecht Preise und Zahlungsbedingungen Liefer- und Versandbedingungen Eigentumsvorbehalt M\u00e4ngelhaftung (Gew\u00e4hrleistung) Gerichtsstand Alternative Streitbeilegung Salvatorische Klausel 1) Geltungsbereich 1.1 Vertragspartner f\u00fcr diese Allgemeinen Gesch\u00e4ftsbedingungen (folgend AGB genannt) ist auf der einen Seite die TT global trading UG (haftungsbeschr\u00e4nkt) als Verk\u00e4ufer und auf der anderen Seite ein Verbraucher oder Unternehmen, die nachfolgende jeweils [&hellip;]<\/p>\n","protected":false},"author":1,"featured_media":0,"parent":0,"menu_order":0,"comment_status":"closed","ping_status":"closed","template":"","meta":{"footnotes":""},"class_list":["post-16","page","type-page","status-publish","hentry","post"],"yoast_head":"<!-- This site is optimized with the Yoast SEO plugin v26.6 - https:\/\/yoast.com\/wordpress\/plugins\/seo\/ -->\n<title>AGB - der-Schulbedarf.shop<\/title>\n<meta name=\"robots\" content=\"index, follow, max-snippet:-1, max-image-preview:large, max-video-preview:-1\" \/>\n<link rel=\"canonical\" href=\"https:\/\/der-schulbedarf.shop\/produkt-des-monats\/agb\/\" \/>\n<meta property=\"og:locale\" content=\"de_DE\" \/>\n<meta property=\"og:type\" content=\"article\" \/>\n<meta property=\"og:title\" content=\"AGB - der-Schulbedarf.shop\" \/>\n<meta property=\"og:description\" content=\"AGB Inhaltsverzeichnis Geltungsbereich Vertragsschluss Widerrufsrecht Preise und Zahlungsbedingungen Liefer- und Versandbedingungen Eigentumsvorbehalt M\u00e4ngelhaftung (Gew\u00e4hrleistung) Gerichtsstand Alternative Streitbeilegung Salvatorische Klausel 1) Geltungsbereich 1.1 Vertragspartner f\u00fcr diese Allgemeinen Gesch\u00e4ftsbedingungen (folgend AGB genannt) ist auf der einen Seite die TT global trading UG (haftungsbeschr\u00e4nkt) als Verk\u00e4ufer und auf der anderen Seite ein Verbraucher oder Unternehmen, die nachfolgende jeweils [&hellip;]\" \/>\n<meta property=\"og:url\" content=\"https:\/\/der-schulbedarf.shop\/produkt-des-monats\/agb\/\" \/>\n<meta property=\"og:site_name\" content=\"der-Schulbedarf.shop\" \/>\n<meta property=\"article:modified_time\" content=\"2024-03-25T10:34:28+00:00\" \/>\n<meta name=\"twitter:card\" content=\"summary_large_image\" \/>\n<meta name=\"twitter:label1\" content=\"Gesch\u00e4tzte Lesezeit\" \/>\n\t<meta name=\"twitter:data1\" content=\"7\u00a0Minuten\" \/>\n<script type=\"application\/ld+json\" class=\"yoast-schema-graph\">{\"@context\":\"https:\/\/schema.org\",\"@graph\":[{\"@type\":\"WebPage\",\"@id\":\"https:\/\/der-schulbedarf.shop\/produkt-des-monats\/agb\/\",\"url\":\"https:\/\/der-schulbedarf.shop\/produkt-des-monats\/agb\/\",\"name\":\"AGB - der-Schulbedarf.shop\",\"isPartOf\":{\"@id\":\"https:\/\/der-schulbedarf.shop\/produkt-des-monats\/#website\"},\"datePublished\":\"2023-01-12T13:46:25+00:00\",\"dateModified\":\"2024-03-25T10:34:28+00:00\",\"inLanguage\":\"de\",\"potentialAction\":[{\"@type\":\"ReadAction\",\"target\":[\"https:\/\/der-schulbedarf.shop\/produkt-des-monats\/agb\/\"]}]},{\"@type\":\"WebSite\",\"@id\":\"https:\/\/der-schulbedarf.shop\/produkt-des-monats\/#website\",\"url\":\"https:\/\/der-schulbedarf.shop\/produkt-des-monats\/\",\"name\":\"der-Schulbedarf.shop\",\"description\":\"\",\"publisher\":{\"@id\":\"https:\/\/der-schulbedarf.shop\/produkt-des-monats\/#organization\"},\"potentialAction\":[{\"@type\":\"SearchAction\",\"target\":{\"@type\":\"EntryPoint\",\"urlTemplate\":\"https:\/\/der-schulbedarf.shop\/produkt-des-monats\/?s={search_term_string}\"},\"query-input\":{\"@type\":\"PropertyValueSpecification\",\"valueRequired\":true,\"valueName\":\"search_term_string\"}}],\"inLanguage\":\"de\"},{\"@type\":\"Organization\",\"@id\":\"https:\/\/der-schulbedarf.shop\/produkt-des-monats\/#organization\",\"name\":\"der-Schulbedarf.shop\",\"url\":\"https:\/\/der-schulbedarf.shop\/produkt-des-monats\/\",\"logo\":{\"@type\":\"ImageObject\",\"inLanguage\":\"de\",\"@id\":\"https:\/\/der-schulbedarf.shop\/produkt-des-monats\/#\/schema\/logo\/image\/\",\"url\":\"https:\/\/der-schulbedarf.shop\/wp-content\/uploads\/2024\/02\/grafik-e1709551115899.png\",\"contentUrl\":\"https:\/\/der-schulbedarf.shop\/wp-content\/uploads\/2024\/02\/grafik-e1709551115899.png\",\"width\":80,\"height\":80,\"caption\":\"der-Schulbedarf.shop\"},\"image\":{\"@id\":\"https:\/\/der-schulbedarf.shop\/produkt-des-monats\/#\/schema\/logo\/image\/\"}}]}<\/script>\n<!-- \/ Yoast SEO plugin. -->","yoast_head_json":{"title":"AGB - der-Schulbedarf.shop","robots":{"index":"index","follow":"follow","max-snippet":"max-snippet:-1","max-image-preview":"max-image-preview:large","max-video-preview":"max-video-preview:-1"},"canonical":"https:\/\/der-schulbedarf.shop\/produkt-des-monats\/agb\/","og_locale":"de_DE","og_type":"article","og_title":"AGB - der-Schulbedarf.shop","og_description":"AGB Inhaltsverzeichnis Geltungsbereich Vertragsschluss Widerrufsrecht Preise und Zahlungsbedingungen Liefer- und Versandbedingungen Eigentumsvorbehalt M\u00e4ngelhaftung (Gew\u00e4hrleistung) Gerichtsstand Alternative Streitbeilegung Salvatorische Klausel 1) Geltungsbereich 1.1 Vertragspartner f\u00fcr diese Allgemeinen Gesch\u00e4ftsbedingungen (folgend AGB genannt) ist auf der einen Seite die TT global trading UG (haftungsbeschr\u00e4nkt) als Verk\u00e4ufer und auf der anderen Seite ein Verbraucher oder Unternehmen, die nachfolgende jeweils [&hellip;]","og_url":"https:\/\/der-schulbedarf.shop\/produkt-des-monats\/agb\/","og_site_name":"der-Schulbedarf.shop","article_modified_time":"2024-03-25T10:34:28+00:00","twitter_card":"summary_large_image","twitter_misc":{"Gesch\u00e4tzte Lesezeit":"7\u00a0Minuten"},"schema":{"@context":"https:\/\/schema.org","@graph":[{"@type":"WebPage","@id":"https:\/\/der-schulbedarf.shop\/produkt-des-monats\/agb\/","url":"https:\/\/der-schulbedarf.shop\/produkt-des-monats\/agb\/","name":"AGB - der-Schulbedarf.shop","isPartOf":{"@id":"https:\/\/der-schulbedarf.shop\/produkt-des-monats\/#website"},"datePublished":"2023-01-12T13:46:25+00:00","dateModified":"2024-03-25T10:34:28+00:00","inLanguage":"de","potentialAction":[{"@type":"ReadAction","target":["https:\/\/der-schulbedarf.shop\/produkt-des-monats\/agb\/"]}]},{"@type":"WebSite","@id":"https:\/\/der-schulbedarf.shop\/produkt-des-monats\/#website","url":"https:\/\/der-schulbedarf.shop\/produkt-des-monats\/","name":"der-Schulbedarf.shop","description":"","publisher":{"@id":"https:\/\/der-schulbedarf.shop\/produkt-des-monats\/#organization"},"potentialAction":[{"@type":"SearchAction","target":{"@type":"EntryPoint","urlTemplate":"https:\/\/der-schulbedarf.shop\/produkt-des-monats\/?s={search_term_string}"},"query-input":{"@type":"PropertyValueSpecification","valueRequired":true,"valueName":"search_term_string"}}],"inLanguage":"de"},{"@type":"Organization","@id":"https:\/\/der-schulbedarf.shop\/produkt-des-monats\/#organization","name":"der-Schulbedarf.shop","url":"https:\/\/der-schulbedarf.shop\/produkt-des-monats\/","logo":{"@type":"ImageObject","inLanguage":"de","@id":"https:\/\/der-schulbedarf.shop\/produkt-des-monats\/#\/schema\/logo\/image\/","url":"https:\/\/der-schulbedarf.shop\/wp-content\/uploads\/2024\/02\/grafik-e1709551115899.png","contentUrl":"https:\/\/der-schulbedarf.shop\/wp-content\/uploads\/2024\/02\/grafik-e1709551115899.png","width":80,"height":80,"caption":"der-Schulbedarf.shop"},"image":{"@id":"https:\/\/der-schulbedarf.shop\/produkt-des-monats\/#\/schema\/logo\/image\/"}}]}},"_links":{"self":[{"href":"https:\/\/der-schulbedarf.shop\/produkt-des-monats\/wp-json\/wp\/v2\/pages\/16","targetHints":{"allow":["GET"]}}],"collection":[{"href":"https:\/\/der-schulbedarf.shop\/produkt-des-monats\/wp-json\/wp\/v2\/pages"}],"about":[{"href":"https:\/\/der-schulbedarf.shop\/produkt-des-monats\/wp-json\/wp\/v2\/types\/page"}],"author":[{"embeddable":true,"href":"https:\/\/der-schulbedarf.shop\/produkt-des-monats\/wp-json\/wp\/v2\/users\/1"}],"replies":[{"embeddable":true,"href":"https:\/\/der-schulbedarf.shop\/produkt-des-monats\/wp-json\/wp\/v2\/comments?post=16"}],"version-history":[{"count":3,"href":"https:\/\/der-schulbedarf.shop\/produkt-des-monats\/wp-json\/wp\/v2\/pages\/16\/revisions"}],"predecessor-version":[{"id":3282,"href":"https:\/\/der-schulbedarf.shop\/produkt-des-monats\/wp-json\/wp\/v2\/pages\/16\/revisions\/3282"}],"wp:attachment":[{"href":"https:\/\/der-schulbedarf.shop\/produkt-des-monats\/wp-json\/wp\/v2\/media?parent=16"}],"curies":[{"name":"wp","href":"https:\/\/api.w.org\/{rel}","templated":true}]}}