{"id":40,"date":"2023-01-12T14:13:38","date_gmt":"2023-01-12T14:13:38","guid":{"rendered":"https:\/\/der-schulbedarf.Shop\/?page_id=40"},"modified":"2024-05-14T09:22:56","modified_gmt":"2024-05-14T09:22:56","slug":"widerrufsrecht","status":"publish","type":"page","link":"https:\/\/der-schulbedarf.shop\/produkt-des-monats\/widerrufsrecht\/","title":{"rendered":"Widerrufsrecht"},"content":{"rendered":"<div class=\"entry-content\">\n<p><strong>Widerrufsbelehrung &amp; Widerrufsformular<\/strong><\/p>\n<p>Verbrauchern, also jede nat\u00fcrliche Person, die ein Rechtsgesch\u00e4ft zu Zwecken abschlie\u00dft, die \u00fcberwiegend weder ihrer gewerblichen noch selbstst\u00e4ndigen T\u00e4tigkeit zuzurechnen ist, steht ein Widerrufsrecht zu. Das Widerrufsrecht besteht im einzelnen wie folgt:<\/p>\n<p>A. Widerrufsbelehrung<\/p>\n<p>Widerrufsrecht<\/p>\n<p>Verbraucher haben das Recht, binnen 14 Tagen ohne Angabe von Gr\u00fcnden diesen Vertrag zu widerrufen.<\/p>\n<p>Die Widerrufsfrist betr\u00e4gt 14 Tage ab dem Tag, an dem die Ware durch das Logistikunternehmen an Sie zugestellt wurde bzw. in Ihren Besitz gelangt ist.<\/p>\n<p>Um das Widerrufsrecht muss uns eine eindeutige Erkl\u00e4rung \u00fcbermittelt werden. Dies kann per E-Mail oder auf dem Postweg erfolgen. Hierzu kann gerne das Widerrufsformular genutzt werden, dies ist allerdings nicht zwingend notwendig.<\/p>\n<p>Der Widerruf ist zu richten an:<\/p>\n<p>widerruf@tt-global-trading.com<\/p>\n<p>Die Widerrufsfrist ist erf\u00fcllt, wenn die Erkl\u00e4rung vor Ablauf der Frist \u00fcbersendet wurde.<\/p>\n<p>Folgen des Widerrufs<\/p>\n<p>Wenn der Vertrag widerrufen wird, werden wir innerhalb von 14 Tagen s\u00e4mtliche Zahlungen einschlie\u00dflich der Versandkosten erstatten. Dies gilt allerdings nur, wenn wir bis dahin die Ware auch zur\u00fcckhaben, ansonsten umgehend nach R\u00fcckerhalt der Ware. Die R\u00fcckzahlung erfolgt mit dem gleichen Zahlungsmittel, mit dem die urspr\u00fcngliche Zahlung erfolgt ist.<\/p>\n<p>Sp\u00e4testens innerhalb von 14 Tagen nach erfolgten Widerruf ist die Ware an uns zur\u00fcckzusenden. Zur Einhaltung dieser Frist gen\u00fcgt es, wenn die Ware bis zum Ablauf dieser Frist abgesendet wurde. Die Kosten f\u00fcr die R\u00fccksendung tr\u00e4gt der Verbraucher.<\/p>\n<p>Die Ware ist m\u00f6glichst ohne Besch\u00e4digungen und Verunreinigungen in der Originalverpackung zur\u00fcckzusenden. Sollte es die Originalverpackung nicht mehr geben, ist die Ware in einer Art und Weise zu verpacken, dass diese ohne Transportsch\u00e4den bei uns ankommt.<\/p>\n<p>R\u00fccksendeadresse<\/p>\n<p>Die R\u00fccksendeadresse lautet:<\/p>\n<p>TT global trading UG (haftungsbeschr\u00e4nkt)<\/p>\n<p>Dresdener Str. 7<\/p>\n<p>64372 Ober-Ramstadt<\/p>\n<p>B. Widerrufsformular<\/p>\n<p>Wenn Sie den Vertrag widerrufen wollen, dann f\u00fcllen Sie bitte dieses Formular aus und senden es zur\u00fcck.<\/p>\n<p>An<\/p>\n<p>TT global trading UG (haftungsbeschr\u00e4nkt)<\/p>\n<p>Dresdener Str. 7<\/p>\n<p>64372 Ober-Ramstadt<\/p>\n<p>Hiermit widerrufe(n) ich\/wir (*) den von mir\/uns (*) abgeschlossenen Vertrag \u00fcber den Kauf der folgenden Waren (*)\/die Erbringung der folgenden Dienstleistung (*)<\/p>\n<p>_______________________________________________________<\/p>\n<p>_______________________________________________________<\/p>\n<p>Bestellt am (*) ____________ \/ erhalten am (*) __________________<\/p>\n<p>________________________________________________________<\/p>\n<p>Name des\/der Verbraucher(s)<\/p>\n<p>________________________________________________________<\/p>\n<p>Anschrift des\/der Verbraucher(s)<\/p>\n<p>________________________________________________________<\/p>\n<p>Unterschrift des\/der Verbraucher(s) (nur bei Mitteilung auf Papier)<\/p>\n<p>_________________________<\/p>\n<p>Datum<\/p>\n<p>(*) Unzutreffendes streichen<\/p>\n<\/div>\n","protected":false},"excerpt":{"rendered":"<p>Widerrufsbelehrung &amp; Widerrufsformular Verbrauchern, also jede nat\u00fcrliche Person, die ein Rechtsgesch\u00e4ft zu Zwecken abschlie\u00dft, die \u00fcberwiegend weder ihrer gewerblichen noch selbstst\u00e4ndigen T\u00e4tigkeit zuzurechnen ist, steht ein Widerrufsrecht zu. Das Widerrufsrecht besteht im einzelnen wie folgt: A. Widerrufsbelehrung Widerrufsrecht Verbraucher haben das Recht, binnen 14 Tagen ohne Angabe von Gr\u00fcnden diesen Vertrag zu widerrufen. Die Widerrufsfrist [&hellip;]<\/p>\n","protected":false},"author":1,"featured_media":0,"parent":0,"menu_order":0,"comment_status":"closed","ping_status":"closed","template":"","meta":{"footnotes":""},"class_list":["post-40","page","type-page","status-publish","hentry","post"],"yoast_head":"<!-- This site is optimized with the Yoast SEO plugin v26.6 - https:\/\/yoast.com\/wordpress\/plugins\/seo\/ -->\n<title>Widerrufsrecht - der-Schulbedarf.shop<\/title>\n<meta name=\"robots\" content=\"index, follow, max-snippet:-1, max-image-preview:large, max-video-preview:-1\" \/>\n<link rel=\"canonical\" href=\"https:\/\/der-schulbedarf.shop\/produkt-des-monats\/widerrufsrecht\/\" \/>\n<meta property=\"og:locale\" content=\"de_DE\" \/>\n<meta property=\"og:type\" content=\"article\" \/>\n<meta property=\"og:title\" content=\"Widerrufsrecht - der-Schulbedarf.shop\" \/>\n<meta property=\"og:description\" content=\"Widerrufsbelehrung &amp; Widerrufsformular Verbrauchern, also jede nat\u00fcrliche Person, die ein Rechtsgesch\u00e4ft zu Zwecken abschlie\u00dft, die \u00fcberwiegend weder ihrer gewerblichen noch selbstst\u00e4ndigen T\u00e4tigkeit zuzurechnen ist, steht ein Widerrufsrecht zu. Das Widerrufsrecht besteht im einzelnen wie folgt: A. Widerrufsbelehrung Widerrufsrecht Verbraucher haben das Recht, binnen 14 Tagen ohne Angabe von Gr\u00fcnden diesen Vertrag zu widerrufen. Die Widerrufsfrist [&hellip;]\" \/>\n<meta property=\"og:url\" content=\"https:\/\/der-schulbedarf.shop\/produkt-des-monats\/widerrufsrecht\/\" \/>\n<meta property=\"og:site_name\" content=\"der-Schulbedarf.shop\" \/>\n<meta property=\"article:modified_time\" content=\"2024-05-14T09:22:56+00:00\" \/>\n<meta name=\"twitter:card\" content=\"summary_large_image\" \/>\n<meta name=\"twitter:label1\" content=\"Gesch\u00e4tzte Lesezeit\" \/>\n\t<meta name=\"twitter:data1\" content=\"2\u00a0Minuten\" \/>\n<script type=\"application\/ld+json\" class=\"yoast-schema-graph\">{\"@context\":\"https:\/\/schema.org\",\"@graph\":[{\"@type\":\"WebPage\",\"@id\":\"https:\/\/der-schulbedarf.shop\/produkt-des-monats\/widerrufsrecht\/\",\"url\":\"https:\/\/der-schulbedarf.shop\/produkt-des-monats\/widerrufsrecht\/\",\"name\":\"Widerrufsrecht - der-Schulbedarf.shop\",\"isPartOf\":{\"@id\":\"https:\/\/der-schulbedarf.shop\/produkt-des-monats\/#website\"},\"datePublished\":\"2023-01-12T14:13:38+00:00\",\"dateModified\":\"2024-05-14T09:22:56+00:00\",\"inLanguage\":\"de\",\"potentialAction\":[{\"@type\":\"ReadAction\",\"target\":[\"https:\/\/der-schulbedarf.shop\/produkt-des-monats\/widerrufsrecht\/\"]}]},{\"@type\":\"WebSite\",\"@id\":\"https:\/\/der-schulbedarf.shop\/produkt-des-monats\/#website\",\"url\":\"https:\/\/der-schulbedarf.shop\/produkt-des-monats\/\",\"name\":\"der-Schulbedarf.shop\",\"description\":\"\",\"publisher\":{\"@id\":\"https:\/\/der-schulbedarf.shop\/produkt-des-monats\/#organization\"},\"potentialAction\":[{\"@type\":\"SearchAction\",\"target\":{\"@type\":\"EntryPoint\",\"urlTemplate\":\"https:\/\/der-schulbedarf.shop\/produkt-des-monats\/?s={search_term_string}\"},\"query-input\":{\"@type\":\"PropertyValueSpecification\",\"valueRequired\":true,\"valueName\":\"search_term_string\"}}],\"inLanguage\":\"de\"},{\"@type\":\"Organization\",\"@id\":\"https:\/\/der-schulbedarf.shop\/produkt-des-monats\/#organization\",\"name\":\"der-Schulbedarf.shop\",\"url\":\"https:\/\/der-schulbedarf.shop\/produkt-des-monats\/\",\"logo\":{\"@type\":\"ImageObject\",\"inLanguage\":\"de\",\"@id\":\"https:\/\/der-schulbedarf.shop\/produkt-des-monats\/#\/schema\/logo\/image\/\",\"url\":\"https:\/\/der-schulbedarf.shop\/wp-content\/uploads\/2024\/02\/grafik-e1709551115899.png\",\"contentUrl\":\"https:\/\/der-schulbedarf.shop\/wp-content\/uploads\/2024\/02\/grafik-e1709551115899.png\",\"width\":80,\"height\":80,\"caption\":\"der-Schulbedarf.shop\"},\"image\":{\"@id\":\"https:\/\/der-schulbedarf.shop\/produkt-des-monats\/#\/schema\/logo\/image\/\"}}]}<\/script>\n<!-- \/ Yoast SEO plugin. -->","yoast_head_json":{"title":"Widerrufsrecht - der-Schulbedarf.shop","robots":{"index":"index","follow":"follow","max-snippet":"max-snippet:-1","max-image-preview":"max-image-preview:large","max-video-preview":"max-video-preview:-1"},"canonical":"https:\/\/der-schulbedarf.shop\/produkt-des-monats\/widerrufsrecht\/","og_locale":"de_DE","og_type":"article","og_title":"Widerrufsrecht - der-Schulbedarf.shop","og_description":"Widerrufsbelehrung &amp; Widerrufsformular Verbrauchern, also jede nat\u00fcrliche Person, die ein Rechtsgesch\u00e4ft zu Zwecken abschlie\u00dft, die \u00fcberwiegend weder ihrer gewerblichen noch selbstst\u00e4ndigen T\u00e4tigkeit zuzurechnen ist, steht ein Widerrufsrecht zu. Das Widerrufsrecht besteht im einzelnen wie folgt: A. Widerrufsbelehrung Widerrufsrecht Verbraucher haben das Recht, binnen 14 Tagen ohne Angabe von Gr\u00fcnden diesen Vertrag zu widerrufen. Die Widerrufsfrist [&hellip;]","og_url":"https:\/\/der-schulbedarf.shop\/produkt-des-monats\/widerrufsrecht\/","og_site_name":"der-Schulbedarf.shop","article_modified_time":"2024-05-14T09:22:56+00:00","twitter_card":"summary_large_image","twitter_misc":{"Gesch\u00e4tzte Lesezeit":"2\u00a0Minuten"},"schema":{"@context":"https:\/\/schema.org","@graph":[{"@type":"WebPage","@id":"https:\/\/der-schulbedarf.shop\/produkt-des-monats\/widerrufsrecht\/","url":"https:\/\/der-schulbedarf.shop\/produkt-des-monats\/widerrufsrecht\/","name":"Widerrufsrecht - der-Schulbedarf.shop","isPartOf":{"@id":"https:\/\/der-schulbedarf.shop\/produkt-des-monats\/#website"},"datePublished":"2023-01-12T14:13:38+00:00","dateModified":"2024-05-14T09:22:56+00:00","inLanguage":"de","potentialAction":[{"@type":"ReadAction","target":["https:\/\/der-schulbedarf.shop\/produkt-des-monats\/widerrufsrecht\/"]}]},{"@type":"WebSite","@id":"https:\/\/der-schulbedarf.shop\/produkt-des-monats\/#website","url":"https:\/\/der-schulbedarf.shop\/produkt-des-monats\/","name":"der-Schulbedarf.shop","description":"","publisher":{"@id":"https:\/\/der-schulbedarf.shop\/produkt-des-monats\/#organization"},"potentialAction":[{"@type":"SearchAction","target":{"@type":"EntryPoint","urlTemplate":"https:\/\/der-schulbedarf.shop\/produkt-des-monats\/?s={search_term_string}"},"query-input":{"@type":"PropertyValueSpecification","valueRequired":true,"valueName":"search_term_string"}}],"inLanguage":"de"},{"@type":"Organization","@id":"https:\/\/der-schulbedarf.shop\/produkt-des-monats\/#organization","name":"der-Schulbedarf.shop","url":"https:\/\/der-schulbedarf.shop\/produkt-des-monats\/","logo":{"@type":"ImageObject","inLanguage":"de","@id":"https:\/\/der-schulbedarf.shop\/produkt-des-monats\/#\/schema\/logo\/image\/","url":"https:\/\/der-schulbedarf.shop\/wp-content\/uploads\/2024\/02\/grafik-e1709551115899.png","contentUrl":"https:\/\/der-schulbedarf.shop\/wp-content\/uploads\/2024\/02\/grafik-e1709551115899.png","width":80,"height":80,"caption":"der-Schulbedarf.shop"},"image":{"@id":"https:\/\/der-schulbedarf.shop\/produkt-des-monats\/#\/schema\/logo\/image\/"}}]}},"_links":{"self":[{"href":"https:\/\/der-schulbedarf.shop\/produkt-des-monats\/wp-json\/wp\/v2\/pages\/40","targetHints":{"allow":["GET"]}}],"collection":[{"href":"https:\/\/der-schulbedarf.shop\/produkt-des-monats\/wp-json\/wp\/v2\/pages"}],"about":[{"href":"https:\/\/der-schulbedarf.shop\/produkt-des-monats\/wp-json\/wp\/v2\/types\/page"}],"author":[{"embeddable":true,"href":"https:\/\/der-schulbedarf.shop\/produkt-des-monats\/wp-json\/wp\/v2\/users\/1"}],"replies":[{"embeddable":true,"href":"https:\/\/der-schulbedarf.shop\/produkt-des-monats\/wp-json\/wp\/v2\/comments?post=40"}],"version-history":[{"count":1,"href":"https:\/\/der-schulbedarf.shop\/produkt-des-monats\/wp-json\/wp\/v2\/pages\/40\/revisions"}],"predecessor-version":[{"id":3527,"href":"https:\/\/der-schulbedarf.shop\/produkt-des-monats\/wp-json\/wp\/v2\/pages\/40\/revisions\/3527"}],"wp:attachment":[{"href":"https:\/\/der-schulbedarf.shop\/produkt-des-monats\/wp-json\/wp\/v2\/media?parent=40"}],"curies":[{"name":"wp","href":"https:\/\/api.w.org\/{rel}","templated":true}]}}