{"id":42,"date":"2023-01-12T14:14:54","date_gmt":"2023-01-12T14:14:54","guid":{"rendered":"https:\/\/der-schulbedarf.Shop\/?page_id=42"},"modified":"2023-01-17T14:41:12","modified_gmt":"2023-01-17T14:41:12","slug":"rueckgaben","status":"publish","type":"page","link":"https:\/\/der-schulbedarf.shop\/produkt-des-monats\/rueckgaben\/","title":{"rendered":"R\u00fcckgaben"},"content":{"rendered":"<div class=\"entry-content\">\n<p>Unser Anspruch ist es, das unsere Kunden zu jederzeit zufrieden sind. Das bedeutet auch, dass wenn unsere Kunden dies einmal nicht sind selbstverst\u00e4ndlich die entsprechende Waren im Rahmen des <a href=\"https:\/\/www.wein-bier-spirituosen.shop\/l\/withdrawal\">Widerrufsrechts<\/a> die bestellte Ware zur\u00fcck geben k\u00f6nnen.<\/p>\n<p>Die Kosten f\u00fcr den Versand sind vom Kunden zu tragen. Einzelheiten sind der entsprechenden Seite <a href=\"https:\/\/www.wein-bier-spirituosen.shop\/l\/withdrawal\">Widerrufsrecht <\/a>zu entnehmen.<\/p>\n<\/div>\n","protected":false},"excerpt":{"rendered":"<p>Unser Anspruch ist es, das unsere Kunden zu jederzeit zufrieden sind. Das bedeutet auch, dass wenn unsere Kunden dies einmal nicht sind selbstverst\u00e4ndlich die entsprechende Waren im Rahmen des Widerrufsrechts die bestellte Ware zur\u00fcck geben k\u00f6nnen. Die Kosten f\u00fcr den Versand sind vom Kunden zu tragen. Einzelheiten sind der entsprechenden Seite Widerrufsrecht zu entnehmen.<\/p>\n","protected":false},"author":1,"featured_media":0,"parent":0,"menu_order":0,"comment_status":"closed","ping_status":"closed","template":"","meta":{"footnotes":""},"class_list":["post-42","page","type-page","status-publish","hentry","post"],"yoast_head":"<!-- This site is optimized with the Yoast SEO plugin v26.6 - https:\/\/yoast.com\/wordpress\/plugins\/seo\/ -->\n<title>R\u00fcckgaben - der-Schulbedarf.shop<\/title>\n<meta name=\"robots\" content=\"index, follow, max-snippet:-1, max-image-preview:large, max-video-preview:-1\" \/>\n<link rel=\"canonical\" href=\"https:\/\/der-schulbedarf.shop\/produkt-des-monats\/rueckgaben\/\" \/>\n<meta property=\"og:locale\" content=\"de_DE\" \/>\n<meta property=\"og:type\" content=\"article\" \/>\n<meta property=\"og:title\" content=\"R\u00fcckgaben - der-Schulbedarf.shop\" \/>\n<meta property=\"og:description\" content=\"Unser Anspruch ist es, das unsere Kunden zu jederzeit zufrieden sind. Das bedeutet auch, dass wenn unsere Kunden dies einmal nicht sind selbstverst\u00e4ndlich die entsprechende Waren im Rahmen des Widerrufsrechts die bestellte Ware zur\u00fcck geben k\u00f6nnen. Die Kosten f\u00fcr den Versand sind vom Kunden zu tragen. Einzelheiten sind der entsprechenden Seite Widerrufsrecht zu entnehmen.\" \/>\n<meta property=\"og:url\" content=\"https:\/\/der-schulbedarf.shop\/produkt-des-monats\/rueckgaben\/\" \/>\n<meta property=\"og:site_name\" content=\"der-Schulbedarf.shop\" \/>\n<meta property=\"article:modified_time\" content=\"2023-01-17T14:41:12+00:00\" \/>\n<meta name=\"twitter:card\" content=\"summary_large_image\" \/>\n<script type=\"application\/ld+json\" class=\"yoast-schema-graph\">{\"@context\":\"https:\/\/schema.org\",\"@graph\":[{\"@type\":\"WebPage\",\"@id\":\"https:\/\/der-schulbedarf.shop\/produkt-des-monats\/rueckgaben\/\",\"url\":\"https:\/\/der-schulbedarf.shop\/produkt-des-monats\/rueckgaben\/\",\"name\":\"R\u00fcckgaben - der-Schulbedarf.shop\",\"isPartOf\":{\"@id\":\"https:\/\/der-schulbedarf.shop\/produkt-des-monats\/#website\"},\"datePublished\":\"2023-01-12T14:14:54+00:00\",\"dateModified\":\"2023-01-17T14:41:12+00:00\",\"inLanguage\":\"de\",\"potentialAction\":[{\"@type\":\"ReadAction\",\"target\":[\"https:\/\/der-schulbedarf.shop\/produkt-des-monats\/rueckgaben\/\"]}]},{\"@type\":\"WebSite\",\"@id\":\"https:\/\/der-schulbedarf.shop\/produkt-des-monats\/#website\",\"url\":\"https:\/\/der-schulbedarf.shop\/produkt-des-monats\/\",\"name\":\"der-Schulbedarf.shop\",\"description\":\"\",\"publisher\":{\"@id\":\"https:\/\/der-schulbedarf.shop\/produkt-des-monats\/#organization\"},\"potentialAction\":[{\"@type\":\"SearchAction\",\"target\":{\"@type\":\"EntryPoint\",\"urlTemplate\":\"https:\/\/der-schulbedarf.shop\/produkt-des-monats\/?s={search_term_string}\"},\"query-input\":{\"@type\":\"PropertyValueSpecification\",\"valueRequired\":true,\"valueName\":\"search_term_string\"}}],\"inLanguage\":\"de\"},{\"@type\":\"Organization\",\"@id\":\"https:\/\/der-schulbedarf.shop\/produkt-des-monats\/#organization\",\"name\":\"der-Schulbedarf.shop\",\"url\":\"https:\/\/der-schulbedarf.shop\/produkt-des-monats\/\",\"logo\":{\"@type\":\"ImageObject\",\"inLanguage\":\"de\",\"@id\":\"https:\/\/der-schulbedarf.shop\/produkt-des-monats\/#\/schema\/logo\/image\/\",\"url\":\"https:\/\/der-schulbedarf.shop\/wp-content\/uploads\/2024\/02\/grafik-e1709551115899.png\",\"contentUrl\":\"https:\/\/der-schulbedarf.shop\/wp-content\/uploads\/2024\/02\/grafik-e1709551115899.png\",\"width\":80,\"height\":80,\"caption\":\"der-Schulbedarf.shop\"},\"image\":{\"@id\":\"https:\/\/der-schulbedarf.shop\/produkt-des-monats\/#\/schema\/logo\/image\/\"}}]}<\/script>\n<!-- \/ Yoast SEO plugin. -->","yoast_head_json":{"title":"R\u00fcckgaben - der-Schulbedarf.shop","robots":{"index":"index","follow":"follow","max-snippet":"max-snippet:-1","max-image-preview":"max-image-preview:large","max-video-preview":"max-video-preview:-1"},"canonical":"https:\/\/der-schulbedarf.shop\/produkt-des-monats\/rueckgaben\/","og_locale":"de_DE","og_type":"article","og_title":"R\u00fcckgaben - der-Schulbedarf.shop","og_description":"Unser Anspruch ist es, das unsere Kunden zu jederzeit zufrieden sind. Das bedeutet auch, dass wenn unsere Kunden dies einmal nicht sind selbstverst\u00e4ndlich die entsprechende Waren im Rahmen des Widerrufsrechts die bestellte Ware zur\u00fcck geben k\u00f6nnen. Die Kosten f\u00fcr den Versand sind vom Kunden zu tragen. Einzelheiten sind der entsprechenden Seite Widerrufsrecht zu entnehmen.","og_url":"https:\/\/der-schulbedarf.shop\/produkt-des-monats\/rueckgaben\/","og_site_name":"der-Schulbedarf.shop","article_modified_time":"2023-01-17T14:41:12+00:00","twitter_card":"summary_large_image","schema":{"@context":"https:\/\/schema.org","@graph":[{"@type":"WebPage","@id":"https:\/\/der-schulbedarf.shop\/produkt-des-monats\/rueckgaben\/","url":"https:\/\/der-schulbedarf.shop\/produkt-des-monats\/rueckgaben\/","name":"R\u00fcckgaben - der-Schulbedarf.shop","isPartOf":{"@id":"https:\/\/der-schulbedarf.shop\/produkt-des-monats\/#website"},"datePublished":"2023-01-12T14:14:54+00:00","dateModified":"2023-01-17T14:41:12+00:00","inLanguage":"de","potentialAction":[{"@type":"ReadAction","target":["https:\/\/der-schulbedarf.shop\/produkt-des-monats\/rueckgaben\/"]}]},{"@type":"WebSite","@id":"https:\/\/der-schulbedarf.shop\/produkt-des-monats\/#website","url":"https:\/\/der-schulbedarf.shop\/produkt-des-monats\/","name":"der-Schulbedarf.shop","description":"","publisher":{"@id":"https:\/\/der-schulbedarf.shop\/produkt-des-monats\/#organization"},"potentialAction":[{"@type":"SearchAction","target":{"@type":"EntryPoint","urlTemplate":"https:\/\/der-schulbedarf.shop\/produkt-des-monats\/?s={search_term_string}"},"query-input":{"@type":"PropertyValueSpecification","valueRequired":true,"valueName":"search_term_string"}}],"inLanguage":"de"},{"@type":"Organization","@id":"https:\/\/der-schulbedarf.shop\/produkt-des-monats\/#organization","name":"der-Schulbedarf.shop","url":"https:\/\/der-schulbedarf.shop\/produkt-des-monats\/","logo":{"@type":"ImageObject","inLanguage":"de","@id":"https:\/\/der-schulbedarf.shop\/produkt-des-monats\/#\/schema\/logo\/image\/","url":"https:\/\/der-schulbedarf.shop\/wp-content\/uploads\/2024\/02\/grafik-e1709551115899.png","contentUrl":"https:\/\/der-schulbedarf.shop\/wp-content\/uploads\/2024\/02\/grafik-e1709551115899.png","width":80,"height":80,"caption":"der-Schulbedarf.shop"},"image":{"@id":"https:\/\/der-schulbedarf.shop\/produkt-des-monats\/#\/schema\/logo\/image\/"}}]}},"_links":{"self":[{"href":"https:\/\/der-schulbedarf.shop\/produkt-des-monats\/wp-json\/wp\/v2\/pages\/42","targetHints":{"allow":["GET"]}}],"collection":[{"href":"https:\/\/der-schulbedarf.shop\/produkt-des-monats\/wp-json\/wp\/v2\/pages"}],"about":[{"href":"https:\/\/der-schulbedarf.shop\/produkt-des-monats\/wp-json\/wp\/v2\/types\/page"}],"author":[{"embeddable":true,"href":"https:\/\/der-schulbedarf.shop\/produkt-des-monats\/wp-json\/wp\/v2\/users\/1"}],"replies":[{"embeddable":true,"href":"https:\/\/der-schulbedarf.shop\/produkt-des-monats\/wp-json\/wp\/v2\/comments?post=42"}],"version-history":[{"count":0,"href":"https:\/\/der-schulbedarf.shop\/produkt-des-monats\/wp-json\/wp\/v2\/pages\/42\/revisions"}],"wp:attachment":[{"href":"https:\/\/der-schulbedarf.shop\/produkt-des-monats\/wp-json\/wp\/v2\/media?parent=42"}],"curies":[{"name":"wp","href":"https:\/\/api.w.org\/{rel}","templated":true}]}}