{"id":1040,"date":"2023-06-12T12:25:16","date_gmt":"2023-06-12T12:25:16","guid":{"rendered":"https:\/\/der-schulbedarf.Shop\/?post_type=product&#038;p=1040"},"modified":"2026-03-31T09:29:09","modified_gmt":"2026-03-31T09:29:09","slug":"leserabe-2-lesestufe-flos-fabelhafte-fahrrad-werkstatt","status":"publish","type":"product","link":"https:\/\/der-schulbedarf.shop\/produkt-des-monats\/produkt\/leserabe-2-lesestufe-flos-fabelhafte-fahrrad-werkstatt\/","title":{"rendered":"Leserabe &#8211; 2. Lesestufe: Flos fabelhafte Fahrrad-Werkstatt"},"content":{"rendered":"<p>Flo verbringt die Ferien bei Oma. Leider kann er sein Fahrrad nicht mitnehmen \u2013 das findet Flo richtig bl\u00f6d. Umso spannender findet er, was sich in Omas Schuppen verbirgt &#8230;<\/p>\n<p>Die Kinderb\u00fccher der Reihe Leserabe \u2013 2. Lesestufe wurden mit P\u00e4dagogen entwickelt und richten sich an fortgeschrittene Erstleser ab der 2. Klasse. Spannende Geschichten in Fibelschrift wecken die Lesemotivation von M\u00e4dchen und Jungen ab 7 Jahren. Durch Verst\u00e4ndnisfragen zum Text wird das Gelesene spielerisch \u00fcberpr\u00fcft.<\/p>\n<p>Empfohlen von Stiftung Lesen, gelistet bei Antolin.<\/p>\n<p>&nbsp;<\/p>\n","protected":false},"excerpt":{"rendered":"<p>Flo verbringt die Ferien bei Oma. Leider kann er sein Fahrrad nicht mitnehmen \u2013 das findet Flo richtig bl\u00f6d. Umso spannender findet er, was sich in Omas Schuppen verbirgt &#8230; Die Kinderb\u00fccher der Reihe Leserabe \u2013 2. Lesestufe wurden mit P\u00e4dagogen entwickelt und richten sich an fortgeschrittene Erstleser ab der 2. Klasse. Spannende Geschichten in [&hellip;]<\/p>\n","protected":false},"featured_media":2022,"comment_status":"open","ping_status":"closed","template":"","meta":[],"product_cat":[900,224,944,225],"product_tag":[221,558,192,554,111,200,201,557,196,197,195,549,552,214,359,115,223,114,113,548,112,547,198,181,202,179,551,550,556,555,553],"class_list":{"0":"post-1040","1":"product","2":"type-product","3":"status-publish","4":"has-post-thumbnail","6":"product_cat-2-klasse","7":"product_cat-kinderbuecher","8":"product_cat-produktzufuehrung-geizhal","9":"product_cat-ravensburger-kinderbuecher","10":"product_tag-2-klasse","11":"product_tag-2-lesestufe","12":"product_tag-antolin","13":"product_tag-basteln","14":"product_tag-beschaeftigung","15":"product_tag-buch","16":"product_tag-buecher","17":"product_tag-enkel","18":"product_tag-erstlesebuch","19":"product_tag-erstlesebuecher","20":"product_tag-erstleser","21":"product_tag-erstleser-jungen-2-klasse","22":"product_tag-fahrrad","23":"product_tag-familie","24":"product_tag-ferien","25":"product_tag-fuer-jungen","26":"product_tag-fuer-kinder-ab-7-jahre","27":"product_tag-fuer-maedchen","28":"product_tag-geschenk","29":"product_tag-geschenk-jungen-7-jahre","30":"product_tag-geschenkidee","31":"product_tag-jungen-geschenke-7-jahre","32":"product_tag-kinderbuch","33":"product_tag-kinderbuecher","34":"product_tag-lesen","35":"product_tag-lesen-lernen","36":"product_tag-lesen-lernen-2-klasse-jungen","37":"product_tag-leserabe-2-klasse","38":"product_tag-oma","39":"product_tag-reparieren","40":"product_tag-werkstatt","41":"post","42":"post-with-thumbnail","43":"post-with-thumbnail-large","45":"first","46":"outofstock","47":"taxable","48":"shipping-taxable","49":"purchasable","50":"product-type-simple"},"yoast_head":"<!-- This site is optimized with the Yoast SEO plugin v26.6 - https:\/\/yoast.com\/wordpress\/plugins\/seo\/ -->\n<title>Leserabe -Flos fabelhafte Fahrrad-Werkstatt<\/title>\n<meta name=\"description\" content=\"Leserabe -Flos fabelhafte Fahrrad-Werkstatt. Flo und der fabelhafte Fahrradschuppen seiner Oma. F\u00fcr Kinder ab 7 Jahren. Von P\u00e4dagogen entwickelt.\" \/>\n<meta name=\"robots\" content=\"index, follow, max-snippet:-1, max-image-preview:large, max-video-preview:-1\" \/>\n<link rel=\"canonical\" href=\"https:\/\/der-schulbedarf.shop\/produkt-des-monats\/produkt\/leserabe-2-lesestufe-flos-fabelhafte-fahrrad-werkstatt\/\" \/>\n<meta property=\"og:locale\" content=\"de_DE\" \/>\n<meta property=\"og:type\" content=\"article\" \/>\n<meta property=\"og:title\" content=\"Leserabe -Flos fabelhafte Fahrrad-Werkstatt\" \/>\n<meta property=\"og:description\" content=\"Leserabe -Flos fabelhafte Fahrrad-Werkstatt. Flo und der fabelhafte Fahrradschuppen seiner Oma. F\u00fcr Kinder ab 7 Jahren. Von P\u00e4dagogen entwickelt.\" \/>\n<meta property=\"og:url\" content=\"https:\/\/der-schulbedarf.shop\/produkt-des-monats\/produkt\/leserabe-2-lesestufe-flos-fabelhafte-fahrrad-werkstatt\/\" \/>\n<meta property=\"og:site_name\" content=\"der-Schulbedarf.shop\" \/>\n<meta property=\"article:modified_time\" content=\"2026-03-31T09:29:09+00:00\" \/>\n<meta property=\"og:image\" content=\"https:\/\/der-schulbedarf.shop\/wp-content\/uploads\/2023\/06\/46048-720x380-1.webp\" \/>\n\t<meta property=\"og:image:width\" content=\"720\" \/>\n\t<meta property=\"og:image:height\" content=\"380\" \/>\n\t<meta property=\"og:image:type\" content=\"image\/webp\" \/>\n<meta name=\"twitter:card\" content=\"summary_large_image\" \/>\n<meta name=\"twitter:label1\" content=\"Gesch\u00e4tzte Lesezeit\" \/>\n\t<meta name=\"twitter:data1\" content=\"1\u00a0Minute\" \/>\n<script type=\"application\/ld+json\" class=\"yoast-schema-graph\">{\"@context\":\"https:\/\/schema.org\",\"@graph\":[{\"@type\":\"WebPage\",\"@id\":\"https:\/\/der-schulbedarf.shop\/produkt-des-monats\/produkt\/leserabe-2-lesestufe-flos-fabelhafte-fahrrad-werkstatt\/\",\"url\":\"https:\/\/der-schulbedarf.shop\/produkt-des-monats\/produkt\/leserabe-2-lesestufe-flos-fabelhafte-fahrrad-werkstatt\/\",\"name\":\"Leserabe -Flos fabelhafte Fahrrad-Werkstatt\",\"isPartOf\":{\"@id\":\"https:\/\/der-schulbedarf.shop\/produkt-des-monats\/#website\"},\"primaryImageOfPage\":{\"@id\":\"https:\/\/der-schulbedarf.shop\/produkt-des-monats\/produkt\/leserabe-2-lesestufe-flos-fabelhafte-fahrrad-werkstatt\/#primaryimage\"},\"image\":{\"@id\":\"https:\/\/der-schulbedarf.shop\/produkt-des-monats\/produkt\/leserabe-2-lesestufe-flos-fabelhafte-fahrrad-werkstatt\/#primaryimage\"},\"thumbnailUrl\":\"https:\/\/der-schulbedarf.shop\/wp-content\/uploads\/2023\/06\/46048-720x380-1.webp\",\"datePublished\":\"2023-06-12T12:25:16+00:00\",\"dateModified\":\"2026-03-31T09:29:09+00:00\",\"description\":\"Leserabe -Flos fabelhafte Fahrrad-Werkstatt. Flo und der fabelhafte Fahrradschuppen seiner Oma. F\u00fcr Kinder ab 7 Jahren. Von P\u00e4dagogen entwickelt.\",\"breadcrumb\":{\"@id\":\"https:\/\/der-schulbedarf.shop\/produkt-des-monats\/produkt\/leserabe-2-lesestufe-flos-fabelhafte-fahrrad-werkstatt\/#breadcrumb\"},\"inLanguage\":\"de\",\"potentialAction\":[{\"@type\":\"ReadAction\",\"target\":[\"https:\/\/der-schulbedarf.shop\/produkt-des-monats\/produkt\/leserabe-2-lesestufe-flos-fabelhafte-fahrrad-werkstatt\/\"]}]},{\"@type\":\"ImageObject\",\"inLanguage\":\"de\",\"@id\":\"https:\/\/der-schulbedarf.shop\/produkt-des-monats\/produkt\/leserabe-2-lesestufe-flos-fabelhafte-fahrrad-werkstatt\/#primaryimage\",\"url\":\"https:\/\/der-schulbedarf.shop\/wp-content\/uploads\/2023\/06\/46048-720x380-1.webp\",\"contentUrl\":\"https:\/\/der-schulbedarf.shop\/wp-content\/uploads\/2023\/06\/46048-720x380-1.webp\",\"width\":720,\"height\":380,\"caption\":\"Flos fabelhafte Fahrrad-Werkstatt\"},{\"@type\":\"BreadcrumbList\",\"@id\":\"https:\/\/der-schulbedarf.shop\/produkt-des-monats\/produkt\/leserabe-2-lesestufe-flos-fabelhafte-fahrrad-werkstatt\/#breadcrumb\",\"itemListElement\":[{\"@type\":\"ListItem\",\"position\":1,\"name\":\"Shop\",\"item\":\"https:\/\/der-schulbedarf.shop\/produkt-des-monats\/shop\/\"},{\"@type\":\"ListItem\",\"position\":2,\"name\":\"Leserabe &#8211; 2. Lesestufe: Flos fabelhafte Fahrrad-Werkstatt\"}]},{\"@type\":\"WebSite\",\"@id\":\"https:\/\/der-schulbedarf.shop\/produkt-des-monats\/#website\",\"url\":\"https:\/\/der-schulbedarf.shop\/produkt-des-monats\/\",\"name\":\"der-Schulbedarf.shop\",\"description\":\"\",\"publisher\":{\"@id\":\"https:\/\/der-schulbedarf.shop\/produkt-des-monats\/#organization\"},\"potentialAction\":[{\"@type\":\"SearchAction\",\"target\":{\"@type\":\"EntryPoint\",\"urlTemplate\":\"https:\/\/der-schulbedarf.shop\/produkt-des-monats\/?s={search_term_string}\"},\"query-input\":{\"@type\":\"PropertyValueSpecification\",\"valueRequired\":true,\"valueName\":\"search_term_string\"}}],\"inLanguage\":\"de\"},{\"@type\":\"Organization\",\"@id\":\"https:\/\/der-schulbedarf.shop\/produkt-des-monats\/#organization\",\"name\":\"der-Schulbedarf.shop\",\"url\":\"https:\/\/der-schulbedarf.shop\/produkt-des-monats\/\",\"logo\":{\"@type\":\"ImageObject\",\"inLanguage\":\"de\",\"@id\":\"https:\/\/der-schulbedarf.shop\/produkt-des-monats\/#\/schema\/logo\/image\/\",\"url\":\"https:\/\/der-schulbedarf.shop\/wp-content\/uploads\/2024\/02\/grafik-e1709551115899.png\",\"contentUrl\":\"https:\/\/der-schulbedarf.shop\/wp-content\/uploads\/2024\/02\/grafik-e1709551115899.png\",\"width\":80,\"height\":80,\"caption\":\"der-Schulbedarf.shop\"},\"image\":{\"@id\":\"https:\/\/der-schulbedarf.shop\/produkt-des-monats\/#\/schema\/logo\/image\/\"}}]}<\/script>\n<!-- \/ Yoast SEO plugin. -->","yoast_head_json":{"title":"Leserabe -Flos fabelhafte Fahrrad-Werkstatt","description":"Leserabe -Flos fabelhafte Fahrrad-Werkstatt. Flo und der fabelhafte Fahrradschuppen seiner Oma. F\u00fcr Kinder ab 7 Jahren. Von P\u00e4dagogen entwickelt.","robots":{"index":"index","follow":"follow","max-snippet":"max-snippet:-1","max-image-preview":"max-image-preview:large","max-video-preview":"max-video-preview:-1"},"canonical":"https:\/\/der-schulbedarf.shop\/produkt-des-monats\/produkt\/leserabe-2-lesestufe-flos-fabelhafte-fahrrad-werkstatt\/","og_locale":"de_DE","og_type":"article","og_title":"Leserabe -Flos fabelhafte Fahrrad-Werkstatt","og_description":"Leserabe -Flos fabelhafte Fahrrad-Werkstatt. Flo und der fabelhafte Fahrradschuppen seiner Oma. F\u00fcr Kinder ab 7 Jahren. Von P\u00e4dagogen entwickelt.","og_url":"https:\/\/der-schulbedarf.shop\/produkt-des-monats\/produkt\/leserabe-2-lesestufe-flos-fabelhafte-fahrrad-werkstatt\/","og_site_name":"der-Schulbedarf.shop","article_modified_time":"2026-03-31T09:29:09+00:00","og_image":[{"width":720,"height":380,"url":"https:\/\/der-schulbedarf.shop\/wp-content\/uploads\/2023\/06\/46048-720x380-1.webp","type":"image\/webp"}],"twitter_card":"summary_large_image","twitter_misc":{"Gesch\u00e4tzte Lesezeit":"1\u00a0Minute"},"schema":{"@context":"https:\/\/schema.org","@graph":[{"@type":"WebPage","@id":"https:\/\/der-schulbedarf.shop\/produkt-des-monats\/produkt\/leserabe-2-lesestufe-flos-fabelhafte-fahrrad-werkstatt\/","url":"https:\/\/der-schulbedarf.shop\/produkt-des-monats\/produkt\/leserabe-2-lesestufe-flos-fabelhafte-fahrrad-werkstatt\/","name":"Leserabe -Flos fabelhafte Fahrrad-Werkstatt","isPartOf":{"@id":"https:\/\/der-schulbedarf.shop\/produkt-des-monats\/#website"},"primaryImageOfPage":{"@id":"https:\/\/der-schulbedarf.shop\/produkt-des-monats\/produkt\/leserabe-2-lesestufe-flos-fabelhafte-fahrrad-werkstatt\/#primaryimage"},"image":{"@id":"https:\/\/der-schulbedarf.shop\/produkt-des-monats\/produkt\/leserabe-2-lesestufe-flos-fabelhafte-fahrrad-werkstatt\/#primaryimage"},"thumbnailUrl":"https:\/\/der-schulbedarf.shop\/wp-content\/uploads\/2023\/06\/46048-720x380-1.webp","datePublished":"2023-06-12T12:25:16+00:00","dateModified":"2026-03-31T09:29:09+00:00","description":"Leserabe -Flos fabelhafte Fahrrad-Werkstatt. Flo und der fabelhafte Fahrradschuppen seiner Oma. F\u00fcr Kinder ab 7 Jahren. Von P\u00e4dagogen entwickelt.","breadcrumb":{"@id":"https:\/\/der-schulbedarf.shop\/produkt-des-monats\/produkt\/leserabe-2-lesestufe-flos-fabelhafte-fahrrad-werkstatt\/#breadcrumb"},"inLanguage":"de","potentialAction":[{"@type":"ReadAction","target":["https:\/\/der-schulbedarf.shop\/produkt-des-monats\/produkt\/leserabe-2-lesestufe-flos-fabelhafte-fahrrad-werkstatt\/"]}]},{"@type":"ImageObject","inLanguage":"de","@id":"https:\/\/der-schulbedarf.shop\/produkt-des-monats\/produkt\/leserabe-2-lesestufe-flos-fabelhafte-fahrrad-werkstatt\/#primaryimage","url":"https:\/\/der-schulbedarf.shop\/wp-content\/uploads\/2023\/06\/46048-720x380-1.webp","contentUrl":"https:\/\/der-schulbedarf.shop\/wp-content\/uploads\/2023\/06\/46048-720x380-1.webp","width":720,"height":380,"caption":"Flos fabelhafte Fahrrad-Werkstatt"},{"@type":"BreadcrumbList","@id":"https:\/\/der-schulbedarf.shop\/produkt-des-monats\/produkt\/leserabe-2-lesestufe-flos-fabelhafte-fahrrad-werkstatt\/#breadcrumb","itemListElement":[{"@type":"ListItem","position":1,"name":"Shop","item":"https:\/\/der-schulbedarf.shop\/produkt-des-monats\/shop\/"},{"@type":"ListItem","position":2,"name":"Leserabe &#8211; 2. Lesestufe: Flos fabelhafte Fahrrad-Werkstatt"}]},{"@type":"WebSite","@id":"https:\/\/der-schulbedarf.shop\/produkt-des-monats\/#website","url":"https:\/\/der-schulbedarf.shop\/produkt-des-monats\/","name":"der-Schulbedarf.shop","description":"","publisher":{"@id":"https:\/\/der-schulbedarf.shop\/produkt-des-monats\/#organization"},"potentialAction":[{"@type":"SearchAction","target":{"@type":"EntryPoint","urlTemplate":"https:\/\/der-schulbedarf.shop\/produkt-des-monats\/?s={search_term_string}"},"query-input":{"@type":"PropertyValueSpecification","valueRequired":true,"valueName":"search_term_string"}}],"inLanguage":"de"},{"@type":"Organization","@id":"https:\/\/der-schulbedarf.shop\/produkt-des-monats\/#organization","name":"der-Schulbedarf.shop","url":"https:\/\/der-schulbedarf.shop\/produkt-des-monats\/","logo":{"@type":"ImageObject","inLanguage":"de","@id":"https:\/\/der-schulbedarf.shop\/produkt-des-monats\/#\/schema\/logo\/image\/","url":"https:\/\/der-schulbedarf.shop\/wp-content\/uploads\/2024\/02\/grafik-e1709551115899.png","contentUrl":"https:\/\/der-schulbedarf.shop\/wp-content\/uploads\/2024\/02\/grafik-e1709551115899.png","width":80,"height":80,"caption":"der-Schulbedarf.shop"},"image":{"@id":"https:\/\/der-schulbedarf.shop\/produkt-des-monats\/#\/schema\/logo\/image\/"}}]}},"_links":{"self":[{"href":"https:\/\/der-schulbedarf.shop\/produkt-des-monats\/wp-json\/wp\/v2\/product\/1040","targetHints":{"allow":["GET"]}}],"collection":[{"href":"https:\/\/der-schulbedarf.shop\/produkt-des-monats\/wp-json\/wp\/v2\/product"}],"about":[{"href":"https:\/\/der-schulbedarf.shop\/produkt-des-monats\/wp-json\/wp\/v2\/types\/product"}],"replies":[{"embeddable":true,"href":"https:\/\/der-schulbedarf.shop\/produkt-des-monats\/wp-json\/wp\/v2\/comments?post=1040"}],"wp:featuredmedia":[{"embeddable":true,"href":"https:\/\/der-schulbedarf.shop\/produkt-des-monats\/wp-json\/wp\/v2\/media\/2022"}],"wp:attachment":[{"href":"https:\/\/der-schulbedarf.shop\/produkt-des-monats\/wp-json\/wp\/v2\/media?parent=1040"}],"wp:term":[{"taxonomy":"product_cat","embeddable":true,"href":"https:\/\/der-schulbedarf.shop\/produkt-des-monats\/wp-json\/wp\/v2\/product_cat?post=1040"},{"taxonomy":"product_tag","embeddable":true,"href":"https:\/\/der-schulbedarf.shop\/produkt-des-monats\/wp-json\/wp\/v2\/product_tag?post=1040"}],"curies":[{"name":"wp","href":"https:\/\/api.w.org\/{rel}","templated":true}]}}