{"id":1055,"date":"2023-06-08T08:38:04","date_gmt":"2023-06-08T08:38:04","guid":{"rendered":"https:\/\/der-schulbedarf.Shop\/?post_type=product&#038;p=1055"},"modified":"2024-11-28T09:19:00","modified_gmt":"2024-11-28T09:19:00","slug":"leserabe-mit-mildenberger-silbenmethode-pimpinella-meerprinzessin-und-der-delfin","status":"publish","type":"product","link":"https:\/\/der-schulbedarf.shop\/produkt-des-monats\/produkt\/leserabe-mit-mildenberger-silbenmethode-pimpinella-meerprinzessin-und-der-delfin\/","title":{"rendered":"Leserabe mit Mildenberger Silbenmethode: Pimpinella Meerprinzessin und der Delfin"},"content":{"rendered":"<p>Pimpinella, die kleine Meerprinzessin, lebt in einem Muschelschloss auf dem Meeresboden. Mit dem kleinen Delfin Tule stolpert sie &#8211; Fischschwanz voraus &#8211; in ein turbulentes Unterwasserabenteuer.<\/p>\n<p>Die Kinderb\u00fccher der Reihe Leserabe wurden mit P\u00e4dagogen entwickelt und richten sich sowohl an Leseanf\u00e4nger ab der 1. Klasse als auch an fortgeschrittene Erstleser ab der 2. Klasse. Die original Mildenberger Silbenmethode f\u00f6rdert die Lesekompetenz: Silben in Blau und Rot helfen beim Lesenlernen und verbessern nachweislich die Rechtschreibung.<\/p>\n","protected":false},"excerpt":{"rendered":"<p>Pimpinella, die kleine Meerprinzessin, lebt in einem Muschelschloss auf dem Meeresboden. Mit dem kleinen Delfin Tule stolpert sie &#8211; Fischschwanz voraus &#8211; in ein turbulentes Unterwasserabenteuer. Die Kinderb\u00fccher der Reihe Leserabe wurden mit P\u00e4dagogen entwickelt und richten sich sowohl an Leseanf\u00e4nger ab der 1. Klasse als auch an fortgeschrittene Erstleser ab der 2. Klasse. Die [&hellip;]<\/p>\n","protected":false},"featured_media":2470,"comment_status":"open","ping_status":"closed","template":"","meta":[],"product_cat":[899,900,224,915,944,225],"product_tag":[192,111,200,201,218,196,197,195,546,190,115,199,114,113,210,112,198,181,202,179,194,272,545,306,335,193,180,544,249,215,177,178],"class_list":{"0":"post-1055","1":"product","2":"type-product","3":"status-publish","4":"has-post-thumbnail","6":"product_cat-1-klasse","7":"product_cat-2-klasse","8":"product_cat-kinderbuecher","9":"product_cat-produkt-feeds","10":"product_cat-produktzufuehrung-geizhal","11":"product_cat-ravensburger-kinderbuecher","12":"product_tag-antolin","13":"product_tag-beschaeftigung","14":"product_tag-buch","15":"product_tag-buecher","16":"product_tag-delfin","17":"product_tag-erstlesebuch","18":"product_tag-erstlesebuecher","19":"product_tag-erstleser","20":"product_tag-flosse","21":"product_tag-freundschaft","22":"product_tag-fuer-jungen","23":"product_tag-fuer-kinder-ab-6-jahre","24":"product_tag-fuer-maedchen","25":"product_tag-geschenk","26":"product_tag-geschenk-kinder","27":"product_tag-geschenkidee","28":"product_tag-kinderbuch","29":"product_tag-kinderbuecher","30":"product_tag-lesen","31":"product_tag-lesen-lernen","32":"product_tag-leserabe","33":"product_tag-meer","34":"product_tag-meerjungsfrau","35":"product_tag-nixe","36":"product_tag-prinzessin","37":"product_tag-ravensburger","38":"product_tag-ravensburger-erstes-lernen","39":"product_tag-schloss","40":"product_tag-schule","41":"product_tag-schwimmen","42":"product_tag-zuhause-lernen","43":"product_tag-zuhause-unterrichten","44":"post","45":"post-with-thumbnail","46":"post-with-thumbnail-large","48":"first","49":"instock","50":"taxable","51":"shipping-taxable","52":"purchasable","53":"product-type-simple"},"yoast_head":"<!-- This site is optimized with the Yoast SEO plugin v26.6 - https:\/\/yoast.com\/wordpress\/plugins\/seo\/ -->\n<title>Leserabe - Pimpinella Meerprinzessin und der Delfin<\/title>\n<meta name=\"description\" content=\"Leserabe - Pimpinella Meerprinzessin und der Delfin. Pimpinella, die kleine Meerprinzessin, erlebt ein turbulentes Unterwasserabenteuer. F\u00fcr Kinder ab 6 J.\" \/>\n<meta name=\"robots\" content=\"index, follow, max-snippet:-1, max-image-preview:large, max-video-preview:-1\" \/>\n<link rel=\"canonical\" href=\"https:\/\/der-schulbedarf.shop\/produkt-des-monats\/produkt\/leserabe-mit-mildenberger-silbenmethode-pimpinella-meerprinzessin-und-der-delfin\/\" \/>\n<meta property=\"og:locale\" content=\"de_DE\" \/>\n<meta property=\"og:type\" content=\"article\" \/>\n<meta property=\"og:title\" content=\"Leserabe - Pimpinella Meerprinzessin und der Delfin\" \/>\n<meta property=\"og:description\" content=\"Leserabe - Pimpinella Meerprinzessin und der Delfin. Pimpinella, die kleine Meerprinzessin, erlebt ein turbulentes Unterwasserabenteuer. F\u00fcr Kinder ab 6 J.\" \/>\n<meta property=\"og:url\" content=\"https:\/\/der-schulbedarf.shop\/produkt-des-monats\/produkt\/leserabe-mit-mildenberger-silbenmethode-pimpinella-meerprinzessin-und-der-delfin\/\" \/>\n<meta property=\"og:site_name\" content=\"der-Schulbedarf.shop\" \/>\n<meta property=\"article:modified_time\" content=\"2024-11-28T09:19:00+00:00\" \/>\n<meta property=\"og:image\" content=\"https:\/\/der-schulbedarf.shop\/wp-content\/uploads\/2023\/06\/AN-38545_1-720x380-1.webp\" \/>\n\t<meta property=\"og:image:width\" content=\"720\" \/>\n\t<meta property=\"og:image:height\" content=\"380\" \/>\n\t<meta property=\"og:image:type\" content=\"image\/webp\" \/>\n<meta name=\"twitter:card\" content=\"summary_large_image\" \/>\n<meta name=\"twitter:label1\" content=\"Gesch\u00e4tzte Lesezeit\" \/>\n\t<meta name=\"twitter:data1\" content=\"1\u00a0Minute\" \/>\n<script type=\"application\/ld+json\" class=\"yoast-schema-graph\">{\"@context\":\"https:\/\/schema.org\",\"@graph\":[{\"@type\":\"WebPage\",\"@id\":\"https:\/\/der-schulbedarf.shop\/produkt-des-monats\/produkt\/leserabe-mit-mildenberger-silbenmethode-pimpinella-meerprinzessin-und-der-delfin\/\",\"url\":\"https:\/\/der-schulbedarf.shop\/produkt-des-monats\/produkt\/leserabe-mit-mildenberger-silbenmethode-pimpinella-meerprinzessin-und-der-delfin\/\",\"name\":\"Leserabe - Pimpinella Meerprinzessin und der Delfin\",\"isPartOf\":{\"@id\":\"https:\/\/der-schulbedarf.shop\/produkt-des-monats\/#website\"},\"primaryImageOfPage\":{\"@id\":\"https:\/\/der-schulbedarf.shop\/produkt-des-monats\/produkt\/leserabe-mit-mildenberger-silbenmethode-pimpinella-meerprinzessin-und-der-delfin\/#primaryimage\"},\"image\":{\"@id\":\"https:\/\/der-schulbedarf.shop\/produkt-des-monats\/produkt\/leserabe-mit-mildenberger-silbenmethode-pimpinella-meerprinzessin-und-der-delfin\/#primaryimage\"},\"thumbnailUrl\":\"https:\/\/der-schulbedarf.shop\/wp-content\/uploads\/2023\/06\/AN-38545_1-720x380-1.webp\",\"datePublished\":\"2023-06-08T08:38:04+00:00\",\"dateModified\":\"2024-11-28T09:19:00+00:00\",\"description\":\"Leserabe - Pimpinella Meerprinzessin und der Delfin. Pimpinella, die kleine Meerprinzessin, erlebt ein turbulentes Unterwasserabenteuer. F\u00fcr Kinder ab 6 J.\",\"breadcrumb\":{\"@id\":\"https:\/\/der-schulbedarf.shop\/produkt-des-monats\/produkt\/leserabe-mit-mildenberger-silbenmethode-pimpinella-meerprinzessin-und-der-delfin\/#breadcrumb\"},\"inLanguage\":\"de\",\"potentialAction\":[{\"@type\":\"ReadAction\",\"target\":[\"https:\/\/der-schulbedarf.shop\/produkt-des-monats\/produkt\/leserabe-mit-mildenberger-silbenmethode-pimpinella-meerprinzessin-und-der-delfin\/\"]}]},{\"@type\":\"ImageObject\",\"inLanguage\":\"de\",\"@id\":\"https:\/\/der-schulbedarf.shop\/produkt-des-monats\/produkt\/leserabe-mit-mildenberger-silbenmethode-pimpinella-meerprinzessin-und-der-delfin\/#primaryimage\",\"url\":\"https:\/\/der-schulbedarf.shop\/wp-content\/uploads\/2023\/06\/AN-38545_1-720x380-1.webp\",\"contentUrl\":\"https:\/\/der-schulbedarf.shop\/wp-content\/uploads\/2023\/06\/AN-38545_1-720x380-1.webp\",\"width\":720,\"height\":380,\"caption\":\"Pimpinella Meerprinzessin und der Delfin\"},{\"@type\":\"BreadcrumbList\",\"@id\":\"https:\/\/der-schulbedarf.shop\/produkt-des-monats\/produkt\/leserabe-mit-mildenberger-silbenmethode-pimpinella-meerprinzessin-und-der-delfin\/#breadcrumb\",\"itemListElement\":[{\"@type\":\"ListItem\",\"position\":1,\"name\":\"Shop\",\"item\":\"https:\/\/der-schulbedarf.shop\/produkt-des-monats\/shop\/\"},{\"@type\":\"ListItem\",\"position\":2,\"name\":\"Leserabe mit Mildenberger Silbenmethode: Pimpinella Meerprinzessin und der Delfin\"}]},{\"@type\":\"WebSite\",\"@id\":\"https:\/\/der-schulbedarf.shop\/produkt-des-monats\/#website\",\"url\":\"https:\/\/der-schulbedarf.shop\/produkt-des-monats\/\",\"name\":\"der-Schulbedarf.shop\",\"description\":\"\",\"publisher\":{\"@id\":\"https:\/\/der-schulbedarf.shop\/produkt-des-monats\/#organization\"},\"potentialAction\":[{\"@type\":\"SearchAction\",\"target\":{\"@type\":\"EntryPoint\",\"urlTemplate\":\"https:\/\/der-schulbedarf.shop\/produkt-des-monats\/?s={search_term_string}\"},\"query-input\":{\"@type\":\"PropertyValueSpecification\",\"valueRequired\":true,\"valueName\":\"search_term_string\"}}],\"inLanguage\":\"de\"},{\"@type\":\"Organization\",\"@id\":\"https:\/\/der-schulbedarf.shop\/produkt-des-monats\/#organization\",\"name\":\"der-Schulbedarf.shop\",\"url\":\"https:\/\/der-schulbedarf.shop\/produkt-des-monats\/\",\"logo\":{\"@type\":\"ImageObject\",\"inLanguage\":\"de\",\"@id\":\"https:\/\/der-schulbedarf.shop\/produkt-des-monats\/#\/schema\/logo\/image\/\",\"url\":\"https:\/\/der-schulbedarf.shop\/wp-content\/uploads\/2024\/02\/grafik-e1709551115899.png\",\"contentUrl\":\"https:\/\/der-schulbedarf.shop\/wp-content\/uploads\/2024\/02\/grafik-e1709551115899.png\",\"width\":80,\"height\":80,\"caption\":\"der-Schulbedarf.shop\"},\"image\":{\"@id\":\"https:\/\/der-schulbedarf.shop\/produkt-des-monats\/#\/schema\/logo\/image\/\"}}]}<\/script>\n<!-- \/ Yoast SEO plugin. -->","yoast_head_json":{"title":"Leserabe - Pimpinella Meerprinzessin und der Delfin","description":"Leserabe - Pimpinella Meerprinzessin und der Delfin. Pimpinella, die kleine Meerprinzessin, erlebt ein turbulentes Unterwasserabenteuer. F\u00fcr Kinder ab 6 J.","robots":{"index":"index","follow":"follow","max-snippet":"max-snippet:-1","max-image-preview":"max-image-preview:large","max-video-preview":"max-video-preview:-1"},"canonical":"https:\/\/der-schulbedarf.shop\/produkt-des-monats\/produkt\/leserabe-mit-mildenberger-silbenmethode-pimpinella-meerprinzessin-und-der-delfin\/","og_locale":"de_DE","og_type":"article","og_title":"Leserabe - Pimpinella Meerprinzessin und der Delfin","og_description":"Leserabe - Pimpinella Meerprinzessin und der Delfin. Pimpinella, die kleine Meerprinzessin, erlebt ein turbulentes Unterwasserabenteuer. F\u00fcr Kinder ab 6 J.","og_url":"https:\/\/der-schulbedarf.shop\/produkt-des-monats\/produkt\/leserabe-mit-mildenberger-silbenmethode-pimpinella-meerprinzessin-und-der-delfin\/","og_site_name":"der-Schulbedarf.shop","article_modified_time":"2024-11-28T09:19:00+00:00","og_image":[{"width":720,"height":380,"url":"https:\/\/der-schulbedarf.shop\/wp-content\/uploads\/2023\/06\/AN-38545_1-720x380-1.webp","type":"image\/webp"}],"twitter_card":"summary_large_image","twitter_misc":{"Gesch\u00e4tzte Lesezeit":"1\u00a0Minute"},"schema":{"@context":"https:\/\/schema.org","@graph":[{"@type":"WebPage","@id":"https:\/\/der-schulbedarf.shop\/produkt-des-monats\/produkt\/leserabe-mit-mildenberger-silbenmethode-pimpinella-meerprinzessin-und-der-delfin\/","url":"https:\/\/der-schulbedarf.shop\/produkt-des-monats\/produkt\/leserabe-mit-mildenberger-silbenmethode-pimpinella-meerprinzessin-und-der-delfin\/","name":"Leserabe - Pimpinella Meerprinzessin und der Delfin","isPartOf":{"@id":"https:\/\/der-schulbedarf.shop\/produkt-des-monats\/#website"},"primaryImageOfPage":{"@id":"https:\/\/der-schulbedarf.shop\/produkt-des-monats\/produkt\/leserabe-mit-mildenberger-silbenmethode-pimpinella-meerprinzessin-und-der-delfin\/#primaryimage"},"image":{"@id":"https:\/\/der-schulbedarf.shop\/produkt-des-monats\/produkt\/leserabe-mit-mildenberger-silbenmethode-pimpinella-meerprinzessin-und-der-delfin\/#primaryimage"},"thumbnailUrl":"https:\/\/der-schulbedarf.shop\/wp-content\/uploads\/2023\/06\/AN-38545_1-720x380-1.webp","datePublished":"2023-06-08T08:38:04+00:00","dateModified":"2024-11-28T09:19:00+00:00","description":"Leserabe - Pimpinella Meerprinzessin und der Delfin. Pimpinella, die kleine Meerprinzessin, erlebt ein turbulentes Unterwasserabenteuer. F\u00fcr Kinder ab 6 J.","breadcrumb":{"@id":"https:\/\/der-schulbedarf.shop\/produkt-des-monats\/produkt\/leserabe-mit-mildenberger-silbenmethode-pimpinella-meerprinzessin-und-der-delfin\/#breadcrumb"},"inLanguage":"de","potentialAction":[{"@type":"ReadAction","target":["https:\/\/der-schulbedarf.shop\/produkt-des-monats\/produkt\/leserabe-mit-mildenberger-silbenmethode-pimpinella-meerprinzessin-und-der-delfin\/"]}]},{"@type":"ImageObject","inLanguage":"de","@id":"https:\/\/der-schulbedarf.shop\/produkt-des-monats\/produkt\/leserabe-mit-mildenberger-silbenmethode-pimpinella-meerprinzessin-und-der-delfin\/#primaryimage","url":"https:\/\/der-schulbedarf.shop\/wp-content\/uploads\/2023\/06\/AN-38545_1-720x380-1.webp","contentUrl":"https:\/\/der-schulbedarf.shop\/wp-content\/uploads\/2023\/06\/AN-38545_1-720x380-1.webp","width":720,"height":380,"caption":"Pimpinella Meerprinzessin und der Delfin"},{"@type":"BreadcrumbList","@id":"https:\/\/der-schulbedarf.shop\/produkt-des-monats\/produkt\/leserabe-mit-mildenberger-silbenmethode-pimpinella-meerprinzessin-und-der-delfin\/#breadcrumb","itemListElement":[{"@type":"ListItem","position":1,"name":"Shop","item":"https:\/\/der-schulbedarf.shop\/produkt-des-monats\/shop\/"},{"@type":"ListItem","position":2,"name":"Leserabe mit Mildenberger Silbenmethode: Pimpinella Meerprinzessin und der Delfin"}]},{"@type":"WebSite","@id":"https:\/\/der-schulbedarf.shop\/produkt-des-monats\/#website","url":"https:\/\/der-schulbedarf.shop\/produkt-des-monats\/","name":"der-Schulbedarf.shop","description":"","publisher":{"@id":"https:\/\/der-schulbedarf.shop\/produkt-des-monats\/#organization"},"potentialAction":[{"@type":"SearchAction","target":{"@type":"EntryPoint","urlTemplate":"https:\/\/der-schulbedarf.shop\/produkt-des-monats\/?s={search_term_string}"},"query-input":{"@type":"PropertyValueSpecification","valueRequired":true,"valueName":"search_term_string"}}],"inLanguage":"de"},{"@type":"Organization","@id":"https:\/\/der-schulbedarf.shop\/produkt-des-monats\/#organization","name":"der-Schulbedarf.shop","url":"https:\/\/der-schulbedarf.shop\/produkt-des-monats\/","logo":{"@type":"ImageObject","inLanguage":"de","@id":"https:\/\/der-schulbedarf.shop\/produkt-des-monats\/#\/schema\/logo\/image\/","url":"https:\/\/der-schulbedarf.shop\/wp-content\/uploads\/2024\/02\/grafik-e1709551115899.png","contentUrl":"https:\/\/der-schulbedarf.shop\/wp-content\/uploads\/2024\/02\/grafik-e1709551115899.png","width":80,"height":80,"caption":"der-Schulbedarf.shop"},"image":{"@id":"https:\/\/der-schulbedarf.shop\/produkt-des-monats\/#\/schema\/logo\/image\/"}}]}},"_links":{"self":[{"href":"https:\/\/der-schulbedarf.shop\/produkt-des-monats\/wp-json\/wp\/v2\/product\/1055","targetHints":{"allow":["GET"]}}],"collection":[{"href":"https:\/\/der-schulbedarf.shop\/produkt-des-monats\/wp-json\/wp\/v2\/product"}],"about":[{"href":"https:\/\/der-schulbedarf.shop\/produkt-des-monats\/wp-json\/wp\/v2\/types\/product"}],"replies":[{"embeddable":true,"href":"https:\/\/der-schulbedarf.shop\/produkt-des-monats\/wp-json\/wp\/v2\/comments?post=1055"}],"wp:featuredmedia":[{"embeddable":true,"href":"https:\/\/der-schulbedarf.shop\/produkt-des-monats\/wp-json\/wp\/v2\/media\/2470"}],"wp:attachment":[{"href":"https:\/\/der-schulbedarf.shop\/produkt-des-monats\/wp-json\/wp\/v2\/media?parent=1055"}],"wp:term":[{"taxonomy":"product_cat","embeddable":true,"href":"https:\/\/der-schulbedarf.shop\/produkt-des-monats\/wp-json\/wp\/v2\/product_cat?post=1055"},{"taxonomy":"product_tag","embeddable":true,"href":"https:\/\/der-schulbedarf.shop\/produkt-des-monats\/wp-json\/wp\/v2\/product_tag?post=1055"}],"curies":[{"name":"wp","href":"https:\/\/api.w.org\/{rel}","templated":true}]}}