{"id":1076,"date":"2023-06-12T11:24:31","date_gmt":"2023-06-12T11:24:31","guid":{"rendered":"https:\/\/der-schulbedarf.Shop\/?post_type=product&#038;p=1076"},"modified":"2024-12-08T20:32:40","modified_gmt":"2024-12-08T20:32:40","slug":"1000-gefahren-junior-aufruhr-in-der-ritterburg","status":"publish","type":"product","link":"https:\/\/der-schulbedarf.shop\/produkt-des-monats\/produkt\/1000-gefahren-junior-aufruhr-in-der-ritterburg\/","title":{"rendered":"1000 Gefahren junior &#8211; Aufruhr in der Ritterburg"},"content":{"rendered":"<p>1000 Gefahren &#8211; 1000 Abenteuer!<\/p>\n<p>Jetzt bist du an der Reihe! Du bist die Hauptperson. Entscheide selbst, wie sich die Geschichte entwickelt. Am Hof von K\u00f6nig Karl wird es nie langweilig. Gemeinsam mit Magd Anna erlebst du zahlreiche Abenteuer. Der 16. Geburtstag der Prinzessin steht bevor. Es soll sogar ein Ritterturnier geben. Doch dann treibt ein Dieb sein Unwesen. Gelingt es dir, ihn zu fassen? Oder begleitest du Prinz Valentin in den Kampf gegen den Drachen? Wenn du eine Wahl getroffen hast, lies weiter auf Seite &#8230;<\/p>\n<p>Die beliebte Kinderbuch-Reihe \u201e1000 Gefahren. Du entscheidest selbst!\u201c nun endlich auch f\u00fcr Erstleser! Jeder Weg entf\u00fchrt dich in ein neues Abenteuer. Welchen Weg w\u00e4hlst du? Welcher Spur folgst du? Geht deine Geschichte jetzt schon zu Ende? Ein ganz besonderes R\u00e4tsel- und Entscheidungsbuch f\u00fcr Kinder! Mit farbigen Bildern und Fibelschrift &#8211; f\u00fcr Leseanf\u00e4nger ab 7 Jahren perfekt geeignet.<\/p>\n<p>Band 1: B\u00f6ses Spiel im Dinopark, Band 2: Aufruhr in der Ritterburg, Band 3: Das Geheimnis der Pirateninsel, Band 4: Hei\u00dfe Spur im Wilden Westen, Band 5: Disney Villains: Chaos beim Korallenfest, Band 6: Disney Villains: Ein tierisch guter Plan.<\/p>\n","protected":false},"excerpt":{"rendered":"<p>1000 Gefahren &#8211; 1000 Abenteuer! Jetzt bist du an der Reihe! Du bist die Hauptperson. Entscheide selbst, wie sich die Geschichte entwickelt. Am Hof von K\u00f6nig Karl wird es nie langweilig. Gemeinsam mit Magd Anna erlebst du zahlreiche Abenteuer. Der 16. Geburtstag der Prinzessin steht bevor. Es soll sogar ein Ritterturnier geben. Doch dann treibt [&hellip;]<\/p>\n","protected":false},"featured_media":2018,"comment_status":"open","ping_status":"closed","template":"","meta":[],"product_cat":[224,944,225],"product_tag":[568,569,564,268,111,200,201,247,565,567,196,197,195,549,115,223,114,113,548,112,539,547,198,181,570,202,179,551,189,566,290,245,360,401],"class_list":{"0":"post-1076","1":"product","2":"type-product","3":"status-publish","4":"has-post-thumbnail","6":"product_cat-kinderbuecher","7":"product_cat-produktzufuehrung-geizhal","8":"product_cat-ravensburger-kinderbuecher","9":"product_tag-1-000-gefahren","10":"product_tag-1-000-gefahren-lesen-lernen","11":"product_tag-1000-gefahren","12":"product_tag-abenteuer","13":"product_tag-beschaeftigung","14":"product_tag-buch","15":"product_tag-buecher","16":"product_tag-drache","17":"product_tag-du-entscheidest-selbst","18":"product_tag-entscheidungsbuch","19":"product_tag-erstlesebuch","20":"product_tag-erstlesebuecher","21":"product_tag-erstleser","22":"product_tag-erstleser-jungen-2-klasse","23":"product_tag-fuer-jungen","24":"product_tag-fuer-kinder-ab-7-jahre","25":"product_tag-fuer-maedchen","26":"product_tag-geschenk","27":"product_tag-geschenk-jungen-7-jahre","28":"product_tag-geschenkidee","29":"product_tag-jungen","30":"product_tag-jungen-geschenke-7-jahre","31":"product_tag-kinderbuch","32":"product_tag-kinderbuecher","33":"product_tag-knappe","34":"product_tag-lesen","35":"product_tag-lesen-lernen","36":"product_tag-lesen-lernen-2-klasse-jungen","37":"product_tag-maedchen","38":"product_tag-mitmachbuch","39":"product_tag-raetsel","40":"product_tag-ritter","41":"product_tag-spannend","42":"product_tag-spannung","43":"post","44":"post-with-thumbnail","45":"post-with-thumbnail-large","47":"first","48":"outofstock","49":"taxable","50":"shipping-taxable","51":"purchasable","52":"product-type-simple"},"yoast_head":"<!-- This site is optimized with the Yoast SEO plugin v26.6 - https:\/\/yoast.com\/wordpress\/plugins\/seo\/ -->\n<title>1000 Gefahren junior - Aufruhr in der Ritterburg - der-Schulbedarf.shop<\/title>\n<meta name=\"description\" content=\"Die beliebte Kinderbuch-Reihe \u201e1000 Gefahren. Du entscheidest selbst!\u201c nun endlich auch f\u00fcr Erstleser! Jeder Weg entf\u00fchrt dich in ein neues Abenteuer. Welchen Weg w\u00e4hlst du? Welcher Spur folgst du? Geht deine Geschichte jetzt schon zu Ende? Ein ganz besonderes R\u00e4tsel- und Entscheidungsbuch f\u00fcr Kinder! Mit farbigen Bildern und Fibelschrift - f\u00fcr Leseanf\u00e4nger ab 7 Jahren perfekt geeignet.\" \/>\n<meta name=\"robots\" content=\"index, follow, max-snippet:-1, max-image-preview:large, max-video-preview:-1\" \/>\n<link rel=\"canonical\" href=\"https:\/\/der-schulbedarf.shop\/produkt-des-monats\/produkt\/1000-gefahren-junior-aufruhr-in-der-ritterburg\/\" \/>\n<meta property=\"og:locale\" content=\"de_DE\" \/>\n<meta property=\"og:type\" content=\"article\" \/>\n<meta property=\"og:title\" content=\"1000 Gefahren junior - Aufruhr in der Ritterburg - der-Schulbedarf.shop\" \/>\n<meta property=\"og:description\" content=\"Die beliebte Kinderbuch-Reihe \u201e1000 Gefahren. Du entscheidest selbst!\u201c nun endlich auch f\u00fcr Erstleser! Jeder Weg entf\u00fchrt dich in ein neues Abenteuer. Welchen Weg w\u00e4hlst du? Welcher Spur folgst du? Geht deine Geschichte jetzt schon zu Ende? Ein ganz besonderes R\u00e4tsel- und Entscheidungsbuch f\u00fcr Kinder! Mit farbigen Bildern und Fibelschrift - f\u00fcr Leseanf\u00e4nger ab 7 Jahren perfekt geeignet.\" \/>\n<meta property=\"og:url\" content=\"https:\/\/der-schulbedarf.shop\/produkt-des-monats\/produkt\/1000-gefahren-junior-aufruhr-in-der-ritterburg\/\" \/>\n<meta property=\"og:site_name\" content=\"der-Schulbedarf.shop\" \/>\n<meta property=\"article:modified_time\" content=\"2024-12-08T20:32:40+00:00\" \/>\n<meta property=\"og:image\" content=\"https:\/\/der-schulbedarf.shop\/wp-content\/uploads\/2023\/06\/46050-720x380-1.webp\" \/>\n\t<meta property=\"og:image:width\" content=\"720\" \/>\n\t<meta property=\"og:image:height\" content=\"380\" \/>\n\t<meta property=\"og:image:type\" content=\"image\/webp\" \/>\n<meta name=\"twitter:card\" content=\"summary_large_image\" \/>\n<meta name=\"twitter:label1\" content=\"Gesch\u00e4tzte Lesezeit\" \/>\n\t<meta name=\"twitter:data1\" content=\"2\u00a0Minuten\" \/>\n<script type=\"application\/ld+json\" class=\"yoast-schema-graph\">{\"@context\":\"https:\/\/schema.org\",\"@graph\":[{\"@type\":\"WebPage\",\"@id\":\"https:\/\/der-schulbedarf.shop\/produkt-des-monats\/produkt\/1000-gefahren-junior-aufruhr-in-der-ritterburg\/\",\"url\":\"https:\/\/der-schulbedarf.shop\/produkt-des-monats\/produkt\/1000-gefahren-junior-aufruhr-in-der-ritterburg\/\",\"name\":\"1000 Gefahren junior - Aufruhr in der Ritterburg - der-Schulbedarf.shop\",\"isPartOf\":{\"@id\":\"https:\/\/der-schulbedarf.shop\/produkt-des-monats\/#website\"},\"primaryImageOfPage\":{\"@id\":\"https:\/\/der-schulbedarf.shop\/produkt-des-monats\/produkt\/1000-gefahren-junior-aufruhr-in-der-ritterburg\/#primaryimage\"},\"image\":{\"@id\":\"https:\/\/der-schulbedarf.shop\/produkt-des-monats\/produkt\/1000-gefahren-junior-aufruhr-in-der-ritterburg\/#primaryimage\"},\"thumbnailUrl\":\"https:\/\/der-schulbedarf.shop\/wp-content\/uploads\/2023\/06\/46050-720x380-1.webp\",\"datePublished\":\"2023-06-12T11:24:31+00:00\",\"dateModified\":\"2024-12-08T20:32:40+00:00\",\"description\":\"Die beliebte Kinderbuch-Reihe \u201e1000 Gefahren. Du entscheidest selbst!\u201c nun endlich auch f\u00fcr Erstleser! Jeder Weg entf\u00fchrt dich in ein neues Abenteuer. Welchen Weg w\u00e4hlst du? Welcher Spur folgst du? Geht deine Geschichte jetzt schon zu Ende? Ein ganz besonderes R\u00e4tsel- und Entscheidungsbuch f\u00fcr Kinder! Mit farbigen Bildern und Fibelschrift - f\u00fcr Leseanf\u00e4nger ab 7 Jahren perfekt geeignet.\",\"breadcrumb\":{\"@id\":\"https:\/\/der-schulbedarf.shop\/produkt-des-monats\/produkt\/1000-gefahren-junior-aufruhr-in-der-ritterburg\/#breadcrumb\"},\"inLanguage\":\"de\",\"potentialAction\":[{\"@type\":\"ReadAction\",\"target\":[\"https:\/\/der-schulbedarf.shop\/produkt-des-monats\/produkt\/1000-gefahren-junior-aufruhr-in-der-ritterburg\/\"]}]},{\"@type\":\"ImageObject\",\"inLanguage\":\"de\",\"@id\":\"https:\/\/der-schulbedarf.shop\/produkt-des-monats\/produkt\/1000-gefahren-junior-aufruhr-in-der-ritterburg\/#primaryimage\",\"url\":\"https:\/\/der-schulbedarf.shop\/wp-content\/uploads\/2023\/06\/46050-720x380-1.webp\",\"contentUrl\":\"https:\/\/der-schulbedarf.shop\/wp-content\/uploads\/2023\/06\/46050-720x380-1.webp\",\"width\":720,\"height\":380,\"caption\":\"Aufruhr in der Ritterburg\"},{\"@type\":\"BreadcrumbList\",\"@id\":\"https:\/\/der-schulbedarf.shop\/produkt-des-monats\/produkt\/1000-gefahren-junior-aufruhr-in-der-ritterburg\/#breadcrumb\",\"itemListElement\":[{\"@type\":\"ListItem\",\"position\":1,\"name\":\"Shop\",\"item\":\"https:\/\/der-schulbedarf.shop\/produkt-des-monats\/shop\/\"},{\"@type\":\"ListItem\",\"position\":2,\"name\":\"1000 Gefahren junior &#8211; Aufruhr in der Ritterburg\"}]},{\"@type\":\"WebSite\",\"@id\":\"https:\/\/der-schulbedarf.shop\/produkt-des-monats\/#website\",\"url\":\"https:\/\/der-schulbedarf.shop\/produkt-des-monats\/\",\"name\":\"der-Schulbedarf.shop\",\"description\":\"\",\"publisher\":{\"@id\":\"https:\/\/der-schulbedarf.shop\/produkt-des-monats\/#organization\"},\"potentialAction\":[{\"@type\":\"SearchAction\",\"target\":{\"@type\":\"EntryPoint\",\"urlTemplate\":\"https:\/\/der-schulbedarf.shop\/produkt-des-monats\/?s={search_term_string}\"},\"query-input\":{\"@type\":\"PropertyValueSpecification\",\"valueRequired\":true,\"valueName\":\"search_term_string\"}}],\"inLanguage\":\"de\"},{\"@type\":\"Organization\",\"@id\":\"https:\/\/der-schulbedarf.shop\/produkt-des-monats\/#organization\",\"name\":\"der-Schulbedarf.shop\",\"url\":\"https:\/\/der-schulbedarf.shop\/produkt-des-monats\/\",\"logo\":{\"@type\":\"ImageObject\",\"inLanguage\":\"de\",\"@id\":\"https:\/\/der-schulbedarf.shop\/produkt-des-monats\/#\/schema\/logo\/image\/\",\"url\":\"https:\/\/der-schulbedarf.shop\/wp-content\/uploads\/2024\/02\/grafik-e1709551115899.png\",\"contentUrl\":\"https:\/\/der-schulbedarf.shop\/wp-content\/uploads\/2024\/02\/grafik-e1709551115899.png\",\"width\":80,\"height\":80,\"caption\":\"der-Schulbedarf.shop\"},\"image\":{\"@id\":\"https:\/\/der-schulbedarf.shop\/produkt-des-monats\/#\/schema\/logo\/image\/\"}}]}<\/script>\n<!-- \/ Yoast SEO plugin. -->","yoast_head_json":{"title":"1000 Gefahren junior - Aufruhr in der Ritterburg - der-Schulbedarf.shop","description":"Die beliebte Kinderbuch-Reihe \u201e1000 Gefahren. Du entscheidest selbst!\u201c nun endlich auch f\u00fcr Erstleser! Jeder Weg entf\u00fchrt dich in ein neues Abenteuer. Welchen Weg w\u00e4hlst du? Welcher Spur folgst du? Geht deine Geschichte jetzt schon zu Ende? Ein ganz besonderes R\u00e4tsel- und Entscheidungsbuch f\u00fcr Kinder! Mit farbigen Bildern und Fibelschrift - f\u00fcr Leseanf\u00e4nger ab 7 Jahren perfekt geeignet.","robots":{"index":"index","follow":"follow","max-snippet":"max-snippet:-1","max-image-preview":"max-image-preview:large","max-video-preview":"max-video-preview:-1"},"canonical":"https:\/\/der-schulbedarf.shop\/produkt-des-monats\/produkt\/1000-gefahren-junior-aufruhr-in-der-ritterburg\/","og_locale":"de_DE","og_type":"article","og_title":"1000 Gefahren junior - Aufruhr in der Ritterburg - der-Schulbedarf.shop","og_description":"Die beliebte Kinderbuch-Reihe \u201e1000 Gefahren. Du entscheidest selbst!\u201c nun endlich auch f\u00fcr Erstleser! Jeder Weg entf\u00fchrt dich in ein neues Abenteuer. Welchen Weg w\u00e4hlst du? Welcher Spur folgst du? Geht deine Geschichte jetzt schon zu Ende? Ein ganz besonderes R\u00e4tsel- und Entscheidungsbuch f\u00fcr Kinder! Mit farbigen Bildern und Fibelschrift - f\u00fcr Leseanf\u00e4nger ab 7 Jahren perfekt geeignet.","og_url":"https:\/\/der-schulbedarf.shop\/produkt-des-monats\/produkt\/1000-gefahren-junior-aufruhr-in-der-ritterburg\/","og_site_name":"der-Schulbedarf.shop","article_modified_time":"2024-12-08T20:32:40+00:00","og_image":[{"width":720,"height":380,"url":"https:\/\/der-schulbedarf.shop\/wp-content\/uploads\/2023\/06\/46050-720x380-1.webp","type":"image\/webp"}],"twitter_card":"summary_large_image","twitter_misc":{"Gesch\u00e4tzte Lesezeit":"2\u00a0Minuten"},"schema":{"@context":"https:\/\/schema.org","@graph":[{"@type":"WebPage","@id":"https:\/\/der-schulbedarf.shop\/produkt-des-monats\/produkt\/1000-gefahren-junior-aufruhr-in-der-ritterburg\/","url":"https:\/\/der-schulbedarf.shop\/produkt-des-monats\/produkt\/1000-gefahren-junior-aufruhr-in-der-ritterburg\/","name":"1000 Gefahren junior - Aufruhr in der Ritterburg - der-Schulbedarf.shop","isPartOf":{"@id":"https:\/\/der-schulbedarf.shop\/produkt-des-monats\/#website"},"primaryImageOfPage":{"@id":"https:\/\/der-schulbedarf.shop\/produkt-des-monats\/produkt\/1000-gefahren-junior-aufruhr-in-der-ritterburg\/#primaryimage"},"image":{"@id":"https:\/\/der-schulbedarf.shop\/produkt-des-monats\/produkt\/1000-gefahren-junior-aufruhr-in-der-ritterburg\/#primaryimage"},"thumbnailUrl":"https:\/\/der-schulbedarf.shop\/wp-content\/uploads\/2023\/06\/46050-720x380-1.webp","datePublished":"2023-06-12T11:24:31+00:00","dateModified":"2024-12-08T20:32:40+00:00","description":"Die beliebte Kinderbuch-Reihe \u201e1000 Gefahren. Du entscheidest selbst!\u201c nun endlich auch f\u00fcr Erstleser! Jeder Weg entf\u00fchrt dich in ein neues Abenteuer. Welchen Weg w\u00e4hlst du? Welcher Spur folgst du? Geht deine Geschichte jetzt schon zu Ende? Ein ganz besonderes R\u00e4tsel- und Entscheidungsbuch f\u00fcr Kinder! Mit farbigen Bildern und Fibelschrift - f\u00fcr Leseanf\u00e4nger ab 7 Jahren perfekt geeignet.","breadcrumb":{"@id":"https:\/\/der-schulbedarf.shop\/produkt-des-monats\/produkt\/1000-gefahren-junior-aufruhr-in-der-ritterburg\/#breadcrumb"},"inLanguage":"de","potentialAction":[{"@type":"ReadAction","target":["https:\/\/der-schulbedarf.shop\/produkt-des-monats\/produkt\/1000-gefahren-junior-aufruhr-in-der-ritterburg\/"]}]},{"@type":"ImageObject","inLanguage":"de","@id":"https:\/\/der-schulbedarf.shop\/produkt-des-monats\/produkt\/1000-gefahren-junior-aufruhr-in-der-ritterburg\/#primaryimage","url":"https:\/\/der-schulbedarf.shop\/wp-content\/uploads\/2023\/06\/46050-720x380-1.webp","contentUrl":"https:\/\/der-schulbedarf.shop\/wp-content\/uploads\/2023\/06\/46050-720x380-1.webp","width":720,"height":380,"caption":"Aufruhr in der Ritterburg"},{"@type":"BreadcrumbList","@id":"https:\/\/der-schulbedarf.shop\/produkt-des-monats\/produkt\/1000-gefahren-junior-aufruhr-in-der-ritterburg\/#breadcrumb","itemListElement":[{"@type":"ListItem","position":1,"name":"Shop","item":"https:\/\/der-schulbedarf.shop\/produkt-des-monats\/shop\/"},{"@type":"ListItem","position":2,"name":"1000 Gefahren junior &#8211; Aufruhr in der Ritterburg"}]},{"@type":"WebSite","@id":"https:\/\/der-schulbedarf.shop\/produkt-des-monats\/#website","url":"https:\/\/der-schulbedarf.shop\/produkt-des-monats\/","name":"der-Schulbedarf.shop","description":"","publisher":{"@id":"https:\/\/der-schulbedarf.shop\/produkt-des-monats\/#organization"},"potentialAction":[{"@type":"SearchAction","target":{"@type":"EntryPoint","urlTemplate":"https:\/\/der-schulbedarf.shop\/produkt-des-monats\/?s={search_term_string}"},"query-input":{"@type":"PropertyValueSpecification","valueRequired":true,"valueName":"search_term_string"}}],"inLanguage":"de"},{"@type":"Organization","@id":"https:\/\/der-schulbedarf.shop\/produkt-des-monats\/#organization","name":"der-Schulbedarf.shop","url":"https:\/\/der-schulbedarf.shop\/produkt-des-monats\/","logo":{"@type":"ImageObject","inLanguage":"de","@id":"https:\/\/der-schulbedarf.shop\/produkt-des-monats\/#\/schema\/logo\/image\/","url":"https:\/\/der-schulbedarf.shop\/wp-content\/uploads\/2024\/02\/grafik-e1709551115899.png","contentUrl":"https:\/\/der-schulbedarf.shop\/wp-content\/uploads\/2024\/02\/grafik-e1709551115899.png","width":80,"height":80,"caption":"der-Schulbedarf.shop"},"image":{"@id":"https:\/\/der-schulbedarf.shop\/produkt-des-monats\/#\/schema\/logo\/image\/"}}]}},"_links":{"self":[{"href":"https:\/\/der-schulbedarf.shop\/produkt-des-monats\/wp-json\/wp\/v2\/product\/1076","targetHints":{"allow":["GET"]}}],"collection":[{"href":"https:\/\/der-schulbedarf.shop\/produkt-des-monats\/wp-json\/wp\/v2\/product"}],"about":[{"href":"https:\/\/der-schulbedarf.shop\/produkt-des-monats\/wp-json\/wp\/v2\/types\/product"}],"replies":[{"embeddable":true,"href":"https:\/\/der-schulbedarf.shop\/produkt-des-monats\/wp-json\/wp\/v2\/comments?post=1076"}],"wp:featuredmedia":[{"embeddable":true,"href":"https:\/\/der-schulbedarf.shop\/produkt-des-monats\/wp-json\/wp\/v2\/media\/2018"}],"wp:attachment":[{"href":"https:\/\/der-schulbedarf.shop\/produkt-des-monats\/wp-json\/wp\/v2\/media?parent=1076"}],"wp:term":[{"taxonomy":"product_cat","embeddable":true,"href":"https:\/\/der-schulbedarf.shop\/produkt-des-monats\/wp-json\/wp\/v2\/product_cat?post=1076"},{"taxonomy":"product_tag","embeddable":true,"href":"https:\/\/der-schulbedarf.shop\/produkt-des-monats\/wp-json\/wp\/v2\/product_tag?post=1076"}],"curies":[{"name":"wp","href":"https:\/\/api.w.org\/{rel}","templated":true}]}}