{"id":1085,"date":"2023-06-14T08:54:09","date_gmt":"2023-06-14T08:54:09","guid":{"rendered":"https:\/\/der-schulbedarf.Shop\/?post_type=product&#038;p=1085"},"modified":"2025-08-13T07:00:37","modified_gmt":"2025-08-13T07:00:37","slug":"leserabe-1-lesestufe-ein-drache-auf-burg-erbsenfels","status":"publish","type":"product","link":"https:\/\/der-schulbedarf.shop\/produkt-des-monats\/produkt\/leserabe-1-lesestufe-ein-drache-auf-burg-erbsenfels\/","title":{"rendered":"Leserabe &#8211; 1. Lesestufe: Ein Drache auf Burg Erbsenfels"},"content":{"rendered":"<p>Leserabe &#8211; 1. Lesestufe: Ein Drache auf Burg Erbsenfels<\/p>\n<p>Lesen lernen wie im Flug!<\/p>\n<p>Bruno lebt mit Ritter Otto auf Burg Erbsenfels. Eines Tages landet ein Drache im Burghof \u2013 ausgerechnet dann, als Ritter Otto auf der Jagd und Bruno ganz allein ist. Doch Bruno merkt schon bald, dass er keine Angst vor dem Drachen zu haben braucht. Im Gegenteil: Schnell freunden sich Bruno und der Drache an. Was wohl Ritter Otto dazu sagen wird, wenn er auf die Burg zur\u00fcckkehrt?<\/p>\n<p>Lesen lernen wie im Flug! Die Kinderb\u00fccher der Reihe Leserabe \u2013 1. Lesestufe wurden mit P\u00e4dagogen entwickelt und richten sich an Leseanf\u00e4nger ab der 1. Klasse. Kurze Texte in gro\u00dfer Fibel Schrift sichern erste Leseerfolge und steigern die Lesekompetenz von M\u00e4dchen und Jungen ab 6 Jahren. Mit Belohnungsstickern.<\/p>\n<p>Empfohlen von Stiftung Lesen, gelistet bei Antolin.<\/p>\n<p>&nbsp;<\/p>\n","protected":false},"excerpt":{"rendered":"<p>Leserabe &#8211; 1. Lesestufe: Ein Drache auf Burg Erbsenfels Lesen lernen wie im Flug! Bruno lebt mit Ritter Otto auf Burg Erbsenfels. Eines Tages landet ein Drache im Burghof \u2013 ausgerechnet dann, als Ritter Otto auf der Jagd und Bruno ganz allein ist. Doch Bruno merkt schon bald, dass er keine Angst vor dem Drachen [&hellip;]<\/p>\n","protected":false},"featured_media":2451,"comment_status":"open","ping_status":"closed","template":"","meta":[],"product_cat":[899,224,915,944,225],"product_tag":[268,192,111,200,201,441,537,469,532,196,197,195,536,115,199,114,113,535,112,534,198,181,202,179,506,245,571,533],"class_list":{"0":"post-1085","1":"product","2":"type-product","3":"status-publish","4":"has-post-thumbnail","6":"product_cat-1-klasse","7":"product_cat-kinderbuecher","8":"product_cat-produkt-feeds","9":"product_cat-produktzufuehrung-geizhal","10":"product_cat-ravensburger-kinderbuecher","11":"product_tag-abenteuer","12":"product_tag-antolin","13":"product_tag-beschaeftigung","14":"product_tag-buch","15":"product_tag-buecher","16":"product_tag-burg","17":"product_tag-drachen","18":"product_tag-einschulung-geschenk","19":"product_tag-einschulung-jungen","20":"product_tag-erstlesebuch","21":"product_tag-erstlesebuecher","22":"product_tag-erstleser","23":"product_tag-erstleser-jungen-1-klasse","24":"product_tag-fuer-jungen","25":"product_tag-fuer-kinder-ab-6-jahre","26":"product_tag-fuer-maedchen","27":"product_tag-geschenk","28":"product_tag-geschenk-jungen-6-jahre","29":"product_tag-geschenkidee","30":"product_tag-jungen-geschenke-6-jahre","31":"product_tag-kinderbuch","32":"product_tag-kinderbuecher","33":"product_tag-lesen","34":"product_tag-lesen-lernen","35":"product_tag-leserabe-1-klasse","36":"product_tag-ritter","37":"product_tag-ritterburg","38":"product_tag-schulanfang-jungen","39":"post","40":"post-with-thumbnail","41":"post-with-thumbnail-large","43":"first","44":"outofstock","45":"taxable","46":"shipping-taxable","47":"purchasable","48":"product-type-simple"},"yoast_head":"<!-- This site is optimized with the Yoast SEO plugin v26.6 - https:\/\/yoast.com\/wordpress\/plugins\/seo\/ -->\n<title>Leserabe - 1. Lesestufe: Ein Drache auf Burg Erbsenfels - der-Schulbedarf.shop<\/title>\n<meta name=\"description\" content=\"F\u00fcr Leseanf\u00e4nger ab der 1. Klasse. Spannende Geschichte \u00fcber Ritter Otto, den Drachen, und Burg Erbsenfels. Von P\u00e4dagogen entwickelt f\u00fcr die Lesekompetenz.\" \/>\n<meta name=\"robots\" content=\"index, follow, max-snippet:-1, max-image-preview:large, max-video-preview:-1\" \/>\n<link rel=\"canonical\" href=\"https:\/\/der-schulbedarf.shop\/produkt-des-monats\/produkt\/leserabe-1-lesestufe-ein-drache-auf-burg-erbsenfels\/\" \/>\n<meta property=\"og:locale\" content=\"de_DE\" \/>\n<meta property=\"og:type\" content=\"article\" \/>\n<meta property=\"og:title\" content=\"Leserabe - 1. Lesestufe: Ein Drache auf Burg Erbsenfels - der-Schulbedarf.shop\" \/>\n<meta property=\"og:description\" content=\"F\u00fcr Leseanf\u00e4nger ab der 1. Klasse. Spannende Geschichte \u00fcber Ritter Otto, den Drachen, und Burg Erbsenfels. Von P\u00e4dagogen entwickelt f\u00fcr die Lesekompetenz.\" \/>\n<meta property=\"og:url\" content=\"https:\/\/der-schulbedarf.shop\/produkt-des-monats\/produkt\/leserabe-1-lesestufe-ein-drache-auf-burg-erbsenfels\/\" \/>\n<meta property=\"og:site_name\" content=\"der-Schulbedarf.shop\" \/>\n<meta property=\"article:modified_time\" content=\"2025-08-13T07:00:37+00:00\" \/>\n<meta property=\"og:image\" content=\"https:\/\/der-schulbedarf.shop\/wp-content\/uploads\/2023\/06\/46051-720x380-1.webp\" \/>\n\t<meta property=\"og:image:width\" content=\"720\" \/>\n\t<meta property=\"og:image:height\" content=\"380\" \/>\n\t<meta property=\"og:image:type\" content=\"image\/webp\" \/>\n<meta name=\"twitter:card\" content=\"summary_large_image\" \/>\n<meta name=\"twitter:label1\" content=\"Gesch\u00e4tzte Lesezeit\" \/>\n\t<meta name=\"twitter:data1\" content=\"1\u00a0Minute\" \/>\n<script type=\"application\/ld+json\" class=\"yoast-schema-graph\">{\"@context\":\"https:\/\/schema.org\",\"@graph\":[{\"@type\":\"WebPage\",\"@id\":\"https:\/\/der-schulbedarf.shop\/produkt-des-monats\/produkt\/leserabe-1-lesestufe-ein-drache-auf-burg-erbsenfels\/\",\"url\":\"https:\/\/der-schulbedarf.shop\/produkt-des-monats\/produkt\/leserabe-1-lesestufe-ein-drache-auf-burg-erbsenfels\/\",\"name\":\"Leserabe - 1. Lesestufe: Ein Drache auf Burg Erbsenfels - der-Schulbedarf.shop\",\"isPartOf\":{\"@id\":\"https:\/\/der-schulbedarf.shop\/produkt-des-monats\/#website\"},\"primaryImageOfPage\":{\"@id\":\"https:\/\/der-schulbedarf.shop\/produkt-des-monats\/produkt\/leserabe-1-lesestufe-ein-drache-auf-burg-erbsenfels\/#primaryimage\"},\"image\":{\"@id\":\"https:\/\/der-schulbedarf.shop\/produkt-des-monats\/produkt\/leserabe-1-lesestufe-ein-drache-auf-burg-erbsenfels\/#primaryimage\"},\"thumbnailUrl\":\"https:\/\/der-schulbedarf.shop\/wp-content\/uploads\/2023\/06\/46051-720x380-1.webp\",\"datePublished\":\"2023-06-14T08:54:09+00:00\",\"dateModified\":\"2025-08-13T07:00:37+00:00\",\"description\":\"F\u00fcr Leseanf\u00e4nger ab der 1. Klasse. Spannende Geschichte \u00fcber Ritter Otto, den Drachen, und Burg Erbsenfels. Von P\u00e4dagogen entwickelt f\u00fcr die Lesekompetenz.\",\"breadcrumb\":{\"@id\":\"https:\/\/der-schulbedarf.shop\/produkt-des-monats\/produkt\/leserabe-1-lesestufe-ein-drache-auf-burg-erbsenfels\/#breadcrumb\"},\"inLanguage\":\"de\",\"potentialAction\":[{\"@type\":\"ReadAction\",\"target\":[\"https:\/\/der-schulbedarf.shop\/produkt-des-monats\/produkt\/leserabe-1-lesestufe-ein-drache-auf-burg-erbsenfels\/\"]}]},{\"@type\":\"ImageObject\",\"inLanguage\":\"de\",\"@id\":\"https:\/\/der-schulbedarf.shop\/produkt-des-monats\/produkt\/leserabe-1-lesestufe-ein-drache-auf-burg-erbsenfels\/#primaryimage\",\"url\":\"https:\/\/der-schulbedarf.shop\/wp-content\/uploads\/2023\/06\/46051-720x380-1.webp\",\"contentUrl\":\"https:\/\/der-schulbedarf.shop\/wp-content\/uploads\/2023\/06\/46051-720x380-1.webp\",\"width\":720,\"height\":380,\"caption\":\"Ein Drache auf Burg Erbsenfels\"},{\"@type\":\"BreadcrumbList\",\"@id\":\"https:\/\/der-schulbedarf.shop\/produkt-des-monats\/produkt\/leserabe-1-lesestufe-ein-drache-auf-burg-erbsenfels\/#breadcrumb\",\"itemListElement\":[{\"@type\":\"ListItem\",\"position\":1,\"name\":\"Shop\",\"item\":\"https:\/\/der-schulbedarf.shop\/produkt-des-monats\/shop\/\"},{\"@type\":\"ListItem\",\"position\":2,\"name\":\"Leserabe &#8211; 1. Lesestufe: Ein Drache auf Burg Erbsenfels\"}]},{\"@type\":\"WebSite\",\"@id\":\"https:\/\/der-schulbedarf.shop\/produkt-des-monats\/#website\",\"url\":\"https:\/\/der-schulbedarf.shop\/produkt-des-monats\/\",\"name\":\"der-Schulbedarf.shop\",\"description\":\"\",\"publisher\":{\"@id\":\"https:\/\/der-schulbedarf.shop\/produkt-des-monats\/#organization\"},\"potentialAction\":[{\"@type\":\"SearchAction\",\"target\":{\"@type\":\"EntryPoint\",\"urlTemplate\":\"https:\/\/der-schulbedarf.shop\/produkt-des-monats\/?s={search_term_string}\"},\"query-input\":{\"@type\":\"PropertyValueSpecification\",\"valueRequired\":true,\"valueName\":\"search_term_string\"}}],\"inLanguage\":\"de\"},{\"@type\":\"Organization\",\"@id\":\"https:\/\/der-schulbedarf.shop\/produkt-des-monats\/#organization\",\"name\":\"der-Schulbedarf.shop\",\"url\":\"https:\/\/der-schulbedarf.shop\/produkt-des-monats\/\",\"logo\":{\"@type\":\"ImageObject\",\"inLanguage\":\"de\",\"@id\":\"https:\/\/der-schulbedarf.shop\/produkt-des-monats\/#\/schema\/logo\/image\/\",\"url\":\"https:\/\/der-schulbedarf.shop\/wp-content\/uploads\/2024\/02\/grafik-e1709551115899.png\",\"contentUrl\":\"https:\/\/der-schulbedarf.shop\/wp-content\/uploads\/2024\/02\/grafik-e1709551115899.png\",\"width\":80,\"height\":80,\"caption\":\"der-Schulbedarf.shop\"},\"image\":{\"@id\":\"https:\/\/der-schulbedarf.shop\/produkt-des-monats\/#\/schema\/logo\/image\/\"}}]}<\/script>\n<!-- \/ Yoast SEO plugin. -->","yoast_head_json":{"title":"Leserabe - 1. Lesestufe: Ein Drache auf Burg Erbsenfels - der-Schulbedarf.shop","description":"F\u00fcr Leseanf\u00e4nger ab der 1. Klasse. Spannende Geschichte \u00fcber Ritter Otto, den Drachen, und Burg Erbsenfels. Von P\u00e4dagogen entwickelt f\u00fcr die Lesekompetenz.","robots":{"index":"index","follow":"follow","max-snippet":"max-snippet:-1","max-image-preview":"max-image-preview:large","max-video-preview":"max-video-preview:-1"},"canonical":"https:\/\/der-schulbedarf.shop\/produkt-des-monats\/produkt\/leserabe-1-lesestufe-ein-drache-auf-burg-erbsenfels\/","og_locale":"de_DE","og_type":"article","og_title":"Leserabe - 1. Lesestufe: Ein Drache auf Burg Erbsenfels - der-Schulbedarf.shop","og_description":"F\u00fcr Leseanf\u00e4nger ab der 1. Klasse. Spannende Geschichte \u00fcber Ritter Otto, den Drachen, und Burg Erbsenfels. Von P\u00e4dagogen entwickelt f\u00fcr die Lesekompetenz.","og_url":"https:\/\/der-schulbedarf.shop\/produkt-des-monats\/produkt\/leserabe-1-lesestufe-ein-drache-auf-burg-erbsenfels\/","og_site_name":"der-Schulbedarf.shop","article_modified_time":"2025-08-13T07:00:37+00:00","og_image":[{"width":720,"height":380,"url":"https:\/\/der-schulbedarf.shop\/wp-content\/uploads\/2023\/06\/46051-720x380-1.webp","type":"image\/webp"}],"twitter_card":"summary_large_image","twitter_misc":{"Gesch\u00e4tzte Lesezeit":"1\u00a0Minute"},"schema":{"@context":"https:\/\/schema.org","@graph":[{"@type":"WebPage","@id":"https:\/\/der-schulbedarf.shop\/produkt-des-monats\/produkt\/leserabe-1-lesestufe-ein-drache-auf-burg-erbsenfels\/","url":"https:\/\/der-schulbedarf.shop\/produkt-des-monats\/produkt\/leserabe-1-lesestufe-ein-drache-auf-burg-erbsenfels\/","name":"Leserabe - 1. Lesestufe: Ein Drache auf Burg Erbsenfels - der-Schulbedarf.shop","isPartOf":{"@id":"https:\/\/der-schulbedarf.shop\/produkt-des-monats\/#website"},"primaryImageOfPage":{"@id":"https:\/\/der-schulbedarf.shop\/produkt-des-monats\/produkt\/leserabe-1-lesestufe-ein-drache-auf-burg-erbsenfels\/#primaryimage"},"image":{"@id":"https:\/\/der-schulbedarf.shop\/produkt-des-monats\/produkt\/leserabe-1-lesestufe-ein-drache-auf-burg-erbsenfels\/#primaryimage"},"thumbnailUrl":"https:\/\/der-schulbedarf.shop\/wp-content\/uploads\/2023\/06\/46051-720x380-1.webp","datePublished":"2023-06-14T08:54:09+00:00","dateModified":"2025-08-13T07:00:37+00:00","description":"F\u00fcr Leseanf\u00e4nger ab der 1. Klasse. Spannende Geschichte \u00fcber Ritter Otto, den Drachen, und Burg Erbsenfels. Von P\u00e4dagogen entwickelt f\u00fcr die Lesekompetenz.","breadcrumb":{"@id":"https:\/\/der-schulbedarf.shop\/produkt-des-monats\/produkt\/leserabe-1-lesestufe-ein-drache-auf-burg-erbsenfels\/#breadcrumb"},"inLanguage":"de","potentialAction":[{"@type":"ReadAction","target":["https:\/\/der-schulbedarf.shop\/produkt-des-monats\/produkt\/leserabe-1-lesestufe-ein-drache-auf-burg-erbsenfels\/"]}]},{"@type":"ImageObject","inLanguage":"de","@id":"https:\/\/der-schulbedarf.shop\/produkt-des-monats\/produkt\/leserabe-1-lesestufe-ein-drache-auf-burg-erbsenfels\/#primaryimage","url":"https:\/\/der-schulbedarf.shop\/wp-content\/uploads\/2023\/06\/46051-720x380-1.webp","contentUrl":"https:\/\/der-schulbedarf.shop\/wp-content\/uploads\/2023\/06\/46051-720x380-1.webp","width":720,"height":380,"caption":"Ein Drache auf Burg Erbsenfels"},{"@type":"BreadcrumbList","@id":"https:\/\/der-schulbedarf.shop\/produkt-des-monats\/produkt\/leserabe-1-lesestufe-ein-drache-auf-burg-erbsenfels\/#breadcrumb","itemListElement":[{"@type":"ListItem","position":1,"name":"Shop","item":"https:\/\/der-schulbedarf.shop\/produkt-des-monats\/shop\/"},{"@type":"ListItem","position":2,"name":"Leserabe &#8211; 1. Lesestufe: Ein Drache auf Burg Erbsenfels"}]},{"@type":"WebSite","@id":"https:\/\/der-schulbedarf.shop\/produkt-des-monats\/#website","url":"https:\/\/der-schulbedarf.shop\/produkt-des-monats\/","name":"der-Schulbedarf.shop","description":"","publisher":{"@id":"https:\/\/der-schulbedarf.shop\/produkt-des-monats\/#organization"},"potentialAction":[{"@type":"SearchAction","target":{"@type":"EntryPoint","urlTemplate":"https:\/\/der-schulbedarf.shop\/produkt-des-monats\/?s={search_term_string}"},"query-input":{"@type":"PropertyValueSpecification","valueRequired":true,"valueName":"search_term_string"}}],"inLanguage":"de"},{"@type":"Organization","@id":"https:\/\/der-schulbedarf.shop\/produkt-des-monats\/#organization","name":"der-Schulbedarf.shop","url":"https:\/\/der-schulbedarf.shop\/produkt-des-monats\/","logo":{"@type":"ImageObject","inLanguage":"de","@id":"https:\/\/der-schulbedarf.shop\/produkt-des-monats\/#\/schema\/logo\/image\/","url":"https:\/\/der-schulbedarf.shop\/wp-content\/uploads\/2024\/02\/grafik-e1709551115899.png","contentUrl":"https:\/\/der-schulbedarf.shop\/wp-content\/uploads\/2024\/02\/grafik-e1709551115899.png","width":80,"height":80,"caption":"der-Schulbedarf.shop"},"image":{"@id":"https:\/\/der-schulbedarf.shop\/produkt-des-monats\/#\/schema\/logo\/image\/"}}]}},"_links":{"self":[{"href":"https:\/\/der-schulbedarf.shop\/produkt-des-monats\/wp-json\/wp\/v2\/product\/1085","targetHints":{"allow":["GET"]}}],"collection":[{"href":"https:\/\/der-schulbedarf.shop\/produkt-des-monats\/wp-json\/wp\/v2\/product"}],"about":[{"href":"https:\/\/der-schulbedarf.shop\/produkt-des-monats\/wp-json\/wp\/v2\/types\/product"}],"replies":[{"embeddable":true,"href":"https:\/\/der-schulbedarf.shop\/produkt-des-monats\/wp-json\/wp\/v2\/comments?post=1085"}],"wp:featuredmedia":[{"embeddable":true,"href":"https:\/\/der-schulbedarf.shop\/produkt-des-monats\/wp-json\/wp\/v2\/media\/2451"}],"wp:attachment":[{"href":"https:\/\/der-schulbedarf.shop\/produkt-des-monats\/wp-json\/wp\/v2\/media?parent=1085"}],"wp:term":[{"taxonomy":"product_cat","embeddable":true,"href":"https:\/\/der-schulbedarf.shop\/produkt-des-monats\/wp-json\/wp\/v2\/product_cat?post=1085"},{"taxonomy":"product_tag","embeddable":true,"href":"https:\/\/der-schulbedarf.shop\/produkt-des-monats\/wp-json\/wp\/v2\/product_tag?post=1085"}],"curies":[{"name":"wp","href":"https:\/\/api.w.org\/{rel}","templated":true}]}}