{"id":1140,"date":"2023-06-08T09:55:59","date_gmt":"2023-06-08T09:55:59","guid":{"rendered":"https:\/\/der-schulbedarf.Shop\/?post_type=product&#038;p=1140"},"modified":"2024-11-28T08:27:01","modified_gmt":"2024-11-28T08:27:01","slug":"leserabe-mit-mildenberger-silbenmethode-ein-fall-fuer-den-maeusedetektiv","status":"publish","type":"product","link":"https:\/\/der-schulbedarf.shop\/produkt-des-monats\/produkt\/leserabe-mit-mildenberger-silbenmethode-ein-fall-fuer-den-maeusedetektiv\/","title":{"rendered":"Leserabe mit Mildenberger Silbenmethode: Ein Fall f\u00fcr den M\u00e4usedetektiv"},"content":{"rendered":"<p>Der Fressnapf von Kater Felix ist leer und er beschuldigt die Maus K\u00e4the. Gut, dass ihr Onkel ein Detektiv ist und sich auf die Suche nach dem wahren Dieb macht. Auch K\u00e4the liest flei\u00dfig Spuren und sammelt Beweise.<\/p>\n<p>Die Maus K\u00e4the wird verd\u00e4chtigt, das Futter von Kater Felix gefressen zu haben. Ihr Onkel kommt gerade noch rechtzeitig und bietet seine Dienste als Detektiv an, um den wahren Futterdieb zu finden. Der M\u00e4usedetektiv macht sich mit seiner Ausr\u00fcstung an den Tatort. Es ist aber K\u00e4the, die mit ihrer Nase ein Haar findet, das dem Dieb geh\u00f6ren k\u00f6nnte. Die Fellfarbe grenzt den Kreis der Verd\u00e4chtigen auf drei Tiere aus der Nachbarschaft ein. Das Fell von Nachbarskatze Greta ist heller und k\u00fcrzer, wie die Fliege Frida nach eingehender Untersuchung feststellt. Die Haare von Muck, dem Zwergspitz, sind l\u00e4nger und dunkler. Um das herauszubekommen, geraten der M\u00e4usedetektiv und seine Nichte in eine brenzlige Situation und retten sich mit einem Spielzeuglaster als Fluchtfahrzeug. Die Fahrt endet in einem Bach. Willi, der Waschb\u00e4r fischt die M\u00e4use aus dem Wasser. Willi stellt sich als Vegetarier heraus und kommt damit als T\u00e4ter nicht mehr in Frage. Der M\u00e4usedetektiv beschlie\u00dft, sich auf die Lauer zu legen, falls der Futterdieb erneut zuschl\u00e4gt. Kater und Maus wundern sich, dass der Fressnapf noch immer leer ist, obwohl schon lange Essenszeit ist. Felix ist inzwischen so hungrig, dass er sich den M\u00e4usedetektiv schnappt. Der erkennt pl\u00f6tzlich dass die Fellfarbe des Katers genau mit dem gefundenen Haar \u00fcbereinstimmt. K\u00e4the gelingt es ihren Onkel zu befreien und Felix wird klar, dass sein Herrchen verreist ist und er solange Futter von den Nachbarn bekommt. Einen Futterdieb gab es nie \u2013 Fall gel\u00f6st.<\/p>\n","protected":false},"excerpt":{"rendered":"<p>Der Fressnapf von Kater Felix ist leer und er beschuldigt die Maus K\u00e4the. Gut, dass ihr Onkel ein Detektiv ist und sich auf die Suche nach dem wahren Dieb macht. Auch K\u00e4the liest flei\u00dfig Spuren und sammelt Beweise. Die Maus K\u00e4the wird verd\u00e4chtigt, das Futter von Kater Felix gefressen zu haben. Ihr Onkel kommt gerade [&hellip;]<\/p>\n","protected":false},"featured_media":2431,"comment_status":"open","ping_status":"closed","template":"","meta":[],"product_cat":[224,915,944,225],"product_tag":[192,111,200,201,454,396,592,196,197,195,421,115,223,114,113,210,112,342,198,181,202,179,194,269,591,193,180,360,593,594,177,178],"class_list":{"0":"post-1140","1":"product","2":"type-product","3":"status-publish","4":"has-post-thumbnail","6":"product_cat-kinderbuecher","7":"product_cat-produkt-feeds","8":"product_cat-produktzufuehrung-geizhal","9":"product_cat-ravensburger-kinderbuecher","10":"product_tag-antolin","11":"product_tag-beschaeftigung","12":"product_tag-buch","13":"product_tag-buecher","14":"product_tag-detektiv","15":"product_tag-dieb","16":"product_tag-ermittlung","17":"product_tag-erstlesebuch","18":"product_tag-erstlesebuecher","19":"product_tag-erstleser","20":"product_tag-fall","21":"product_tag-fuer-jungen","22":"product_tag-fuer-kinder-ab-7-jahre","23":"product_tag-fuer-maedchen","24":"product_tag-geschenk","25":"product_tag-geschenk-kinder","26":"product_tag-geschenkidee","27":"product_tag-katze","28":"product_tag-kinderbuch","29":"product_tag-kinderbuecher","30":"product_tag-lesen","31":"product_tag-lesen-lernen","32":"product_tag-leserabe","33":"product_tag-lustig","34":"product_tag-maus","35":"product_tag-ravensburger","36":"product_tag-ravensburger-erstes-lernen","37":"product_tag-spannend","38":"product_tag-suche","39":"product_tag-verdacht","40":"product_tag-zuhause-lernen","41":"product_tag-zuhause-unterrichten","42":"post","43":"post-with-thumbnail","44":"post-with-thumbnail-large","46":"first","47":"instock","48":"taxable","49":"shipping-taxable","50":"purchasable","51":"product-type-simple"},"yoast_head":"<!-- This site is optimized with the Yoast SEO plugin v26.6 - https:\/\/yoast.com\/wordpress\/plugins\/seo\/ -->\n<title>Leserabe mit Mildenberger Silbenmethode: Ein Fall f\u00fcr den M\u00e4usedetektiv - der-Schulbedarf.shop<\/title>\n<meta name=\"robots\" content=\"index, follow, max-snippet:-1, max-image-preview:large, max-video-preview:-1\" \/>\n<link rel=\"canonical\" href=\"https:\/\/der-schulbedarf.shop\/produkt-des-monats\/produkt\/leserabe-mit-mildenberger-silbenmethode-ein-fall-fuer-den-maeusedetektiv\/\" \/>\n<meta property=\"og:locale\" content=\"de_DE\" \/>\n<meta property=\"og:type\" content=\"article\" \/>\n<meta property=\"og:title\" content=\"Leserabe mit Mildenberger Silbenmethode: Ein Fall f\u00fcr den M\u00e4usedetektiv - der-Schulbedarf.shop\" \/>\n<meta property=\"og:description\" content=\"Der Fressnapf von Kater Felix ist leer und er beschuldigt die Maus K\u00e4the. Gut, dass ihr Onkel ein Detektiv ist und sich auf die Suche nach dem wahren Dieb macht. Auch K\u00e4the liest flei\u00dfig Spuren und sammelt Beweise. Die Maus K\u00e4the wird verd\u00e4chtigt, das Futter von Kater Felix gefressen zu haben. Ihr Onkel kommt gerade [&hellip;]\" \/>\n<meta property=\"og:url\" content=\"https:\/\/der-schulbedarf.shop\/produkt-des-monats\/produkt\/leserabe-mit-mildenberger-silbenmethode-ein-fall-fuer-den-maeusedetektiv\/\" \/>\n<meta property=\"og:site_name\" content=\"der-Schulbedarf.shop\" \/>\n<meta property=\"article:modified_time\" content=\"2024-11-28T08:27:01+00:00\" \/>\n<meta property=\"og:image\" content=\"https:\/\/der-schulbedarf.shop\/wp-content\/uploads\/2023\/06\/AN-38556_1-720x380-1.webp\" \/>\n\t<meta property=\"og:image:width\" content=\"720\" \/>\n\t<meta property=\"og:image:height\" content=\"380\" \/>\n\t<meta property=\"og:image:type\" content=\"image\/webp\" \/>\n<meta name=\"twitter:card\" content=\"summary_large_image\" \/>\n<meta name=\"twitter:label1\" content=\"Gesch\u00e4tzte Lesezeit\" \/>\n\t<meta name=\"twitter:data1\" content=\"2\u00a0Minuten\" \/>\n<script type=\"application\/ld+json\" class=\"yoast-schema-graph\">{\"@context\":\"https:\/\/schema.org\",\"@graph\":[{\"@type\":\"WebPage\",\"@id\":\"https:\/\/der-schulbedarf.shop\/produkt-des-monats\/produkt\/leserabe-mit-mildenberger-silbenmethode-ein-fall-fuer-den-maeusedetektiv\/\",\"url\":\"https:\/\/der-schulbedarf.shop\/produkt-des-monats\/produkt\/leserabe-mit-mildenberger-silbenmethode-ein-fall-fuer-den-maeusedetektiv\/\",\"name\":\"Leserabe mit Mildenberger Silbenmethode: Ein Fall f\u00fcr den M\u00e4usedetektiv - der-Schulbedarf.shop\",\"isPartOf\":{\"@id\":\"https:\/\/der-schulbedarf.shop\/produkt-des-monats\/#website\"},\"primaryImageOfPage\":{\"@id\":\"https:\/\/der-schulbedarf.shop\/produkt-des-monats\/produkt\/leserabe-mit-mildenberger-silbenmethode-ein-fall-fuer-den-maeusedetektiv\/#primaryimage\"},\"image\":{\"@id\":\"https:\/\/der-schulbedarf.shop\/produkt-des-monats\/produkt\/leserabe-mit-mildenberger-silbenmethode-ein-fall-fuer-den-maeusedetektiv\/#primaryimage\"},\"thumbnailUrl\":\"https:\/\/der-schulbedarf.shop\/wp-content\/uploads\/2023\/06\/AN-38556_1-720x380-1.webp\",\"datePublished\":\"2023-06-08T09:55:59+00:00\",\"dateModified\":\"2024-11-28T08:27:01+00:00\",\"breadcrumb\":{\"@id\":\"https:\/\/der-schulbedarf.shop\/produkt-des-monats\/produkt\/leserabe-mit-mildenberger-silbenmethode-ein-fall-fuer-den-maeusedetektiv\/#breadcrumb\"},\"inLanguage\":\"de\",\"potentialAction\":[{\"@type\":\"ReadAction\",\"target\":[\"https:\/\/der-schulbedarf.shop\/produkt-des-monats\/produkt\/leserabe-mit-mildenberger-silbenmethode-ein-fall-fuer-den-maeusedetektiv\/\"]}]},{\"@type\":\"ImageObject\",\"inLanguage\":\"de\",\"@id\":\"https:\/\/der-schulbedarf.shop\/produkt-des-monats\/produkt\/leserabe-mit-mildenberger-silbenmethode-ein-fall-fuer-den-maeusedetektiv\/#primaryimage\",\"url\":\"https:\/\/der-schulbedarf.shop\/wp-content\/uploads\/2023\/06\/AN-38556_1-720x380-1.webp\",\"contentUrl\":\"https:\/\/der-schulbedarf.shop\/wp-content\/uploads\/2023\/06\/AN-38556_1-720x380-1.webp\",\"width\":720,\"height\":380,\"caption\":\"Ein Fall f\u00fcr den M\u00e4usedetektiv\"},{\"@type\":\"BreadcrumbList\",\"@id\":\"https:\/\/der-schulbedarf.shop\/produkt-des-monats\/produkt\/leserabe-mit-mildenberger-silbenmethode-ein-fall-fuer-den-maeusedetektiv\/#breadcrumb\",\"itemListElement\":[{\"@type\":\"ListItem\",\"position\":1,\"name\":\"Shop\",\"item\":\"https:\/\/der-schulbedarf.shop\/produkt-des-monats\/shop\/\"},{\"@type\":\"ListItem\",\"position\":2,\"name\":\"Leserabe mit Mildenberger Silbenmethode: Ein Fall f\u00fcr den M\u00e4usedetektiv\"}]},{\"@type\":\"WebSite\",\"@id\":\"https:\/\/der-schulbedarf.shop\/produkt-des-monats\/#website\",\"url\":\"https:\/\/der-schulbedarf.shop\/produkt-des-monats\/\",\"name\":\"der-Schulbedarf.shop\",\"description\":\"\",\"publisher\":{\"@id\":\"https:\/\/der-schulbedarf.shop\/produkt-des-monats\/#organization\"},\"potentialAction\":[{\"@type\":\"SearchAction\",\"target\":{\"@type\":\"EntryPoint\",\"urlTemplate\":\"https:\/\/der-schulbedarf.shop\/produkt-des-monats\/?s={search_term_string}\"},\"query-input\":{\"@type\":\"PropertyValueSpecification\",\"valueRequired\":true,\"valueName\":\"search_term_string\"}}],\"inLanguage\":\"de\"},{\"@type\":\"Organization\",\"@id\":\"https:\/\/der-schulbedarf.shop\/produkt-des-monats\/#organization\",\"name\":\"der-Schulbedarf.shop\",\"url\":\"https:\/\/der-schulbedarf.shop\/produkt-des-monats\/\",\"logo\":{\"@type\":\"ImageObject\",\"inLanguage\":\"de\",\"@id\":\"https:\/\/der-schulbedarf.shop\/produkt-des-monats\/#\/schema\/logo\/image\/\",\"url\":\"https:\/\/der-schulbedarf.shop\/wp-content\/uploads\/2024\/02\/grafik-e1709551115899.png\",\"contentUrl\":\"https:\/\/der-schulbedarf.shop\/wp-content\/uploads\/2024\/02\/grafik-e1709551115899.png\",\"width\":80,\"height\":80,\"caption\":\"der-Schulbedarf.shop\"},\"image\":{\"@id\":\"https:\/\/der-schulbedarf.shop\/produkt-des-monats\/#\/schema\/logo\/image\/\"}}]}<\/script>\n<!-- \/ Yoast SEO plugin. -->","yoast_head_json":{"title":"Leserabe mit Mildenberger Silbenmethode: Ein Fall f\u00fcr den M\u00e4usedetektiv - der-Schulbedarf.shop","robots":{"index":"index","follow":"follow","max-snippet":"max-snippet:-1","max-image-preview":"max-image-preview:large","max-video-preview":"max-video-preview:-1"},"canonical":"https:\/\/der-schulbedarf.shop\/produkt-des-monats\/produkt\/leserabe-mit-mildenberger-silbenmethode-ein-fall-fuer-den-maeusedetektiv\/","og_locale":"de_DE","og_type":"article","og_title":"Leserabe mit Mildenberger Silbenmethode: Ein Fall f\u00fcr den M\u00e4usedetektiv - der-Schulbedarf.shop","og_description":"Der Fressnapf von Kater Felix ist leer und er beschuldigt die Maus K\u00e4the. Gut, dass ihr Onkel ein Detektiv ist und sich auf die Suche nach dem wahren Dieb macht. Auch K\u00e4the liest flei\u00dfig Spuren und sammelt Beweise. Die Maus K\u00e4the wird verd\u00e4chtigt, das Futter von Kater Felix gefressen zu haben. Ihr Onkel kommt gerade [&hellip;]","og_url":"https:\/\/der-schulbedarf.shop\/produkt-des-monats\/produkt\/leserabe-mit-mildenberger-silbenmethode-ein-fall-fuer-den-maeusedetektiv\/","og_site_name":"der-Schulbedarf.shop","article_modified_time":"2024-11-28T08:27:01+00:00","og_image":[{"width":720,"height":380,"url":"https:\/\/der-schulbedarf.shop\/wp-content\/uploads\/2023\/06\/AN-38556_1-720x380-1.webp","type":"image\/webp"}],"twitter_card":"summary_large_image","twitter_misc":{"Gesch\u00e4tzte Lesezeit":"2\u00a0Minuten"},"schema":{"@context":"https:\/\/schema.org","@graph":[{"@type":"WebPage","@id":"https:\/\/der-schulbedarf.shop\/produkt-des-monats\/produkt\/leserabe-mit-mildenberger-silbenmethode-ein-fall-fuer-den-maeusedetektiv\/","url":"https:\/\/der-schulbedarf.shop\/produkt-des-monats\/produkt\/leserabe-mit-mildenberger-silbenmethode-ein-fall-fuer-den-maeusedetektiv\/","name":"Leserabe mit Mildenberger Silbenmethode: Ein Fall f\u00fcr den M\u00e4usedetektiv - der-Schulbedarf.shop","isPartOf":{"@id":"https:\/\/der-schulbedarf.shop\/produkt-des-monats\/#website"},"primaryImageOfPage":{"@id":"https:\/\/der-schulbedarf.shop\/produkt-des-monats\/produkt\/leserabe-mit-mildenberger-silbenmethode-ein-fall-fuer-den-maeusedetektiv\/#primaryimage"},"image":{"@id":"https:\/\/der-schulbedarf.shop\/produkt-des-monats\/produkt\/leserabe-mit-mildenberger-silbenmethode-ein-fall-fuer-den-maeusedetektiv\/#primaryimage"},"thumbnailUrl":"https:\/\/der-schulbedarf.shop\/wp-content\/uploads\/2023\/06\/AN-38556_1-720x380-1.webp","datePublished":"2023-06-08T09:55:59+00:00","dateModified":"2024-11-28T08:27:01+00:00","breadcrumb":{"@id":"https:\/\/der-schulbedarf.shop\/produkt-des-monats\/produkt\/leserabe-mit-mildenberger-silbenmethode-ein-fall-fuer-den-maeusedetektiv\/#breadcrumb"},"inLanguage":"de","potentialAction":[{"@type":"ReadAction","target":["https:\/\/der-schulbedarf.shop\/produkt-des-monats\/produkt\/leserabe-mit-mildenberger-silbenmethode-ein-fall-fuer-den-maeusedetektiv\/"]}]},{"@type":"ImageObject","inLanguage":"de","@id":"https:\/\/der-schulbedarf.shop\/produkt-des-monats\/produkt\/leserabe-mit-mildenberger-silbenmethode-ein-fall-fuer-den-maeusedetektiv\/#primaryimage","url":"https:\/\/der-schulbedarf.shop\/wp-content\/uploads\/2023\/06\/AN-38556_1-720x380-1.webp","contentUrl":"https:\/\/der-schulbedarf.shop\/wp-content\/uploads\/2023\/06\/AN-38556_1-720x380-1.webp","width":720,"height":380,"caption":"Ein Fall f\u00fcr den M\u00e4usedetektiv"},{"@type":"BreadcrumbList","@id":"https:\/\/der-schulbedarf.shop\/produkt-des-monats\/produkt\/leserabe-mit-mildenberger-silbenmethode-ein-fall-fuer-den-maeusedetektiv\/#breadcrumb","itemListElement":[{"@type":"ListItem","position":1,"name":"Shop","item":"https:\/\/der-schulbedarf.shop\/produkt-des-monats\/shop\/"},{"@type":"ListItem","position":2,"name":"Leserabe mit Mildenberger Silbenmethode: Ein Fall f\u00fcr den M\u00e4usedetektiv"}]},{"@type":"WebSite","@id":"https:\/\/der-schulbedarf.shop\/produkt-des-monats\/#website","url":"https:\/\/der-schulbedarf.shop\/produkt-des-monats\/","name":"der-Schulbedarf.shop","description":"","publisher":{"@id":"https:\/\/der-schulbedarf.shop\/produkt-des-monats\/#organization"},"potentialAction":[{"@type":"SearchAction","target":{"@type":"EntryPoint","urlTemplate":"https:\/\/der-schulbedarf.shop\/produkt-des-monats\/?s={search_term_string}"},"query-input":{"@type":"PropertyValueSpecification","valueRequired":true,"valueName":"search_term_string"}}],"inLanguage":"de"},{"@type":"Organization","@id":"https:\/\/der-schulbedarf.shop\/produkt-des-monats\/#organization","name":"der-Schulbedarf.shop","url":"https:\/\/der-schulbedarf.shop\/produkt-des-monats\/","logo":{"@type":"ImageObject","inLanguage":"de","@id":"https:\/\/der-schulbedarf.shop\/produkt-des-monats\/#\/schema\/logo\/image\/","url":"https:\/\/der-schulbedarf.shop\/wp-content\/uploads\/2024\/02\/grafik-e1709551115899.png","contentUrl":"https:\/\/der-schulbedarf.shop\/wp-content\/uploads\/2024\/02\/grafik-e1709551115899.png","width":80,"height":80,"caption":"der-Schulbedarf.shop"},"image":{"@id":"https:\/\/der-schulbedarf.shop\/produkt-des-monats\/#\/schema\/logo\/image\/"}}]}},"_links":{"self":[{"href":"https:\/\/der-schulbedarf.shop\/produkt-des-monats\/wp-json\/wp\/v2\/product\/1140","targetHints":{"allow":["GET"]}}],"collection":[{"href":"https:\/\/der-schulbedarf.shop\/produkt-des-monats\/wp-json\/wp\/v2\/product"}],"about":[{"href":"https:\/\/der-schulbedarf.shop\/produkt-des-monats\/wp-json\/wp\/v2\/types\/product"}],"replies":[{"embeddable":true,"href":"https:\/\/der-schulbedarf.shop\/produkt-des-monats\/wp-json\/wp\/v2\/comments?post=1140"}],"wp:featuredmedia":[{"embeddable":true,"href":"https:\/\/der-schulbedarf.shop\/produkt-des-monats\/wp-json\/wp\/v2\/media\/2431"}],"wp:attachment":[{"href":"https:\/\/der-schulbedarf.shop\/produkt-des-monats\/wp-json\/wp\/v2\/media?parent=1140"}],"wp:term":[{"taxonomy":"product_cat","embeddable":true,"href":"https:\/\/der-schulbedarf.shop\/produkt-des-monats\/wp-json\/wp\/v2\/product_cat?post=1140"},{"taxonomy":"product_tag","embeddable":true,"href":"https:\/\/der-schulbedarf.shop\/produkt-des-monats\/wp-json\/wp\/v2\/product_tag?post=1140"}],"curies":[{"name":"wp","href":"https:\/\/api.w.org\/{rel}","templated":true}]}}