{"id":1141,"date":"2023-06-14T07:07:15","date_gmt":"2023-06-14T07:07:15","guid":{"rendered":"https:\/\/der-schulbedarf.Shop\/?post_type=product&#038;p=1141"},"modified":"2025-08-13T12:57:58","modified_gmt":"2025-08-13T12:57:58","slug":"leserabe-2-lesestufe-der-zauberfueller","status":"publish","type":"product","link":"https:\/\/der-schulbedarf.shop\/produkt-des-monats\/produkt\/leserabe-2-lesestufe-der-zauberfueller\/","title":{"rendered":"Leserabe &#8211; 2. Lesestufe: Der Zauberf\u00fcller"},"content":{"rendered":"<p>Leserabe &#8211; 2. Lesestufe: Der Zauberf\u00fcller<\/p>\n<p>Lesen lernen wie im Flug!<\/p>\n<p>An diesem Schultag ist alles anders: In seinem Federm\u00e4ppchen findet Ben einen verzauberten F\u00fcller. Wenn Ben mit diesem F\u00fcller einen Wunsch aufschreibt, geht er in Erf\u00fcllung. Da ist einiges los im Klassenzimmer! Alle Sch\u00fclerinnen und Sch\u00fcler aus Bens Klasse und die Lehrerin bekommen ein Eis und in der Turnhalle wartet ein echter Affe auf sie. So k\u00f6nnte der Schulunterricht jeden Tag sein.<\/p>\n<p>Die Kinderb\u00fccher der Reihe Leserabe &#8211; 2. Lesestufe: Der Zauberf\u00fcller\u00a0 wurden mit P\u00e4dagogen entwickelt und richten sich an fortgeschrittene Erstleser ab der 2. Klasse. Spannende Geschichten in Fibel Schrift wecken die Lesemotivation von M\u00e4dchen und Jungen ab 7 Jahren. Durch Verst\u00e4ndnis fragen zum Text wird das Gelesene spielerisch \u00fcberpr\u00fcft.<\/p>\n<p>Empfohlen von Stiftung Lesen, gelistet bei Antolin.<\/p>\n","protected":false},"excerpt":{"rendered":"<p>Leserabe &#8211; 2. Lesestufe: Der Zauberf\u00fcller Lesen lernen wie im Flug! An diesem Schultag ist alles anders: In seinem Federm\u00e4ppchen findet Ben einen verzauberten F\u00fcller. Wenn Ben mit diesem F\u00fcller einen Wunsch aufschreibt, geht er in Erf\u00fcllung. Da ist einiges los im Klassenzimmer! Alle Sch\u00fclerinnen und Sch\u00fcler aus Bens Klasse und die Lehrerin bekommen ein [&hellip;]<\/p>\n","protected":false},"featured_media":2414,"comment_status":"open","ping_status":"closed","template":"","meta":[],"product_cat":[900,224,915,944,225],"product_tag":[111,200,201,196,197,195,549,115,223,114,113,548,586,112,547,198,181,202,179,585],"class_list":{"0":"post-1141","1":"product","2":"type-product","3":"status-publish","4":"has-post-thumbnail","6":"product_cat-2-klasse","7":"product_cat-kinderbuecher","8":"product_cat-produkt-feeds","9":"product_cat-produktzufuehrung-geizhal","10":"product_cat-ravensburger-kinderbuecher","11":"product_tag-beschaeftigung","12":"product_tag-buch","13":"product_tag-buecher","14":"product_tag-erstlesebuch","15":"product_tag-erstlesebuecher","16":"product_tag-erstleser","17":"product_tag-erstleser-jungen-2-klasse","18":"product_tag-fuer-jungen","19":"product_tag-fuer-kinder-ab-7-jahre","20":"product_tag-fuer-maedchen","21":"product_tag-geschenk","22":"product_tag-geschenk-jungen-7-jahre","23":"product_tag-geschenk-maedchen-7-jahre","24":"product_tag-geschenkidee","25":"product_tag-jungen-geschenke-7-jahre","26":"product_tag-kinderbuch","27":"product_tag-kinderbuecher","28":"product_tag-lesen","29":"product_tag-lesen-lernen","30":"product_tag-maedchen-geschenke-7-jahre","31":"post","32":"post-with-thumbnail","33":"post-with-thumbnail-large","35":"first","36":"outofstock","37":"taxable","38":"shipping-taxable","39":"purchasable","40":"product-type-simple"},"yoast_head":"<!-- This site is optimized with the Yoast SEO plugin v26.6 - https:\/\/yoast.com\/wordpress\/plugins\/seo\/ -->\n<title>Leserabe - 2. Lesestufe: Der Zauberf\u00fcller - der-Schulbedarf.shop<\/title>\n<meta name=\"description\" content=\"F\u00fcr fortgeschrittene Erstleser ab der 2. Klasse. Spannende Geschichte um einen Zauberf\u00fcller. Von P\u00e4dagogen f\u00fcr Jungen und M\u00e4dchen ab 7. Jahren entwickelt.\" \/>\n<meta name=\"robots\" content=\"index, follow, max-snippet:-1, max-image-preview:large, max-video-preview:-1\" \/>\n<link rel=\"canonical\" href=\"https:\/\/der-schulbedarf.shop\/produkt-des-monats\/produkt\/leserabe-2-lesestufe-der-zauberfueller\/\" \/>\n<meta property=\"og:locale\" content=\"de_DE\" \/>\n<meta property=\"og:type\" content=\"article\" \/>\n<meta property=\"og:title\" content=\"Leserabe - 2. Lesestufe: Der Zauberf\u00fcller - der-Schulbedarf.shop\" \/>\n<meta property=\"og:description\" content=\"F\u00fcr fortgeschrittene Erstleser ab der 2. Klasse. Spannende Geschichte um einen Zauberf\u00fcller. Von P\u00e4dagogen f\u00fcr Jungen und M\u00e4dchen ab 7. Jahren entwickelt.\" \/>\n<meta property=\"og:url\" content=\"https:\/\/der-schulbedarf.shop\/produkt-des-monats\/produkt\/leserabe-2-lesestufe-der-zauberfueller\/\" \/>\n<meta property=\"og:site_name\" content=\"der-Schulbedarf.shop\" \/>\n<meta property=\"article:modified_time\" content=\"2025-08-13T12:57:58+00:00\" \/>\n<meta property=\"og:image\" content=\"https:\/\/der-schulbedarf.shop\/wp-content\/uploads\/2023\/06\/46059-720x380-1.webp\" \/>\n\t<meta property=\"og:image:width\" content=\"720\" \/>\n\t<meta property=\"og:image:height\" content=\"380\" \/>\n\t<meta property=\"og:image:type\" content=\"image\/webp\" \/>\n<meta name=\"twitter:card\" content=\"summary_large_image\" \/>\n<meta name=\"twitter:label1\" content=\"Gesch\u00e4tzte Lesezeit\" \/>\n\t<meta name=\"twitter:data1\" content=\"1\u00a0Minute\" \/>\n<script type=\"application\/ld+json\" class=\"yoast-schema-graph\">{\"@context\":\"https:\/\/schema.org\",\"@graph\":[{\"@type\":\"WebPage\",\"@id\":\"https:\/\/der-schulbedarf.shop\/produkt-des-monats\/produkt\/leserabe-2-lesestufe-der-zauberfueller\/\",\"url\":\"https:\/\/der-schulbedarf.shop\/produkt-des-monats\/produkt\/leserabe-2-lesestufe-der-zauberfueller\/\",\"name\":\"Leserabe - 2. Lesestufe: Der Zauberf\u00fcller - der-Schulbedarf.shop\",\"isPartOf\":{\"@id\":\"https:\/\/der-schulbedarf.shop\/produkt-des-monats\/#website\"},\"primaryImageOfPage\":{\"@id\":\"https:\/\/der-schulbedarf.shop\/produkt-des-monats\/produkt\/leserabe-2-lesestufe-der-zauberfueller\/#primaryimage\"},\"image\":{\"@id\":\"https:\/\/der-schulbedarf.shop\/produkt-des-monats\/produkt\/leserabe-2-lesestufe-der-zauberfueller\/#primaryimage\"},\"thumbnailUrl\":\"https:\/\/der-schulbedarf.shop\/wp-content\/uploads\/2023\/06\/46059-720x380-1.webp\",\"datePublished\":\"2023-06-14T07:07:15+00:00\",\"dateModified\":\"2025-08-13T12:57:58+00:00\",\"description\":\"F\u00fcr fortgeschrittene Erstleser ab der 2. Klasse. Spannende Geschichte um einen Zauberf\u00fcller. Von P\u00e4dagogen f\u00fcr Jungen und M\u00e4dchen ab 7. Jahren entwickelt.\",\"breadcrumb\":{\"@id\":\"https:\/\/der-schulbedarf.shop\/produkt-des-monats\/produkt\/leserabe-2-lesestufe-der-zauberfueller\/#breadcrumb\"},\"inLanguage\":\"de\",\"potentialAction\":[{\"@type\":\"ReadAction\",\"target\":[\"https:\/\/der-schulbedarf.shop\/produkt-des-monats\/produkt\/leserabe-2-lesestufe-der-zauberfueller\/\"]}]},{\"@type\":\"ImageObject\",\"inLanguage\":\"de\",\"@id\":\"https:\/\/der-schulbedarf.shop\/produkt-des-monats\/produkt\/leserabe-2-lesestufe-der-zauberfueller\/#primaryimage\",\"url\":\"https:\/\/der-schulbedarf.shop\/wp-content\/uploads\/2023\/06\/46059-720x380-1.webp\",\"contentUrl\":\"https:\/\/der-schulbedarf.shop\/wp-content\/uploads\/2023\/06\/46059-720x380-1.webp\",\"width\":720,\"height\":380,\"caption\":\"Der Zauberf\u00fcller\"},{\"@type\":\"BreadcrumbList\",\"@id\":\"https:\/\/der-schulbedarf.shop\/produkt-des-monats\/produkt\/leserabe-2-lesestufe-der-zauberfueller\/#breadcrumb\",\"itemListElement\":[{\"@type\":\"ListItem\",\"position\":1,\"name\":\"Shop\",\"item\":\"https:\/\/der-schulbedarf.shop\/produkt-des-monats\/shop\/\"},{\"@type\":\"ListItem\",\"position\":2,\"name\":\"Leserabe &#8211; 2. Lesestufe: Der Zauberf\u00fcller\"}]},{\"@type\":\"WebSite\",\"@id\":\"https:\/\/der-schulbedarf.shop\/produkt-des-monats\/#website\",\"url\":\"https:\/\/der-schulbedarf.shop\/produkt-des-monats\/\",\"name\":\"der-Schulbedarf.shop\",\"description\":\"\",\"publisher\":{\"@id\":\"https:\/\/der-schulbedarf.shop\/produkt-des-monats\/#organization\"},\"potentialAction\":[{\"@type\":\"SearchAction\",\"target\":{\"@type\":\"EntryPoint\",\"urlTemplate\":\"https:\/\/der-schulbedarf.shop\/produkt-des-monats\/?s={search_term_string}\"},\"query-input\":{\"@type\":\"PropertyValueSpecification\",\"valueRequired\":true,\"valueName\":\"search_term_string\"}}],\"inLanguage\":\"de\"},{\"@type\":\"Organization\",\"@id\":\"https:\/\/der-schulbedarf.shop\/produkt-des-monats\/#organization\",\"name\":\"der-Schulbedarf.shop\",\"url\":\"https:\/\/der-schulbedarf.shop\/produkt-des-monats\/\",\"logo\":{\"@type\":\"ImageObject\",\"inLanguage\":\"de\",\"@id\":\"https:\/\/der-schulbedarf.shop\/produkt-des-monats\/#\/schema\/logo\/image\/\",\"url\":\"https:\/\/der-schulbedarf.shop\/wp-content\/uploads\/2024\/02\/grafik-e1709551115899.png\",\"contentUrl\":\"https:\/\/der-schulbedarf.shop\/wp-content\/uploads\/2024\/02\/grafik-e1709551115899.png\",\"width\":80,\"height\":80,\"caption\":\"der-Schulbedarf.shop\"},\"image\":{\"@id\":\"https:\/\/der-schulbedarf.shop\/produkt-des-monats\/#\/schema\/logo\/image\/\"}}]}<\/script>\n<!-- \/ Yoast SEO plugin. -->","yoast_head_json":{"title":"Leserabe - 2. Lesestufe: Der Zauberf\u00fcller - der-Schulbedarf.shop","description":"F\u00fcr fortgeschrittene Erstleser ab der 2. Klasse. Spannende Geschichte um einen Zauberf\u00fcller. Von P\u00e4dagogen f\u00fcr Jungen und M\u00e4dchen ab 7. Jahren entwickelt.","robots":{"index":"index","follow":"follow","max-snippet":"max-snippet:-1","max-image-preview":"max-image-preview:large","max-video-preview":"max-video-preview:-1"},"canonical":"https:\/\/der-schulbedarf.shop\/produkt-des-monats\/produkt\/leserabe-2-lesestufe-der-zauberfueller\/","og_locale":"de_DE","og_type":"article","og_title":"Leserabe - 2. Lesestufe: Der Zauberf\u00fcller - der-Schulbedarf.shop","og_description":"F\u00fcr fortgeschrittene Erstleser ab der 2. Klasse. Spannende Geschichte um einen Zauberf\u00fcller. Von P\u00e4dagogen f\u00fcr Jungen und M\u00e4dchen ab 7. Jahren entwickelt.","og_url":"https:\/\/der-schulbedarf.shop\/produkt-des-monats\/produkt\/leserabe-2-lesestufe-der-zauberfueller\/","og_site_name":"der-Schulbedarf.shop","article_modified_time":"2025-08-13T12:57:58+00:00","og_image":[{"width":720,"height":380,"url":"https:\/\/der-schulbedarf.shop\/wp-content\/uploads\/2023\/06\/46059-720x380-1.webp","type":"image\/webp"}],"twitter_card":"summary_large_image","twitter_misc":{"Gesch\u00e4tzte Lesezeit":"1\u00a0Minute"},"schema":{"@context":"https:\/\/schema.org","@graph":[{"@type":"WebPage","@id":"https:\/\/der-schulbedarf.shop\/produkt-des-monats\/produkt\/leserabe-2-lesestufe-der-zauberfueller\/","url":"https:\/\/der-schulbedarf.shop\/produkt-des-monats\/produkt\/leserabe-2-lesestufe-der-zauberfueller\/","name":"Leserabe - 2. Lesestufe: Der Zauberf\u00fcller - der-Schulbedarf.shop","isPartOf":{"@id":"https:\/\/der-schulbedarf.shop\/produkt-des-monats\/#website"},"primaryImageOfPage":{"@id":"https:\/\/der-schulbedarf.shop\/produkt-des-monats\/produkt\/leserabe-2-lesestufe-der-zauberfueller\/#primaryimage"},"image":{"@id":"https:\/\/der-schulbedarf.shop\/produkt-des-monats\/produkt\/leserabe-2-lesestufe-der-zauberfueller\/#primaryimage"},"thumbnailUrl":"https:\/\/der-schulbedarf.shop\/wp-content\/uploads\/2023\/06\/46059-720x380-1.webp","datePublished":"2023-06-14T07:07:15+00:00","dateModified":"2025-08-13T12:57:58+00:00","description":"F\u00fcr fortgeschrittene Erstleser ab der 2. Klasse. Spannende Geschichte um einen Zauberf\u00fcller. Von P\u00e4dagogen f\u00fcr Jungen und M\u00e4dchen ab 7. Jahren entwickelt.","breadcrumb":{"@id":"https:\/\/der-schulbedarf.shop\/produkt-des-monats\/produkt\/leserabe-2-lesestufe-der-zauberfueller\/#breadcrumb"},"inLanguage":"de","potentialAction":[{"@type":"ReadAction","target":["https:\/\/der-schulbedarf.shop\/produkt-des-monats\/produkt\/leserabe-2-lesestufe-der-zauberfueller\/"]}]},{"@type":"ImageObject","inLanguage":"de","@id":"https:\/\/der-schulbedarf.shop\/produkt-des-monats\/produkt\/leserabe-2-lesestufe-der-zauberfueller\/#primaryimage","url":"https:\/\/der-schulbedarf.shop\/wp-content\/uploads\/2023\/06\/46059-720x380-1.webp","contentUrl":"https:\/\/der-schulbedarf.shop\/wp-content\/uploads\/2023\/06\/46059-720x380-1.webp","width":720,"height":380,"caption":"Der Zauberf\u00fcller"},{"@type":"BreadcrumbList","@id":"https:\/\/der-schulbedarf.shop\/produkt-des-monats\/produkt\/leserabe-2-lesestufe-der-zauberfueller\/#breadcrumb","itemListElement":[{"@type":"ListItem","position":1,"name":"Shop","item":"https:\/\/der-schulbedarf.shop\/produkt-des-monats\/shop\/"},{"@type":"ListItem","position":2,"name":"Leserabe &#8211; 2. Lesestufe: Der Zauberf\u00fcller"}]},{"@type":"WebSite","@id":"https:\/\/der-schulbedarf.shop\/produkt-des-monats\/#website","url":"https:\/\/der-schulbedarf.shop\/produkt-des-monats\/","name":"der-Schulbedarf.shop","description":"","publisher":{"@id":"https:\/\/der-schulbedarf.shop\/produkt-des-monats\/#organization"},"potentialAction":[{"@type":"SearchAction","target":{"@type":"EntryPoint","urlTemplate":"https:\/\/der-schulbedarf.shop\/produkt-des-monats\/?s={search_term_string}"},"query-input":{"@type":"PropertyValueSpecification","valueRequired":true,"valueName":"search_term_string"}}],"inLanguage":"de"},{"@type":"Organization","@id":"https:\/\/der-schulbedarf.shop\/produkt-des-monats\/#organization","name":"der-Schulbedarf.shop","url":"https:\/\/der-schulbedarf.shop\/produkt-des-monats\/","logo":{"@type":"ImageObject","inLanguage":"de","@id":"https:\/\/der-schulbedarf.shop\/produkt-des-monats\/#\/schema\/logo\/image\/","url":"https:\/\/der-schulbedarf.shop\/wp-content\/uploads\/2024\/02\/grafik-e1709551115899.png","contentUrl":"https:\/\/der-schulbedarf.shop\/wp-content\/uploads\/2024\/02\/grafik-e1709551115899.png","width":80,"height":80,"caption":"der-Schulbedarf.shop"},"image":{"@id":"https:\/\/der-schulbedarf.shop\/produkt-des-monats\/#\/schema\/logo\/image\/"}}]}},"_links":{"self":[{"href":"https:\/\/der-schulbedarf.shop\/produkt-des-monats\/wp-json\/wp\/v2\/product\/1141","targetHints":{"allow":["GET"]}}],"collection":[{"href":"https:\/\/der-schulbedarf.shop\/produkt-des-monats\/wp-json\/wp\/v2\/product"}],"about":[{"href":"https:\/\/der-schulbedarf.shop\/produkt-des-monats\/wp-json\/wp\/v2\/types\/product"}],"replies":[{"embeddable":true,"href":"https:\/\/der-schulbedarf.shop\/produkt-des-monats\/wp-json\/wp\/v2\/comments?post=1141"}],"wp:featuredmedia":[{"embeddable":true,"href":"https:\/\/der-schulbedarf.shop\/produkt-des-monats\/wp-json\/wp\/v2\/media\/2414"}],"wp:attachment":[{"href":"https:\/\/der-schulbedarf.shop\/produkt-des-monats\/wp-json\/wp\/v2\/media?parent=1141"}],"wp:term":[{"taxonomy":"product_cat","embeddable":true,"href":"https:\/\/der-schulbedarf.shop\/produkt-des-monats\/wp-json\/wp\/v2\/product_cat?post=1141"},{"taxonomy":"product_tag","embeddable":true,"href":"https:\/\/der-schulbedarf.shop\/produkt-des-monats\/wp-json\/wp\/v2\/product_tag?post=1141"}],"curies":[{"name":"wp","href":"https:\/\/api.w.org\/{rel}","templated":true}]}}