{"id":1176,"date":"2023-06-14T06:26:03","date_gmt":"2023-06-14T06:26:03","guid":{"rendered":"https:\/\/der-schulbedarf.Shop\/?post_type=product&#038;p=1176"},"modified":"2025-08-18T12:19:29","modified_gmt":"2025-08-18T12:19:29","slug":"leserabe-1-lesestufe-einhorngeschichten","status":"publish","type":"product","link":"https:\/\/der-schulbedarf.shop\/produkt-des-monats\/produkt\/leserabe-1-lesestufe-einhorngeschichten\/","title":{"rendered":"Leserabe &#8211; 1. Lesestufe: Einhorngeschichten"},"content":{"rendered":"<p>Leserabe &#8211; 1. Lesestufe: Einhorngeschichten<\/p>\n<p>Lesen lernen wie im Flug!<\/p>\n<p>Superhelden gibt es nicht? Von wegen! Drei spannende Geschichten \u00fcber gro\u00dfe und kleine Superhelden. Hauptw\u00f6rter werden in diesem Buch durch Bilder ersetzt. Mit praktischer W\u00f6rterliste zum Ausklappen.<\/p>\n<p>Die Kinderb\u00fccher der Reihe Leserabe \u2013 Vor-Lesestufe wurden mit P\u00e4dagogen entwickelt und erm\u00f6glichen Kindern im Vorschulalter und deren Eltern als Lese Team erste gemeinsame Leseerlebnisse. Hauptw\u00f6rter werden durch Bilder ersetzt, sodass M\u00e4dchen und Jungen ab 5 Jahren leicht in den Leseprozess einbezogen werden k\u00f6nnen.<\/p>\n<p>Empfohlen von Stiftung Lesen, gelistet bei Antolin.<\/p>\n<p>&nbsp;<\/p>\n","protected":false},"excerpt":{"rendered":"<p>Leserabe &#8211; 1. Lesestufe: Einhorngeschichten Lesen lernen wie im Flug! Superhelden gibt es nicht? Von wegen! Drei spannende Geschichten \u00fcber gro\u00dfe und kleine Superhelden. Hauptw\u00f6rter werden in diesem Buch durch Bilder ersetzt. Mit praktischer W\u00f6rterliste zum Ausklappen. Die Kinderb\u00fccher der Reihe Leserabe \u2013 Vor-Lesestufe wurden mit P\u00e4dagogen entwickelt und erm\u00f6glichen Kindern im Vorschulalter und deren [&hellip;]<\/p>\n","protected":false},"featured_media":2404,"comment_status":"open","ping_status":"closed","template":"","meta":[],"product_cat":[224,915,944,225,1028],"product_tag":[192,111,200,201,469,532,467,196,197,195,605,474,115,481,114,113,604,471,112,603,198,181,202,179,478,472,470,533,468,595,606,479,480],"class_list":{"0":"post-1176","1":"product","2":"type-product","3":"status-publish","4":"has-post-thumbnail","6":"product_cat-kinderbuecher","7":"product_cat-produkt-feeds","8":"product_cat-produktzufuehrung-geizhal","9":"product_cat-ravensburger-kinderbuecher","10":"product_cat-vorschulalter","11":"product_tag-antolin","12":"product_tag-beschaeftigung","13":"product_tag-buch","14":"product_tag-buecher","15":"product_tag-einschulung-geschenk","16":"product_tag-einschulung-jungen","17":"product_tag-einschulung-maedchen","18":"product_tag-erstlesebuch","19":"product_tag-erstlesebuecher","20":"product_tag-erstleser","21":"product_tag-erstleser-jungen","22":"product_tag-erstleser-maedchen","23":"product_tag-fuer-jungen","24":"product_tag-fuer-kinder-ab-5-jahre","25":"product_tag-fuer-maedchen","26":"product_tag-geschenk","27":"product_tag-geschenk-jungen-5-jahre","28":"product_tag-geschenk-maedchen-5-jahre","29":"product_tag-geschenkidee","30":"product_tag-jungen-geschenke-5-jahre","31":"product_tag-kinderbuch","32":"product_tag-kinderbuecher","33":"product_tag-lesen","34":"product_tag-lesen-lernen","35":"product_tag-leserabe-vorlesestufe","36":"product_tag-leserabe-vorschule","37":"product_tag-maedchen-geschenke-5-jahre","38":"product_tag-schulanfang-jungen","39":"product_tag-schulanfang-maedchen","40":"product_tag-superheld","41":"product_tag-superhelden","42":"product_tag-vorlesestufe","43":"product_tag-vorschule","44":"post","45":"post-with-thumbnail","46":"post-with-thumbnail-large","48":"first","49":"outofstock","50":"taxable","51":"shipping-taxable","52":"purchasable","53":"product-type-simple"},"yoast_head":"<!-- This site is optimized with the Yoast SEO plugin v26.6 - https:\/\/yoast.com\/wordpress\/plugins\/seo\/ -->\n<title>Leserabe - 1. Lesestufe: Einhorngeschichten - der-Schulbedarf.shop<\/title>\n<meta name=\"description\" content=\"F\u00fcr Kinder im Vorschulalter von P\u00e4dagogen entwickelt. F\u00fcr M\u00e4dchen und Jungen ab 5 Jahren. Drei spannende Geschichten \u00fcber kleine Superhelden.\" \/>\n<meta name=\"robots\" content=\"index, follow, max-snippet:-1, max-image-preview:large, max-video-preview:-1\" \/>\n<link rel=\"canonical\" href=\"https:\/\/der-schulbedarf.shop\/produkt-des-monats\/produkt\/leserabe-1-lesestufe-einhorngeschichten\/\" \/>\n<meta property=\"og:locale\" content=\"de_DE\" \/>\n<meta property=\"og:type\" content=\"article\" \/>\n<meta property=\"og:title\" content=\"Leserabe - 1. Lesestufe: Einhorngeschichten - der-Schulbedarf.shop\" \/>\n<meta property=\"og:description\" content=\"F\u00fcr Kinder im Vorschulalter von P\u00e4dagogen entwickelt. F\u00fcr M\u00e4dchen und Jungen ab 5 Jahren. Drei spannende Geschichten \u00fcber kleine Superhelden.\" \/>\n<meta property=\"og:url\" content=\"https:\/\/der-schulbedarf.shop\/produkt-des-monats\/produkt\/leserabe-1-lesestufe-einhorngeschichten\/\" \/>\n<meta property=\"og:site_name\" content=\"der-Schulbedarf.shop\" \/>\n<meta property=\"article:modified_time\" content=\"2025-08-18T12:19:29+00:00\" \/>\n<meta property=\"og:image\" content=\"https:\/\/der-schulbedarf.shop\/wp-content\/uploads\/2023\/06\/46064-720x380-1.webp\" \/>\n\t<meta property=\"og:image:width\" content=\"720\" \/>\n\t<meta property=\"og:image:height\" content=\"380\" \/>\n\t<meta property=\"og:image:type\" content=\"image\/webp\" \/>\n<meta name=\"twitter:card\" content=\"summary_large_image\" \/>\n<meta name=\"twitter:label1\" content=\"Gesch\u00e4tzte Lesezeit\" \/>\n\t<meta name=\"twitter:data1\" content=\"1\u00a0Minute\" \/>\n<script type=\"application\/ld+json\" class=\"yoast-schema-graph\">{\"@context\":\"https:\/\/schema.org\",\"@graph\":[{\"@type\":\"WebPage\",\"@id\":\"https:\/\/der-schulbedarf.shop\/produkt-des-monats\/produkt\/leserabe-1-lesestufe-einhorngeschichten\/\",\"url\":\"https:\/\/der-schulbedarf.shop\/produkt-des-monats\/produkt\/leserabe-1-lesestufe-einhorngeschichten\/\",\"name\":\"Leserabe - 1. Lesestufe: Einhorngeschichten - der-Schulbedarf.shop\",\"isPartOf\":{\"@id\":\"https:\/\/der-schulbedarf.shop\/produkt-des-monats\/#website\"},\"primaryImageOfPage\":{\"@id\":\"https:\/\/der-schulbedarf.shop\/produkt-des-monats\/produkt\/leserabe-1-lesestufe-einhorngeschichten\/#primaryimage\"},\"image\":{\"@id\":\"https:\/\/der-schulbedarf.shop\/produkt-des-monats\/produkt\/leserabe-1-lesestufe-einhorngeschichten\/#primaryimage\"},\"thumbnailUrl\":\"https:\/\/der-schulbedarf.shop\/wp-content\/uploads\/2023\/06\/46064-720x380-1.webp\",\"datePublished\":\"2023-06-14T06:26:03+00:00\",\"dateModified\":\"2025-08-18T12:19:29+00:00\",\"description\":\"F\u00fcr Kinder im Vorschulalter von P\u00e4dagogen entwickelt. F\u00fcr M\u00e4dchen und Jungen ab 5 Jahren. Drei spannende Geschichten \u00fcber kleine Superhelden.\",\"breadcrumb\":{\"@id\":\"https:\/\/der-schulbedarf.shop\/produkt-des-monats\/produkt\/leserabe-1-lesestufe-einhorngeschichten\/#breadcrumb\"},\"inLanguage\":\"de\",\"potentialAction\":[{\"@type\":\"ReadAction\",\"target\":[\"https:\/\/der-schulbedarf.shop\/produkt-des-monats\/produkt\/leserabe-1-lesestufe-einhorngeschichten\/\"]}]},{\"@type\":\"ImageObject\",\"inLanguage\":\"de\",\"@id\":\"https:\/\/der-schulbedarf.shop\/produkt-des-monats\/produkt\/leserabe-1-lesestufe-einhorngeschichten\/#primaryimage\",\"url\":\"https:\/\/der-schulbedarf.shop\/wp-content\/uploads\/2023\/06\/46064-720x380-1.webp\",\"contentUrl\":\"https:\/\/der-schulbedarf.shop\/wp-content\/uploads\/2023\/06\/46064-720x380-1.webp\",\"width\":720,\"height\":380,\"caption\":\"Einhorngeschichten\"},{\"@type\":\"BreadcrumbList\",\"@id\":\"https:\/\/der-schulbedarf.shop\/produkt-des-monats\/produkt\/leserabe-1-lesestufe-einhorngeschichten\/#breadcrumb\",\"itemListElement\":[{\"@type\":\"ListItem\",\"position\":1,\"name\":\"Shop\",\"item\":\"https:\/\/der-schulbedarf.shop\/produkt-des-monats\/shop\/\"},{\"@type\":\"ListItem\",\"position\":2,\"name\":\"Leserabe &#8211; 1. Lesestufe: Einhorngeschichten\"}]},{\"@type\":\"WebSite\",\"@id\":\"https:\/\/der-schulbedarf.shop\/produkt-des-monats\/#website\",\"url\":\"https:\/\/der-schulbedarf.shop\/produkt-des-monats\/\",\"name\":\"der-Schulbedarf.shop\",\"description\":\"\",\"publisher\":{\"@id\":\"https:\/\/der-schulbedarf.shop\/produkt-des-monats\/#organization\"},\"potentialAction\":[{\"@type\":\"SearchAction\",\"target\":{\"@type\":\"EntryPoint\",\"urlTemplate\":\"https:\/\/der-schulbedarf.shop\/produkt-des-monats\/?s={search_term_string}\"},\"query-input\":{\"@type\":\"PropertyValueSpecification\",\"valueRequired\":true,\"valueName\":\"search_term_string\"}}],\"inLanguage\":\"de\"},{\"@type\":\"Organization\",\"@id\":\"https:\/\/der-schulbedarf.shop\/produkt-des-monats\/#organization\",\"name\":\"der-Schulbedarf.shop\",\"url\":\"https:\/\/der-schulbedarf.shop\/produkt-des-monats\/\",\"logo\":{\"@type\":\"ImageObject\",\"inLanguage\":\"de\",\"@id\":\"https:\/\/der-schulbedarf.shop\/produkt-des-monats\/#\/schema\/logo\/image\/\",\"url\":\"https:\/\/der-schulbedarf.shop\/wp-content\/uploads\/2024\/02\/grafik-e1709551115899.png\",\"contentUrl\":\"https:\/\/der-schulbedarf.shop\/wp-content\/uploads\/2024\/02\/grafik-e1709551115899.png\",\"width\":80,\"height\":80,\"caption\":\"der-Schulbedarf.shop\"},\"image\":{\"@id\":\"https:\/\/der-schulbedarf.shop\/produkt-des-monats\/#\/schema\/logo\/image\/\"}}]}<\/script>\n<!-- \/ Yoast SEO plugin. -->","yoast_head_json":{"title":"Leserabe - 1. Lesestufe: Einhorngeschichten - der-Schulbedarf.shop","description":"F\u00fcr Kinder im Vorschulalter von P\u00e4dagogen entwickelt. F\u00fcr M\u00e4dchen und Jungen ab 5 Jahren. Drei spannende Geschichten \u00fcber kleine Superhelden.","robots":{"index":"index","follow":"follow","max-snippet":"max-snippet:-1","max-image-preview":"max-image-preview:large","max-video-preview":"max-video-preview:-1"},"canonical":"https:\/\/der-schulbedarf.shop\/produkt-des-monats\/produkt\/leserabe-1-lesestufe-einhorngeschichten\/","og_locale":"de_DE","og_type":"article","og_title":"Leserabe - 1. Lesestufe: Einhorngeschichten - der-Schulbedarf.shop","og_description":"F\u00fcr Kinder im Vorschulalter von P\u00e4dagogen entwickelt. F\u00fcr M\u00e4dchen und Jungen ab 5 Jahren. Drei spannende Geschichten \u00fcber kleine Superhelden.","og_url":"https:\/\/der-schulbedarf.shop\/produkt-des-monats\/produkt\/leserabe-1-lesestufe-einhorngeschichten\/","og_site_name":"der-Schulbedarf.shop","article_modified_time":"2025-08-18T12:19:29+00:00","og_image":[{"width":720,"height":380,"url":"https:\/\/der-schulbedarf.shop\/wp-content\/uploads\/2023\/06\/46064-720x380-1.webp","type":"image\/webp"}],"twitter_card":"summary_large_image","twitter_misc":{"Gesch\u00e4tzte Lesezeit":"1\u00a0Minute"},"schema":{"@context":"https:\/\/schema.org","@graph":[{"@type":"WebPage","@id":"https:\/\/der-schulbedarf.shop\/produkt-des-monats\/produkt\/leserabe-1-lesestufe-einhorngeschichten\/","url":"https:\/\/der-schulbedarf.shop\/produkt-des-monats\/produkt\/leserabe-1-lesestufe-einhorngeschichten\/","name":"Leserabe - 1. Lesestufe: Einhorngeschichten - der-Schulbedarf.shop","isPartOf":{"@id":"https:\/\/der-schulbedarf.shop\/produkt-des-monats\/#website"},"primaryImageOfPage":{"@id":"https:\/\/der-schulbedarf.shop\/produkt-des-monats\/produkt\/leserabe-1-lesestufe-einhorngeschichten\/#primaryimage"},"image":{"@id":"https:\/\/der-schulbedarf.shop\/produkt-des-monats\/produkt\/leserabe-1-lesestufe-einhorngeschichten\/#primaryimage"},"thumbnailUrl":"https:\/\/der-schulbedarf.shop\/wp-content\/uploads\/2023\/06\/46064-720x380-1.webp","datePublished":"2023-06-14T06:26:03+00:00","dateModified":"2025-08-18T12:19:29+00:00","description":"F\u00fcr Kinder im Vorschulalter von P\u00e4dagogen entwickelt. F\u00fcr M\u00e4dchen und Jungen ab 5 Jahren. Drei spannende Geschichten \u00fcber kleine Superhelden.","breadcrumb":{"@id":"https:\/\/der-schulbedarf.shop\/produkt-des-monats\/produkt\/leserabe-1-lesestufe-einhorngeschichten\/#breadcrumb"},"inLanguage":"de","potentialAction":[{"@type":"ReadAction","target":["https:\/\/der-schulbedarf.shop\/produkt-des-monats\/produkt\/leserabe-1-lesestufe-einhorngeschichten\/"]}]},{"@type":"ImageObject","inLanguage":"de","@id":"https:\/\/der-schulbedarf.shop\/produkt-des-monats\/produkt\/leserabe-1-lesestufe-einhorngeschichten\/#primaryimage","url":"https:\/\/der-schulbedarf.shop\/wp-content\/uploads\/2023\/06\/46064-720x380-1.webp","contentUrl":"https:\/\/der-schulbedarf.shop\/wp-content\/uploads\/2023\/06\/46064-720x380-1.webp","width":720,"height":380,"caption":"Einhorngeschichten"},{"@type":"BreadcrumbList","@id":"https:\/\/der-schulbedarf.shop\/produkt-des-monats\/produkt\/leserabe-1-lesestufe-einhorngeschichten\/#breadcrumb","itemListElement":[{"@type":"ListItem","position":1,"name":"Shop","item":"https:\/\/der-schulbedarf.shop\/produkt-des-monats\/shop\/"},{"@type":"ListItem","position":2,"name":"Leserabe &#8211; 1. Lesestufe: Einhorngeschichten"}]},{"@type":"WebSite","@id":"https:\/\/der-schulbedarf.shop\/produkt-des-monats\/#website","url":"https:\/\/der-schulbedarf.shop\/produkt-des-monats\/","name":"der-Schulbedarf.shop","description":"","publisher":{"@id":"https:\/\/der-schulbedarf.shop\/produkt-des-monats\/#organization"},"potentialAction":[{"@type":"SearchAction","target":{"@type":"EntryPoint","urlTemplate":"https:\/\/der-schulbedarf.shop\/produkt-des-monats\/?s={search_term_string}"},"query-input":{"@type":"PropertyValueSpecification","valueRequired":true,"valueName":"search_term_string"}}],"inLanguage":"de"},{"@type":"Organization","@id":"https:\/\/der-schulbedarf.shop\/produkt-des-monats\/#organization","name":"der-Schulbedarf.shop","url":"https:\/\/der-schulbedarf.shop\/produkt-des-monats\/","logo":{"@type":"ImageObject","inLanguage":"de","@id":"https:\/\/der-schulbedarf.shop\/produkt-des-monats\/#\/schema\/logo\/image\/","url":"https:\/\/der-schulbedarf.shop\/wp-content\/uploads\/2024\/02\/grafik-e1709551115899.png","contentUrl":"https:\/\/der-schulbedarf.shop\/wp-content\/uploads\/2024\/02\/grafik-e1709551115899.png","width":80,"height":80,"caption":"der-Schulbedarf.shop"},"image":{"@id":"https:\/\/der-schulbedarf.shop\/produkt-des-monats\/#\/schema\/logo\/image\/"}}]}},"_links":{"self":[{"href":"https:\/\/der-schulbedarf.shop\/produkt-des-monats\/wp-json\/wp\/v2\/product\/1176","targetHints":{"allow":["GET"]}}],"collection":[{"href":"https:\/\/der-schulbedarf.shop\/produkt-des-monats\/wp-json\/wp\/v2\/product"}],"about":[{"href":"https:\/\/der-schulbedarf.shop\/produkt-des-monats\/wp-json\/wp\/v2\/types\/product"}],"replies":[{"embeddable":true,"href":"https:\/\/der-schulbedarf.shop\/produkt-des-monats\/wp-json\/wp\/v2\/comments?post=1176"}],"wp:featuredmedia":[{"embeddable":true,"href":"https:\/\/der-schulbedarf.shop\/produkt-des-monats\/wp-json\/wp\/v2\/media\/2404"}],"wp:attachment":[{"href":"https:\/\/der-schulbedarf.shop\/produkt-des-monats\/wp-json\/wp\/v2\/media?parent=1176"}],"wp:term":[{"taxonomy":"product_cat","embeddable":true,"href":"https:\/\/der-schulbedarf.shop\/produkt-des-monats\/wp-json\/wp\/v2\/product_cat?post=1176"},{"taxonomy":"product_tag","embeddable":true,"href":"https:\/\/der-schulbedarf.shop\/produkt-des-monats\/wp-json\/wp\/v2\/product_tag?post=1176"}],"curies":[{"name":"wp","href":"https:\/\/api.w.org\/{rel}","templated":true}]}}