{"id":1190,"date":"2023-06-12T11:03:50","date_gmt":"2023-06-12T11:03:50","guid":{"rendered":"https:\/\/der-schulbedarf.Shop\/?post_type=product&#038;p=1190"},"modified":"2024-11-27T13:02:57","modified_gmt":"2024-11-27T13:02:57","slug":"leserabe-2-lesestufe-ninjageschichten","status":"publish","type":"product","link":"https:\/\/der-schulbedarf.shop\/produkt-des-monats\/produkt\/leserabe-2-lesestufe-ninjageschichten\/","title":{"rendered":"Leserabe &#8211; 2. Lesestufe: Ninjageschichten"},"content":{"rendered":"<p>Niklas erlebt aufregende Ferien bei seiner Ninja-Cousine. Yuri, Mia und Otto m\u00fcssen im Ninja-Internat eine besondere Pr\u00fcfung bestehen. Und Anton wird st\u00e4ndig \u00fcbersehen \u2013 bis er ein Ninja wird &#8230; Lesen lernen wie im Flug! Die Kinderb\u00fccher der Reihe Leserabe \u2013 2. Lesestufe sind mit P\u00e4dagogen entwickelt und richten sich an fortgeschrittene Erstleser ab der 2. Klasse. Spannende Geschichten in Fibelschrift wecken die Lesemotivation von M\u00e4dchen und Jungen ab 7 Jahren. Durch Verst\u00e4ndnisfragen zum Text wird das Gelesene spielerisch \u00fcberpr\u00fcft.<br \/>\nEmpfohlen von Stiftung Lesen, gelistet bei Antolin. Weitere Informationen auf leserabe.de.<\/p>\n<p>Anton wird nie gesehen. Dann steht pl\u00f6tzlich ein Ninja im Schrank und l\u00e4dt ihn zum Ninja-Training ein. Als Ninja ist Anton sehr gut geeignet. Anton lernt spionieren, sich anschleichen und Wurfstern werfen. Auf dem Heimweg sieht er Lichter im Museum und entdeckt Einbrecher. Er \u00fcberw\u00e4ltigt und fesselt sie, dr\u00fcckt den Alarmknopf \u2013 und verschwindet unbemerkt. Wie ein echter Ninja! Yuri, Mia und Otto bekommen im Ninja-Internat eine Aufgabe: Sie sollen den Stein Ednu-Erf holen, der vom Drachen Wuxi bewacht wird. Yuri ist der Schnellste. Mia wei\u00df, dass man den Stein herausdrehen muss. Otto ist sehr stark. Als die drei sich wieder treffen, erkennen sie, dass sie den Stein nur zusammen holen k\u00f6nnen.<\/p>\n<p>Niklas verbringt die Ferien bei seiner Tante. Er spielt viel lieber mit dem Computer . Er geht nicht gerne mit seiner Cousine Nina raus. Aber diesmal ist es mit ihr anders. Sie kann in den Wolken erkennen, dass es bald regnet. Als ein Wurfstern neben den beiden im Baum landet, durchschaut sie, dass der nur Ablenkung ist, um ihnen heimlich eine geheime Botschaft zukommen zu lassen. Und sie wei\u00df auch, wie man die Nachricht entschl\u00fcsselt. Niklas ist begeistert. Das werden die besten Ferien!<\/p>\n<p>&nbsp;<\/p>\n<p>&nbsp;<\/p>\n","protected":false},"excerpt":{"rendered":"<p>Niklas erlebt aufregende Ferien bei seiner Ninja-Cousine. Yuri, Mia und Otto m\u00fcssen im Ninja-Internat eine besondere Pr\u00fcfung bestehen. Und Anton wird st\u00e4ndig \u00fcbersehen \u2013 bis er ein Ninja wird &#8230; Lesen lernen wie im Flug! Die Kinderb\u00fccher der Reihe Leserabe \u2013 2. Lesestufe sind mit P\u00e4dagogen entwickelt und richten sich an fortgeschrittene Erstleser ab der [&hellip;]<\/p>\n","protected":false},"featured_media":2002,"comment_status":"open","ping_status":"closed","template":"","meta":[],"product_cat":[900,224,944,225],"product_tag":[268,111,200,201,196,197,195,115,223,114,113,112,198,181,202,179,1021],"class_list":{"0":"post-1190","1":"product","2":"type-product","3":"status-publish","4":"has-post-thumbnail","6":"product_cat-2-klasse","7":"product_cat-kinderbuecher","8":"product_cat-produktzufuehrung-geizhal","9":"product_cat-ravensburger-kinderbuecher","10":"product_tag-abenteuer","11":"product_tag-beschaeftigung","12":"product_tag-buch","13":"product_tag-buecher","14":"product_tag-erstlesebuch","15":"product_tag-erstlesebuecher","16":"product_tag-erstleser","17":"product_tag-fuer-jungen","18":"product_tag-fuer-kinder-ab-7-jahre","19":"product_tag-fuer-maedchen","20":"product_tag-geschenk","21":"product_tag-geschenkidee","22":"product_tag-kinderbuch","23":"product_tag-kinderbuecher","24":"product_tag-lesen","25":"product_tag-lesen-lernen","26":"product_tag-ninjas","27":"post","28":"post-with-thumbnail","29":"post-with-thumbnail-large","31":"first","32":"instock","33":"taxable","34":"shipping-taxable","35":"purchasable","36":"product-type-simple"},"yoast_head":"<!-- This site is optimized with the Yoast SEO plugin v26.6 - https:\/\/yoast.com\/wordpress\/plugins\/seo\/ -->\n<title>Leserabe - 2. Lesestufe: Ninjageschichten<\/title>\n<meta name=\"description\" content=\"Leserabe - 2. Lesestufe: Ninjageschichten. Niklas erlebt aufregende Ferien bei seiner Ninja-Cousine. Spannende Geschichte f\u00fcr Kinder ab 7 Jahren.\" \/>\n<meta name=\"robots\" content=\"index, follow, max-snippet:-1, max-image-preview:large, max-video-preview:-1\" \/>\n<link rel=\"canonical\" href=\"https:\/\/der-schulbedarf.shop\/produkt-des-monats\/produkt\/leserabe-2-lesestufe-ninjageschichten\/\" \/>\n<meta property=\"og:locale\" content=\"de_DE\" \/>\n<meta property=\"og:type\" content=\"article\" \/>\n<meta property=\"og:title\" content=\"Leserabe - 2. Lesestufe: Ninjageschichten\" \/>\n<meta property=\"og:description\" content=\"Leserabe - 2. Lesestufe: Ninjageschichten. Niklas erlebt aufregende Ferien bei seiner Ninja-Cousine. Spannende Geschichte f\u00fcr Kinder ab 7 Jahren.\" \/>\n<meta property=\"og:url\" content=\"https:\/\/der-schulbedarf.shop\/produkt-des-monats\/produkt\/leserabe-2-lesestufe-ninjageschichten\/\" \/>\n<meta property=\"og:site_name\" content=\"der-Schulbedarf.shop\" \/>\n<meta property=\"article:modified_time\" content=\"2024-11-27T13:02:57+00:00\" \/>\n<meta property=\"og:image\" content=\"https:\/\/der-schulbedarf.shop\/wp-content\/uploads\/2023\/06\/46065-720x380-1.webp\" \/>\n\t<meta property=\"og:image:width\" content=\"720\" \/>\n\t<meta property=\"og:image:height\" content=\"380\" \/>\n\t<meta property=\"og:image:type\" content=\"image\/webp\" \/>\n<meta name=\"twitter:card\" content=\"summary_large_image\" \/>\n<meta name=\"twitter:label1\" content=\"Gesch\u00e4tzte Lesezeit\" \/>\n\t<meta name=\"twitter:data1\" content=\"2\u00a0Minuten\" \/>\n<script type=\"application\/ld+json\" class=\"yoast-schema-graph\">{\"@context\":\"https:\/\/schema.org\",\"@graph\":[{\"@type\":\"WebPage\",\"@id\":\"https:\/\/der-schulbedarf.shop\/produkt-des-monats\/produkt\/leserabe-2-lesestufe-ninjageschichten\/\",\"url\":\"https:\/\/der-schulbedarf.shop\/produkt-des-monats\/produkt\/leserabe-2-lesestufe-ninjageschichten\/\",\"name\":\"Leserabe - 2. Lesestufe: Ninjageschichten\",\"isPartOf\":{\"@id\":\"https:\/\/der-schulbedarf.shop\/produkt-des-monats\/#website\"},\"primaryImageOfPage\":{\"@id\":\"https:\/\/der-schulbedarf.shop\/produkt-des-monats\/produkt\/leserabe-2-lesestufe-ninjageschichten\/#primaryimage\"},\"image\":{\"@id\":\"https:\/\/der-schulbedarf.shop\/produkt-des-monats\/produkt\/leserabe-2-lesestufe-ninjageschichten\/#primaryimage\"},\"thumbnailUrl\":\"https:\/\/der-schulbedarf.shop\/wp-content\/uploads\/2023\/06\/46065-720x380-1.webp\",\"datePublished\":\"2023-06-12T11:03:50+00:00\",\"dateModified\":\"2024-11-27T13:02:57+00:00\",\"description\":\"Leserabe - 2. Lesestufe: Ninjageschichten. Niklas erlebt aufregende Ferien bei seiner Ninja-Cousine. Spannende Geschichte f\u00fcr Kinder ab 7 Jahren.\",\"breadcrumb\":{\"@id\":\"https:\/\/der-schulbedarf.shop\/produkt-des-monats\/produkt\/leserabe-2-lesestufe-ninjageschichten\/#breadcrumb\"},\"inLanguage\":\"de\",\"potentialAction\":[{\"@type\":\"ReadAction\",\"target\":[\"https:\/\/der-schulbedarf.shop\/produkt-des-monats\/produkt\/leserabe-2-lesestufe-ninjageschichten\/\"]}]},{\"@type\":\"ImageObject\",\"inLanguage\":\"de\",\"@id\":\"https:\/\/der-schulbedarf.shop\/produkt-des-monats\/produkt\/leserabe-2-lesestufe-ninjageschichten\/#primaryimage\",\"url\":\"https:\/\/der-schulbedarf.shop\/wp-content\/uploads\/2023\/06\/46065-720x380-1.webp\",\"contentUrl\":\"https:\/\/der-schulbedarf.shop\/wp-content\/uploads\/2023\/06\/46065-720x380-1.webp\",\"width\":720,\"height\":380,\"caption\":\"Ninjageschichten\"},{\"@type\":\"BreadcrumbList\",\"@id\":\"https:\/\/der-schulbedarf.shop\/produkt-des-monats\/produkt\/leserabe-2-lesestufe-ninjageschichten\/#breadcrumb\",\"itemListElement\":[{\"@type\":\"ListItem\",\"position\":1,\"name\":\"Shop\",\"item\":\"https:\/\/der-schulbedarf.shop\/produkt-des-monats\/shop\/\"},{\"@type\":\"ListItem\",\"position\":2,\"name\":\"Leserabe &#8211; 2. Lesestufe: Ninjageschichten\"}]},{\"@type\":\"WebSite\",\"@id\":\"https:\/\/der-schulbedarf.shop\/produkt-des-monats\/#website\",\"url\":\"https:\/\/der-schulbedarf.shop\/produkt-des-monats\/\",\"name\":\"der-Schulbedarf.shop\",\"description\":\"\",\"publisher\":{\"@id\":\"https:\/\/der-schulbedarf.shop\/produkt-des-monats\/#organization\"},\"potentialAction\":[{\"@type\":\"SearchAction\",\"target\":{\"@type\":\"EntryPoint\",\"urlTemplate\":\"https:\/\/der-schulbedarf.shop\/produkt-des-monats\/?s={search_term_string}\"},\"query-input\":{\"@type\":\"PropertyValueSpecification\",\"valueRequired\":true,\"valueName\":\"search_term_string\"}}],\"inLanguage\":\"de\"},{\"@type\":\"Organization\",\"@id\":\"https:\/\/der-schulbedarf.shop\/produkt-des-monats\/#organization\",\"name\":\"der-Schulbedarf.shop\",\"url\":\"https:\/\/der-schulbedarf.shop\/produkt-des-monats\/\",\"logo\":{\"@type\":\"ImageObject\",\"inLanguage\":\"de\",\"@id\":\"https:\/\/der-schulbedarf.shop\/produkt-des-monats\/#\/schema\/logo\/image\/\",\"url\":\"https:\/\/der-schulbedarf.shop\/wp-content\/uploads\/2024\/02\/grafik-e1709551115899.png\",\"contentUrl\":\"https:\/\/der-schulbedarf.shop\/wp-content\/uploads\/2024\/02\/grafik-e1709551115899.png\",\"width\":80,\"height\":80,\"caption\":\"der-Schulbedarf.shop\"},\"image\":{\"@id\":\"https:\/\/der-schulbedarf.shop\/produkt-des-monats\/#\/schema\/logo\/image\/\"}}]}<\/script>\n<!-- \/ Yoast SEO plugin. -->","yoast_head_json":{"title":"Leserabe - 2. Lesestufe: Ninjageschichten","description":"Leserabe - 2. Lesestufe: Ninjageschichten. Niklas erlebt aufregende Ferien bei seiner Ninja-Cousine. Spannende Geschichte f\u00fcr Kinder ab 7 Jahren.","robots":{"index":"index","follow":"follow","max-snippet":"max-snippet:-1","max-image-preview":"max-image-preview:large","max-video-preview":"max-video-preview:-1"},"canonical":"https:\/\/der-schulbedarf.shop\/produkt-des-monats\/produkt\/leserabe-2-lesestufe-ninjageschichten\/","og_locale":"de_DE","og_type":"article","og_title":"Leserabe - 2. Lesestufe: Ninjageschichten","og_description":"Leserabe - 2. Lesestufe: Ninjageschichten. Niklas erlebt aufregende Ferien bei seiner Ninja-Cousine. Spannende Geschichte f\u00fcr Kinder ab 7 Jahren.","og_url":"https:\/\/der-schulbedarf.shop\/produkt-des-monats\/produkt\/leserabe-2-lesestufe-ninjageschichten\/","og_site_name":"der-Schulbedarf.shop","article_modified_time":"2024-11-27T13:02:57+00:00","og_image":[{"width":720,"height":380,"url":"https:\/\/der-schulbedarf.shop\/wp-content\/uploads\/2023\/06\/46065-720x380-1.webp","type":"image\/webp"}],"twitter_card":"summary_large_image","twitter_misc":{"Gesch\u00e4tzte Lesezeit":"2\u00a0Minuten"},"schema":{"@context":"https:\/\/schema.org","@graph":[{"@type":"WebPage","@id":"https:\/\/der-schulbedarf.shop\/produkt-des-monats\/produkt\/leserabe-2-lesestufe-ninjageschichten\/","url":"https:\/\/der-schulbedarf.shop\/produkt-des-monats\/produkt\/leserabe-2-lesestufe-ninjageschichten\/","name":"Leserabe - 2. Lesestufe: Ninjageschichten","isPartOf":{"@id":"https:\/\/der-schulbedarf.shop\/produkt-des-monats\/#website"},"primaryImageOfPage":{"@id":"https:\/\/der-schulbedarf.shop\/produkt-des-monats\/produkt\/leserabe-2-lesestufe-ninjageschichten\/#primaryimage"},"image":{"@id":"https:\/\/der-schulbedarf.shop\/produkt-des-monats\/produkt\/leserabe-2-lesestufe-ninjageschichten\/#primaryimage"},"thumbnailUrl":"https:\/\/der-schulbedarf.shop\/wp-content\/uploads\/2023\/06\/46065-720x380-1.webp","datePublished":"2023-06-12T11:03:50+00:00","dateModified":"2024-11-27T13:02:57+00:00","description":"Leserabe - 2. Lesestufe: Ninjageschichten. Niklas erlebt aufregende Ferien bei seiner Ninja-Cousine. Spannende Geschichte f\u00fcr Kinder ab 7 Jahren.","breadcrumb":{"@id":"https:\/\/der-schulbedarf.shop\/produkt-des-monats\/produkt\/leserabe-2-lesestufe-ninjageschichten\/#breadcrumb"},"inLanguage":"de","potentialAction":[{"@type":"ReadAction","target":["https:\/\/der-schulbedarf.shop\/produkt-des-monats\/produkt\/leserabe-2-lesestufe-ninjageschichten\/"]}]},{"@type":"ImageObject","inLanguage":"de","@id":"https:\/\/der-schulbedarf.shop\/produkt-des-monats\/produkt\/leserabe-2-lesestufe-ninjageschichten\/#primaryimage","url":"https:\/\/der-schulbedarf.shop\/wp-content\/uploads\/2023\/06\/46065-720x380-1.webp","contentUrl":"https:\/\/der-schulbedarf.shop\/wp-content\/uploads\/2023\/06\/46065-720x380-1.webp","width":720,"height":380,"caption":"Ninjageschichten"},{"@type":"BreadcrumbList","@id":"https:\/\/der-schulbedarf.shop\/produkt-des-monats\/produkt\/leserabe-2-lesestufe-ninjageschichten\/#breadcrumb","itemListElement":[{"@type":"ListItem","position":1,"name":"Shop","item":"https:\/\/der-schulbedarf.shop\/produkt-des-monats\/shop\/"},{"@type":"ListItem","position":2,"name":"Leserabe &#8211; 2. Lesestufe: Ninjageschichten"}]},{"@type":"WebSite","@id":"https:\/\/der-schulbedarf.shop\/produkt-des-monats\/#website","url":"https:\/\/der-schulbedarf.shop\/produkt-des-monats\/","name":"der-Schulbedarf.shop","description":"","publisher":{"@id":"https:\/\/der-schulbedarf.shop\/produkt-des-monats\/#organization"},"potentialAction":[{"@type":"SearchAction","target":{"@type":"EntryPoint","urlTemplate":"https:\/\/der-schulbedarf.shop\/produkt-des-monats\/?s={search_term_string}"},"query-input":{"@type":"PropertyValueSpecification","valueRequired":true,"valueName":"search_term_string"}}],"inLanguage":"de"},{"@type":"Organization","@id":"https:\/\/der-schulbedarf.shop\/produkt-des-monats\/#organization","name":"der-Schulbedarf.shop","url":"https:\/\/der-schulbedarf.shop\/produkt-des-monats\/","logo":{"@type":"ImageObject","inLanguage":"de","@id":"https:\/\/der-schulbedarf.shop\/produkt-des-monats\/#\/schema\/logo\/image\/","url":"https:\/\/der-schulbedarf.shop\/wp-content\/uploads\/2024\/02\/grafik-e1709551115899.png","contentUrl":"https:\/\/der-schulbedarf.shop\/wp-content\/uploads\/2024\/02\/grafik-e1709551115899.png","width":80,"height":80,"caption":"der-Schulbedarf.shop"},"image":{"@id":"https:\/\/der-schulbedarf.shop\/produkt-des-monats\/#\/schema\/logo\/image\/"}}]}},"_links":{"self":[{"href":"https:\/\/der-schulbedarf.shop\/produkt-des-monats\/wp-json\/wp\/v2\/product\/1190","targetHints":{"allow":["GET"]}}],"collection":[{"href":"https:\/\/der-schulbedarf.shop\/produkt-des-monats\/wp-json\/wp\/v2\/product"}],"about":[{"href":"https:\/\/der-schulbedarf.shop\/produkt-des-monats\/wp-json\/wp\/v2\/types\/product"}],"replies":[{"embeddable":true,"href":"https:\/\/der-schulbedarf.shop\/produkt-des-monats\/wp-json\/wp\/v2\/comments?post=1190"}],"wp:featuredmedia":[{"embeddable":true,"href":"https:\/\/der-schulbedarf.shop\/produkt-des-monats\/wp-json\/wp\/v2\/media\/2002"}],"wp:attachment":[{"href":"https:\/\/der-schulbedarf.shop\/produkt-des-monats\/wp-json\/wp\/v2\/media?parent=1190"}],"wp:term":[{"taxonomy":"product_cat","embeddable":true,"href":"https:\/\/der-schulbedarf.shop\/produkt-des-monats\/wp-json\/wp\/v2\/product_cat?post=1190"},{"taxonomy":"product_tag","embeddable":true,"href":"https:\/\/der-schulbedarf.shop\/produkt-des-monats\/wp-json\/wp\/v2\/product_tag?post=1190"}],"curies":[{"name":"wp","href":"https:\/\/api.w.org\/{rel}","templated":true}]}}