{"id":1211,"date":"2023-06-14T06:07:23","date_gmt":"2023-06-14T06:07:23","guid":{"rendered":"https:\/\/der-schulbedarf.Shop\/?post_type=product&#038;p=1211"},"modified":"2025-08-21T05:39:17","modified_gmt":"2025-08-21T05:39:17","slug":"leserabe-sonderausgaben-das-grosse-leserabe-leselernbuch-fantasiegeschichten","status":"publish","type":"product","link":"https:\/\/der-schulbedarf.shop\/produkt-des-monats\/produkt\/leserabe-sonderausgaben-das-grosse-leserabe-leselernbuch-fantasiegeschichten\/","title":{"rendered":"Das gro\u00dfe Leserabe-Leselernbuch: Fantasiegeschichten"},"content":{"rendered":"<p>3 fantasievolle Geschichten in einem Band: Tanja tanzt im Traum mit Elfen, Nina fiebert der gro\u00dfen Ballett-Auff\u00fchrung entgegen und Merle begegnet einem Geisterpferd.<\/p>\n<p>Lesen lernen wie im Flug! Die Kinderb\u00fccher der Reihe Leserabe wurden mit P\u00e4dagogen entwickelt und richten sich an Leseanf\u00e4nger ab dem Vorschulalter. Das gro\u00dfe Leserabe-Leselernbuch enth\u00e4lt 3 Texte f\u00fcr Erstleser mit unterschiedlichem Schwierigkeitsgrad.<br \/>\nDie Vor-Lesestufe erm\u00f6glicht, Kindern im Vorschulalter und deren Eltern als Leseteam erste gemeinsame Leseerlebnisse.<br \/>\nDie kurzen Texte der 1. Lesestufe sind in gro\u00dfer Fibelschrift geschrieben, sichern erste Leseerfolge und steigern die Lesekompetenz.<br \/>\nSpannende Geschichten in Fibelschrift wecken in der 2. Lesestufe die Lesemotivation.<br \/>\nSo werden Leseanf\u00e4nger Schritt f\u00fcr Schritt zum Leseprofi!<\/p>\n<p>Empfohlen von Stiftung Lesen. Weitere Informationen auf leserabe.de.<\/p>\n<p>&nbsp;<\/p>\n<p>&nbsp;<\/p>\n<p>&nbsp;<\/p>\n","protected":false},"excerpt":{"rendered":"<p>3 fantasievolle Geschichten in einem Band: Tanja tanzt im Traum mit Elfen, Nina fiebert der gro\u00dfen Ballett-Auff\u00fchrung entgegen und Merle begegnet einem Geisterpferd. Lesen lernen wie im Flug! Die Kinderb\u00fccher der Reihe Leserabe wurden mit P\u00e4dagogen entwickelt und richten sich an Leseanf\u00e4nger ab dem Vorschulalter. Das gro\u00dfe Leserabe-Leselernbuch enth\u00e4lt 3 Texte f\u00fcr Erstleser mit unterschiedlichem [&hellip;]<\/p>\n","protected":false},"featured_media":2394,"comment_status":"open","ping_status":"closed","template":"","meta":[],"product_cat":[899,900,224,915,944,225],"product_tag":[511,192,559,111,200,201,469,467,230,196,197,195,473,115,481,114,113,505,112,619,539,198,181,202,179,506,189,504,461,468,360,401,620],"class_list":{"0":"post-1211","1":"product","2":"type-product","3":"status-publish","4":"has-post-thumbnail","6":"product_cat-1-klasse","7":"product_cat-2-klasse","8":"product_cat-kinderbuecher","9":"product_cat-produkt-feeds","10":"product_cat-produktzufuehrung-geizhal","11":"product_cat-ravensburger-kinderbuecher","12":"product_tag-1-klasse","13":"product_tag-antolin","14":"product_tag-ballett","15":"product_tag-beschaeftigung","16":"product_tag-buch","17":"product_tag-buecher","18":"product_tag-einschulung-geschenk","19":"product_tag-einschulung-maedchen","20":"product_tag-elfen","21":"product_tag-erstlesebuch","22":"product_tag-erstlesebuecher","23":"product_tag-erstleser","24":"product_tag-erstleser-maedchen-1-klasse","25":"product_tag-fuer-jungen","26":"product_tag-fuer-kinder-ab-5-jahre","27":"product_tag-fuer-maedchen","28":"product_tag-geschenk","29":"product_tag-geschenk-maedchen-6-jahre","30":"product_tag-geschenkidee","31":"product_tag-gespenster","32":"product_tag-jungen","33":"product_tag-kinderbuch","34":"product_tag-kinderbuecher","35":"product_tag-lesen","36":"product_tag-lesen-lernen","37":"product_tag-leserabe-1-klasse","38":"product_tag-maedchen","39":"product_tag-maedchen-geschenke-6-jahre","40":"product_tag-pferde","41":"product_tag-schulanfang-maedchen","42":"product_tag-spannend","43":"product_tag-spannung","44":"product_tag-sticker","45":"post","46":"post-with-thumbnail","47":"post-with-thumbnail-large","49":"first","50":"outofstock","51":"taxable","52":"shipping-taxable","53":"purchasable","54":"product-type-simple"},"yoast_head":"<!-- This site is optimized with the Yoast SEO plugin v26.6 - https:\/\/yoast.com\/wordpress\/plugins\/seo\/ -->\n<title>Das gro\u00dfe Leserabe-Leselernbuch: Fantasiegeschichten - der-Schulbedarf.shop<\/title>\n<meta name=\"description\" content=\"Von P\u00e4dagogen entwickelt. F\u00fcr Vorschulkinder der 1 und 2 Lesestufe. Spannende Geschichten in Fibelschrift. Steigert die Lesekompetenz. 3 Fantasy Geschichten\" \/>\n<meta name=\"robots\" content=\"index, follow, max-snippet:-1, max-image-preview:large, max-video-preview:-1\" \/>\n<link rel=\"canonical\" href=\"https:\/\/der-schulbedarf.shop\/produkt-des-monats\/produkt\/leserabe-sonderausgaben-das-grosse-leserabe-leselernbuch-fantasiegeschichten\/\" \/>\n<meta property=\"og:locale\" content=\"de_DE\" \/>\n<meta property=\"og:type\" content=\"article\" \/>\n<meta property=\"og:title\" content=\"Das gro\u00dfe Leserabe-Leselernbuch: Fantasiegeschichten - der-Schulbedarf.shop\" \/>\n<meta property=\"og:description\" content=\"Von P\u00e4dagogen entwickelt. F\u00fcr Vorschulkinder der 1 und 2 Lesestufe. Spannende Geschichten in Fibelschrift. Steigert die Lesekompetenz. 3 Fantasy Geschichten\" \/>\n<meta property=\"og:url\" content=\"https:\/\/der-schulbedarf.shop\/produkt-des-monats\/produkt\/leserabe-sonderausgaben-das-grosse-leserabe-leselernbuch-fantasiegeschichten\/\" \/>\n<meta property=\"og:site_name\" content=\"der-Schulbedarf.shop\" \/>\n<meta property=\"article:modified_time\" content=\"2025-08-21T05:39:17+00:00\" \/>\n<meta property=\"og:image\" content=\"https:\/\/der-schulbedarf.shop\/wp-content\/uploads\/2023\/06\/46067-720x380-1.webp\" \/>\n\t<meta property=\"og:image:width\" content=\"720\" \/>\n\t<meta property=\"og:image:height\" content=\"380\" \/>\n\t<meta property=\"og:image:type\" content=\"image\/webp\" \/>\n<meta name=\"twitter:card\" content=\"summary_large_image\" \/>\n<meta name=\"twitter:label1\" content=\"Gesch\u00e4tzte Lesezeit\" \/>\n\t<meta name=\"twitter:data1\" content=\"1\u00a0Minute\" \/>\n<script type=\"application\/ld+json\" class=\"yoast-schema-graph\">{\"@context\":\"https:\/\/schema.org\",\"@graph\":[{\"@type\":\"WebPage\",\"@id\":\"https:\/\/der-schulbedarf.shop\/produkt-des-monats\/produkt\/leserabe-sonderausgaben-das-grosse-leserabe-leselernbuch-fantasiegeschichten\/\",\"url\":\"https:\/\/der-schulbedarf.shop\/produkt-des-monats\/produkt\/leserabe-sonderausgaben-das-grosse-leserabe-leselernbuch-fantasiegeschichten\/\",\"name\":\"Das gro\u00dfe Leserabe-Leselernbuch: Fantasiegeschichten - der-Schulbedarf.shop\",\"isPartOf\":{\"@id\":\"https:\/\/der-schulbedarf.shop\/produkt-des-monats\/#website\"},\"primaryImageOfPage\":{\"@id\":\"https:\/\/der-schulbedarf.shop\/produkt-des-monats\/produkt\/leserabe-sonderausgaben-das-grosse-leserabe-leselernbuch-fantasiegeschichten\/#primaryimage\"},\"image\":{\"@id\":\"https:\/\/der-schulbedarf.shop\/produkt-des-monats\/produkt\/leserabe-sonderausgaben-das-grosse-leserabe-leselernbuch-fantasiegeschichten\/#primaryimage\"},\"thumbnailUrl\":\"https:\/\/der-schulbedarf.shop\/wp-content\/uploads\/2023\/06\/46067-720x380-1.webp\",\"datePublished\":\"2023-06-14T06:07:23+00:00\",\"dateModified\":\"2025-08-21T05:39:17+00:00\",\"description\":\"Von P\u00e4dagogen entwickelt. F\u00fcr Vorschulkinder der 1 und 2 Lesestufe. Spannende Geschichten in Fibelschrift. Steigert die Lesekompetenz. 3 Fantasy Geschichten\",\"breadcrumb\":{\"@id\":\"https:\/\/der-schulbedarf.shop\/produkt-des-monats\/produkt\/leserabe-sonderausgaben-das-grosse-leserabe-leselernbuch-fantasiegeschichten\/#breadcrumb\"},\"inLanguage\":\"de\",\"potentialAction\":[{\"@type\":\"ReadAction\",\"target\":[\"https:\/\/der-schulbedarf.shop\/produkt-des-monats\/produkt\/leserabe-sonderausgaben-das-grosse-leserabe-leselernbuch-fantasiegeschichten\/\"]}]},{\"@type\":\"ImageObject\",\"inLanguage\":\"de\",\"@id\":\"https:\/\/der-schulbedarf.shop\/produkt-des-monats\/produkt\/leserabe-sonderausgaben-das-grosse-leserabe-leselernbuch-fantasiegeschichten\/#primaryimage\",\"url\":\"https:\/\/der-schulbedarf.shop\/wp-content\/uploads\/2023\/06\/46067-720x380-1.webp\",\"contentUrl\":\"https:\/\/der-schulbedarf.shop\/wp-content\/uploads\/2023\/06\/46067-720x380-1.webp\",\"width\":720,\"height\":380,\"caption\":\"Fantasiegeschichten\"},{\"@type\":\"BreadcrumbList\",\"@id\":\"https:\/\/der-schulbedarf.shop\/produkt-des-monats\/produkt\/leserabe-sonderausgaben-das-grosse-leserabe-leselernbuch-fantasiegeschichten\/#breadcrumb\",\"itemListElement\":[{\"@type\":\"ListItem\",\"position\":1,\"name\":\"Shop\",\"item\":\"https:\/\/der-schulbedarf.shop\/produkt-des-monats\/shop\/\"},{\"@type\":\"ListItem\",\"position\":2,\"name\":\"Das gro\u00dfe Leserabe-Leselernbuch: Fantasiegeschichten\"}]},{\"@type\":\"WebSite\",\"@id\":\"https:\/\/der-schulbedarf.shop\/produkt-des-monats\/#website\",\"url\":\"https:\/\/der-schulbedarf.shop\/produkt-des-monats\/\",\"name\":\"der-Schulbedarf.shop\",\"description\":\"\",\"publisher\":{\"@id\":\"https:\/\/der-schulbedarf.shop\/produkt-des-monats\/#organization\"},\"potentialAction\":[{\"@type\":\"SearchAction\",\"target\":{\"@type\":\"EntryPoint\",\"urlTemplate\":\"https:\/\/der-schulbedarf.shop\/produkt-des-monats\/?s={search_term_string}\"},\"query-input\":{\"@type\":\"PropertyValueSpecification\",\"valueRequired\":true,\"valueName\":\"search_term_string\"}}],\"inLanguage\":\"de\"},{\"@type\":\"Organization\",\"@id\":\"https:\/\/der-schulbedarf.shop\/produkt-des-monats\/#organization\",\"name\":\"der-Schulbedarf.shop\",\"url\":\"https:\/\/der-schulbedarf.shop\/produkt-des-monats\/\",\"logo\":{\"@type\":\"ImageObject\",\"inLanguage\":\"de\",\"@id\":\"https:\/\/der-schulbedarf.shop\/produkt-des-monats\/#\/schema\/logo\/image\/\",\"url\":\"https:\/\/der-schulbedarf.shop\/wp-content\/uploads\/2024\/02\/grafik-e1709551115899.png\",\"contentUrl\":\"https:\/\/der-schulbedarf.shop\/wp-content\/uploads\/2024\/02\/grafik-e1709551115899.png\",\"width\":80,\"height\":80,\"caption\":\"der-Schulbedarf.shop\"},\"image\":{\"@id\":\"https:\/\/der-schulbedarf.shop\/produkt-des-monats\/#\/schema\/logo\/image\/\"}}]}<\/script>\n<!-- \/ Yoast SEO plugin. -->","yoast_head_json":{"title":"Das gro\u00dfe Leserabe-Leselernbuch: Fantasiegeschichten - der-Schulbedarf.shop","description":"Von P\u00e4dagogen entwickelt. F\u00fcr Vorschulkinder der 1 und 2 Lesestufe. Spannende Geschichten in Fibelschrift. Steigert die Lesekompetenz. 3 Fantasy Geschichten","robots":{"index":"index","follow":"follow","max-snippet":"max-snippet:-1","max-image-preview":"max-image-preview:large","max-video-preview":"max-video-preview:-1"},"canonical":"https:\/\/der-schulbedarf.shop\/produkt-des-monats\/produkt\/leserabe-sonderausgaben-das-grosse-leserabe-leselernbuch-fantasiegeschichten\/","og_locale":"de_DE","og_type":"article","og_title":"Das gro\u00dfe Leserabe-Leselernbuch: Fantasiegeschichten - der-Schulbedarf.shop","og_description":"Von P\u00e4dagogen entwickelt. F\u00fcr Vorschulkinder der 1 und 2 Lesestufe. Spannende Geschichten in Fibelschrift. Steigert die Lesekompetenz. 3 Fantasy Geschichten","og_url":"https:\/\/der-schulbedarf.shop\/produkt-des-monats\/produkt\/leserabe-sonderausgaben-das-grosse-leserabe-leselernbuch-fantasiegeschichten\/","og_site_name":"der-Schulbedarf.shop","article_modified_time":"2025-08-21T05:39:17+00:00","og_image":[{"width":720,"height":380,"url":"https:\/\/der-schulbedarf.shop\/wp-content\/uploads\/2023\/06\/46067-720x380-1.webp","type":"image\/webp"}],"twitter_card":"summary_large_image","twitter_misc":{"Gesch\u00e4tzte Lesezeit":"1\u00a0Minute"},"schema":{"@context":"https:\/\/schema.org","@graph":[{"@type":"WebPage","@id":"https:\/\/der-schulbedarf.shop\/produkt-des-monats\/produkt\/leserabe-sonderausgaben-das-grosse-leserabe-leselernbuch-fantasiegeschichten\/","url":"https:\/\/der-schulbedarf.shop\/produkt-des-monats\/produkt\/leserabe-sonderausgaben-das-grosse-leserabe-leselernbuch-fantasiegeschichten\/","name":"Das gro\u00dfe Leserabe-Leselernbuch: Fantasiegeschichten - der-Schulbedarf.shop","isPartOf":{"@id":"https:\/\/der-schulbedarf.shop\/produkt-des-monats\/#website"},"primaryImageOfPage":{"@id":"https:\/\/der-schulbedarf.shop\/produkt-des-monats\/produkt\/leserabe-sonderausgaben-das-grosse-leserabe-leselernbuch-fantasiegeschichten\/#primaryimage"},"image":{"@id":"https:\/\/der-schulbedarf.shop\/produkt-des-monats\/produkt\/leserabe-sonderausgaben-das-grosse-leserabe-leselernbuch-fantasiegeschichten\/#primaryimage"},"thumbnailUrl":"https:\/\/der-schulbedarf.shop\/wp-content\/uploads\/2023\/06\/46067-720x380-1.webp","datePublished":"2023-06-14T06:07:23+00:00","dateModified":"2025-08-21T05:39:17+00:00","description":"Von P\u00e4dagogen entwickelt. F\u00fcr Vorschulkinder der 1 und 2 Lesestufe. Spannende Geschichten in Fibelschrift. Steigert die Lesekompetenz. 3 Fantasy Geschichten","breadcrumb":{"@id":"https:\/\/der-schulbedarf.shop\/produkt-des-monats\/produkt\/leserabe-sonderausgaben-das-grosse-leserabe-leselernbuch-fantasiegeschichten\/#breadcrumb"},"inLanguage":"de","potentialAction":[{"@type":"ReadAction","target":["https:\/\/der-schulbedarf.shop\/produkt-des-monats\/produkt\/leserabe-sonderausgaben-das-grosse-leserabe-leselernbuch-fantasiegeschichten\/"]}]},{"@type":"ImageObject","inLanguage":"de","@id":"https:\/\/der-schulbedarf.shop\/produkt-des-monats\/produkt\/leserabe-sonderausgaben-das-grosse-leserabe-leselernbuch-fantasiegeschichten\/#primaryimage","url":"https:\/\/der-schulbedarf.shop\/wp-content\/uploads\/2023\/06\/46067-720x380-1.webp","contentUrl":"https:\/\/der-schulbedarf.shop\/wp-content\/uploads\/2023\/06\/46067-720x380-1.webp","width":720,"height":380,"caption":"Fantasiegeschichten"},{"@type":"BreadcrumbList","@id":"https:\/\/der-schulbedarf.shop\/produkt-des-monats\/produkt\/leserabe-sonderausgaben-das-grosse-leserabe-leselernbuch-fantasiegeschichten\/#breadcrumb","itemListElement":[{"@type":"ListItem","position":1,"name":"Shop","item":"https:\/\/der-schulbedarf.shop\/produkt-des-monats\/shop\/"},{"@type":"ListItem","position":2,"name":"Das gro\u00dfe Leserabe-Leselernbuch: Fantasiegeschichten"}]},{"@type":"WebSite","@id":"https:\/\/der-schulbedarf.shop\/produkt-des-monats\/#website","url":"https:\/\/der-schulbedarf.shop\/produkt-des-monats\/","name":"der-Schulbedarf.shop","description":"","publisher":{"@id":"https:\/\/der-schulbedarf.shop\/produkt-des-monats\/#organization"},"potentialAction":[{"@type":"SearchAction","target":{"@type":"EntryPoint","urlTemplate":"https:\/\/der-schulbedarf.shop\/produkt-des-monats\/?s={search_term_string}"},"query-input":{"@type":"PropertyValueSpecification","valueRequired":true,"valueName":"search_term_string"}}],"inLanguage":"de"},{"@type":"Organization","@id":"https:\/\/der-schulbedarf.shop\/produkt-des-monats\/#organization","name":"der-Schulbedarf.shop","url":"https:\/\/der-schulbedarf.shop\/produkt-des-monats\/","logo":{"@type":"ImageObject","inLanguage":"de","@id":"https:\/\/der-schulbedarf.shop\/produkt-des-monats\/#\/schema\/logo\/image\/","url":"https:\/\/der-schulbedarf.shop\/wp-content\/uploads\/2024\/02\/grafik-e1709551115899.png","contentUrl":"https:\/\/der-schulbedarf.shop\/wp-content\/uploads\/2024\/02\/grafik-e1709551115899.png","width":80,"height":80,"caption":"der-Schulbedarf.shop"},"image":{"@id":"https:\/\/der-schulbedarf.shop\/produkt-des-monats\/#\/schema\/logo\/image\/"}}]}},"_links":{"self":[{"href":"https:\/\/der-schulbedarf.shop\/produkt-des-monats\/wp-json\/wp\/v2\/product\/1211","targetHints":{"allow":["GET"]}}],"collection":[{"href":"https:\/\/der-schulbedarf.shop\/produkt-des-monats\/wp-json\/wp\/v2\/product"}],"about":[{"href":"https:\/\/der-schulbedarf.shop\/produkt-des-monats\/wp-json\/wp\/v2\/types\/product"}],"replies":[{"embeddable":true,"href":"https:\/\/der-schulbedarf.shop\/produkt-des-monats\/wp-json\/wp\/v2\/comments?post=1211"}],"wp:featuredmedia":[{"embeddable":true,"href":"https:\/\/der-schulbedarf.shop\/produkt-des-monats\/wp-json\/wp\/v2\/media\/2394"}],"wp:attachment":[{"href":"https:\/\/der-schulbedarf.shop\/produkt-des-monats\/wp-json\/wp\/v2\/media?parent=1211"}],"wp:term":[{"taxonomy":"product_cat","embeddable":true,"href":"https:\/\/der-schulbedarf.shop\/produkt-des-monats\/wp-json\/wp\/v2\/product_cat?post=1211"},{"taxonomy":"product_tag","embeddable":true,"href":"https:\/\/der-schulbedarf.shop\/produkt-des-monats\/wp-json\/wp\/v2\/product_tag?post=1211"}],"curies":[{"name":"wp","href":"https:\/\/api.w.org\/{rel}","templated":true}]}}