{"id":1221,"date":"2023-06-14T05:57:58","date_gmt":"2023-06-14T05:57:58","guid":{"rendered":"https:\/\/der-schulbedarf.Shop\/?post_type=product&#038;p=1221"},"modified":"2025-08-08T14:04:44","modified_gmt":"2025-08-08T14:04:44","slug":"leserabe-sonderausgaben-das-grosse-leserabe-leselernbuch-abenteuergeschichten","status":"publish","type":"product","link":"https:\/\/der-schulbedarf.shop\/produkt-des-monats\/produkt\/leserabe-sonderausgaben-das-grosse-leserabe-leselernbuch-abenteuergeschichten\/","title":{"rendered":"Leserabe &#8211; Sonderausgaben: Das gro\u00dfe Leserabe-Leselernbuch: Abenteuergeschichten"},"content":{"rendered":"<p>3 spannende Abenteuergeschichten in einem Band: Der kleine Pirat geht auf gro\u00dfe Fahrt, ein gef\u00e4hrlicher T-Rex wird \u00fcberlistet und Lucas erlebt gemeinsam mit seinem Papa Abenteuer am st\u00fcrmischen See.<\/p>\n<p>Lesen lernen wie im Flug! Die Kinderb\u00fccher der Reihe Leserabe wurden mit P\u00e4dagogen entwickelt und richten sich an Leseanf\u00e4nger ab dem Vorschulalter. Das gro\u00dfe Leserabe-Leselernbuch enth\u00e4lt 3 Texte f\u00fcr Erstleser mit unterschiedlichem Schwierigkeitsgrad.<br \/>\nDie Vor-Lesestufe erm\u00f6glicht, Kindern im Vorschulalter und deren Eltern als Leseteam erste gemeinsame Leseerlebnisse.<br \/>\nDie kurzen Texte der 1. Lesestufe sind in gro\u00dfer Fibelschrift geschrieben, sichern erste Leseerfolge und steigern die Lesekompetenz.<br \/>\nSpannende Geschichten in Fibelschrift wecken in der 2. Lesestufe die Lesemotivation.<br \/>\nSo werden Leseanf\u00e4nger Schritt f\u00fcr Schritt zum Leseprofi!<\/p>\n<p>Empfohlen von Stiftung Lesen. Weitere Informationen auf leserabe.de.<\/p>\n<p>&nbsp;<\/p>\n<p>&nbsp;<\/p>\n<p>&nbsp;<\/p>\n","protected":false},"excerpt":{"rendered":"<p>3 spannende Abenteuergeschichten in einem Band: Der kleine Pirat geht auf gro\u00dfe Fahrt, ein gef\u00e4hrlicher T-Rex wird \u00fcberlistet und Lucas erlebt gemeinsam mit seinem Papa Abenteuer am st\u00fcrmischen See. Lesen lernen wie im Flug! Die Kinderb\u00fccher der Reihe Leserabe wurden mit P\u00e4dagogen entwickelt und richten sich an Leseanf\u00e4nger ab dem Vorschulalter. Das gro\u00dfe Leserabe-Leselernbuch enth\u00e4lt [&hellip;]<\/p>\n","protected":false},"featured_media":2385,"comment_status":"open","ping_status":"closed","template":"","meta":[],"product_cat":[224,915,944,225,1028],"product_tag":[511,268,192,111,200,201,440,469,532,467,196,197,195,536,473,115,481,114,113,535,112,539,198,181,202,179,189,504,621,360,401,620,529],"class_list":{"0":"post-1221","1":"product","2":"type-product","3":"status-publish","4":"has-post-thumbnail","6":"product_cat-kinderbuecher","7":"product_cat-produkt-feeds","8":"product_cat-produktzufuehrung-geizhal","9":"product_cat-ravensburger-kinderbuecher","10":"product_cat-vorschulalter","11":"product_tag-1-klasse","12":"product_tag-abenteuer","13":"product_tag-antolin","14":"product_tag-beschaeftigung","15":"product_tag-buch","16":"product_tag-buecher","17":"product_tag-dinosaurier","18":"product_tag-einschulung-geschenk","19":"product_tag-einschulung-jungen","20":"product_tag-einschulung-maedchen","21":"product_tag-erstlesebuch","22":"product_tag-erstlesebuecher","23":"product_tag-erstleser","24":"product_tag-erstleser-jungen-1-klasse","25":"product_tag-erstleser-maedchen-1-klasse","26":"product_tag-fuer-jungen","27":"product_tag-fuer-kinder-ab-5-jahre","28":"product_tag-fuer-maedchen","29":"product_tag-geschenk","30":"product_tag-geschenk-jungen-6-jahre","31":"product_tag-geschenkidee","32":"product_tag-jungen","33":"product_tag-kinderbuch","34":"product_tag-kinderbuecher","35":"product_tag-lesen","36":"product_tag-lesen-lernen","37":"product_tag-maedchen","38":"product_tag-maedchen-geschenke-6-jahre","39":"product_tag-piraten","40":"product_tag-spannend","41":"product_tag-spannung","42":"product_tag-sticker","43":"product_tag-t-rex","44":"post","45":"post-with-thumbnail","46":"post-with-thumbnail-large","48":"first","49":"outofstock","50":"taxable","51":"shipping-taxable","52":"purchasable","53":"product-type-simple"},"yoast_head":"<!-- This site is optimized with the Yoast SEO plugin v26.6 - https:\/\/yoast.com\/wordpress\/plugins\/seo\/ -->\n<title>Leserabe - Sonderausgaben: Das gro\u00dfe Leserabe-Leselernbuch: Abenteuergeschichten - der-Schulbedarf.shop<\/title>\n<meta name=\"description\" content=\"Von P\u00e4dagogen entwickelt. 3 Spannende Geschichten f\u00fcr Kinder im Vorschulalter. Spannende Geschichten in Fibelschrift wecken die Lesemotivation.\" \/>\n<meta name=\"robots\" content=\"index, follow, max-snippet:-1, max-image-preview:large, max-video-preview:-1\" \/>\n<link rel=\"canonical\" href=\"https:\/\/der-schulbedarf.shop\/produkt-des-monats\/produkt\/leserabe-sonderausgaben-das-grosse-leserabe-leselernbuch-abenteuergeschichten\/\" \/>\n<meta property=\"og:locale\" content=\"de_DE\" \/>\n<meta property=\"og:type\" content=\"article\" \/>\n<meta property=\"og:title\" content=\"Leserabe - Sonderausgaben: Das gro\u00dfe Leserabe-Leselernbuch: Abenteuergeschichten - der-Schulbedarf.shop\" \/>\n<meta property=\"og:description\" content=\"Von P\u00e4dagogen entwickelt. 3 Spannende Geschichten f\u00fcr Kinder im Vorschulalter. Spannende Geschichten in Fibelschrift wecken die Lesemotivation.\" \/>\n<meta property=\"og:url\" content=\"https:\/\/der-schulbedarf.shop\/produkt-des-monats\/produkt\/leserabe-sonderausgaben-das-grosse-leserabe-leselernbuch-abenteuergeschichten\/\" \/>\n<meta property=\"og:site_name\" content=\"der-Schulbedarf.shop\" \/>\n<meta property=\"article:modified_time\" content=\"2025-08-08T14:04:44+00:00\" \/>\n<meta property=\"og:image\" content=\"https:\/\/der-schulbedarf.shop\/wp-content\/uploads\/2023\/06\/46068-720x380-1.webp\" \/>\n\t<meta property=\"og:image:width\" content=\"720\" \/>\n\t<meta property=\"og:image:height\" content=\"380\" \/>\n\t<meta property=\"og:image:type\" content=\"image\/webp\" \/>\n<meta name=\"twitter:card\" content=\"summary_large_image\" \/>\n<meta name=\"twitter:label1\" content=\"Gesch\u00e4tzte Lesezeit\" \/>\n\t<meta name=\"twitter:data1\" content=\"1\u00a0Minute\" \/>\n<script type=\"application\/ld+json\" class=\"yoast-schema-graph\">{\"@context\":\"https:\/\/schema.org\",\"@graph\":[{\"@type\":\"WebPage\",\"@id\":\"https:\/\/der-schulbedarf.shop\/produkt-des-monats\/produkt\/leserabe-sonderausgaben-das-grosse-leserabe-leselernbuch-abenteuergeschichten\/\",\"url\":\"https:\/\/der-schulbedarf.shop\/produkt-des-monats\/produkt\/leserabe-sonderausgaben-das-grosse-leserabe-leselernbuch-abenteuergeschichten\/\",\"name\":\"Leserabe - Sonderausgaben: Das gro\u00dfe Leserabe-Leselernbuch: Abenteuergeschichten - der-Schulbedarf.shop\",\"isPartOf\":{\"@id\":\"https:\/\/der-schulbedarf.shop\/produkt-des-monats\/#website\"},\"primaryImageOfPage\":{\"@id\":\"https:\/\/der-schulbedarf.shop\/produkt-des-monats\/produkt\/leserabe-sonderausgaben-das-grosse-leserabe-leselernbuch-abenteuergeschichten\/#primaryimage\"},\"image\":{\"@id\":\"https:\/\/der-schulbedarf.shop\/produkt-des-monats\/produkt\/leserabe-sonderausgaben-das-grosse-leserabe-leselernbuch-abenteuergeschichten\/#primaryimage\"},\"thumbnailUrl\":\"https:\/\/der-schulbedarf.shop\/wp-content\/uploads\/2023\/06\/46068-720x380-1.webp\",\"datePublished\":\"2023-06-14T05:57:58+00:00\",\"dateModified\":\"2025-08-08T14:04:44+00:00\",\"description\":\"Von P\u00e4dagogen entwickelt. 3 Spannende Geschichten f\u00fcr Kinder im Vorschulalter. Spannende Geschichten in Fibelschrift wecken die Lesemotivation.\",\"breadcrumb\":{\"@id\":\"https:\/\/der-schulbedarf.shop\/produkt-des-monats\/produkt\/leserabe-sonderausgaben-das-grosse-leserabe-leselernbuch-abenteuergeschichten\/#breadcrumb\"},\"inLanguage\":\"de\",\"potentialAction\":[{\"@type\":\"ReadAction\",\"target\":[\"https:\/\/der-schulbedarf.shop\/produkt-des-monats\/produkt\/leserabe-sonderausgaben-das-grosse-leserabe-leselernbuch-abenteuergeschichten\/\"]}]},{\"@type\":\"ImageObject\",\"inLanguage\":\"de\",\"@id\":\"https:\/\/der-schulbedarf.shop\/produkt-des-monats\/produkt\/leserabe-sonderausgaben-das-grosse-leserabe-leselernbuch-abenteuergeschichten\/#primaryimage\",\"url\":\"https:\/\/der-schulbedarf.shop\/wp-content\/uploads\/2023\/06\/46068-720x380-1.webp\",\"contentUrl\":\"https:\/\/der-schulbedarf.shop\/wp-content\/uploads\/2023\/06\/46068-720x380-1.webp\",\"width\":720,\"height\":380,\"caption\":\"Abenteuergeschichten\"},{\"@type\":\"BreadcrumbList\",\"@id\":\"https:\/\/der-schulbedarf.shop\/produkt-des-monats\/produkt\/leserabe-sonderausgaben-das-grosse-leserabe-leselernbuch-abenteuergeschichten\/#breadcrumb\",\"itemListElement\":[{\"@type\":\"ListItem\",\"position\":1,\"name\":\"Shop\",\"item\":\"https:\/\/der-schulbedarf.shop\/produkt-des-monats\/shop\/\"},{\"@type\":\"ListItem\",\"position\":2,\"name\":\"Leserabe &#8211; Sonderausgaben: Das gro\u00dfe Leserabe-Leselernbuch: Abenteuergeschichten\"}]},{\"@type\":\"WebSite\",\"@id\":\"https:\/\/der-schulbedarf.shop\/produkt-des-monats\/#website\",\"url\":\"https:\/\/der-schulbedarf.shop\/produkt-des-monats\/\",\"name\":\"der-Schulbedarf.shop\",\"description\":\"\",\"publisher\":{\"@id\":\"https:\/\/der-schulbedarf.shop\/produkt-des-monats\/#organization\"},\"potentialAction\":[{\"@type\":\"SearchAction\",\"target\":{\"@type\":\"EntryPoint\",\"urlTemplate\":\"https:\/\/der-schulbedarf.shop\/produkt-des-monats\/?s={search_term_string}\"},\"query-input\":{\"@type\":\"PropertyValueSpecification\",\"valueRequired\":true,\"valueName\":\"search_term_string\"}}],\"inLanguage\":\"de\"},{\"@type\":\"Organization\",\"@id\":\"https:\/\/der-schulbedarf.shop\/produkt-des-monats\/#organization\",\"name\":\"der-Schulbedarf.shop\",\"url\":\"https:\/\/der-schulbedarf.shop\/produkt-des-monats\/\",\"logo\":{\"@type\":\"ImageObject\",\"inLanguage\":\"de\",\"@id\":\"https:\/\/der-schulbedarf.shop\/produkt-des-monats\/#\/schema\/logo\/image\/\",\"url\":\"https:\/\/der-schulbedarf.shop\/wp-content\/uploads\/2024\/02\/grafik-e1709551115899.png\",\"contentUrl\":\"https:\/\/der-schulbedarf.shop\/wp-content\/uploads\/2024\/02\/grafik-e1709551115899.png\",\"width\":80,\"height\":80,\"caption\":\"der-Schulbedarf.shop\"},\"image\":{\"@id\":\"https:\/\/der-schulbedarf.shop\/produkt-des-monats\/#\/schema\/logo\/image\/\"}}]}<\/script>\n<!-- \/ Yoast SEO plugin. -->","yoast_head_json":{"title":"Leserabe - Sonderausgaben: Das gro\u00dfe Leserabe-Leselernbuch: Abenteuergeschichten - der-Schulbedarf.shop","description":"Von P\u00e4dagogen entwickelt. 3 Spannende Geschichten f\u00fcr Kinder im Vorschulalter. Spannende Geschichten in Fibelschrift wecken die Lesemotivation.","robots":{"index":"index","follow":"follow","max-snippet":"max-snippet:-1","max-image-preview":"max-image-preview:large","max-video-preview":"max-video-preview:-1"},"canonical":"https:\/\/der-schulbedarf.shop\/produkt-des-monats\/produkt\/leserabe-sonderausgaben-das-grosse-leserabe-leselernbuch-abenteuergeschichten\/","og_locale":"de_DE","og_type":"article","og_title":"Leserabe - Sonderausgaben: Das gro\u00dfe Leserabe-Leselernbuch: Abenteuergeschichten - der-Schulbedarf.shop","og_description":"Von P\u00e4dagogen entwickelt. 3 Spannende Geschichten f\u00fcr Kinder im Vorschulalter. Spannende Geschichten in Fibelschrift wecken die Lesemotivation.","og_url":"https:\/\/der-schulbedarf.shop\/produkt-des-monats\/produkt\/leserabe-sonderausgaben-das-grosse-leserabe-leselernbuch-abenteuergeschichten\/","og_site_name":"der-Schulbedarf.shop","article_modified_time":"2025-08-08T14:04:44+00:00","og_image":[{"width":720,"height":380,"url":"https:\/\/der-schulbedarf.shop\/wp-content\/uploads\/2023\/06\/46068-720x380-1.webp","type":"image\/webp"}],"twitter_card":"summary_large_image","twitter_misc":{"Gesch\u00e4tzte Lesezeit":"1\u00a0Minute"},"schema":{"@context":"https:\/\/schema.org","@graph":[{"@type":"WebPage","@id":"https:\/\/der-schulbedarf.shop\/produkt-des-monats\/produkt\/leserabe-sonderausgaben-das-grosse-leserabe-leselernbuch-abenteuergeschichten\/","url":"https:\/\/der-schulbedarf.shop\/produkt-des-monats\/produkt\/leserabe-sonderausgaben-das-grosse-leserabe-leselernbuch-abenteuergeschichten\/","name":"Leserabe - Sonderausgaben: Das gro\u00dfe Leserabe-Leselernbuch: Abenteuergeschichten - der-Schulbedarf.shop","isPartOf":{"@id":"https:\/\/der-schulbedarf.shop\/produkt-des-monats\/#website"},"primaryImageOfPage":{"@id":"https:\/\/der-schulbedarf.shop\/produkt-des-monats\/produkt\/leserabe-sonderausgaben-das-grosse-leserabe-leselernbuch-abenteuergeschichten\/#primaryimage"},"image":{"@id":"https:\/\/der-schulbedarf.shop\/produkt-des-monats\/produkt\/leserabe-sonderausgaben-das-grosse-leserabe-leselernbuch-abenteuergeschichten\/#primaryimage"},"thumbnailUrl":"https:\/\/der-schulbedarf.shop\/wp-content\/uploads\/2023\/06\/46068-720x380-1.webp","datePublished":"2023-06-14T05:57:58+00:00","dateModified":"2025-08-08T14:04:44+00:00","description":"Von P\u00e4dagogen entwickelt. 3 Spannende Geschichten f\u00fcr Kinder im Vorschulalter. Spannende Geschichten in Fibelschrift wecken die Lesemotivation.","breadcrumb":{"@id":"https:\/\/der-schulbedarf.shop\/produkt-des-monats\/produkt\/leserabe-sonderausgaben-das-grosse-leserabe-leselernbuch-abenteuergeschichten\/#breadcrumb"},"inLanguage":"de","potentialAction":[{"@type":"ReadAction","target":["https:\/\/der-schulbedarf.shop\/produkt-des-monats\/produkt\/leserabe-sonderausgaben-das-grosse-leserabe-leselernbuch-abenteuergeschichten\/"]}]},{"@type":"ImageObject","inLanguage":"de","@id":"https:\/\/der-schulbedarf.shop\/produkt-des-monats\/produkt\/leserabe-sonderausgaben-das-grosse-leserabe-leselernbuch-abenteuergeschichten\/#primaryimage","url":"https:\/\/der-schulbedarf.shop\/wp-content\/uploads\/2023\/06\/46068-720x380-1.webp","contentUrl":"https:\/\/der-schulbedarf.shop\/wp-content\/uploads\/2023\/06\/46068-720x380-1.webp","width":720,"height":380,"caption":"Abenteuergeschichten"},{"@type":"BreadcrumbList","@id":"https:\/\/der-schulbedarf.shop\/produkt-des-monats\/produkt\/leserabe-sonderausgaben-das-grosse-leserabe-leselernbuch-abenteuergeschichten\/#breadcrumb","itemListElement":[{"@type":"ListItem","position":1,"name":"Shop","item":"https:\/\/der-schulbedarf.shop\/produkt-des-monats\/shop\/"},{"@type":"ListItem","position":2,"name":"Leserabe &#8211; Sonderausgaben: Das gro\u00dfe Leserabe-Leselernbuch: Abenteuergeschichten"}]},{"@type":"WebSite","@id":"https:\/\/der-schulbedarf.shop\/produkt-des-monats\/#website","url":"https:\/\/der-schulbedarf.shop\/produkt-des-monats\/","name":"der-Schulbedarf.shop","description":"","publisher":{"@id":"https:\/\/der-schulbedarf.shop\/produkt-des-monats\/#organization"},"potentialAction":[{"@type":"SearchAction","target":{"@type":"EntryPoint","urlTemplate":"https:\/\/der-schulbedarf.shop\/produkt-des-monats\/?s={search_term_string}"},"query-input":{"@type":"PropertyValueSpecification","valueRequired":true,"valueName":"search_term_string"}}],"inLanguage":"de"},{"@type":"Organization","@id":"https:\/\/der-schulbedarf.shop\/produkt-des-monats\/#organization","name":"der-Schulbedarf.shop","url":"https:\/\/der-schulbedarf.shop\/produkt-des-monats\/","logo":{"@type":"ImageObject","inLanguage":"de","@id":"https:\/\/der-schulbedarf.shop\/produkt-des-monats\/#\/schema\/logo\/image\/","url":"https:\/\/der-schulbedarf.shop\/wp-content\/uploads\/2024\/02\/grafik-e1709551115899.png","contentUrl":"https:\/\/der-schulbedarf.shop\/wp-content\/uploads\/2024\/02\/grafik-e1709551115899.png","width":80,"height":80,"caption":"der-Schulbedarf.shop"},"image":{"@id":"https:\/\/der-schulbedarf.shop\/produkt-des-monats\/#\/schema\/logo\/image\/"}}]}},"_links":{"self":[{"href":"https:\/\/der-schulbedarf.shop\/produkt-des-monats\/wp-json\/wp\/v2\/product\/1221","targetHints":{"allow":["GET"]}}],"collection":[{"href":"https:\/\/der-schulbedarf.shop\/produkt-des-monats\/wp-json\/wp\/v2\/product"}],"about":[{"href":"https:\/\/der-schulbedarf.shop\/produkt-des-monats\/wp-json\/wp\/v2\/types\/product"}],"replies":[{"embeddable":true,"href":"https:\/\/der-schulbedarf.shop\/produkt-des-monats\/wp-json\/wp\/v2\/comments?post=1221"}],"wp:featuredmedia":[{"embeddable":true,"href":"https:\/\/der-schulbedarf.shop\/produkt-des-monats\/wp-json\/wp\/v2\/media\/2385"}],"wp:attachment":[{"href":"https:\/\/der-schulbedarf.shop\/produkt-des-monats\/wp-json\/wp\/v2\/media?parent=1221"}],"wp:term":[{"taxonomy":"product_cat","embeddable":true,"href":"https:\/\/der-schulbedarf.shop\/produkt-des-monats\/wp-json\/wp\/v2\/product_cat?post=1221"},{"taxonomy":"product_tag","embeddable":true,"href":"https:\/\/der-schulbedarf.shop\/produkt-des-monats\/wp-json\/wp\/v2\/product_tag?post=1221"}],"curies":[{"name":"wp","href":"https:\/\/api.w.org\/{rel}","templated":true}]}}