{"id":1276,"date":"2023-06-14T05:29:53","date_gmt":"2023-06-14T05:29:53","guid":{"rendered":"https:\/\/der-schulbedarf.Shop\/?post_type=product&#038;p=1276"},"modified":"2025-08-22T10:15:23","modified_gmt":"2025-08-22T10:15:23","slug":"emily-meermaedchen-band-1-das-grosse-geheimnis","status":"publish","type":"product","link":"https:\/\/der-schulbedarf.shop\/produkt-des-monats\/produkt\/emily-meermaedchen-band-1-das-grosse-geheimnis\/","title":{"rendered":"Emily Meerm\u00e4dchen, Band 1: Das gro\u00dfe Geheimnis"},"content":{"rendered":"<p>Erlebe mit Emily Meerm\u00e4dchen die Magie des Meeres<\/p>\n<p>Emily f\u00fchlt sich vom Meer magisch angezogen. Doch ihre Mutter m\u00f6chte, dass sie am Strand bleibt und nicht ins Wasser geht. Denn die Wellen und der Ozean sind gef\u00e4hrlich! Deshalb schleicht sich Emily heimlich vom Boot. Nie h\u00e4tte sie sich tr\u00e4umen lassen, welches Abenteuer sie in der Unterwasserwelt erwartet &#8211; als Meerjungfrau mit einer schillernden Flosse.<\/p>\n<p>Die Erstlesereihe um das Meerm\u00e4dchen Emily verzaubert schon Kinder ab 6 Jahren. Durch die vielen fantasievollen Bilder k\u00f6nnen auch unge\u00fcbte Leserinnen und Leser ganz in die spannende Geschichte eintauchen. Gemeinsam mit der sympathischen Emily erleben die M\u00e4dchen und Jungen in der 1. oder 2. Klasse jede Menge Abenteuer an Land und im Wasser.<\/p>\n","protected":false},"excerpt":{"rendered":"<p>Erlebe mit Emily Meerm\u00e4dchen die Magie des Meeres<\/p>\n<p>Emily f\u00fchlt sich vom Meer magisch angezogen. Doch ihre Mutter m\u00f6chte, dass sie am Strand bleibt und nicht ins Wasser geht. Denn die Wellen und der Ozean sind gef\u00e4hrlich! Deshalb schleicht sich Emily heimlich vom Boot. Nie h\u00e4tte sie sich tr\u00e4umen lassen, welches Abenteuer sie in der Unterwasserwelt erwartet &#8211; als Meerjungfrau mit einer schillernden Flosse.<\/p>\n<p>&nbsp;<\/p>\n","protected":false},"featured_media":2363,"comment_status":"open","ping_status":"closed","template":"","meta":[],"product_cat":[224,915,944,37,225],"product_tag":[111,124,107,115,116,114],"class_list":{"0":"post-1276","1":"product","2":"type-product","3":"status-publish","4":"has-post-thumbnail","6":"product_cat-kinderbuecher","7":"product_cat-produkt-feeds","8":"product_cat-produktzufuehrung-geizhal","9":"product_cat-ravensburger","10":"product_cat-ravensburger-kinderbuecher","11":"product_tag-beschaeftigung","12":"product_tag-beschaeftigung-fuer-zuhause","13":"product_tag-beschaeftigung-kinder","14":"product_tag-fuer-jungen","15":"product_tag-fuer-kinder","16":"product_tag-fuer-maedchen","17":"post","18":"post-with-thumbnail","19":"post-with-thumbnail-large","21":"first","22":"outofstock","23":"taxable","24":"shipping-taxable","25":"purchasable","26":"product-type-simple"},"yoast_head":"<!-- This site is optimized with the Yoast SEO plugin v26.6 - https:\/\/yoast.com\/wordpress\/plugins\/seo\/ -->\n<title>Emily Meerm\u00e4dchen, Band 1: Das gro\u00dfe Geheimnis - der-Schulbedarf.shop<\/title>\n<meta name=\"robots\" content=\"index, follow, max-snippet:-1, max-image-preview:large, max-video-preview:-1\" \/>\n<link rel=\"canonical\" href=\"https:\/\/der-schulbedarf.shop\/produkt-des-monats\/produkt\/emily-meermaedchen-band-1-das-grosse-geheimnis\/\" \/>\n<meta property=\"og:locale\" content=\"de_DE\" \/>\n<meta property=\"og:type\" content=\"article\" \/>\n<meta property=\"og:title\" content=\"Emily Meerm\u00e4dchen, Band 1: Das gro\u00dfe Geheimnis - der-Schulbedarf.shop\" \/>\n<meta property=\"og:description\" content=\"Erlebe mit Emily Meerm\u00e4dchen die Magie des Meeres  Emily f\u00fchlt sich vom Meer magisch angezogen. Doch ihre Mutter m\u00f6chte, dass sie am Strand bleibt und nicht ins Wasser geht. Denn die Wellen und der Ozean sind gef\u00e4hrlich! Deshalb schleicht sich Emily heimlich vom Boot. Nie h\u00e4tte sie sich tr\u00e4umen lassen, welches Abenteuer sie in der Unterwasserwelt erwartet - als Meerjungfrau mit einer schillernden Flosse.  &nbsp;\" \/>\n<meta property=\"og:url\" content=\"https:\/\/der-schulbedarf.shop\/produkt-des-monats\/produkt\/emily-meermaedchen-band-1-das-grosse-geheimnis\/\" \/>\n<meta property=\"og:site_name\" content=\"der-Schulbedarf.shop\" \/>\n<meta property=\"article:modified_time\" content=\"2025-08-22T10:15:23+00:00\" \/>\n<meta property=\"og:image\" content=\"https:\/\/der-schulbedarf.shop\/wp-content\/uploads\/2023\/06\/46250-720x380-1.webp\" \/>\n\t<meta property=\"og:image:width\" content=\"720\" \/>\n\t<meta property=\"og:image:height\" content=\"380\" \/>\n\t<meta property=\"og:image:type\" content=\"image\/webp\" \/>\n<meta name=\"twitter:card\" content=\"summary_large_image\" \/>\n<meta name=\"twitter:label1\" content=\"Gesch\u00e4tzte Lesezeit\" \/>\n\t<meta name=\"twitter:data1\" content=\"1\u00a0Minute\" \/>\n<script type=\"application\/ld+json\" class=\"yoast-schema-graph\">{\"@context\":\"https:\/\/schema.org\",\"@graph\":[{\"@type\":\"WebPage\",\"@id\":\"https:\/\/der-schulbedarf.shop\/produkt-des-monats\/produkt\/emily-meermaedchen-band-1-das-grosse-geheimnis\/\",\"url\":\"https:\/\/der-schulbedarf.shop\/produkt-des-monats\/produkt\/emily-meermaedchen-band-1-das-grosse-geheimnis\/\",\"name\":\"Emily Meerm\u00e4dchen, Band 1: Das gro\u00dfe Geheimnis - der-Schulbedarf.shop\",\"isPartOf\":{\"@id\":\"https:\/\/der-schulbedarf.shop\/produkt-des-monats\/#website\"},\"primaryImageOfPage\":{\"@id\":\"https:\/\/der-schulbedarf.shop\/produkt-des-monats\/produkt\/emily-meermaedchen-band-1-das-grosse-geheimnis\/#primaryimage\"},\"image\":{\"@id\":\"https:\/\/der-schulbedarf.shop\/produkt-des-monats\/produkt\/emily-meermaedchen-band-1-das-grosse-geheimnis\/#primaryimage\"},\"thumbnailUrl\":\"https:\/\/der-schulbedarf.shop\/wp-content\/uploads\/2023\/06\/46250-720x380-1.webp\",\"datePublished\":\"2023-06-14T05:29:53+00:00\",\"dateModified\":\"2025-08-22T10:15:23+00:00\",\"breadcrumb\":{\"@id\":\"https:\/\/der-schulbedarf.shop\/produkt-des-monats\/produkt\/emily-meermaedchen-band-1-das-grosse-geheimnis\/#breadcrumb\"},\"inLanguage\":\"de\",\"potentialAction\":[{\"@type\":\"ReadAction\",\"target\":[\"https:\/\/der-schulbedarf.shop\/produkt-des-monats\/produkt\/emily-meermaedchen-band-1-das-grosse-geheimnis\/\"]}]},{\"@type\":\"ImageObject\",\"inLanguage\":\"de\",\"@id\":\"https:\/\/der-schulbedarf.shop\/produkt-des-monats\/produkt\/emily-meermaedchen-band-1-das-grosse-geheimnis\/#primaryimage\",\"url\":\"https:\/\/der-schulbedarf.shop\/wp-content\/uploads\/2023\/06\/46250-720x380-1.webp\",\"contentUrl\":\"https:\/\/der-schulbedarf.shop\/wp-content\/uploads\/2023\/06\/46250-720x380-1.webp\",\"width\":720,\"height\":380,\"caption\":\"Das gro\u00dfe Geheimnis\"},{\"@type\":\"BreadcrumbList\",\"@id\":\"https:\/\/der-schulbedarf.shop\/produkt-des-monats\/produkt\/emily-meermaedchen-band-1-das-grosse-geheimnis\/#breadcrumb\",\"itemListElement\":[{\"@type\":\"ListItem\",\"position\":1,\"name\":\"Shop\",\"item\":\"https:\/\/der-schulbedarf.shop\/produkt-des-monats\/shop\/\"},{\"@type\":\"ListItem\",\"position\":2,\"name\":\"Emily Meerm\u00e4dchen, Band 1: Das gro\u00dfe Geheimnis\"}]},{\"@type\":\"WebSite\",\"@id\":\"https:\/\/der-schulbedarf.shop\/produkt-des-monats\/#website\",\"url\":\"https:\/\/der-schulbedarf.shop\/produkt-des-monats\/\",\"name\":\"der-Schulbedarf.shop\",\"description\":\"\",\"publisher\":{\"@id\":\"https:\/\/der-schulbedarf.shop\/produkt-des-monats\/#organization\"},\"potentialAction\":[{\"@type\":\"SearchAction\",\"target\":{\"@type\":\"EntryPoint\",\"urlTemplate\":\"https:\/\/der-schulbedarf.shop\/produkt-des-monats\/?s={search_term_string}\"},\"query-input\":{\"@type\":\"PropertyValueSpecification\",\"valueRequired\":true,\"valueName\":\"search_term_string\"}}],\"inLanguage\":\"de\"},{\"@type\":\"Organization\",\"@id\":\"https:\/\/der-schulbedarf.shop\/produkt-des-monats\/#organization\",\"name\":\"der-Schulbedarf.shop\",\"url\":\"https:\/\/der-schulbedarf.shop\/produkt-des-monats\/\",\"logo\":{\"@type\":\"ImageObject\",\"inLanguage\":\"de\",\"@id\":\"https:\/\/der-schulbedarf.shop\/produkt-des-monats\/#\/schema\/logo\/image\/\",\"url\":\"https:\/\/der-schulbedarf.shop\/wp-content\/uploads\/2024\/02\/grafik-e1709551115899.png\",\"contentUrl\":\"https:\/\/der-schulbedarf.shop\/wp-content\/uploads\/2024\/02\/grafik-e1709551115899.png\",\"width\":80,\"height\":80,\"caption\":\"der-Schulbedarf.shop\"},\"image\":{\"@id\":\"https:\/\/der-schulbedarf.shop\/produkt-des-monats\/#\/schema\/logo\/image\/\"}}]}<\/script>\n<!-- \/ Yoast SEO plugin. -->","yoast_head_json":{"title":"Emily Meerm\u00e4dchen, Band 1: Das gro\u00dfe Geheimnis - der-Schulbedarf.shop","robots":{"index":"index","follow":"follow","max-snippet":"max-snippet:-1","max-image-preview":"max-image-preview:large","max-video-preview":"max-video-preview:-1"},"canonical":"https:\/\/der-schulbedarf.shop\/produkt-des-monats\/produkt\/emily-meermaedchen-band-1-das-grosse-geheimnis\/","og_locale":"de_DE","og_type":"article","og_title":"Emily Meerm\u00e4dchen, Band 1: Das gro\u00dfe Geheimnis - der-Schulbedarf.shop","og_description":"Erlebe mit Emily Meerm\u00e4dchen die Magie des Meeres  Emily f\u00fchlt sich vom Meer magisch angezogen. Doch ihre Mutter m\u00f6chte, dass sie am Strand bleibt und nicht ins Wasser geht. Denn die Wellen und der Ozean sind gef\u00e4hrlich! Deshalb schleicht sich Emily heimlich vom Boot. Nie h\u00e4tte sie sich tr\u00e4umen lassen, welches Abenteuer sie in der Unterwasserwelt erwartet - als Meerjungfrau mit einer schillernden Flosse.  &nbsp;","og_url":"https:\/\/der-schulbedarf.shop\/produkt-des-monats\/produkt\/emily-meermaedchen-band-1-das-grosse-geheimnis\/","og_site_name":"der-Schulbedarf.shop","article_modified_time":"2025-08-22T10:15:23+00:00","og_image":[{"width":720,"height":380,"url":"https:\/\/der-schulbedarf.shop\/wp-content\/uploads\/2023\/06\/46250-720x380-1.webp","type":"image\/webp"}],"twitter_card":"summary_large_image","twitter_misc":{"Gesch\u00e4tzte Lesezeit":"1\u00a0Minute"},"schema":{"@context":"https:\/\/schema.org","@graph":[{"@type":"WebPage","@id":"https:\/\/der-schulbedarf.shop\/produkt-des-monats\/produkt\/emily-meermaedchen-band-1-das-grosse-geheimnis\/","url":"https:\/\/der-schulbedarf.shop\/produkt-des-monats\/produkt\/emily-meermaedchen-band-1-das-grosse-geheimnis\/","name":"Emily Meerm\u00e4dchen, Band 1: Das gro\u00dfe Geheimnis - der-Schulbedarf.shop","isPartOf":{"@id":"https:\/\/der-schulbedarf.shop\/produkt-des-monats\/#website"},"primaryImageOfPage":{"@id":"https:\/\/der-schulbedarf.shop\/produkt-des-monats\/produkt\/emily-meermaedchen-band-1-das-grosse-geheimnis\/#primaryimage"},"image":{"@id":"https:\/\/der-schulbedarf.shop\/produkt-des-monats\/produkt\/emily-meermaedchen-band-1-das-grosse-geheimnis\/#primaryimage"},"thumbnailUrl":"https:\/\/der-schulbedarf.shop\/wp-content\/uploads\/2023\/06\/46250-720x380-1.webp","datePublished":"2023-06-14T05:29:53+00:00","dateModified":"2025-08-22T10:15:23+00:00","breadcrumb":{"@id":"https:\/\/der-schulbedarf.shop\/produkt-des-monats\/produkt\/emily-meermaedchen-band-1-das-grosse-geheimnis\/#breadcrumb"},"inLanguage":"de","potentialAction":[{"@type":"ReadAction","target":["https:\/\/der-schulbedarf.shop\/produkt-des-monats\/produkt\/emily-meermaedchen-band-1-das-grosse-geheimnis\/"]}]},{"@type":"ImageObject","inLanguage":"de","@id":"https:\/\/der-schulbedarf.shop\/produkt-des-monats\/produkt\/emily-meermaedchen-band-1-das-grosse-geheimnis\/#primaryimage","url":"https:\/\/der-schulbedarf.shop\/wp-content\/uploads\/2023\/06\/46250-720x380-1.webp","contentUrl":"https:\/\/der-schulbedarf.shop\/wp-content\/uploads\/2023\/06\/46250-720x380-1.webp","width":720,"height":380,"caption":"Das gro\u00dfe Geheimnis"},{"@type":"BreadcrumbList","@id":"https:\/\/der-schulbedarf.shop\/produkt-des-monats\/produkt\/emily-meermaedchen-band-1-das-grosse-geheimnis\/#breadcrumb","itemListElement":[{"@type":"ListItem","position":1,"name":"Shop","item":"https:\/\/der-schulbedarf.shop\/produkt-des-monats\/shop\/"},{"@type":"ListItem","position":2,"name":"Emily Meerm\u00e4dchen, Band 1: Das gro\u00dfe Geheimnis"}]},{"@type":"WebSite","@id":"https:\/\/der-schulbedarf.shop\/produkt-des-monats\/#website","url":"https:\/\/der-schulbedarf.shop\/produkt-des-monats\/","name":"der-Schulbedarf.shop","description":"","publisher":{"@id":"https:\/\/der-schulbedarf.shop\/produkt-des-monats\/#organization"},"potentialAction":[{"@type":"SearchAction","target":{"@type":"EntryPoint","urlTemplate":"https:\/\/der-schulbedarf.shop\/produkt-des-monats\/?s={search_term_string}"},"query-input":{"@type":"PropertyValueSpecification","valueRequired":true,"valueName":"search_term_string"}}],"inLanguage":"de"},{"@type":"Organization","@id":"https:\/\/der-schulbedarf.shop\/produkt-des-monats\/#organization","name":"der-Schulbedarf.shop","url":"https:\/\/der-schulbedarf.shop\/produkt-des-monats\/","logo":{"@type":"ImageObject","inLanguage":"de","@id":"https:\/\/der-schulbedarf.shop\/produkt-des-monats\/#\/schema\/logo\/image\/","url":"https:\/\/der-schulbedarf.shop\/wp-content\/uploads\/2024\/02\/grafik-e1709551115899.png","contentUrl":"https:\/\/der-schulbedarf.shop\/wp-content\/uploads\/2024\/02\/grafik-e1709551115899.png","width":80,"height":80,"caption":"der-Schulbedarf.shop"},"image":{"@id":"https:\/\/der-schulbedarf.shop\/produkt-des-monats\/#\/schema\/logo\/image\/"}}]}},"_links":{"self":[{"href":"https:\/\/der-schulbedarf.shop\/produkt-des-monats\/wp-json\/wp\/v2\/product\/1276","targetHints":{"allow":["GET"]}}],"collection":[{"href":"https:\/\/der-schulbedarf.shop\/produkt-des-monats\/wp-json\/wp\/v2\/product"}],"about":[{"href":"https:\/\/der-schulbedarf.shop\/produkt-des-monats\/wp-json\/wp\/v2\/types\/product"}],"replies":[{"embeddable":true,"href":"https:\/\/der-schulbedarf.shop\/produkt-des-monats\/wp-json\/wp\/v2\/comments?post=1276"}],"wp:featuredmedia":[{"embeddable":true,"href":"https:\/\/der-schulbedarf.shop\/produkt-des-monats\/wp-json\/wp\/v2\/media\/2363"}],"wp:attachment":[{"href":"https:\/\/der-schulbedarf.shop\/produkt-des-monats\/wp-json\/wp\/v2\/media?parent=1276"}],"wp:term":[{"taxonomy":"product_cat","embeddable":true,"href":"https:\/\/der-schulbedarf.shop\/produkt-des-monats\/wp-json\/wp\/v2\/product_cat?post=1276"},{"taxonomy":"product_tag","embeddable":true,"href":"https:\/\/der-schulbedarf.shop\/produkt-des-monats\/wp-json\/wp\/v2\/product_tag?post=1276"}],"curies":[{"name":"wp","href":"https:\/\/api.w.org\/{rel}","templated":true}]}}