{"id":1282,"date":"2023-06-14T05:21:27","date_gmt":"2023-06-14T05:21:27","guid":{"rendered":"https:\/\/der-schulbedarf.Shop\/?post_type=product&#038;p=1282"},"modified":"2025-07-03T18:53:28","modified_gmt":"2025-07-03T18:53:28","slug":"1000-gefahren-junior-abenteuer-auf-planet-pax","status":"publish","type":"product","link":"https:\/\/der-schulbedarf.shop\/produkt-des-monats\/produkt\/1000-gefahren-junior-abenteuer-auf-planet-pax\/","title":{"rendered":"1000 Gefahren junior &#8211; Abenteuer auf Planet Pax"},"content":{"rendered":"<p>1000 Gefahren &#8211; 1000 Abenteuer!<\/p>\n<p>Jetzt bist du an der Reihe! Du bist die Hauptperson. Entscheide selbst, wie sich die Geschichte entwickelt. Du gehst in Futura auf dem fernen Planeten Pax zur Schule. Deine Eltern sind Wissenschaftler und manchmal begleitest du sie auf einer Expedition mit ihrem Raumgleiter ins All. Doch heute gehen merkw\u00fcrdige Dinge vor sich. Alle Roboter spielen verr\u00fcckt. Und war dieser Umriss vor deinem Fenster etwa ein Alien? Wenn du herausfinden willst, was hier vor sich geht, lies weiter auf Seite &#8230;<\/p>\n<p>Die beliebte Kinderbuch-Reihe \u201e1000 Gefahren. Du entscheidest selbst!\u201c nun endlich auch f\u00fcr Erstleser! Jeder Weg entf\u00fchrt dich in ein neues Abenteuer. Welchen Weg w\u00e4hlst du? Welcher Spur folgst du? Geht deine Geschichte jetzt schon zu Ende? Ein ganz besonderes R\u00e4tsel- und Entscheidungsbuch f\u00fcr Kinder! Mit farbigen Bildern und Fibelschrift &#8211; f\u00fcr Leseanf\u00e4nger ab 7 Jahren perfekt geeignet.<\/p>\n<p>Band 1: B\u00f6ses Spiel im Dinopark,<br \/>\nBand 2: Aufruhr in der Ritterburg,<br \/>\nBand 3: Das Geheimnis der Pirateninsel,<br \/>\nBand 4: Hei\u00dfe Spur im Wilden Westen,<br \/>\nBand 5: Disney Villains: Chaos beim Korallenfest,<br \/>\nBand 6: Disney Villains: Ein tierisch guter Plan<\/p>\n","protected":false},"excerpt":{"rendered":"<p>1000 dangers &#8211; 1000 adventures!<\/p>\n<p>Now it&#8217;s your turn! You are the main character. Decide for yourself how the story unfolds. You go to school in Futura on the distant planet Pax. Your parents are scientists and sometimes you accompany them on an expedition with their space glider into space. But strange things are going on today. All robots are going crazy. And was this outline outside your window an alien? If you want to find out what&#8217;s going on here, read on on page&#8230;<\/p>\n","protected":false},"featured_media":2359,"comment_status":"open","ping_status":"closed","template":"","meta":[],"product_cat":[224,915,944,225,37],"product_tag":[111,124,107,115,116,114],"class_list":{"0":"post-1282","1":"product","2":"type-product","3":"status-publish","4":"has-post-thumbnail","6":"product_cat-kinderbuecher","7":"product_cat-produkt-feeds","8":"product_cat-produktzufuehrung-geizhal","9":"product_cat-ravensburger-kinderbuecher","10":"product_cat-ravensburger","11":"product_tag-beschaeftigung","12":"product_tag-beschaeftigung-fuer-zuhause","13":"product_tag-beschaeftigung-kinder","14":"product_tag-fuer-jungen","15":"product_tag-fuer-kinder","16":"product_tag-fuer-maedchen","17":"post","18":"post-with-thumbnail","19":"post-with-thumbnail-large","21":"first","22":"outofstock","23":"taxable","24":"shipping-taxable","25":"purchasable","26":"product-type-simple"},"yoast_head":"<!-- This site is optimized with the Yoast SEO plugin v26.6 - https:\/\/yoast.com\/wordpress\/plugins\/seo\/ -->\n<title>1000 Gefahren junior - Abenteuer auf Planet Pax - der-Schulbedarf.shop<\/title>\n<meta name=\"description\" content=\"Jetzt bist du an der Reihe! Du bist die Hauptperson. Entscheide selbst, wie sich die Geschichte entwickelt. Du gehst in Futura auf dem fernen Planeten Pax zur Schule.\" \/>\n<meta name=\"robots\" content=\"index, follow, max-snippet:-1, max-image-preview:large, max-video-preview:-1\" \/>\n<link rel=\"canonical\" href=\"https:\/\/der-schulbedarf.shop\/produkt-des-monats\/produkt\/1000-gefahren-junior-abenteuer-auf-planet-pax\/\" \/>\n<meta property=\"og:locale\" content=\"de_DE\" \/>\n<meta property=\"og:type\" content=\"article\" \/>\n<meta property=\"og:title\" content=\"1000 Gefahren junior - Abenteuer auf Planet Pax - der-Schulbedarf.shop\" \/>\n<meta property=\"og:description\" content=\"Jetzt bist du an der Reihe! Du bist die Hauptperson. Entscheide selbst, wie sich die Geschichte entwickelt. Du gehst in Futura auf dem fernen Planeten Pax zur Schule.\" \/>\n<meta property=\"og:url\" content=\"https:\/\/der-schulbedarf.shop\/produkt-des-monats\/produkt\/1000-gefahren-junior-abenteuer-auf-planet-pax\/\" \/>\n<meta property=\"og:site_name\" content=\"der-Schulbedarf.shop\" \/>\n<meta property=\"article:modified_time\" content=\"2025-07-03T18:53:28+00:00\" \/>\n<meta property=\"og:image\" content=\"https:\/\/der-schulbedarf.shop\/wp-content\/uploads\/2023\/06\/46251-1-720x380-1.webp\" \/>\n\t<meta property=\"og:image:width\" content=\"720\" \/>\n\t<meta property=\"og:image:height\" content=\"380\" \/>\n\t<meta property=\"og:image:type\" content=\"image\/webp\" \/>\n<meta name=\"twitter:card\" content=\"summary_large_image\" \/>\n<meta name=\"twitter:label1\" content=\"Gesch\u00e4tzte Lesezeit\" \/>\n\t<meta name=\"twitter:data1\" content=\"2\u00a0Minuten\" \/>\n<script type=\"application\/ld+json\" class=\"yoast-schema-graph\">{\"@context\":\"https:\/\/schema.org\",\"@graph\":[{\"@type\":\"WebPage\",\"@id\":\"https:\/\/der-schulbedarf.shop\/produkt-des-monats\/produkt\/1000-gefahren-junior-abenteuer-auf-planet-pax\/\",\"url\":\"https:\/\/der-schulbedarf.shop\/produkt-des-monats\/produkt\/1000-gefahren-junior-abenteuer-auf-planet-pax\/\",\"name\":\"1000 Gefahren junior - Abenteuer auf Planet Pax - der-Schulbedarf.shop\",\"isPartOf\":{\"@id\":\"https:\/\/der-schulbedarf.shop\/produkt-des-monats\/#website\"},\"primaryImageOfPage\":{\"@id\":\"https:\/\/der-schulbedarf.shop\/produkt-des-monats\/produkt\/1000-gefahren-junior-abenteuer-auf-planet-pax\/#primaryimage\"},\"image\":{\"@id\":\"https:\/\/der-schulbedarf.shop\/produkt-des-monats\/produkt\/1000-gefahren-junior-abenteuer-auf-planet-pax\/#primaryimage\"},\"thumbnailUrl\":\"https:\/\/der-schulbedarf.shop\/wp-content\/uploads\/2023\/06\/46251-1-720x380-1.webp\",\"datePublished\":\"2023-06-14T05:21:27+00:00\",\"dateModified\":\"2025-07-03T18:53:28+00:00\",\"description\":\"Jetzt bist du an der Reihe! Du bist die Hauptperson. Entscheide selbst, wie sich die Geschichte entwickelt. Du gehst in Futura auf dem fernen Planeten Pax zur Schule.\",\"breadcrumb\":{\"@id\":\"https:\/\/der-schulbedarf.shop\/produkt-des-monats\/produkt\/1000-gefahren-junior-abenteuer-auf-planet-pax\/#breadcrumb\"},\"inLanguage\":\"de\",\"potentialAction\":[{\"@type\":\"ReadAction\",\"target\":[\"https:\/\/der-schulbedarf.shop\/produkt-des-monats\/produkt\/1000-gefahren-junior-abenteuer-auf-planet-pax\/\"]}]},{\"@type\":\"ImageObject\",\"inLanguage\":\"de\",\"@id\":\"https:\/\/der-schulbedarf.shop\/produkt-des-monats\/produkt\/1000-gefahren-junior-abenteuer-auf-planet-pax\/#primaryimage\",\"url\":\"https:\/\/der-schulbedarf.shop\/wp-content\/uploads\/2023\/06\/46251-1-720x380-1.webp\",\"contentUrl\":\"https:\/\/der-schulbedarf.shop\/wp-content\/uploads\/2023\/06\/46251-1-720x380-1.webp\",\"width\":720,\"height\":380},{\"@type\":\"BreadcrumbList\",\"@id\":\"https:\/\/der-schulbedarf.shop\/produkt-des-monats\/produkt\/1000-gefahren-junior-abenteuer-auf-planet-pax\/#breadcrumb\",\"itemListElement\":[{\"@type\":\"ListItem\",\"position\":1,\"name\":\"Shop\",\"item\":\"https:\/\/der-schulbedarf.shop\/produkt-des-monats\/shop\/\"},{\"@type\":\"ListItem\",\"position\":2,\"name\":\"1000 Gefahren junior &#8211; Abenteuer auf Planet Pax\"}]},{\"@type\":\"WebSite\",\"@id\":\"https:\/\/der-schulbedarf.shop\/produkt-des-monats\/#website\",\"url\":\"https:\/\/der-schulbedarf.shop\/produkt-des-monats\/\",\"name\":\"der-Schulbedarf.shop\",\"description\":\"\",\"publisher\":{\"@id\":\"https:\/\/der-schulbedarf.shop\/produkt-des-monats\/#organization\"},\"potentialAction\":[{\"@type\":\"SearchAction\",\"target\":{\"@type\":\"EntryPoint\",\"urlTemplate\":\"https:\/\/der-schulbedarf.shop\/produkt-des-monats\/?s={search_term_string}\"},\"query-input\":{\"@type\":\"PropertyValueSpecification\",\"valueRequired\":true,\"valueName\":\"search_term_string\"}}],\"inLanguage\":\"de\"},{\"@type\":\"Organization\",\"@id\":\"https:\/\/der-schulbedarf.shop\/produkt-des-monats\/#organization\",\"name\":\"der-Schulbedarf.shop\",\"url\":\"https:\/\/der-schulbedarf.shop\/produkt-des-monats\/\",\"logo\":{\"@type\":\"ImageObject\",\"inLanguage\":\"de\",\"@id\":\"https:\/\/der-schulbedarf.shop\/produkt-des-monats\/#\/schema\/logo\/image\/\",\"url\":\"https:\/\/der-schulbedarf.shop\/wp-content\/uploads\/2024\/02\/grafik-e1709551115899.png\",\"contentUrl\":\"https:\/\/der-schulbedarf.shop\/wp-content\/uploads\/2024\/02\/grafik-e1709551115899.png\",\"width\":80,\"height\":80,\"caption\":\"der-Schulbedarf.shop\"},\"image\":{\"@id\":\"https:\/\/der-schulbedarf.shop\/produkt-des-monats\/#\/schema\/logo\/image\/\"}}]}<\/script>\n<!-- \/ Yoast SEO plugin. -->","yoast_head_json":{"title":"1000 Gefahren junior - Abenteuer auf Planet Pax - der-Schulbedarf.shop","description":"Jetzt bist du an der Reihe! Du bist die Hauptperson. Entscheide selbst, wie sich die Geschichte entwickelt. Du gehst in Futura auf dem fernen Planeten Pax zur Schule.","robots":{"index":"index","follow":"follow","max-snippet":"max-snippet:-1","max-image-preview":"max-image-preview:large","max-video-preview":"max-video-preview:-1"},"canonical":"https:\/\/der-schulbedarf.shop\/produkt-des-monats\/produkt\/1000-gefahren-junior-abenteuer-auf-planet-pax\/","og_locale":"de_DE","og_type":"article","og_title":"1000 Gefahren junior - Abenteuer auf Planet Pax - der-Schulbedarf.shop","og_description":"Jetzt bist du an der Reihe! Du bist die Hauptperson. Entscheide selbst, wie sich die Geschichte entwickelt. Du gehst in Futura auf dem fernen Planeten Pax zur Schule.","og_url":"https:\/\/der-schulbedarf.shop\/produkt-des-monats\/produkt\/1000-gefahren-junior-abenteuer-auf-planet-pax\/","og_site_name":"der-Schulbedarf.shop","article_modified_time":"2025-07-03T18:53:28+00:00","og_image":[{"width":720,"height":380,"url":"https:\/\/der-schulbedarf.shop\/wp-content\/uploads\/2023\/06\/46251-1-720x380-1.webp","type":"image\/webp"}],"twitter_card":"summary_large_image","twitter_misc":{"Gesch\u00e4tzte Lesezeit":"2\u00a0Minuten"},"schema":{"@context":"https:\/\/schema.org","@graph":[{"@type":"WebPage","@id":"https:\/\/der-schulbedarf.shop\/produkt-des-monats\/produkt\/1000-gefahren-junior-abenteuer-auf-planet-pax\/","url":"https:\/\/der-schulbedarf.shop\/produkt-des-monats\/produkt\/1000-gefahren-junior-abenteuer-auf-planet-pax\/","name":"1000 Gefahren junior - Abenteuer auf Planet Pax - der-Schulbedarf.shop","isPartOf":{"@id":"https:\/\/der-schulbedarf.shop\/produkt-des-monats\/#website"},"primaryImageOfPage":{"@id":"https:\/\/der-schulbedarf.shop\/produkt-des-monats\/produkt\/1000-gefahren-junior-abenteuer-auf-planet-pax\/#primaryimage"},"image":{"@id":"https:\/\/der-schulbedarf.shop\/produkt-des-monats\/produkt\/1000-gefahren-junior-abenteuer-auf-planet-pax\/#primaryimage"},"thumbnailUrl":"https:\/\/der-schulbedarf.shop\/wp-content\/uploads\/2023\/06\/46251-1-720x380-1.webp","datePublished":"2023-06-14T05:21:27+00:00","dateModified":"2025-07-03T18:53:28+00:00","description":"Jetzt bist du an der Reihe! Du bist die Hauptperson. Entscheide selbst, wie sich die Geschichte entwickelt. Du gehst in Futura auf dem fernen Planeten Pax zur Schule.","breadcrumb":{"@id":"https:\/\/der-schulbedarf.shop\/produkt-des-monats\/produkt\/1000-gefahren-junior-abenteuer-auf-planet-pax\/#breadcrumb"},"inLanguage":"de","potentialAction":[{"@type":"ReadAction","target":["https:\/\/der-schulbedarf.shop\/produkt-des-monats\/produkt\/1000-gefahren-junior-abenteuer-auf-planet-pax\/"]}]},{"@type":"ImageObject","inLanguage":"de","@id":"https:\/\/der-schulbedarf.shop\/produkt-des-monats\/produkt\/1000-gefahren-junior-abenteuer-auf-planet-pax\/#primaryimage","url":"https:\/\/der-schulbedarf.shop\/wp-content\/uploads\/2023\/06\/46251-1-720x380-1.webp","contentUrl":"https:\/\/der-schulbedarf.shop\/wp-content\/uploads\/2023\/06\/46251-1-720x380-1.webp","width":720,"height":380},{"@type":"BreadcrumbList","@id":"https:\/\/der-schulbedarf.shop\/produkt-des-monats\/produkt\/1000-gefahren-junior-abenteuer-auf-planet-pax\/#breadcrumb","itemListElement":[{"@type":"ListItem","position":1,"name":"Shop","item":"https:\/\/der-schulbedarf.shop\/produkt-des-monats\/shop\/"},{"@type":"ListItem","position":2,"name":"1000 Gefahren junior &#8211; Abenteuer auf Planet Pax"}]},{"@type":"WebSite","@id":"https:\/\/der-schulbedarf.shop\/produkt-des-monats\/#website","url":"https:\/\/der-schulbedarf.shop\/produkt-des-monats\/","name":"der-Schulbedarf.shop","description":"","publisher":{"@id":"https:\/\/der-schulbedarf.shop\/produkt-des-monats\/#organization"},"potentialAction":[{"@type":"SearchAction","target":{"@type":"EntryPoint","urlTemplate":"https:\/\/der-schulbedarf.shop\/produkt-des-monats\/?s={search_term_string}"},"query-input":{"@type":"PropertyValueSpecification","valueRequired":true,"valueName":"search_term_string"}}],"inLanguage":"de"},{"@type":"Organization","@id":"https:\/\/der-schulbedarf.shop\/produkt-des-monats\/#organization","name":"der-Schulbedarf.shop","url":"https:\/\/der-schulbedarf.shop\/produkt-des-monats\/","logo":{"@type":"ImageObject","inLanguage":"de","@id":"https:\/\/der-schulbedarf.shop\/produkt-des-monats\/#\/schema\/logo\/image\/","url":"https:\/\/der-schulbedarf.shop\/wp-content\/uploads\/2024\/02\/grafik-e1709551115899.png","contentUrl":"https:\/\/der-schulbedarf.shop\/wp-content\/uploads\/2024\/02\/grafik-e1709551115899.png","width":80,"height":80,"caption":"der-Schulbedarf.shop"},"image":{"@id":"https:\/\/der-schulbedarf.shop\/produkt-des-monats\/#\/schema\/logo\/image\/"}}]}},"_links":{"self":[{"href":"https:\/\/der-schulbedarf.shop\/produkt-des-monats\/wp-json\/wp\/v2\/product\/1282","targetHints":{"allow":["GET"]}}],"collection":[{"href":"https:\/\/der-schulbedarf.shop\/produkt-des-monats\/wp-json\/wp\/v2\/product"}],"about":[{"href":"https:\/\/der-schulbedarf.shop\/produkt-des-monats\/wp-json\/wp\/v2\/types\/product"}],"replies":[{"embeddable":true,"href":"https:\/\/der-schulbedarf.shop\/produkt-des-monats\/wp-json\/wp\/v2\/comments?post=1282"}],"wp:featuredmedia":[{"embeddable":true,"href":"https:\/\/der-schulbedarf.shop\/produkt-des-monats\/wp-json\/wp\/v2\/media\/2359"}],"wp:attachment":[{"href":"https:\/\/der-schulbedarf.shop\/produkt-des-monats\/wp-json\/wp\/v2\/media?parent=1282"}],"wp:term":[{"taxonomy":"product_cat","embeddable":true,"href":"https:\/\/der-schulbedarf.shop\/produkt-des-monats\/wp-json\/wp\/v2\/product_cat?post=1282"},{"taxonomy":"product_tag","embeddable":true,"href":"https:\/\/der-schulbedarf.shop\/produkt-des-monats\/wp-json\/wp\/v2\/product_tag?post=1282"}],"curies":[{"name":"wp","href":"https:\/\/api.w.org\/{rel}","templated":true}]}}