{"id":1293,"date":"2023-06-14T05:01:19","date_gmt":"2023-06-14T05:01:19","guid":{"rendered":"https:\/\/der-schulbedarf.Shop\/?post_type=product&#038;p=1293"},"modified":"2025-08-25T12:01:18","modified_gmt":"2025-08-25T12:01:18","slug":"emily-meermaedchen-band-2-beste-freundinnen","status":"publish","type":"product","link":"https:\/\/der-schulbedarf.shop\/produkt-des-monats\/produkt\/emily-meermaedchen-band-2-beste-freundinnen\/","title":{"rendered":"Emily Meerm\u00e4dchen, Band 2: Beste Freundinnen"},"content":{"rendered":"<p>Erlebe mit Emily Meerm\u00e4dchen die Magie des Meeres<\/p>\n<p>Hanna hat ein Geheimnis. Das Meerm\u00e4dchen singt wahnsinnig gern und seine Stimme klingt wie die Melodie der Wellen und des Ozeans. Aber Hanna w\u00fcrde sich nie trauen, vor den anderen Meeresbewohnern aufzutreten. Als in der Unterwasserwelt ein Wettbewerb stattfindet, zu dem auch der K\u00f6nig des Meeres kommt, braucht die kleine Meerjungfrau ihre beste Freundin Emily mehr denn je.<\/p>\n<p>Die Erstlesereihe um das Meerm\u00e4dchen Emily verzaubert schon Kinder ab 6 Jahren. Durch die vielen fantasievollen Bilder k\u00f6nnen auch unge\u00fcbte Leserinnen und Leser ganz in die spannende Geschichte eintauchen. Gemeinsam mit der sympathischen Emily erleben die M\u00e4dchen und Jungen in der 1. oder 2. Klasse jede Menge Abenteuer an Land und im Wasser.<\/p>\n","protected":false},"excerpt":{"rendered":"<p>Erlebe mit Emily Meerm\u00e4dchen die Magie des Meeres<\/p>\n<p>Hanna hat ein Geheimnis. Das Meerm\u00e4dchen singt wahnsinnig gern und seine Stimme klingt wie die Melodie der Wellen und des Ozeans. Aber Hanna w\u00fcrde sich nie trauen, vor den anderen Meeresbewohnern aufzutreten. Als in der Unterwasserwelt ein Wettbewerb stattfindet, zu dem auch der K\u00f6nig des Meeres kommt, braucht die kleine Meerjungfrau ihre beste Freundin Emily mehr denn je.<\/p>\n","protected":false},"featured_media":2352,"comment_status":"open","ping_status":"closed","template":"","meta":[],"product_cat":[224,915,944,37,225],"product_tag":[111,124,107,115,116,114],"class_list":{"0":"post-1293","1":"product","2":"type-product","3":"status-publish","4":"has-post-thumbnail","6":"product_cat-kinderbuecher","7":"product_cat-produkt-feeds","8":"product_cat-produktzufuehrung-geizhal","9":"product_cat-ravensburger","10":"product_cat-ravensburger-kinderbuecher","11":"product_tag-beschaeftigung","12":"product_tag-beschaeftigung-fuer-zuhause","13":"product_tag-beschaeftigung-kinder","14":"product_tag-fuer-jungen","15":"product_tag-fuer-kinder","16":"product_tag-fuer-maedchen","17":"post","18":"post-with-thumbnail","19":"post-with-thumbnail-large","21":"first","22":"outofstock","23":"taxable","24":"shipping-taxable","25":"purchasable","26":"product-type-simple"},"yoast_head":"<!-- This site is optimized with the Yoast SEO plugin v26.6 - https:\/\/yoast.com\/wordpress\/plugins\/seo\/ -->\n<title>Emily Meerm\u00e4dchen, Band 2: Beste Freundinnen - der-Schulbedarf.shop<\/title>\n<meta name=\"description\" content=\"Hanna hat ein Geheimnis. Das Meerm\u00e4dchen singt wahnsinnig gern und seine Stimme klingt wie die Melodie der Wellen und des Ozeans. Aber Hanna w\u00fcrde sich nie trauen, vor den anderen Meeresbewohnern aufzutreten. Als in der Unterwasserwelt ein Wettbewerb stattfindet, zu dem auch der K\u00f6nig des Meeres kommt, braucht die kleine Meerjungfrau ihre beste Freundin Emily mehr denn je.\" \/>\n<meta name=\"robots\" content=\"index, follow, max-snippet:-1, max-image-preview:large, max-video-preview:-1\" \/>\n<link rel=\"canonical\" href=\"https:\/\/der-schulbedarf.shop\/produkt-des-monats\/produkt\/emily-meermaedchen-band-2-beste-freundinnen\/\" \/>\n<meta property=\"og:locale\" content=\"de_DE\" \/>\n<meta property=\"og:type\" content=\"article\" \/>\n<meta property=\"og:title\" content=\"Emily Meerm\u00e4dchen, Band 2: Beste Freundinnen - der-Schulbedarf.shop\" \/>\n<meta property=\"og:description\" content=\"Hanna hat ein Geheimnis. Das Meerm\u00e4dchen singt wahnsinnig gern und seine Stimme klingt wie die Melodie der Wellen und des Ozeans. Aber Hanna w\u00fcrde sich nie trauen, vor den anderen Meeresbewohnern aufzutreten. Als in der Unterwasserwelt ein Wettbewerb stattfindet, zu dem auch der K\u00f6nig des Meeres kommt, braucht die kleine Meerjungfrau ihre beste Freundin Emily mehr denn je.\" \/>\n<meta property=\"og:url\" content=\"https:\/\/der-schulbedarf.shop\/produkt-des-monats\/produkt\/emily-meermaedchen-band-2-beste-freundinnen\/\" \/>\n<meta property=\"og:site_name\" content=\"der-Schulbedarf.shop\" \/>\n<meta property=\"article:modified_time\" content=\"2025-08-25T12:01:18+00:00\" \/>\n<meta property=\"og:image\" content=\"https:\/\/der-schulbedarf.shop\/wp-content\/uploads\/2023\/06\/46256-720x380-1.webp\" \/>\n\t<meta property=\"og:image:width\" content=\"720\" \/>\n\t<meta property=\"og:image:height\" content=\"380\" \/>\n\t<meta property=\"og:image:type\" content=\"image\/webp\" \/>\n<meta name=\"twitter:card\" content=\"summary_large_image\" \/>\n<meta name=\"twitter:label1\" content=\"Gesch\u00e4tzte Lesezeit\" \/>\n\t<meta name=\"twitter:data1\" content=\"1\u00a0Minute\" \/>\n<script type=\"application\/ld+json\" class=\"yoast-schema-graph\">{\"@context\":\"https:\/\/schema.org\",\"@graph\":[{\"@type\":\"WebPage\",\"@id\":\"https:\/\/der-schulbedarf.shop\/produkt-des-monats\/produkt\/emily-meermaedchen-band-2-beste-freundinnen\/\",\"url\":\"https:\/\/der-schulbedarf.shop\/produkt-des-monats\/produkt\/emily-meermaedchen-band-2-beste-freundinnen\/\",\"name\":\"Emily Meerm\u00e4dchen, Band 2: Beste Freundinnen - der-Schulbedarf.shop\",\"isPartOf\":{\"@id\":\"https:\/\/der-schulbedarf.shop\/produkt-des-monats\/#website\"},\"primaryImageOfPage\":{\"@id\":\"https:\/\/der-schulbedarf.shop\/produkt-des-monats\/produkt\/emily-meermaedchen-band-2-beste-freundinnen\/#primaryimage\"},\"image\":{\"@id\":\"https:\/\/der-schulbedarf.shop\/produkt-des-monats\/produkt\/emily-meermaedchen-band-2-beste-freundinnen\/#primaryimage\"},\"thumbnailUrl\":\"https:\/\/der-schulbedarf.shop\/wp-content\/uploads\/2023\/06\/46256-720x380-1.webp\",\"datePublished\":\"2023-06-14T05:01:19+00:00\",\"dateModified\":\"2025-08-25T12:01:18+00:00\",\"description\":\"Hanna hat ein Geheimnis. Das Meerm\u00e4dchen singt wahnsinnig gern und seine Stimme klingt wie die Melodie der Wellen und des Ozeans. Aber Hanna w\u00fcrde sich nie trauen, vor den anderen Meeresbewohnern aufzutreten. Als in der Unterwasserwelt ein Wettbewerb stattfindet, zu dem auch der K\u00f6nig des Meeres kommt, braucht die kleine Meerjungfrau ihre beste Freundin Emily mehr denn je.\",\"breadcrumb\":{\"@id\":\"https:\/\/der-schulbedarf.shop\/produkt-des-monats\/produkt\/emily-meermaedchen-band-2-beste-freundinnen\/#breadcrumb\"},\"inLanguage\":\"de\",\"potentialAction\":[{\"@type\":\"ReadAction\",\"target\":[\"https:\/\/der-schulbedarf.shop\/produkt-des-monats\/produkt\/emily-meermaedchen-band-2-beste-freundinnen\/\"]}]},{\"@type\":\"ImageObject\",\"inLanguage\":\"de\",\"@id\":\"https:\/\/der-schulbedarf.shop\/produkt-des-monats\/produkt\/emily-meermaedchen-band-2-beste-freundinnen\/#primaryimage\",\"url\":\"https:\/\/der-schulbedarf.shop\/wp-content\/uploads\/2023\/06\/46256-720x380-1.webp\",\"contentUrl\":\"https:\/\/der-schulbedarf.shop\/wp-content\/uploads\/2023\/06\/46256-720x380-1.webp\",\"width\":720,\"height\":380,\"caption\":\"Beste Freundinnen\"},{\"@type\":\"BreadcrumbList\",\"@id\":\"https:\/\/der-schulbedarf.shop\/produkt-des-monats\/produkt\/emily-meermaedchen-band-2-beste-freundinnen\/#breadcrumb\",\"itemListElement\":[{\"@type\":\"ListItem\",\"position\":1,\"name\":\"Shop\",\"item\":\"https:\/\/der-schulbedarf.shop\/produkt-des-monats\/shop\/\"},{\"@type\":\"ListItem\",\"position\":2,\"name\":\"Emily Meerm\u00e4dchen, Band 2: Beste Freundinnen\"}]},{\"@type\":\"WebSite\",\"@id\":\"https:\/\/der-schulbedarf.shop\/produkt-des-monats\/#website\",\"url\":\"https:\/\/der-schulbedarf.shop\/produkt-des-monats\/\",\"name\":\"der-Schulbedarf.shop\",\"description\":\"\",\"publisher\":{\"@id\":\"https:\/\/der-schulbedarf.shop\/produkt-des-monats\/#organization\"},\"potentialAction\":[{\"@type\":\"SearchAction\",\"target\":{\"@type\":\"EntryPoint\",\"urlTemplate\":\"https:\/\/der-schulbedarf.shop\/produkt-des-monats\/?s={search_term_string}\"},\"query-input\":{\"@type\":\"PropertyValueSpecification\",\"valueRequired\":true,\"valueName\":\"search_term_string\"}}],\"inLanguage\":\"de\"},{\"@type\":\"Organization\",\"@id\":\"https:\/\/der-schulbedarf.shop\/produkt-des-monats\/#organization\",\"name\":\"der-Schulbedarf.shop\",\"url\":\"https:\/\/der-schulbedarf.shop\/produkt-des-monats\/\",\"logo\":{\"@type\":\"ImageObject\",\"inLanguage\":\"de\",\"@id\":\"https:\/\/der-schulbedarf.shop\/produkt-des-monats\/#\/schema\/logo\/image\/\",\"url\":\"https:\/\/der-schulbedarf.shop\/wp-content\/uploads\/2024\/02\/grafik-e1709551115899.png\",\"contentUrl\":\"https:\/\/der-schulbedarf.shop\/wp-content\/uploads\/2024\/02\/grafik-e1709551115899.png\",\"width\":80,\"height\":80,\"caption\":\"der-Schulbedarf.shop\"},\"image\":{\"@id\":\"https:\/\/der-schulbedarf.shop\/produkt-des-monats\/#\/schema\/logo\/image\/\"}}]}<\/script>\n<!-- \/ Yoast SEO plugin. -->","yoast_head_json":{"title":"Emily Meerm\u00e4dchen, Band 2: Beste Freundinnen - der-Schulbedarf.shop","description":"Hanna hat ein Geheimnis. Das Meerm\u00e4dchen singt wahnsinnig gern und seine Stimme klingt wie die Melodie der Wellen und des Ozeans. Aber Hanna w\u00fcrde sich nie trauen, vor den anderen Meeresbewohnern aufzutreten. Als in der Unterwasserwelt ein Wettbewerb stattfindet, zu dem auch der K\u00f6nig des Meeres kommt, braucht die kleine Meerjungfrau ihre beste Freundin Emily mehr denn je.","robots":{"index":"index","follow":"follow","max-snippet":"max-snippet:-1","max-image-preview":"max-image-preview:large","max-video-preview":"max-video-preview:-1"},"canonical":"https:\/\/der-schulbedarf.shop\/produkt-des-monats\/produkt\/emily-meermaedchen-band-2-beste-freundinnen\/","og_locale":"de_DE","og_type":"article","og_title":"Emily Meerm\u00e4dchen, Band 2: Beste Freundinnen - der-Schulbedarf.shop","og_description":"Hanna hat ein Geheimnis. Das Meerm\u00e4dchen singt wahnsinnig gern und seine Stimme klingt wie die Melodie der Wellen und des Ozeans. Aber Hanna w\u00fcrde sich nie trauen, vor den anderen Meeresbewohnern aufzutreten. Als in der Unterwasserwelt ein Wettbewerb stattfindet, zu dem auch der K\u00f6nig des Meeres kommt, braucht die kleine Meerjungfrau ihre beste Freundin Emily mehr denn je.","og_url":"https:\/\/der-schulbedarf.shop\/produkt-des-monats\/produkt\/emily-meermaedchen-band-2-beste-freundinnen\/","og_site_name":"der-Schulbedarf.shop","article_modified_time":"2025-08-25T12:01:18+00:00","og_image":[{"width":720,"height":380,"url":"https:\/\/der-schulbedarf.shop\/wp-content\/uploads\/2023\/06\/46256-720x380-1.webp","type":"image\/webp"}],"twitter_card":"summary_large_image","twitter_misc":{"Gesch\u00e4tzte Lesezeit":"1\u00a0Minute"},"schema":{"@context":"https:\/\/schema.org","@graph":[{"@type":"WebPage","@id":"https:\/\/der-schulbedarf.shop\/produkt-des-monats\/produkt\/emily-meermaedchen-band-2-beste-freundinnen\/","url":"https:\/\/der-schulbedarf.shop\/produkt-des-monats\/produkt\/emily-meermaedchen-band-2-beste-freundinnen\/","name":"Emily Meerm\u00e4dchen, Band 2: Beste Freundinnen - der-Schulbedarf.shop","isPartOf":{"@id":"https:\/\/der-schulbedarf.shop\/produkt-des-monats\/#website"},"primaryImageOfPage":{"@id":"https:\/\/der-schulbedarf.shop\/produkt-des-monats\/produkt\/emily-meermaedchen-band-2-beste-freundinnen\/#primaryimage"},"image":{"@id":"https:\/\/der-schulbedarf.shop\/produkt-des-monats\/produkt\/emily-meermaedchen-band-2-beste-freundinnen\/#primaryimage"},"thumbnailUrl":"https:\/\/der-schulbedarf.shop\/wp-content\/uploads\/2023\/06\/46256-720x380-1.webp","datePublished":"2023-06-14T05:01:19+00:00","dateModified":"2025-08-25T12:01:18+00:00","description":"Hanna hat ein Geheimnis. Das Meerm\u00e4dchen singt wahnsinnig gern und seine Stimme klingt wie die Melodie der Wellen und des Ozeans. Aber Hanna w\u00fcrde sich nie trauen, vor den anderen Meeresbewohnern aufzutreten. Als in der Unterwasserwelt ein Wettbewerb stattfindet, zu dem auch der K\u00f6nig des Meeres kommt, braucht die kleine Meerjungfrau ihre beste Freundin Emily mehr denn je.","breadcrumb":{"@id":"https:\/\/der-schulbedarf.shop\/produkt-des-monats\/produkt\/emily-meermaedchen-band-2-beste-freundinnen\/#breadcrumb"},"inLanguage":"de","potentialAction":[{"@type":"ReadAction","target":["https:\/\/der-schulbedarf.shop\/produkt-des-monats\/produkt\/emily-meermaedchen-band-2-beste-freundinnen\/"]}]},{"@type":"ImageObject","inLanguage":"de","@id":"https:\/\/der-schulbedarf.shop\/produkt-des-monats\/produkt\/emily-meermaedchen-band-2-beste-freundinnen\/#primaryimage","url":"https:\/\/der-schulbedarf.shop\/wp-content\/uploads\/2023\/06\/46256-720x380-1.webp","contentUrl":"https:\/\/der-schulbedarf.shop\/wp-content\/uploads\/2023\/06\/46256-720x380-1.webp","width":720,"height":380,"caption":"Beste Freundinnen"},{"@type":"BreadcrumbList","@id":"https:\/\/der-schulbedarf.shop\/produkt-des-monats\/produkt\/emily-meermaedchen-band-2-beste-freundinnen\/#breadcrumb","itemListElement":[{"@type":"ListItem","position":1,"name":"Shop","item":"https:\/\/der-schulbedarf.shop\/produkt-des-monats\/shop\/"},{"@type":"ListItem","position":2,"name":"Emily Meerm\u00e4dchen, Band 2: Beste Freundinnen"}]},{"@type":"WebSite","@id":"https:\/\/der-schulbedarf.shop\/produkt-des-monats\/#website","url":"https:\/\/der-schulbedarf.shop\/produkt-des-monats\/","name":"der-Schulbedarf.shop","description":"","publisher":{"@id":"https:\/\/der-schulbedarf.shop\/produkt-des-monats\/#organization"},"potentialAction":[{"@type":"SearchAction","target":{"@type":"EntryPoint","urlTemplate":"https:\/\/der-schulbedarf.shop\/produkt-des-monats\/?s={search_term_string}"},"query-input":{"@type":"PropertyValueSpecification","valueRequired":true,"valueName":"search_term_string"}}],"inLanguage":"de"},{"@type":"Organization","@id":"https:\/\/der-schulbedarf.shop\/produkt-des-monats\/#organization","name":"der-Schulbedarf.shop","url":"https:\/\/der-schulbedarf.shop\/produkt-des-monats\/","logo":{"@type":"ImageObject","inLanguage":"de","@id":"https:\/\/der-schulbedarf.shop\/produkt-des-monats\/#\/schema\/logo\/image\/","url":"https:\/\/der-schulbedarf.shop\/wp-content\/uploads\/2024\/02\/grafik-e1709551115899.png","contentUrl":"https:\/\/der-schulbedarf.shop\/wp-content\/uploads\/2024\/02\/grafik-e1709551115899.png","width":80,"height":80,"caption":"der-Schulbedarf.shop"},"image":{"@id":"https:\/\/der-schulbedarf.shop\/produkt-des-monats\/#\/schema\/logo\/image\/"}}]}},"_links":{"self":[{"href":"https:\/\/der-schulbedarf.shop\/produkt-des-monats\/wp-json\/wp\/v2\/product\/1293","targetHints":{"allow":["GET"]}}],"collection":[{"href":"https:\/\/der-schulbedarf.shop\/produkt-des-monats\/wp-json\/wp\/v2\/product"}],"about":[{"href":"https:\/\/der-schulbedarf.shop\/produkt-des-monats\/wp-json\/wp\/v2\/types\/product"}],"replies":[{"embeddable":true,"href":"https:\/\/der-schulbedarf.shop\/produkt-des-monats\/wp-json\/wp\/v2\/comments?post=1293"}],"wp:featuredmedia":[{"embeddable":true,"href":"https:\/\/der-schulbedarf.shop\/produkt-des-monats\/wp-json\/wp\/v2\/media\/2352"}],"wp:attachment":[{"href":"https:\/\/der-schulbedarf.shop\/produkt-des-monats\/wp-json\/wp\/v2\/media?parent=1293"}],"wp:term":[{"taxonomy":"product_cat","embeddable":true,"href":"https:\/\/der-schulbedarf.shop\/produkt-des-monats\/wp-json\/wp\/v2\/product_cat?post=1293"},{"taxonomy":"product_tag","embeddable":true,"href":"https:\/\/der-schulbedarf.shop\/produkt-des-monats\/wp-json\/wp\/v2\/product_tag?post=1293"}],"curies":[{"name":"wp","href":"https:\/\/api.w.org\/{rel}","templated":true}]}}