{"id":1298,"date":"2023-06-13T12:41:47","date_gmt":"2023-06-13T12:41:47","guid":{"rendered":"https:\/\/der-schulbedarf.Shop\/?post_type=product&#038;p=1298"},"modified":"2024-12-08T20:32:41","modified_gmt":"2024-12-08T20:32:41","slug":"die-jagd-nach-dem-magischen-detektivkoffer-band-6-schurken-in-der-schule","status":"publish","type":"product","link":"https:\/\/der-schulbedarf.shop\/produkt-des-monats\/produkt\/die-jagd-nach-dem-magischen-detektivkoffer-band-6-schurken-in-der-schule\/","title":{"rendered":"Die Jagd nach dem magischen Detektivkoffer, Band 6: Schurken in der Schule"},"content":{"rendered":"<p>Auf zur wilden Kofferjagd!<\/p>\n<p>Komisch! Die neue Mathelehrerin von Marie und Lukas, Frau von und zu Schwindel, kann gar nicht rechnen. Und der neue Hausmeister, Herr Besenrein, macht auch einen verd\u00e4chtigen Eindruck&#8230; Moment mal, sind das nicht die beiden Ganoven? Sicher f\u00fchren sie wieder etwas im Schilde! Und wirklich: Die beiden Schurken planen einen \u00dcberfall auf die Bank, die direkt neben der Schule liegt. Ob die Zwillinge ihren Plan vereiteln k\u00f6nnen? Band 6 der erfolgreichen Reihe, spannender und kniffliger als je zuvor!<\/p>\n<p>Ein geheimnisvoller Koffer steht im Mittelpunkt der Erstlesereihe von Cally Stronk. Die Zwillinge Marie und Lukas bekommen ihn an ihrem 7. Geburtstag geschenkt. Bald stellt sich heraus, dass die Gegenst\u00e4nde im Koffer magische F\u00e4higkeiten haben! Doch auch zwei Ganoven sind hinter dem Koffer her&#8230; Eine abenteuerliche Jagd beginnt und die Zwillinge stolpern von einem Kriminalfall in den n\u00e4chsten. Der Clou: Die Leser k\u00f6nnen den Zwillingen beim L\u00f6sen der F\u00e4lle behilflich sein. Ein gro\u00dfer Lesespa\u00df f\u00fcr alle Krimifans ab 7 Jahren!<\/p>\n<p>Band 1: Die Jagd nach dem magischen Detektivkoffer &#8211; Die Jagd beginnt!<br \/>\nBand 2: Die Jagd nach dem magischen Detektivkoffer &#8211; Vorsicht, Ganoven!<br \/>\nBand 3: Die Jagd nach dem magischen Detektivkoffer &#8211; H\u00fchnerdieb gesucht!<br \/>\nBand 4: Die Jagd nach dem magischen Detektivkoffer &#8211; Achtung, Raubritter!<br \/>\nBand 5: Die Jagd nach dem magischen Detektivkoffer &#8211; Goldraub im Museum<\/p>\n","protected":false},"excerpt":{"rendered":"<p>Auf zur wilden Kofferjagd!<\/p>\n<p>Komisch! Die neue Mathelehrerin von Marie und Lukas, Frau von und zu Schwindel, kann gar nicht rechnen. Und der neue Hausmeister, Herr Besenrein, macht auch einen verd\u00e4chtigen Eindruck&#8230; Moment mal, sind das nicht die beiden Ganoven? Sicher f\u00fchren sie wieder etwas im Schilde! Und wirklich: Die beiden Schurken planen einen \u00dcberfall auf die Bank, die direkt neben der Schule liegt. Ob die Zwillinge ihren Plan vereiteln k\u00f6nnen? Band 6 der erfolgreichen Reihe, spannender und kniffliger als je zuvor!<\/p>\n","protected":false},"featured_media":2322,"comment_status":"open","ping_status":"closed","template":"","meta":[],"product_cat":[224,915,944,37,225],"product_tag":[111,124,107,115,116,114],"class_list":{"0":"post-1298","1":"product","2":"type-product","3":"status-publish","4":"has-post-thumbnail","6":"product_cat-kinderbuecher","7":"product_cat-produkt-feeds","8":"product_cat-produktzufuehrung-geizhal","9":"product_cat-ravensburger","10":"product_cat-ravensburger-kinderbuecher","11":"product_tag-beschaeftigung","12":"product_tag-beschaeftigung-fuer-zuhause","13":"product_tag-beschaeftigung-kinder","14":"product_tag-fuer-jungen","15":"product_tag-fuer-kinder","16":"product_tag-fuer-maedchen","17":"post","18":"post-with-thumbnail","19":"post-with-thumbnail-large","21":"first","22":"outofstock","23":"taxable","24":"shipping-taxable","25":"purchasable","26":"product-type-simple"},"yoast_head":"<!-- This site is optimized with the Yoast SEO plugin v26.6 - https:\/\/yoast.com\/wordpress\/plugins\/seo\/ -->\n<title>Die Jagd nach dem magischen Detektivkoffer, Band 6: Schurken in der Schule - der-Schulbedarf.shop<\/title>\n<meta name=\"description\" content=\"Komisch! Die neue Mathelehrerin von Marie und Lukas, Frau von und zu Schwindel, kann gar nicht rechnen. Und der neue Hausmeister,\" \/>\n<meta name=\"robots\" content=\"index, follow, max-snippet:-1, max-image-preview:large, max-video-preview:-1\" \/>\n<link rel=\"canonical\" href=\"https:\/\/der-schulbedarf.shop\/produkt-des-monats\/produkt\/die-jagd-nach-dem-magischen-detektivkoffer-band-6-schurken-in-der-schule\/\" \/>\n<meta property=\"og:locale\" content=\"de_DE\" \/>\n<meta property=\"og:type\" content=\"article\" \/>\n<meta property=\"og:title\" content=\"Die Jagd nach dem magischen Detektivkoffer, Band 6: Schurken in der Schule - der-Schulbedarf.shop\" \/>\n<meta property=\"og:description\" content=\"Komisch! Die neue Mathelehrerin von Marie und Lukas, Frau von und zu Schwindel, kann gar nicht rechnen. Und der neue Hausmeister,\" \/>\n<meta property=\"og:url\" content=\"https:\/\/der-schulbedarf.shop\/produkt-des-monats\/produkt\/die-jagd-nach-dem-magischen-detektivkoffer-band-6-schurken-in-der-schule\/\" \/>\n<meta property=\"og:site_name\" content=\"der-Schulbedarf.shop\" \/>\n<meta property=\"article:modified_time\" content=\"2024-12-08T20:32:41+00:00\" \/>\n<meta property=\"og:image\" content=\"https:\/\/der-schulbedarf.shop\/wp-content\/uploads\/2023\/06\/46257-700x380-1.webp\" \/>\n\t<meta property=\"og:image:width\" content=\"700\" \/>\n\t<meta property=\"og:image:height\" content=\"380\" \/>\n\t<meta property=\"og:image:type\" content=\"image\/webp\" \/>\n<meta name=\"twitter:card\" content=\"summary_large_image\" \/>\n<meta name=\"twitter:label1\" content=\"Gesch\u00e4tzte Lesezeit\" \/>\n\t<meta name=\"twitter:data1\" content=\"2\u00a0Minuten\" \/>\n<script type=\"application\/ld+json\" class=\"yoast-schema-graph\">{\"@context\":\"https:\/\/schema.org\",\"@graph\":[{\"@type\":\"WebPage\",\"@id\":\"https:\/\/der-schulbedarf.shop\/produkt-des-monats\/produkt\/die-jagd-nach-dem-magischen-detektivkoffer-band-6-schurken-in-der-schule\/\",\"url\":\"https:\/\/der-schulbedarf.shop\/produkt-des-monats\/produkt\/die-jagd-nach-dem-magischen-detektivkoffer-band-6-schurken-in-der-schule\/\",\"name\":\"Die Jagd nach dem magischen Detektivkoffer, Band 6: Schurken in der Schule - der-Schulbedarf.shop\",\"isPartOf\":{\"@id\":\"https:\/\/der-schulbedarf.shop\/produkt-des-monats\/#website\"},\"primaryImageOfPage\":{\"@id\":\"https:\/\/der-schulbedarf.shop\/produkt-des-monats\/produkt\/die-jagd-nach-dem-magischen-detektivkoffer-band-6-schurken-in-der-schule\/#primaryimage\"},\"image\":{\"@id\":\"https:\/\/der-schulbedarf.shop\/produkt-des-monats\/produkt\/die-jagd-nach-dem-magischen-detektivkoffer-band-6-schurken-in-der-schule\/#primaryimage\"},\"thumbnailUrl\":\"https:\/\/der-schulbedarf.shop\/wp-content\/uploads\/2023\/06\/46257-700x380-1.webp\",\"datePublished\":\"2023-06-13T12:41:47+00:00\",\"dateModified\":\"2024-12-08T20:32:41+00:00\",\"description\":\"Komisch! Die neue Mathelehrerin von Marie und Lukas, Frau von und zu Schwindel, kann gar nicht rechnen. Und der neue Hausmeister,\",\"breadcrumb\":{\"@id\":\"https:\/\/der-schulbedarf.shop\/produkt-des-monats\/produkt\/die-jagd-nach-dem-magischen-detektivkoffer-band-6-schurken-in-der-schule\/#breadcrumb\"},\"inLanguage\":\"de\",\"potentialAction\":[{\"@type\":\"ReadAction\",\"target\":[\"https:\/\/der-schulbedarf.shop\/produkt-des-monats\/produkt\/die-jagd-nach-dem-magischen-detektivkoffer-band-6-schurken-in-der-schule\/\"]}]},{\"@type\":\"ImageObject\",\"inLanguage\":\"de\",\"@id\":\"https:\/\/der-schulbedarf.shop\/produkt-des-monats\/produkt\/die-jagd-nach-dem-magischen-detektivkoffer-band-6-schurken-in-der-schule\/#primaryimage\",\"url\":\"https:\/\/der-schulbedarf.shop\/wp-content\/uploads\/2023\/06\/46257-700x380-1.webp\",\"contentUrl\":\"https:\/\/der-schulbedarf.shop\/wp-content\/uploads\/2023\/06\/46257-700x380-1.webp\",\"width\":700,\"height\":380,\"caption\":\"Schurken in der Schule\"},{\"@type\":\"BreadcrumbList\",\"@id\":\"https:\/\/der-schulbedarf.shop\/produkt-des-monats\/produkt\/die-jagd-nach-dem-magischen-detektivkoffer-band-6-schurken-in-der-schule\/#breadcrumb\",\"itemListElement\":[{\"@type\":\"ListItem\",\"position\":1,\"name\":\"Shop\",\"item\":\"https:\/\/der-schulbedarf.shop\/produkt-des-monats\/shop\/\"},{\"@type\":\"ListItem\",\"position\":2,\"name\":\"Die Jagd nach dem magischen Detektivkoffer, Band 6: Schurken in der Schule\"}]},{\"@type\":\"WebSite\",\"@id\":\"https:\/\/der-schulbedarf.shop\/produkt-des-monats\/#website\",\"url\":\"https:\/\/der-schulbedarf.shop\/produkt-des-monats\/\",\"name\":\"der-Schulbedarf.shop\",\"description\":\"\",\"publisher\":{\"@id\":\"https:\/\/der-schulbedarf.shop\/produkt-des-monats\/#organization\"},\"potentialAction\":[{\"@type\":\"SearchAction\",\"target\":{\"@type\":\"EntryPoint\",\"urlTemplate\":\"https:\/\/der-schulbedarf.shop\/produkt-des-monats\/?s={search_term_string}\"},\"query-input\":{\"@type\":\"PropertyValueSpecification\",\"valueRequired\":true,\"valueName\":\"search_term_string\"}}],\"inLanguage\":\"de\"},{\"@type\":\"Organization\",\"@id\":\"https:\/\/der-schulbedarf.shop\/produkt-des-monats\/#organization\",\"name\":\"der-Schulbedarf.shop\",\"url\":\"https:\/\/der-schulbedarf.shop\/produkt-des-monats\/\",\"logo\":{\"@type\":\"ImageObject\",\"inLanguage\":\"de\",\"@id\":\"https:\/\/der-schulbedarf.shop\/produkt-des-monats\/#\/schema\/logo\/image\/\",\"url\":\"https:\/\/der-schulbedarf.shop\/wp-content\/uploads\/2024\/02\/grafik-e1709551115899.png\",\"contentUrl\":\"https:\/\/der-schulbedarf.shop\/wp-content\/uploads\/2024\/02\/grafik-e1709551115899.png\",\"width\":80,\"height\":80,\"caption\":\"der-Schulbedarf.shop\"},\"image\":{\"@id\":\"https:\/\/der-schulbedarf.shop\/produkt-des-monats\/#\/schema\/logo\/image\/\"}}]}<\/script>\n<!-- \/ Yoast SEO plugin. -->","yoast_head_json":{"title":"Die Jagd nach dem magischen Detektivkoffer, Band 6: Schurken in der Schule - der-Schulbedarf.shop","description":"Komisch! Die neue Mathelehrerin von Marie und Lukas, Frau von und zu Schwindel, kann gar nicht rechnen. Und der neue Hausmeister,","robots":{"index":"index","follow":"follow","max-snippet":"max-snippet:-1","max-image-preview":"max-image-preview:large","max-video-preview":"max-video-preview:-1"},"canonical":"https:\/\/der-schulbedarf.shop\/produkt-des-monats\/produkt\/die-jagd-nach-dem-magischen-detektivkoffer-band-6-schurken-in-der-schule\/","og_locale":"de_DE","og_type":"article","og_title":"Die Jagd nach dem magischen Detektivkoffer, Band 6: Schurken in der Schule - der-Schulbedarf.shop","og_description":"Komisch! Die neue Mathelehrerin von Marie und Lukas, Frau von und zu Schwindel, kann gar nicht rechnen. Und der neue Hausmeister,","og_url":"https:\/\/der-schulbedarf.shop\/produkt-des-monats\/produkt\/die-jagd-nach-dem-magischen-detektivkoffer-band-6-schurken-in-der-schule\/","og_site_name":"der-Schulbedarf.shop","article_modified_time":"2024-12-08T20:32:41+00:00","og_image":[{"width":700,"height":380,"url":"https:\/\/der-schulbedarf.shop\/wp-content\/uploads\/2023\/06\/46257-700x380-1.webp","type":"image\/webp"}],"twitter_card":"summary_large_image","twitter_misc":{"Gesch\u00e4tzte Lesezeit":"2\u00a0Minuten"},"schema":{"@context":"https:\/\/schema.org","@graph":[{"@type":"WebPage","@id":"https:\/\/der-schulbedarf.shop\/produkt-des-monats\/produkt\/die-jagd-nach-dem-magischen-detektivkoffer-band-6-schurken-in-der-schule\/","url":"https:\/\/der-schulbedarf.shop\/produkt-des-monats\/produkt\/die-jagd-nach-dem-magischen-detektivkoffer-band-6-schurken-in-der-schule\/","name":"Die Jagd nach dem magischen Detektivkoffer, Band 6: Schurken in der Schule - der-Schulbedarf.shop","isPartOf":{"@id":"https:\/\/der-schulbedarf.shop\/produkt-des-monats\/#website"},"primaryImageOfPage":{"@id":"https:\/\/der-schulbedarf.shop\/produkt-des-monats\/produkt\/die-jagd-nach-dem-magischen-detektivkoffer-band-6-schurken-in-der-schule\/#primaryimage"},"image":{"@id":"https:\/\/der-schulbedarf.shop\/produkt-des-monats\/produkt\/die-jagd-nach-dem-magischen-detektivkoffer-band-6-schurken-in-der-schule\/#primaryimage"},"thumbnailUrl":"https:\/\/der-schulbedarf.shop\/wp-content\/uploads\/2023\/06\/46257-700x380-1.webp","datePublished":"2023-06-13T12:41:47+00:00","dateModified":"2024-12-08T20:32:41+00:00","description":"Komisch! Die neue Mathelehrerin von Marie und Lukas, Frau von und zu Schwindel, kann gar nicht rechnen. Und der neue Hausmeister,","breadcrumb":{"@id":"https:\/\/der-schulbedarf.shop\/produkt-des-monats\/produkt\/die-jagd-nach-dem-magischen-detektivkoffer-band-6-schurken-in-der-schule\/#breadcrumb"},"inLanguage":"de","potentialAction":[{"@type":"ReadAction","target":["https:\/\/der-schulbedarf.shop\/produkt-des-monats\/produkt\/die-jagd-nach-dem-magischen-detektivkoffer-band-6-schurken-in-der-schule\/"]}]},{"@type":"ImageObject","inLanguage":"de","@id":"https:\/\/der-schulbedarf.shop\/produkt-des-monats\/produkt\/die-jagd-nach-dem-magischen-detektivkoffer-band-6-schurken-in-der-schule\/#primaryimage","url":"https:\/\/der-schulbedarf.shop\/wp-content\/uploads\/2023\/06\/46257-700x380-1.webp","contentUrl":"https:\/\/der-schulbedarf.shop\/wp-content\/uploads\/2023\/06\/46257-700x380-1.webp","width":700,"height":380,"caption":"Schurken in der Schule"},{"@type":"BreadcrumbList","@id":"https:\/\/der-schulbedarf.shop\/produkt-des-monats\/produkt\/die-jagd-nach-dem-magischen-detektivkoffer-band-6-schurken-in-der-schule\/#breadcrumb","itemListElement":[{"@type":"ListItem","position":1,"name":"Shop","item":"https:\/\/der-schulbedarf.shop\/produkt-des-monats\/shop\/"},{"@type":"ListItem","position":2,"name":"Die Jagd nach dem magischen Detektivkoffer, Band 6: Schurken in der Schule"}]},{"@type":"WebSite","@id":"https:\/\/der-schulbedarf.shop\/produkt-des-monats\/#website","url":"https:\/\/der-schulbedarf.shop\/produkt-des-monats\/","name":"der-Schulbedarf.shop","description":"","publisher":{"@id":"https:\/\/der-schulbedarf.shop\/produkt-des-monats\/#organization"},"potentialAction":[{"@type":"SearchAction","target":{"@type":"EntryPoint","urlTemplate":"https:\/\/der-schulbedarf.shop\/produkt-des-monats\/?s={search_term_string}"},"query-input":{"@type":"PropertyValueSpecification","valueRequired":true,"valueName":"search_term_string"}}],"inLanguage":"de"},{"@type":"Organization","@id":"https:\/\/der-schulbedarf.shop\/produkt-des-monats\/#organization","name":"der-Schulbedarf.shop","url":"https:\/\/der-schulbedarf.shop\/produkt-des-monats\/","logo":{"@type":"ImageObject","inLanguage":"de","@id":"https:\/\/der-schulbedarf.shop\/produkt-des-monats\/#\/schema\/logo\/image\/","url":"https:\/\/der-schulbedarf.shop\/wp-content\/uploads\/2024\/02\/grafik-e1709551115899.png","contentUrl":"https:\/\/der-schulbedarf.shop\/wp-content\/uploads\/2024\/02\/grafik-e1709551115899.png","width":80,"height":80,"caption":"der-Schulbedarf.shop"},"image":{"@id":"https:\/\/der-schulbedarf.shop\/produkt-des-monats\/#\/schema\/logo\/image\/"}}]}},"_links":{"self":[{"href":"https:\/\/der-schulbedarf.shop\/produkt-des-monats\/wp-json\/wp\/v2\/product\/1298","targetHints":{"allow":["GET"]}}],"collection":[{"href":"https:\/\/der-schulbedarf.shop\/produkt-des-monats\/wp-json\/wp\/v2\/product"}],"about":[{"href":"https:\/\/der-schulbedarf.shop\/produkt-des-monats\/wp-json\/wp\/v2\/types\/product"}],"replies":[{"embeddable":true,"href":"https:\/\/der-schulbedarf.shop\/produkt-des-monats\/wp-json\/wp\/v2\/comments?post=1298"}],"wp:featuredmedia":[{"embeddable":true,"href":"https:\/\/der-schulbedarf.shop\/produkt-des-monats\/wp-json\/wp\/v2\/media\/2322"}],"wp:attachment":[{"href":"https:\/\/der-schulbedarf.shop\/produkt-des-monats\/wp-json\/wp\/v2\/media?parent=1298"}],"wp:term":[{"taxonomy":"product_cat","embeddable":true,"href":"https:\/\/der-schulbedarf.shop\/produkt-des-monats\/wp-json\/wp\/v2\/product_cat?post=1298"},{"taxonomy":"product_tag","embeddable":true,"href":"https:\/\/der-schulbedarf.shop\/produkt-des-monats\/wp-json\/wp\/v2\/product_tag?post=1298"}],"curies":[{"name":"wp","href":"https:\/\/api.w.org\/{rel}","templated":true}]}}