{"id":1316,"date":"2023-06-13T12:14:51","date_gmt":"2023-06-13T12:14:51","guid":{"rendered":"https:\/\/der-schulbedarf.Shop\/?post_type=product&#038;p=1316"},"modified":"2025-08-25T12:03:08","modified_gmt":"2025-08-25T12:03:08","slug":"guinness-world-records-fuer-erstleser-sport","status":"publish","type":"product","link":"https:\/\/der-schulbedarf.shop\/produkt-des-monats\/produkt\/guinness-world-records-fuer-erstleser-sport\/","title":{"rendered":"Guinness World Records f\u00fcr Erstleser &#8211; Sport"},"content":{"rendered":"<p>Auf die S\u00e4tze, fertig, los!<\/p>\n<p>Sportler stellen immer wieder neue Rekorde auf. Wer ist der schnellste Mensch der Welt? Wer gewann die meisten Medaillen und wer schoss die meisten Tore? All diese faszinierenden Rekorde k\u00f6nnen Kinder ab 7 Jahren jetzt auch schon selbst lesen. Kurze S\u00e4tze, einfache Sprache, gro\u00dfe Schrift und viele Bilder machen es m\u00f6glich.<\/p>\n","protected":false},"excerpt":{"rendered":"<p>Auf die S\u00e4tze, fertig, los!<\/p>\n<p>Sportler stellen immer wieder neue Rekorde auf. Wer ist der schnellste Mensch der Welt? Wer gewann die meisten Medaillen und wer schoss die meisten Tore? All diese faszinierenden Rekorde k\u00f6nnen Kinder ab 7 Jahren jetzt auch schon selbst lesen. Kurze S\u00e4tze, einfache Sprache, gro\u00dfe Schrift und viele Bilder machen es m\u00f6glich.<\/p>\n","protected":false},"featured_media":2309,"comment_status":"open","ping_status":"closed","template":"","meta":[],"product_cat":[224,915,944,225],"product_tag":[111,124,107,115,116,114],"class_list":{"0":"post-1316","1":"product","2":"type-product","3":"status-publish","4":"has-post-thumbnail","6":"product_cat-kinderbuecher","7":"product_cat-produkt-feeds","8":"product_cat-produktzufuehrung-geizhal","9":"product_cat-ravensburger-kinderbuecher","10":"product_tag-beschaeftigung","11":"product_tag-beschaeftigung-fuer-zuhause","12":"product_tag-beschaeftigung-kinder","13":"product_tag-fuer-jungen","14":"product_tag-fuer-kinder","15":"product_tag-fuer-maedchen","16":"post","17":"post-with-thumbnail","18":"post-with-thumbnail-large","20":"first","21":"outofstock","22":"taxable","23":"shipping-taxable","24":"purchasable","25":"product-type-simple"},"yoast_head":"<!-- This site is optimized with the Yoast SEO plugin v26.6 - https:\/\/yoast.com\/wordpress\/plugins\/seo\/ -->\n<title>Guinness World Records f\u00fcr Erstleser - Sport - der-Schulbedarf.shop<\/title>\n<meta name=\"description\" content=\"Sportler stellen immer wieder neue Rekorde auf. Wer ist der schnellste Mensch der Welt? Wer gewann die meisten Medaillen und wer schoss die meisten Tore? All diese faszinierenden Rekorde k\u00f6nnen Kinder ab 7 Jahren jetzt auch schon selbst lesen. Kurze S\u00e4tze, einfache Sprache, gro\u00dfe Schrift und viele Bilder machen es m\u00f6glich.\" \/>\n<meta name=\"robots\" content=\"index, follow, max-snippet:-1, max-image-preview:large, max-video-preview:-1\" \/>\n<link rel=\"canonical\" href=\"https:\/\/der-schulbedarf.shop\/produkt-des-monats\/produkt\/guinness-world-records-fuer-erstleser-sport\/\" \/>\n<meta property=\"og:locale\" content=\"de_DE\" \/>\n<meta property=\"og:type\" content=\"article\" \/>\n<meta property=\"og:title\" content=\"Guinness World Records f\u00fcr Erstleser - Sport - der-Schulbedarf.shop\" \/>\n<meta property=\"og:description\" content=\"Sportler stellen immer wieder neue Rekorde auf. Wer ist der schnellste Mensch der Welt? Wer gewann die meisten Medaillen und wer schoss die meisten Tore? All diese faszinierenden Rekorde k\u00f6nnen Kinder ab 7 Jahren jetzt auch schon selbst lesen. Kurze S\u00e4tze, einfache Sprache, gro\u00dfe Schrift und viele Bilder machen es m\u00f6glich.\" \/>\n<meta property=\"og:url\" content=\"https:\/\/der-schulbedarf.shop\/produkt-des-monats\/produkt\/guinness-world-records-fuer-erstleser-sport\/\" \/>\n<meta property=\"og:site_name\" content=\"der-Schulbedarf.shop\" \/>\n<meta property=\"article:modified_time\" content=\"2025-08-25T12:03:08+00:00\" \/>\n<meta property=\"og:image\" content=\"https:\/\/der-schulbedarf.shop\/wp-content\/uploads\/2023\/06\/46261-720x380-1.webp\" \/>\n\t<meta property=\"og:image:width\" content=\"720\" \/>\n\t<meta property=\"og:image:height\" content=\"380\" \/>\n\t<meta property=\"og:image:type\" content=\"image\/webp\" \/>\n<meta name=\"twitter:card\" content=\"summary_large_image\" \/>\n<meta name=\"twitter:label1\" content=\"Gesch\u00e4tzte Lesezeit\" \/>\n\t<meta name=\"twitter:data1\" content=\"1\u00a0Minute\" \/>\n<script type=\"application\/ld+json\" class=\"yoast-schema-graph\">{\"@context\":\"https:\/\/schema.org\",\"@graph\":[{\"@type\":\"WebPage\",\"@id\":\"https:\/\/der-schulbedarf.shop\/produkt-des-monats\/produkt\/guinness-world-records-fuer-erstleser-sport\/\",\"url\":\"https:\/\/der-schulbedarf.shop\/produkt-des-monats\/produkt\/guinness-world-records-fuer-erstleser-sport\/\",\"name\":\"Guinness World Records f\u00fcr Erstleser - Sport - der-Schulbedarf.shop\",\"isPartOf\":{\"@id\":\"https:\/\/der-schulbedarf.shop\/produkt-des-monats\/#website\"},\"primaryImageOfPage\":{\"@id\":\"https:\/\/der-schulbedarf.shop\/produkt-des-monats\/produkt\/guinness-world-records-fuer-erstleser-sport\/#primaryimage\"},\"image\":{\"@id\":\"https:\/\/der-schulbedarf.shop\/produkt-des-monats\/produkt\/guinness-world-records-fuer-erstleser-sport\/#primaryimage\"},\"thumbnailUrl\":\"https:\/\/der-schulbedarf.shop\/wp-content\/uploads\/2023\/06\/46261-720x380-1.webp\",\"datePublished\":\"2023-06-13T12:14:51+00:00\",\"dateModified\":\"2025-08-25T12:03:08+00:00\",\"description\":\"Sportler stellen immer wieder neue Rekorde auf. Wer ist der schnellste Mensch der Welt? Wer gewann die meisten Medaillen und wer schoss die meisten Tore? All diese faszinierenden Rekorde k\u00f6nnen Kinder ab 7 Jahren jetzt auch schon selbst lesen. Kurze S\u00e4tze, einfache Sprache, gro\u00dfe Schrift und viele Bilder machen es m\u00f6glich.\",\"breadcrumb\":{\"@id\":\"https:\/\/der-schulbedarf.shop\/produkt-des-monats\/produkt\/guinness-world-records-fuer-erstleser-sport\/#breadcrumb\"},\"inLanguage\":\"de\",\"potentialAction\":[{\"@type\":\"ReadAction\",\"target\":[\"https:\/\/der-schulbedarf.shop\/produkt-des-monats\/produkt\/guinness-world-records-fuer-erstleser-sport\/\"]}]},{\"@type\":\"ImageObject\",\"inLanguage\":\"de\",\"@id\":\"https:\/\/der-schulbedarf.shop\/produkt-des-monats\/produkt\/guinness-world-records-fuer-erstleser-sport\/#primaryimage\",\"url\":\"https:\/\/der-schulbedarf.shop\/wp-content\/uploads\/2023\/06\/46261-720x380-1.webp\",\"contentUrl\":\"https:\/\/der-schulbedarf.shop\/wp-content\/uploads\/2023\/06\/46261-720x380-1.webp\",\"width\":720,\"height\":380,\"caption\":\"Sport\"},{\"@type\":\"BreadcrumbList\",\"@id\":\"https:\/\/der-schulbedarf.shop\/produkt-des-monats\/produkt\/guinness-world-records-fuer-erstleser-sport\/#breadcrumb\",\"itemListElement\":[{\"@type\":\"ListItem\",\"position\":1,\"name\":\"Shop\",\"item\":\"https:\/\/der-schulbedarf.shop\/produkt-des-monats\/shop\/\"},{\"@type\":\"ListItem\",\"position\":2,\"name\":\"Guinness World Records f\u00fcr Erstleser &#8211; Sport\"}]},{\"@type\":\"WebSite\",\"@id\":\"https:\/\/der-schulbedarf.shop\/produkt-des-monats\/#website\",\"url\":\"https:\/\/der-schulbedarf.shop\/produkt-des-monats\/\",\"name\":\"der-Schulbedarf.shop\",\"description\":\"\",\"publisher\":{\"@id\":\"https:\/\/der-schulbedarf.shop\/produkt-des-monats\/#organization\"},\"potentialAction\":[{\"@type\":\"SearchAction\",\"target\":{\"@type\":\"EntryPoint\",\"urlTemplate\":\"https:\/\/der-schulbedarf.shop\/produkt-des-monats\/?s={search_term_string}\"},\"query-input\":{\"@type\":\"PropertyValueSpecification\",\"valueRequired\":true,\"valueName\":\"search_term_string\"}}],\"inLanguage\":\"de\"},{\"@type\":\"Organization\",\"@id\":\"https:\/\/der-schulbedarf.shop\/produkt-des-monats\/#organization\",\"name\":\"der-Schulbedarf.shop\",\"url\":\"https:\/\/der-schulbedarf.shop\/produkt-des-monats\/\",\"logo\":{\"@type\":\"ImageObject\",\"inLanguage\":\"de\",\"@id\":\"https:\/\/der-schulbedarf.shop\/produkt-des-monats\/#\/schema\/logo\/image\/\",\"url\":\"https:\/\/der-schulbedarf.shop\/wp-content\/uploads\/2024\/02\/grafik-e1709551115899.png\",\"contentUrl\":\"https:\/\/der-schulbedarf.shop\/wp-content\/uploads\/2024\/02\/grafik-e1709551115899.png\",\"width\":80,\"height\":80,\"caption\":\"der-Schulbedarf.shop\"},\"image\":{\"@id\":\"https:\/\/der-schulbedarf.shop\/produkt-des-monats\/#\/schema\/logo\/image\/\"}}]}<\/script>\n<!-- \/ Yoast SEO plugin. -->","yoast_head_json":{"title":"Guinness World Records f\u00fcr Erstleser - Sport - der-Schulbedarf.shop","description":"Sportler stellen immer wieder neue Rekorde auf. Wer ist der schnellste Mensch der Welt? Wer gewann die meisten Medaillen und wer schoss die meisten Tore? All diese faszinierenden Rekorde k\u00f6nnen Kinder ab 7 Jahren jetzt auch schon selbst lesen. Kurze S\u00e4tze, einfache Sprache, gro\u00dfe Schrift und viele Bilder machen es m\u00f6glich.","robots":{"index":"index","follow":"follow","max-snippet":"max-snippet:-1","max-image-preview":"max-image-preview:large","max-video-preview":"max-video-preview:-1"},"canonical":"https:\/\/der-schulbedarf.shop\/produkt-des-monats\/produkt\/guinness-world-records-fuer-erstleser-sport\/","og_locale":"de_DE","og_type":"article","og_title":"Guinness World Records f\u00fcr Erstleser - Sport - der-Schulbedarf.shop","og_description":"Sportler stellen immer wieder neue Rekorde auf. Wer ist der schnellste Mensch der Welt? Wer gewann die meisten Medaillen und wer schoss die meisten Tore? All diese faszinierenden Rekorde k\u00f6nnen Kinder ab 7 Jahren jetzt auch schon selbst lesen. Kurze S\u00e4tze, einfache Sprache, gro\u00dfe Schrift und viele Bilder machen es m\u00f6glich.","og_url":"https:\/\/der-schulbedarf.shop\/produkt-des-monats\/produkt\/guinness-world-records-fuer-erstleser-sport\/","og_site_name":"der-Schulbedarf.shop","article_modified_time":"2025-08-25T12:03:08+00:00","og_image":[{"width":720,"height":380,"url":"https:\/\/der-schulbedarf.shop\/wp-content\/uploads\/2023\/06\/46261-720x380-1.webp","type":"image\/webp"}],"twitter_card":"summary_large_image","twitter_misc":{"Gesch\u00e4tzte Lesezeit":"1\u00a0Minute"},"schema":{"@context":"https:\/\/schema.org","@graph":[{"@type":"WebPage","@id":"https:\/\/der-schulbedarf.shop\/produkt-des-monats\/produkt\/guinness-world-records-fuer-erstleser-sport\/","url":"https:\/\/der-schulbedarf.shop\/produkt-des-monats\/produkt\/guinness-world-records-fuer-erstleser-sport\/","name":"Guinness World Records f\u00fcr Erstleser - Sport - der-Schulbedarf.shop","isPartOf":{"@id":"https:\/\/der-schulbedarf.shop\/produkt-des-monats\/#website"},"primaryImageOfPage":{"@id":"https:\/\/der-schulbedarf.shop\/produkt-des-monats\/produkt\/guinness-world-records-fuer-erstleser-sport\/#primaryimage"},"image":{"@id":"https:\/\/der-schulbedarf.shop\/produkt-des-monats\/produkt\/guinness-world-records-fuer-erstleser-sport\/#primaryimage"},"thumbnailUrl":"https:\/\/der-schulbedarf.shop\/wp-content\/uploads\/2023\/06\/46261-720x380-1.webp","datePublished":"2023-06-13T12:14:51+00:00","dateModified":"2025-08-25T12:03:08+00:00","description":"Sportler stellen immer wieder neue Rekorde auf. Wer ist der schnellste Mensch der Welt? Wer gewann die meisten Medaillen und wer schoss die meisten Tore? All diese faszinierenden Rekorde k\u00f6nnen Kinder ab 7 Jahren jetzt auch schon selbst lesen. Kurze S\u00e4tze, einfache Sprache, gro\u00dfe Schrift und viele Bilder machen es m\u00f6glich.","breadcrumb":{"@id":"https:\/\/der-schulbedarf.shop\/produkt-des-monats\/produkt\/guinness-world-records-fuer-erstleser-sport\/#breadcrumb"},"inLanguage":"de","potentialAction":[{"@type":"ReadAction","target":["https:\/\/der-schulbedarf.shop\/produkt-des-monats\/produkt\/guinness-world-records-fuer-erstleser-sport\/"]}]},{"@type":"ImageObject","inLanguage":"de","@id":"https:\/\/der-schulbedarf.shop\/produkt-des-monats\/produkt\/guinness-world-records-fuer-erstleser-sport\/#primaryimage","url":"https:\/\/der-schulbedarf.shop\/wp-content\/uploads\/2023\/06\/46261-720x380-1.webp","contentUrl":"https:\/\/der-schulbedarf.shop\/wp-content\/uploads\/2023\/06\/46261-720x380-1.webp","width":720,"height":380,"caption":"Sport"},{"@type":"BreadcrumbList","@id":"https:\/\/der-schulbedarf.shop\/produkt-des-monats\/produkt\/guinness-world-records-fuer-erstleser-sport\/#breadcrumb","itemListElement":[{"@type":"ListItem","position":1,"name":"Shop","item":"https:\/\/der-schulbedarf.shop\/produkt-des-monats\/shop\/"},{"@type":"ListItem","position":2,"name":"Guinness World Records f\u00fcr Erstleser &#8211; Sport"}]},{"@type":"WebSite","@id":"https:\/\/der-schulbedarf.shop\/produkt-des-monats\/#website","url":"https:\/\/der-schulbedarf.shop\/produkt-des-monats\/","name":"der-Schulbedarf.shop","description":"","publisher":{"@id":"https:\/\/der-schulbedarf.shop\/produkt-des-monats\/#organization"},"potentialAction":[{"@type":"SearchAction","target":{"@type":"EntryPoint","urlTemplate":"https:\/\/der-schulbedarf.shop\/produkt-des-monats\/?s={search_term_string}"},"query-input":{"@type":"PropertyValueSpecification","valueRequired":true,"valueName":"search_term_string"}}],"inLanguage":"de"},{"@type":"Organization","@id":"https:\/\/der-schulbedarf.shop\/produkt-des-monats\/#organization","name":"der-Schulbedarf.shop","url":"https:\/\/der-schulbedarf.shop\/produkt-des-monats\/","logo":{"@type":"ImageObject","inLanguage":"de","@id":"https:\/\/der-schulbedarf.shop\/produkt-des-monats\/#\/schema\/logo\/image\/","url":"https:\/\/der-schulbedarf.shop\/wp-content\/uploads\/2024\/02\/grafik-e1709551115899.png","contentUrl":"https:\/\/der-schulbedarf.shop\/wp-content\/uploads\/2024\/02\/grafik-e1709551115899.png","width":80,"height":80,"caption":"der-Schulbedarf.shop"},"image":{"@id":"https:\/\/der-schulbedarf.shop\/produkt-des-monats\/#\/schema\/logo\/image\/"}}]}},"_links":{"self":[{"href":"https:\/\/der-schulbedarf.shop\/produkt-des-monats\/wp-json\/wp\/v2\/product\/1316","targetHints":{"allow":["GET"]}}],"collection":[{"href":"https:\/\/der-schulbedarf.shop\/produkt-des-monats\/wp-json\/wp\/v2\/product"}],"about":[{"href":"https:\/\/der-schulbedarf.shop\/produkt-des-monats\/wp-json\/wp\/v2\/types\/product"}],"replies":[{"embeddable":true,"href":"https:\/\/der-schulbedarf.shop\/produkt-des-monats\/wp-json\/wp\/v2\/comments?post=1316"}],"wp:featuredmedia":[{"embeddable":true,"href":"https:\/\/der-schulbedarf.shop\/produkt-des-monats\/wp-json\/wp\/v2\/media\/2309"}],"wp:attachment":[{"href":"https:\/\/der-schulbedarf.shop\/produkt-des-monats\/wp-json\/wp\/v2\/media?parent=1316"}],"wp:term":[{"taxonomy":"product_cat","embeddable":true,"href":"https:\/\/der-schulbedarf.shop\/produkt-des-monats\/wp-json\/wp\/v2\/product_cat?post=1316"},{"taxonomy":"product_tag","embeddable":true,"href":"https:\/\/der-schulbedarf.shop\/produkt-des-monats\/wp-json\/wp\/v2\/product_tag?post=1316"}],"curies":[{"name":"wp","href":"https:\/\/api.w.org\/{rel}","templated":true}]}}