{"id":1380,"date":"2023-06-13T10:57:01","date_gmt":"2023-06-13T10:57:01","guid":{"rendered":"https:\/\/der-schulbedarf.Shop\/?post_type=product&#038;p=1380"},"modified":"2025-08-28T06:56:46","modified_gmt":"2025-08-28T06:56:46","slug":"leserabe-1-lesestufe-weihnachtsgeschichten","status":"publish","type":"product","link":"https:\/\/der-schulbedarf.shop\/produkt-des-monats\/produkt\/leserabe-1-lesestufe-weihnachtsgeschichten\/","title":{"rendered":"Leserabe &#8211; 1. Lesestufe: Weihnachtsgeschichten"},"content":{"rendered":"<p>Lesen lernen wie im Flug!<\/p>\n<p>Die vier weihnachtlichen Geschichten in diesem Buch sorgen f\u00fcr jede Menge Vorfreude auf den Heiligabend. Katze Fr\u00e4ulein Flauschig sorgt f\u00fcr viel Trubel am Weihnachtsabend. Piratin Lillys Schatzsuche f\u00fchrt sie zu einer ganz besonderen \u00dcberraschung. Taners Geschenkidee verbl\u00fcfft seine Eltern. Und dank Leas schlauem Einfall ist der Adventsmarkt ein voller Erfolg.<\/p>\n<p>Lesen lernen wie im Flug! Die Kinderb\u00fccher der Reihe Leserabe \u2013 1. Lesestufe wurden mit P\u00e4dagogen entwickelt und richten sich an Leseanf\u00e4nger ab der 1. Klasse. Kurze Texte in gro\u00dfer Fibelschrift sichern erste Leseerfolge und steigern die Lesekompetenz von M\u00e4dchen und Jungen ab 6 Jahren. Mit Belohnungsstickern.<\/p>\n<p>Empfohlen von Stiftung Lesen, gelistet bei Antolin.<\/p>\n<p>&nbsp;<\/p>\n","protected":false},"excerpt":{"rendered":"<p>Lesen lernen wie im Flug! Die vier weihnachtlichen Geschichten in diesem Buch sorgen f\u00fcr jede Menge Vorfreude auf den Heiligabend. Katze Fr\u00e4ulein Flauschig sorgt f\u00fcr viel Trubel am Weihnachtsabend. Piratin Lillys Schatzsuche f\u00fchrt sie zu einer ganz besonderen \u00dcberraschung. Taners Geschenkidee verbl\u00fcfft seine Eltern. Und dank Leas schlauem Einfall ist der Adventsmarkt ein voller Erfolg. [&hellip;]<\/p>\n","protected":false},"featured_media":2269,"comment_status":"open","ping_status":"closed","template":"","meta":[],"product_cat":[224,915,944,225],"product_tag":[111,200,201,469,196,197,195,115,199,114,113,604,471,112,198,181,202,179,646,647],"class_list":{"0":"post-1380","1":"product","2":"type-product","3":"status-publish","4":"has-post-thumbnail","6":"product_cat-kinderbuecher","7":"product_cat-produkt-feeds","8":"product_cat-produktzufuehrung-geizhal","9":"product_cat-ravensburger-kinderbuecher","10":"product_tag-beschaeftigung","11":"product_tag-buch","12":"product_tag-buecher","13":"product_tag-einschulung-geschenk","14":"product_tag-erstlesebuch","15":"product_tag-erstlesebuecher","16":"product_tag-erstleser","17":"product_tag-fuer-jungen","18":"product_tag-fuer-kinder-ab-6-jahre","19":"product_tag-fuer-maedchen","20":"product_tag-geschenk","21":"product_tag-geschenk-jungen-5-jahre","22":"product_tag-geschenk-maedchen-5-jahre","23":"product_tag-geschenkidee","24":"product_tag-kinderbuch","25":"product_tag-kinderbuecher","26":"product_tag-lesen","27":"product_tag-lesen-lernen","28":"product_tag-weihnachten-1-klasse","29":"product_tag-weihnachten-erstleser","30":"post","31":"post-with-thumbnail","32":"post-with-thumbnail-large","34":"first","35":"outofstock","36":"taxable","37":"shipping-taxable","38":"purchasable","39":"product-type-simple"},"yoast_head":"<!-- This site is optimized with the Yoast SEO plugin v26.6 - https:\/\/yoast.com\/wordpress\/plugins\/seo\/ -->\n<title>Leserabe - 1. Lesestufe: Weihnachtsgeschichten - der-Schulbedarf.shop<\/title>\n<meta name=\"description\" content=\"Die vier weihnachtlichen Geschichten in diesem Buch sorgen f\u00fcr jede Menge Vorfreude auf den Heiligabend. F\u00fcr Kinder ab 6 Jahren. F\u00f6rdert die Lesekompetenz.\" \/>\n<meta name=\"robots\" content=\"index, follow, max-snippet:-1, max-image-preview:large, max-video-preview:-1\" \/>\n<link rel=\"canonical\" href=\"https:\/\/der-schulbedarf.shop\/produkt-des-monats\/produkt\/leserabe-1-lesestufe-weihnachtsgeschichten\/\" \/>\n<meta property=\"og:locale\" content=\"de_DE\" \/>\n<meta property=\"og:type\" content=\"article\" \/>\n<meta property=\"og:title\" content=\"Leserabe - 1. Lesestufe: Weihnachtsgeschichten - der-Schulbedarf.shop\" \/>\n<meta property=\"og:description\" content=\"Die vier weihnachtlichen Geschichten in diesem Buch sorgen f\u00fcr jede Menge Vorfreude auf den Heiligabend. F\u00fcr Kinder ab 6 Jahren. F\u00f6rdert die Lesekompetenz.\" \/>\n<meta property=\"og:url\" content=\"https:\/\/der-schulbedarf.shop\/produkt-des-monats\/produkt\/leserabe-1-lesestufe-weihnachtsgeschichten\/\" \/>\n<meta property=\"og:site_name\" content=\"der-Schulbedarf.shop\" \/>\n<meta property=\"article:modified_time\" content=\"2025-08-28T06:56:46+00:00\" \/>\n<meta property=\"og:image\" content=\"https:\/\/der-schulbedarf.shop\/wp-content\/uploads\/2023\/06\/46141-720x380-1.webp\" \/>\n\t<meta property=\"og:image:width\" content=\"720\" \/>\n\t<meta property=\"og:image:height\" content=\"380\" \/>\n\t<meta property=\"og:image:type\" content=\"image\/webp\" \/>\n<meta name=\"twitter:card\" content=\"summary_large_image\" \/>\n<meta name=\"twitter:label1\" content=\"Gesch\u00e4tzte Lesezeit\" \/>\n\t<meta name=\"twitter:data1\" content=\"1\u00a0Minute\" \/>\n<script type=\"application\/ld+json\" class=\"yoast-schema-graph\">{\"@context\":\"https:\/\/schema.org\",\"@graph\":[{\"@type\":\"WebPage\",\"@id\":\"https:\/\/der-schulbedarf.shop\/produkt-des-monats\/produkt\/leserabe-1-lesestufe-weihnachtsgeschichten\/\",\"url\":\"https:\/\/der-schulbedarf.shop\/produkt-des-monats\/produkt\/leserabe-1-lesestufe-weihnachtsgeschichten\/\",\"name\":\"Leserabe - 1. Lesestufe: Weihnachtsgeschichten - der-Schulbedarf.shop\",\"isPartOf\":{\"@id\":\"https:\/\/der-schulbedarf.shop\/produkt-des-monats\/#website\"},\"primaryImageOfPage\":{\"@id\":\"https:\/\/der-schulbedarf.shop\/produkt-des-monats\/produkt\/leserabe-1-lesestufe-weihnachtsgeschichten\/#primaryimage\"},\"image\":{\"@id\":\"https:\/\/der-schulbedarf.shop\/produkt-des-monats\/produkt\/leserabe-1-lesestufe-weihnachtsgeschichten\/#primaryimage\"},\"thumbnailUrl\":\"https:\/\/der-schulbedarf.shop\/wp-content\/uploads\/2023\/06\/46141-720x380-1.webp\",\"datePublished\":\"2023-06-13T10:57:01+00:00\",\"dateModified\":\"2025-08-28T06:56:46+00:00\",\"description\":\"Die vier weihnachtlichen Geschichten in diesem Buch sorgen f\u00fcr jede Menge Vorfreude auf den Heiligabend. F\u00fcr Kinder ab 6 Jahren. F\u00f6rdert die Lesekompetenz.\",\"breadcrumb\":{\"@id\":\"https:\/\/der-schulbedarf.shop\/produkt-des-monats\/produkt\/leserabe-1-lesestufe-weihnachtsgeschichten\/#breadcrumb\"},\"inLanguage\":\"de\",\"potentialAction\":[{\"@type\":\"ReadAction\",\"target\":[\"https:\/\/der-schulbedarf.shop\/produkt-des-monats\/produkt\/leserabe-1-lesestufe-weihnachtsgeschichten\/\"]}]},{\"@type\":\"ImageObject\",\"inLanguage\":\"de\",\"@id\":\"https:\/\/der-schulbedarf.shop\/produkt-des-monats\/produkt\/leserabe-1-lesestufe-weihnachtsgeschichten\/#primaryimage\",\"url\":\"https:\/\/der-schulbedarf.shop\/wp-content\/uploads\/2023\/06\/46141-720x380-1.webp\",\"contentUrl\":\"https:\/\/der-schulbedarf.shop\/wp-content\/uploads\/2023\/06\/46141-720x380-1.webp\",\"width\":720,\"height\":380,\"caption\":\"Weihnachtsgeschichten\"},{\"@type\":\"BreadcrumbList\",\"@id\":\"https:\/\/der-schulbedarf.shop\/produkt-des-monats\/produkt\/leserabe-1-lesestufe-weihnachtsgeschichten\/#breadcrumb\",\"itemListElement\":[{\"@type\":\"ListItem\",\"position\":1,\"name\":\"Shop\",\"item\":\"https:\/\/der-schulbedarf.shop\/produkt-des-monats\/shop\/\"},{\"@type\":\"ListItem\",\"position\":2,\"name\":\"Leserabe &#8211; 1. Lesestufe: Weihnachtsgeschichten\"}]},{\"@type\":\"WebSite\",\"@id\":\"https:\/\/der-schulbedarf.shop\/produkt-des-monats\/#website\",\"url\":\"https:\/\/der-schulbedarf.shop\/produkt-des-monats\/\",\"name\":\"der-Schulbedarf.shop\",\"description\":\"\",\"publisher\":{\"@id\":\"https:\/\/der-schulbedarf.shop\/produkt-des-monats\/#organization\"},\"potentialAction\":[{\"@type\":\"SearchAction\",\"target\":{\"@type\":\"EntryPoint\",\"urlTemplate\":\"https:\/\/der-schulbedarf.shop\/produkt-des-monats\/?s={search_term_string}\"},\"query-input\":{\"@type\":\"PropertyValueSpecification\",\"valueRequired\":true,\"valueName\":\"search_term_string\"}}],\"inLanguage\":\"de\"},{\"@type\":\"Organization\",\"@id\":\"https:\/\/der-schulbedarf.shop\/produkt-des-monats\/#organization\",\"name\":\"der-Schulbedarf.shop\",\"url\":\"https:\/\/der-schulbedarf.shop\/produkt-des-monats\/\",\"logo\":{\"@type\":\"ImageObject\",\"inLanguage\":\"de\",\"@id\":\"https:\/\/der-schulbedarf.shop\/produkt-des-monats\/#\/schema\/logo\/image\/\",\"url\":\"https:\/\/der-schulbedarf.shop\/wp-content\/uploads\/2024\/02\/grafik-e1709551115899.png\",\"contentUrl\":\"https:\/\/der-schulbedarf.shop\/wp-content\/uploads\/2024\/02\/grafik-e1709551115899.png\",\"width\":80,\"height\":80,\"caption\":\"der-Schulbedarf.shop\"},\"image\":{\"@id\":\"https:\/\/der-schulbedarf.shop\/produkt-des-monats\/#\/schema\/logo\/image\/\"}}]}<\/script>\n<!-- \/ Yoast SEO plugin. -->","yoast_head_json":{"title":"Leserabe - 1. Lesestufe: Weihnachtsgeschichten - der-Schulbedarf.shop","description":"Die vier weihnachtlichen Geschichten in diesem Buch sorgen f\u00fcr jede Menge Vorfreude auf den Heiligabend. F\u00fcr Kinder ab 6 Jahren. F\u00f6rdert die Lesekompetenz.","robots":{"index":"index","follow":"follow","max-snippet":"max-snippet:-1","max-image-preview":"max-image-preview:large","max-video-preview":"max-video-preview:-1"},"canonical":"https:\/\/der-schulbedarf.shop\/produkt-des-monats\/produkt\/leserabe-1-lesestufe-weihnachtsgeschichten\/","og_locale":"de_DE","og_type":"article","og_title":"Leserabe - 1. Lesestufe: Weihnachtsgeschichten - der-Schulbedarf.shop","og_description":"Die vier weihnachtlichen Geschichten in diesem Buch sorgen f\u00fcr jede Menge Vorfreude auf den Heiligabend. F\u00fcr Kinder ab 6 Jahren. F\u00f6rdert die Lesekompetenz.","og_url":"https:\/\/der-schulbedarf.shop\/produkt-des-monats\/produkt\/leserabe-1-lesestufe-weihnachtsgeschichten\/","og_site_name":"der-Schulbedarf.shop","article_modified_time":"2025-08-28T06:56:46+00:00","og_image":[{"width":720,"height":380,"url":"https:\/\/der-schulbedarf.shop\/wp-content\/uploads\/2023\/06\/46141-720x380-1.webp","type":"image\/webp"}],"twitter_card":"summary_large_image","twitter_misc":{"Gesch\u00e4tzte Lesezeit":"1\u00a0Minute"},"schema":{"@context":"https:\/\/schema.org","@graph":[{"@type":"WebPage","@id":"https:\/\/der-schulbedarf.shop\/produkt-des-monats\/produkt\/leserabe-1-lesestufe-weihnachtsgeschichten\/","url":"https:\/\/der-schulbedarf.shop\/produkt-des-monats\/produkt\/leserabe-1-lesestufe-weihnachtsgeschichten\/","name":"Leserabe - 1. Lesestufe: Weihnachtsgeschichten - der-Schulbedarf.shop","isPartOf":{"@id":"https:\/\/der-schulbedarf.shop\/produkt-des-monats\/#website"},"primaryImageOfPage":{"@id":"https:\/\/der-schulbedarf.shop\/produkt-des-monats\/produkt\/leserabe-1-lesestufe-weihnachtsgeschichten\/#primaryimage"},"image":{"@id":"https:\/\/der-schulbedarf.shop\/produkt-des-monats\/produkt\/leserabe-1-lesestufe-weihnachtsgeschichten\/#primaryimage"},"thumbnailUrl":"https:\/\/der-schulbedarf.shop\/wp-content\/uploads\/2023\/06\/46141-720x380-1.webp","datePublished":"2023-06-13T10:57:01+00:00","dateModified":"2025-08-28T06:56:46+00:00","description":"Die vier weihnachtlichen Geschichten in diesem Buch sorgen f\u00fcr jede Menge Vorfreude auf den Heiligabend. F\u00fcr Kinder ab 6 Jahren. F\u00f6rdert die Lesekompetenz.","breadcrumb":{"@id":"https:\/\/der-schulbedarf.shop\/produkt-des-monats\/produkt\/leserabe-1-lesestufe-weihnachtsgeschichten\/#breadcrumb"},"inLanguage":"de","potentialAction":[{"@type":"ReadAction","target":["https:\/\/der-schulbedarf.shop\/produkt-des-monats\/produkt\/leserabe-1-lesestufe-weihnachtsgeschichten\/"]}]},{"@type":"ImageObject","inLanguage":"de","@id":"https:\/\/der-schulbedarf.shop\/produkt-des-monats\/produkt\/leserabe-1-lesestufe-weihnachtsgeschichten\/#primaryimage","url":"https:\/\/der-schulbedarf.shop\/wp-content\/uploads\/2023\/06\/46141-720x380-1.webp","contentUrl":"https:\/\/der-schulbedarf.shop\/wp-content\/uploads\/2023\/06\/46141-720x380-1.webp","width":720,"height":380,"caption":"Weihnachtsgeschichten"},{"@type":"BreadcrumbList","@id":"https:\/\/der-schulbedarf.shop\/produkt-des-monats\/produkt\/leserabe-1-lesestufe-weihnachtsgeschichten\/#breadcrumb","itemListElement":[{"@type":"ListItem","position":1,"name":"Shop","item":"https:\/\/der-schulbedarf.shop\/produkt-des-monats\/shop\/"},{"@type":"ListItem","position":2,"name":"Leserabe &#8211; 1. Lesestufe: Weihnachtsgeschichten"}]},{"@type":"WebSite","@id":"https:\/\/der-schulbedarf.shop\/produkt-des-monats\/#website","url":"https:\/\/der-schulbedarf.shop\/produkt-des-monats\/","name":"der-Schulbedarf.shop","description":"","publisher":{"@id":"https:\/\/der-schulbedarf.shop\/produkt-des-monats\/#organization"},"potentialAction":[{"@type":"SearchAction","target":{"@type":"EntryPoint","urlTemplate":"https:\/\/der-schulbedarf.shop\/produkt-des-monats\/?s={search_term_string}"},"query-input":{"@type":"PropertyValueSpecification","valueRequired":true,"valueName":"search_term_string"}}],"inLanguage":"de"},{"@type":"Organization","@id":"https:\/\/der-schulbedarf.shop\/produkt-des-monats\/#organization","name":"der-Schulbedarf.shop","url":"https:\/\/der-schulbedarf.shop\/produkt-des-monats\/","logo":{"@type":"ImageObject","inLanguage":"de","@id":"https:\/\/der-schulbedarf.shop\/produkt-des-monats\/#\/schema\/logo\/image\/","url":"https:\/\/der-schulbedarf.shop\/wp-content\/uploads\/2024\/02\/grafik-e1709551115899.png","contentUrl":"https:\/\/der-schulbedarf.shop\/wp-content\/uploads\/2024\/02\/grafik-e1709551115899.png","width":80,"height":80,"caption":"der-Schulbedarf.shop"},"image":{"@id":"https:\/\/der-schulbedarf.shop\/produkt-des-monats\/#\/schema\/logo\/image\/"}}]}},"_links":{"self":[{"href":"https:\/\/der-schulbedarf.shop\/produkt-des-monats\/wp-json\/wp\/v2\/product\/1380","targetHints":{"allow":["GET"]}}],"collection":[{"href":"https:\/\/der-schulbedarf.shop\/produkt-des-monats\/wp-json\/wp\/v2\/product"}],"about":[{"href":"https:\/\/der-schulbedarf.shop\/produkt-des-monats\/wp-json\/wp\/v2\/types\/product"}],"replies":[{"embeddable":true,"href":"https:\/\/der-schulbedarf.shop\/produkt-des-monats\/wp-json\/wp\/v2\/comments?post=1380"}],"wp:featuredmedia":[{"embeddable":true,"href":"https:\/\/der-schulbedarf.shop\/produkt-des-monats\/wp-json\/wp\/v2\/media\/2269"}],"wp:attachment":[{"href":"https:\/\/der-schulbedarf.shop\/produkt-des-monats\/wp-json\/wp\/v2\/media?parent=1380"}],"wp:term":[{"taxonomy":"product_cat","embeddable":true,"href":"https:\/\/der-schulbedarf.shop\/produkt-des-monats\/wp-json\/wp\/v2\/product_cat?post=1380"},{"taxonomy":"product_tag","embeddable":true,"href":"https:\/\/der-schulbedarf.shop\/produkt-des-monats\/wp-json\/wp\/v2\/product_tag?post=1380"}],"curies":[{"name":"wp","href":"https:\/\/api.w.org\/{rel}","templated":true}]}}