{"id":1381,"date":"2023-06-13T11:09:15","date_gmt":"2023-06-13T11:09:15","guid":{"rendered":"https:\/\/der-schulbedarf.Shop\/?post_type=product&#038;p=1381"},"modified":"2025-08-28T06:56:18","modified_gmt":"2025-08-28T06:56:18","slug":"leserabe-mit-mildenberger-silbenmethode-ein-fall-fuer-die-kichererbsen","status":"publish","type":"product","link":"https:\/\/der-schulbedarf.shop\/produkt-des-monats\/produkt\/leserabe-mit-mildenberger-silbenmethode-ein-fall-fuer-die-kichererbsen\/","title":{"rendered":"Leserabe mit Mildenberger Silbenmethode: Ein Fall f\u00fcr die Kichererbsen"},"content":{"rendered":"<p>Der Klub der Kichererbsen &#8211; das sind die Freundinnen Nelly, Maja und Jette. Denn die drei haben immer etwas zu lachen. Doch dann wird eine Handtasche gestohlen und ein guter Freund verd\u00e4chtigt. Die Kichererbsen m\u00fcssen seine Unschuld beweisen.<\/p>\n<p>Lesen lernen wie im Flug! Die Kinderb\u00fccher der Reihe Leserabe \u2013 3. Lesestufe wurden mit P\u00e4dagogen entwickelt und richten sich an Leseprofis ab der 3. Klasse. Die original Mildenberger Silbenmethode f\u00f6rdert die Lesekompetenz: Silben in Grau und Schwarz helfen beim Lesenlernen und verbessern nachweislich die Rechtschreibung. Gelistet bei Antolin.<\/p>\n","protected":false},"excerpt":{"rendered":"<p>Der Klub der Kichererbsen &#8211; das sind die Freundinnen Nelly, Maja und Jette. Denn die drei haben immer etwas zu lachen. Doch dann wird eine Handtasche gestohlen und ein guter Freund verd\u00e4chtigt. Die Kichererbsen m\u00fcssen seine Unschuld beweisen. Lesen lernen wie im Flug! Die Kinderb\u00fccher der Reihe Leserabe \u2013 3. Lesestufe wurden mit P\u00e4dagogen entwickelt [&hellip;]<\/p>\n","protected":false},"featured_media":2273,"comment_status":"open","ping_status":"closed","template":"","meta":[],"product_cat":[224,915,944,225],"product_tag":[644,365,192,281,111,200,201,454,383,196,197,195,645,190,115,381,114,113,210,112,198,181,202,179,194,189,193,180,249,576,177,178],"class_list":{"0":"post-1381","1":"product","2":"type-product","3":"status-publish","4":"has-post-thumbnail","6":"product_cat-kinderbuecher","7":"product_cat-produkt-feeds","8":"product_cat-produktzufuehrung-geizhal","9":"product_cat-ravensburger-kinderbuecher","10":"product_tag-albern","11":"product_tag-alltag","12":"product_tag-antolin","13":"product_tag-bande","14":"product_tag-beschaeftigung","15":"product_tag-buch","16":"product_tag-buecher","17":"product_tag-detektiv","18":"product_tag-diebstahl","19":"product_tag-erstlesebuch","20":"product_tag-erstlesebuecher","21":"product_tag-erstleser","22":"product_tag-foto","23":"product_tag-freundschaft","24":"product_tag-fuer-jungen","25":"product_tag-fuer-kinder-ab-8-jahre","26":"product_tag-fuer-maedchen","27":"product_tag-geschenk","28":"product_tag-geschenk-kinder","29":"product_tag-geschenkidee","30":"product_tag-kinderbuch","31":"product_tag-kinderbuecher","32":"product_tag-lesen","33":"product_tag-lesen-lernen","34":"product_tag-leserabe","35":"product_tag-maedchen","36":"product_tag-ravensburger","37":"product_tag-ravensburger-erstes-lernen","38":"product_tag-schule","39":"product_tag-schwester","40":"product_tag-zuhause-lernen","41":"product_tag-zuhause-unterrichten","42":"post","43":"post-with-thumbnail","44":"post-with-thumbnail-large","46":"first","47":"outofstock","48":"taxable","49":"shipping-taxable","50":"purchasable","51":"product-type-simple"},"yoast_head":"<!-- This site is optimized with the Yoast SEO plugin v26.6 - https:\/\/yoast.com\/wordpress\/plugins\/seo\/ -->\n<title>Leserabe- mit Mildenberger Methode. Ein Fall f\u00fcr die Kichererbsen<\/title>\n<meta name=\"description\" content=\"Der Klub der Kichererbsen - das sind die Freundinnen Nelly, Maja und Jette. Eine Handtasche wird gestohlen. Ein Freund verd\u00e4chtigt. Die drei kl\u00e4ren den Fall\" \/>\n<meta name=\"robots\" content=\"index, follow, max-snippet:-1, max-image-preview:large, max-video-preview:-1\" \/>\n<link rel=\"canonical\" href=\"https:\/\/der-schulbedarf.shop\/produkt-des-monats\/produkt\/leserabe-mit-mildenberger-silbenmethode-ein-fall-fuer-die-kichererbsen\/\" \/>\n<meta property=\"og:locale\" content=\"de_DE\" \/>\n<meta property=\"og:type\" content=\"article\" \/>\n<meta property=\"og:title\" content=\"Leserabe- mit Mildenberger Methode. Ein Fall f\u00fcr die Kichererbsen\" \/>\n<meta property=\"og:description\" content=\"Der Klub der Kichererbsen - das sind die Freundinnen Nelly, Maja und Jette. Eine Handtasche wird gestohlen. Ein Freund verd\u00e4chtigt. Die drei kl\u00e4ren den Fall\" \/>\n<meta property=\"og:url\" content=\"https:\/\/der-schulbedarf.shop\/produkt-des-monats\/produkt\/leserabe-mit-mildenberger-silbenmethode-ein-fall-fuer-die-kichererbsen\/\" \/>\n<meta property=\"og:site_name\" content=\"der-Schulbedarf.shop\" \/>\n<meta property=\"article:modified_time\" content=\"2025-08-28T06:56:18+00:00\" \/>\n<meta property=\"og:image\" content=\"https:\/\/der-schulbedarf.shop\/wp-content\/uploads\/2023\/06\/AN-38568_1-720x380-1.webp\" \/>\n\t<meta property=\"og:image:width\" content=\"720\" \/>\n\t<meta property=\"og:image:height\" content=\"380\" \/>\n\t<meta property=\"og:image:type\" content=\"image\/webp\" \/>\n<meta name=\"twitter:card\" content=\"summary_large_image\" \/>\n<meta name=\"twitter:label1\" content=\"Gesch\u00e4tzte Lesezeit\" \/>\n\t<meta name=\"twitter:data1\" content=\"1\u00a0Minute\" \/>\n<script type=\"application\/ld+json\" class=\"yoast-schema-graph\">{\"@context\":\"https:\/\/schema.org\",\"@graph\":[{\"@type\":\"WebPage\",\"@id\":\"https:\/\/der-schulbedarf.shop\/produkt-des-monats\/produkt\/leserabe-mit-mildenberger-silbenmethode-ein-fall-fuer-die-kichererbsen\/\",\"url\":\"https:\/\/der-schulbedarf.shop\/produkt-des-monats\/produkt\/leserabe-mit-mildenberger-silbenmethode-ein-fall-fuer-die-kichererbsen\/\",\"name\":\"Leserabe- mit Mildenberger Methode. Ein Fall f\u00fcr die Kichererbsen\",\"isPartOf\":{\"@id\":\"https:\/\/der-schulbedarf.shop\/produkt-des-monats\/#website\"},\"primaryImageOfPage\":{\"@id\":\"https:\/\/der-schulbedarf.shop\/produkt-des-monats\/produkt\/leserabe-mit-mildenberger-silbenmethode-ein-fall-fuer-die-kichererbsen\/#primaryimage\"},\"image\":{\"@id\":\"https:\/\/der-schulbedarf.shop\/produkt-des-monats\/produkt\/leserabe-mit-mildenberger-silbenmethode-ein-fall-fuer-die-kichererbsen\/#primaryimage\"},\"thumbnailUrl\":\"https:\/\/der-schulbedarf.shop\/wp-content\/uploads\/2023\/06\/AN-38568_1-720x380-1.webp\",\"datePublished\":\"2023-06-13T11:09:15+00:00\",\"dateModified\":\"2025-08-28T06:56:18+00:00\",\"description\":\"Der Klub der Kichererbsen - das sind die Freundinnen Nelly, Maja und Jette. Eine Handtasche wird gestohlen. Ein Freund verd\u00e4chtigt. Die drei kl\u00e4ren den Fall\",\"breadcrumb\":{\"@id\":\"https:\/\/der-schulbedarf.shop\/produkt-des-monats\/produkt\/leserabe-mit-mildenberger-silbenmethode-ein-fall-fuer-die-kichererbsen\/#breadcrumb\"},\"inLanguage\":\"de\",\"potentialAction\":[{\"@type\":\"ReadAction\",\"target\":[\"https:\/\/der-schulbedarf.shop\/produkt-des-monats\/produkt\/leserabe-mit-mildenberger-silbenmethode-ein-fall-fuer-die-kichererbsen\/\"]}]},{\"@type\":\"ImageObject\",\"inLanguage\":\"de\",\"@id\":\"https:\/\/der-schulbedarf.shop\/produkt-des-monats\/produkt\/leserabe-mit-mildenberger-silbenmethode-ein-fall-fuer-die-kichererbsen\/#primaryimage\",\"url\":\"https:\/\/der-schulbedarf.shop\/wp-content\/uploads\/2023\/06\/AN-38568_1-720x380-1.webp\",\"contentUrl\":\"https:\/\/der-schulbedarf.shop\/wp-content\/uploads\/2023\/06\/AN-38568_1-720x380-1.webp\",\"width\":720,\"height\":380,\"caption\":\"Ein Fall f\u00fcr die Kichererbsen\"},{\"@type\":\"BreadcrumbList\",\"@id\":\"https:\/\/der-schulbedarf.shop\/produkt-des-monats\/produkt\/leserabe-mit-mildenberger-silbenmethode-ein-fall-fuer-die-kichererbsen\/#breadcrumb\",\"itemListElement\":[{\"@type\":\"ListItem\",\"position\":1,\"name\":\"Shop\",\"item\":\"https:\/\/der-schulbedarf.shop\/produkt-des-monats\/shop\/\"},{\"@type\":\"ListItem\",\"position\":2,\"name\":\"Leserabe mit Mildenberger Silbenmethode: Ein Fall f\u00fcr die Kichererbsen\"}]},{\"@type\":\"WebSite\",\"@id\":\"https:\/\/der-schulbedarf.shop\/produkt-des-monats\/#website\",\"url\":\"https:\/\/der-schulbedarf.shop\/produkt-des-monats\/\",\"name\":\"der-Schulbedarf.shop\",\"description\":\"\",\"publisher\":{\"@id\":\"https:\/\/der-schulbedarf.shop\/produkt-des-monats\/#organization\"},\"potentialAction\":[{\"@type\":\"SearchAction\",\"target\":{\"@type\":\"EntryPoint\",\"urlTemplate\":\"https:\/\/der-schulbedarf.shop\/produkt-des-monats\/?s={search_term_string}\"},\"query-input\":{\"@type\":\"PropertyValueSpecification\",\"valueRequired\":true,\"valueName\":\"search_term_string\"}}],\"inLanguage\":\"de\"},{\"@type\":\"Organization\",\"@id\":\"https:\/\/der-schulbedarf.shop\/produkt-des-monats\/#organization\",\"name\":\"der-Schulbedarf.shop\",\"url\":\"https:\/\/der-schulbedarf.shop\/produkt-des-monats\/\",\"logo\":{\"@type\":\"ImageObject\",\"inLanguage\":\"de\",\"@id\":\"https:\/\/der-schulbedarf.shop\/produkt-des-monats\/#\/schema\/logo\/image\/\",\"url\":\"https:\/\/der-schulbedarf.shop\/wp-content\/uploads\/2024\/02\/grafik-e1709551115899.png\",\"contentUrl\":\"https:\/\/der-schulbedarf.shop\/wp-content\/uploads\/2024\/02\/grafik-e1709551115899.png\",\"width\":80,\"height\":80,\"caption\":\"der-Schulbedarf.shop\"},\"image\":{\"@id\":\"https:\/\/der-schulbedarf.shop\/produkt-des-monats\/#\/schema\/logo\/image\/\"}}]}<\/script>\n<!-- \/ Yoast SEO plugin. -->","yoast_head_json":{"title":"Leserabe- mit Mildenberger Methode. Ein Fall f\u00fcr die Kichererbsen","description":"Der Klub der Kichererbsen - das sind die Freundinnen Nelly, Maja und Jette. Eine Handtasche wird gestohlen. Ein Freund verd\u00e4chtigt. Die drei kl\u00e4ren den Fall","robots":{"index":"index","follow":"follow","max-snippet":"max-snippet:-1","max-image-preview":"max-image-preview:large","max-video-preview":"max-video-preview:-1"},"canonical":"https:\/\/der-schulbedarf.shop\/produkt-des-monats\/produkt\/leserabe-mit-mildenberger-silbenmethode-ein-fall-fuer-die-kichererbsen\/","og_locale":"de_DE","og_type":"article","og_title":"Leserabe- mit Mildenberger Methode. Ein Fall f\u00fcr die Kichererbsen","og_description":"Der Klub der Kichererbsen - das sind die Freundinnen Nelly, Maja und Jette. Eine Handtasche wird gestohlen. Ein Freund verd\u00e4chtigt. Die drei kl\u00e4ren den Fall","og_url":"https:\/\/der-schulbedarf.shop\/produkt-des-monats\/produkt\/leserabe-mit-mildenberger-silbenmethode-ein-fall-fuer-die-kichererbsen\/","og_site_name":"der-Schulbedarf.shop","article_modified_time":"2025-08-28T06:56:18+00:00","og_image":[{"width":720,"height":380,"url":"https:\/\/der-schulbedarf.shop\/wp-content\/uploads\/2023\/06\/AN-38568_1-720x380-1.webp","type":"image\/webp"}],"twitter_card":"summary_large_image","twitter_misc":{"Gesch\u00e4tzte Lesezeit":"1\u00a0Minute"},"schema":{"@context":"https:\/\/schema.org","@graph":[{"@type":"WebPage","@id":"https:\/\/der-schulbedarf.shop\/produkt-des-monats\/produkt\/leserabe-mit-mildenberger-silbenmethode-ein-fall-fuer-die-kichererbsen\/","url":"https:\/\/der-schulbedarf.shop\/produkt-des-monats\/produkt\/leserabe-mit-mildenberger-silbenmethode-ein-fall-fuer-die-kichererbsen\/","name":"Leserabe- mit Mildenberger Methode. Ein Fall f\u00fcr die Kichererbsen","isPartOf":{"@id":"https:\/\/der-schulbedarf.shop\/produkt-des-monats\/#website"},"primaryImageOfPage":{"@id":"https:\/\/der-schulbedarf.shop\/produkt-des-monats\/produkt\/leserabe-mit-mildenberger-silbenmethode-ein-fall-fuer-die-kichererbsen\/#primaryimage"},"image":{"@id":"https:\/\/der-schulbedarf.shop\/produkt-des-monats\/produkt\/leserabe-mit-mildenberger-silbenmethode-ein-fall-fuer-die-kichererbsen\/#primaryimage"},"thumbnailUrl":"https:\/\/der-schulbedarf.shop\/wp-content\/uploads\/2023\/06\/AN-38568_1-720x380-1.webp","datePublished":"2023-06-13T11:09:15+00:00","dateModified":"2025-08-28T06:56:18+00:00","description":"Der Klub der Kichererbsen - das sind die Freundinnen Nelly, Maja und Jette. Eine Handtasche wird gestohlen. Ein Freund verd\u00e4chtigt. Die drei kl\u00e4ren den Fall","breadcrumb":{"@id":"https:\/\/der-schulbedarf.shop\/produkt-des-monats\/produkt\/leserabe-mit-mildenberger-silbenmethode-ein-fall-fuer-die-kichererbsen\/#breadcrumb"},"inLanguage":"de","potentialAction":[{"@type":"ReadAction","target":["https:\/\/der-schulbedarf.shop\/produkt-des-monats\/produkt\/leserabe-mit-mildenberger-silbenmethode-ein-fall-fuer-die-kichererbsen\/"]}]},{"@type":"ImageObject","inLanguage":"de","@id":"https:\/\/der-schulbedarf.shop\/produkt-des-monats\/produkt\/leserabe-mit-mildenberger-silbenmethode-ein-fall-fuer-die-kichererbsen\/#primaryimage","url":"https:\/\/der-schulbedarf.shop\/wp-content\/uploads\/2023\/06\/AN-38568_1-720x380-1.webp","contentUrl":"https:\/\/der-schulbedarf.shop\/wp-content\/uploads\/2023\/06\/AN-38568_1-720x380-1.webp","width":720,"height":380,"caption":"Ein Fall f\u00fcr die Kichererbsen"},{"@type":"BreadcrumbList","@id":"https:\/\/der-schulbedarf.shop\/produkt-des-monats\/produkt\/leserabe-mit-mildenberger-silbenmethode-ein-fall-fuer-die-kichererbsen\/#breadcrumb","itemListElement":[{"@type":"ListItem","position":1,"name":"Shop","item":"https:\/\/der-schulbedarf.shop\/produkt-des-monats\/shop\/"},{"@type":"ListItem","position":2,"name":"Leserabe mit Mildenberger Silbenmethode: Ein Fall f\u00fcr die Kichererbsen"}]},{"@type":"WebSite","@id":"https:\/\/der-schulbedarf.shop\/produkt-des-monats\/#website","url":"https:\/\/der-schulbedarf.shop\/produkt-des-monats\/","name":"der-Schulbedarf.shop","description":"","publisher":{"@id":"https:\/\/der-schulbedarf.shop\/produkt-des-monats\/#organization"},"potentialAction":[{"@type":"SearchAction","target":{"@type":"EntryPoint","urlTemplate":"https:\/\/der-schulbedarf.shop\/produkt-des-monats\/?s={search_term_string}"},"query-input":{"@type":"PropertyValueSpecification","valueRequired":true,"valueName":"search_term_string"}}],"inLanguage":"de"},{"@type":"Organization","@id":"https:\/\/der-schulbedarf.shop\/produkt-des-monats\/#organization","name":"der-Schulbedarf.shop","url":"https:\/\/der-schulbedarf.shop\/produkt-des-monats\/","logo":{"@type":"ImageObject","inLanguage":"de","@id":"https:\/\/der-schulbedarf.shop\/produkt-des-monats\/#\/schema\/logo\/image\/","url":"https:\/\/der-schulbedarf.shop\/wp-content\/uploads\/2024\/02\/grafik-e1709551115899.png","contentUrl":"https:\/\/der-schulbedarf.shop\/wp-content\/uploads\/2024\/02\/grafik-e1709551115899.png","width":80,"height":80,"caption":"der-Schulbedarf.shop"},"image":{"@id":"https:\/\/der-schulbedarf.shop\/produkt-des-monats\/#\/schema\/logo\/image\/"}}]}},"_links":{"self":[{"href":"https:\/\/der-schulbedarf.shop\/produkt-des-monats\/wp-json\/wp\/v2\/product\/1381","targetHints":{"allow":["GET"]}}],"collection":[{"href":"https:\/\/der-schulbedarf.shop\/produkt-des-monats\/wp-json\/wp\/v2\/product"}],"about":[{"href":"https:\/\/der-schulbedarf.shop\/produkt-des-monats\/wp-json\/wp\/v2\/types\/product"}],"replies":[{"embeddable":true,"href":"https:\/\/der-schulbedarf.shop\/produkt-des-monats\/wp-json\/wp\/v2\/comments?post=1381"}],"wp:featuredmedia":[{"embeddable":true,"href":"https:\/\/der-schulbedarf.shop\/produkt-des-monats\/wp-json\/wp\/v2\/media\/2273"}],"wp:attachment":[{"href":"https:\/\/der-schulbedarf.shop\/produkt-des-monats\/wp-json\/wp\/v2\/media?parent=1381"}],"wp:term":[{"taxonomy":"product_cat","embeddable":true,"href":"https:\/\/der-schulbedarf.shop\/produkt-des-monats\/wp-json\/wp\/v2\/product_cat?post=1381"},{"taxonomy":"product_tag","embeddable":true,"href":"https:\/\/der-schulbedarf.shop\/produkt-des-monats\/wp-json\/wp\/v2\/product_tag?post=1381"}],"curies":[{"name":"wp","href":"https:\/\/api.w.org\/{rel}","templated":true}]}}