{"id":1423,"date":"2023-06-13T10:19:23","date_gmt":"2023-06-13T10:19:23","guid":{"rendered":"https:\/\/der-schulbedarf.Shop\/?post_type=product&#038;p=1423"},"modified":"2024-12-08T20:32:41","modified_gmt":"2024-12-08T20:32:41","slug":"die-jagd-nach-dem-magischen-detektivkoffer-band-4-achtung-raubritter","status":"publish","type":"product","link":"https:\/\/der-schulbedarf.shop\/produkt-des-monats\/produkt\/die-jagd-nach-dem-magischen-detektivkoffer-band-4-achtung-raubritter\/","title":{"rendered":"Die Jagd nach dem magischen Detektivkoffer, Band 4: Achtung, Raubritter!"},"content":{"rendered":"<p>Auf zur wilden Kofferjagd!<\/p>\n<p>Bei einer F\u00fchrung auf Burg R\u00e4tselstein erfahren die Zwillinge Lukas und Marie von einem geheimnisvollen Schatz. Und mit Hilfe der magischen Gegenst\u00e4nde aus ihrem Detektivkoffer entdecken sie schon bald erste Hinweise darauf, wo der Schatz von Ferdinand, dem Vergesslichen, versteckt sein k\u00f6nnte. Doch Vorsicht! Auch die beiden tollpatschigen Ganoven Topf und Deckel wittern ihre Chance und sind den Zwillingen dicht auf den Fersen &#8230; Das vierte Abenteuer der Erfolgsreihe!<\/p>\n<p>Ein geheimnisvoller Koffer steht im Mittelpunkt der Erstlesereihe von Cally Stronk. Die Zwillinge Marie und Lukas bekommen ihn an ihrem 7. Geburtstag geschenkt. Bald stellt sich heraus, dass die Gegenst\u00e4nde im Koffer magische F\u00e4higkeiten haben! Doch auch zwei Ganoven sind hinter dem Koffer her&#8230; Eine abenteuerliche Jagd beginnt und die Zwillinge stolpern von einem Kriminalfall in den n\u00e4chsten. Der Clou: Die Leser k\u00f6nnen den Zwillingen beim L\u00f6sen der F\u00e4lle behilflich sein. Ein gro\u00dfer Lesespa\u00df f\u00fcr alle Krimifans ab 7 Jahren!<\/p>\n<p>Band 1: Die Jagd nach dem magischen Detektivkoffer &#8211; Die Jagd beginnt!<br \/>\nBand 2: Die Jagd nach dem magischen Detektivkoffer &#8211; Vorsicht, Ganoven!<br \/>\nBand 3: Die Jagd nach dem magischen Detektivkoffer &#8211; H\u00fchnerdieb gesucht!<br \/>\nBand 4: Die Jagd nach dem magischen Detektivkoffer &#8211; Achtung, Raubritter!<br \/>\nBand 5: Die Jagd nach dem magischen Detektivkoffer &#8211; Goldraub im Museum<\/p>\n<p>&nbsp;<\/p>\n","protected":false},"excerpt":{"rendered":"<p>Auf zur wilden Kofferjagd! Bei einer F\u00fchrung auf Burg R\u00e4tselstein erfahren die Zwillinge Lukas und Marie von einem geheimnisvollen Schatz. Und mit Hilfe der magischen Gegenst\u00e4nde aus ihrem Detektivkoffer entdecken sie schon bald erste Hinweise darauf, wo der Schatz von Ferdinand, dem Vergesslichen, versteckt sein k\u00f6nnte. Doch Vorsicht! Auch die beiden tollpatschigen Ganoven Topf und [&hellip;]<\/p>\n","protected":false},"featured_media":2249,"comment_status":"open","ping_status":"closed","template":"","meta":[],"product_cat":[224,915,944,225],"product_tag":[221,192,111,200,201,454,455,196,197,195,115,223,114,113,210,112,654,198,181,460,394,457,202,179,653,458],"class_list":{"0":"post-1423","1":"product","2":"type-product","3":"status-publish","4":"has-post-thumbnail","6":"product_cat-kinderbuecher","7":"product_cat-produkt-feeds","8":"product_cat-produktzufuehrung-geizhal","9":"product_cat-ravensburger-kinderbuecher","10":"product_tag-2-klasse","11":"product_tag-antolin","12":"product_tag-beschaeftigung","13":"product_tag-buch","14":"product_tag-buecher","15":"product_tag-detektiv","16":"product_tag-detektivgeschichte","17":"product_tag-erstlesebuch","18":"product_tag-erstlesebuecher","19":"product_tag-erstleser","20":"product_tag-fuer-jungen","21":"product_tag-fuer-kinder-ab-7-jahre","22":"product_tag-fuer-maedchen","23":"product_tag-geschenk","24":"product_tag-geschenk-kinder","25":"product_tag-geschenkidee","26":"product_tag-jungen-7-jahre","27":"product_tag-kinderbuch","28":"product_tag-kinderbuecher","29":"product_tag-kinderkrimi","30":"product_tag-krimi","31":"product_tag-krimiraetsel","32":"product_tag-lesen","33":"product_tag-lesen-lernen","34":"product_tag-maedchen-7-jahre","35":"product_tag-raetselkrimi","36":"post","37":"post-with-thumbnail","38":"post-with-thumbnail-large","40":"first","41":"outofstock","42":"taxable","43":"shipping-taxable","44":"purchasable","45":"product-type-simple"},"yoast_head":"<!-- This site is optimized with the Yoast SEO plugin v26.6 - https:\/\/yoast.com\/wordpress\/plugins\/seo\/ -->\n<title>Die Jagd nach dem magischen Detektivkoffer, Band 4: Achtung, Raubritter! - der-Schulbedarf.shop<\/title>\n<meta name=\"description\" content=\"Bei einer F\u00fchrung auf Burg R\u00e4tselstein erfahren die Zwillinge Lukas und Marie von einem geheimnisvollen Schatz.\" \/>\n<meta name=\"robots\" content=\"index, follow, max-snippet:-1, max-image-preview:large, max-video-preview:-1\" \/>\n<link rel=\"canonical\" href=\"https:\/\/der-schulbedarf.shop\/produkt-des-monats\/produkt\/die-jagd-nach-dem-magischen-detektivkoffer-band-4-achtung-raubritter\/\" \/>\n<meta property=\"og:locale\" content=\"de_DE\" \/>\n<meta property=\"og:type\" content=\"article\" \/>\n<meta property=\"og:title\" content=\"Die Jagd nach dem magischen Detektivkoffer, Band 4: Achtung, Raubritter! - der-Schulbedarf.shop\" \/>\n<meta property=\"og:description\" content=\"Bei einer F\u00fchrung auf Burg R\u00e4tselstein erfahren die Zwillinge Lukas und Marie von einem geheimnisvollen Schatz.\" \/>\n<meta property=\"og:url\" content=\"https:\/\/der-schulbedarf.shop\/produkt-des-monats\/produkt\/die-jagd-nach-dem-magischen-detektivkoffer-band-4-achtung-raubritter\/\" \/>\n<meta property=\"og:site_name\" content=\"der-Schulbedarf.shop\" \/>\n<meta property=\"article:modified_time\" content=\"2024-12-08T20:32:41+00:00\" \/>\n<meta property=\"og:image\" content=\"https:\/\/der-schulbedarf.shop\/wp-content\/uploads\/2023\/06\/46161-700x380-1.webp\" \/>\n\t<meta property=\"og:image:width\" content=\"700\" \/>\n\t<meta property=\"og:image:height\" content=\"380\" \/>\n\t<meta property=\"og:image:type\" content=\"image\/webp\" \/>\n<meta name=\"twitter:card\" content=\"summary_large_image\" \/>\n<meta name=\"twitter:label1\" content=\"Gesch\u00e4tzte Lesezeit\" \/>\n\t<meta name=\"twitter:data1\" content=\"2\u00a0Minuten\" \/>\n<script type=\"application\/ld+json\" class=\"yoast-schema-graph\">{\"@context\":\"https:\/\/schema.org\",\"@graph\":[{\"@type\":\"WebPage\",\"@id\":\"https:\/\/der-schulbedarf.shop\/produkt-des-monats\/produkt\/die-jagd-nach-dem-magischen-detektivkoffer-band-4-achtung-raubritter\/\",\"url\":\"https:\/\/der-schulbedarf.shop\/produkt-des-monats\/produkt\/die-jagd-nach-dem-magischen-detektivkoffer-band-4-achtung-raubritter\/\",\"name\":\"Die Jagd nach dem magischen Detektivkoffer, Band 4: Achtung, Raubritter! - der-Schulbedarf.shop\",\"isPartOf\":{\"@id\":\"https:\/\/der-schulbedarf.shop\/produkt-des-monats\/#website\"},\"primaryImageOfPage\":{\"@id\":\"https:\/\/der-schulbedarf.shop\/produkt-des-monats\/produkt\/die-jagd-nach-dem-magischen-detektivkoffer-band-4-achtung-raubritter\/#primaryimage\"},\"image\":{\"@id\":\"https:\/\/der-schulbedarf.shop\/produkt-des-monats\/produkt\/die-jagd-nach-dem-magischen-detektivkoffer-band-4-achtung-raubritter\/#primaryimage\"},\"thumbnailUrl\":\"https:\/\/der-schulbedarf.shop\/wp-content\/uploads\/2023\/06\/46161-700x380-1.webp\",\"datePublished\":\"2023-06-13T10:19:23+00:00\",\"dateModified\":\"2024-12-08T20:32:41+00:00\",\"description\":\"Bei einer F\u00fchrung auf Burg R\u00e4tselstein erfahren die Zwillinge Lukas und Marie von einem geheimnisvollen Schatz.\",\"breadcrumb\":{\"@id\":\"https:\/\/der-schulbedarf.shop\/produkt-des-monats\/produkt\/die-jagd-nach-dem-magischen-detektivkoffer-band-4-achtung-raubritter\/#breadcrumb\"},\"inLanguage\":\"de\",\"potentialAction\":[{\"@type\":\"ReadAction\",\"target\":[\"https:\/\/der-schulbedarf.shop\/produkt-des-monats\/produkt\/die-jagd-nach-dem-magischen-detektivkoffer-band-4-achtung-raubritter\/\"]}]},{\"@type\":\"ImageObject\",\"inLanguage\":\"de\",\"@id\":\"https:\/\/der-schulbedarf.shop\/produkt-des-monats\/produkt\/die-jagd-nach-dem-magischen-detektivkoffer-band-4-achtung-raubritter\/#primaryimage\",\"url\":\"https:\/\/der-schulbedarf.shop\/wp-content\/uploads\/2023\/06\/46161-700x380-1.webp\",\"contentUrl\":\"https:\/\/der-schulbedarf.shop\/wp-content\/uploads\/2023\/06\/46161-700x380-1.webp\",\"width\":700,\"height\":380,\"caption\":\"Achtung, Raubritter!\"},{\"@type\":\"BreadcrumbList\",\"@id\":\"https:\/\/der-schulbedarf.shop\/produkt-des-monats\/produkt\/die-jagd-nach-dem-magischen-detektivkoffer-band-4-achtung-raubritter\/#breadcrumb\",\"itemListElement\":[{\"@type\":\"ListItem\",\"position\":1,\"name\":\"Shop\",\"item\":\"https:\/\/der-schulbedarf.shop\/produkt-des-monats\/shop\/\"},{\"@type\":\"ListItem\",\"position\":2,\"name\":\"Die Jagd nach dem magischen Detektivkoffer, Band 4: Achtung, Raubritter!\"}]},{\"@type\":\"WebSite\",\"@id\":\"https:\/\/der-schulbedarf.shop\/produkt-des-monats\/#website\",\"url\":\"https:\/\/der-schulbedarf.shop\/produkt-des-monats\/\",\"name\":\"der-Schulbedarf.shop\",\"description\":\"\",\"publisher\":{\"@id\":\"https:\/\/der-schulbedarf.shop\/produkt-des-monats\/#organization\"},\"potentialAction\":[{\"@type\":\"SearchAction\",\"target\":{\"@type\":\"EntryPoint\",\"urlTemplate\":\"https:\/\/der-schulbedarf.shop\/produkt-des-monats\/?s={search_term_string}\"},\"query-input\":{\"@type\":\"PropertyValueSpecification\",\"valueRequired\":true,\"valueName\":\"search_term_string\"}}],\"inLanguage\":\"de\"},{\"@type\":\"Organization\",\"@id\":\"https:\/\/der-schulbedarf.shop\/produkt-des-monats\/#organization\",\"name\":\"der-Schulbedarf.shop\",\"url\":\"https:\/\/der-schulbedarf.shop\/produkt-des-monats\/\",\"logo\":{\"@type\":\"ImageObject\",\"inLanguage\":\"de\",\"@id\":\"https:\/\/der-schulbedarf.shop\/produkt-des-monats\/#\/schema\/logo\/image\/\",\"url\":\"https:\/\/der-schulbedarf.shop\/wp-content\/uploads\/2024\/02\/grafik-e1709551115899.png\",\"contentUrl\":\"https:\/\/der-schulbedarf.shop\/wp-content\/uploads\/2024\/02\/grafik-e1709551115899.png\",\"width\":80,\"height\":80,\"caption\":\"der-Schulbedarf.shop\"},\"image\":{\"@id\":\"https:\/\/der-schulbedarf.shop\/produkt-des-monats\/#\/schema\/logo\/image\/\"}}]}<\/script>\n<!-- \/ Yoast SEO plugin. -->","yoast_head_json":{"title":"Die Jagd nach dem magischen Detektivkoffer, Band 4: Achtung, Raubritter! - der-Schulbedarf.shop","description":"Bei einer F\u00fchrung auf Burg R\u00e4tselstein erfahren die Zwillinge Lukas und Marie von einem geheimnisvollen Schatz.","robots":{"index":"index","follow":"follow","max-snippet":"max-snippet:-1","max-image-preview":"max-image-preview:large","max-video-preview":"max-video-preview:-1"},"canonical":"https:\/\/der-schulbedarf.shop\/produkt-des-monats\/produkt\/die-jagd-nach-dem-magischen-detektivkoffer-band-4-achtung-raubritter\/","og_locale":"de_DE","og_type":"article","og_title":"Die Jagd nach dem magischen Detektivkoffer, Band 4: Achtung, Raubritter! - der-Schulbedarf.shop","og_description":"Bei einer F\u00fchrung auf Burg R\u00e4tselstein erfahren die Zwillinge Lukas und Marie von einem geheimnisvollen Schatz.","og_url":"https:\/\/der-schulbedarf.shop\/produkt-des-monats\/produkt\/die-jagd-nach-dem-magischen-detektivkoffer-band-4-achtung-raubritter\/","og_site_name":"der-Schulbedarf.shop","article_modified_time":"2024-12-08T20:32:41+00:00","og_image":[{"width":700,"height":380,"url":"https:\/\/der-schulbedarf.shop\/wp-content\/uploads\/2023\/06\/46161-700x380-1.webp","type":"image\/webp"}],"twitter_card":"summary_large_image","twitter_misc":{"Gesch\u00e4tzte Lesezeit":"2\u00a0Minuten"},"schema":{"@context":"https:\/\/schema.org","@graph":[{"@type":"WebPage","@id":"https:\/\/der-schulbedarf.shop\/produkt-des-monats\/produkt\/die-jagd-nach-dem-magischen-detektivkoffer-band-4-achtung-raubritter\/","url":"https:\/\/der-schulbedarf.shop\/produkt-des-monats\/produkt\/die-jagd-nach-dem-magischen-detektivkoffer-band-4-achtung-raubritter\/","name":"Die Jagd nach dem magischen Detektivkoffer, Band 4: Achtung, Raubritter! - der-Schulbedarf.shop","isPartOf":{"@id":"https:\/\/der-schulbedarf.shop\/produkt-des-monats\/#website"},"primaryImageOfPage":{"@id":"https:\/\/der-schulbedarf.shop\/produkt-des-monats\/produkt\/die-jagd-nach-dem-magischen-detektivkoffer-band-4-achtung-raubritter\/#primaryimage"},"image":{"@id":"https:\/\/der-schulbedarf.shop\/produkt-des-monats\/produkt\/die-jagd-nach-dem-magischen-detektivkoffer-band-4-achtung-raubritter\/#primaryimage"},"thumbnailUrl":"https:\/\/der-schulbedarf.shop\/wp-content\/uploads\/2023\/06\/46161-700x380-1.webp","datePublished":"2023-06-13T10:19:23+00:00","dateModified":"2024-12-08T20:32:41+00:00","description":"Bei einer F\u00fchrung auf Burg R\u00e4tselstein erfahren die Zwillinge Lukas und Marie von einem geheimnisvollen Schatz.","breadcrumb":{"@id":"https:\/\/der-schulbedarf.shop\/produkt-des-monats\/produkt\/die-jagd-nach-dem-magischen-detektivkoffer-band-4-achtung-raubritter\/#breadcrumb"},"inLanguage":"de","potentialAction":[{"@type":"ReadAction","target":["https:\/\/der-schulbedarf.shop\/produkt-des-monats\/produkt\/die-jagd-nach-dem-magischen-detektivkoffer-band-4-achtung-raubritter\/"]}]},{"@type":"ImageObject","inLanguage":"de","@id":"https:\/\/der-schulbedarf.shop\/produkt-des-monats\/produkt\/die-jagd-nach-dem-magischen-detektivkoffer-band-4-achtung-raubritter\/#primaryimage","url":"https:\/\/der-schulbedarf.shop\/wp-content\/uploads\/2023\/06\/46161-700x380-1.webp","contentUrl":"https:\/\/der-schulbedarf.shop\/wp-content\/uploads\/2023\/06\/46161-700x380-1.webp","width":700,"height":380,"caption":"Achtung, Raubritter!"},{"@type":"BreadcrumbList","@id":"https:\/\/der-schulbedarf.shop\/produkt-des-monats\/produkt\/die-jagd-nach-dem-magischen-detektivkoffer-band-4-achtung-raubritter\/#breadcrumb","itemListElement":[{"@type":"ListItem","position":1,"name":"Shop","item":"https:\/\/der-schulbedarf.shop\/produkt-des-monats\/shop\/"},{"@type":"ListItem","position":2,"name":"Die Jagd nach dem magischen Detektivkoffer, Band 4: Achtung, Raubritter!"}]},{"@type":"WebSite","@id":"https:\/\/der-schulbedarf.shop\/produkt-des-monats\/#website","url":"https:\/\/der-schulbedarf.shop\/produkt-des-monats\/","name":"der-Schulbedarf.shop","description":"","publisher":{"@id":"https:\/\/der-schulbedarf.shop\/produkt-des-monats\/#organization"},"potentialAction":[{"@type":"SearchAction","target":{"@type":"EntryPoint","urlTemplate":"https:\/\/der-schulbedarf.shop\/produkt-des-monats\/?s={search_term_string}"},"query-input":{"@type":"PropertyValueSpecification","valueRequired":true,"valueName":"search_term_string"}}],"inLanguage":"de"},{"@type":"Organization","@id":"https:\/\/der-schulbedarf.shop\/produkt-des-monats\/#organization","name":"der-Schulbedarf.shop","url":"https:\/\/der-schulbedarf.shop\/produkt-des-monats\/","logo":{"@type":"ImageObject","inLanguage":"de","@id":"https:\/\/der-schulbedarf.shop\/produkt-des-monats\/#\/schema\/logo\/image\/","url":"https:\/\/der-schulbedarf.shop\/wp-content\/uploads\/2024\/02\/grafik-e1709551115899.png","contentUrl":"https:\/\/der-schulbedarf.shop\/wp-content\/uploads\/2024\/02\/grafik-e1709551115899.png","width":80,"height":80,"caption":"der-Schulbedarf.shop"},"image":{"@id":"https:\/\/der-schulbedarf.shop\/produkt-des-monats\/#\/schema\/logo\/image\/"}}]}},"_links":{"self":[{"href":"https:\/\/der-schulbedarf.shop\/produkt-des-monats\/wp-json\/wp\/v2\/product\/1423","targetHints":{"allow":["GET"]}}],"collection":[{"href":"https:\/\/der-schulbedarf.shop\/produkt-des-monats\/wp-json\/wp\/v2\/product"}],"about":[{"href":"https:\/\/der-schulbedarf.shop\/produkt-des-monats\/wp-json\/wp\/v2\/types\/product"}],"replies":[{"embeddable":true,"href":"https:\/\/der-schulbedarf.shop\/produkt-des-monats\/wp-json\/wp\/v2\/comments?post=1423"}],"wp:featuredmedia":[{"embeddable":true,"href":"https:\/\/der-schulbedarf.shop\/produkt-des-monats\/wp-json\/wp\/v2\/media\/2249"}],"wp:attachment":[{"href":"https:\/\/der-schulbedarf.shop\/produkt-des-monats\/wp-json\/wp\/v2\/media?parent=1423"}],"wp:term":[{"taxonomy":"product_cat","embeddable":true,"href":"https:\/\/der-schulbedarf.shop\/produkt-des-monats\/wp-json\/wp\/v2\/product_cat?post=1423"},{"taxonomy":"product_tag","embeddable":true,"href":"https:\/\/der-schulbedarf.shop\/produkt-des-monats\/wp-json\/wp\/v2\/product_tag?post=1423"}],"curies":[{"name":"wp","href":"https:\/\/api.w.org\/{rel}","templated":true}]}}