{"id":1455,"date":"2023-06-13T09:51:11","date_gmt":"2023-06-13T09:51:11","guid":{"rendered":"https:\/\/der-schulbedarf.Shop\/?post_type=product&#038;p=1455"},"modified":"2024-12-08T20:32:41","modified_gmt":"2024-12-08T20:32:41","slug":"leserabe-vor-lesestufe-hotel-tierlieb","status":"publish","type":"product","link":"https:\/\/der-schulbedarf.shop\/produkt-des-monats\/produkt\/leserabe-vor-lesestufe-hotel-tierlieb\/","title":{"rendered":"Leserabe &#8211; Vor-Lesestufe: Hotel Tierlieb"},"content":{"rendered":"<p>Lesen lernen wie im Flug!<\/p>\n<p>Max und Lena leben mit ihren Eltern in einem ganz besonderen Hotel: Ins Hotel Tierlieb kommen keine Menschen, sondern Tiere. Krokodil Klaus zum Beispiel, Huhn Henni, Kater Caruso und Bernhardiner Bruno. Und dann gibt es da noch das diebische K\u00e4nguru Karla, das immer wieder f\u00fcr Chaos sorgt. Bei so viel tierischem Trubel haben die Geschwister Max und Lena alle H\u00e4nde voll zu tun!<\/p>\n<p>Die Kinderb\u00fccher der Reihe Leserabe \u2013 Vor-Lesestufe wurden mit P\u00e4dagogen entwickelt und erm\u00f6glichen Kindern im Vorschulalter und deren Eltern als Leseteam erste gemeinsame Leseerlebnisse. Hauptw\u00f6rter werden durch Bilder ersetzt, sodass M\u00e4dchen und Jungen ab 5 Jahren leicht in den Leseprozess einbezogen werden k\u00f6nnen.<\/p>\n<p>Empfohlen von Stiftung Lesen, gelistet bei Antolin.<\/p>\n<p>&nbsp;<\/p>\n","protected":false},"excerpt":{"rendered":"<p>Lesen lernen wie im Flug! Max und Lena leben mit ihren Eltern in einem ganz besonderen Hotel: Ins Hotel Tierlieb kommen keine Menschen, sondern Tiere. Krokodil Klaus zum Beispiel, Huhn Henni, Kater Caruso und Bernhardiner Bruno. Und dann gibt es da noch das diebische K\u00e4nguru Karla, das immer wieder f\u00fcr Chaos sorgt. Bei so viel [&hellip;]<\/p>\n","protected":false},"featured_media":2233,"comment_status":"open","ping_status":"closed","template":"","meta":[],"product_cat":[224,915,944,225,1028],"product_tag":[192,111,668,200,201,469,532,467,196,197,195,115,481,114,113,112,667,198,181,202,179,472,666,533,468,167,479,480],"class_list":{"0":"post-1455","1":"product","2":"type-product","3":"status-publish","4":"has-post-thumbnail","6":"product_cat-kinderbuecher","7":"product_cat-produkt-feeds","8":"product_cat-produktzufuehrung-geizhal","9":"product_cat-ravensburger-kinderbuecher","10":"product_cat-vorschulalter","11":"product_tag-antolin","12":"product_tag-beschaeftigung","13":"product_tag-bilderlesebuch","14":"product_tag-buch","15":"product_tag-buecher","16":"product_tag-einschulung-geschenk","17":"product_tag-einschulung-jungen","18":"product_tag-einschulung-maedchen","19":"product_tag-erstlesebuch","20":"product_tag-erstlesebuecher","21":"product_tag-erstleser","22":"product_tag-fuer-jungen","23":"product_tag-fuer-kinder-ab-5-jahre","24":"product_tag-fuer-maedchen","25":"product_tag-geschenk","26":"product_tag-geschenkidee","27":"product_tag-jungen-geschenk-5-jahre","28":"product_tag-kinderbuch","29":"product_tag-kinderbuecher","30":"product_tag-lesen","31":"product_tag-lesen-lernen","32":"product_tag-leserabe-vorschule","33":"product_tag-maedchen-geschenk-5-jahre","34":"product_tag-schulanfang-jungen","35":"product_tag-schulanfang-maedchen","36":"product_tag-tiere","37":"product_tag-vorlesestufe","38":"product_tag-vorschule","39":"post","40":"post-with-thumbnail","41":"post-with-thumbnail-large","43":"first","44":"outofstock","45":"taxable","46":"shipping-taxable","47":"purchasable","48":"product-type-simple"},"yoast_head":"<!-- This site is optimized with the Yoast SEO plugin v26.6 - https:\/\/yoast.com\/wordpress\/plugins\/seo\/ -->\n<title>Leserabe - Vor-Lesestufe: Hotel Tierlieb - der-Schulbedarf.shop<\/title>\n<meta name=\"description\" content=\"Max und Lena leben mit ihren Eltern in einem ganz besonderen Hotel: Ins Hotel Tierlieb kommen keine Menschen, sondern Tiere. F\u00fcr Kinder ab 5 Jahren.\" \/>\n<meta name=\"robots\" content=\"index, follow, max-snippet:-1, max-image-preview:large, max-video-preview:-1\" \/>\n<link rel=\"canonical\" href=\"https:\/\/der-schulbedarf.shop\/produkt-des-monats\/produkt\/leserabe-vor-lesestufe-hotel-tierlieb\/\" \/>\n<meta property=\"og:locale\" content=\"de_DE\" \/>\n<meta property=\"og:type\" content=\"article\" \/>\n<meta property=\"og:title\" content=\"Leserabe - Vor-Lesestufe: Hotel Tierlieb - der-Schulbedarf.shop\" \/>\n<meta property=\"og:description\" content=\"Max und Lena leben mit ihren Eltern in einem ganz besonderen Hotel: Ins Hotel Tierlieb kommen keine Menschen, sondern Tiere. F\u00fcr Kinder ab 5 Jahren.\" \/>\n<meta property=\"og:url\" content=\"https:\/\/der-schulbedarf.shop\/produkt-des-monats\/produkt\/leserabe-vor-lesestufe-hotel-tierlieb\/\" \/>\n<meta property=\"og:site_name\" content=\"der-Schulbedarf.shop\" \/>\n<meta property=\"article:modified_time\" content=\"2024-12-08T20:32:41+00:00\" \/>\n<meta property=\"og:image\" content=\"https:\/\/der-schulbedarf.shop\/wp-content\/uploads\/2023\/06\/46185-720x380-1.webp\" \/>\n\t<meta property=\"og:image:width\" content=\"720\" \/>\n\t<meta property=\"og:image:height\" content=\"380\" \/>\n\t<meta property=\"og:image:type\" content=\"image\/webp\" \/>\n<meta name=\"twitter:card\" content=\"summary_large_image\" \/>\n<meta name=\"twitter:label1\" content=\"Gesch\u00e4tzte Lesezeit\" \/>\n\t<meta name=\"twitter:data1\" content=\"1\u00a0Minute\" \/>\n<script type=\"application\/ld+json\" class=\"yoast-schema-graph\">{\"@context\":\"https:\/\/schema.org\",\"@graph\":[{\"@type\":\"WebPage\",\"@id\":\"https:\/\/der-schulbedarf.shop\/produkt-des-monats\/produkt\/leserabe-vor-lesestufe-hotel-tierlieb\/\",\"url\":\"https:\/\/der-schulbedarf.shop\/produkt-des-monats\/produkt\/leserabe-vor-lesestufe-hotel-tierlieb\/\",\"name\":\"Leserabe - Vor-Lesestufe: Hotel Tierlieb - der-Schulbedarf.shop\",\"isPartOf\":{\"@id\":\"https:\/\/der-schulbedarf.shop\/produkt-des-monats\/#website\"},\"primaryImageOfPage\":{\"@id\":\"https:\/\/der-schulbedarf.shop\/produkt-des-monats\/produkt\/leserabe-vor-lesestufe-hotel-tierlieb\/#primaryimage\"},\"image\":{\"@id\":\"https:\/\/der-schulbedarf.shop\/produkt-des-monats\/produkt\/leserabe-vor-lesestufe-hotel-tierlieb\/#primaryimage\"},\"thumbnailUrl\":\"https:\/\/der-schulbedarf.shop\/wp-content\/uploads\/2023\/06\/46185-720x380-1.webp\",\"datePublished\":\"2023-06-13T09:51:11+00:00\",\"dateModified\":\"2024-12-08T20:32:41+00:00\",\"description\":\"Max und Lena leben mit ihren Eltern in einem ganz besonderen Hotel: Ins Hotel Tierlieb kommen keine Menschen, sondern Tiere. F\u00fcr Kinder ab 5 Jahren.\",\"breadcrumb\":{\"@id\":\"https:\/\/der-schulbedarf.shop\/produkt-des-monats\/produkt\/leserabe-vor-lesestufe-hotel-tierlieb\/#breadcrumb\"},\"inLanguage\":\"de\",\"potentialAction\":[{\"@type\":\"ReadAction\",\"target\":[\"https:\/\/der-schulbedarf.shop\/produkt-des-monats\/produkt\/leserabe-vor-lesestufe-hotel-tierlieb\/\"]}]},{\"@type\":\"ImageObject\",\"inLanguage\":\"de\",\"@id\":\"https:\/\/der-schulbedarf.shop\/produkt-des-monats\/produkt\/leserabe-vor-lesestufe-hotel-tierlieb\/#primaryimage\",\"url\":\"https:\/\/der-schulbedarf.shop\/wp-content\/uploads\/2023\/06\/46185-720x380-1.webp\",\"contentUrl\":\"https:\/\/der-schulbedarf.shop\/wp-content\/uploads\/2023\/06\/46185-720x380-1.webp\",\"width\":720,\"height\":380,\"caption\":\"Hotel Tierlieb\"},{\"@type\":\"BreadcrumbList\",\"@id\":\"https:\/\/der-schulbedarf.shop\/produkt-des-monats\/produkt\/leserabe-vor-lesestufe-hotel-tierlieb\/#breadcrumb\",\"itemListElement\":[{\"@type\":\"ListItem\",\"position\":1,\"name\":\"Shop\",\"item\":\"https:\/\/der-schulbedarf.shop\/produkt-des-monats\/shop\/\"},{\"@type\":\"ListItem\",\"position\":2,\"name\":\"Leserabe &#8211; Vor-Lesestufe: Hotel Tierlieb\"}]},{\"@type\":\"WebSite\",\"@id\":\"https:\/\/der-schulbedarf.shop\/produkt-des-monats\/#website\",\"url\":\"https:\/\/der-schulbedarf.shop\/produkt-des-monats\/\",\"name\":\"der-Schulbedarf.shop\",\"description\":\"\",\"publisher\":{\"@id\":\"https:\/\/der-schulbedarf.shop\/produkt-des-monats\/#organization\"},\"potentialAction\":[{\"@type\":\"SearchAction\",\"target\":{\"@type\":\"EntryPoint\",\"urlTemplate\":\"https:\/\/der-schulbedarf.shop\/produkt-des-monats\/?s={search_term_string}\"},\"query-input\":{\"@type\":\"PropertyValueSpecification\",\"valueRequired\":true,\"valueName\":\"search_term_string\"}}],\"inLanguage\":\"de\"},{\"@type\":\"Organization\",\"@id\":\"https:\/\/der-schulbedarf.shop\/produkt-des-monats\/#organization\",\"name\":\"der-Schulbedarf.shop\",\"url\":\"https:\/\/der-schulbedarf.shop\/produkt-des-monats\/\",\"logo\":{\"@type\":\"ImageObject\",\"inLanguage\":\"de\",\"@id\":\"https:\/\/der-schulbedarf.shop\/produkt-des-monats\/#\/schema\/logo\/image\/\",\"url\":\"https:\/\/der-schulbedarf.shop\/wp-content\/uploads\/2024\/02\/grafik-e1709551115899.png\",\"contentUrl\":\"https:\/\/der-schulbedarf.shop\/wp-content\/uploads\/2024\/02\/grafik-e1709551115899.png\",\"width\":80,\"height\":80,\"caption\":\"der-Schulbedarf.shop\"},\"image\":{\"@id\":\"https:\/\/der-schulbedarf.shop\/produkt-des-monats\/#\/schema\/logo\/image\/\"}}]}<\/script>\n<!-- \/ Yoast SEO plugin. -->","yoast_head_json":{"title":"Leserabe - Vor-Lesestufe: Hotel Tierlieb - der-Schulbedarf.shop","description":"Max und Lena leben mit ihren Eltern in einem ganz besonderen Hotel: Ins Hotel Tierlieb kommen keine Menschen, sondern Tiere. F\u00fcr Kinder ab 5 Jahren.","robots":{"index":"index","follow":"follow","max-snippet":"max-snippet:-1","max-image-preview":"max-image-preview:large","max-video-preview":"max-video-preview:-1"},"canonical":"https:\/\/der-schulbedarf.shop\/produkt-des-monats\/produkt\/leserabe-vor-lesestufe-hotel-tierlieb\/","og_locale":"de_DE","og_type":"article","og_title":"Leserabe - Vor-Lesestufe: Hotel Tierlieb - der-Schulbedarf.shop","og_description":"Max und Lena leben mit ihren Eltern in einem ganz besonderen Hotel: Ins Hotel Tierlieb kommen keine Menschen, sondern Tiere. F\u00fcr Kinder ab 5 Jahren.","og_url":"https:\/\/der-schulbedarf.shop\/produkt-des-monats\/produkt\/leserabe-vor-lesestufe-hotel-tierlieb\/","og_site_name":"der-Schulbedarf.shop","article_modified_time":"2024-12-08T20:32:41+00:00","og_image":[{"width":720,"height":380,"url":"https:\/\/der-schulbedarf.shop\/wp-content\/uploads\/2023\/06\/46185-720x380-1.webp","type":"image\/webp"}],"twitter_card":"summary_large_image","twitter_misc":{"Gesch\u00e4tzte Lesezeit":"1\u00a0Minute"},"schema":{"@context":"https:\/\/schema.org","@graph":[{"@type":"WebPage","@id":"https:\/\/der-schulbedarf.shop\/produkt-des-monats\/produkt\/leserabe-vor-lesestufe-hotel-tierlieb\/","url":"https:\/\/der-schulbedarf.shop\/produkt-des-monats\/produkt\/leserabe-vor-lesestufe-hotel-tierlieb\/","name":"Leserabe - Vor-Lesestufe: Hotel Tierlieb - der-Schulbedarf.shop","isPartOf":{"@id":"https:\/\/der-schulbedarf.shop\/produkt-des-monats\/#website"},"primaryImageOfPage":{"@id":"https:\/\/der-schulbedarf.shop\/produkt-des-monats\/produkt\/leserabe-vor-lesestufe-hotel-tierlieb\/#primaryimage"},"image":{"@id":"https:\/\/der-schulbedarf.shop\/produkt-des-monats\/produkt\/leserabe-vor-lesestufe-hotel-tierlieb\/#primaryimage"},"thumbnailUrl":"https:\/\/der-schulbedarf.shop\/wp-content\/uploads\/2023\/06\/46185-720x380-1.webp","datePublished":"2023-06-13T09:51:11+00:00","dateModified":"2024-12-08T20:32:41+00:00","description":"Max und Lena leben mit ihren Eltern in einem ganz besonderen Hotel: Ins Hotel Tierlieb kommen keine Menschen, sondern Tiere. F\u00fcr Kinder ab 5 Jahren.","breadcrumb":{"@id":"https:\/\/der-schulbedarf.shop\/produkt-des-monats\/produkt\/leserabe-vor-lesestufe-hotel-tierlieb\/#breadcrumb"},"inLanguage":"de","potentialAction":[{"@type":"ReadAction","target":["https:\/\/der-schulbedarf.shop\/produkt-des-monats\/produkt\/leserabe-vor-lesestufe-hotel-tierlieb\/"]}]},{"@type":"ImageObject","inLanguage":"de","@id":"https:\/\/der-schulbedarf.shop\/produkt-des-monats\/produkt\/leserabe-vor-lesestufe-hotel-tierlieb\/#primaryimage","url":"https:\/\/der-schulbedarf.shop\/wp-content\/uploads\/2023\/06\/46185-720x380-1.webp","contentUrl":"https:\/\/der-schulbedarf.shop\/wp-content\/uploads\/2023\/06\/46185-720x380-1.webp","width":720,"height":380,"caption":"Hotel Tierlieb"},{"@type":"BreadcrumbList","@id":"https:\/\/der-schulbedarf.shop\/produkt-des-monats\/produkt\/leserabe-vor-lesestufe-hotel-tierlieb\/#breadcrumb","itemListElement":[{"@type":"ListItem","position":1,"name":"Shop","item":"https:\/\/der-schulbedarf.shop\/produkt-des-monats\/shop\/"},{"@type":"ListItem","position":2,"name":"Leserabe &#8211; Vor-Lesestufe: Hotel Tierlieb"}]},{"@type":"WebSite","@id":"https:\/\/der-schulbedarf.shop\/produkt-des-monats\/#website","url":"https:\/\/der-schulbedarf.shop\/produkt-des-monats\/","name":"der-Schulbedarf.shop","description":"","publisher":{"@id":"https:\/\/der-schulbedarf.shop\/produkt-des-monats\/#organization"},"potentialAction":[{"@type":"SearchAction","target":{"@type":"EntryPoint","urlTemplate":"https:\/\/der-schulbedarf.shop\/produkt-des-monats\/?s={search_term_string}"},"query-input":{"@type":"PropertyValueSpecification","valueRequired":true,"valueName":"search_term_string"}}],"inLanguage":"de"},{"@type":"Organization","@id":"https:\/\/der-schulbedarf.shop\/produkt-des-monats\/#organization","name":"der-Schulbedarf.shop","url":"https:\/\/der-schulbedarf.shop\/produkt-des-monats\/","logo":{"@type":"ImageObject","inLanguage":"de","@id":"https:\/\/der-schulbedarf.shop\/produkt-des-monats\/#\/schema\/logo\/image\/","url":"https:\/\/der-schulbedarf.shop\/wp-content\/uploads\/2024\/02\/grafik-e1709551115899.png","contentUrl":"https:\/\/der-schulbedarf.shop\/wp-content\/uploads\/2024\/02\/grafik-e1709551115899.png","width":80,"height":80,"caption":"der-Schulbedarf.shop"},"image":{"@id":"https:\/\/der-schulbedarf.shop\/produkt-des-monats\/#\/schema\/logo\/image\/"}}]}},"_links":{"self":[{"href":"https:\/\/der-schulbedarf.shop\/produkt-des-monats\/wp-json\/wp\/v2\/product\/1455","targetHints":{"allow":["GET"]}}],"collection":[{"href":"https:\/\/der-schulbedarf.shop\/produkt-des-monats\/wp-json\/wp\/v2\/product"}],"about":[{"href":"https:\/\/der-schulbedarf.shop\/produkt-des-monats\/wp-json\/wp\/v2\/types\/product"}],"replies":[{"embeddable":true,"href":"https:\/\/der-schulbedarf.shop\/produkt-des-monats\/wp-json\/wp\/v2\/comments?post=1455"}],"wp:featuredmedia":[{"embeddable":true,"href":"https:\/\/der-schulbedarf.shop\/produkt-des-monats\/wp-json\/wp\/v2\/media\/2233"}],"wp:attachment":[{"href":"https:\/\/der-schulbedarf.shop\/produkt-des-monats\/wp-json\/wp\/v2\/media?parent=1455"}],"wp:term":[{"taxonomy":"product_cat","embeddable":true,"href":"https:\/\/der-schulbedarf.shop\/produkt-des-monats\/wp-json\/wp\/v2\/product_cat?post=1455"},{"taxonomy":"product_tag","embeddable":true,"href":"https:\/\/der-schulbedarf.shop\/produkt-des-monats\/wp-json\/wp\/v2\/product_tag?post=1455"}],"curies":[{"name":"wp","href":"https:\/\/api.w.org\/{rel}","templated":true}]}}