{"id":1460,"date":"2023-06-13T09:35:26","date_gmt":"2023-06-13T09:35:26","guid":{"rendered":"https:\/\/der-schulbedarf.Shop\/?post_type=product&#038;p=1460"},"modified":"2025-08-28T09:17:17","modified_gmt":"2025-08-28T09:17:17","slug":"leserabe-1-lesestufe-das-raetsel-der-drachenhoehle","status":"publish","type":"product","link":"https:\/\/der-schulbedarf.shop\/produkt-des-monats\/produkt\/leserabe-1-lesestufe-das-raetsel-der-drachenhoehle\/","title":{"rendered":"Leserabe &#8211; 1. Lesestufe: Das R\u00e4tsel der Drachenh\u00f6hle"},"content":{"rendered":"<p>Lesen lernen wie im Flug!<\/p>\n<p>Hinter dem Haus von Paula und Ben ist ein Wald und dort befindet sich das \u201edunkle Tor\u201c. So hei\u00dft der Eingang zu einer H\u00f6hle, um die sich viele Ger\u00fcchte ranken. Ben und Paula machen sich ausgestattet mit Taschenlampe, Kompass und Gummib\u00e4rchen auf zur H\u00f6hlenexpedition. Was sie nicht wissen: Gleichzeitig brechen auch ihre Eltern auf, um die H\u00f6hle zu erkunden. Mit vereinten Kr\u00e4ften gelingt es der Familie schlie\u00dflich, das Geheimnis der Drachenh\u00f6hle zu l\u00fcften.<\/p>\n<p>&nbsp;<\/p>\n<p>Lesen lernen wie im Flug! Die Kinderb\u00fccher der Reihe Leserabe \u2013 1. Lesestufe wurden mit P\u00e4dagogen entwickelt und richten sich an Leseanf\u00e4nger ab der 1. Klasse. Kurze Texte in gro\u00dfer Fibelschrift sichern erste Leseerfolge und steigern die Lesekompetenz von M\u00e4dchen und Jungen ab 6 Jahren. Mit Belohnungsstickern.<\/p>\n<p>Empfohlen von Stiftung Lesen, gelistet bei Antolin.<\/p>\n<p>&nbsp;<\/p>\n","protected":false},"excerpt":{"rendered":"<p>Lesen lernen wie im Flug! Hinter dem Haus von Paula und Ben ist ein Wald und dort befindet sich das \u201edunkle Tor\u201c. So hei\u00dft der Eingang zu einer H\u00f6hle, um die sich viele Ger\u00fcchte ranken. Ben und Paula machen sich ausgestattet mit Taschenlampe, Kompass und Gummib\u00e4rchen auf zur H\u00f6hlenexpedition. Was sie nicht wissen: Gleichzeitig brechen [&hellip;]<\/p>\n","protected":false},"featured_media":3321,"comment_status":"open","ping_status":"closed","template":"","meta":[],"product_cat":[224,915,944,225],"product_tag":[268,192,111,200,201,532,467,196,197,195,536,473,115,199,114,113,535,505,112,670,534,198,181,202,179,669,533,468,672,671],"class_list":{"0":"post-1460","1":"product","2":"type-product","3":"status-publish","4":"has-post-thumbnail","6":"product_cat-kinderbuecher","7":"product_cat-produkt-feeds","8":"product_cat-produktzufuehrung-geizhal","9":"product_cat-ravensburger-kinderbuecher","10":"product_tag-abenteuer","11":"product_tag-antolin","12":"product_tag-beschaeftigung","13":"product_tag-buch","14":"product_tag-buecher","15":"product_tag-einschulung-jungen","16":"product_tag-einschulung-maedchen","17":"product_tag-erstlesebuch","18":"product_tag-erstlesebuecher","19":"product_tag-erstleser","20":"product_tag-erstleser-jungen-1-klasse","21":"product_tag-erstleser-maedchen-1-klasse","22":"product_tag-fuer-jungen","23":"product_tag-fuer-kinder-ab-6-jahre","24":"product_tag-fuer-maedchen","25":"product_tag-geschenk","26":"product_tag-geschenk-jungen-6-jahre","27":"product_tag-geschenk-maedchen-6-jahre","28":"product_tag-geschenkidee","29":"product_tag-grossbuchstaben","30":"product_tag-jungen-geschenke-6-jahre","31":"product_tag-kinderbuch","32":"product_tag-kinderbuecher","33":"product_tag-lesen","34":"product_tag-lesen-lernen","35":"product_tag-maedchen-geschenk-6-jahre","36":"product_tag-schulanfang-jungen","37":"product_tag-schulanfang-maedchen","38":"product_tag-versal","39":"product_tag-versalien","40":"post","41":"post-with-thumbnail","42":"post-with-thumbnail-large","44":"first","45":"outofstock","46":"taxable","47":"shipping-taxable","48":"purchasable","49":"product-type-simple"},"yoast_head":"<!-- This site is optimized with the Yoast SEO plugin v26.6 - https:\/\/yoast.com\/wordpress\/plugins\/seo\/ -->\n<title>Leserabe - 1. Lesestufe: Das R\u00e4tsel der Drachenh\u00f6hle - der-Schulbedarf.shop<\/title>\n<meta name=\"description\" content=\"Leserabe-Das R\u00e4tsel der Drachenh\u00f6hle. Paula und Ben l\u00f6sen das R\u00e4tsel der Drachenh\u00f6hle. F\u00fcr Kinder ab 6 Jahren. Von P\u00e4dagogen entwickelt. Lesekompetenz !!!\" \/>\n<meta name=\"robots\" content=\"index, follow, max-snippet:-1, max-image-preview:large, max-video-preview:-1\" \/>\n<link rel=\"canonical\" href=\"https:\/\/der-schulbedarf.shop\/produkt-des-monats\/produkt\/leserabe-1-lesestufe-das-raetsel-der-drachenhoehle\/\" \/>\n<meta property=\"og:locale\" content=\"de_DE\" \/>\n<meta property=\"og:type\" content=\"article\" \/>\n<meta property=\"og:title\" content=\"Leserabe - 1. Lesestufe: Das R\u00e4tsel der Drachenh\u00f6hle - der-Schulbedarf.shop\" \/>\n<meta property=\"og:description\" content=\"Leserabe-Das R\u00e4tsel der Drachenh\u00f6hle. Paula und Ben l\u00f6sen das R\u00e4tsel der Drachenh\u00f6hle. F\u00fcr Kinder ab 6 Jahren. Von P\u00e4dagogen entwickelt. Lesekompetenz !!!\" \/>\n<meta property=\"og:url\" content=\"https:\/\/der-schulbedarf.shop\/produkt-des-monats\/produkt\/leserabe-1-lesestufe-das-raetsel-der-drachenhoehle\/\" \/>\n<meta property=\"og:site_name\" content=\"der-Schulbedarf.shop\" \/>\n<meta property=\"article:modified_time\" content=\"2025-08-28T09:17:17+00:00\" \/>\n<meta property=\"og:image\" content=\"https:\/\/der-schulbedarf.shop\/wp-content\/uploads\/2023\/06\/46186.jpg\" \/>\n\t<meta property=\"og:image:width\" content=\"755\" \/>\n\t<meta property=\"og:image:height\" content=\"1024\" \/>\n\t<meta property=\"og:image:type\" content=\"image\/jpeg\" \/>\n<meta name=\"twitter:card\" content=\"summary_large_image\" \/>\n<meta name=\"twitter:label1\" content=\"Gesch\u00e4tzte Lesezeit\" \/>\n\t<meta name=\"twitter:data1\" content=\"1\u00a0Minute\" \/>\n<script type=\"application\/ld+json\" class=\"yoast-schema-graph\">{\"@context\":\"https:\/\/schema.org\",\"@graph\":[{\"@type\":\"WebPage\",\"@id\":\"https:\/\/der-schulbedarf.shop\/produkt-des-monats\/produkt\/leserabe-1-lesestufe-das-raetsel-der-drachenhoehle\/\",\"url\":\"https:\/\/der-schulbedarf.shop\/produkt-des-monats\/produkt\/leserabe-1-lesestufe-das-raetsel-der-drachenhoehle\/\",\"name\":\"Leserabe - 1. Lesestufe: Das R\u00e4tsel der Drachenh\u00f6hle - der-Schulbedarf.shop\",\"isPartOf\":{\"@id\":\"https:\/\/der-schulbedarf.shop\/produkt-des-monats\/#website\"},\"primaryImageOfPage\":{\"@id\":\"https:\/\/der-schulbedarf.shop\/produkt-des-monats\/produkt\/leserabe-1-lesestufe-das-raetsel-der-drachenhoehle\/#primaryimage\"},\"image\":{\"@id\":\"https:\/\/der-schulbedarf.shop\/produkt-des-monats\/produkt\/leserabe-1-lesestufe-das-raetsel-der-drachenhoehle\/#primaryimage\"},\"thumbnailUrl\":\"https:\/\/der-schulbedarf.shop\/wp-content\/uploads\/2023\/06\/46186.jpg\",\"datePublished\":\"2023-06-13T09:35:26+00:00\",\"dateModified\":\"2025-08-28T09:17:17+00:00\",\"description\":\"Leserabe-Das R\u00e4tsel der Drachenh\u00f6hle. Paula und Ben l\u00f6sen das R\u00e4tsel der Drachenh\u00f6hle. F\u00fcr Kinder ab 6 Jahren. Von P\u00e4dagogen entwickelt. Lesekompetenz !!!\",\"breadcrumb\":{\"@id\":\"https:\/\/der-schulbedarf.shop\/produkt-des-monats\/produkt\/leserabe-1-lesestufe-das-raetsel-der-drachenhoehle\/#breadcrumb\"},\"inLanguage\":\"de\",\"potentialAction\":[{\"@type\":\"ReadAction\",\"target\":[\"https:\/\/der-schulbedarf.shop\/produkt-des-monats\/produkt\/leserabe-1-lesestufe-das-raetsel-der-drachenhoehle\/\"]}]},{\"@type\":\"ImageObject\",\"inLanguage\":\"de\",\"@id\":\"https:\/\/der-schulbedarf.shop\/produkt-des-monats\/produkt\/leserabe-1-lesestufe-das-raetsel-der-drachenhoehle\/#primaryimage\",\"url\":\"https:\/\/der-schulbedarf.shop\/wp-content\/uploads\/2023\/06\/46186.jpg\",\"contentUrl\":\"https:\/\/der-schulbedarf.shop\/wp-content\/uploads\/2023\/06\/46186.jpg\",\"width\":755,\"height\":1024},{\"@type\":\"BreadcrumbList\",\"@id\":\"https:\/\/der-schulbedarf.shop\/produkt-des-monats\/produkt\/leserabe-1-lesestufe-das-raetsel-der-drachenhoehle\/#breadcrumb\",\"itemListElement\":[{\"@type\":\"ListItem\",\"position\":1,\"name\":\"Shop\",\"item\":\"https:\/\/der-schulbedarf.shop\/produkt-des-monats\/shop\/\"},{\"@type\":\"ListItem\",\"position\":2,\"name\":\"Leserabe &#8211; 1. Lesestufe: Das R\u00e4tsel der Drachenh\u00f6hle\"}]},{\"@type\":\"WebSite\",\"@id\":\"https:\/\/der-schulbedarf.shop\/produkt-des-monats\/#website\",\"url\":\"https:\/\/der-schulbedarf.shop\/produkt-des-monats\/\",\"name\":\"der-Schulbedarf.shop\",\"description\":\"\",\"publisher\":{\"@id\":\"https:\/\/der-schulbedarf.shop\/produkt-des-monats\/#organization\"},\"potentialAction\":[{\"@type\":\"SearchAction\",\"target\":{\"@type\":\"EntryPoint\",\"urlTemplate\":\"https:\/\/der-schulbedarf.shop\/produkt-des-monats\/?s={search_term_string}\"},\"query-input\":{\"@type\":\"PropertyValueSpecification\",\"valueRequired\":true,\"valueName\":\"search_term_string\"}}],\"inLanguage\":\"de\"},{\"@type\":\"Organization\",\"@id\":\"https:\/\/der-schulbedarf.shop\/produkt-des-monats\/#organization\",\"name\":\"der-Schulbedarf.shop\",\"url\":\"https:\/\/der-schulbedarf.shop\/produkt-des-monats\/\",\"logo\":{\"@type\":\"ImageObject\",\"inLanguage\":\"de\",\"@id\":\"https:\/\/der-schulbedarf.shop\/produkt-des-monats\/#\/schema\/logo\/image\/\",\"url\":\"https:\/\/der-schulbedarf.shop\/wp-content\/uploads\/2024\/02\/grafik-e1709551115899.png\",\"contentUrl\":\"https:\/\/der-schulbedarf.shop\/wp-content\/uploads\/2024\/02\/grafik-e1709551115899.png\",\"width\":80,\"height\":80,\"caption\":\"der-Schulbedarf.shop\"},\"image\":{\"@id\":\"https:\/\/der-schulbedarf.shop\/produkt-des-monats\/#\/schema\/logo\/image\/\"}}]}<\/script>\n<!-- \/ Yoast SEO plugin. -->","yoast_head_json":{"title":"Leserabe - 1. Lesestufe: Das R\u00e4tsel der Drachenh\u00f6hle - der-Schulbedarf.shop","description":"Leserabe-Das R\u00e4tsel der Drachenh\u00f6hle. Paula und Ben l\u00f6sen das R\u00e4tsel der Drachenh\u00f6hle. F\u00fcr Kinder ab 6 Jahren. Von P\u00e4dagogen entwickelt. Lesekompetenz !!!","robots":{"index":"index","follow":"follow","max-snippet":"max-snippet:-1","max-image-preview":"max-image-preview:large","max-video-preview":"max-video-preview:-1"},"canonical":"https:\/\/der-schulbedarf.shop\/produkt-des-monats\/produkt\/leserabe-1-lesestufe-das-raetsel-der-drachenhoehle\/","og_locale":"de_DE","og_type":"article","og_title":"Leserabe - 1. Lesestufe: Das R\u00e4tsel der Drachenh\u00f6hle - der-Schulbedarf.shop","og_description":"Leserabe-Das R\u00e4tsel der Drachenh\u00f6hle. Paula und Ben l\u00f6sen das R\u00e4tsel der Drachenh\u00f6hle. F\u00fcr Kinder ab 6 Jahren. Von P\u00e4dagogen entwickelt. Lesekompetenz !!!","og_url":"https:\/\/der-schulbedarf.shop\/produkt-des-monats\/produkt\/leserabe-1-lesestufe-das-raetsel-der-drachenhoehle\/","og_site_name":"der-Schulbedarf.shop","article_modified_time":"2025-08-28T09:17:17+00:00","og_image":[{"width":755,"height":1024,"url":"https:\/\/der-schulbedarf.shop\/wp-content\/uploads\/2023\/06\/46186.jpg","type":"image\/jpeg"}],"twitter_card":"summary_large_image","twitter_misc":{"Gesch\u00e4tzte Lesezeit":"1\u00a0Minute"},"schema":{"@context":"https:\/\/schema.org","@graph":[{"@type":"WebPage","@id":"https:\/\/der-schulbedarf.shop\/produkt-des-monats\/produkt\/leserabe-1-lesestufe-das-raetsel-der-drachenhoehle\/","url":"https:\/\/der-schulbedarf.shop\/produkt-des-monats\/produkt\/leserabe-1-lesestufe-das-raetsel-der-drachenhoehle\/","name":"Leserabe - 1. Lesestufe: Das R\u00e4tsel der Drachenh\u00f6hle - der-Schulbedarf.shop","isPartOf":{"@id":"https:\/\/der-schulbedarf.shop\/produkt-des-monats\/#website"},"primaryImageOfPage":{"@id":"https:\/\/der-schulbedarf.shop\/produkt-des-monats\/produkt\/leserabe-1-lesestufe-das-raetsel-der-drachenhoehle\/#primaryimage"},"image":{"@id":"https:\/\/der-schulbedarf.shop\/produkt-des-monats\/produkt\/leserabe-1-lesestufe-das-raetsel-der-drachenhoehle\/#primaryimage"},"thumbnailUrl":"https:\/\/der-schulbedarf.shop\/wp-content\/uploads\/2023\/06\/46186.jpg","datePublished":"2023-06-13T09:35:26+00:00","dateModified":"2025-08-28T09:17:17+00:00","description":"Leserabe-Das R\u00e4tsel der Drachenh\u00f6hle. Paula und Ben l\u00f6sen das R\u00e4tsel der Drachenh\u00f6hle. F\u00fcr Kinder ab 6 Jahren. Von P\u00e4dagogen entwickelt. Lesekompetenz !!!","breadcrumb":{"@id":"https:\/\/der-schulbedarf.shop\/produkt-des-monats\/produkt\/leserabe-1-lesestufe-das-raetsel-der-drachenhoehle\/#breadcrumb"},"inLanguage":"de","potentialAction":[{"@type":"ReadAction","target":["https:\/\/der-schulbedarf.shop\/produkt-des-monats\/produkt\/leserabe-1-lesestufe-das-raetsel-der-drachenhoehle\/"]}]},{"@type":"ImageObject","inLanguage":"de","@id":"https:\/\/der-schulbedarf.shop\/produkt-des-monats\/produkt\/leserabe-1-lesestufe-das-raetsel-der-drachenhoehle\/#primaryimage","url":"https:\/\/der-schulbedarf.shop\/wp-content\/uploads\/2023\/06\/46186.jpg","contentUrl":"https:\/\/der-schulbedarf.shop\/wp-content\/uploads\/2023\/06\/46186.jpg","width":755,"height":1024},{"@type":"BreadcrumbList","@id":"https:\/\/der-schulbedarf.shop\/produkt-des-monats\/produkt\/leserabe-1-lesestufe-das-raetsel-der-drachenhoehle\/#breadcrumb","itemListElement":[{"@type":"ListItem","position":1,"name":"Shop","item":"https:\/\/der-schulbedarf.shop\/produkt-des-monats\/shop\/"},{"@type":"ListItem","position":2,"name":"Leserabe &#8211; 1. Lesestufe: Das R\u00e4tsel der Drachenh\u00f6hle"}]},{"@type":"WebSite","@id":"https:\/\/der-schulbedarf.shop\/produkt-des-monats\/#website","url":"https:\/\/der-schulbedarf.shop\/produkt-des-monats\/","name":"der-Schulbedarf.shop","description":"","publisher":{"@id":"https:\/\/der-schulbedarf.shop\/produkt-des-monats\/#organization"},"potentialAction":[{"@type":"SearchAction","target":{"@type":"EntryPoint","urlTemplate":"https:\/\/der-schulbedarf.shop\/produkt-des-monats\/?s={search_term_string}"},"query-input":{"@type":"PropertyValueSpecification","valueRequired":true,"valueName":"search_term_string"}}],"inLanguage":"de"},{"@type":"Organization","@id":"https:\/\/der-schulbedarf.shop\/produkt-des-monats\/#organization","name":"der-Schulbedarf.shop","url":"https:\/\/der-schulbedarf.shop\/produkt-des-monats\/","logo":{"@type":"ImageObject","inLanguage":"de","@id":"https:\/\/der-schulbedarf.shop\/produkt-des-monats\/#\/schema\/logo\/image\/","url":"https:\/\/der-schulbedarf.shop\/wp-content\/uploads\/2024\/02\/grafik-e1709551115899.png","contentUrl":"https:\/\/der-schulbedarf.shop\/wp-content\/uploads\/2024\/02\/grafik-e1709551115899.png","width":80,"height":80,"caption":"der-Schulbedarf.shop"},"image":{"@id":"https:\/\/der-schulbedarf.shop\/produkt-des-monats\/#\/schema\/logo\/image\/"}}]}},"_links":{"self":[{"href":"https:\/\/der-schulbedarf.shop\/produkt-des-monats\/wp-json\/wp\/v2\/product\/1460","targetHints":{"allow":["GET"]}}],"collection":[{"href":"https:\/\/der-schulbedarf.shop\/produkt-des-monats\/wp-json\/wp\/v2\/product"}],"about":[{"href":"https:\/\/der-schulbedarf.shop\/produkt-des-monats\/wp-json\/wp\/v2\/types\/product"}],"replies":[{"embeddable":true,"href":"https:\/\/der-schulbedarf.shop\/produkt-des-monats\/wp-json\/wp\/v2\/comments?post=1460"}],"wp:featuredmedia":[{"embeddable":true,"href":"https:\/\/der-schulbedarf.shop\/produkt-des-monats\/wp-json\/wp\/v2\/media\/3321"}],"wp:attachment":[{"href":"https:\/\/der-schulbedarf.shop\/produkt-des-monats\/wp-json\/wp\/v2\/media?parent=1460"}],"wp:term":[{"taxonomy":"product_cat","embeddable":true,"href":"https:\/\/der-schulbedarf.shop\/produkt-des-monats\/wp-json\/wp\/v2\/product_cat?post=1460"},{"taxonomy":"product_tag","embeddable":true,"href":"https:\/\/der-schulbedarf.shop\/produkt-des-monats\/wp-json\/wp\/v2\/product_tag?post=1460"}],"curies":[{"name":"wp","href":"https:\/\/api.w.org\/{rel}","templated":true}]}}