{"id":1468,"date":"2023-06-09T11:38:05","date_gmt":"2023-06-09T11:38:05","guid":{"rendered":"https:\/\/der-schulbedarf.Shop\/?post_type=product&#038;p=1468"},"modified":"2024-11-28T06:59:42","modified_gmt":"2024-11-28T06:59:42","slug":"leserabe-vor-lesestufe-einhorngeschichten","status":"publish","type":"product","link":"https:\/\/der-schulbedarf.shop\/produkt-des-monats\/produkt\/leserabe-vor-lesestufe-einhorngeschichten\/","title":{"rendered":"Leserabe \u2013 Vor-Lesestufe: Einhorngeschichten"},"content":{"rendered":"<p>Lesen lernen wie im Flug!<\/p>\n<p>Das kleine Einhorn Puck mit dem schwarzen Fell ist neu im Einhornwald. Gemeinsam mit der Fee Flo erlebt es spannende Abenteuer. Hauptw\u00f6rter werden durch Bilder ersetzt. Mit praktischer W\u00f6rterliste zum Ausklappen!<\/p>\n<p>Die Kinderb\u00fccher der Reihe Leserabe \u2013 Vor-Lesestufe wurden mit P\u00e4dagogen entwickelt und erm\u00f6glichen Kindern im Vorschulalter und deren Eltern als Leseteam erste gemeinsame Leseerlebnisse. Hauptw\u00f6rter werden durch Bilder ersetzt, sodass M\u00e4dchen und Jungen ab 5 Jahren leicht in den Leseprozess einbezogen werden k\u00f6nnen.<\/p>\n<p>Empfohlen von Stiftung Lesen, gelistet bei Antolin.<\/p>\n","protected":false},"excerpt":{"rendered":"<p>Lesen lernen wie im Flug! Das kleine Einhorn Puck mit dem schwarzen Fell ist neu im Einhornwald. Gemeinsam mit der Fee Flo erlebt es spannende Abenteuer. Hauptw\u00f6rter werden durch Bilder ersetzt. Mit praktischer W\u00f6rterliste zum Ausklappen! Die Kinderb\u00fccher der Reihe Leserabe \u2013 Vor-Lesestufe wurden mit P\u00e4dagogen entwickelt und erm\u00f6glichen Kindern im Vorschulalter und deren Eltern [&hellip;]<\/p>\n","protected":false},"featured_media":1734,"comment_status":"open","ping_status":"closed","template":"","meta":[],"product_cat":[224,944,225,1028],"product_tag":[164,268,192,111,200,201,459,244,673,196,197,195,674,183,295,190,115,481,114,113,210,112,198,181,202,179,194,188,676,193,675,480],"class_list":{"0":"post-1468","1":"product","2":"type-product","3":"status-publish","4":"has-post-thumbnail","6":"product_cat-kinderbuecher","7":"product_cat-produktzufuehrung-geizhal","8":"product_cat-ravensburger-kinderbuecher","9":"product_cat-vorschulalter","10":"product_tag-ab-5-jahren","11":"product_tag-abenteuer","12":"product_tag-antolin","13":"product_tag-beschaeftigung","14":"product_tag-buch","15":"product_tag-buecher","16":"product_tag-buecher-fuer-leseanfaenger","17":"product_tag-einhorn","18":"product_tag-einhorngeschichten","19":"product_tag-erstlesebuch","20":"product_tag-erstlesebuecher","21":"product_tag-erstleser","22":"product_tag-fabelwesen","23":"product_tag-fantasie","24":"product_tag-fee","25":"product_tag-freundschaft","26":"product_tag-fuer-jungen","27":"product_tag-fuer-kinder-ab-5-jahre","28":"product_tag-fuer-maedchen","29":"product_tag-geschenk","30":"product_tag-geschenk-kinder","31":"product_tag-geschenkidee","32":"product_tag-kinderbuch","33":"product_tag-kinderbuecher","34":"product_tag-lesen","35":"product_tag-lesen-lernen","36":"product_tag-leserabe","37":"product_tag-magie","38":"product_tag-maerchenwald","39":"product_tag-ravensburger","40":"product_tag-troll","41":"product_tag-vorschule","42":"post","43":"post-with-thumbnail","44":"post-with-thumbnail-large","46":"first","47":"instock","48":"taxable","49":"shipping-taxable","50":"purchasable","51":"product-type-simple"},"yoast_head":"<!-- This site is optimized with the Yoast SEO plugin v26.6 - https:\/\/yoast.com\/wordpress\/plugins\/seo\/ -->\n<title>Leserabe \u2013 Vor-Lesestufe: Einhorngeschichten<\/title>\n<meta name=\"description\" content=\"Leserabe \u2013 Vor-Lesestufe: Einhorngeschichten. Einhorn Puck und Fee Flo erlebt es spannende Abenteuer. F\u00fcr Kinder im Vorschulalter. Von P\u00e4dagogen entwickelt.\" \/>\n<meta name=\"robots\" content=\"index, follow, max-snippet:-1, max-image-preview:large, max-video-preview:-1\" \/>\n<link rel=\"canonical\" href=\"https:\/\/der-schulbedarf.shop\/produkt-des-monats\/produkt\/leserabe-vor-lesestufe-einhorngeschichten\/\" \/>\n<meta property=\"og:locale\" content=\"de_DE\" \/>\n<meta property=\"og:type\" content=\"article\" \/>\n<meta property=\"og:title\" content=\"Leserabe \u2013 Vor-Lesestufe: Einhorngeschichten\" \/>\n<meta property=\"og:description\" content=\"Leserabe \u2013 Vor-Lesestufe: Einhorngeschichten. Einhorn Puck und Fee Flo erlebt es spannende Abenteuer. F\u00fcr Kinder im Vorschulalter. Von P\u00e4dagogen entwickelt.\" \/>\n<meta property=\"og:url\" content=\"https:\/\/der-schulbedarf.shop\/produkt-des-monats\/produkt\/leserabe-vor-lesestufe-einhorngeschichten\/\" \/>\n<meta property=\"og:site_name\" content=\"der-Schulbedarf.shop\" \/>\n<meta property=\"article:modified_time\" content=\"2024-11-28T06:59:42+00:00\" \/>\n<meta property=\"og:image\" content=\"https:\/\/der-schulbedarf.shop\/wp-content\/uploads\/2023\/06\/Einhorngeschichten-Main.webp\" \/>\n\t<meta property=\"og:image:width\" content=\"720\" \/>\n\t<meta property=\"og:image:height\" content=\"380\" \/>\n\t<meta property=\"og:image:type\" content=\"image\/webp\" \/>\n<meta name=\"twitter:card\" content=\"summary_large_image\" \/>\n<meta name=\"twitter:label1\" content=\"Gesch\u00e4tzte Lesezeit\" \/>\n\t<meta name=\"twitter:data1\" content=\"1\u00a0Minute\" \/>\n<script type=\"application\/ld+json\" class=\"yoast-schema-graph\">{\"@context\":\"https:\/\/schema.org\",\"@graph\":[{\"@type\":\"WebPage\",\"@id\":\"https:\/\/der-schulbedarf.shop\/produkt-des-monats\/produkt\/leserabe-vor-lesestufe-einhorngeschichten\/\",\"url\":\"https:\/\/der-schulbedarf.shop\/produkt-des-monats\/produkt\/leserabe-vor-lesestufe-einhorngeschichten\/\",\"name\":\"Leserabe \u2013 Vor-Lesestufe: Einhorngeschichten\",\"isPartOf\":{\"@id\":\"https:\/\/der-schulbedarf.shop\/produkt-des-monats\/#website\"},\"primaryImageOfPage\":{\"@id\":\"https:\/\/der-schulbedarf.shop\/produkt-des-monats\/produkt\/leserabe-vor-lesestufe-einhorngeschichten\/#primaryimage\"},\"image\":{\"@id\":\"https:\/\/der-schulbedarf.shop\/produkt-des-monats\/produkt\/leserabe-vor-lesestufe-einhorngeschichten\/#primaryimage\"},\"thumbnailUrl\":\"https:\/\/der-schulbedarf.shop\/wp-content\/uploads\/2023\/06\/Einhorngeschichten-Main.webp\",\"datePublished\":\"2023-06-09T11:38:05+00:00\",\"dateModified\":\"2024-11-28T06:59:42+00:00\",\"description\":\"Leserabe \u2013 Vor-Lesestufe: Einhorngeschichten. Einhorn Puck und Fee Flo erlebt es spannende Abenteuer. F\u00fcr Kinder im Vorschulalter. Von P\u00e4dagogen entwickelt.\",\"breadcrumb\":{\"@id\":\"https:\/\/der-schulbedarf.shop\/produkt-des-monats\/produkt\/leserabe-vor-lesestufe-einhorngeschichten\/#breadcrumb\"},\"inLanguage\":\"de\",\"potentialAction\":[{\"@type\":\"ReadAction\",\"target\":[\"https:\/\/der-schulbedarf.shop\/produkt-des-monats\/produkt\/leserabe-vor-lesestufe-einhorngeschichten\/\"]}]},{\"@type\":\"ImageObject\",\"inLanguage\":\"de\",\"@id\":\"https:\/\/der-schulbedarf.shop\/produkt-des-monats\/produkt\/leserabe-vor-lesestufe-einhorngeschichten\/#primaryimage\",\"url\":\"https:\/\/der-schulbedarf.shop\/wp-content\/uploads\/2023\/06\/Einhorngeschichten-Main.webp\",\"contentUrl\":\"https:\/\/der-schulbedarf.shop\/wp-content\/uploads\/2023\/06\/Einhorngeschichten-Main.webp\",\"width\":720,\"height\":380,\"caption\":\"Einhorngeschichten\"},{\"@type\":\"BreadcrumbList\",\"@id\":\"https:\/\/der-schulbedarf.shop\/produkt-des-monats\/produkt\/leserabe-vor-lesestufe-einhorngeschichten\/#breadcrumb\",\"itemListElement\":[{\"@type\":\"ListItem\",\"position\":1,\"name\":\"Shop\",\"item\":\"https:\/\/der-schulbedarf.shop\/produkt-des-monats\/shop\/\"},{\"@type\":\"ListItem\",\"position\":2,\"name\":\"Leserabe \u2013 Vor-Lesestufe: Einhorngeschichten\"}]},{\"@type\":\"WebSite\",\"@id\":\"https:\/\/der-schulbedarf.shop\/produkt-des-monats\/#website\",\"url\":\"https:\/\/der-schulbedarf.shop\/produkt-des-monats\/\",\"name\":\"der-Schulbedarf.shop\",\"description\":\"\",\"publisher\":{\"@id\":\"https:\/\/der-schulbedarf.shop\/produkt-des-monats\/#organization\"},\"potentialAction\":[{\"@type\":\"SearchAction\",\"target\":{\"@type\":\"EntryPoint\",\"urlTemplate\":\"https:\/\/der-schulbedarf.shop\/produkt-des-monats\/?s={search_term_string}\"},\"query-input\":{\"@type\":\"PropertyValueSpecification\",\"valueRequired\":true,\"valueName\":\"search_term_string\"}}],\"inLanguage\":\"de\"},{\"@type\":\"Organization\",\"@id\":\"https:\/\/der-schulbedarf.shop\/produkt-des-monats\/#organization\",\"name\":\"der-Schulbedarf.shop\",\"url\":\"https:\/\/der-schulbedarf.shop\/produkt-des-monats\/\",\"logo\":{\"@type\":\"ImageObject\",\"inLanguage\":\"de\",\"@id\":\"https:\/\/der-schulbedarf.shop\/produkt-des-monats\/#\/schema\/logo\/image\/\",\"url\":\"https:\/\/der-schulbedarf.shop\/wp-content\/uploads\/2024\/02\/grafik-e1709551115899.png\",\"contentUrl\":\"https:\/\/der-schulbedarf.shop\/wp-content\/uploads\/2024\/02\/grafik-e1709551115899.png\",\"width\":80,\"height\":80,\"caption\":\"der-Schulbedarf.shop\"},\"image\":{\"@id\":\"https:\/\/der-schulbedarf.shop\/produkt-des-monats\/#\/schema\/logo\/image\/\"}}]}<\/script>\n<!-- \/ Yoast SEO plugin. -->","yoast_head_json":{"title":"Leserabe \u2013 Vor-Lesestufe: Einhorngeschichten","description":"Leserabe \u2013 Vor-Lesestufe: Einhorngeschichten. Einhorn Puck und Fee Flo erlebt es spannende Abenteuer. F\u00fcr Kinder im Vorschulalter. Von P\u00e4dagogen entwickelt.","robots":{"index":"index","follow":"follow","max-snippet":"max-snippet:-1","max-image-preview":"max-image-preview:large","max-video-preview":"max-video-preview:-1"},"canonical":"https:\/\/der-schulbedarf.shop\/produkt-des-monats\/produkt\/leserabe-vor-lesestufe-einhorngeschichten\/","og_locale":"de_DE","og_type":"article","og_title":"Leserabe \u2013 Vor-Lesestufe: Einhorngeschichten","og_description":"Leserabe \u2013 Vor-Lesestufe: Einhorngeschichten. Einhorn Puck und Fee Flo erlebt es spannende Abenteuer. F\u00fcr Kinder im Vorschulalter. Von P\u00e4dagogen entwickelt.","og_url":"https:\/\/der-schulbedarf.shop\/produkt-des-monats\/produkt\/leserabe-vor-lesestufe-einhorngeschichten\/","og_site_name":"der-Schulbedarf.shop","article_modified_time":"2024-11-28T06:59:42+00:00","og_image":[{"width":720,"height":380,"url":"https:\/\/der-schulbedarf.shop\/wp-content\/uploads\/2023\/06\/Einhorngeschichten-Main.webp","type":"image\/webp"}],"twitter_card":"summary_large_image","twitter_misc":{"Gesch\u00e4tzte Lesezeit":"1\u00a0Minute"},"schema":{"@context":"https:\/\/schema.org","@graph":[{"@type":"WebPage","@id":"https:\/\/der-schulbedarf.shop\/produkt-des-monats\/produkt\/leserabe-vor-lesestufe-einhorngeschichten\/","url":"https:\/\/der-schulbedarf.shop\/produkt-des-monats\/produkt\/leserabe-vor-lesestufe-einhorngeschichten\/","name":"Leserabe \u2013 Vor-Lesestufe: Einhorngeschichten","isPartOf":{"@id":"https:\/\/der-schulbedarf.shop\/produkt-des-monats\/#website"},"primaryImageOfPage":{"@id":"https:\/\/der-schulbedarf.shop\/produkt-des-monats\/produkt\/leserabe-vor-lesestufe-einhorngeschichten\/#primaryimage"},"image":{"@id":"https:\/\/der-schulbedarf.shop\/produkt-des-monats\/produkt\/leserabe-vor-lesestufe-einhorngeschichten\/#primaryimage"},"thumbnailUrl":"https:\/\/der-schulbedarf.shop\/wp-content\/uploads\/2023\/06\/Einhorngeschichten-Main.webp","datePublished":"2023-06-09T11:38:05+00:00","dateModified":"2024-11-28T06:59:42+00:00","description":"Leserabe \u2013 Vor-Lesestufe: Einhorngeschichten. Einhorn Puck und Fee Flo erlebt es spannende Abenteuer. F\u00fcr Kinder im Vorschulalter. Von P\u00e4dagogen entwickelt.","breadcrumb":{"@id":"https:\/\/der-schulbedarf.shop\/produkt-des-monats\/produkt\/leserabe-vor-lesestufe-einhorngeschichten\/#breadcrumb"},"inLanguage":"de","potentialAction":[{"@type":"ReadAction","target":["https:\/\/der-schulbedarf.shop\/produkt-des-monats\/produkt\/leserabe-vor-lesestufe-einhorngeschichten\/"]}]},{"@type":"ImageObject","inLanguage":"de","@id":"https:\/\/der-schulbedarf.shop\/produkt-des-monats\/produkt\/leserabe-vor-lesestufe-einhorngeschichten\/#primaryimage","url":"https:\/\/der-schulbedarf.shop\/wp-content\/uploads\/2023\/06\/Einhorngeschichten-Main.webp","contentUrl":"https:\/\/der-schulbedarf.shop\/wp-content\/uploads\/2023\/06\/Einhorngeschichten-Main.webp","width":720,"height":380,"caption":"Einhorngeschichten"},{"@type":"BreadcrumbList","@id":"https:\/\/der-schulbedarf.shop\/produkt-des-monats\/produkt\/leserabe-vor-lesestufe-einhorngeschichten\/#breadcrumb","itemListElement":[{"@type":"ListItem","position":1,"name":"Shop","item":"https:\/\/der-schulbedarf.shop\/produkt-des-monats\/shop\/"},{"@type":"ListItem","position":2,"name":"Leserabe \u2013 Vor-Lesestufe: Einhorngeschichten"}]},{"@type":"WebSite","@id":"https:\/\/der-schulbedarf.shop\/produkt-des-monats\/#website","url":"https:\/\/der-schulbedarf.shop\/produkt-des-monats\/","name":"der-Schulbedarf.shop","description":"","publisher":{"@id":"https:\/\/der-schulbedarf.shop\/produkt-des-monats\/#organization"},"potentialAction":[{"@type":"SearchAction","target":{"@type":"EntryPoint","urlTemplate":"https:\/\/der-schulbedarf.shop\/produkt-des-monats\/?s={search_term_string}"},"query-input":{"@type":"PropertyValueSpecification","valueRequired":true,"valueName":"search_term_string"}}],"inLanguage":"de"},{"@type":"Organization","@id":"https:\/\/der-schulbedarf.shop\/produkt-des-monats\/#organization","name":"der-Schulbedarf.shop","url":"https:\/\/der-schulbedarf.shop\/produkt-des-monats\/","logo":{"@type":"ImageObject","inLanguage":"de","@id":"https:\/\/der-schulbedarf.shop\/produkt-des-monats\/#\/schema\/logo\/image\/","url":"https:\/\/der-schulbedarf.shop\/wp-content\/uploads\/2024\/02\/grafik-e1709551115899.png","contentUrl":"https:\/\/der-schulbedarf.shop\/wp-content\/uploads\/2024\/02\/grafik-e1709551115899.png","width":80,"height":80,"caption":"der-Schulbedarf.shop"},"image":{"@id":"https:\/\/der-schulbedarf.shop\/produkt-des-monats\/#\/schema\/logo\/image\/"}}]}},"_links":{"self":[{"href":"https:\/\/der-schulbedarf.shop\/produkt-des-monats\/wp-json\/wp\/v2\/product\/1468","targetHints":{"allow":["GET"]}}],"collection":[{"href":"https:\/\/der-schulbedarf.shop\/produkt-des-monats\/wp-json\/wp\/v2\/product"}],"about":[{"href":"https:\/\/der-schulbedarf.shop\/produkt-des-monats\/wp-json\/wp\/v2\/types\/product"}],"replies":[{"embeddable":true,"href":"https:\/\/der-schulbedarf.shop\/produkt-des-monats\/wp-json\/wp\/v2\/comments?post=1468"}],"wp:featuredmedia":[{"embeddable":true,"href":"https:\/\/der-schulbedarf.shop\/produkt-des-monats\/wp-json\/wp\/v2\/media\/1734"}],"wp:attachment":[{"href":"https:\/\/der-schulbedarf.shop\/produkt-des-monats\/wp-json\/wp\/v2\/media?parent=1468"}],"wp:term":[{"taxonomy":"product_cat","embeddable":true,"href":"https:\/\/der-schulbedarf.shop\/produkt-des-monats\/wp-json\/wp\/v2\/product_cat?post=1468"},{"taxonomy":"product_tag","embeddable":true,"href":"https:\/\/der-schulbedarf.shop\/produkt-des-monats\/wp-json\/wp\/v2\/product_tag?post=1468"}],"curies":[{"name":"wp","href":"https:\/\/api.w.org\/{rel}","templated":true}]}}