{"id":1487,"date":"2023-06-13T09:19:43","date_gmt":"2023-06-13T09:19:43","guid":{"rendered":"https:\/\/der-schulbedarf.Shop\/?post_type=product&#038;p=1487"},"modified":"2025-08-29T06:54:33","modified_gmt":"2025-08-29T06:54:33","slug":"leserabe-sonderausgaben-ponygeschichten-silbe-fuer-silbe-lesen-lernen","status":"publish","type":"product","link":"https:\/\/der-schulbedarf.shop\/produkt-des-monats\/produkt\/leserabe-sonderausgaben-ponygeschichten-silbe-fuer-silbe-lesen-lernen\/","title":{"rendered":"Leserabe &#8211; Sonderausgaben: Ponygeschichten &#8211; Silbe f\u00fcr Silbe lesen lernen"},"content":{"rendered":"<p>Lesen lernen wie im Flug!<\/p>\n<p>Das kleine Pony Lulu ist einsam. Doch dann lernt es das Zirkusm\u00e4dchen Sabrina kennen. Ob die beiden wohl mal gemeinsam im Zirkus auftreten k\u00f6nnen? Und auch auf dem Ponyhof gibt es einen neuen Star: Lotte, das zahme Zebra! Aber das Allertollste &#8211; Lotte l\u00e4sst sich nicht nur f\u00fcttern und streicheln, sondern kann auch prima Fu\u00dfball spielen!<\/p>\n<p>Die original Mildenberger Silbenmethode f\u00f6rdert die Lesekompetenz: Silben in Blau und Rot helfen beim Lesenlernen und verbessern nachweislich die Rechtschreibung.<\/p>\n<p>&nbsp;<\/p>\n","protected":false},"excerpt":{"rendered":"<p>Lesen lernen wie im Flug! Das kleine Pony Lulu ist einsam. Doch dann lernt es das Zirkusm\u00e4dchen Sabrina kennen. Ob die beiden wohl mal gemeinsam im Zirkus auftreten k\u00f6nnen? Und auch auf dem Ponyhof gibt es einen neuen Star: Lotte, das zahme Zebra! Aber das Allertollste &#8211; Lotte l\u00e4sst sich nicht nur f\u00fcttern und streicheln, [&hellip;]<\/p>\n","protected":false},"featured_media":2214,"comment_status":"open","ping_status":"closed","template":"","meta":[],"product_cat":[224,915,944,225],"product_tag":[111,200,201,469,467,196,197,195,115,199,114,113,471,112,198,181,202,179,504,468],"class_list":{"0":"post-1487","1":"product","2":"type-product","3":"status-publish","4":"has-post-thumbnail","6":"product_cat-kinderbuecher","7":"product_cat-produkt-feeds","8":"product_cat-produktzufuehrung-geizhal","9":"product_cat-ravensburger-kinderbuecher","10":"product_tag-beschaeftigung","11":"product_tag-buch","12":"product_tag-buecher","13":"product_tag-einschulung-geschenk","14":"product_tag-einschulung-maedchen","15":"product_tag-erstlesebuch","16":"product_tag-erstlesebuecher","17":"product_tag-erstleser","18":"product_tag-fuer-jungen","19":"product_tag-fuer-kinder-ab-6-jahre","20":"product_tag-fuer-maedchen","21":"product_tag-geschenk","22":"product_tag-geschenk-maedchen-5-jahre","23":"product_tag-geschenkidee","24":"product_tag-kinderbuch","25":"product_tag-kinderbuecher","26":"product_tag-lesen","27":"product_tag-lesen-lernen","28":"product_tag-maedchen-geschenke-6-jahre","29":"product_tag-schulanfang-maedchen","30":"post","31":"post-with-thumbnail","32":"post-with-thumbnail-large","34":"first","35":"outofstock","36":"taxable","37":"shipping-taxable","38":"purchasable","39":"product-type-simple"},"yoast_head":"<!-- This site is optimized with the Yoast SEO plugin v26.6 - https:\/\/yoast.com\/wordpress\/plugins\/seo\/ -->\n<title>Leserabe - Sonderausgaben: Ponygeschichten - Silbe f\u00fcr Silbe lesen lernen - der-Schulbedarf.shop<\/title>\n<meta name=\"description\" content=\"Das kleine Pony Lulu ist einsam. Doch dann lernt es das Zirkusm\u00e4dchen Sabrina kennen. Ob die beiden wohl mal gemeinsam im Zirkus auftreten k\u00f6nnen? Und auch auf dem Ponyhof gibt es einen neuen Star: Lotte, das zahme Zebra! Aber das Allertollste - Lotte l\u00e4sst sich nicht nur f\u00fcttern und streicheln, sondern kann auch prima Fu\u00dfball spielen!\" \/>\n<meta name=\"robots\" content=\"index, follow, max-snippet:-1, max-image-preview:large, max-video-preview:-1\" \/>\n<link rel=\"canonical\" href=\"https:\/\/der-schulbedarf.shop\/produkt-des-monats\/produkt\/leserabe-sonderausgaben-ponygeschichten-silbe-fuer-silbe-lesen-lernen\/\" \/>\n<meta property=\"og:locale\" content=\"de_DE\" \/>\n<meta property=\"og:type\" content=\"article\" \/>\n<meta property=\"og:title\" content=\"Leserabe - Sonderausgaben: Ponygeschichten - Silbe f\u00fcr Silbe lesen lernen - der-Schulbedarf.shop\" \/>\n<meta property=\"og:description\" content=\"Das kleine Pony Lulu ist einsam. Doch dann lernt es das Zirkusm\u00e4dchen Sabrina kennen. Ob die beiden wohl mal gemeinsam im Zirkus auftreten k\u00f6nnen? Und auch auf dem Ponyhof gibt es einen neuen Star: Lotte, das zahme Zebra! Aber das Allertollste - Lotte l\u00e4sst sich nicht nur f\u00fcttern und streicheln, sondern kann auch prima Fu\u00dfball spielen!\" \/>\n<meta property=\"og:url\" content=\"https:\/\/der-schulbedarf.shop\/produkt-des-monats\/produkt\/leserabe-sonderausgaben-ponygeschichten-silbe-fuer-silbe-lesen-lernen\/\" \/>\n<meta property=\"og:site_name\" content=\"der-Schulbedarf.shop\" \/>\n<meta property=\"article:modified_time\" content=\"2025-08-29T06:54:33+00:00\" \/>\n<meta property=\"og:image\" content=\"https:\/\/der-schulbedarf.shop\/wp-content\/uploads\/2023\/06\/46189-720x380-1.webp\" \/>\n\t<meta property=\"og:image:width\" content=\"720\" \/>\n\t<meta property=\"og:image:height\" content=\"380\" \/>\n\t<meta property=\"og:image:type\" content=\"image\/webp\" \/>\n<meta name=\"twitter:card\" content=\"summary_large_image\" \/>\n<meta name=\"twitter:label1\" content=\"Gesch\u00e4tzte Lesezeit\" \/>\n\t<meta name=\"twitter:data1\" content=\"1\u00a0Minute\" \/>\n<script type=\"application\/ld+json\" class=\"yoast-schema-graph\">{\"@context\":\"https:\/\/schema.org\",\"@graph\":[{\"@type\":\"WebPage\",\"@id\":\"https:\/\/der-schulbedarf.shop\/produkt-des-monats\/produkt\/leserabe-sonderausgaben-ponygeschichten-silbe-fuer-silbe-lesen-lernen\/\",\"url\":\"https:\/\/der-schulbedarf.shop\/produkt-des-monats\/produkt\/leserabe-sonderausgaben-ponygeschichten-silbe-fuer-silbe-lesen-lernen\/\",\"name\":\"Leserabe - Sonderausgaben: Ponygeschichten - Silbe f\u00fcr Silbe lesen lernen - der-Schulbedarf.shop\",\"isPartOf\":{\"@id\":\"https:\/\/der-schulbedarf.shop\/produkt-des-monats\/#website\"},\"primaryImageOfPage\":{\"@id\":\"https:\/\/der-schulbedarf.shop\/produkt-des-monats\/produkt\/leserabe-sonderausgaben-ponygeschichten-silbe-fuer-silbe-lesen-lernen\/#primaryimage\"},\"image\":{\"@id\":\"https:\/\/der-schulbedarf.shop\/produkt-des-monats\/produkt\/leserabe-sonderausgaben-ponygeschichten-silbe-fuer-silbe-lesen-lernen\/#primaryimage\"},\"thumbnailUrl\":\"https:\/\/der-schulbedarf.shop\/wp-content\/uploads\/2023\/06\/46189-720x380-1.webp\",\"datePublished\":\"2023-06-13T09:19:43+00:00\",\"dateModified\":\"2025-08-29T06:54:33+00:00\",\"description\":\"Das kleine Pony Lulu ist einsam. Doch dann lernt es das Zirkusm\u00e4dchen Sabrina kennen. Ob die beiden wohl mal gemeinsam im Zirkus auftreten k\u00f6nnen? Und auch auf dem Ponyhof gibt es einen neuen Star: Lotte, das zahme Zebra! Aber das Allertollste - Lotte l\u00e4sst sich nicht nur f\u00fcttern und streicheln, sondern kann auch prima Fu\u00dfball spielen!\",\"breadcrumb\":{\"@id\":\"https:\/\/der-schulbedarf.shop\/produkt-des-monats\/produkt\/leserabe-sonderausgaben-ponygeschichten-silbe-fuer-silbe-lesen-lernen\/#breadcrumb\"},\"inLanguage\":\"de\",\"potentialAction\":[{\"@type\":\"ReadAction\",\"target\":[\"https:\/\/der-schulbedarf.shop\/produkt-des-monats\/produkt\/leserabe-sonderausgaben-ponygeschichten-silbe-fuer-silbe-lesen-lernen\/\"]}]},{\"@type\":\"ImageObject\",\"inLanguage\":\"de\",\"@id\":\"https:\/\/der-schulbedarf.shop\/produkt-des-monats\/produkt\/leserabe-sonderausgaben-ponygeschichten-silbe-fuer-silbe-lesen-lernen\/#primaryimage\",\"url\":\"https:\/\/der-schulbedarf.shop\/wp-content\/uploads\/2023\/06\/46189-720x380-1.webp\",\"contentUrl\":\"https:\/\/der-schulbedarf.shop\/wp-content\/uploads\/2023\/06\/46189-720x380-1.webp\",\"width\":720,\"height\":380,\"caption\":\"Silbe f\u00fcr Silbe lesen lernen\"},{\"@type\":\"BreadcrumbList\",\"@id\":\"https:\/\/der-schulbedarf.shop\/produkt-des-monats\/produkt\/leserabe-sonderausgaben-ponygeschichten-silbe-fuer-silbe-lesen-lernen\/#breadcrumb\",\"itemListElement\":[{\"@type\":\"ListItem\",\"position\":1,\"name\":\"Shop\",\"item\":\"https:\/\/der-schulbedarf.shop\/produkt-des-monats\/shop\/\"},{\"@type\":\"ListItem\",\"position\":2,\"name\":\"Leserabe &#8211; Sonderausgaben: Ponygeschichten &#8211; Silbe f\u00fcr Silbe lesen lernen\"}]},{\"@type\":\"WebSite\",\"@id\":\"https:\/\/der-schulbedarf.shop\/produkt-des-monats\/#website\",\"url\":\"https:\/\/der-schulbedarf.shop\/produkt-des-monats\/\",\"name\":\"der-Schulbedarf.shop\",\"description\":\"\",\"publisher\":{\"@id\":\"https:\/\/der-schulbedarf.shop\/produkt-des-monats\/#organization\"},\"potentialAction\":[{\"@type\":\"SearchAction\",\"target\":{\"@type\":\"EntryPoint\",\"urlTemplate\":\"https:\/\/der-schulbedarf.shop\/produkt-des-monats\/?s={search_term_string}\"},\"query-input\":{\"@type\":\"PropertyValueSpecification\",\"valueRequired\":true,\"valueName\":\"search_term_string\"}}],\"inLanguage\":\"de\"},{\"@type\":\"Organization\",\"@id\":\"https:\/\/der-schulbedarf.shop\/produkt-des-monats\/#organization\",\"name\":\"der-Schulbedarf.shop\",\"url\":\"https:\/\/der-schulbedarf.shop\/produkt-des-monats\/\",\"logo\":{\"@type\":\"ImageObject\",\"inLanguage\":\"de\",\"@id\":\"https:\/\/der-schulbedarf.shop\/produkt-des-monats\/#\/schema\/logo\/image\/\",\"url\":\"https:\/\/der-schulbedarf.shop\/wp-content\/uploads\/2024\/02\/grafik-e1709551115899.png\",\"contentUrl\":\"https:\/\/der-schulbedarf.shop\/wp-content\/uploads\/2024\/02\/grafik-e1709551115899.png\",\"width\":80,\"height\":80,\"caption\":\"der-Schulbedarf.shop\"},\"image\":{\"@id\":\"https:\/\/der-schulbedarf.shop\/produkt-des-monats\/#\/schema\/logo\/image\/\"}}]}<\/script>\n<!-- \/ Yoast SEO plugin. -->","yoast_head_json":{"title":"Leserabe - Sonderausgaben: Ponygeschichten - Silbe f\u00fcr Silbe lesen lernen - der-Schulbedarf.shop","description":"Das kleine Pony Lulu ist einsam. Doch dann lernt es das Zirkusm\u00e4dchen Sabrina kennen. Ob die beiden wohl mal gemeinsam im Zirkus auftreten k\u00f6nnen? Und auch auf dem Ponyhof gibt es einen neuen Star: Lotte, das zahme Zebra! Aber das Allertollste - Lotte l\u00e4sst sich nicht nur f\u00fcttern und streicheln, sondern kann auch prima Fu\u00dfball spielen!","robots":{"index":"index","follow":"follow","max-snippet":"max-snippet:-1","max-image-preview":"max-image-preview:large","max-video-preview":"max-video-preview:-1"},"canonical":"https:\/\/der-schulbedarf.shop\/produkt-des-monats\/produkt\/leserabe-sonderausgaben-ponygeschichten-silbe-fuer-silbe-lesen-lernen\/","og_locale":"de_DE","og_type":"article","og_title":"Leserabe - Sonderausgaben: Ponygeschichten - Silbe f\u00fcr Silbe lesen lernen - der-Schulbedarf.shop","og_description":"Das kleine Pony Lulu ist einsam. Doch dann lernt es das Zirkusm\u00e4dchen Sabrina kennen. Ob die beiden wohl mal gemeinsam im Zirkus auftreten k\u00f6nnen? Und auch auf dem Ponyhof gibt es einen neuen Star: Lotte, das zahme Zebra! Aber das Allertollste - Lotte l\u00e4sst sich nicht nur f\u00fcttern und streicheln, sondern kann auch prima Fu\u00dfball spielen!","og_url":"https:\/\/der-schulbedarf.shop\/produkt-des-monats\/produkt\/leserabe-sonderausgaben-ponygeschichten-silbe-fuer-silbe-lesen-lernen\/","og_site_name":"der-Schulbedarf.shop","article_modified_time":"2025-08-29T06:54:33+00:00","og_image":[{"width":720,"height":380,"url":"https:\/\/der-schulbedarf.shop\/wp-content\/uploads\/2023\/06\/46189-720x380-1.webp","type":"image\/webp"}],"twitter_card":"summary_large_image","twitter_misc":{"Gesch\u00e4tzte Lesezeit":"1\u00a0Minute"},"schema":{"@context":"https:\/\/schema.org","@graph":[{"@type":"WebPage","@id":"https:\/\/der-schulbedarf.shop\/produkt-des-monats\/produkt\/leserabe-sonderausgaben-ponygeschichten-silbe-fuer-silbe-lesen-lernen\/","url":"https:\/\/der-schulbedarf.shop\/produkt-des-monats\/produkt\/leserabe-sonderausgaben-ponygeschichten-silbe-fuer-silbe-lesen-lernen\/","name":"Leserabe - Sonderausgaben: Ponygeschichten - Silbe f\u00fcr Silbe lesen lernen - der-Schulbedarf.shop","isPartOf":{"@id":"https:\/\/der-schulbedarf.shop\/produkt-des-monats\/#website"},"primaryImageOfPage":{"@id":"https:\/\/der-schulbedarf.shop\/produkt-des-monats\/produkt\/leserabe-sonderausgaben-ponygeschichten-silbe-fuer-silbe-lesen-lernen\/#primaryimage"},"image":{"@id":"https:\/\/der-schulbedarf.shop\/produkt-des-monats\/produkt\/leserabe-sonderausgaben-ponygeschichten-silbe-fuer-silbe-lesen-lernen\/#primaryimage"},"thumbnailUrl":"https:\/\/der-schulbedarf.shop\/wp-content\/uploads\/2023\/06\/46189-720x380-1.webp","datePublished":"2023-06-13T09:19:43+00:00","dateModified":"2025-08-29T06:54:33+00:00","description":"Das kleine Pony Lulu ist einsam. Doch dann lernt es das Zirkusm\u00e4dchen Sabrina kennen. Ob die beiden wohl mal gemeinsam im Zirkus auftreten k\u00f6nnen? Und auch auf dem Ponyhof gibt es einen neuen Star: Lotte, das zahme Zebra! Aber das Allertollste - Lotte l\u00e4sst sich nicht nur f\u00fcttern und streicheln, sondern kann auch prima Fu\u00dfball spielen!","breadcrumb":{"@id":"https:\/\/der-schulbedarf.shop\/produkt-des-monats\/produkt\/leserabe-sonderausgaben-ponygeschichten-silbe-fuer-silbe-lesen-lernen\/#breadcrumb"},"inLanguage":"de","potentialAction":[{"@type":"ReadAction","target":["https:\/\/der-schulbedarf.shop\/produkt-des-monats\/produkt\/leserabe-sonderausgaben-ponygeschichten-silbe-fuer-silbe-lesen-lernen\/"]}]},{"@type":"ImageObject","inLanguage":"de","@id":"https:\/\/der-schulbedarf.shop\/produkt-des-monats\/produkt\/leserabe-sonderausgaben-ponygeschichten-silbe-fuer-silbe-lesen-lernen\/#primaryimage","url":"https:\/\/der-schulbedarf.shop\/wp-content\/uploads\/2023\/06\/46189-720x380-1.webp","contentUrl":"https:\/\/der-schulbedarf.shop\/wp-content\/uploads\/2023\/06\/46189-720x380-1.webp","width":720,"height":380,"caption":"Silbe f\u00fcr Silbe lesen lernen"},{"@type":"BreadcrumbList","@id":"https:\/\/der-schulbedarf.shop\/produkt-des-monats\/produkt\/leserabe-sonderausgaben-ponygeschichten-silbe-fuer-silbe-lesen-lernen\/#breadcrumb","itemListElement":[{"@type":"ListItem","position":1,"name":"Shop","item":"https:\/\/der-schulbedarf.shop\/produkt-des-monats\/shop\/"},{"@type":"ListItem","position":2,"name":"Leserabe &#8211; Sonderausgaben: Ponygeschichten &#8211; Silbe f\u00fcr Silbe lesen lernen"}]},{"@type":"WebSite","@id":"https:\/\/der-schulbedarf.shop\/produkt-des-monats\/#website","url":"https:\/\/der-schulbedarf.shop\/produkt-des-monats\/","name":"der-Schulbedarf.shop","description":"","publisher":{"@id":"https:\/\/der-schulbedarf.shop\/produkt-des-monats\/#organization"},"potentialAction":[{"@type":"SearchAction","target":{"@type":"EntryPoint","urlTemplate":"https:\/\/der-schulbedarf.shop\/produkt-des-monats\/?s={search_term_string}"},"query-input":{"@type":"PropertyValueSpecification","valueRequired":true,"valueName":"search_term_string"}}],"inLanguage":"de"},{"@type":"Organization","@id":"https:\/\/der-schulbedarf.shop\/produkt-des-monats\/#organization","name":"der-Schulbedarf.shop","url":"https:\/\/der-schulbedarf.shop\/produkt-des-monats\/","logo":{"@type":"ImageObject","inLanguage":"de","@id":"https:\/\/der-schulbedarf.shop\/produkt-des-monats\/#\/schema\/logo\/image\/","url":"https:\/\/der-schulbedarf.shop\/wp-content\/uploads\/2024\/02\/grafik-e1709551115899.png","contentUrl":"https:\/\/der-schulbedarf.shop\/wp-content\/uploads\/2024\/02\/grafik-e1709551115899.png","width":80,"height":80,"caption":"der-Schulbedarf.shop"},"image":{"@id":"https:\/\/der-schulbedarf.shop\/produkt-des-monats\/#\/schema\/logo\/image\/"}}]}},"_links":{"self":[{"href":"https:\/\/der-schulbedarf.shop\/produkt-des-monats\/wp-json\/wp\/v2\/product\/1487","targetHints":{"allow":["GET"]}}],"collection":[{"href":"https:\/\/der-schulbedarf.shop\/produkt-des-monats\/wp-json\/wp\/v2\/product"}],"about":[{"href":"https:\/\/der-schulbedarf.shop\/produkt-des-monats\/wp-json\/wp\/v2\/types\/product"}],"replies":[{"embeddable":true,"href":"https:\/\/der-schulbedarf.shop\/produkt-des-monats\/wp-json\/wp\/v2\/comments?post=1487"}],"wp:featuredmedia":[{"embeddable":true,"href":"https:\/\/der-schulbedarf.shop\/produkt-des-monats\/wp-json\/wp\/v2\/media\/2214"}],"wp:attachment":[{"href":"https:\/\/der-schulbedarf.shop\/produkt-des-monats\/wp-json\/wp\/v2\/media?parent=1487"}],"wp:term":[{"taxonomy":"product_cat","embeddable":true,"href":"https:\/\/der-schulbedarf.shop\/produkt-des-monats\/wp-json\/wp\/v2\/product_cat?post=1487"},{"taxonomy":"product_tag","embeddable":true,"href":"https:\/\/der-schulbedarf.shop\/produkt-des-monats\/wp-json\/wp\/v2\/product_tag?post=1487"}],"curies":[{"name":"wp","href":"https:\/\/api.w.org\/{rel}","templated":true}]}}