{"id":1496,"date":"2023-06-09T11:58:35","date_gmt":"2023-06-09T11:58:35","guid":{"rendered":"https:\/\/der-schulbedarf.Shop\/?post_type=product&#038;p=1496"},"modified":"2024-11-28T06:48:13","modified_gmt":"2024-11-28T06:48:13","slug":"leserabe-sonderausgaben-schulgeschichten-silbe-fuer-silbe-lesen-lernen","status":"publish","type":"product","link":"https:\/\/der-schulbedarf.shop\/produkt-des-monats\/produkt\/leserabe-sonderausgaben-schulgeschichten-silbe-fuer-silbe-lesen-lernen\/","title":{"rendered":"Leserabe &#8211; Sonderausgaben: Schulgeschichten &#8211; Silbe f\u00fcr Silbe lesen lernen"},"content":{"rendered":"<p class=\"brief-description\">Lesefutter f\u00fcr nur 5,99 Euro<\/p>\n<p>Lesen lernen wie im Flug!<\/p>\n<p>Ist Maries Schultasche etwa verhext? Erst h\u00fcpfen Fr\u00f6sche heraus, dann M\u00e4use und schlie\u00dflich spuckt der Ranzen viele bunte Bonbons aus. Marie hat einen Verdacht, wer dahintersteckt. Und auch in Pauls Klasse geht es turbulent zu. Denn er hat heute seinen Hausgeist Henry mit in die Schule genommen.<\/p>\n<p>Die original Mildenberger Silbenmethode f\u00f6rdert die Lesekompetenz: Silben in Blau und Rot helfen beim Lesenlernen und verbessern nachweislich die Rechtschreibung.<\/p>\n<p>&nbsp;<\/p>\n<p>&nbsp;<\/p>\n","protected":false},"excerpt":{"rendered":"<p>Learning to read in a flash!<\/p>\n<p>Is Marie&#8217;s school bag bewitched? First frogs jump out, then mice and finally the satchel spits out many colorful candies. Marie has a suspicion as to who is behind it. And things are also turbulent in Paul&#8217;s class. Because he took his house ghost Henry to school today.<\/p>\n","protected":false},"featured_media":1752,"comment_status":"open","ping_status":"closed","template":"","meta":[],"product_cat":[224,944,225],"product_tag":[111,200,201,469,532,467,196,197,195,115,199,114,113,112,198,181,202,179,533,468],"class_list":{"0":"post-1496","1":"product","2":"type-product","3":"status-publish","4":"has-post-thumbnail","6":"product_cat-kinderbuecher","7":"product_cat-produktzufuehrung-geizhal","8":"product_cat-ravensburger-kinderbuecher","9":"product_tag-beschaeftigung","10":"product_tag-buch","11":"product_tag-buecher","12":"product_tag-einschulung-geschenk","13":"product_tag-einschulung-jungen","14":"product_tag-einschulung-maedchen","15":"product_tag-erstlesebuch","16":"product_tag-erstlesebuecher","17":"product_tag-erstleser","18":"product_tag-fuer-jungen","19":"product_tag-fuer-kinder-ab-6-jahre","20":"product_tag-fuer-maedchen","21":"product_tag-geschenk","22":"product_tag-geschenkidee","23":"product_tag-kinderbuch","24":"product_tag-kinderbuecher","25":"product_tag-lesen","26":"product_tag-lesen-lernen","27":"product_tag-schulanfang-jungen","28":"product_tag-schulanfang-maedchen","29":"post","30":"post-with-thumbnail","31":"post-with-thumbnail-large","33":"first","34":"instock","35":"taxable","36":"shipping-taxable","37":"purchasable","38":"product-type-simple"},"yoast_head":"<!-- This site is optimized with the Yoast SEO plugin v26.6 - https:\/\/yoast.com\/wordpress\/plugins\/seo\/ -->\n<title>Leserabe - Sonderausgaben: Schulgeschichten - Silbe f\u00fcr Silbe lesen lernen - der-Schulbedarf.shop<\/title>\n<meta name=\"description\" content=\"Lesefutter f\u00fcr nur 5,99 Euro.Maries Schultasche wurde verhext und Marie hat schon einen Verdacht, wer dahintersteckt. Aber auch in Pauls Klasse geht es turbulent zu. Denn er hat heute seinen Hausgeist Henry mit in die Schule genommen.Lesen lernen wie im Flug!Ist Maries Schultasche etwa verhext? Erst h\u00fcpfen Fr\u00f6sche heraus, dann M\u00e4use und schlie\u00dflich spuckt der Ranzen viele bunte Bonbons aus. Marie hat einen Verdacht, wer dahintersteckt. Und auch in Pauls Klasse geht es turbulent zu. Denn er hat heute seinen Hausgeist Henry mit in die Schule genommen.Die original Mildenberger Silbenmethode f\u00f6rdert die Lesekompetenz: Silben in Blau und Rot helfen beim Lesenlernen und verbessern nachweislich die Rechtschreibung.\" \/>\n<meta name=\"robots\" content=\"index, follow, max-snippet:-1, max-image-preview:large, max-video-preview:-1\" \/>\n<link rel=\"canonical\" href=\"https:\/\/der-schulbedarf.shop\/produkt-des-monats\/produkt\/leserabe-sonderausgaben-schulgeschichten-silbe-fuer-silbe-lesen-lernen\/\" \/>\n<meta property=\"og:locale\" content=\"de_DE\" \/>\n<meta property=\"og:type\" content=\"article\" \/>\n<meta property=\"og:title\" content=\"Leserabe - Sonderausgaben: Schulgeschichten - Silbe f\u00fcr Silbe lesen lernen - der-Schulbedarf.shop\" \/>\n<meta property=\"og:description\" content=\"Lesefutter f\u00fcr nur 5,99 Euro.Maries Schultasche wurde verhext und Marie hat schon einen Verdacht, wer dahintersteckt. Aber auch in Pauls Klasse geht es turbulent zu. Denn er hat heute seinen Hausgeist Henry mit in die Schule genommen.Lesen lernen wie im Flug!Ist Maries Schultasche etwa verhext? Erst h\u00fcpfen Fr\u00f6sche heraus, dann M\u00e4use und schlie\u00dflich spuckt der Ranzen viele bunte Bonbons aus. Marie hat einen Verdacht, wer dahintersteckt. Und auch in Pauls Klasse geht es turbulent zu. Denn er hat heute seinen Hausgeist Henry mit in die Schule genommen.Die original Mildenberger Silbenmethode f\u00f6rdert die Lesekompetenz: Silben in Blau und Rot helfen beim Lesenlernen und verbessern nachweislich die Rechtschreibung.\" \/>\n<meta property=\"og:url\" content=\"https:\/\/der-schulbedarf.shop\/produkt-des-monats\/produkt\/leserabe-sonderausgaben-schulgeschichten-silbe-fuer-silbe-lesen-lernen\/\" \/>\n<meta property=\"og:site_name\" content=\"der-Schulbedarf.shop\" \/>\n<meta property=\"article:modified_time\" content=\"2024-11-28T06:48:13+00:00\" \/>\n<meta property=\"og:image\" content=\"https:\/\/der-schulbedarf.shop\/wp-content\/uploads\/2023\/06\/Edition-Main.webp\" \/>\n\t<meta property=\"og:image:width\" content=\"720\" \/>\n\t<meta property=\"og:image:height\" content=\"380\" \/>\n\t<meta property=\"og:image:type\" content=\"image\/webp\" \/>\n<meta name=\"twitter:card\" content=\"summary_large_image\" \/>\n<meta name=\"twitter:label1\" content=\"Gesch\u00e4tzte Lesezeit\" \/>\n\t<meta name=\"twitter:data1\" content=\"1\u00a0Minute\" \/>\n<script type=\"application\/ld+json\" class=\"yoast-schema-graph\">{\"@context\":\"https:\/\/schema.org\",\"@graph\":[{\"@type\":\"WebPage\",\"@id\":\"https:\/\/der-schulbedarf.shop\/produkt-des-monats\/produkt\/leserabe-sonderausgaben-schulgeschichten-silbe-fuer-silbe-lesen-lernen\/\",\"url\":\"https:\/\/der-schulbedarf.shop\/produkt-des-monats\/produkt\/leserabe-sonderausgaben-schulgeschichten-silbe-fuer-silbe-lesen-lernen\/\",\"name\":\"Leserabe - Sonderausgaben: Schulgeschichten - Silbe f\u00fcr Silbe lesen lernen - der-Schulbedarf.shop\",\"isPartOf\":{\"@id\":\"https:\/\/der-schulbedarf.shop\/produkt-des-monats\/#website\"},\"primaryImageOfPage\":{\"@id\":\"https:\/\/der-schulbedarf.shop\/produkt-des-monats\/produkt\/leserabe-sonderausgaben-schulgeschichten-silbe-fuer-silbe-lesen-lernen\/#primaryimage\"},\"image\":{\"@id\":\"https:\/\/der-schulbedarf.shop\/produkt-des-monats\/produkt\/leserabe-sonderausgaben-schulgeschichten-silbe-fuer-silbe-lesen-lernen\/#primaryimage\"},\"thumbnailUrl\":\"https:\/\/der-schulbedarf.shop\/wp-content\/uploads\/2023\/06\/Edition-Main.webp\",\"datePublished\":\"2023-06-09T11:58:35+00:00\",\"dateModified\":\"2024-11-28T06:48:13+00:00\",\"description\":\"Lesefutter f\u00fcr nur 5,99 Euro.Maries Schultasche wurde verhext und Marie hat schon einen Verdacht, wer dahintersteckt. Aber auch in Pauls Klasse geht es turbulent zu. Denn er hat heute seinen Hausgeist Henry mit in die Schule genommen.Lesen lernen wie im Flug!Ist Maries Schultasche etwa verhext? Erst h\u00fcpfen Fr\u00f6sche heraus, dann M\u00e4use und schlie\u00dflich spuckt der Ranzen viele bunte Bonbons aus. Marie hat einen Verdacht, wer dahintersteckt. Und auch in Pauls Klasse geht es turbulent zu. Denn er hat heute seinen Hausgeist Henry mit in die Schule genommen.Die original Mildenberger Silbenmethode f\u00f6rdert die Lesekompetenz: Silben in Blau und Rot helfen beim Lesenlernen und verbessern nachweislich die Rechtschreibung.\",\"breadcrumb\":{\"@id\":\"https:\/\/der-schulbedarf.shop\/produkt-des-monats\/produkt\/leserabe-sonderausgaben-schulgeschichten-silbe-fuer-silbe-lesen-lernen\/#breadcrumb\"},\"inLanguage\":\"de\",\"potentialAction\":[{\"@type\":\"ReadAction\",\"target\":[\"https:\/\/der-schulbedarf.shop\/produkt-des-monats\/produkt\/leserabe-sonderausgaben-schulgeschichten-silbe-fuer-silbe-lesen-lernen\/\"]}]},{\"@type\":\"ImageObject\",\"inLanguage\":\"de\",\"@id\":\"https:\/\/der-schulbedarf.shop\/produkt-des-monats\/produkt\/leserabe-sonderausgaben-schulgeschichten-silbe-fuer-silbe-lesen-lernen\/#primaryimage\",\"url\":\"https:\/\/der-schulbedarf.shop\/wp-content\/uploads\/2023\/06\/Edition-Main.webp\",\"contentUrl\":\"https:\/\/der-schulbedarf.shop\/wp-content\/uploads\/2023\/06\/Edition-Main.webp\",\"width\":720,\"height\":380,\"caption\":\"Lesion Learner\"},{\"@type\":\"BreadcrumbList\",\"@id\":\"https:\/\/der-schulbedarf.shop\/produkt-des-monats\/produkt\/leserabe-sonderausgaben-schulgeschichten-silbe-fuer-silbe-lesen-lernen\/#breadcrumb\",\"itemListElement\":[{\"@type\":\"ListItem\",\"position\":1,\"name\":\"Shop\",\"item\":\"https:\/\/der-schulbedarf.shop\/produkt-des-monats\/shop\/\"},{\"@type\":\"ListItem\",\"position\":2,\"name\":\"Leserabe &#8211; Sonderausgaben: Schulgeschichten &#8211; Silbe f\u00fcr Silbe lesen lernen\"}]},{\"@type\":\"WebSite\",\"@id\":\"https:\/\/der-schulbedarf.shop\/produkt-des-monats\/#website\",\"url\":\"https:\/\/der-schulbedarf.shop\/produkt-des-monats\/\",\"name\":\"der-Schulbedarf.shop\",\"description\":\"\",\"publisher\":{\"@id\":\"https:\/\/der-schulbedarf.shop\/produkt-des-monats\/#organization\"},\"potentialAction\":[{\"@type\":\"SearchAction\",\"target\":{\"@type\":\"EntryPoint\",\"urlTemplate\":\"https:\/\/der-schulbedarf.shop\/produkt-des-monats\/?s={search_term_string}\"},\"query-input\":{\"@type\":\"PropertyValueSpecification\",\"valueRequired\":true,\"valueName\":\"search_term_string\"}}],\"inLanguage\":\"de\"},{\"@type\":\"Organization\",\"@id\":\"https:\/\/der-schulbedarf.shop\/produkt-des-monats\/#organization\",\"name\":\"der-Schulbedarf.shop\",\"url\":\"https:\/\/der-schulbedarf.shop\/produkt-des-monats\/\",\"logo\":{\"@type\":\"ImageObject\",\"inLanguage\":\"de\",\"@id\":\"https:\/\/der-schulbedarf.shop\/produkt-des-monats\/#\/schema\/logo\/image\/\",\"url\":\"https:\/\/der-schulbedarf.shop\/wp-content\/uploads\/2024\/02\/grafik-e1709551115899.png\",\"contentUrl\":\"https:\/\/der-schulbedarf.shop\/wp-content\/uploads\/2024\/02\/grafik-e1709551115899.png\",\"width\":80,\"height\":80,\"caption\":\"der-Schulbedarf.shop\"},\"image\":{\"@id\":\"https:\/\/der-schulbedarf.shop\/produkt-des-monats\/#\/schema\/logo\/image\/\"}}]}<\/script>\n<!-- \/ Yoast SEO plugin. -->","yoast_head_json":{"title":"Leserabe - Sonderausgaben: Schulgeschichten - Silbe f\u00fcr Silbe lesen lernen - der-Schulbedarf.shop","description":"Lesefutter f\u00fcr nur 5,99 Euro.Maries Schultasche wurde verhext und Marie hat schon einen Verdacht, wer dahintersteckt. Aber auch in Pauls Klasse geht es turbulent zu. Denn er hat heute seinen Hausgeist Henry mit in die Schule genommen.Lesen lernen wie im Flug!Ist Maries Schultasche etwa verhext? Erst h\u00fcpfen Fr\u00f6sche heraus, dann M\u00e4use und schlie\u00dflich spuckt der Ranzen viele bunte Bonbons aus. Marie hat einen Verdacht, wer dahintersteckt. Und auch in Pauls Klasse geht es turbulent zu. Denn er hat heute seinen Hausgeist Henry mit in die Schule genommen.Die original Mildenberger Silbenmethode f\u00f6rdert die Lesekompetenz: Silben in Blau und Rot helfen beim Lesenlernen und verbessern nachweislich die Rechtschreibung.","robots":{"index":"index","follow":"follow","max-snippet":"max-snippet:-1","max-image-preview":"max-image-preview:large","max-video-preview":"max-video-preview:-1"},"canonical":"https:\/\/der-schulbedarf.shop\/produkt-des-monats\/produkt\/leserabe-sonderausgaben-schulgeschichten-silbe-fuer-silbe-lesen-lernen\/","og_locale":"de_DE","og_type":"article","og_title":"Leserabe - Sonderausgaben: Schulgeschichten - Silbe f\u00fcr Silbe lesen lernen - der-Schulbedarf.shop","og_description":"Lesefutter f\u00fcr nur 5,99 Euro.Maries Schultasche wurde verhext und Marie hat schon einen Verdacht, wer dahintersteckt. Aber auch in Pauls Klasse geht es turbulent zu. Denn er hat heute seinen Hausgeist Henry mit in die Schule genommen.Lesen lernen wie im Flug!Ist Maries Schultasche etwa verhext? Erst h\u00fcpfen Fr\u00f6sche heraus, dann M\u00e4use und schlie\u00dflich spuckt der Ranzen viele bunte Bonbons aus. Marie hat einen Verdacht, wer dahintersteckt. Und auch in Pauls Klasse geht es turbulent zu. Denn er hat heute seinen Hausgeist Henry mit in die Schule genommen.Die original Mildenberger Silbenmethode f\u00f6rdert die Lesekompetenz: Silben in Blau und Rot helfen beim Lesenlernen und verbessern nachweislich die Rechtschreibung.","og_url":"https:\/\/der-schulbedarf.shop\/produkt-des-monats\/produkt\/leserabe-sonderausgaben-schulgeschichten-silbe-fuer-silbe-lesen-lernen\/","og_site_name":"der-Schulbedarf.shop","article_modified_time":"2024-11-28T06:48:13+00:00","og_image":[{"width":720,"height":380,"url":"https:\/\/der-schulbedarf.shop\/wp-content\/uploads\/2023\/06\/Edition-Main.webp","type":"image\/webp"}],"twitter_card":"summary_large_image","twitter_misc":{"Gesch\u00e4tzte Lesezeit":"1\u00a0Minute"},"schema":{"@context":"https:\/\/schema.org","@graph":[{"@type":"WebPage","@id":"https:\/\/der-schulbedarf.shop\/produkt-des-monats\/produkt\/leserabe-sonderausgaben-schulgeschichten-silbe-fuer-silbe-lesen-lernen\/","url":"https:\/\/der-schulbedarf.shop\/produkt-des-monats\/produkt\/leserabe-sonderausgaben-schulgeschichten-silbe-fuer-silbe-lesen-lernen\/","name":"Leserabe - Sonderausgaben: Schulgeschichten - Silbe f\u00fcr Silbe lesen lernen - der-Schulbedarf.shop","isPartOf":{"@id":"https:\/\/der-schulbedarf.shop\/produkt-des-monats\/#website"},"primaryImageOfPage":{"@id":"https:\/\/der-schulbedarf.shop\/produkt-des-monats\/produkt\/leserabe-sonderausgaben-schulgeschichten-silbe-fuer-silbe-lesen-lernen\/#primaryimage"},"image":{"@id":"https:\/\/der-schulbedarf.shop\/produkt-des-monats\/produkt\/leserabe-sonderausgaben-schulgeschichten-silbe-fuer-silbe-lesen-lernen\/#primaryimage"},"thumbnailUrl":"https:\/\/der-schulbedarf.shop\/wp-content\/uploads\/2023\/06\/Edition-Main.webp","datePublished":"2023-06-09T11:58:35+00:00","dateModified":"2024-11-28T06:48:13+00:00","description":"Lesefutter f\u00fcr nur 5,99 Euro.Maries Schultasche wurde verhext und Marie hat schon einen Verdacht, wer dahintersteckt. Aber auch in Pauls Klasse geht es turbulent zu. Denn er hat heute seinen Hausgeist Henry mit in die Schule genommen.Lesen lernen wie im Flug!Ist Maries Schultasche etwa verhext? Erst h\u00fcpfen Fr\u00f6sche heraus, dann M\u00e4use und schlie\u00dflich spuckt der Ranzen viele bunte Bonbons aus. Marie hat einen Verdacht, wer dahintersteckt. Und auch in Pauls Klasse geht es turbulent zu. Denn er hat heute seinen Hausgeist Henry mit in die Schule genommen.Die original Mildenberger Silbenmethode f\u00f6rdert die Lesekompetenz: Silben in Blau und Rot helfen beim Lesenlernen und verbessern nachweislich die Rechtschreibung.","breadcrumb":{"@id":"https:\/\/der-schulbedarf.shop\/produkt-des-monats\/produkt\/leserabe-sonderausgaben-schulgeschichten-silbe-fuer-silbe-lesen-lernen\/#breadcrumb"},"inLanguage":"de","potentialAction":[{"@type":"ReadAction","target":["https:\/\/der-schulbedarf.shop\/produkt-des-monats\/produkt\/leserabe-sonderausgaben-schulgeschichten-silbe-fuer-silbe-lesen-lernen\/"]}]},{"@type":"ImageObject","inLanguage":"de","@id":"https:\/\/der-schulbedarf.shop\/produkt-des-monats\/produkt\/leserabe-sonderausgaben-schulgeschichten-silbe-fuer-silbe-lesen-lernen\/#primaryimage","url":"https:\/\/der-schulbedarf.shop\/wp-content\/uploads\/2023\/06\/Edition-Main.webp","contentUrl":"https:\/\/der-schulbedarf.shop\/wp-content\/uploads\/2023\/06\/Edition-Main.webp","width":720,"height":380,"caption":"Lesion Learner"},{"@type":"BreadcrumbList","@id":"https:\/\/der-schulbedarf.shop\/produkt-des-monats\/produkt\/leserabe-sonderausgaben-schulgeschichten-silbe-fuer-silbe-lesen-lernen\/#breadcrumb","itemListElement":[{"@type":"ListItem","position":1,"name":"Shop","item":"https:\/\/der-schulbedarf.shop\/produkt-des-monats\/shop\/"},{"@type":"ListItem","position":2,"name":"Leserabe &#8211; Sonderausgaben: Schulgeschichten &#8211; Silbe f\u00fcr Silbe lesen lernen"}]},{"@type":"WebSite","@id":"https:\/\/der-schulbedarf.shop\/produkt-des-monats\/#website","url":"https:\/\/der-schulbedarf.shop\/produkt-des-monats\/","name":"der-Schulbedarf.shop","description":"","publisher":{"@id":"https:\/\/der-schulbedarf.shop\/produkt-des-monats\/#organization"},"potentialAction":[{"@type":"SearchAction","target":{"@type":"EntryPoint","urlTemplate":"https:\/\/der-schulbedarf.shop\/produkt-des-monats\/?s={search_term_string}"},"query-input":{"@type":"PropertyValueSpecification","valueRequired":true,"valueName":"search_term_string"}}],"inLanguage":"de"},{"@type":"Organization","@id":"https:\/\/der-schulbedarf.shop\/produkt-des-monats\/#organization","name":"der-Schulbedarf.shop","url":"https:\/\/der-schulbedarf.shop\/produkt-des-monats\/","logo":{"@type":"ImageObject","inLanguage":"de","@id":"https:\/\/der-schulbedarf.shop\/produkt-des-monats\/#\/schema\/logo\/image\/","url":"https:\/\/der-schulbedarf.shop\/wp-content\/uploads\/2024\/02\/grafik-e1709551115899.png","contentUrl":"https:\/\/der-schulbedarf.shop\/wp-content\/uploads\/2024\/02\/grafik-e1709551115899.png","width":80,"height":80,"caption":"der-Schulbedarf.shop"},"image":{"@id":"https:\/\/der-schulbedarf.shop\/produkt-des-monats\/#\/schema\/logo\/image\/"}}]}},"_links":{"self":[{"href":"https:\/\/der-schulbedarf.shop\/produkt-des-monats\/wp-json\/wp\/v2\/product\/1496","targetHints":{"allow":["GET"]}}],"collection":[{"href":"https:\/\/der-schulbedarf.shop\/produkt-des-monats\/wp-json\/wp\/v2\/product"}],"about":[{"href":"https:\/\/der-schulbedarf.shop\/produkt-des-monats\/wp-json\/wp\/v2\/types\/product"}],"replies":[{"embeddable":true,"href":"https:\/\/der-schulbedarf.shop\/produkt-des-monats\/wp-json\/wp\/v2\/comments?post=1496"}],"wp:featuredmedia":[{"embeddable":true,"href":"https:\/\/der-schulbedarf.shop\/produkt-des-monats\/wp-json\/wp\/v2\/media\/1752"}],"wp:attachment":[{"href":"https:\/\/der-schulbedarf.shop\/produkt-des-monats\/wp-json\/wp\/v2\/media?parent=1496"}],"wp:term":[{"taxonomy":"product_cat","embeddable":true,"href":"https:\/\/der-schulbedarf.shop\/produkt-des-monats\/wp-json\/wp\/v2\/product_cat?post=1496"},{"taxonomy":"product_tag","embeddable":true,"href":"https:\/\/der-schulbedarf.shop\/produkt-des-monats\/wp-json\/wp\/v2\/product_tag?post=1496"}],"curies":[{"name":"wp","href":"https:\/\/api.w.org\/{rel}","templated":true}]}}