{"id":1524,"date":"2023-06-09T10:57:35","date_gmt":"2023-06-09T10:57:35","guid":{"rendered":"https:\/\/der-schulbedarf.Shop\/?post_type=product&#038;p=1524"},"modified":"2024-11-27T12:08:09","modified_gmt":"2024-11-27T12:08:09","slug":"leserabe-1-lesestufe-detektivgeschichten","status":"publish","type":"product","link":"https:\/\/der-schulbedarf.shop\/produkt-des-monats\/produkt\/leserabe-1-lesestufe-detektivgeschichten\/","title":{"rendered":"Leserabe &#8211; 1. Lesestufe: Detektivgeschichten"},"content":{"rendered":"<p>Pepe wird im Freibad beklaut. Laura und Jonas entschl\u00fcsseln eine Schatzkarte. Emil sp\u00fcrt das Handy vom Hausmeister auf, und die Schnauzen-Bande sucht eine verschwundene Schildkr\u00f6te.<\/p>\n<p>Elli und Pepe sind im Freibad. Nach dem Schwimmen wollen sie ein Eis essen. Das Geld daf\u00fcr hatte Pepe in seinem Schuh versteckt, aber das ist jetzt weg! Da keckert es \u00fcber ihnen \u2013 ein Eichh\u00f6rnchen sitzt im Baum und hat das Geld! Elli bietet ihm N\u00fcsse an und kriegt so das Geld zur\u00fcck. In der Schule gibt es einen Erfinder-Wettbewerb: Im Rennen sind u.a. eine singende Zahnb\u00fcrste und ein Aufr\u00e4um-Roboter. Von dem sind alle begeistert, aber dann funktioniert er nicht mehr richtig. Der Hausmeister samt Werkzeugkoffer wird gebraucht. Aber der sucht sein Handy. Emil hat eine Idee. Mit einem anderen Telefon ruft er das Hausmeister-Handy an \u2013 und das klingelt im Aufr\u00e4um-Roboter. Laura und Jonas w\u00fcrden gern ihre Lieblingsdetektivserie sehen, aber Mama sagt, sie sollen drau\u00dfen spielen. Da ist es saulangweilig \u2013 bis Jonas im Gartenteich eine Flaschenpost mit einer Schatzkarte entdeckt. Die beiden folgen den Hinweisen und finden den Schatz. Die Schnauzen-Bande k\u00fcmmert sich um Tiere in Not. Heute sind sie Lenis Schildkr\u00f6te Knubbel auf der Spur. Die ist verschwunden. Die F\u00e4hrte f\u00fchrt schlie\u00dflich in den Nachbargarten, aber was ist das? Da sitzen zwei Schildkr\u00f6ten? Nebenan ist ein Junge eingezogen, der auch eine Schildkr\u00f6te hat. Ab sofort d\u00fcrfen die beiden die Nachmittag zusammen verbringen und die Schnauzen-Bande hat ein Mitglied mehr!<\/p>\n","protected":false},"excerpt":{"rendered":"<p>Pepe wird im Freibad beklaut. Laura und Jonas entschl\u00fcsseln eine Schatzkarte. Emil sp\u00fcrt das Handy vom Hausmeister auf, und die Schnauzen-Bande sucht eine verschwundene Schildkr\u00f6te. Elli und Pepe sind im Freibad. Nach dem Schwimmen wollen sie ein Eis essen. Das Geld daf\u00fcr hatte Pepe in seinem Schuh versteckt, aber das ist jetzt weg! Da keckert [&hellip;]<\/p>\n","protected":false},"featured_media":1703,"comment_status":"open","ping_status":"closed","template":"","meta":[],"product_cat":[15,944],"product_tag":[164,192,111,200,201,459,613,196,197,195,309,686,115,199,114,113,210,112,198,181,202,179,194,290,193,687,649,249,215,360,480,301],"class_list":{"0":"post-1524","1":"product","2":"type-product","3":"status-publish","4":"has-post-thumbnail","6":"product_cat-unkategorisiert","7":"product_cat-produktzufuehrung-geizhal","8":"product_tag-ab-5-jahren","9":"product_tag-antolin","10":"product_tag-beschaeftigung","11":"product_tag-buch","12":"product_tag-buecher","13":"product_tag-buecher-fuer-leseanfaenger","14":"product_tag-detektive","15":"product_tag-erstlesebuch","16":"product_tag-erstlesebuecher","17":"product_tag-erstleser","18":"product_tag-flaschenpost","19":"product_tag-freibad","20":"product_tag-fuer-jungen","21":"product_tag-fuer-kinder-ab-6-jahre","22":"product_tag-fuer-maedchen","23":"product_tag-geschenk","24":"product_tag-geschenk-kinder","25":"product_tag-geschenkidee","26":"product_tag-kinderbuch","27":"product_tag-kinderbuecher","28":"product_tag-lesen","29":"product_tag-lesen-lernen","30":"product_tag-leserabe","31":"product_tag-raetsel","32":"product_tag-ravensburger","33":"product_tag-roboter","34":"product_tag-schatzkarte","35":"product_tag-schule","36":"product_tag-schwimmen","37":"product_tag-spannend","38":"product_tag-vorschule","39":"product_tag-wettbewerb","40":"post","41":"post-with-thumbnail","42":"post-with-thumbnail-large","44":"first","45":"instock","46":"taxable","47":"shipping-taxable","48":"purchasable","49":"product-type-simple"},"yoast_head":"<!-- This site is optimized with the Yoast SEO plugin v26.6 - https:\/\/yoast.com\/wordpress\/plugins\/seo\/ -->\n<title>Leserabe - 1. Lesestufe: Detektivgeschichten - der-Schulbedarf.shop<\/title>\n<meta name=\"description\" content=\"Pepe wird im Freibad beklaut. Laura und Jonas entschl\u00fcsseln eine Schatzkarte. Emil sp\u00fcrt das Handy vom Hausmeister auf, und die Schnauzen-Bande sucht eine verschwundene Schildkr\u00f6te.\" \/>\n<meta name=\"robots\" content=\"index, follow, max-snippet:-1, max-image-preview:large, max-video-preview:-1\" \/>\n<link rel=\"canonical\" href=\"https:\/\/der-schulbedarf.shop\/produkt-des-monats\/produkt\/leserabe-1-lesestufe-detektivgeschichten\/\" \/>\n<meta property=\"og:locale\" content=\"de_DE\" \/>\n<meta property=\"og:type\" content=\"article\" \/>\n<meta property=\"og:title\" content=\"Leserabe - 1. Lesestufe: Detektivgeschichten - der-Schulbedarf.shop\" \/>\n<meta property=\"og:description\" content=\"Pepe wird im Freibad beklaut. Laura und Jonas entschl\u00fcsseln eine Schatzkarte. Emil sp\u00fcrt das Handy vom Hausmeister auf, und die Schnauzen-Bande sucht eine verschwundene Schildkr\u00f6te.\" \/>\n<meta property=\"og:url\" content=\"https:\/\/der-schulbedarf.shop\/produkt-des-monats\/produkt\/leserabe-1-lesestufe-detektivgeschichten\/\" \/>\n<meta property=\"og:site_name\" content=\"der-Schulbedarf.shop\" \/>\n<meta property=\"article:modified_time\" content=\"2024-11-27T12:08:09+00:00\" \/>\n<meta property=\"og:image\" content=\"https:\/\/der-schulbedarf.shop\/wp-content\/uploads\/2023\/06\/Detektivgeschichten-Main.webp\" \/>\n\t<meta property=\"og:image:width\" content=\"720\" \/>\n\t<meta property=\"og:image:height\" content=\"380\" \/>\n\t<meta property=\"og:image:type\" content=\"image\/webp\" \/>\n<meta name=\"twitter:card\" content=\"summary_large_image\" \/>\n<meta name=\"twitter:label1\" content=\"Gesch\u00e4tzte Lesezeit\" \/>\n\t<meta name=\"twitter:data1\" content=\"2\u00a0Minuten\" \/>\n<script type=\"application\/ld+json\" class=\"yoast-schema-graph\">{\"@context\":\"https:\/\/schema.org\",\"@graph\":[{\"@type\":\"WebPage\",\"@id\":\"https:\/\/der-schulbedarf.shop\/produkt-des-monats\/produkt\/leserabe-1-lesestufe-detektivgeschichten\/\",\"url\":\"https:\/\/der-schulbedarf.shop\/produkt-des-monats\/produkt\/leserabe-1-lesestufe-detektivgeschichten\/\",\"name\":\"Leserabe - 1. Lesestufe: Detektivgeschichten - der-Schulbedarf.shop\",\"isPartOf\":{\"@id\":\"https:\/\/der-schulbedarf.shop\/produkt-des-monats\/#website\"},\"primaryImageOfPage\":{\"@id\":\"https:\/\/der-schulbedarf.shop\/produkt-des-monats\/produkt\/leserabe-1-lesestufe-detektivgeschichten\/#primaryimage\"},\"image\":{\"@id\":\"https:\/\/der-schulbedarf.shop\/produkt-des-monats\/produkt\/leserabe-1-lesestufe-detektivgeschichten\/#primaryimage\"},\"thumbnailUrl\":\"https:\/\/der-schulbedarf.shop\/wp-content\/uploads\/2023\/06\/Detektivgeschichten-Main.webp\",\"datePublished\":\"2023-06-09T10:57:35+00:00\",\"dateModified\":\"2024-11-27T12:08:09+00:00\",\"description\":\"Pepe wird im Freibad beklaut. Laura und Jonas entschl\u00fcsseln eine Schatzkarte. Emil sp\u00fcrt das Handy vom Hausmeister auf, und die Schnauzen-Bande sucht eine verschwundene Schildkr\u00f6te.\",\"breadcrumb\":{\"@id\":\"https:\/\/der-schulbedarf.shop\/produkt-des-monats\/produkt\/leserabe-1-lesestufe-detektivgeschichten\/#breadcrumb\"},\"inLanguage\":\"de\",\"potentialAction\":[{\"@type\":\"ReadAction\",\"target\":[\"https:\/\/der-schulbedarf.shop\/produkt-des-monats\/produkt\/leserabe-1-lesestufe-detektivgeschichten\/\"]}]},{\"@type\":\"ImageObject\",\"inLanguage\":\"de\",\"@id\":\"https:\/\/der-schulbedarf.shop\/produkt-des-monats\/produkt\/leserabe-1-lesestufe-detektivgeschichten\/#primaryimage\",\"url\":\"https:\/\/der-schulbedarf.shop\/wp-content\/uploads\/2023\/06\/Detektivgeschichten-Main.webp\",\"contentUrl\":\"https:\/\/der-schulbedarf.shop\/wp-content\/uploads\/2023\/06\/Detektivgeschichten-Main.webp\",\"width\":720,\"height\":380,\"caption\":\"Detektivgeschichten\"},{\"@type\":\"BreadcrumbList\",\"@id\":\"https:\/\/der-schulbedarf.shop\/produkt-des-monats\/produkt\/leserabe-1-lesestufe-detektivgeschichten\/#breadcrumb\",\"itemListElement\":[{\"@type\":\"ListItem\",\"position\":1,\"name\":\"Shop\",\"item\":\"https:\/\/der-schulbedarf.shop\/produkt-des-monats\/shop\/\"},{\"@type\":\"ListItem\",\"position\":2,\"name\":\"Leserabe &#8211; 1. Lesestufe: Detektivgeschichten\"}]},{\"@type\":\"WebSite\",\"@id\":\"https:\/\/der-schulbedarf.shop\/produkt-des-monats\/#website\",\"url\":\"https:\/\/der-schulbedarf.shop\/produkt-des-monats\/\",\"name\":\"der-Schulbedarf.shop\",\"description\":\"\",\"publisher\":{\"@id\":\"https:\/\/der-schulbedarf.shop\/produkt-des-monats\/#organization\"},\"potentialAction\":[{\"@type\":\"SearchAction\",\"target\":{\"@type\":\"EntryPoint\",\"urlTemplate\":\"https:\/\/der-schulbedarf.shop\/produkt-des-monats\/?s={search_term_string}\"},\"query-input\":{\"@type\":\"PropertyValueSpecification\",\"valueRequired\":true,\"valueName\":\"search_term_string\"}}],\"inLanguage\":\"de\"},{\"@type\":\"Organization\",\"@id\":\"https:\/\/der-schulbedarf.shop\/produkt-des-monats\/#organization\",\"name\":\"der-Schulbedarf.shop\",\"url\":\"https:\/\/der-schulbedarf.shop\/produkt-des-monats\/\",\"logo\":{\"@type\":\"ImageObject\",\"inLanguage\":\"de\",\"@id\":\"https:\/\/der-schulbedarf.shop\/produkt-des-monats\/#\/schema\/logo\/image\/\",\"url\":\"https:\/\/der-schulbedarf.shop\/wp-content\/uploads\/2024\/02\/grafik-e1709551115899.png\",\"contentUrl\":\"https:\/\/der-schulbedarf.shop\/wp-content\/uploads\/2024\/02\/grafik-e1709551115899.png\",\"width\":80,\"height\":80,\"caption\":\"der-Schulbedarf.shop\"},\"image\":{\"@id\":\"https:\/\/der-schulbedarf.shop\/produkt-des-monats\/#\/schema\/logo\/image\/\"}}]}<\/script>\n<!-- \/ Yoast SEO plugin. -->","yoast_head_json":{"title":"Leserabe - 1. Lesestufe: Detektivgeschichten - der-Schulbedarf.shop","description":"Pepe wird im Freibad beklaut. Laura und Jonas entschl\u00fcsseln eine Schatzkarte. Emil sp\u00fcrt das Handy vom Hausmeister auf, und die Schnauzen-Bande sucht eine verschwundene Schildkr\u00f6te.","robots":{"index":"index","follow":"follow","max-snippet":"max-snippet:-1","max-image-preview":"max-image-preview:large","max-video-preview":"max-video-preview:-1"},"canonical":"https:\/\/der-schulbedarf.shop\/produkt-des-monats\/produkt\/leserabe-1-lesestufe-detektivgeschichten\/","og_locale":"de_DE","og_type":"article","og_title":"Leserabe - 1. Lesestufe: Detektivgeschichten - der-Schulbedarf.shop","og_description":"Pepe wird im Freibad beklaut. Laura und Jonas entschl\u00fcsseln eine Schatzkarte. Emil sp\u00fcrt das Handy vom Hausmeister auf, und die Schnauzen-Bande sucht eine verschwundene Schildkr\u00f6te.","og_url":"https:\/\/der-schulbedarf.shop\/produkt-des-monats\/produkt\/leserabe-1-lesestufe-detektivgeschichten\/","og_site_name":"der-Schulbedarf.shop","article_modified_time":"2024-11-27T12:08:09+00:00","og_image":[{"width":720,"height":380,"url":"https:\/\/der-schulbedarf.shop\/wp-content\/uploads\/2023\/06\/Detektivgeschichten-Main.webp","type":"image\/webp"}],"twitter_card":"summary_large_image","twitter_misc":{"Gesch\u00e4tzte Lesezeit":"2\u00a0Minuten"},"schema":{"@context":"https:\/\/schema.org","@graph":[{"@type":"WebPage","@id":"https:\/\/der-schulbedarf.shop\/produkt-des-monats\/produkt\/leserabe-1-lesestufe-detektivgeschichten\/","url":"https:\/\/der-schulbedarf.shop\/produkt-des-monats\/produkt\/leserabe-1-lesestufe-detektivgeschichten\/","name":"Leserabe - 1. Lesestufe: Detektivgeschichten - der-Schulbedarf.shop","isPartOf":{"@id":"https:\/\/der-schulbedarf.shop\/produkt-des-monats\/#website"},"primaryImageOfPage":{"@id":"https:\/\/der-schulbedarf.shop\/produkt-des-monats\/produkt\/leserabe-1-lesestufe-detektivgeschichten\/#primaryimage"},"image":{"@id":"https:\/\/der-schulbedarf.shop\/produkt-des-monats\/produkt\/leserabe-1-lesestufe-detektivgeschichten\/#primaryimage"},"thumbnailUrl":"https:\/\/der-schulbedarf.shop\/wp-content\/uploads\/2023\/06\/Detektivgeschichten-Main.webp","datePublished":"2023-06-09T10:57:35+00:00","dateModified":"2024-11-27T12:08:09+00:00","description":"Pepe wird im Freibad beklaut. Laura und Jonas entschl\u00fcsseln eine Schatzkarte. Emil sp\u00fcrt das Handy vom Hausmeister auf, und die Schnauzen-Bande sucht eine verschwundene Schildkr\u00f6te.","breadcrumb":{"@id":"https:\/\/der-schulbedarf.shop\/produkt-des-monats\/produkt\/leserabe-1-lesestufe-detektivgeschichten\/#breadcrumb"},"inLanguage":"de","potentialAction":[{"@type":"ReadAction","target":["https:\/\/der-schulbedarf.shop\/produkt-des-monats\/produkt\/leserabe-1-lesestufe-detektivgeschichten\/"]}]},{"@type":"ImageObject","inLanguage":"de","@id":"https:\/\/der-schulbedarf.shop\/produkt-des-monats\/produkt\/leserabe-1-lesestufe-detektivgeschichten\/#primaryimage","url":"https:\/\/der-schulbedarf.shop\/wp-content\/uploads\/2023\/06\/Detektivgeschichten-Main.webp","contentUrl":"https:\/\/der-schulbedarf.shop\/wp-content\/uploads\/2023\/06\/Detektivgeschichten-Main.webp","width":720,"height":380,"caption":"Detektivgeschichten"},{"@type":"BreadcrumbList","@id":"https:\/\/der-schulbedarf.shop\/produkt-des-monats\/produkt\/leserabe-1-lesestufe-detektivgeschichten\/#breadcrumb","itemListElement":[{"@type":"ListItem","position":1,"name":"Shop","item":"https:\/\/der-schulbedarf.shop\/produkt-des-monats\/shop\/"},{"@type":"ListItem","position":2,"name":"Leserabe &#8211; 1. Lesestufe: Detektivgeschichten"}]},{"@type":"WebSite","@id":"https:\/\/der-schulbedarf.shop\/produkt-des-monats\/#website","url":"https:\/\/der-schulbedarf.shop\/produkt-des-monats\/","name":"der-Schulbedarf.shop","description":"","publisher":{"@id":"https:\/\/der-schulbedarf.shop\/produkt-des-monats\/#organization"},"potentialAction":[{"@type":"SearchAction","target":{"@type":"EntryPoint","urlTemplate":"https:\/\/der-schulbedarf.shop\/produkt-des-monats\/?s={search_term_string}"},"query-input":{"@type":"PropertyValueSpecification","valueRequired":true,"valueName":"search_term_string"}}],"inLanguage":"de"},{"@type":"Organization","@id":"https:\/\/der-schulbedarf.shop\/produkt-des-monats\/#organization","name":"der-Schulbedarf.shop","url":"https:\/\/der-schulbedarf.shop\/produkt-des-monats\/","logo":{"@type":"ImageObject","inLanguage":"de","@id":"https:\/\/der-schulbedarf.shop\/produkt-des-monats\/#\/schema\/logo\/image\/","url":"https:\/\/der-schulbedarf.shop\/wp-content\/uploads\/2024\/02\/grafik-e1709551115899.png","contentUrl":"https:\/\/der-schulbedarf.shop\/wp-content\/uploads\/2024\/02\/grafik-e1709551115899.png","width":80,"height":80,"caption":"der-Schulbedarf.shop"},"image":{"@id":"https:\/\/der-schulbedarf.shop\/produkt-des-monats\/#\/schema\/logo\/image\/"}}]}},"_links":{"self":[{"href":"https:\/\/der-schulbedarf.shop\/produkt-des-monats\/wp-json\/wp\/v2\/product\/1524","targetHints":{"allow":["GET"]}}],"collection":[{"href":"https:\/\/der-schulbedarf.shop\/produkt-des-monats\/wp-json\/wp\/v2\/product"}],"about":[{"href":"https:\/\/der-schulbedarf.shop\/produkt-des-monats\/wp-json\/wp\/v2\/types\/product"}],"replies":[{"embeddable":true,"href":"https:\/\/der-schulbedarf.shop\/produkt-des-monats\/wp-json\/wp\/v2\/comments?post=1524"}],"wp:featuredmedia":[{"embeddable":true,"href":"https:\/\/der-schulbedarf.shop\/produkt-des-monats\/wp-json\/wp\/v2\/media\/1703"}],"wp:attachment":[{"href":"https:\/\/der-schulbedarf.shop\/produkt-des-monats\/wp-json\/wp\/v2\/media?parent=1524"}],"wp:term":[{"taxonomy":"product_cat","embeddable":true,"href":"https:\/\/der-schulbedarf.shop\/produkt-des-monats\/wp-json\/wp\/v2\/product_cat?post=1524"},{"taxonomy":"product_tag","embeddable":true,"href":"https:\/\/der-schulbedarf.shop\/produkt-des-monats\/wp-json\/wp\/v2\/product_tag?post=1524"}],"curies":[{"name":"wp","href":"https:\/\/api.w.org\/{rel}","templated":true}]}}