{"id":1525,"date":"2023-06-09T10:50:38","date_gmt":"2023-06-09T10:50:38","guid":{"rendered":"https:\/\/der-schulbedarf.Shop\/?post_type=product&#038;p=1525"},"modified":"2024-11-28T09:23:53","modified_gmt":"2024-11-28T09:23:53","slug":"leserabe-mit-mildenberger-silbenmethode-baumhausgeschichten","status":"publish","type":"product","link":"https:\/\/der-schulbedarf.shop\/produkt-des-monats\/produkt\/leserabe-mit-mildenberger-silbenmethode-baumhausgeschichten\/","title":{"rendered":"Leserabe mit Mildenberger Silbenmethode: Baumhausgeschichten"},"content":{"rendered":"<p>Lesen lernen wie im Flug!<\/p>\n<p>Was soll Basti nur mit all den Brettern als Geburtstagsgeschenk? Mit seinen G\u00e4sten ein Baumhaus bauen, ist doch klar! Mara und Mick haben schon ein Baumhaus, aber es muss dringend gestrichen werden. Leider haben die Geschwister daf\u00fcr kein Geld. Sie m\u00fcssen sich etwas einfallen lassen. Und Ole und Madita wollen unbedingt verhindern, dass ihr Lieblingsbaum gef\u00e4llt wird.<\/p>\n<p>Die Kinderb\u00fccher der Reihe Leserabe wurden mit P\u00e4dagogen entwickelt und richten sich sowohl an Leseanf\u00e4nger ab der 1. Klasse als auch an fortgeschrittene Erstleser ab der 2. Klasse. Die original Mildenberger Silbenmethode f\u00f6rdert die Lesekompetenz: Silben in Blau und Rot helfen beim Lesenlernen und verbessern nachweislich die Rechtschreibung.<\/p>\n<p>&nbsp;<\/p>\n","protected":false},"excerpt":{"rendered":"<p>Lesen lernen wie im Flug! Was soll Basti nur mit all den Brettern als Geburtstagsgeschenk? Mit seinen G\u00e4sten ein Baumhaus bauen, ist doch klar! Mara und Mick haben schon ein Baumhaus, aber es muss dringend gestrichen werden. Leider haben die Geschwister daf\u00fcr kein Geld. Sie m\u00fcssen sich etwas einfallen lassen. Und Ole und Madita wollen [&hellip;]<\/p>\n","protected":false},"featured_media":1699,"comment_status":"open","ping_status":"closed","template":"","meta":[],"product_cat":[899,900,224,944,225],"product_tag":[111,200,201,469,532,467,196,197,195,115,199,114,113,112,198,181,202,179,533,468],"class_list":{"0":"post-1525","1":"product","2":"type-product","3":"status-publish","4":"has-post-thumbnail","6":"product_cat-1-klasse","7":"product_cat-2-klasse","8":"product_cat-kinderbuecher","9":"product_cat-produktzufuehrung-geizhal","10":"product_cat-ravensburger-kinderbuecher","11":"product_tag-beschaeftigung","12":"product_tag-buch","13":"product_tag-buecher","14":"product_tag-einschulung-geschenk","15":"product_tag-einschulung-jungen","16":"product_tag-einschulung-maedchen","17":"product_tag-erstlesebuch","18":"product_tag-erstlesebuecher","19":"product_tag-erstleser","20":"product_tag-fuer-jungen","21":"product_tag-fuer-kinder-ab-6-jahre","22":"product_tag-fuer-maedchen","23":"product_tag-geschenk","24":"product_tag-geschenkidee","25":"product_tag-kinderbuch","26":"product_tag-kinderbuecher","27":"product_tag-lesen","28":"product_tag-lesen-lernen","29":"product_tag-schulanfang-jungen","30":"product_tag-schulanfang-maedchen","31":"post","32":"post-with-thumbnail","33":"post-with-thumbnail-large","35":"first","36":"instock","37":"taxable","38":"shipping-taxable","39":"purchasable","40":"product-type-simple"},"yoast_head":"<!-- This site is optimized with the Yoast SEO plugin v26.6 - https:\/\/yoast.com\/wordpress\/plugins\/seo\/ -->\n<title>Leserabe mit Mildenberger Silbenmethode: Baumhausgeschichten - der-Schulbedarf.shop<\/title>\n<meta name=\"description\" content=\"Leserabe mit Mildenberger Silbenmethode: Baumhausgeschichten. Spannende Geschichten rund um ein Baumhaus. F\u00fcr Kinder ab 6 Jahren.\" \/>\n<meta name=\"robots\" content=\"index, follow, max-snippet:-1, max-image-preview:large, max-video-preview:-1\" \/>\n<link rel=\"canonical\" href=\"https:\/\/der-schulbedarf.shop\/produkt-des-monats\/produkt\/leserabe-mit-mildenberger-silbenmethode-baumhausgeschichten\/\" \/>\n<meta property=\"og:locale\" content=\"de_DE\" \/>\n<meta property=\"og:type\" content=\"article\" \/>\n<meta property=\"og:title\" content=\"Leserabe mit Mildenberger Silbenmethode: Baumhausgeschichten - der-Schulbedarf.shop\" \/>\n<meta property=\"og:description\" content=\"Leserabe mit Mildenberger Silbenmethode: Baumhausgeschichten. Spannende Geschichten rund um ein Baumhaus. F\u00fcr Kinder ab 6 Jahren.\" \/>\n<meta property=\"og:url\" content=\"https:\/\/der-schulbedarf.shop\/produkt-des-monats\/produkt\/leserabe-mit-mildenberger-silbenmethode-baumhausgeschichten\/\" \/>\n<meta property=\"og:site_name\" content=\"der-Schulbedarf.shop\" \/>\n<meta property=\"article:modified_time\" content=\"2024-11-28T09:23:53+00:00\" \/>\n<meta property=\"og:image\" content=\"https:\/\/der-schulbedarf.shop\/wp-content\/uploads\/2023\/06\/Silbenmethode-Baumhausgeschichten-Main.webp\" \/>\n\t<meta property=\"og:image:width\" content=\"720\" \/>\n\t<meta property=\"og:image:height\" content=\"380\" \/>\n\t<meta property=\"og:image:type\" content=\"image\/webp\" \/>\n<meta name=\"twitter:card\" content=\"summary_large_image\" \/>\n<meta name=\"twitter:label1\" content=\"Gesch\u00e4tzte Lesezeit\" \/>\n\t<meta name=\"twitter:data1\" content=\"1\u00a0Minute\" \/>\n<script type=\"application\/ld+json\" class=\"yoast-schema-graph\">{\"@context\":\"https:\/\/schema.org\",\"@graph\":[{\"@type\":\"WebPage\",\"@id\":\"https:\/\/der-schulbedarf.shop\/produkt-des-monats\/produkt\/leserabe-mit-mildenberger-silbenmethode-baumhausgeschichten\/\",\"url\":\"https:\/\/der-schulbedarf.shop\/produkt-des-monats\/produkt\/leserabe-mit-mildenberger-silbenmethode-baumhausgeschichten\/\",\"name\":\"Leserabe mit Mildenberger Silbenmethode: Baumhausgeschichten - der-Schulbedarf.shop\",\"isPartOf\":{\"@id\":\"https:\/\/der-schulbedarf.shop\/produkt-des-monats\/#website\"},\"primaryImageOfPage\":{\"@id\":\"https:\/\/der-schulbedarf.shop\/produkt-des-monats\/produkt\/leserabe-mit-mildenberger-silbenmethode-baumhausgeschichten\/#primaryimage\"},\"image\":{\"@id\":\"https:\/\/der-schulbedarf.shop\/produkt-des-monats\/produkt\/leserabe-mit-mildenberger-silbenmethode-baumhausgeschichten\/#primaryimage\"},\"thumbnailUrl\":\"https:\/\/der-schulbedarf.shop\/wp-content\/uploads\/2023\/06\/Silbenmethode-Baumhausgeschichten-Main.webp\",\"datePublished\":\"2023-06-09T10:50:38+00:00\",\"dateModified\":\"2024-11-28T09:23:53+00:00\",\"description\":\"Leserabe mit Mildenberger Silbenmethode: Baumhausgeschichten. Spannende Geschichten rund um ein Baumhaus. F\u00fcr Kinder ab 6 Jahren.\",\"breadcrumb\":{\"@id\":\"https:\/\/der-schulbedarf.shop\/produkt-des-monats\/produkt\/leserabe-mit-mildenberger-silbenmethode-baumhausgeschichten\/#breadcrumb\"},\"inLanguage\":\"de\",\"potentialAction\":[{\"@type\":\"ReadAction\",\"target\":[\"https:\/\/der-schulbedarf.shop\/produkt-des-monats\/produkt\/leserabe-mit-mildenberger-silbenmethode-baumhausgeschichten\/\"]}]},{\"@type\":\"ImageObject\",\"inLanguage\":\"de\",\"@id\":\"https:\/\/der-schulbedarf.shop\/produkt-des-monats\/produkt\/leserabe-mit-mildenberger-silbenmethode-baumhausgeschichten\/#primaryimage\",\"url\":\"https:\/\/der-schulbedarf.shop\/wp-content\/uploads\/2023\/06\/Silbenmethode-Baumhausgeschichten-Main.webp\",\"contentUrl\":\"https:\/\/der-schulbedarf.shop\/wp-content\/uploads\/2023\/06\/Silbenmethode-Baumhausgeschichten-Main.webp\",\"width\":720,\"height\":380,\"caption\":\"Baumhausgeschichten\"},{\"@type\":\"BreadcrumbList\",\"@id\":\"https:\/\/der-schulbedarf.shop\/produkt-des-monats\/produkt\/leserabe-mit-mildenberger-silbenmethode-baumhausgeschichten\/#breadcrumb\",\"itemListElement\":[{\"@type\":\"ListItem\",\"position\":1,\"name\":\"Shop\",\"item\":\"https:\/\/der-schulbedarf.shop\/produkt-des-monats\/shop\/\"},{\"@type\":\"ListItem\",\"position\":2,\"name\":\"Leserabe mit Mildenberger Silbenmethode: Baumhausgeschichten\"}]},{\"@type\":\"WebSite\",\"@id\":\"https:\/\/der-schulbedarf.shop\/produkt-des-monats\/#website\",\"url\":\"https:\/\/der-schulbedarf.shop\/produkt-des-monats\/\",\"name\":\"der-Schulbedarf.shop\",\"description\":\"\",\"publisher\":{\"@id\":\"https:\/\/der-schulbedarf.shop\/produkt-des-monats\/#organization\"},\"potentialAction\":[{\"@type\":\"SearchAction\",\"target\":{\"@type\":\"EntryPoint\",\"urlTemplate\":\"https:\/\/der-schulbedarf.shop\/produkt-des-monats\/?s={search_term_string}\"},\"query-input\":{\"@type\":\"PropertyValueSpecification\",\"valueRequired\":true,\"valueName\":\"search_term_string\"}}],\"inLanguage\":\"de\"},{\"@type\":\"Organization\",\"@id\":\"https:\/\/der-schulbedarf.shop\/produkt-des-monats\/#organization\",\"name\":\"der-Schulbedarf.shop\",\"url\":\"https:\/\/der-schulbedarf.shop\/produkt-des-monats\/\",\"logo\":{\"@type\":\"ImageObject\",\"inLanguage\":\"de\",\"@id\":\"https:\/\/der-schulbedarf.shop\/produkt-des-monats\/#\/schema\/logo\/image\/\",\"url\":\"https:\/\/der-schulbedarf.shop\/wp-content\/uploads\/2024\/02\/grafik-e1709551115899.png\",\"contentUrl\":\"https:\/\/der-schulbedarf.shop\/wp-content\/uploads\/2024\/02\/grafik-e1709551115899.png\",\"width\":80,\"height\":80,\"caption\":\"der-Schulbedarf.shop\"},\"image\":{\"@id\":\"https:\/\/der-schulbedarf.shop\/produkt-des-monats\/#\/schema\/logo\/image\/\"}}]}<\/script>\n<!-- \/ Yoast SEO plugin. -->","yoast_head_json":{"title":"Leserabe mit Mildenberger Silbenmethode: Baumhausgeschichten - der-Schulbedarf.shop","description":"Leserabe mit Mildenberger Silbenmethode: Baumhausgeschichten. Spannende Geschichten rund um ein Baumhaus. F\u00fcr Kinder ab 6 Jahren.","robots":{"index":"index","follow":"follow","max-snippet":"max-snippet:-1","max-image-preview":"max-image-preview:large","max-video-preview":"max-video-preview:-1"},"canonical":"https:\/\/der-schulbedarf.shop\/produkt-des-monats\/produkt\/leserabe-mit-mildenberger-silbenmethode-baumhausgeschichten\/","og_locale":"de_DE","og_type":"article","og_title":"Leserabe mit Mildenberger Silbenmethode: Baumhausgeschichten - der-Schulbedarf.shop","og_description":"Leserabe mit Mildenberger Silbenmethode: Baumhausgeschichten. Spannende Geschichten rund um ein Baumhaus. F\u00fcr Kinder ab 6 Jahren.","og_url":"https:\/\/der-schulbedarf.shop\/produkt-des-monats\/produkt\/leserabe-mit-mildenberger-silbenmethode-baumhausgeschichten\/","og_site_name":"der-Schulbedarf.shop","article_modified_time":"2024-11-28T09:23:53+00:00","og_image":[{"width":720,"height":380,"url":"https:\/\/der-schulbedarf.shop\/wp-content\/uploads\/2023\/06\/Silbenmethode-Baumhausgeschichten-Main.webp","type":"image\/webp"}],"twitter_card":"summary_large_image","twitter_misc":{"Gesch\u00e4tzte Lesezeit":"1\u00a0Minute"},"schema":{"@context":"https:\/\/schema.org","@graph":[{"@type":"WebPage","@id":"https:\/\/der-schulbedarf.shop\/produkt-des-monats\/produkt\/leserabe-mit-mildenberger-silbenmethode-baumhausgeschichten\/","url":"https:\/\/der-schulbedarf.shop\/produkt-des-monats\/produkt\/leserabe-mit-mildenberger-silbenmethode-baumhausgeschichten\/","name":"Leserabe mit Mildenberger Silbenmethode: Baumhausgeschichten - der-Schulbedarf.shop","isPartOf":{"@id":"https:\/\/der-schulbedarf.shop\/produkt-des-monats\/#website"},"primaryImageOfPage":{"@id":"https:\/\/der-schulbedarf.shop\/produkt-des-monats\/produkt\/leserabe-mit-mildenberger-silbenmethode-baumhausgeschichten\/#primaryimage"},"image":{"@id":"https:\/\/der-schulbedarf.shop\/produkt-des-monats\/produkt\/leserabe-mit-mildenberger-silbenmethode-baumhausgeschichten\/#primaryimage"},"thumbnailUrl":"https:\/\/der-schulbedarf.shop\/wp-content\/uploads\/2023\/06\/Silbenmethode-Baumhausgeschichten-Main.webp","datePublished":"2023-06-09T10:50:38+00:00","dateModified":"2024-11-28T09:23:53+00:00","description":"Leserabe mit Mildenberger Silbenmethode: Baumhausgeschichten. Spannende Geschichten rund um ein Baumhaus. F\u00fcr Kinder ab 6 Jahren.","breadcrumb":{"@id":"https:\/\/der-schulbedarf.shop\/produkt-des-monats\/produkt\/leserabe-mit-mildenberger-silbenmethode-baumhausgeschichten\/#breadcrumb"},"inLanguage":"de","potentialAction":[{"@type":"ReadAction","target":["https:\/\/der-schulbedarf.shop\/produkt-des-monats\/produkt\/leserabe-mit-mildenberger-silbenmethode-baumhausgeschichten\/"]}]},{"@type":"ImageObject","inLanguage":"de","@id":"https:\/\/der-schulbedarf.shop\/produkt-des-monats\/produkt\/leserabe-mit-mildenberger-silbenmethode-baumhausgeschichten\/#primaryimage","url":"https:\/\/der-schulbedarf.shop\/wp-content\/uploads\/2023\/06\/Silbenmethode-Baumhausgeschichten-Main.webp","contentUrl":"https:\/\/der-schulbedarf.shop\/wp-content\/uploads\/2023\/06\/Silbenmethode-Baumhausgeschichten-Main.webp","width":720,"height":380,"caption":"Baumhausgeschichten"},{"@type":"BreadcrumbList","@id":"https:\/\/der-schulbedarf.shop\/produkt-des-monats\/produkt\/leserabe-mit-mildenberger-silbenmethode-baumhausgeschichten\/#breadcrumb","itemListElement":[{"@type":"ListItem","position":1,"name":"Shop","item":"https:\/\/der-schulbedarf.shop\/produkt-des-monats\/shop\/"},{"@type":"ListItem","position":2,"name":"Leserabe mit Mildenberger Silbenmethode: Baumhausgeschichten"}]},{"@type":"WebSite","@id":"https:\/\/der-schulbedarf.shop\/produkt-des-monats\/#website","url":"https:\/\/der-schulbedarf.shop\/produkt-des-monats\/","name":"der-Schulbedarf.shop","description":"","publisher":{"@id":"https:\/\/der-schulbedarf.shop\/produkt-des-monats\/#organization"},"potentialAction":[{"@type":"SearchAction","target":{"@type":"EntryPoint","urlTemplate":"https:\/\/der-schulbedarf.shop\/produkt-des-monats\/?s={search_term_string}"},"query-input":{"@type":"PropertyValueSpecification","valueRequired":true,"valueName":"search_term_string"}}],"inLanguage":"de"},{"@type":"Organization","@id":"https:\/\/der-schulbedarf.shop\/produkt-des-monats\/#organization","name":"der-Schulbedarf.shop","url":"https:\/\/der-schulbedarf.shop\/produkt-des-monats\/","logo":{"@type":"ImageObject","inLanguage":"de","@id":"https:\/\/der-schulbedarf.shop\/produkt-des-monats\/#\/schema\/logo\/image\/","url":"https:\/\/der-schulbedarf.shop\/wp-content\/uploads\/2024\/02\/grafik-e1709551115899.png","contentUrl":"https:\/\/der-schulbedarf.shop\/wp-content\/uploads\/2024\/02\/grafik-e1709551115899.png","width":80,"height":80,"caption":"der-Schulbedarf.shop"},"image":{"@id":"https:\/\/der-schulbedarf.shop\/produkt-des-monats\/#\/schema\/logo\/image\/"}}]}},"_links":{"self":[{"href":"https:\/\/der-schulbedarf.shop\/produkt-des-monats\/wp-json\/wp\/v2\/product\/1525","targetHints":{"allow":["GET"]}}],"collection":[{"href":"https:\/\/der-schulbedarf.shop\/produkt-des-monats\/wp-json\/wp\/v2\/product"}],"about":[{"href":"https:\/\/der-schulbedarf.shop\/produkt-des-monats\/wp-json\/wp\/v2\/types\/product"}],"replies":[{"embeddable":true,"href":"https:\/\/der-schulbedarf.shop\/produkt-des-monats\/wp-json\/wp\/v2\/comments?post=1525"}],"wp:featuredmedia":[{"embeddable":true,"href":"https:\/\/der-schulbedarf.shop\/produkt-des-monats\/wp-json\/wp\/v2\/media\/1699"}],"wp:attachment":[{"href":"https:\/\/der-schulbedarf.shop\/produkt-des-monats\/wp-json\/wp\/v2\/media?parent=1525"}],"wp:term":[{"taxonomy":"product_cat","embeddable":true,"href":"https:\/\/der-schulbedarf.shop\/produkt-des-monats\/wp-json\/wp\/v2\/product_cat?post=1525"},{"taxonomy":"product_tag","embeddable":true,"href":"https:\/\/der-schulbedarf.shop\/produkt-des-monats\/wp-json\/wp\/v2\/product_tag?post=1525"}],"curies":[{"name":"wp","href":"https:\/\/api.w.org\/{rel}","templated":true}]}}