{"id":1534,"date":"2023-06-09T10:22:39","date_gmt":"2023-06-09T10:22:39","guid":{"rendered":"https:\/\/der-schulbedarf.Shop\/?post_type=product&#038;p=1534"},"modified":"2024-11-28T07:38:13","modified_gmt":"2024-11-28T07:38:13","slug":"leserabe-1-lesestufe-luna-und-das-fliegende-pferd","status":"publish","type":"product","link":"https:\/\/der-schulbedarf.shop\/produkt-des-monats\/produkt\/leserabe-1-lesestufe-luna-und-das-fliegende-pferd\/","title":{"rendered":"Leserabe &#8211; 1. Lesestufe: Luna und das fliegende Pferd"},"content":{"rendered":"<p>Luna wacht nachts auf. Pl\u00f6tzlich spricht ihr Spielzeug-Pferd zu ihr: Stella m\u00f6chte zum Treffen der magischen Tiere im M\u00e4rchenwald, aber dazu braucht sie Lunas Hilfe &#8230;<\/p>\n<p>Luna ist sauer, weil ihr Bruder Leon ihr gefl\u00fcgeltes Spielzeug-Pferd Stella vollgekritzelt hat \u2013 die Farbe geht nicht mehr ab. In der Nacht wacht sie auf und sieht, wie das Pferd mit den Fl\u00fcgeln schl\u00e4gt. Es erz\u00e4hlt Luna, dass es so gern zum Treffen der Fabelwesen in den M\u00e4rchenwald fliegen m\u00f6chte. Aber es traut sich nicht, weil es sich mit der Kritzelei h\u00e4sslich findet. Da kommt Leon ins Zimmer. Als er das Pferd sieht und h\u00f6rt, warum es traurig ist, tut ihm alles sehr leid. Er holt seine kostbare Goldfarbe, und gemeinsam bemalen Luna und Leon damit Stellas Fell mit einem goldenen Sternenhimmel. Das Pferd ist \u00fcbergl\u00fccklich und will sich bei den Kindern bedanken. Mit seinen Zauberkr\u00e4ften kann es die Geschwister winzig klein machen und sie dann auf seinem R\u00fccken mit zum M\u00e4rchenwald nehmen. Dort bekommt Stella von der Elfenk\u00f6nigin eine goldene Schleife, weil das Pferd heute das sch\u00f6nste aller Fabelwesen ist.<\/p>\n","protected":false},"excerpt":{"rendered":"<p>Luna wacht nachts auf. Pl\u00f6tzlich spricht ihr Spielzeug-Pferd zu ihr: Stella m\u00f6chte zum Treffen der magischen Tiere im M\u00e4rchenwald, aber dazu braucht sie Lunas Hilfe &#8230; Luna ist sauer, weil ihr Bruder Leon ihr gefl\u00fcgeltes Spielzeug-Pferd Stella vollgekritzelt hat \u2013 die Farbe geht nicht mehr ab. In der Nacht wacht sie auf und sieht, wie [&hellip;]<\/p>\n","protected":false},"featured_media":1691,"comment_status":"open","ping_status":"closed","template":"","meta":[],"product_cat":[224,915,944,225],"product_tag":[511,652,268,192,111,200,201,459,230,196,197,195,115,199,114,692,113,210,112,405,198,181,202,179,194,188,676,193,625,694,693,691],"class_list":{"0":"post-1534","1":"product","2":"type-product","3":"status-publish","4":"has-post-thumbnail","6":"product_cat-kinderbuecher","7":"product_cat-produkt-feeds","8":"product_cat-produktzufuehrung-geizhal","9":"product_cat-ravensburger-kinderbuecher","10":"product_tag-1-klasse","11":"product_tag-ab-6-jahren","12":"product_tag-abenteuer","13":"product_tag-antolin","14":"product_tag-beschaeftigung","15":"product_tag-buch","16":"product_tag-buecher","17":"product_tag-buecher-fuer-leseanfaenger","18":"product_tag-elfen","19":"product_tag-erstlesebuch","20":"product_tag-erstlesebuecher","21":"product_tag-erstleser","22":"product_tag-fuer-jungen","23":"product_tag-fuer-kinder-ab-6-jahre","24":"product_tag-fuer-maedchen","25":"product_tag-gefluegeltes-pferd","26":"product_tag-geschenk","27":"product_tag-geschenk-kinder","28":"product_tag-geschenkidee","29":"product_tag-geschwister","30":"product_tag-kinderbuch","31":"product_tag-kinderbuecher","32":"product_tag-lesen","33":"product_tag-lesen-lernen","34":"product_tag-leserabe","35":"product_tag-magie","36":"product_tag-maerchenwald","37":"product_tag-ravensburger","38":"product_tag-streiten-und-vertragen","39":"product_tag-traum","40":"product_tag-zauberkraft","41":"product_tag-zauberpferde","42":"post","43":"post-with-thumbnail","44":"post-with-thumbnail-large","46":"first","47":"instock","48":"taxable","49":"shipping-taxable","50":"purchasable","51":"product-type-simple"},"yoast_head":"<!-- This site is optimized with the Yoast SEO plugin v26.6 - https:\/\/yoast.com\/wordpress\/plugins\/seo\/ -->\n<title>Leserabe - 1. Lesestufe: Luna und das fliegende Pferd - der-Schulbedarf.shop<\/title>\n<meta name=\"description\" content=\"Luna wacht nachts auf. Pl\u00f6tzlich spricht ihr Spielzeug-Pferd zu ihr: Stella m\u00f6chte zum Treffen der magischen Tiere im M\u00e4rchenwald, aber dazu braucht sie Lunas Hilfe ...\" \/>\n<meta name=\"robots\" content=\"index, follow, max-snippet:-1, max-image-preview:large, max-video-preview:-1\" \/>\n<link rel=\"canonical\" href=\"https:\/\/der-schulbedarf.shop\/produkt-des-monats\/produkt\/leserabe-1-lesestufe-luna-und-das-fliegende-pferd\/\" \/>\n<meta property=\"og:locale\" content=\"de_DE\" \/>\n<meta property=\"og:type\" content=\"article\" \/>\n<meta property=\"og:title\" content=\"Leserabe - 1. Lesestufe: Luna und das fliegende Pferd - der-Schulbedarf.shop\" \/>\n<meta property=\"og:description\" content=\"Luna wacht nachts auf. Pl\u00f6tzlich spricht ihr Spielzeug-Pferd zu ihr: Stella m\u00f6chte zum Treffen der magischen Tiere im M\u00e4rchenwald, aber dazu braucht sie Lunas Hilfe ...\" \/>\n<meta property=\"og:url\" content=\"https:\/\/der-schulbedarf.shop\/produkt-des-monats\/produkt\/leserabe-1-lesestufe-luna-und-das-fliegende-pferd\/\" \/>\n<meta property=\"og:site_name\" content=\"der-Schulbedarf.shop\" \/>\n<meta property=\"article:modified_time\" content=\"2024-11-28T07:38:13+00:00\" \/>\n<meta property=\"og:image\" content=\"https:\/\/der-schulbedarf.shop\/wp-content\/uploads\/2023\/06\/Luna-und-das-fliegende-Pferd-Main.webp\" \/>\n\t<meta property=\"og:image:width\" content=\"720\" \/>\n\t<meta property=\"og:image:height\" content=\"380\" \/>\n\t<meta property=\"og:image:type\" content=\"image\/webp\" \/>\n<meta name=\"twitter:card\" content=\"summary_large_image\" \/>\n<meta name=\"twitter:label1\" content=\"Gesch\u00e4tzte Lesezeit\" \/>\n\t<meta name=\"twitter:data1\" content=\"2\u00a0Minuten\" \/>\n<script type=\"application\/ld+json\" class=\"yoast-schema-graph\">{\"@context\":\"https:\/\/schema.org\",\"@graph\":[{\"@type\":\"WebPage\",\"@id\":\"https:\/\/der-schulbedarf.shop\/produkt-des-monats\/produkt\/leserabe-1-lesestufe-luna-und-das-fliegende-pferd\/\",\"url\":\"https:\/\/der-schulbedarf.shop\/produkt-des-monats\/produkt\/leserabe-1-lesestufe-luna-und-das-fliegende-pferd\/\",\"name\":\"Leserabe - 1. Lesestufe: Luna und das fliegende Pferd - der-Schulbedarf.shop\",\"isPartOf\":{\"@id\":\"https:\/\/der-schulbedarf.shop\/produkt-des-monats\/#website\"},\"primaryImageOfPage\":{\"@id\":\"https:\/\/der-schulbedarf.shop\/produkt-des-monats\/produkt\/leserabe-1-lesestufe-luna-und-das-fliegende-pferd\/#primaryimage\"},\"image\":{\"@id\":\"https:\/\/der-schulbedarf.shop\/produkt-des-monats\/produkt\/leserabe-1-lesestufe-luna-und-das-fliegende-pferd\/#primaryimage\"},\"thumbnailUrl\":\"https:\/\/der-schulbedarf.shop\/wp-content\/uploads\/2023\/06\/Luna-und-das-fliegende-Pferd-Main.webp\",\"datePublished\":\"2023-06-09T10:22:39+00:00\",\"dateModified\":\"2024-11-28T07:38:13+00:00\",\"description\":\"Luna wacht nachts auf. Pl\u00f6tzlich spricht ihr Spielzeug-Pferd zu ihr: Stella m\u00f6chte zum Treffen der magischen Tiere im M\u00e4rchenwald, aber dazu braucht sie Lunas Hilfe ...\",\"breadcrumb\":{\"@id\":\"https:\/\/der-schulbedarf.shop\/produkt-des-monats\/produkt\/leserabe-1-lesestufe-luna-und-das-fliegende-pferd\/#breadcrumb\"},\"inLanguage\":\"de\",\"potentialAction\":[{\"@type\":\"ReadAction\",\"target\":[\"https:\/\/der-schulbedarf.shop\/produkt-des-monats\/produkt\/leserabe-1-lesestufe-luna-und-das-fliegende-pferd\/\"]}]},{\"@type\":\"ImageObject\",\"inLanguage\":\"de\",\"@id\":\"https:\/\/der-schulbedarf.shop\/produkt-des-monats\/produkt\/leserabe-1-lesestufe-luna-und-das-fliegende-pferd\/#primaryimage\",\"url\":\"https:\/\/der-schulbedarf.shop\/wp-content\/uploads\/2023\/06\/Luna-und-das-fliegende-Pferd-Main.webp\",\"contentUrl\":\"https:\/\/der-schulbedarf.shop\/wp-content\/uploads\/2023\/06\/Luna-und-das-fliegende-Pferd-Main.webp\",\"width\":720,\"height\":380,\"caption\":\"Luna und das\"},{\"@type\":\"BreadcrumbList\",\"@id\":\"https:\/\/der-schulbedarf.shop\/produkt-des-monats\/produkt\/leserabe-1-lesestufe-luna-und-das-fliegende-pferd\/#breadcrumb\",\"itemListElement\":[{\"@type\":\"ListItem\",\"position\":1,\"name\":\"Shop\",\"item\":\"https:\/\/der-schulbedarf.shop\/produkt-des-monats\/shop\/\"},{\"@type\":\"ListItem\",\"position\":2,\"name\":\"Leserabe &#8211; 1. Lesestufe: Luna und das fliegende Pferd\"}]},{\"@type\":\"WebSite\",\"@id\":\"https:\/\/der-schulbedarf.shop\/produkt-des-monats\/#website\",\"url\":\"https:\/\/der-schulbedarf.shop\/produkt-des-monats\/\",\"name\":\"der-Schulbedarf.shop\",\"description\":\"\",\"publisher\":{\"@id\":\"https:\/\/der-schulbedarf.shop\/produkt-des-monats\/#organization\"},\"potentialAction\":[{\"@type\":\"SearchAction\",\"target\":{\"@type\":\"EntryPoint\",\"urlTemplate\":\"https:\/\/der-schulbedarf.shop\/produkt-des-monats\/?s={search_term_string}\"},\"query-input\":{\"@type\":\"PropertyValueSpecification\",\"valueRequired\":true,\"valueName\":\"search_term_string\"}}],\"inLanguage\":\"de\"},{\"@type\":\"Organization\",\"@id\":\"https:\/\/der-schulbedarf.shop\/produkt-des-monats\/#organization\",\"name\":\"der-Schulbedarf.shop\",\"url\":\"https:\/\/der-schulbedarf.shop\/produkt-des-monats\/\",\"logo\":{\"@type\":\"ImageObject\",\"inLanguage\":\"de\",\"@id\":\"https:\/\/der-schulbedarf.shop\/produkt-des-monats\/#\/schema\/logo\/image\/\",\"url\":\"https:\/\/der-schulbedarf.shop\/wp-content\/uploads\/2024\/02\/grafik-e1709551115899.png\",\"contentUrl\":\"https:\/\/der-schulbedarf.shop\/wp-content\/uploads\/2024\/02\/grafik-e1709551115899.png\",\"width\":80,\"height\":80,\"caption\":\"der-Schulbedarf.shop\"},\"image\":{\"@id\":\"https:\/\/der-schulbedarf.shop\/produkt-des-monats\/#\/schema\/logo\/image\/\"}}]}<\/script>\n<!-- \/ Yoast SEO plugin. -->","yoast_head_json":{"title":"Leserabe - 1. Lesestufe: Luna und das fliegende Pferd - der-Schulbedarf.shop","description":"Luna wacht nachts auf. Pl\u00f6tzlich spricht ihr Spielzeug-Pferd zu ihr: Stella m\u00f6chte zum Treffen der magischen Tiere im M\u00e4rchenwald, aber dazu braucht sie Lunas Hilfe ...","robots":{"index":"index","follow":"follow","max-snippet":"max-snippet:-1","max-image-preview":"max-image-preview:large","max-video-preview":"max-video-preview:-1"},"canonical":"https:\/\/der-schulbedarf.shop\/produkt-des-monats\/produkt\/leserabe-1-lesestufe-luna-und-das-fliegende-pferd\/","og_locale":"de_DE","og_type":"article","og_title":"Leserabe - 1. Lesestufe: Luna und das fliegende Pferd - der-Schulbedarf.shop","og_description":"Luna wacht nachts auf. Pl\u00f6tzlich spricht ihr Spielzeug-Pferd zu ihr: Stella m\u00f6chte zum Treffen der magischen Tiere im M\u00e4rchenwald, aber dazu braucht sie Lunas Hilfe ...","og_url":"https:\/\/der-schulbedarf.shop\/produkt-des-monats\/produkt\/leserabe-1-lesestufe-luna-und-das-fliegende-pferd\/","og_site_name":"der-Schulbedarf.shop","article_modified_time":"2024-11-28T07:38:13+00:00","og_image":[{"width":720,"height":380,"url":"https:\/\/der-schulbedarf.shop\/wp-content\/uploads\/2023\/06\/Luna-und-das-fliegende-Pferd-Main.webp","type":"image\/webp"}],"twitter_card":"summary_large_image","twitter_misc":{"Gesch\u00e4tzte Lesezeit":"2\u00a0Minuten"},"schema":{"@context":"https:\/\/schema.org","@graph":[{"@type":"WebPage","@id":"https:\/\/der-schulbedarf.shop\/produkt-des-monats\/produkt\/leserabe-1-lesestufe-luna-und-das-fliegende-pferd\/","url":"https:\/\/der-schulbedarf.shop\/produkt-des-monats\/produkt\/leserabe-1-lesestufe-luna-und-das-fliegende-pferd\/","name":"Leserabe - 1. Lesestufe: Luna und das fliegende Pferd - der-Schulbedarf.shop","isPartOf":{"@id":"https:\/\/der-schulbedarf.shop\/produkt-des-monats\/#website"},"primaryImageOfPage":{"@id":"https:\/\/der-schulbedarf.shop\/produkt-des-monats\/produkt\/leserabe-1-lesestufe-luna-und-das-fliegende-pferd\/#primaryimage"},"image":{"@id":"https:\/\/der-schulbedarf.shop\/produkt-des-monats\/produkt\/leserabe-1-lesestufe-luna-und-das-fliegende-pferd\/#primaryimage"},"thumbnailUrl":"https:\/\/der-schulbedarf.shop\/wp-content\/uploads\/2023\/06\/Luna-und-das-fliegende-Pferd-Main.webp","datePublished":"2023-06-09T10:22:39+00:00","dateModified":"2024-11-28T07:38:13+00:00","description":"Luna wacht nachts auf. Pl\u00f6tzlich spricht ihr Spielzeug-Pferd zu ihr: Stella m\u00f6chte zum Treffen der magischen Tiere im M\u00e4rchenwald, aber dazu braucht sie Lunas Hilfe ...","breadcrumb":{"@id":"https:\/\/der-schulbedarf.shop\/produkt-des-monats\/produkt\/leserabe-1-lesestufe-luna-und-das-fliegende-pferd\/#breadcrumb"},"inLanguage":"de","potentialAction":[{"@type":"ReadAction","target":["https:\/\/der-schulbedarf.shop\/produkt-des-monats\/produkt\/leserabe-1-lesestufe-luna-und-das-fliegende-pferd\/"]}]},{"@type":"ImageObject","inLanguage":"de","@id":"https:\/\/der-schulbedarf.shop\/produkt-des-monats\/produkt\/leserabe-1-lesestufe-luna-und-das-fliegende-pferd\/#primaryimage","url":"https:\/\/der-schulbedarf.shop\/wp-content\/uploads\/2023\/06\/Luna-und-das-fliegende-Pferd-Main.webp","contentUrl":"https:\/\/der-schulbedarf.shop\/wp-content\/uploads\/2023\/06\/Luna-und-das-fliegende-Pferd-Main.webp","width":720,"height":380,"caption":"Luna und das"},{"@type":"BreadcrumbList","@id":"https:\/\/der-schulbedarf.shop\/produkt-des-monats\/produkt\/leserabe-1-lesestufe-luna-und-das-fliegende-pferd\/#breadcrumb","itemListElement":[{"@type":"ListItem","position":1,"name":"Shop","item":"https:\/\/der-schulbedarf.shop\/produkt-des-monats\/shop\/"},{"@type":"ListItem","position":2,"name":"Leserabe &#8211; 1. Lesestufe: Luna und das fliegende Pferd"}]},{"@type":"WebSite","@id":"https:\/\/der-schulbedarf.shop\/produkt-des-monats\/#website","url":"https:\/\/der-schulbedarf.shop\/produkt-des-monats\/","name":"der-Schulbedarf.shop","description":"","publisher":{"@id":"https:\/\/der-schulbedarf.shop\/produkt-des-monats\/#organization"},"potentialAction":[{"@type":"SearchAction","target":{"@type":"EntryPoint","urlTemplate":"https:\/\/der-schulbedarf.shop\/produkt-des-monats\/?s={search_term_string}"},"query-input":{"@type":"PropertyValueSpecification","valueRequired":true,"valueName":"search_term_string"}}],"inLanguage":"de"},{"@type":"Organization","@id":"https:\/\/der-schulbedarf.shop\/produkt-des-monats\/#organization","name":"der-Schulbedarf.shop","url":"https:\/\/der-schulbedarf.shop\/produkt-des-monats\/","logo":{"@type":"ImageObject","inLanguage":"de","@id":"https:\/\/der-schulbedarf.shop\/produkt-des-monats\/#\/schema\/logo\/image\/","url":"https:\/\/der-schulbedarf.shop\/wp-content\/uploads\/2024\/02\/grafik-e1709551115899.png","contentUrl":"https:\/\/der-schulbedarf.shop\/wp-content\/uploads\/2024\/02\/grafik-e1709551115899.png","width":80,"height":80,"caption":"der-Schulbedarf.shop"},"image":{"@id":"https:\/\/der-schulbedarf.shop\/produkt-des-monats\/#\/schema\/logo\/image\/"}}]}},"_links":{"self":[{"href":"https:\/\/der-schulbedarf.shop\/produkt-des-monats\/wp-json\/wp\/v2\/product\/1534","targetHints":{"allow":["GET"]}}],"collection":[{"href":"https:\/\/der-schulbedarf.shop\/produkt-des-monats\/wp-json\/wp\/v2\/product"}],"about":[{"href":"https:\/\/der-schulbedarf.shop\/produkt-des-monats\/wp-json\/wp\/v2\/types\/product"}],"replies":[{"embeddable":true,"href":"https:\/\/der-schulbedarf.shop\/produkt-des-monats\/wp-json\/wp\/v2\/comments?post=1534"}],"wp:featuredmedia":[{"embeddable":true,"href":"https:\/\/der-schulbedarf.shop\/produkt-des-monats\/wp-json\/wp\/v2\/media\/1691"}],"wp:attachment":[{"href":"https:\/\/der-schulbedarf.shop\/produkt-des-monats\/wp-json\/wp\/v2\/media?parent=1534"}],"wp:term":[{"taxonomy":"product_cat","embeddable":true,"href":"https:\/\/der-schulbedarf.shop\/produkt-des-monats\/wp-json\/wp\/v2\/product_cat?post=1534"},{"taxonomy":"product_tag","embeddable":true,"href":"https:\/\/der-schulbedarf.shop\/produkt-des-monats\/wp-json\/wp\/v2\/product_tag?post=1534"}],"curies":[{"name":"wp","href":"https:\/\/api.w.org\/{rel}","templated":true}]}}