{"id":1535,"date":"2023-06-09T10:41:49","date_gmt":"2023-06-09T10:41:49","guid":{"rendered":"https:\/\/der-schulbedarf.Shop\/?post_type=product&#038;p=1535"},"modified":"2024-11-28T07:33:01","modified_gmt":"2024-11-28T07:33:01","slug":"die-magische-welt-von-leonie-looping","status":"publish","type":"product","link":"https:\/\/der-schulbedarf.shop\/produkt-des-monats\/produkt\/die-magische-welt-von-leonie-looping\/","title":{"rendered":"Die magische Welt von Leonie Looping"},"content":{"rendered":"<p>Schmetterlingselfen retten die Umwelt<\/p>\n<p>Eines Tages begegnet Leonie den Schmetterlingselfen M\u00fccke und Luna. Die beiden zeigen ihr, wie sie sich mithilfe von Schrumpferbsen selbst in eine Elfe verwandeln kann. Auf der Suche nach dem Schrumpferbsenstrauch stellen die Elfen fest, dass der Waldsee total verm\u00fcllt ist. Mit vereinten Kr\u00e4ften sorgen sie daf\u00fcr, dass der See vom M\u00fcll befreit wird.<\/p>\n<p>Der Doppelband enth\u00e4lt Band 1 (&#8222;Das Geheimnis auf dem Balkon&#8220;) und Band 2 (&#8222;Das Abenteuer am Waldsee&#8220;) der Umwelt-Erstlesereihe Leonie Looping.<\/p>\n<p>Mit Leonie Looping schaffen Cally Stronk (Text) und Constanze von Kitzing (Illustration) eine unterhaltsame Erstlese-Reihe f\u00fcr kleine Elfenfans ab 7 Jahren. Kindgerecht und unterhaltsam werden in jedem Band Umweltthemen wie M\u00fcllvermeidung und Nachhaltigkeit vermittelt.<\/p>\n<p>Band 1: Leonie Looping \u2013 Das Geheimnis auf dem Balkon\u200b<br \/>\nBand 2: Leonie Looping \u2013 Das Abenteuer am Waldsee\u200b<br \/>\nBand 3: Leonie Looping \u2013 Der verr\u00fcckte Schrumpferbsen-Unfall\u200b<br \/>\nBand 4: Leonie Looping \u2013 Das R\u00e4tsel um die Bienen\u200b<br \/>\nBand 5: Leonie Looping \u2013 Die verschwundenen Dinge \u200b<br \/>\nBand 6: Leonie Looping \u2013 Ein elfenstarker Winter<br \/>\nBand 7: Leonie Looping \u2013 Kleine Robbe in Not<br \/>\nBand 8: Leonie Looping \u2013 Die Waldolympiade<\/p>\n<p>&nbsp;<\/p>\n","protected":false},"excerpt":{"rendered":"<p>Schmetterlingselfen retten die Umwelt Eines Tages begegnet Leonie den Schmetterlingselfen M\u00fccke und Luna. Die beiden zeigen ihr, wie sie sich mithilfe von Schrumpferbsen selbst in eine Elfe verwandeln kann. Auf der Suche nach dem Schrumpferbsenstrauch stellen die Elfen fest, dass der Waldsee total verm\u00fcllt ist. Mit vereinten Kr\u00e4ften sorgen sie daf\u00fcr, dass der See vom [&hellip;]<\/p>\n","protected":false},"featured_media":1695,"comment_status":"open","ping_status":"closed","template":"","meta":[],"product_cat":[224,944,225],"product_tag":[690,111,200,201,230,196,197,195,638,115,223,114,113,112,198,181,202,179,679,678,188,689,688,231,233,234],"class_list":{"0":"post-1535","1":"product","2":"type-product","3":"status-publish","4":"has-post-thumbnail","6":"product_cat-kinderbuecher","7":"product_cat-produktzufuehrung-geizhal","8":"product_cat-ravensburger-kinderbuecher","9":"product_tag-artenschutz","10":"product_tag-beschaeftigung","11":"product_tag-buch","12":"product_tag-buecher","13":"product_tag-elfen","14":"product_tag-erstlesebuch","15":"product_tag-erstlesebuecher","16":"product_tag-erstleser","17":"product_tag-erstleser-maedchen-2-klasse","18":"product_tag-fuer-jungen","19":"product_tag-fuer-kinder-ab-7-jahre","20":"product_tag-fuer-maedchen","21":"product_tag-geschenk","22":"product_tag-geschenkidee","23":"product_tag-kinderbuch","24":"product_tag-kinderbuecher","25":"product_tag-lesen","26":"product_tag-lesen-lernen","27":"product_tag-lesenlernen","28":"product_tag-maedchen-geschenk-7-jahre","29":"product_tag-magie","30":"product_tag-muell","31":"product_tag-nachhaltig","32":"product_tag-nachhaltigkeit","33":"product_tag-umwelt","34":"product_tag-umweltschutz","35":"post","36":"post-with-thumbnail","37":"post-with-thumbnail-large","39":"first","40":"instock","41":"taxable","42":"shipping-taxable","43":"purchasable","44":"product-type-simple"},"yoast_head":"<!-- This site is optimized with the Yoast SEO plugin v26.6 - https:\/\/yoast.com\/wordpress\/plugins\/seo\/ -->\n<title>Die magische Welt von Leonie Looping - der-Schulbedarf.shop<\/title>\n<meta name=\"description\" content=\"Schmetterlingselfen retten die UmweltEines Tages begegnet Leonie den Schmetterlingselfen M\u00fccke und Luna. Die beiden zeigen ihr, wie sie sich mithilfe von Schrumpferbsen selbst in eine Elfe verwandeln kann. Auf der Suche nach dem Schrumpferbsenstrauch stellen die Elfen fest, dass der Waldsee total verm\u00fcllt ist. Mit vereinten Kr\u00e4ften sorgen sie daf\u00fcr, dass der See vom M\u00fcll befreit wird.\" \/>\n<meta name=\"robots\" content=\"index, follow, max-snippet:-1, max-image-preview:large, max-video-preview:-1\" \/>\n<link rel=\"canonical\" href=\"https:\/\/der-schulbedarf.shop\/produkt-des-monats\/produkt\/die-magische-welt-von-leonie-looping\/\" \/>\n<meta property=\"og:locale\" content=\"de_DE\" \/>\n<meta property=\"og:type\" content=\"article\" \/>\n<meta property=\"og:title\" content=\"Die magische Welt von Leonie Looping - der-Schulbedarf.shop\" \/>\n<meta property=\"og:description\" content=\"Schmetterlingselfen retten die UmweltEines Tages begegnet Leonie den Schmetterlingselfen M\u00fccke und Luna. Die beiden zeigen ihr, wie sie sich mithilfe von Schrumpferbsen selbst in eine Elfe verwandeln kann. Auf der Suche nach dem Schrumpferbsenstrauch stellen die Elfen fest, dass der Waldsee total verm\u00fcllt ist. Mit vereinten Kr\u00e4ften sorgen sie daf\u00fcr, dass der See vom M\u00fcll befreit wird.\" \/>\n<meta property=\"og:url\" content=\"https:\/\/der-schulbedarf.shop\/produkt-des-monats\/produkt\/die-magische-welt-von-leonie-looping\/\" \/>\n<meta property=\"og:site_name\" content=\"der-Schulbedarf.shop\" \/>\n<meta property=\"article:modified_time\" content=\"2024-11-28T07:33:01+00:00\" \/>\n<meta property=\"og:image\" content=\"https:\/\/der-schulbedarf.shop\/wp-content\/uploads\/2023\/06\/Die-magische-Welt-von-Leonie-Looping-Main.webp\" \/>\n\t<meta property=\"og:image:width\" content=\"700\" \/>\n\t<meta property=\"og:image:height\" content=\"380\" \/>\n\t<meta property=\"og:image:type\" content=\"image\/webp\" \/>\n<meta name=\"twitter:card\" content=\"summary_large_image\" \/>\n<meta name=\"twitter:label1\" content=\"Gesch\u00e4tzte Lesezeit\" \/>\n\t<meta name=\"twitter:data1\" content=\"2\u00a0Minuten\" \/>\n<script type=\"application\/ld+json\" class=\"yoast-schema-graph\">{\"@context\":\"https:\/\/schema.org\",\"@graph\":[{\"@type\":\"WebPage\",\"@id\":\"https:\/\/der-schulbedarf.shop\/produkt-des-monats\/produkt\/die-magische-welt-von-leonie-looping\/\",\"url\":\"https:\/\/der-schulbedarf.shop\/produkt-des-monats\/produkt\/die-magische-welt-von-leonie-looping\/\",\"name\":\"Die magische Welt von Leonie Looping - der-Schulbedarf.shop\",\"isPartOf\":{\"@id\":\"https:\/\/der-schulbedarf.shop\/produkt-des-monats\/#website\"},\"primaryImageOfPage\":{\"@id\":\"https:\/\/der-schulbedarf.shop\/produkt-des-monats\/produkt\/die-magische-welt-von-leonie-looping\/#primaryimage\"},\"image\":{\"@id\":\"https:\/\/der-schulbedarf.shop\/produkt-des-monats\/produkt\/die-magische-welt-von-leonie-looping\/#primaryimage\"},\"thumbnailUrl\":\"https:\/\/der-schulbedarf.shop\/wp-content\/uploads\/2023\/06\/Die-magische-Welt-von-Leonie-Looping-Main.webp\",\"datePublished\":\"2023-06-09T10:41:49+00:00\",\"dateModified\":\"2024-11-28T07:33:01+00:00\",\"description\":\"Schmetterlingselfen retten die UmweltEines Tages begegnet Leonie den Schmetterlingselfen M\u00fccke und Luna. Die beiden zeigen ihr, wie sie sich mithilfe von Schrumpferbsen selbst in eine Elfe verwandeln kann. Auf der Suche nach dem Schrumpferbsenstrauch stellen die Elfen fest, dass der Waldsee total verm\u00fcllt ist. Mit vereinten Kr\u00e4ften sorgen sie daf\u00fcr, dass der See vom M\u00fcll befreit wird.\",\"breadcrumb\":{\"@id\":\"https:\/\/der-schulbedarf.shop\/produkt-des-monats\/produkt\/die-magische-welt-von-leonie-looping\/#breadcrumb\"},\"inLanguage\":\"de\",\"potentialAction\":[{\"@type\":\"ReadAction\",\"target\":[\"https:\/\/der-schulbedarf.shop\/produkt-des-monats\/produkt\/die-magische-welt-von-leonie-looping\/\"]}]},{\"@type\":\"ImageObject\",\"inLanguage\":\"de\",\"@id\":\"https:\/\/der-schulbedarf.shop\/produkt-des-monats\/produkt\/die-magische-welt-von-leonie-looping\/#primaryimage\",\"url\":\"https:\/\/der-schulbedarf.shop\/wp-content\/uploads\/2023\/06\/Die-magische-Welt-von-Leonie-Looping-Main.webp\",\"contentUrl\":\"https:\/\/der-schulbedarf.shop\/wp-content\/uploads\/2023\/06\/Die-magische-Welt-von-Leonie-Looping-Main.webp\",\"width\":700,\"height\":380,\"caption\":\"die-magische\"},{\"@type\":\"BreadcrumbList\",\"@id\":\"https:\/\/der-schulbedarf.shop\/produkt-des-monats\/produkt\/die-magische-welt-von-leonie-looping\/#breadcrumb\",\"itemListElement\":[{\"@type\":\"ListItem\",\"position\":1,\"name\":\"Shop\",\"item\":\"https:\/\/der-schulbedarf.shop\/produkt-des-monats\/shop\/\"},{\"@type\":\"ListItem\",\"position\":2,\"name\":\"Die magische Welt von Leonie Looping\"}]},{\"@type\":\"WebSite\",\"@id\":\"https:\/\/der-schulbedarf.shop\/produkt-des-monats\/#website\",\"url\":\"https:\/\/der-schulbedarf.shop\/produkt-des-monats\/\",\"name\":\"der-Schulbedarf.shop\",\"description\":\"\",\"publisher\":{\"@id\":\"https:\/\/der-schulbedarf.shop\/produkt-des-monats\/#organization\"},\"potentialAction\":[{\"@type\":\"SearchAction\",\"target\":{\"@type\":\"EntryPoint\",\"urlTemplate\":\"https:\/\/der-schulbedarf.shop\/produkt-des-monats\/?s={search_term_string}\"},\"query-input\":{\"@type\":\"PropertyValueSpecification\",\"valueRequired\":true,\"valueName\":\"search_term_string\"}}],\"inLanguage\":\"de\"},{\"@type\":\"Organization\",\"@id\":\"https:\/\/der-schulbedarf.shop\/produkt-des-monats\/#organization\",\"name\":\"der-Schulbedarf.shop\",\"url\":\"https:\/\/der-schulbedarf.shop\/produkt-des-monats\/\",\"logo\":{\"@type\":\"ImageObject\",\"inLanguage\":\"de\",\"@id\":\"https:\/\/der-schulbedarf.shop\/produkt-des-monats\/#\/schema\/logo\/image\/\",\"url\":\"https:\/\/der-schulbedarf.shop\/wp-content\/uploads\/2024\/02\/grafik-e1709551115899.png\",\"contentUrl\":\"https:\/\/der-schulbedarf.shop\/wp-content\/uploads\/2024\/02\/grafik-e1709551115899.png\",\"width\":80,\"height\":80,\"caption\":\"der-Schulbedarf.shop\"},\"image\":{\"@id\":\"https:\/\/der-schulbedarf.shop\/produkt-des-monats\/#\/schema\/logo\/image\/\"}}]}<\/script>\n<!-- \/ Yoast SEO plugin. -->","yoast_head_json":{"title":"Die magische Welt von Leonie Looping - der-Schulbedarf.shop","description":"Schmetterlingselfen retten die UmweltEines Tages begegnet Leonie den Schmetterlingselfen M\u00fccke und Luna. Die beiden zeigen ihr, wie sie sich mithilfe von Schrumpferbsen selbst in eine Elfe verwandeln kann. Auf der Suche nach dem Schrumpferbsenstrauch stellen die Elfen fest, dass der Waldsee total verm\u00fcllt ist. Mit vereinten Kr\u00e4ften sorgen sie daf\u00fcr, dass der See vom M\u00fcll befreit wird.","robots":{"index":"index","follow":"follow","max-snippet":"max-snippet:-1","max-image-preview":"max-image-preview:large","max-video-preview":"max-video-preview:-1"},"canonical":"https:\/\/der-schulbedarf.shop\/produkt-des-monats\/produkt\/die-magische-welt-von-leonie-looping\/","og_locale":"de_DE","og_type":"article","og_title":"Die magische Welt von Leonie Looping - der-Schulbedarf.shop","og_description":"Schmetterlingselfen retten die UmweltEines Tages begegnet Leonie den Schmetterlingselfen M\u00fccke und Luna. Die beiden zeigen ihr, wie sie sich mithilfe von Schrumpferbsen selbst in eine Elfe verwandeln kann. Auf der Suche nach dem Schrumpferbsenstrauch stellen die Elfen fest, dass der Waldsee total verm\u00fcllt ist. Mit vereinten Kr\u00e4ften sorgen sie daf\u00fcr, dass der See vom M\u00fcll befreit wird.","og_url":"https:\/\/der-schulbedarf.shop\/produkt-des-monats\/produkt\/die-magische-welt-von-leonie-looping\/","og_site_name":"der-Schulbedarf.shop","article_modified_time":"2024-11-28T07:33:01+00:00","og_image":[{"width":700,"height":380,"url":"https:\/\/der-schulbedarf.shop\/wp-content\/uploads\/2023\/06\/Die-magische-Welt-von-Leonie-Looping-Main.webp","type":"image\/webp"}],"twitter_card":"summary_large_image","twitter_misc":{"Gesch\u00e4tzte Lesezeit":"2\u00a0Minuten"},"schema":{"@context":"https:\/\/schema.org","@graph":[{"@type":"WebPage","@id":"https:\/\/der-schulbedarf.shop\/produkt-des-monats\/produkt\/die-magische-welt-von-leonie-looping\/","url":"https:\/\/der-schulbedarf.shop\/produkt-des-monats\/produkt\/die-magische-welt-von-leonie-looping\/","name":"Die magische Welt von Leonie Looping - der-Schulbedarf.shop","isPartOf":{"@id":"https:\/\/der-schulbedarf.shop\/produkt-des-monats\/#website"},"primaryImageOfPage":{"@id":"https:\/\/der-schulbedarf.shop\/produkt-des-monats\/produkt\/die-magische-welt-von-leonie-looping\/#primaryimage"},"image":{"@id":"https:\/\/der-schulbedarf.shop\/produkt-des-monats\/produkt\/die-magische-welt-von-leonie-looping\/#primaryimage"},"thumbnailUrl":"https:\/\/der-schulbedarf.shop\/wp-content\/uploads\/2023\/06\/Die-magische-Welt-von-Leonie-Looping-Main.webp","datePublished":"2023-06-09T10:41:49+00:00","dateModified":"2024-11-28T07:33:01+00:00","description":"Schmetterlingselfen retten die UmweltEines Tages begegnet Leonie den Schmetterlingselfen M\u00fccke und Luna. Die beiden zeigen ihr, wie sie sich mithilfe von Schrumpferbsen selbst in eine Elfe verwandeln kann. Auf der Suche nach dem Schrumpferbsenstrauch stellen die Elfen fest, dass der Waldsee total verm\u00fcllt ist. Mit vereinten Kr\u00e4ften sorgen sie daf\u00fcr, dass der See vom M\u00fcll befreit wird.","breadcrumb":{"@id":"https:\/\/der-schulbedarf.shop\/produkt-des-monats\/produkt\/die-magische-welt-von-leonie-looping\/#breadcrumb"},"inLanguage":"de","potentialAction":[{"@type":"ReadAction","target":["https:\/\/der-schulbedarf.shop\/produkt-des-monats\/produkt\/die-magische-welt-von-leonie-looping\/"]}]},{"@type":"ImageObject","inLanguage":"de","@id":"https:\/\/der-schulbedarf.shop\/produkt-des-monats\/produkt\/die-magische-welt-von-leonie-looping\/#primaryimage","url":"https:\/\/der-schulbedarf.shop\/wp-content\/uploads\/2023\/06\/Die-magische-Welt-von-Leonie-Looping-Main.webp","contentUrl":"https:\/\/der-schulbedarf.shop\/wp-content\/uploads\/2023\/06\/Die-magische-Welt-von-Leonie-Looping-Main.webp","width":700,"height":380,"caption":"die-magische"},{"@type":"BreadcrumbList","@id":"https:\/\/der-schulbedarf.shop\/produkt-des-monats\/produkt\/die-magische-welt-von-leonie-looping\/#breadcrumb","itemListElement":[{"@type":"ListItem","position":1,"name":"Shop","item":"https:\/\/der-schulbedarf.shop\/produkt-des-monats\/shop\/"},{"@type":"ListItem","position":2,"name":"Die magische Welt von Leonie Looping"}]},{"@type":"WebSite","@id":"https:\/\/der-schulbedarf.shop\/produkt-des-monats\/#website","url":"https:\/\/der-schulbedarf.shop\/produkt-des-monats\/","name":"der-Schulbedarf.shop","description":"","publisher":{"@id":"https:\/\/der-schulbedarf.shop\/produkt-des-monats\/#organization"},"potentialAction":[{"@type":"SearchAction","target":{"@type":"EntryPoint","urlTemplate":"https:\/\/der-schulbedarf.shop\/produkt-des-monats\/?s={search_term_string}"},"query-input":{"@type":"PropertyValueSpecification","valueRequired":true,"valueName":"search_term_string"}}],"inLanguage":"de"},{"@type":"Organization","@id":"https:\/\/der-schulbedarf.shop\/produkt-des-monats\/#organization","name":"der-Schulbedarf.shop","url":"https:\/\/der-schulbedarf.shop\/produkt-des-monats\/","logo":{"@type":"ImageObject","inLanguage":"de","@id":"https:\/\/der-schulbedarf.shop\/produkt-des-monats\/#\/schema\/logo\/image\/","url":"https:\/\/der-schulbedarf.shop\/wp-content\/uploads\/2024\/02\/grafik-e1709551115899.png","contentUrl":"https:\/\/der-schulbedarf.shop\/wp-content\/uploads\/2024\/02\/grafik-e1709551115899.png","width":80,"height":80,"caption":"der-Schulbedarf.shop"},"image":{"@id":"https:\/\/der-schulbedarf.shop\/produkt-des-monats\/#\/schema\/logo\/image\/"}}]}},"_links":{"self":[{"href":"https:\/\/der-schulbedarf.shop\/produkt-des-monats\/wp-json\/wp\/v2\/product\/1535","targetHints":{"allow":["GET"]}}],"collection":[{"href":"https:\/\/der-schulbedarf.shop\/produkt-des-monats\/wp-json\/wp\/v2\/product"}],"about":[{"href":"https:\/\/der-schulbedarf.shop\/produkt-des-monats\/wp-json\/wp\/v2\/types\/product"}],"replies":[{"embeddable":true,"href":"https:\/\/der-schulbedarf.shop\/produkt-des-monats\/wp-json\/wp\/v2\/comments?post=1535"}],"wp:featuredmedia":[{"embeddable":true,"href":"https:\/\/der-schulbedarf.shop\/produkt-des-monats\/wp-json\/wp\/v2\/media\/1695"}],"wp:attachment":[{"href":"https:\/\/der-schulbedarf.shop\/produkt-des-monats\/wp-json\/wp\/v2\/media?parent=1535"}],"wp:term":[{"taxonomy":"product_cat","embeddable":true,"href":"https:\/\/der-schulbedarf.shop\/produkt-des-monats\/wp-json\/wp\/v2\/product_cat?post=1535"},{"taxonomy":"product_tag","embeddable":true,"href":"https:\/\/der-schulbedarf.shop\/produkt-des-monats\/wp-json\/wp\/v2\/product_tag?post=1535"}],"curies":[{"name":"wp","href":"https:\/\/api.w.org\/{rel}","templated":true}]}}