{"id":1545,"date":"2023-06-09T10:13:02","date_gmt":"2023-06-09T10:13:02","guid":{"rendered":"https:\/\/der-schulbedarf.Shop\/?post_type=product&#038;p=1545"},"modified":"2024-11-28T07:42:27","modified_gmt":"2024-11-28T07:42:27","slug":"leserabe-vor-lesestufe-feengeschichten","status":"publish","type":"product","link":"https:\/\/der-schulbedarf.shop\/produkt-des-monats\/produkt\/leserabe-vor-lesestufe-feengeschichten\/","title":{"rendered":"Leserabe &#8211; Vor-Lesestufe: Feengeschichten"},"content":{"rendered":"<p>Lesen lernen wie im Flug!<\/p>\n<p>Die kleinen Feen Flora und Isi sind beste Freundinnen und erleben aufregende Abenteuer. Sie befreien einen Kobold, retten einen Schmetterling und landen kopf\u00fcber in einer leckeren Torte. Drei lustige Feengeschichten f\u00fcr erste Leseabenteuer.<\/p>\n<p>Die Kinderb\u00fccher der Reihe Leserabe \u2013 Vor-Lesestufe wurden mit P\u00e4dagogen entwickelt und erm\u00f6glichen Kindern im Vorschulalter und deren Eltern als Leseteam erste gemeinsame Leseerlebnisse. Hauptw\u00f6rter werden durch Bilder ersetzt, sodass M\u00e4dchen und Jungen ab 5 Jahren leicht in den Leseprozess einbezogen werden k\u00f6nnen.<\/p>\n<p>Empfohlen von Stiftung Lesen, gelistet bei Antolin.<\/p>\n<p>&nbsp;<\/p>\n","protected":false},"excerpt":{"rendered":"<p>Lesen lernen wie im Flug!<\/p>\n<p>Die kleinen Feen Flora und Isi sind beste Freundinnen und erleben aufregende Abenteuer: Sie befreien einen Kobold, retten einen Schmetterling und landen kopf\u00fcber in einer leckeren Torte. Drei lustige Feengeschichten f\u00fcr erste Leseabenteuer.<\/p>\n","protected":false},"featured_media":1674,"comment_status":"open","ping_status":"closed","template":"","meta":[],"product_cat":[224,915,944,225,1028],"product_tag":[192,111,200,201,469,467,230,196,197,195,474,183,238,190,115,481,114,113,112,198,181,202,179,475,472,666,188,468],"class_list":{"0":"post-1545","1":"product","2":"type-product","3":"status-publish","4":"has-post-thumbnail","6":"product_cat-kinderbuecher","7":"product_cat-produkt-feeds","8":"product_cat-produktzufuehrung-geizhal","9":"product_cat-ravensburger-kinderbuecher","10":"product_cat-vorschulalter","11":"product_tag-antolin","12":"product_tag-beschaeftigung","13":"product_tag-buch","14":"product_tag-buecher","15":"product_tag-einschulung-geschenk","16":"product_tag-einschulung-maedchen","17":"product_tag-elfen","18":"product_tag-erstlesebuch","19":"product_tag-erstlesebuecher","20":"product_tag-erstleser","21":"product_tag-erstleser-maedchen","22":"product_tag-fantasie","23":"product_tag-feen","24":"product_tag-freundschaft","25":"product_tag-fuer-jungen","26":"product_tag-fuer-kinder-ab-5-jahre","27":"product_tag-fuer-maedchen","28":"product_tag-geschenk","29":"product_tag-geschenkidee","30":"product_tag-kinderbuch","31":"product_tag-kinderbuecher","32":"product_tag-lesen","33":"product_tag-lesen-lernen","34":"product_tag-lesen-lernen-vorschule","35":"product_tag-leserabe-vorschule","36":"product_tag-maedchen-geschenk-5-jahre","37":"product_tag-magie","38":"product_tag-schulanfang-maedchen","39":"post","40":"post-with-thumbnail","41":"post-with-thumbnail-large","43":"first","44":"instock","45":"taxable","46":"shipping-taxable","47":"purchasable","48":"product-type-simple"},"yoast_head":"<!-- This site is optimized with the Yoast SEO plugin v26.6 - https:\/\/yoast.com\/wordpress\/plugins\/seo\/ -->\n<title>Leserabe - Vor-Lesestufe: Feengeschichten<\/title>\n<meta name=\"description\" content=\"Leserabe - Vor-Lesestufe: Feengeschichten. Die Abenteuer der kleinen Fee Flora und ihrer Freundinnen. F\u00fcr Kinder im Vorschulalter. Ab 6 Jahren.\" \/>\n<meta name=\"robots\" content=\"index, follow, max-snippet:-1, max-image-preview:large, max-video-preview:-1\" \/>\n<link rel=\"canonical\" href=\"https:\/\/der-schulbedarf.shop\/produkt-des-monats\/produkt\/leserabe-vor-lesestufe-feengeschichten\/\" \/>\n<meta property=\"og:locale\" content=\"de_DE\" \/>\n<meta property=\"og:type\" content=\"article\" \/>\n<meta property=\"og:title\" content=\"Leserabe - Vor-Lesestufe: Feengeschichten\" \/>\n<meta property=\"og:description\" content=\"Leserabe - Vor-Lesestufe: Feengeschichten. Die Abenteuer der kleinen Fee Flora und ihrer Freundinnen. F\u00fcr Kinder im Vorschulalter. Ab 6 Jahren.\" \/>\n<meta property=\"og:url\" content=\"https:\/\/der-schulbedarf.shop\/produkt-des-monats\/produkt\/leserabe-vor-lesestufe-feengeschichten\/\" \/>\n<meta property=\"og:site_name\" content=\"der-Schulbedarf.shop\" \/>\n<meta property=\"article:modified_time\" content=\"2024-11-28T07:42:27+00:00\" \/>\n<meta property=\"og:image\" content=\"https:\/\/der-schulbedarf.shop\/wp-content\/uploads\/2023\/06\/Feengeschichten-Main.webp\" \/>\n\t<meta property=\"og:image:width\" content=\"720\" \/>\n\t<meta property=\"og:image:height\" content=\"380\" \/>\n\t<meta property=\"og:image:type\" content=\"image\/webp\" \/>\n<meta name=\"twitter:card\" content=\"summary_large_image\" \/>\n<meta name=\"twitter:label1\" content=\"Gesch\u00e4tzte Lesezeit\" \/>\n\t<meta name=\"twitter:data1\" content=\"1\u00a0Minute\" \/>\n<script type=\"application\/ld+json\" class=\"yoast-schema-graph\">{\"@context\":\"https:\/\/schema.org\",\"@graph\":[{\"@type\":\"WebPage\",\"@id\":\"https:\/\/der-schulbedarf.shop\/produkt-des-monats\/produkt\/leserabe-vor-lesestufe-feengeschichten\/\",\"url\":\"https:\/\/der-schulbedarf.shop\/produkt-des-monats\/produkt\/leserabe-vor-lesestufe-feengeschichten\/\",\"name\":\"Leserabe - Vor-Lesestufe: Feengeschichten\",\"isPartOf\":{\"@id\":\"https:\/\/der-schulbedarf.shop\/produkt-des-monats\/#website\"},\"primaryImageOfPage\":{\"@id\":\"https:\/\/der-schulbedarf.shop\/produkt-des-monats\/produkt\/leserabe-vor-lesestufe-feengeschichten\/#primaryimage\"},\"image\":{\"@id\":\"https:\/\/der-schulbedarf.shop\/produkt-des-monats\/produkt\/leserabe-vor-lesestufe-feengeschichten\/#primaryimage\"},\"thumbnailUrl\":\"https:\/\/der-schulbedarf.shop\/wp-content\/uploads\/2023\/06\/Feengeschichten-Main.webp\",\"datePublished\":\"2023-06-09T10:13:02+00:00\",\"dateModified\":\"2024-11-28T07:42:27+00:00\",\"description\":\"Leserabe - Vor-Lesestufe: Feengeschichten. Die Abenteuer der kleinen Fee Flora und ihrer Freundinnen. F\u00fcr Kinder im Vorschulalter. Ab 6 Jahren.\",\"breadcrumb\":{\"@id\":\"https:\/\/der-schulbedarf.shop\/produkt-des-monats\/produkt\/leserabe-vor-lesestufe-feengeschichten\/#breadcrumb\"},\"inLanguage\":\"de\",\"potentialAction\":[{\"@type\":\"ReadAction\",\"target\":[\"https:\/\/der-schulbedarf.shop\/produkt-des-monats\/produkt\/leserabe-vor-lesestufe-feengeschichten\/\"]}]},{\"@type\":\"ImageObject\",\"inLanguage\":\"de\",\"@id\":\"https:\/\/der-schulbedarf.shop\/produkt-des-monats\/produkt\/leserabe-vor-lesestufe-feengeschichten\/#primaryimage\",\"url\":\"https:\/\/der-schulbedarf.shop\/wp-content\/uploads\/2023\/06\/Feengeschichten-Main.webp\",\"contentUrl\":\"https:\/\/der-schulbedarf.shop\/wp-content\/uploads\/2023\/06\/Feengeschichten-Main.webp\",\"width\":720,\"height\":380,\"caption\":\"Feengeschichten\"},{\"@type\":\"BreadcrumbList\",\"@id\":\"https:\/\/der-schulbedarf.shop\/produkt-des-monats\/produkt\/leserabe-vor-lesestufe-feengeschichten\/#breadcrumb\",\"itemListElement\":[{\"@type\":\"ListItem\",\"position\":1,\"name\":\"Shop\",\"item\":\"https:\/\/der-schulbedarf.shop\/produkt-des-monats\/shop\/\"},{\"@type\":\"ListItem\",\"position\":2,\"name\":\"Leserabe &#8211; Vor-Lesestufe: Feengeschichten\"}]},{\"@type\":\"WebSite\",\"@id\":\"https:\/\/der-schulbedarf.shop\/produkt-des-monats\/#website\",\"url\":\"https:\/\/der-schulbedarf.shop\/produkt-des-monats\/\",\"name\":\"der-Schulbedarf.shop\",\"description\":\"\",\"publisher\":{\"@id\":\"https:\/\/der-schulbedarf.shop\/produkt-des-monats\/#organization\"},\"potentialAction\":[{\"@type\":\"SearchAction\",\"target\":{\"@type\":\"EntryPoint\",\"urlTemplate\":\"https:\/\/der-schulbedarf.shop\/produkt-des-monats\/?s={search_term_string}\"},\"query-input\":{\"@type\":\"PropertyValueSpecification\",\"valueRequired\":true,\"valueName\":\"search_term_string\"}}],\"inLanguage\":\"de\"},{\"@type\":\"Organization\",\"@id\":\"https:\/\/der-schulbedarf.shop\/produkt-des-monats\/#organization\",\"name\":\"der-Schulbedarf.shop\",\"url\":\"https:\/\/der-schulbedarf.shop\/produkt-des-monats\/\",\"logo\":{\"@type\":\"ImageObject\",\"inLanguage\":\"de\",\"@id\":\"https:\/\/der-schulbedarf.shop\/produkt-des-monats\/#\/schema\/logo\/image\/\",\"url\":\"https:\/\/der-schulbedarf.shop\/wp-content\/uploads\/2024\/02\/grafik-e1709551115899.png\",\"contentUrl\":\"https:\/\/der-schulbedarf.shop\/wp-content\/uploads\/2024\/02\/grafik-e1709551115899.png\",\"width\":80,\"height\":80,\"caption\":\"der-Schulbedarf.shop\"},\"image\":{\"@id\":\"https:\/\/der-schulbedarf.shop\/produkt-des-monats\/#\/schema\/logo\/image\/\"}}]}<\/script>\n<!-- \/ Yoast SEO plugin. -->","yoast_head_json":{"title":"Leserabe - Vor-Lesestufe: Feengeschichten","description":"Leserabe - Vor-Lesestufe: Feengeschichten. Die Abenteuer der kleinen Fee Flora und ihrer Freundinnen. F\u00fcr Kinder im Vorschulalter. Ab 6 Jahren.","robots":{"index":"index","follow":"follow","max-snippet":"max-snippet:-1","max-image-preview":"max-image-preview:large","max-video-preview":"max-video-preview:-1"},"canonical":"https:\/\/der-schulbedarf.shop\/produkt-des-monats\/produkt\/leserabe-vor-lesestufe-feengeschichten\/","og_locale":"de_DE","og_type":"article","og_title":"Leserabe - Vor-Lesestufe: Feengeschichten","og_description":"Leserabe - Vor-Lesestufe: Feengeschichten. Die Abenteuer der kleinen Fee Flora und ihrer Freundinnen. F\u00fcr Kinder im Vorschulalter. Ab 6 Jahren.","og_url":"https:\/\/der-schulbedarf.shop\/produkt-des-monats\/produkt\/leserabe-vor-lesestufe-feengeschichten\/","og_site_name":"der-Schulbedarf.shop","article_modified_time":"2024-11-28T07:42:27+00:00","og_image":[{"width":720,"height":380,"url":"https:\/\/der-schulbedarf.shop\/wp-content\/uploads\/2023\/06\/Feengeschichten-Main.webp","type":"image\/webp"}],"twitter_card":"summary_large_image","twitter_misc":{"Gesch\u00e4tzte Lesezeit":"1\u00a0Minute"},"schema":{"@context":"https:\/\/schema.org","@graph":[{"@type":"WebPage","@id":"https:\/\/der-schulbedarf.shop\/produkt-des-monats\/produkt\/leserabe-vor-lesestufe-feengeschichten\/","url":"https:\/\/der-schulbedarf.shop\/produkt-des-monats\/produkt\/leserabe-vor-lesestufe-feengeschichten\/","name":"Leserabe - Vor-Lesestufe: Feengeschichten","isPartOf":{"@id":"https:\/\/der-schulbedarf.shop\/produkt-des-monats\/#website"},"primaryImageOfPage":{"@id":"https:\/\/der-schulbedarf.shop\/produkt-des-monats\/produkt\/leserabe-vor-lesestufe-feengeschichten\/#primaryimage"},"image":{"@id":"https:\/\/der-schulbedarf.shop\/produkt-des-monats\/produkt\/leserabe-vor-lesestufe-feengeschichten\/#primaryimage"},"thumbnailUrl":"https:\/\/der-schulbedarf.shop\/wp-content\/uploads\/2023\/06\/Feengeschichten-Main.webp","datePublished":"2023-06-09T10:13:02+00:00","dateModified":"2024-11-28T07:42:27+00:00","description":"Leserabe - Vor-Lesestufe: Feengeschichten. Die Abenteuer der kleinen Fee Flora und ihrer Freundinnen. F\u00fcr Kinder im Vorschulalter. Ab 6 Jahren.","breadcrumb":{"@id":"https:\/\/der-schulbedarf.shop\/produkt-des-monats\/produkt\/leserabe-vor-lesestufe-feengeschichten\/#breadcrumb"},"inLanguage":"de","potentialAction":[{"@type":"ReadAction","target":["https:\/\/der-schulbedarf.shop\/produkt-des-monats\/produkt\/leserabe-vor-lesestufe-feengeschichten\/"]}]},{"@type":"ImageObject","inLanguage":"de","@id":"https:\/\/der-schulbedarf.shop\/produkt-des-monats\/produkt\/leserabe-vor-lesestufe-feengeschichten\/#primaryimage","url":"https:\/\/der-schulbedarf.shop\/wp-content\/uploads\/2023\/06\/Feengeschichten-Main.webp","contentUrl":"https:\/\/der-schulbedarf.shop\/wp-content\/uploads\/2023\/06\/Feengeschichten-Main.webp","width":720,"height":380,"caption":"Feengeschichten"},{"@type":"BreadcrumbList","@id":"https:\/\/der-schulbedarf.shop\/produkt-des-monats\/produkt\/leserabe-vor-lesestufe-feengeschichten\/#breadcrumb","itemListElement":[{"@type":"ListItem","position":1,"name":"Shop","item":"https:\/\/der-schulbedarf.shop\/produkt-des-monats\/shop\/"},{"@type":"ListItem","position":2,"name":"Leserabe &#8211; Vor-Lesestufe: Feengeschichten"}]},{"@type":"WebSite","@id":"https:\/\/der-schulbedarf.shop\/produkt-des-monats\/#website","url":"https:\/\/der-schulbedarf.shop\/produkt-des-monats\/","name":"der-Schulbedarf.shop","description":"","publisher":{"@id":"https:\/\/der-schulbedarf.shop\/produkt-des-monats\/#organization"},"potentialAction":[{"@type":"SearchAction","target":{"@type":"EntryPoint","urlTemplate":"https:\/\/der-schulbedarf.shop\/produkt-des-monats\/?s={search_term_string}"},"query-input":{"@type":"PropertyValueSpecification","valueRequired":true,"valueName":"search_term_string"}}],"inLanguage":"de"},{"@type":"Organization","@id":"https:\/\/der-schulbedarf.shop\/produkt-des-monats\/#organization","name":"der-Schulbedarf.shop","url":"https:\/\/der-schulbedarf.shop\/produkt-des-monats\/","logo":{"@type":"ImageObject","inLanguage":"de","@id":"https:\/\/der-schulbedarf.shop\/produkt-des-monats\/#\/schema\/logo\/image\/","url":"https:\/\/der-schulbedarf.shop\/wp-content\/uploads\/2024\/02\/grafik-e1709551115899.png","contentUrl":"https:\/\/der-schulbedarf.shop\/wp-content\/uploads\/2024\/02\/grafik-e1709551115899.png","width":80,"height":80,"caption":"der-Schulbedarf.shop"},"image":{"@id":"https:\/\/der-schulbedarf.shop\/produkt-des-monats\/#\/schema\/logo\/image\/"}}]}},"_links":{"self":[{"href":"https:\/\/der-schulbedarf.shop\/produkt-des-monats\/wp-json\/wp\/v2\/product\/1545","targetHints":{"allow":["GET"]}}],"collection":[{"href":"https:\/\/der-schulbedarf.shop\/produkt-des-monats\/wp-json\/wp\/v2\/product"}],"about":[{"href":"https:\/\/der-schulbedarf.shop\/produkt-des-monats\/wp-json\/wp\/v2\/types\/product"}],"replies":[{"embeddable":true,"href":"https:\/\/der-schulbedarf.shop\/produkt-des-monats\/wp-json\/wp\/v2\/comments?post=1545"}],"wp:featuredmedia":[{"embeddable":true,"href":"https:\/\/der-schulbedarf.shop\/produkt-des-monats\/wp-json\/wp\/v2\/media\/1674"}],"wp:attachment":[{"href":"https:\/\/der-schulbedarf.shop\/produkt-des-monats\/wp-json\/wp\/v2\/media?parent=1545"}],"wp:term":[{"taxonomy":"product_cat","embeddable":true,"href":"https:\/\/der-schulbedarf.shop\/produkt-des-monats\/wp-json\/wp\/v2\/product_cat?post=1545"},{"taxonomy":"product_tag","embeddable":true,"href":"https:\/\/der-schulbedarf.shop\/produkt-des-monats\/wp-json\/wp\/v2\/product_tag?post=1545"}],"curies":[{"name":"wp","href":"https:\/\/api.w.org\/{rel}","templated":true}]}}