{"id":1560,"date":"2023-06-09T09:35:46","date_gmt":"2023-06-09T09:35:46","guid":{"rendered":"https:\/\/der-schulbedarf.Shop\/?post_type=product&#038;p=1560"},"modified":"2024-11-28T07:55:12","modified_gmt":"2024-11-28T07:55:12","slug":"leserabe-2-lesestufe-ballettgeschichten","status":"publish","type":"product","link":"https:\/\/der-schulbedarf.shop\/produkt-des-monats\/produkt\/leserabe-2-lesestufe-ballettgeschichten\/","title":{"rendered":"Leserabe &#8211; 2. Lesestufe: Ballettgeschichten"},"content":{"rendered":"<p>Luisas H\u00fcndin Bella tanzt im Tutu, Sofie will nicht bei der Auff\u00fchrung mitmachen, und Fu\u00dfballer Eric muss mit zu Lunas Ballettstunde, weil er eine Wette gegen sie verloren hat.<\/p>\n<p>Luna hat gegen Eric eine Wette gewonnen. Nun muss er mit ihr zum Ballettunterricht. Eric ist Fu\u00dfballer, Ballett findet er total uncool. Das durchschaut die Ballettlehrerin sofort und \u00fcbt mit den Kindern in der Stunde einen Hip-Hop-Tanz \u2013 das geht auch mit Fu\u00dfball-Trikot und Turnschuhen. Luisa nimmt ihre H\u00fcndin Bella mit zum Ballettunterricht \u2013 Bella kann n\u00e4mlich auf den Hinterbeinen tanzen. Ihre Lehrerin Frau Muck findet das gar nicht witzig, Luisa muss Bella an der Ballettstange anbinden. Aber Bella macht sich nichts draus und macht die M\u00e4dchen beim \u00dcben nach, indem sie ihre Pfote elegant auf die Ballettstange legt. Sofie ist sauer. Sie muss bei der Auff\u00fchrung in der Ballettschule mit den kleinen M\u00e4dchen tanzen, die noch gar nichts k\u00f6nnen. Sie haben flauschige Entenkost\u00fcme an und sehen sehr niedlich aus \u2013 nur Sofie nicht, weil sie eigentlich schon zu gro\u00df ist, um ein s\u00fc\u00dfes Entenk\u00fcken zu sein. Deshalb macht Sofie bei dem Rumgehopse einfach nicht mit, sondern tanzt stattdessen richtige Drehungen und Spr\u00fcnge. Das Publikum klatscht begeistert, bis eine von den Kleinen Sofie deshalb mitten auf der B\u00fchne schubst. Sofie weint \u2013 und das Publikum klatscht wieder: Alle glauben, das Ganze ist inszeniert. Am Ende gibt es f\u00fcr die ganze Gruppe gro\u00dfen Applaus und alle vertragen sich wieder.<\/p>\n","protected":false},"excerpt":{"rendered":"<p>Luisas H\u00fcndin Bella tanzt im Tutu, Sofie will nicht bei der Auff\u00fchrung mitmachen, und Fu\u00dfballer Eric muss mit zu Lunas Ballettstunde, weil er eine Wette gegen sie verloren hat.<\/p>\n","protected":false},"featured_media":1616,"comment_status":"open","ping_status":"closed","template":"","meta":[],"product_cat":[224,915,944,225],"product_tag":[164,192,700,559,703,702,701,699,111,200,201,459,705,196,197,195,115,223,114,113,210,112,198,181,202,179,194,189,193,340,704,480],"class_list":{"0":"post-1560","1":"product","2":"type-product","3":"status-publish","4":"has-post-thumbnail","6":"product_cat-kinderbuecher","7":"product_cat-produkt-feeds","8":"product_cat-produktzufuehrung-geizhal","9":"product_cat-ravensburger-kinderbuecher","10":"product_tag-ab-5-jahren","11":"product_tag-antolin","12":"product_tag-ballerina","13":"product_tag-ballett","14":"product_tag-ballettauffuehrung","15":"product_tag-ballettgeschichten","16":"product_tag-ballettschule","17":"product_tag-ballettunterricht","18":"product_tag-beschaeftigung","19":"product_tag-buch","20":"product_tag-buecher","21":"product_tag-buecher-fuer-leseanfaenger","22":"product_tag-buehne","23":"product_tag-erstlesebuch","24":"product_tag-erstlesebuecher","25":"product_tag-erstleser","26":"product_tag-fuer-jungen","27":"product_tag-fuer-kinder-ab-7-jahre","28":"product_tag-fuer-maedchen","29":"product_tag-geschenk","30":"product_tag-geschenk-kinder","31":"product_tag-geschenkidee","32":"product_tag-kinderbuch","33":"product_tag-kinderbuecher","34":"product_tag-lesen","35":"product_tag-lesen-lernen","36":"product_tag-leserabe","37":"product_tag-maedchen","38":"product_tag-ravensburger","39":"product_tag-tanzen","40":"product_tag-tanzunterricht","41":"product_tag-vorschule","42":"post","43":"post-with-thumbnail","44":"post-with-thumbnail-large","46":"first","47":"instock","48":"taxable","49":"shipping-taxable","50":"purchasable","51":"product-type-simple"},"yoast_head":"<!-- This site is optimized with the Yoast SEO plugin v26.6 - https:\/\/yoast.com\/wordpress\/plugins\/seo\/ -->\n<title>Leserabe - 2. Lesestufe: Ballettgeschichten - der-Schulbedarf.shop<\/title>\n<meta name=\"description\" content=\"Luisas H\u00fcndin Bella tanzt im Tutu, Sofie will nicht bei der Auff\u00fchrung mitmachen, und Fu\u00dfballer Eric muss mit zu Lunas Ballettstunde, weil er eine Wette gegen sie verloren hat.\" \/>\n<meta name=\"robots\" content=\"index, follow, max-snippet:-1, max-image-preview:large, max-video-preview:-1\" \/>\n<link rel=\"canonical\" href=\"https:\/\/der-schulbedarf.shop\/produkt-des-monats\/produkt\/leserabe-2-lesestufe-ballettgeschichten\/\" \/>\n<meta property=\"og:locale\" content=\"de_DE\" \/>\n<meta property=\"og:type\" content=\"article\" \/>\n<meta property=\"og:title\" content=\"Leserabe - 2. Lesestufe: Ballettgeschichten - der-Schulbedarf.shop\" \/>\n<meta property=\"og:description\" content=\"Luisas H\u00fcndin Bella tanzt im Tutu, Sofie will nicht bei der Auff\u00fchrung mitmachen, und Fu\u00dfballer Eric muss mit zu Lunas Ballettstunde, weil er eine Wette gegen sie verloren hat.\" \/>\n<meta property=\"og:url\" content=\"https:\/\/der-schulbedarf.shop\/produkt-des-monats\/produkt\/leserabe-2-lesestufe-ballettgeschichten\/\" \/>\n<meta property=\"og:site_name\" content=\"der-Schulbedarf.shop\" \/>\n<meta property=\"article:modified_time\" content=\"2024-11-28T07:55:12+00:00\" \/>\n<meta property=\"og:image\" content=\"https:\/\/der-schulbedarf.shop\/wp-content\/uploads\/2023\/06\/Ballettgeschichten-Main.webp\" \/>\n\t<meta property=\"og:image:width\" content=\"720\" \/>\n\t<meta property=\"og:image:height\" content=\"380\" \/>\n\t<meta property=\"og:image:type\" content=\"image\/webp\" \/>\n<meta name=\"twitter:card\" content=\"summary_large_image\" \/>\n<meta name=\"twitter:label1\" content=\"Gesch\u00e4tzte Lesezeit\" \/>\n\t<meta name=\"twitter:data1\" content=\"2\u00a0Minuten\" \/>\n<script type=\"application\/ld+json\" class=\"yoast-schema-graph\">{\"@context\":\"https:\/\/schema.org\",\"@graph\":[{\"@type\":\"WebPage\",\"@id\":\"https:\/\/der-schulbedarf.shop\/produkt-des-monats\/produkt\/leserabe-2-lesestufe-ballettgeschichten\/\",\"url\":\"https:\/\/der-schulbedarf.shop\/produkt-des-monats\/produkt\/leserabe-2-lesestufe-ballettgeschichten\/\",\"name\":\"Leserabe - 2. Lesestufe: Ballettgeschichten - der-Schulbedarf.shop\",\"isPartOf\":{\"@id\":\"https:\/\/der-schulbedarf.shop\/produkt-des-monats\/#website\"},\"primaryImageOfPage\":{\"@id\":\"https:\/\/der-schulbedarf.shop\/produkt-des-monats\/produkt\/leserabe-2-lesestufe-ballettgeschichten\/#primaryimage\"},\"image\":{\"@id\":\"https:\/\/der-schulbedarf.shop\/produkt-des-monats\/produkt\/leserabe-2-lesestufe-ballettgeschichten\/#primaryimage\"},\"thumbnailUrl\":\"https:\/\/der-schulbedarf.shop\/wp-content\/uploads\/2023\/06\/Ballettgeschichten-Main.webp\",\"datePublished\":\"2023-06-09T09:35:46+00:00\",\"dateModified\":\"2024-11-28T07:55:12+00:00\",\"description\":\"Luisas H\u00fcndin Bella tanzt im Tutu, Sofie will nicht bei der Auff\u00fchrung mitmachen, und Fu\u00dfballer Eric muss mit zu Lunas Ballettstunde, weil er eine Wette gegen sie verloren hat.\",\"breadcrumb\":{\"@id\":\"https:\/\/der-schulbedarf.shop\/produkt-des-monats\/produkt\/leserabe-2-lesestufe-ballettgeschichten\/#breadcrumb\"},\"inLanguage\":\"de\",\"potentialAction\":[{\"@type\":\"ReadAction\",\"target\":[\"https:\/\/der-schulbedarf.shop\/produkt-des-monats\/produkt\/leserabe-2-lesestufe-ballettgeschichten\/\"]}]},{\"@type\":\"ImageObject\",\"inLanguage\":\"de\",\"@id\":\"https:\/\/der-schulbedarf.shop\/produkt-des-monats\/produkt\/leserabe-2-lesestufe-ballettgeschichten\/#primaryimage\",\"url\":\"https:\/\/der-schulbedarf.shop\/wp-content\/uploads\/2023\/06\/Ballettgeschichten-Main.webp\",\"contentUrl\":\"https:\/\/der-schulbedarf.shop\/wp-content\/uploads\/2023\/06\/Ballettgeschichten-Main.webp\",\"width\":720,\"height\":380,\"caption\":\"Ballettgeschichten\"},{\"@type\":\"BreadcrumbList\",\"@id\":\"https:\/\/der-schulbedarf.shop\/produkt-des-monats\/produkt\/leserabe-2-lesestufe-ballettgeschichten\/#breadcrumb\",\"itemListElement\":[{\"@type\":\"ListItem\",\"position\":1,\"name\":\"Shop\",\"item\":\"https:\/\/der-schulbedarf.shop\/produkt-des-monats\/shop\/\"},{\"@type\":\"ListItem\",\"position\":2,\"name\":\"Leserabe &#8211; 2. Lesestufe: Ballettgeschichten\"}]},{\"@type\":\"WebSite\",\"@id\":\"https:\/\/der-schulbedarf.shop\/produkt-des-monats\/#website\",\"url\":\"https:\/\/der-schulbedarf.shop\/produkt-des-monats\/\",\"name\":\"der-Schulbedarf.shop\",\"description\":\"\",\"publisher\":{\"@id\":\"https:\/\/der-schulbedarf.shop\/produkt-des-monats\/#organization\"},\"potentialAction\":[{\"@type\":\"SearchAction\",\"target\":{\"@type\":\"EntryPoint\",\"urlTemplate\":\"https:\/\/der-schulbedarf.shop\/produkt-des-monats\/?s={search_term_string}\"},\"query-input\":{\"@type\":\"PropertyValueSpecification\",\"valueRequired\":true,\"valueName\":\"search_term_string\"}}],\"inLanguage\":\"de\"},{\"@type\":\"Organization\",\"@id\":\"https:\/\/der-schulbedarf.shop\/produkt-des-monats\/#organization\",\"name\":\"der-Schulbedarf.shop\",\"url\":\"https:\/\/der-schulbedarf.shop\/produkt-des-monats\/\",\"logo\":{\"@type\":\"ImageObject\",\"inLanguage\":\"de\",\"@id\":\"https:\/\/der-schulbedarf.shop\/produkt-des-monats\/#\/schema\/logo\/image\/\",\"url\":\"https:\/\/der-schulbedarf.shop\/wp-content\/uploads\/2024\/02\/grafik-e1709551115899.png\",\"contentUrl\":\"https:\/\/der-schulbedarf.shop\/wp-content\/uploads\/2024\/02\/grafik-e1709551115899.png\",\"width\":80,\"height\":80,\"caption\":\"der-Schulbedarf.shop\"},\"image\":{\"@id\":\"https:\/\/der-schulbedarf.shop\/produkt-des-monats\/#\/schema\/logo\/image\/\"}}]}<\/script>\n<!-- \/ Yoast SEO plugin. -->","yoast_head_json":{"title":"Leserabe - 2. Lesestufe: Ballettgeschichten - der-Schulbedarf.shop","description":"Luisas H\u00fcndin Bella tanzt im Tutu, Sofie will nicht bei der Auff\u00fchrung mitmachen, und Fu\u00dfballer Eric muss mit zu Lunas Ballettstunde, weil er eine Wette gegen sie verloren hat.","robots":{"index":"index","follow":"follow","max-snippet":"max-snippet:-1","max-image-preview":"max-image-preview:large","max-video-preview":"max-video-preview:-1"},"canonical":"https:\/\/der-schulbedarf.shop\/produkt-des-monats\/produkt\/leserabe-2-lesestufe-ballettgeschichten\/","og_locale":"de_DE","og_type":"article","og_title":"Leserabe - 2. Lesestufe: Ballettgeschichten - der-Schulbedarf.shop","og_description":"Luisas H\u00fcndin Bella tanzt im Tutu, Sofie will nicht bei der Auff\u00fchrung mitmachen, und Fu\u00dfballer Eric muss mit zu Lunas Ballettstunde, weil er eine Wette gegen sie verloren hat.","og_url":"https:\/\/der-schulbedarf.shop\/produkt-des-monats\/produkt\/leserabe-2-lesestufe-ballettgeschichten\/","og_site_name":"der-Schulbedarf.shop","article_modified_time":"2024-11-28T07:55:12+00:00","og_image":[{"width":720,"height":380,"url":"https:\/\/der-schulbedarf.shop\/wp-content\/uploads\/2023\/06\/Ballettgeschichten-Main.webp","type":"image\/webp"}],"twitter_card":"summary_large_image","twitter_misc":{"Gesch\u00e4tzte Lesezeit":"2\u00a0Minuten"},"schema":{"@context":"https:\/\/schema.org","@graph":[{"@type":"WebPage","@id":"https:\/\/der-schulbedarf.shop\/produkt-des-monats\/produkt\/leserabe-2-lesestufe-ballettgeschichten\/","url":"https:\/\/der-schulbedarf.shop\/produkt-des-monats\/produkt\/leserabe-2-lesestufe-ballettgeschichten\/","name":"Leserabe - 2. Lesestufe: Ballettgeschichten - der-Schulbedarf.shop","isPartOf":{"@id":"https:\/\/der-schulbedarf.shop\/produkt-des-monats\/#website"},"primaryImageOfPage":{"@id":"https:\/\/der-schulbedarf.shop\/produkt-des-monats\/produkt\/leserabe-2-lesestufe-ballettgeschichten\/#primaryimage"},"image":{"@id":"https:\/\/der-schulbedarf.shop\/produkt-des-monats\/produkt\/leserabe-2-lesestufe-ballettgeschichten\/#primaryimage"},"thumbnailUrl":"https:\/\/der-schulbedarf.shop\/wp-content\/uploads\/2023\/06\/Ballettgeschichten-Main.webp","datePublished":"2023-06-09T09:35:46+00:00","dateModified":"2024-11-28T07:55:12+00:00","description":"Luisas H\u00fcndin Bella tanzt im Tutu, Sofie will nicht bei der Auff\u00fchrung mitmachen, und Fu\u00dfballer Eric muss mit zu Lunas Ballettstunde, weil er eine Wette gegen sie verloren hat.","breadcrumb":{"@id":"https:\/\/der-schulbedarf.shop\/produkt-des-monats\/produkt\/leserabe-2-lesestufe-ballettgeschichten\/#breadcrumb"},"inLanguage":"de","potentialAction":[{"@type":"ReadAction","target":["https:\/\/der-schulbedarf.shop\/produkt-des-monats\/produkt\/leserabe-2-lesestufe-ballettgeschichten\/"]}]},{"@type":"ImageObject","inLanguage":"de","@id":"https:\/\/der-schulbedarf.shop\/produkt-des-monats\/produkt\/leserabe-2-lesestufe-ballettgeschichten\/#primaryimage","url":"https:\/\/der-schulbedarf.shop\/wp-content\/uploads\/2023\/06\/Ballettgeschichten-Main.webp","contentUrl":"https:\/\/der-schulbedarf.shop\/wp-content\/uploads\/2023\/06\/Ballettgeschichten-Main.webp","width":720,"height":380,"caption":"Ballettgeschichten"},{"@type":"BreadcrumbList","@id":"https:\/\/der-schulbedarf.shop\/produkt-des-monats\/produkt\/leserabe-2-lesestufe-ballettgeschichten\/#breadcrumb","itemListElement":[{"@type":"ListItem","position":1,"name":"Shop","item":"https:\/\/der-schulbedarf.shop\/produkt-des-monats\/shop\/"},{"@type":"ListItem","position":2,"name":"Leserabe &#8211; 2. Lesestufe: Ballettgeschichten"}]},{"@type":"WebSite","@id":"https:\/\/der-schulbedarf.shop\/produkt-des-monats\/#website","url":"https:\/\/der-schulbedarf.shop\/produkt-des-monats\/","name":"der-Schulbedarf.shop","description":"","publisher":{"@id":"https:\/\/der-schulbedarf.shop\/produkt-des-monats\/#organization"},"potentialAction":[{"@type":"SearchAction","target":{"@type":"EntryPoint","urlTemplate":"https:\/\/der-schulbedarf.shop\/produkt-des-monats\/?s={search_term_string}"},"query-input":{"@type":"PropertyValueSpecification","valueRequired":true,"valueName":"search_term_string"}}],"inLanguage":"de"},{"@type":"Organization","@id":"https:\/\/der-schulbedarf.shop\/produkt-des-monats\/#organization","name":"der-Schulbedarf.shop","url":"https:\/\/der-schulbedarf.shop\/produkt-des-monats\/","logo":{"@type":"ImageObject","inLanguage":"de","@id":"https:\/\/der-schulbedarf.shop\/produkt-des-monats\/#\/schema\/logo\/image\/","url":"https:\/\/der-schulbedarf.shop\/wp-content\/uploads\/2024\/02\/grafik-e1709551115899.png","contentUrl":"https:\/\/der-schulbedarf.shop\/wp-content\/uploads\/2024\/02\/grafik-e1709551115899.png","width":80,"height":80,"caption":"der-Schulbedarf.shop"},"image":{"@id":"https:\/\/der-schulbedarf.shop\/produkt-des-monats\/#\/schema\/logo\/image\/"}}]}},"_links":{"self":[{"href":"https:\/\/der-schulbedarf.shop\/produkt-des-monats\/wp-json\/wp\/v2\/product\/1560","targetHints":{"allow":["GET"]}}],"collection":[{"href":"https:\/\/der-schulbedarf.shop\/produkt-des-monats\/wp-json\/wp\/v2\/product"}],"about":[{"href":"https:\/\/der-schulbedarf.shop\/produkt-des-monats\/wp-json\/wp\/v2\/types\/product"}],"replies":[{"embeddable":true,"href":"https:\/\/der-schulbedarf.shop\/produkt-des-monats\/wp-json\/wp\/v2\/comments?post=1560"}],"wp:featuredmedia":[{"embeddable":true,"href":"https:\/\/der-schulbedarf.shop\/produkt-des-monats\/wp-json\/wp\/v2\/media\/1616"}],"wp:attachment":[{"href":"https:\/\/der-schulbedarf.shop\/produkt-des-monats\/wp-json\/wp\/v2\/media?parent=1560"}],"wp:term":[{"taxonomy":"product_cat","embeddable":true,"href":"https:\/\/der-schulbedarf.shop\/produkt-des-monats\/wp-json\/wp\/v2\/product_cat?post=1560"},{"taxonomy":"product_tag","embeddable":true,"href":"https:\/\/der-schulbedarf.shop\/produkt-des-monats\/wp-json\/wp\/v2\/product_tag?post=1560"}],"curies":[{"name":"wp","href":"https:\/\/api.w.org\/{rel}","templated":true}]}}