{"id":1572,"date":"2023-06-09T09:00:37","date_gmt":"2023-06-09T09:00:37","guid":{"rendered":"https:\/\/der-schulbedarf.Shop\/?post_type=product&#038;p=1572"},"modified":"2024-11-28T08:16:39","modified_gmt":"2024-11-28T08:16:39","slug":"leserabe-2-lesestufe-spannende-detektivgeschichten-zum-mitraten","status":"publish","type":"product","link":"https:\/\/der-schulbedarf.shop\/produkt-des-monats\/produkt\/leserabe-2-lesestufe-spannende-detektivgeschichten-zum-mitraten\/","title":{"rendered":"Leserabe &#8211; 2. Lesestufe: Spannende Detektivgeschichten zum Mitraten"},"content":{"rendered":"<p>Lesen lernen wie im Flug!<\/p>\n<p>Drei knifflige F\u00e4lle zum Mitraten f\u00fcr echte Detektive: Die Katze von Emmas Nachbarn wurde entf\u00fchrt. In der Klasse 3a verschwinden alle Leseb\u00fccher. Elena und Matteo beobachten einen Ladendieb. Durch genaues Lesen k\u00f6nnen die F\u00e4lle gel\u00f6st und die T\u00e4ter \u00fcberf\u00fchrt werden.<\/p>\n<p>Die Kinderb\u00fccher der Reihe Leserabe \u2013 2. Lesestufe wurden mit P\u00e4dagogen entwickelt und richten sich an fortgeschrittene Erstleser ab der 2. Klasse. Spannende Geschichten in Fibelschrift wecken die Lesemotivation von M\u00e4dchen und Jungen ab 7 Jahren. Durch Verst\u00e4ndnis fragen zum Text wird das Gelesene spielerisch \u00fcberpr\u00fcft.<\/p>\n<p>Empfohlen von Stiftung Lesen, gelistet bei Antolin.<\/p>\n","protected":false},"excerpt":{"rendered":"<p>Lesen lernen wie im Flug!Drei knifflige F\u00e4lle zum Mitraten f\u00fcr echte Detektive: Die Katze von Emmas Nachbarn wurde entf\u00fchrt. In der Klasse 3a verschwinden alle Leseb\u00fccher. Elena und Matteo beobachten einen Ladendieb. Durch genaues Lesen k\u00f6nnen die F\u00e4lle gel\u00f6st und die T\u00e4ter \u00fcberf\u00fchrt werden.<\/p>\n","protected":false},"featured_media":1593,"comment_status":"open","ping_status":"closed","template":"","meta":[],"product_brand":[],"product_cat":[900,224,915,944,225],"product_tag":[192,111,200,201,196,197,195,115,223,114,113,548,586,112,198,181,460,394,202,179,711,458],"class_list":{"0":"post-1572","1":"product","2":"type-product","3":"status-publish","4":"has-post-thumbnail","6":"product_cat-2-klasse","7":"product_cat-kinderbuecher","8":"product_cat-produkt-feeds","9":"product_cat-produktzufuehrung-geizhal","10":"product_cat-ravensburger-kinderbuecher","11":"product_tag-antolin","12":"product_tag-beschaeftigung","13":"product_tag-buch","14":"product_tag-buecher","15":"product_tag-erstlesebuch","16":"product_tag-erstlesebuecher","17":"product_tag-erstleser","18":"product_tag-fuer-jungen","19":"product_tag-fuer-kinder-ab-7-jahre","20":"product_tag-fuer-maedchen","21":"product_tag-geschenk","22":"product_tag-geschenk-jungen-7-jahre","23":"product_tag-geschenk-maedchen-7-jahre","24":"product_tag-geschenkidee","25":"product_tag-kinderbuch","26":"product_tag-kinderbuecher","27":"product_tag-kinderkrimi","28":"product_tag-krimi","29":"product_tag-lesen","30":"product_tag-lesen-lernen","31":"product_tag-ratekrimi","32":"product_tag-raetselkrimi","33":"post","34":"post-with-thumbnail","35":"post-with-thumbnail-large","37":"first","38":"instock","39":"taxable","40":"shipping-taxable","41":"purchasable","42":"product-type-simple"},"yoast_head":"<!-- This site is optimized with the Yoast SEO plugin v27.4 - https:\/\/yoast.com\/product\/yoast-seo-wordpress\/ -->\n<title>Leserabe -Spannende Detektivgeschichten zum Mitraten.<\/title>\n<meta name=\"description\" content=\"Leserabe -Spannende Detektivgeschichten zum Mitraten. Drei knifflige F\u00e4lle zum Mitraten f\u00fcr echte Detektive. F\u00fcr Kinder ab 7 Jahren. In Fibelschrift !!!\" \/>\n<meta name=\"robots\" content=\"index, follow, max-snippet:-1, max-image-preview:large, max-video-preview:-1\" \/>\n<link rel=\"canonical\" href=\"https:\/\/der-schulbedarf.shop\/produkt-des-monats\/produkt\/leserabe-2-lesestufe-spannende-detektivgeschichten-zum-mitraten\/\" \/>\n<meta property=\"og:locale\" content=\"de_DE\" \/>\n<meta property=\"og:type\" content=\"article\" \/>\n<meta property=\"og:title\" content=\"Leserabe -Spannende Detektivgeschichten zum Mitraten.\" \/>\n<meta property=\"og:description\" content=\"Leserabe -Spannende Detektivgeschichten zum Mitraten. Drei knifflige F\u00e4lle zum Mitraten f\u00fcr echte Detektive. F\u00fcr Kinder ab 7 Jahren. In Fibelschrift !!!\" \/>\n<meta property=\"og:url\" content=\"https:\/\/der-schulbedarf.shop\/produkt-des-monats\/produkt\/leserabe-2-lesestufe-spannende-detektivgeschichten-zum-mitraten\/\" \/>\n<meta property=\"og:site_name\" content=\"der-Schulbedarf.shop\" \/>\n<meta property=\"article:modified_time\" content=\"2024-11-28T08:16:39+00:00\" \/>\n<meta property=\"og:image\" content=\"https:\/\/der-schulbedarf.shop\/wp-content\/uploads\/2023\/06\/Spannende-Detektivgeschichten-zum-Mitraten-Main.webp\" \/>\n\t<meta property=\"og:image:width\" content=\"720\" \/>\n\t<meta property=\"og:image:height\" content=\"380\" \/>\n\t<meta property=\"og:image:type\" content=\"image\/webp\" \/>\n<meta name=\"twitter:card\" content=\"summary_large_image\" \/>\n<meta name=\"twitter:label1\" content=\"Gesch\u00e4tzte Lesezeit\" \/>\n\t<meta name=\"twitter:data1\" content=\"1\u00a0Minute\" \/>\n<script type=\"application\/ld+json\" class=\"yoast-schema-graph\">{\"@context\":\"https:\\\/\\\/schema.org\",\"@graph\":[{\"@type\":\"WebPage\",\"@id\":\"https:\\\/\\\/der-schulbedarf.shop\\\/produkt-des-monats\\\/produkt\\\/leserabe-2-lesestufe-spannende-detektivgeschichten-zum-mitraten\\\/\",\"url\":\"https:\\\/\\\/der-schulbedarf.shop\\\/produkt-des-monats\\\/produkt\\\/leserabe-2-lesestufe-spannende-detektivgeschichten-zum-mitraten\\\/\",\"name\":\"Leserabe -Spannende Detektivgeschichten zum Mitraten.\",\"isPartOf\":{\"@id\":\"https:\\\/\\\/der-schulbedarf.shop\\\/produkt-des-monats\\\/#website\"},\"primaryImageOfPage\":{\"@id\":\"https:\\\/\\\/der-schulbedarf.shop\\\/produkt-des-monats\\\/produkt\\\/leserabe-2-lesestufe-spannende-detektivgeschichten-zum-mitraten\\\/#primaryimage\"},\"image\":{\"@id\":\"https:\\\/\\\/der-schulbedarf.shop\\\/produkt-des-monats\\\/produkt\\\/leserabe-2-lesestufe-spannende-detektivgeschichten-zum-mitraten\\\/#primaryimage\"},\"thumbnailUrl\":\"https:\\\/\\\/der-schulbedarf.shop\\\/wp-content\\\/uploads\\\/2023\\\/06\\\/Spannende-Detektivgeschichten-zum-Mitraten-Main.webp\",\"datePublished\":\"2023-06-09T09:00:37+00:00\",\"dateModified\":\"2024-11-28T08:16:39+00:00\",\"description\":\"Leserabe -Spannende Detektivgeschichten zum Mitraten. Drei knifflige F\u00e4lle zum Mitraten f\u00fcr echte Detektive. F\u00fcr Kinder ab 7 Jahren. In Fibelschrift !!!\",\"breadcrumb\":{\"@id\":\"https:\\\/\\\/der-schulbedarf.shop\\\/produkt-des-monats\\\/produkt\\\/leserabe-2-lesestufe-spannende-detektivgeschichten-zum-mitraten\\\/#breadcrumb\"},\"inLanguage\":\"de\",\"potentialAction\":[{\"@type\":\"ReadAction\",\"target\":[\"https:\\\/\\\/der-schulbedarf.shop\\\/produkt-des-monats\\\/produkt\\\/leserabe-2-lesestufe-spannende-detektivgeschichten-zum-mitraten\\\/\"]}]},{\"@type\":\"ImageObject\",\"inLanguage\":\"de\",\"@id\":\"https:\\\/\\\/der-schulbedarf.shop\\\/produkt-des-monats\\\/produkt\\\/leserabe-2-lesestufe-spannende-detektivgeschichten-zum-mitraten\\\/#primaryimage\",\"url\":\"https:\\\/\\\/der-schulbedarf.shop\\\/wp-content\\\/uploads\\\/2023\\\/06\\\/Spannende-Detektivgeschichten-zum-Mitraten-Main.webp\",\"contentUrl\":\"https:\\\/\\\/der-schulbedarf.shop\\\/wp-content\\\/uploads\\\/2023\\\/06\\\/Spannende-Detektivgeschichten-zum-Mitraten-Main.webp\",\"width\":720,\"height\":380,\"caption\":\"Mitraten\"},{\"@type\":\"BreadcrumbList\",\"@id\":\"https:\\\/\\\/der-schulbedarf.shop\\\/produkt-des-monats\\\/produkt\\\/leserabe-2-lesestufe-spannende-detektivgeschichten-zum-mitraten\\\/#breadcrumb\",\"itemListElement\":[{\"@type\":\"ListItem\",\"position\":1,\"name\":\"Shop\",\"item\":\"https:\\\/\\\/der-schulbedarf.shop\\\/produkt-des-monats\\\/shop\\\/\"},{\"@type\":\"ListItem\",\"position\":2,\"name\":\"Leserabe &#8211; 2. Lesestufe: Spannende Detektivgeschichten zum Mitraten\"}]},{\"@type\":\"WebSite\",\"@id\":\"https:\\\/\\\/der-schulbedarf.shop\\\/produkt-des-monats\\\/#website\",\"url\":\"https:\\\/\\\/der-schulbedarf.shop\\\/produkt-des-monats\\\/\",\"name\":\"der-Schulbedarf.shop\",\"description\":\"\",\"publisher\":{\"@id\":\"https:\\\/\\\/der-schulbedarf.shop\\\/produkt-des-monats\\\/#organization\"},\"potentialAction\":[{\"@type\":\"SearchAction\",\"target\":{\"@type\":\"EntryPoint\",\"urlTemplate\":\"https:\\\/\\\/der-schulbedarf.shop\\\/produkt-des-monats\\\/?s={search_term_string}\"},\"query-input\":{\"@type\":\"PropertyValueSpecification\",\"valueRequired\":true,\"valueName\":\"search_term_string\"}}],\"inLanguage\":\"de\"},{\"@type\":\"Organization\",\"@id\":\"https:\\\/\\\/der-schulbedarf.shop\\\/produkt-des-monats\\\/#organization\",\"name\":\"der-Schulbedarf.shop\",\"url\":\"https:\\\/\\\/der-schulbedarf.shop\\\/produkt-des-monats\\\/\",\"logo\":{\"@type\":\"ImageObject\",\"inLanguage\":\"de\",\"@id\":\"https:\\\/\\\/der-schulbedarf.shop\\\/produkt-des-monats\\\/#\\\/schema\\\/logo\\\/image\\\/\",\"url\":\"https:\\\/\\\/der-schulbedarf.shop\\\/wp-content\\\/uploads\\\/2024\\\/02\\\/grafik-e1709551115899.png\",\"contentUrl\":\"https:\\\/\\\/der-schulbedarf.shop\\\/wp-content\\\/uploads\\\/2024\\\/02\\\/grafik-e1709551115899.png\",\"width\":80,\"height\":80,\"caption\":\"der-Schulbedarf.shop\"},\"image\":{\"@id\":\"https:\\\/\\\/der-schulbedarf.shop\\\/produkt-des-monats\\\/#\\\/schema\\\/logo\\\/image\\\/\"}}]}<\/script>\n<!-- \/ Yoast SEO plugin. -->","yoast_head_json":{"title":"Leserabe -Spannende Detektivgeschichten zum Mitraten.","description":"Leserabe -Spannende Detektivgeschichten zum Mitraten. Drei knifflige F\u00e4lle zum Mitraten f\u00fcr echte Detektive. F\u00fcr Kinder ab 7 Jahren. In Fibelschrift !!!","robots":{"index":"index","follow":"follow","max-snippet":"max-snippet:-1","max-image-preview":"max-image-preview:large","max-video-preview":"max-video-preview:-1"},"canonical":"https:\/\/der-schulbedarf.shop\/produkt-des-monats\/produkt\/leserabe-2-lesestufe-spannende-detektivgeschichten-zum-mitraten\/","og_locale":"de_DE","og_type":"article","og_title":"Leserabe -Spannende Detektivgeschichten zum Mitraten.","og_description":"Leserabe -Spannende Detektivgeschichten zum Mitraten. Drei knifflige F\u00e4lle zum Mitraten f\u00fcr echte Detektive. F\u00fcr Kinder ab 7 Jahren. In Fibelschrift !!!","og_url":"https:\/\/der-schulbedarf.shop\/produkt-des-monats\/produkt\/leserabe-2-lesestufe-spannende-detektivgeschichten-zum-mitraten\/","og_site_name":"der-Schulbedarf.shop","article_modified_time":"2024-11-28T08:16:39+00:00","og_image":[{"width":720,"height":380,"url":"https:\/\/der-schulbedarf.shop\/wp-content\/uploads\/2023\/06\/Spannende-Detektivgeschichten-zum-Mitraten-Main.webp","type":"image\/webp"}],"twitter_card":"summary_large_image","twitter_misc":{"Gesch\u00e4tzte Lesezeit":"1\u00a0Minute"},"schema":{"@context":"https:\/\/schema.org","@graph":[{"@type":"WebPage","@id":"https:\/\/der-schulbedarf.shop\/produkt-des-monats\/produkt\/leserabe-2-lesestufe-spannende-detektivgeschichten-zum-mitraten\/","url":"https:\/\/der-schulbedarf.shop\/produkt-des-monats\/produkt\/leserabe-2-lesestufe-spannende-detektivgeschichten-zum-mitraten\/","name":"Leserabe -Spannende Detektivgeschichten zum Mitraten.","isPartOf":{"@id":"https:\/\/der-schulbedarf.shop\/produkt-des-monats\/#website"},"primaryImageOfPage":{"@id":"https:\/\/der-schulbedarf.shop\/produkt-des-monats\/produkt\/leserabe-2-lesestufe-spannende-detektivgeschichten-zum-mitraten\/#primaryimage"},"image":{"@id":"https:\/\/der-schulbedarf.shop\/produkt-des-monats\/produkt\/leserabe-2-lesestufe-spannende-detektivgeschichten-zum-mitraten\/#primaryimage"},"thumbnailUrl":"https:\/\/der-schulbedarf.shop\/wp-content\/uploads\/2023\/06\/Spannende-Detektivgeschichten-zum-Mitraten-Main.webp","datePublished":"2023-06-09T09:00:37+00:00","dateModified":"2024-11-28T08:16:39+00:00","description":"Leserabe -Spannende Detektivgeschichten zum Mitraten. Drei knifflige F\u00e4lle zum Mitraten f\u00fcr echte Detektive. F\u00fcr Kinder ab 7 Jahren. In Fibelschrift !!!","breadcrumb":{"@id":"https:\/\/der-schulbedarf.shop\/produkt-des-monats\/produkt\/leserabe-2-lesestufe-spannende-detektivgeschichten-zum-mitraten\/#breadcrumb"},"inLanguage":"de","potentialAction":[{"@type":"ReadAction","target":["https:\/\/der-schulbedarf.shop\/produkt-des-monats\/produkt\/leserabe-2-lesestufe-spannende-detektivgeschichten-zum-mitraten\/"]}]},{"@type":"ImageObject","inLanguage":"de","@id":"https:\/\/der-schulbedarf.shop\/produkt-des-monats\/produkt\/leserabe-2-lesestufe-spannende-detektivgeschichten-zum-mitraten\/#primaryimage","url":"https:\/\/der-schulbedarf.shop\/wp-content\/uploads\/2023\/06\/Spannende-Detektivgeschichten-zum-Mitraten-Main.webp","contentUrl":"https:\/\/der-schulbedarf.shop\/wp-content\/uploads\/2023\/06\/Spannende-Detektivgeschichten-zum-Mitraten-Main.webp","width":720,"height":380,"caption":"Mitraten"},{"@type":"BreadcrumbList","@id":"https:\/\/der-schulbedarf.shop\/produkt-des-monats\/produkt\/leserabe-2-lesestufe-spannende-detektivgeschichten-zum-mitraten\/#breadcrumb","itemListElement":[{"@type":"ListItem","position":1,"name":"Shop","item":"https:\/\/der-schulbedarf.shop\/produkt-des-monats\/shop\/"},{"@type":"ListItem","position":2,"name":"Leserabe &#8211; 2. Lesestufe: Spannende Detektivgeschichten zum Mitraten"}]},{"@type":"WebSite","@id":"https:\/\/der-schulbedarf.shop\/produkt-des-monats\/#website","url":"https:\/\/der-schulbedarf.shop\/produkt-des-monats\/","name":"der-Schulbedarf.shop","description":"","publisher":{"@id":"https:\/\/der-schulbedarf.shop\/produkt-des-monats\/#organization"},"potentialAction":[{"@type":"SearchAction","target":{"@type":"EntryPoint","urlTemplate":"https:\/\/der-schulbedarf.shop\/produkt-des-monats\/?s={search_term_string}"},"query-input":{"@type":"PropertyValueSpecification","valueRequired":true,"valueName":"search_term_string"}}],"inLanguage":"de"},{"@type":"Organization","@id":"https:\/\/der-schulbedarf.shop\/produkt-des-monats\/#organization","name":"der-Schulbedarf.shop","url":"https:\/\/der-schulbedarf.shop\/produkt-des-monats\/","logo":{"@type":"ImageObject","inLanguage":"de","@id":"https:\/\/der-schulbedarf.shop\/produkt-des-monats\/#\/schema\/logo\/image\/","url":"https:\/\/der-schulbedarf.shop\/wp-content\/uploads\/2024\/02\/grafik-e1709551115899.png","contentUrl":"https:\/\/der-schulbedarf.shop\/wp-content\/uploads\/2024\/02\/grafik-e1709551115899.png","width":80,"height":80,"caption":"der-Schulbedarf.shop"},"image":{"@id":"https:\/\/der-schulbedarf.shop\/produkt-des-monats\/#\/schema\/logo\/image\/"}}]}},"_links":{"self":[{"href":"https:\/\/der-schulbedarf.shop\/produkt-des-monats\/wp-json\/wp\/v2\/product\/1572","targetHints":{"allow":["GET"]}}],"collection":[{"href":"https:\/\/der-schulbedarf.shop\/produkt-des-monats\/wp-json\/wp\/v2\/product"}],"about":[{"href":"https:\/\/der-schulbedarf.shop\/produkt-des-monats\/wp-json\/wp\/v2\/types\/product"}],"replies":[{"embeddable":true,"href":"https:\/\/der-schulbedarf.shop\/produkt-des-monats\/wp-json\/wp\/v2\/comments?post=1572"}],"wp:featuredmedia":[{"embeddable":true,"href":"https:\/\/der-schulbedarf.shop\/produkt-des-monats\/wp-json\/wp\/v2\/media\/1593"}],"wp:attachment":[{"href":"https:\/\/der-schulbedarf.shop\/produkt-des-monats\/wp-json\/wp\/v2\/media?parent=1572"}],"wp:term":[{"taxonomy":"product_brand","embeddable":true,"href":"https:\/\/der-schulbedarf.shop\/produkt-des-monats\/wp-json\/wp\/v2\/product_brand?post=1572"},{"taxonomy":"product_cat","embeddable":true,"href":"https:\/\/der-schulbedarf.shop\/produkt-des-monats\/wp-json\/wp\/v2\/product_cat?post=1572"},{"taxonomy":"product_tag","embeddable":true,"href":"https:\/\/der-schulbedarf.shop\/produkt-des-monats\/wp-json\/wp\/v2\/product_tag?post=1572"}],"curies":[{"name":"wp","href":"https:\/\/api.w.org\/{rel}","templated":true}]}}