{"id":1592,"date":"2023-06-13T08:52:37","date_gmt":"2023-06-13T08:52:37","guid":{"rendered":"https:\/\/der-schulbedarf.Shop\/?post_type=product&#038;p=1592"},"modified":"2025-08-29T07:12:18","modified_gmt":"2025-08-29T07:12:18","slug":"leserabe-1-lesestufe-elfe-ella-und-der-einhorn-schnupfen","status":"publish","type":"product","link":"https:\/\/der-schulbedarf.shop\/produkt-des-monats\/produkt\/leserabe-1-lesestufe-elfe-ella-und-der-einhorn-schnupfen\/","title":{"rendered":"Leserabe &#8211; 1. Lesestufe: Elfe Ella und der Einhorn-Schnupfen"},"content":{"rendered":"<p>Lesen lernen wie im Flug!<\/p>\n<p>Ob Gurken, Tomaten oder Zwiebeln: Elfe Ella und ihr Einhorn Keks k\u00fcmmern sich leidenschaftlich um Gem\u00fcse aller Art. Noch lieber fliegen die beiden um die Wette. Doch an diesem Morgen wacht Einhorn Keks mit einem fiesen Schnupfen auf und die Pl\u00e4ne f\u00fcr den Tag drohen wortw\u00f6rtlich ins Wasser zu fallen. Ein Heilmittel muss her! Zum Gl\u00fcck hat Gem\u00fcse-Elfe Ella viele Ideen. Was dem kranken Einhorn am Ende wohl hilft \u2013 und schmeckt?<\/p>\n<p>Lesen lernen wie im Flug! Die Kinderb\u00fccher der Reihe Leserabe \u2013 1. Lesestufe wurden mit P\u00e4dagogen entwickelt und richten sich an Leseanf\u00e4nger ab der 1. Klasse. Kurze Texte in gro\u00dfer Fibelschrift sichern erste Leseerfolge und steigern die Lesekompetenz von M\u00e4dchen und Jungen ab 6 Jahren. Mit Belohnungsstickern.<\/p>\n<p>Empfohlen von Stiftung Lesen, gelistet bei Antolin.<\/p>\n<p>&nbsp;<\/p>\n","protected":false},"excerpt":{"rendered":"<p>Lesen lernen wie im Flug! Ob Gurken, Tomaten oder Zwiebeln: Elfe Ella und ihr Einhorn Keks k\u00fcmmern sich leidenschaftlich um Gem\u00fcse aller Art. Noch lieber fliegen die beiden um die Wette. Doch an diesem Morgen wacht Einhorn Keks mit einem fiesen Schnupfen auf und die Pl\u00e4ne f\u00fcr den Tag drohen wortw\u00f6rtlich ins Wasser zu fallen. [&hellip;]<\/p>\n","protected":false},"featured_media":2202,"comment_status":"open","ping_status":"closed","template":"","meta":[],"product_cat":[224,915,944,225],"product_tag":[111,200,201,469,532,467,196,197,195,473,115,199,114,113,721,112,198,181,202,179,722,669,533,468,177],"class_list":{"0":"post-1592","1":"product","2":"type-product","3":"status-publish","4":"has-post-thumbnail","6":"product_cat-kinderbuecher","7":"product_cat-produkt-feeds","8":"product_cat-produktzufuehrung-geizhal","9":"product_cat-ravensburger-kinderbuecher","10":"product_tag-beschaeftigung","11":"product_tag-buch","12":"product_tag-buecher","13":"product_tag-einschulung-geschenk","14":"product_tag-einschulung-jungen","15":"product_tag-einschulung-maedchen","16":"product_tag-erstlesebuch","17":"product_tag-erstlesebuecher","18":"product_tag-erstleser","19":"product_tag-erstleser-maedchen-1-klasse","20":"product_tag-fuer-jungen","21":"product_tag-fuer-kinder-ab-6-jahre","22":"product_tag-fuer-maedchen","23":"product_tag-geschenk","24":"product_tag-geschenk-einhorn","25":"product_tag-geschenkidee","26":"product_tag-kinderbuch","27":"product_tag-kinderbuecher","28":"product_tag-lesen","29":"product_tag-lesen-lernen","30":"product_tag-lesen-mit-raetseln","31":"product_tag-maedchen-geschenk-6-jahre","32":"product_tag-schulanfang-jungen","33":"product_tag-schulanfang-maedchen","34":"product_tag-zuhause-lernen","35":"post","36":"post-with-thumbnail","37":"post-with-thumbnail-large","39":"first","40":"outofstock","41":"taxable","42":"shipping-taxable","43":"purchasable","44":"product-type-simple"},"yoast_head":"<!-- This site is optimized with the Yoast SEO plugin v26.6 - https:\/\/yoast.com\/wordpress\/plugins\/seo\/ -->\n<title>Leserabe-Elfe Ella und der Einhorn-Schnupfen<\/title>\n<meta name=\"description\" content=\"Elfe Ella und der Einhorn-Schnupfen. Elfe Ella hat ein Einhorn. Das Einhorn hat Schnupfen was hilft? Spannende Geschichte f\u00fcr Kinder ab 6 Jahren.\" \/>\n<meta name=\"robots\" content=\"index, follow, max-snippet:-1, max-image-preview:large, max-video-preview:-1\" \/>\n<link rel=\"canonical\" href=\"https:\/\/der-schulbedarf.shop\/produkt-des-monats\/produkt\/leserabe-1-lesestufe-elfe-ella-und-der-einhorn-schnupfen\/\" \/>\n<meta property=\"og:locale\" content=\"de_DE\" \/>\n<meta property=\"og:type\" content=\"article\" \/>\n<meta property=\"og:title\" content=\"Leserabe-Elfe Ella und der Einhorn-Schnupfen\" \/>\n<meta property=\"og:description\" content=\"Elfe Ella und der Einhorn-Schnupfen. Elfe Ella hat ein Einhorn. Das Einhorn hat Schnupfen was hilft? Spannende Geschichte f\u00fcr Kinder ab 6 Jahren.\" \/>\n<meta property=\"og:url\" content=\"https:\/\/der-schulbedarf.shop\/produkt-des-monats\/produkt\/leserabe-1-lesestufe-elfe-ella-und-der-einhorn-schnupfen\/\" \/>\n<meta property=\"og:site_name\" content=\"der-Schulbedarf.shop\" \/>\n<meta property=\"article:modified_time\" content=\"2025-08-29T07:12:18+00:00\" \/>\n<meta property=\"og:image\" content=\"https:\/\/der-schulbedarf.shop\/wp-content\/uploads\/2023\/06\/46212-720x380-1.webp\" \/>\n\t<meta property=\"og:image:width\" content=\"720\" \/>\n\t<meta property=\"og:image:height\" content=\"380\" \/>\n\t<meta property=\"og:image:type\" content=\"image\/webp\" \/>\n<meta name=\"twitter:card\" content=\"summary_large_image\" \/>\n<meta name=\"twitter:label1\" content=\"Gesch\u00e4tzte Lesezeit\" \/>\n\t<meta name=\"twitter:data1\" content=\"1\u00a0Minute\" \/>\n<script type=\"application\/ld+json\" class=\"yoast-schema-graph\">{\"@context\":\"https:\/\/schema.org\",\"@graph\":[{\"@type\":\"WebPage\",\"@id\":\"https:\/\/der-schulbedarf.shop\/produkt-des-monats\/produkt\/leserabe-1-lesestufe-elfe-ella-und-der-einhorn-schnupfen\/\",\"url\":\"https:\/\/der-schulbedarf.shop\/produkt-des-monats\/produkt\/leserabe-1-lesestufe-elfe-ella-und-der-einhorn-schnupfen\/\",\"name\":\"Leserabe-Elfe Ella und der Einhorn-Schnupfen\",\"isPartOf\":{\"@id\":\"https:\/\/der-schulbedarf.shop\/produkt-des-monats\/#website\"},\"primaryImageOfPage\":{\"@id\":\"https:\/\/der-schulbedarf.shop\/produkt-des-monats\/produkt\/leserabe-1-lesestufe-elfe-ella-und-der-einhorn-schnupfen\/#primaryimage\"},\"image\":{\"@id\":\"https:\/\/der-schulbedarf.shop\/produkt-des-monats\/produkt\/leserabe-1-lesestufe-elfe-ella-und-der-einhorn-schnupfen\/#primaryimage\"},\"thumbnailUrl\":\"https:\/\/der-schulbedarf.shop\/wp-content\/uploads\/2023\/06\/46212-720x380-1.webp\",\"datePublished\":\"2023-06-13T08:52:37+00:00\",\"dateModified\":\"2025-08-29T07:12:18+00:00\",\"description\":\"Elfe Ella und der Einhorn-Schnupfen. Elfe Ella hat ein Einhorn. Das Einhorn hat Schnupfen was hilft? Spannende Geschichte f\u00fcr Kinder ab 6 Jahren.\",\"breadcrumb\":{\"@id\":\"https:\/\/der-schulbedarf.shop\/produkt-des-monats\/produkt\/leserabe-1-lesestufe-elfe-ella-und-der-einhorn-schnupfen\/#breadcrumb\"},\"inLanguage\":\"de\",\"potentialAction\":[{\"@type\":\"ReadAction\",\"target\":[\"https:\/\/der-schulbedarf.shop\/produkt-des-monats\/produkt\/leserabe-1-lesestufe-elfe-ella-und-der-einhorn-schnupfen\/\"]}]},{\"@type\":\"ImageObject\",\"inLanguage\":\"de\",\"@id\":\"https:\/\/der-schulbedarf.shop\/produkt-des-monats\/produkt\/leserabe-1-lesestufe-elfe-ella-und-der-einhorn-schnupfen\/#primaryimage\",\"url\":\"https:\/\/der-schulbedarf.shop\/wp-content\/uploads\/2023\/06\/46212-720x380-1.webp\",\"contentUrl\":\"https:\/\/der-schulbedarf.shop\/wp-content\/uploads\/2023\/06\/46212-720x380-1.webp\",\"width\":720,\"height\":380,\"caption\":\"Elfe Ella und der Einhorn-Schnupfen\"},{\"@type\":\"BreadcrumbList\",\"@id\":\"https:\/\/der-schulbedarf.shop\/produkt-des-monats\/produkt\/leserabe-1-lesestufe-elfe-ella-und-der-einhorn-schnupfen\/#breadcrumb\",\"itemListElement\":[{\"@type\":\"ListItem\",\"position\":1,\"name\":\"Shop\",\"item\":\"https:\/\/der-schulbedarf.shop\/produkt-des-monats\/shop\/\"},{\"@type\":\"ListItem\",\"position\":2,\"name\":\"Leserabe &#8211; 1. Lesestufe: Elfe Ella und der Einhorn-Schnupfen\"}]},{\"@type\":\"WebSite\",\"@id\":\"https:\/\/der-schulbedarf.shop\/produkt-des-monats\/#website\",\"url\":\"https:\/\/der-schulbedarf.shop\/produkt-des-monats\/\",\"name\":\"der-Schulbedarf.shop\",\"description\":\"\",\"publisher\":{\"@id\":\"https:\/\/der-schulbedarf.shop\/produkt-des-monats\/#organization\"},\"potentialAction\":[{\"@type\":\"SearchAction\",\"target\":{\"@type\":\"EntryPoint\",\"urlTemplate\":\"https:\/\/der-schulbedarf.shop\/produkt-des-monats\/?s={search_term_string}\"},\"query-input\":{\"@type\":\"PropertyValueSpecification\",\"valueRequired\":true,\"valueName\":\"search_term_string\"}}],\"inLanguage\":\"de\"},{\"@type\":\"Organization\",\"@id\":\"https:\/\/der-schulbedarf.shop\/produkt-des-monats\/#organization\",\"name\":\"der-Schulbedarf.shop\",\"url\":\"https:\/\/der-schulbedarf.shop\/produkt-des-monats\/\",\"logo\":{\"@type\":\"ImageObject\",\"inLanguage\":\"de\",\"@id\":\"https:\/\/der-schulbedarf.shop\/produkt-des-monats\/#\/schema\/logo\/image\/\",\"url\":\"https:\/\/der-schulbedarf.shop\/wp-content\/uploads\/2024\/02\/grafik-e1709551115899.png\",\"contentUrl\":\"https:\/\/der-schulbedarf.shop\/wp-content\/uploads\/2024\/02\/grafik-e1709551115899.png\",\"width\":80,\"height\":80,\"caption\":\"der-Schulbedarf.shop\"},\"image\":{\"@id\":\"https:\/\/der-schulbedarf.shop\/produkt-des-monats\/#\/schema\/logo\/image\/\"}}]}<\/script>\n<!-- \/ Yoast SEO plugin. -->","yoast_head_json":{"title":"Leserabe-Elfe Ella und der Einhorn-Schnupfen","description":"Elfe Ella und der Einhorn-Schnupfen. Elfe Ella hat ein Einhorn. Das Einhorn hat Schnupfen was hilft? Spannende Geschichte f\u00fcr Kinder ab 6 Jahren.","robots":{"index":"index","follow":"follow","max-snippet":"max-snippet:-1","max-image-preview":"max-image-preview:large","max-video-preview":"max-video-preview:-1"},"canonical":"https:\/\/der-schulbedarf.shop\/produkt-des-monats\/produkt\/leserabe-1-lesestufe-elfe-ella-und-der-einhorn-schnupfen\/","og_locale":"de_DE","og_type":"article","og_title":"Leserabe-Elfe Ella und der Einhorn-Schnupfen","og_description":"Elfe Ella und der Einhorn-Schnupfen. Elfe Ella hat ein Einhorn. Das Einhorn hat Schnupfen was hilft? Spannende Geschichte f\u00fcr Kinder ab 6 Jahren.","og_url":"https:\/\/der-schulbedarf.shop\/produkt-des-monats\/produkt\/leserabe-1-lesestufe-elfe-ella-und-der-einhorn-schnupfen\/","og_site_name":"der-Schulbedarf.shop","article_modified_time":"2025-08-29T07:12:18+00:00","og_image":[{"width":720,"height":380,"url":"https:\/\/der-schulbedarf.shop\/wp-content\/uploads\/2023\/06\/46212-720x380-1.webp","type":"image\/webp"}],"twitter_card":"summary_large_image","twitter_misc":{"Gesch\u00e4tzte Lesezeit":"1\u00a0Minute"},"schema":{"@context":"https:\/\/schema.org","@graph":[{"@type":"WebPage","@id":"https:\/\/der-schulbedarf.shop\/produkt-des-monats\/produkt\/leserabe-1-lesestufe-elfe-ella-und-der-einhorn-schnupfen\/","url":"https:\/\/der-schulbedarf.shop\/produkt-des-monats\/produkt\/leserabe-1-lesestufe-elfe-ella-und-der-einhorn-schnupfen\/","name":"Leserabe-Elfe Ella und der Einhorn-Schnupfen","isPartOf":{"@id":"https:\/\/der-schulbedarf.shop\/produkt-des-monats\/#website"},"primaryImageOfPage":{"@id":"https:\/\/der-schulbedarf.shop\/produkt-des-monats\/produkt\/leserabe-1-lesestufe-elfe-ella-und-der-einhorn-schnupfen\/#primaryimage"},"image":{"@id":"https:\/\/der-schulbedarf.shop\/produkt-des-monats\/produkt\/leserabe-1-lesestufe-elfe-ella-und-der-einhorn-schnupfen\/#primaryimage"},"thumbnailUrl":"https:\/\/der-schulbedarf.shop\/wp-content\/uploads\/2023\/06\/46212-720x380-1.webp","datePublished":"2023-06-13T08:52:37+00:00","dateModified":"2025-08-29T07:12:18+00:00","description":"Elfe Ella und der Einhorn-Schnupfen. Elfe Ella hat ein Einhorn. Das Einhorn hat Schnupfen was hilft? Spannende Geschichte f\u00fcr Kinder ab 6 Jahren.","breadcrumb":{"@id":"https:\/\/der-schulbedarf.shop\/produkt-des-monats\/produkt\/leserabe-1-lesestufe-elfe-ella-und-der-einhorn-schnupfen\/#breadcrumb"},"inLanguage":"de","potentialAction":[{"@type":"ReadAction","target":["https:\/\/der-schulbedarf.shop\/produkt-des-monats\/produkt\/leserabe-1-lesestufe-elfe-ella-und-der-einhorn-schnupfen\/"]}]},{"@type":"ImageObject","inLanguage":"de","@id":"https:\/\/der-schulbedarf.shop\/produkt-des-monats\/produkt\/leserabe-1-lesestufe-elfe-ella-und-der-einhorn-schnupfen\/#primaryimage","url":"https:\/\/der-schulbedarf.shop\/wp-content\/uploads\/2023\/06\/46212-720x380-1.webp","contentUrl":"https:\/\/der-schulbedarf.shop\/wp-content\/uploads\/2023\/06\/46212-720x380-1.webp","width":720,"height":380,"caption":"Elfe Ella und der Einhorn-Schnupfen"},{"@type":"BreadcrumbList","@id":"https:\/\/der-schulbedarf.shop\/produkt-des-monats\/produkt\/leserabe-1-lesestufe-elfe-ella-und-der-einhorn-schnupfen\/#breadcrumb","itemListElement":[{"@type":"ListItem","position":1,"name":"Shop","item":"https:\/\/der-schulbedarf.shop\/produkt-des-monats\/shop\/"},{"@type":"ListItem","position":2,"name":"Leserabe &#8211; 1. Lesestufe: Elfe Ella und der Einhorn-Schnupfen"}]},{"@type":"WebSite","@id":"https:\/\/der-schulbedarf.shop\/produkt-des-monats\/#website","url":"https:\/\/der-schulbedarf.shop\/produkt-des-monats\/","name":"der-Schulbedarf.shop","description":"","publisher":{"@id":"https:\/\/der-schulbedarf.shop\/produkt-des-monats\/#organization"},"potentialAction":[{"@type":"SearchAction","target":{"@type":"EntryPoint","urlTemplate":"https:\/\/der-schulbedarf.shop\/produkt-des-monats\/?s={search_term_string}"},"query-input":{"@type":"PropertyValueSpecification","valueRequired":true,"valueName":"search_term_string"}}],"inLanguage":"de"},{"@type":"Organization","@id":"https:\/\/der-schulbedarf.shop\/produkt-des-monats\/#organization","name":"der-Schulbedarf.shop","url":"https:\/\/der-schulbedarf.shop\/produkt-des-monats\/","logo":{"@type":"ImageObject","inLanguage":"de","@id":"https:\/\/der-schulbedarf.shop\/produkt-des-monats\/#\/schema\/logo\/image\/","url":"https:\/\/der-schulbedarf.shop\/wp-content\/uploads\/2024\/02\/grafik-e1709551115899.png","contentUrl":"https:\/\/der-schulbedarf.shop\/wp-content\/uploads\/2024\/02\/grafik-e1709551115899.png","width":80,"height":80,"caption":"der-Schulbedarf.shop"},"image":{"@id":"https:\/\/der-schulbedarf.shop\/produkt-des-monats\/#\/schema\/logo\/image\/"}}]}},"_links":{"self":[{"href":"https:\/\/der-schulbedarf.shop\/produkt-des-monats\/wp-json\/wp\/v2\/product\/1592","targetHints":{"allow":["GET"]}}],"collection":[{"href":"https:\/\/der-schulbedarf.shop\/produkt-des-monats\/wp-json\/wp\/v2\/product"}],"about":[{"href":"https:\/\/der-schulbedarf.shop\/produkt-des-monats\/wp-json\/wp\/v2\/types\/product"}],"replies":[{"embeddable":true,"href":"https:\/\/der-schulbedarf.shop\/produkt-des-monats\/wp-json\/wp\/v2\/comments?post=1592"}],"wp:featuredmedia":[{"embeddable":true,"href":"https:\/\/der-schulbedarf.shop\/produkt-des-monats\/wp-json\/wp\/v2\/media\/2202"}],"wp:attachment":[{"href":"https:\/\/der-schulbedarf.shop\/produkt-des-monats\/wp-json\/wp\/v2\/media?parent=1592"}],"wp:term":[{"taxonomy":"product_cat","embeddable":true,"href":"https:\/\/der-schulbedarf.shop\/produkt-des-monats\/wp-json\/wp\/v2\/product_cat?post=1592"},{"taxonomy":"product_tag","embeddable":true,"href":"https:\/\/der-schulbedarf.shop\/produkt-des-monats\/wp-json\/wp\/v2\/product_tag?post=1592"}],"curies":[{"name":"wp","href":"https:\/\/api.w.org\/{rel}","templated":true}]}}