{"id":1610,"date":"2023-06-13T08:29:56","date_gmt":"2023-06-13T08:29:56","guid":{"rendered":"https:\/\/der-schulbedarf.Shop\/?post_type=product&#038;p=1610"},"modified":"2025-08-29T09:07:32","modified_gmt":"2025-08-29T09:07:32","slug":"leserabe-sonderausgaben-abenteuerliche-erstlesegeschichten-von-detektiven-und-schulfreunden","status":"publish","type":"product","link":"https:\/\/der-schulbedarf.shop\/produkt-des-monats\/produkt\/leserabe-sonderausgaben-abenteuerliche-erstlesegeschichten-von-detektiven-und-schulfreunden\/","title":{"rendered":"Leserabe &#8211; Sonderausgaben: Abenteuerliche Erstlesegeschichten von Detektiven und Schulfreunden"},"content":{"rendered":"<p>Paul nimmt seinen Freund, den schottischen Hausgeist Henry, mit in die Schule. Zur Feier des Tages f\u00e4llt sogar das Diktat aus.<br \/>\nPit und Paula sind Detektive. Ob ein geklauter Ohrring oder ein fehlendes St\u00fcck Geburtstagstorte \u2013 Zusammen l\u00f6sen sie die aufregendsten F\u00e4lle.<br \/>\nZwei Leseraben-Geschichten in einem Band mit gro\u00dfer Fibelschrift und einfachem Wortschatz, die sich perfekt zum Lesenlernen eignen.<\/p>\n<p>Lesen lernen mit dem Ravensburger Leseraben. Die 1. Lesestufe spricht Kinder an, die mit dem Leselern-Prozess begonnen haben, und bietet ideale B\u00fccher f\u00fcr Leseanf\u00e4nger. Kurze Textabschnitte, einfacher Wortschatz sowie die extragro\u00dfe Fibelschrift erleichtern Kindern das Lesen. Leser\u00e4tsel f\u00fcr Leseanf\u00e4nger und spannende Geschichten machen das Lesenlernen zu einem echten Vergn\u00fcgen.<\/p>\n","protected":false},"excerpt":{"rendered":"<p>Paul nimmt seinen Freund, den schottischen Hausgeist Henry, mit in die Schule. Zur Feier des Tages f\u00e4llt sogar das Diktat aus. Pit und Paula sind Detektive. Ob ein geklauter Ohrring oder ein fehlendes St\u00fcck Geburtstagstorte \u2013 Zusammen l\u00f6sen sie die aufregendsten F\u00e4lle. Zwei Leseraben-Geschichten in einem Band mit gro\u00dfer Fibelschrift und einfachem Wortschatz, die sich [&hellip;]<\/p>\n","protected":false},"featured_media":2190,"comment_status":"open","ping_status":"closed","template":"","meta":[],"product_cat":[224,915,944,225,1028],"product_tag":[511,192,111,200,201,613,455,727,196,197,195,214,725,115,199,114,113,210,112,326,718,198,181,185,720,202,179,719,290,249,724,522,167,726],"class_list":{"0":"post-1610","1":"product","2":"type-product","3":"status-publish","4":"has-post-thumbnail","6":"product_cat-kinderbuecher","7":"product_cat-produkt-feeds","8":"product_cat-produktzufuehrung-geizhal","9":"product_cat-ravensburger-kinderbuecher","10":"product_cat-vorschulalter","11":"product_tag-1-klasse","12":"product_tag-antolin","13":"product_tag-beschaeftigung","14":"product_tag-buch","15":"product_tag-buecher","16":"product_tag-detektive","17":"product_tag-detektivgeschichte","18":"product_tag-deutsch","19":"product_tag-erstlesebuch","20":"product_tag-erstlesebuecher","21":"product_tag-erstleser","22":"product_tag-familie","23":"product_tag-freunde","24":"product_tag-fuer-jungen","25":"product_tag-fuer-kinder-ab-6-jahre","26":"product_tag-fuer-maedchen","27":"product_tag-geschenk","28":"product_tag-geschenk-kinder","29":"product_tag-geschenkidee","30":"product_tag-gespenst","31":"product_tag-jungen-und-maedchen","32":"product_tag-kinderbuch","33":"product_tag-kinderbuecher","34":"product_tag-leseanfaenger","35":"product_tag-lesefoerderung-grundschule","36":"product_tag-lesen","37":"product_tag-lesen-lernen","38":"product_tag-lesen-lernen-leicht-gemacht","39":"product_tag-raetsel","40":"product_tag-schule","41":"product_tag-schulgeschichte","42":"product_tag-schultuete","43":"product_tag-tiere","44":"product_tag-unterricht","45":"post","46":"post-with-thumbnail","47":"post-with-thumbnail-large","49":"first","50":"outofstock","51":"taxable","52":"shipping-taxable","53":"purchasable","54":"product-type-simple"},"yoast_head":"<!-- This site is optimized with the Yoast SEO plugin v26.6 - https:\/\/yoast.com\/wordpress\/plugins\/seo\/ -->\n<title>Leserabe- Erstlesegeschichten von Detektiven und Schulfreunden<\/title>\n<meta name=\"description\" content=\"Paul nimmt seinen Freund, den schottischen Hausgeist Henry, mit in die Schule. Spannende Detektiv Geschichten f\u00fcr Kinder ab der 1.Lesestufe.\" \/>\n<meta name=\"robots\" content=\"index, follow, max-snippet:-1, max-image-preview:large, max-video-preview:-1\" \/>\n<link rel=\"canonical\" href=\"https:\/\/der-schulbedarf.shop\/produkt-des-monats\/produkt\/leserabe-sonderausgaben-abenteuerliche-erstlesegeschichten-von-detektiven-und-schulfreunden\/\" \/>\n<meta property=\"og:locale\" content=\"de_DE\" \/>\n<meta property=\"og:type\" content=\"article\" \/>\n<meta property=\"og:title\" content=\"Leserabe- Erstlesegeschichten von Detektiven und Schulfreunden\" \/>\n<meta property=\"og:description\" content=\"Paul nimmt seinen Freund, den schottischen Hausgeist Henry, mit in die Schule. Spannende Detektiv Geschichten f\u00fcr Kinder ab der 1.Lesestufe.\" \/>\n<meta property=\"og:url\" content=\"https:\/\/der-schulbedarf.shop\/produkt-des-monats\/produkt\/leserabe-sonderausgaben-abenteuerliche-erstlesegeschichten-von-detektiven-und-schulfreunden\/\" \/>\n<meta property=\"og:site_name\" content=\"der-Schulbedarf.shop\" \/>\n<meta property=\"article:modified_time\" content=\"2025-08-29T09:07:32+00:00\" \/>\n<meta property=\"og:image\" content=\"https:\/\/der-schulbedarf.shop\/wp-content\/uploads\/2023\/06\/AN-46031_1-720x380-1.webp\" \/>\n\t<meta property=\"og:image:width\" content=\"720\" \/>\n\t<meta property=\"og:image:height\" content=\"380\" \/>\n\t<meta property=\"og:image:type\" content=\"image\/webp\" \/>\n<meta name=\"twitter:card\" content=\"summary_large_image\" \/>\n<meta name=\"twitter:label1\" content=\"Gesch\u00e4tzte Lesezeit\" \/>\n\t<meta name=\"twitter:data1\" content=\"1\u00a0Minute\" \/>\n<script type=\"application\/ld+json\" class=\"yoast-schema-graph\">{\"@context\":\"https:\/\/schema.org\",\"@graph\":[{\"@type\":\"WebPage\",\"@id\":\"https:\/\/der-schulbedarf.shop\/produkt-des-monats\/produkt\/leserabe-sonderausgaben-abenteuerliche-erstlesegeschichten-von-detektiven-und-schulfreunden\/\",\"url\":\"https:\/\/der-schulbedarf.shop\/produkt-des-monats\/produkt\/leserabe-sonderausgaben-abenteuerliche-erstlesegeschichten-von-detektiven-und-schulfreunden\/\",\"name\":\"Leserabe- Erstlesegeschichten von Detektiven und Schulfreunden\",\"isPartOf\":{\"@id\":\"https:\/\/der-schulbedarf.shop\/produkt-des-monats\/#website\"},\"primaryImageOfPage\":{\"@id\":\"https:\/\/der-schulbedarf.shop\/produkt-des-monats\/produkt\/leserabe-sonderausgaben-abenteuerliche-erstlesegeschichten-von-detektiven-und-schulfreunden\/#primaryimage\"},\"image\":{\"@id\":\"https:\/\/der-schulbedarf.shop\/produkt-des-monats\/produkt\/leserabe-sonderausgaben-abenteuerliche-erstlesegeschichten-von-detektiven-und-schulfreunden\/#primaryimage\"},\"thumbnailUrl\":\"https:\/\/der-schulbedarf.shop\/wp-content\/uploads\/2023\/06\/AN-46031_1-720x380-1.webp\",\"datePublished\":\"2023-06-13T08:29:56+00:00\",\"dateModified\":\"2025-08-29T09:07:32+00:00\",\"description\":\"Paul nimmt seinen Freund, den schottischen Hausgeist Henry, mit in die Schule. Spannende Detektiv Geschichten f\u00fcr Kinder ab der 1.Lesestufe.\",\"breadcrumb\":{\"@id\":\"https:\/\/der-schulbedarf.shop\/produkt-des-monats\/produkt\/leserabe-sonderausgaben-abenteuerliche-erstlesegeschichten-von-detektiven-und-schulfreunden\/#breadcrumb\"},\"inLanguage\":\"de\",\"potentialAction\":[{\"@type\":\"ReadAction\",\"target\":[\"https:\/\/der-schulbedarf.shop\/produkt-des-monats\/produkt\/leserabe-sonderausgaben-abenteuerliche-erstlesegeschichten-von-detektiven-und-schulfreunden\/\"]}]},{\"@type\":\"ImageObject\",\"inLanguage\":\"de\",\"@id\":\"https:\/\/der-schulbedarf.shop\/produkt-des-monats\/produkt\/leserabe-sonderausgaben-abenteuerliche-erstlesegeschichten-von-detektiven-und-schulfreunden\/#primaryimage\",\"url\":\"https:\/\/der-schulbedarf.shop\/wp-content\/uploads\/2023\/06\/AN-46031_1-720x380-1.webp\",\"contentUrl\":\"https:\/\/der-schulbedarf.shop\/wp-content\/uploads\/2023\/06\/AN-46031_1-720x380-1.webp\",\"width\":720,\"height\":380,\"caption\":\"Abenteuerliche Erstlesegeschichten von Detektiven und Schulfreunden\"},{\"@type\":\"BreadcrumbList\",\"@id\":\"https:\/\/der-schulbedarf.shop\/produkt-des-monats\/produkt\/leserabe-sonderausgaben-abenteuerliche-erstlesegeschichten-von-detektiven-und-schulfreunden\/#breadcrumb\",\"itemListElement\":[{\"@type\":\"ListItem\",\"position\":1,\"name\":\"Shop\",\"item\":\"https:\/\/der-schulbedarf.shop\/produkt-des-monats\/shop\/\"},{\"@type\":\"ListItem\",\"position\":2,\"name\":\"Leserabe &#8211; Sonderausgaben: Abenteuerliche Erstlesegeschichten von Detektiven und Schulfreunden\"}]},{\"@type\":\"WebSite\",\"@id\":\"https:\/\/der-schulbedarf.shop\/produkt-des-monats\/#website\",\"url\":\"https:\/\/der-schulbedarf.shop\/produkt-des-monats\/\",\"name\":\"der-Schulbedarf.shop\",\"description\":\"\",\"publisher\":{\"@id\":\"https:\/\/der-schulbedarf.shop\/produkt-des-monats\/#organization\"},\"potentialAction\":[{\"@type\":\"SearchAction\",\"target\":{\"@type\":\"EntryPoint\",\"urlTemplate\":\"https:\/\/der-schulbedarf.shop\/produkt-des-monats\/?s={search_term_string}\"},\"query-input\":{\"@type\":\"PropertyValueSpecification\",\"valueRequired\":true,\"valueName\":\"search_term_string\"}}],\"inLanguage\":\"de\"},{\"@type\":\"Organization\",\"@id\":\"https:\/\/der-schulbedarf.shop\/produkt-des-monats\/#organization\",\"name\":\"der-Schulbedarf.shop\",\"url\":\"https:\/\/der-schulbedarf.shop\/produkt-des-monats\/\",\"logo\":{\"@type\":\"ImageObject\",\"inLanguage\":\"de\",\"@id\":\"https:\/\/der-schulbedarf.shop\/produkt-des-monats\/#\/schema\/logo\/image\/\",\"url\":\"https:\/\/der-schulbedarf.shop\/wp-content\/uploads\/2024\/02\/grafik-e1709551115899.png\",\"contentUrl\":\"https:\/\/der-schulbedarf.shop\/wp-content\/uploads\/2024\/02\/grafik-e1709551115899.png\",\"width\":80,\"height\":80,\"caption\":\"der-Schulbedarf.shop\"},\"image\":{\"@id\":\"https:\/\/der-schulbedarf.shop\/produkt-des-monats\/#\/schema\/logo\/image\/\"}}]}<\/script>\n<!-- \/ Yoast SEO plugin. -->","yoast_head_json":{"title":"Leserabe- Erstlesegeschichten von Detektiven und Schulfreunden","description":"Paul nimmt seinen Freund, den schottischen Hausgeist Henry, mit in die Schule. Spannende Detektiv Geschichten f\u00fcr Kinder ab der 1.Lesestufe.","robots":{"index":"index","follow":"follow","max-snippet":"max-snippet:-1","max-image-preview":"max-image-preview:large","max-video-preview":"max-video-preview:-1"},"canonical":"https:\/\/der-schulbedarf.shop\/produkt-des-monats\/produkt\/leserabe-sonderausgaben-abenteuerliche-erstlesegeschichten-von-detektiven-und-schulfreunden\/","og_locale":"de_DE","og_type":"article","og_title":"Leserabe- Erstlesegeschichten von Detektiven und Schulfreunden","og_description":"Paul nimmt seinen Freund, den schottischen Hausgeist Henry, mit in die Schule. Spannende Detektiv Geschichten f\u00fcr Kinder ab der 1.Lesestufe.","og_url":"https:\/\/der-schulbedarf.shop\/produkt-des-monats\/produkt\/leserabe-sonderausgaben-abenteuerliche-erstlesegeschichten-von-detektiven-und-schulfreunden\/","og_site_name":"der-Schulbedarf.shop","article_modified_time":"2025-08-29T09:07:32+00:00","og_image":[{"width":720,"height":380,"url":"https:\/\/der-schulbedarf.shop\/wp-content\/uploads\/2023\/06\/AN-46031_1-720x380-1.webp","type":"image\/webp"}],"twitter_card":"summary_large_image","twitter_misc":{"Gesch\u00e4tzte Lesezeit":"1\u00a0Minute"},"schema":{"@context":"https:\/\/schema.org","@graph":[{"@type":"WebPage","@id":"https:\/\/der-schulbedarf.shop\/produkt-des-monats\/produkt\/leserabe-sonderausgaben-abenteuerliche-erstlesegeschichten-von-detektiven-und-schulfreunden\/","url":"https:\/\/der-schulbedarf.shop\/produkt-des-monats\/produkt\/leserabe-sonderausgaben-abenteuerliche-erstlesegeschichten-von-detektiven-und-schulfreunden\/","name":"Leserabe- Erstlesegeschichten von Detektiven und Schulfreunden","isPartOf":{"@id":"https:\/\/der-schulbedarf.shop\/produkt-des-monats\/#website"},"primaryImageOfPage":{"@id":"https:\/\/der-schulbedarf.shop\/produkt-des-monats\/produkt\/leserabe-sonderausgaben-abenteuerliche-erstlesegeschichten-von-detektiven-und-schulfreunden\/#primaryimage"},"image":{"@id":"https:\/\/der-schulbedarf.shop\/produkt-des-monats\/produkt\/leserabe-sonderausgaben-abenteuerliche-erstlesegeschichten-von-detektiven-und-schulfreunden\/#primaryimage"},"thumbnailUrl":"https:\/\/der-schulbedarf.shop\/wp-content\/uploads\/2023\/06\/AN-46031_1-720x380-1.webp","datePublished":"2023-06-13T08:29:56+00:00","dateModified":"2025-08-29T09:07:32+00:00","description":"Paul nimmt seinen Freund, den schottischen Hausgeist Henry, mit in die Schule. Spannende Detektiv Geschichten f\u00fcr Kinder ab der 1.Lesestufe.","breadcrumb":{"@id":"https:\/\/der-schulbedarf.shop\/produkt-des-monats\/produkt\/leserabe-sonderausgaben-abenteuerliche-erstlesegeschichten-von-detektiven-und-schulfreunden\/#breadcrumb"},"inLanguage":"de","potentialAction":[{"@type":"ReadAction","target":["https:\/\/der-schulbedarf.shop\/produkt-des-monats\/produkt\/leserabe-sonderausgaben-abenteuerliche-erstlesegeschichten-von-detektiven-und-schulfreunden\/"]}]},{"@type":"ImageObject","inLanguage":"de","@id":"https:\/\/der-schulbedarf.shop\/produkt-des-monats\/produkt\/leserabe-sonderausgaben-abenteuerliche-erstlesegeschichten-von-detektiven-und-schulfreunden\/#primaryimage","url":"https:\/\/der-schulbedarf.shop\/wp-content\/uploads\/2023\/06\/AN-46031_1-720x380-1.webp","contentUrl":"https:\/\/der-schulbedarf.shop\/wp-content\/uploads\/2023\/06\/AN-46031_1-720x380-1.webp","width":720,"height":380,"caption":"Abenteuerliche Erstlesegeschichten von Detektiven und Schulfreunden"},{"@type":"BreadcrumbList","@id":"https:\/\/der-schulbedarf.shop\/produkt-des-monats\/produkt\/leserabe-sonderausgaben-abenteuerliche-erstlesegeschichten-von-detektiven-und-schulfreunden\/#breadcrumb","itemListElement":[{"@type":"ListItem","position":1,"name":"Shop","item":"https:\/\/der-schulbedarf.shop\/produkt-des-monats\/shop\/"},{"@type":"ListItem","position":2,"name":"Leserabe &#8211; Sonderausgaben: Abenteuerliche Erstlesegeschichten von Detektiven und Schulfreunden"}]},{"@type":"WebSite","@id":"https:\/\/der-schulbedarf.shop\/produkt-des-monats\/#website","url":"https:\/\/der-schulbedarf.shop\/produkt-des-monats\/","name":"der-Schulbedarf.shop","description":"","publisher":{"@id":"https:\/\/der-schulbedarf.shop\/produkt-des-monats\/#organization"},"potentialAction":[{"@type":"SearchAction","target":{"@type":"EntryPoint","urlTemplate":"https:\/\/der-schulbedarf.shop\/produkt-des-monats\/?s={search_term_string}"},"query-input":{"@type":"PropertyValueSpecification","valueRequired":true,"valueName":"search_term_string"}}],"inLanguage":"de"},{"@type":"Organization","@id":"https:\/\/der-schulbedarf.shop\/produkt-des-monats\/#organization","name":"der-Schulbedarf.shop","url":"https:\/\/der-schulbedarf.shop\/produkt-des-monats\/","logo":{"@type":"ImageObject","inLanguage":"de","@id":"https:\/\/der-schulbedarf.shop\/produkt-des-monats\/#\/schema\/logo\/image\/","url":"https:\/\/der-schulbedarf.shop\/wp-content\/uploads\/2024\/02\/grafik-e1709551115899.png","contentUrl":"https:\/\/der-schulbedarf.shop\/wp-content\/uploads\/2024\/02\/grafik-e1709551115899.png","width":80,"height":80,"caption":"der-Schulbedarf.shop"},"image":{"@id":"https:\/\/der-schulbedarf.shop\/produkt-des-monats\/#\/schema\/logo\/image\/"}}]}},"_links":{"self":[{"href":"https:\/\/der-schulbedarf.shop\/produkt-des-monats\/wp-json\/wp\/v2\/product\/1610","targetHints":{"allow":["GET"]}}],"collection":[{"href":"https:\/\/der-schulbedarf.shop\/produkt-des-monats\/wp-json\/wp\/v2\/product"}],"about":[{"href":"https:\/\/der-schulbedarf.shop\/produkt-des-monats\/wp-json\/wp\/v2\/types\/product"}],"replies":[{"embeddable":true,"href":"https:\/\/der-schulbedarf.shop\/produkt-des-monats\/wp-json\/wp\/v2\/comments?post=1610"}],"wp:featuredmedia":[{"embeddable":true,"href":"https:\/\/der-schulbedarf.shop\/produkt-des-monats\/wp-json\/wp\/v2\/media\/2190"}],"wp:attachment":[{"href":"https:\/\/der-schulbedarf.shop\/produkt-des-monats\/wp-json\/wp\/v2\/media?parent=1610"}],"wp:term":[{"taxonomy":"product_cat","embeddable":true,"href":"https:\/\/der-schulbedarf.shop\/produkt-des-monats\/wp-json\/wp\/v2\/product_cat?post=1610"},{"taxonomy":"product_tag","embeddable":true,"href":"https:\/\/der-schulbedarf.shop\/produkt-des-monats\/wp-json\/wp\/v2\/product_tag?post=1610"}],"curies":[{"name":"wp","href":"https:\/\/api.w.org\/{rel}","templated":true}]}}