{"id":1615,"date":"2023-06-13T08:41:59","date_gmt":"2023-06-13T08:41:59","guid":{"rendered":"https:\/\/der-schulbedarf.Shop\/?post_type=product&#038;p=1615"},"modified":"2025-08-29T08:09:14","modified_gmt":"2025-08-29T08:09:14","slug":"leserabe-2-lesestufe-10-fuer-paul-eine-fussballgeschichte","status":"publish","type":"product","link":"https:\/\/der-schulbedarf.shop\/produkt-des-monats\/produkt\/leserabe-2-lesestufe-10-fuer-paul-eine-fussballgeschichte\/","title":{"rendered":"Leserabe &#8211; 2. Lesestufe: 1:0 f\u00fcr Paul &#8211; Eine Fu\u00dfballgeschichte"},"content":{"rendered":"<p>Lesen lernen wie im Flug!<\/p>\n<p>Amir und Paul lieben Fu\u00dfball. Amir will im Verein spielen, Paul wei\u00df nicht, ob er daf\u00fcr gut genug spielt. Aber mit einem Freund an der Seite kann man viel mehr, als man denkt! Eine spannende Geschichte \u00fcber Fu\u00dfball und Freundschaft f\u00fcr Erstleser ab Klasse 2.<\/p>\n<p>Die Kinderb\u00fccher der Reihe Leserabe \u2013 2. Lesestufe wurden mit P\u00e4dagogen entwickelt und richten sich an fortgeschrittene Erstleser ab der 2. Klasse. Spannende Geschichten in Fibelschrift wecken die Lesemotivation von M\u00e4dchen und Jungen ab 7 Jahren. Durch Verst\u00e4ndnisfragen zum Text wird das Gelesene spielerisch \u00fcberpr\u00fcft.<\/p>\n<p>Empfohlen von Stiftung Lesen, gelistet bei Antolin.<\/p>\n","protected":false},"excerpt":{"rendered":"<p>Lesen lernen wie im Flug! Amir und Paul lieben Fu\u00dfball. Amir will im Verein spielen, Paul wei\u00df nicht, ob er daf\u00fcr gut genug spielt. Aber mit einem Freund an der Seite kann man viel mehr, als man denkt! Eine spannende Geschichte \u00fcber Fu\u00dfball und Freundschaft f\u00fcr Erstleser ab Klasse 2. Die Kinderb\u00fccher der Reihe Leserabe [&hellip;]<\/p>\n","protected":false},"featured_media":2194,"comment_status":"open","ping_status":"closed","template":"","meta":[],"product_cat":[224,915,944,225],"product_tag":[221,192,111,200,201,196,197,195,549,190,115,223,114,206,113,112,547,198,181,202,179,550],"class_list":{"0":"post-1615","1":"product","2":"type-product","3":"status-publish","4":"has-post-thumbnail","6":"product_cat-kinderbuecher","7":"product_cat-produkt-feeds","8":"product_cat-produktzufuehrung-geizhal","9":"product_cat-ravensburger-kinderbuecher","10":"product_tag-2-klasse","11":"product_tag-antolin","12":"product_tag-beschaeftigung","13":"product_tag-buch","14":"product_tag-buecher","15":"product_tag-erstlesebuch","16":"product_tag-erstlesebuecher","17":"product_tag-erstleser","18":"product_tag-erstleser-jungen-2-klasse","19":"product_tag-freundschaft","20":"product_tag-fuer-jungen","21":"product_tag-fuer-kinder-ab-7-jahre","22":"product_tag-fuer-maedchen","23":"product_tag-fussball","24":"product_tag-geschenk","25":"product_tag-geschenkidee","26":"product_tag-jungen-geschenke-7-jahre","27":"product_tag-kinderbuch","28":"product_tag-kinderbuecher","29":"product_tag-lesen","30":"product_tag-lesen-lernen","31":"product_tag-leserabe-2-klasse","32":"post","33":"post-with-thumbnail","34":"post-with-thumbnail-large","36":"first","37":"outofstock","38":"taxable","39":"shipping-taxable","40":"purchasable","41":"product-type-simple"},"yoast_head":"<!-- This site is optimized with the Yoast SEO plugin v26.6 - https:\/\/yoast.com\/wordpress\/plugins\/seo\/ -->\n<title>Leserabe-1:0 f\u00fcr Paul - Eine Fu\u00dfballgeschichte<\/title>\n<meta name=\"description\" content=\"Amir und Paul lieben Fu\u00dfball. Eine spannende Geschichte \u00fcber Fu\u00dfball und Freundschaft f\u00fcr Erstleser ab Klasse 2. F\u00f6rdert spielerisch die Lesekompetenz.\" \/>\n<meta name=\"robots\" content=\"index, follow, max-snippet:-1, max-image-preview:large, max-video-preview:-1\" \/>\n<link rel=\"canonical\" href=\"https:\/\/der-schulbedarf.shop\/produkt-des-monats\/produkt\/leserabe-2-lesestufe-10-fuer-paul-eine-fussballgeschichte\/\" \/>\n<meta property=\"og:locale\" content=\"de_DE\" \/>\n<meta property=\"og:type\" content=\"article\" \/>\n<meta property=\"og:title\" content=\"Leserabe-1:0 f\u00fcr Paul - Eine Fu\u00dfballgeschichte\" \/>\n<meta property=\"og:description\" content=\"Amir und Paul lieben Fu\u00dfball. Eine spannende Geschichte \u00fcber Fu\u00dfball und Freundschaft f\u00fcr Erstleser ab Klasse 2. F\u00f6rdert spielerisch die Lesekompetenz.\" \/>\n<meta property=\"og:url\" content=\"https:\/\/der-schulbedarf.shop\/produkt-des-monats\/produkt\/leserabe-2-lesestufe-10-fuer-paul-eine-fussballgeschichte\/\" \/>\n<meta property=\"og:site_name\" content=\"der-Schulbedarf.shop\" \/>\n<meta property=\"article:modified_time\" content=\"2025-08-29T08:09:14+00:00\" \/>\n<meta property=\"og:image\" content=\"https:\/\/der-schulbedarf.shop\/wp-content\/uploads\/2023\/06\/46214-720x380-1.webp\" \/>\n\t<meta property=\"og:image:width\" content=\"720\" \/>\n\t<meta property=\"og:image:height\" content=\"380\" \/>\n\t<meta property=\"og:image:type\" content=\"image\/webp\" \/>\n<meta name=\"twitter:card\" content=\"summary_large_image\" \/>\n<meta name=\"twitter:label1\" content=\"Gesch\u00e4tzte Lesezeit\" \/>\n\t<meta name=\"twitter:data1\" content=\"1\u00a0Minute\" \/>\n<script type=\"application\/ld+json\" class=\"yoast-schema-graph\">{\"@context\":\"https:\/\/schema.org\",\"@graph\":[{\"@type\":\"WebPage\",\"@id\":\"https:\/\/der-schulbedarf.shop\/produkt-des-monats\/produkt\/leserabe-2-lesestufe-10-fuer-paul-eine-fussballgeschichte\/\",\"url\":\"https:\/\/der-schulbedarf.shop\/produkt-des-monats\/produkt\/leserabe-2-lesestufe-10-fuer-paul-eine-fussballgeschichte\/\",\"name\":\"Leserabe-1:0 f\u00fcr Paul - Eine Fu\u00dfballgeschichte\",\"isPartOf\":{\"@id\":\"https:\/\/der-schulbedarf.shop\/produkt-des-monats\/#website\"},\"primaryImageOfPage\":{\"@id\":\"https:\/\/der-schulbedarf.shop\/produkt-des-monats\/produkt\/leserabe-2-lesestufe-10-fuer-paul-eine-fussballgeschichte\/#primaryimage\"},\"image\":{\"@id\":\"https:\/\/der-schulbedarf.shop\/produkt-des-monats\/produkt\/leserabe-2-lesestufe-10-fuer-paul-eine-fussballgeschichte\/#primaryimage\"},\"thumbnailUrl\":\"https:\/\/der-schulbedarf.shop\/wp-content\/uploads\/2023\/06\/46214-720x380-1.webp\",\"datePublished\":\"2023-06-13T08:41:59+00:00\",\"dateModified\":\"2025-08-29T08:09:14+00:00\",\"description\":\"Amir und Paul lieben Fu\u00dfball. Eine spannende Geschichte \u00fcber Fu\u00dfball und Freundschaft f\u00fcr Erstleser ab Klasse 2. F\u00f6rdert spielerisch die Lesekompetenz.\",\"breadcrumb\":{\"@id\":\"https:\/\/der-schulbedarf.shop\/produkt-des-monats\/produkt\/leserabe-2-lesestufe-10-fuer-paul-eine-fussballgeschichte\/#breadcrumb\"},\"inLanguage\":\"de\",\"potentialAction\":[{\"@type\":\"ReadAction\",\"target\":[\"https:\/\/der-schulbedarf.shop\/produkt-des-monats\/produkt\/leserabe-2-lesestufe-10-fuer-paul-eine-fussballgeschichte\/\"]}]},{\"@type\":\"ImageObject\",\"inLanguage\":\"de\",\"@id\":\"https:\/\/der-schulbedarf.shop\/produkt-des-monats\/produkt\/leserabe-2-lesestufe-10-fuer-paul-eine-fussballgeschichte\/#primaryimage\",\"url\":\"https:\/\/der-schulbedarf.shop\/wp-content\/uploads\/2023\/06\/46214-720x380-1.webp\",\"contentUrl\":\"https:\/\/der-schulbedarf.shop\/wp-content\/uploads\/2023\/06\/46214-720x380-1.webp\",\"width\":720,\"height\":380,\"caption\":\"Eine Fu\u00dfballgeschichte\"},{\"@type\":\"BreadcrumbList\",\"@id\":\"https:\/\/der-schulbedarf.shop\/produkt-des-monats\/produkt\/leserabe-2-lesestufe-10-fuer-paul-eine-fussballgeschichte\/#breadcrumb\",\"itemListElement\":[{\"@type\":\"ListItem\",\"position\":1,\"name\":\"Shop\",\"item\":\"https:\/\/der-schulbedarf.shop\/produkt-des-monats\/shop\/\"},{\"@type\":\"ListItem\",\"position\":2,\"name\":\"Leserabe &#8211; 2. Lesestufe: 1:0 f\u00fcr Paul &#8211; Eine Fu\u00dfballgeschichte\"}]},{\"@type\":\"WebSite\",\"@id\":\"https:\/\/der-schulbedarf.shop\/produkt-des-monats\/#website\",\"url\":\"https:\/\/der-schulbedarf.shop\/produkt-des-monats\/\",\"name\":\"der-Schulbedarf.shop\",\"description\":\"\",\"publisher\":{\"@id\":\"https:\/\/der-schulbedarf.shop\/produkt-des-monats\/#organization\"},\"potentialAction\":[{\"@type\":\"SearchAction\",\"target\":{\"@type\":\"EntryPoint\",\"urlTemplate\":\"https:\/\/der-schulbedarf.shop\/produkt-des-monats\/?s={search_term_string}\"},\"query-input\":{\"@type\":\"PropertyValueSpecification\",\"valueRequired\":true,\"valueName\":\"search_term_string\"}}],\"inLanguage\":\"de\"},{\"@type\":\"Organization\",\"@id\":\"https:\/\/der-schulbedarf.shop\/produkt-des-monats\/#organization\",\"name\":\"der-Schulbedarf.shop\",\"url\":\"https:\/\/der-schulbedarf.shop\/produkt-des-monats\/\",\"logo\":{\"@type\":\"ImageObject\",\"inLanguage\":\"de\",\"@id\":\"https:\/\/der-schulbedarf.shop\/produkt-des-monats\/#\/schema\/logo\/image\/\",\"url\":\"https:\/\/der-schulbedarf.shop\/wp-content\/uploads\/2024\/02\/grafik-e1709551115899.png\",\"contentUrl\":\"https:\/\/der-schulbedarf.shop\/wp-content\/uploads\/2024\/02\/grafik-e1709551115899.png\",\"width\":80,\"height\":80,\"caption\":\"der-Schulbedarf.shop\"},\"image\":{\"@id\":\"https:\/\/der-schulbedarf.shop\/produkt-des-monats\/#\/schema\/logo\/image\/\"}}]}<\/script>\n<!-- \/ Yoast SEO plugin. -->","yoast_head_json":{"title":"Leserabe-1:0 f\u00fcr Paul - Eine Fu\u00dfballgeschichte","description":"Amir und Paul lieben Fu\u00dfball. Eine spannende Geschichte \u00fcber Fu\u00dfball und Freundschaft f\u00fcr Erstleser ab Klasse 2. F\u00f6rdert spielerisch die Lesekompetenz.","robots":{"index":"index","follow":"follow","max-snippet":"max-snippet:-1","max-image-preview":"max-image-preview:large","max-video-preview":"max-video-preview:-1"},"canonical":"https:\/\/der-schulbedarf.shop\/produkt-des-monats\/produkt\/leserabe-2-lesestufe-10-fuer-paul-eine-fussballgeschichte\/","og_locale":"de_DE","og_type":"article","og_title":"Leserabe-1:0 f\u00fcr Paul - Eine Fu\u00dfballgeschichte","og_description":"Amir und Paul lieben Fu\u00dfball. Eine spannende Geschichte \u00fcber Fu\u00dfball und Freundschaft f\u00fcr Erstleser ab Klasse 2. F\u00f6rdert spielerisch die Lesekompetenz.","og_url":"https:\/\/der-schulbedarf.shop\/produkt-des-monats\/produkt\/leserabe-2-lesestufe-10-fuer-paul-eine-fussballgeschichte\/","og_site_name":"der-Schulbedarf.shop","article_modified_time":"2025-08-29T08:09:14+00:00","og_image":[{"width":720,"height":380,"url":"https:\/\/der-schulbedarf.shop\/wp-content\/uploads\/2023\/06\/46214-720x380-1.webp","type":"image\/webp"}],"twitter_card":"summary_large_image","twitter_misc":{"Gesch\u00e4tzte Lesezeit":"1\u00a0Minute"},"schema":{"@context":"https:\/\/schema.org","@graph":[{"@type":"WebPage","@id":"https:\/\/der-schulbedarf.shop\/produkt-des-monats\/produkt\/leserabe-2-lesestufe-10-fuer-paul-eine-fussballgeschichte\/","url":"https:\/\/der-schulbedarf.shop\/produkt-des-monats\/produkt\/leserabe-2-lesestufe-10-fuer-paul-eine-fussballgeschichte\/","name":"Leserabe-1:0 f\u00fcr Paul - Eine Fu\u00dfballgeschichte","isPartOf":{"@id":"https:\/\/der-schulbedarf.shop\/produkt-des-monats\/#website"},"primaryImageOfPage":{"@id":"https:\/\/der-schulbedarf.shop\/produkt-des-monats\/produkt\/leserabe-2-lesestufe-10-fuer-paul-eine-fussballgeschichte\/#primaryimage"},"image":{"@id":"https:\/\/der-schulbedarf.shop\/produkt-des-monats\/produkt\/leserabe-2-lesestufe-10-fuer-paul-eine-fussballgeschichte\/#primaryimage"},"thumbnailUrl":"https:\/\/der-schulbedarf.shop\/wp-content\/uploads\/2023\/06\/46214-720x380-1.webp","datePublished":"2023-06-13T08:41:59+00:00","dateModified":"2025-08-29T08:09:14+00:00","description":"Amir und Paul lieben Fu\u00dfball. Eine spannende Geschichte \u00fcber Fu\u00dfball und Freundschaft f\u00fcr Erstleser ab Klasse 2. F\u00f6rdert spielerisch die Lesekompetenz.","breadcrumb":{"@id":"https:\/\/der-schulbedarf.shop\/produkt-des-monats\/produkt\/leserabe-2-lesestufe-10-fuer-paul-eine-fussballgeschichte\/#breadcrumb"},"inLanguage":"de","potentialAction":[{"@type":"ReadAction","target":["https:\/\/der-schulbedarf.shop\/produkt-des-monats\/produkt\/leserabe-2-lesestufe-10-fuer-paul-eine-fussballgeschichte\/"]}]},{"@type":"ImageObject","inLanguage":"de","@id":"https:\/\/der-schulbedarf.shop\/produkt-des-monats\/produkt\/leserabe-2-lesestufe-10-fuer-paul-eine-fussballgeschichte\/#primaryimage","url":"https:\/\/der-schulbedarf.shop\/wp-content\/uploads\/2023\/06\/46214-720x380-1.webp","contentUrl":"https:\/\/der-schulbedarf.shop\/wp-content\/uploads\/2023\/06\/46214-720x380-1.webp","width":720,"height":380,"caption":"Eine Fu\u00dfballgeschichte"},{"@type":"BreadcrumbList","@id":"https:\/\/der-schulbedarf.shop\/produkt-des-monats\/produkt\/leserabe-2-lesestufe-10-fuer-paul-eine-fussballgeschichte\/#breadcrumb","itemListElement":[{"@type":"ListItem","position":1,"name":"Shop","item":"https:\/\/der-schulbedarf.shop\/produkt-des-monats\/shop\/"},{"@type":"ListItem","position":2,"name":"Leserabe &#8211; 2. Lesestufe: 1:0 f\u00fcr Paul &#8211; Eine Fu\u00dfballgeschichte"}]},{"@type":"WebSite","@id":"https:\/\/der-schulbedarf.shop\/produkt-des-monats\/#website","url":"https:\/\/der-schulbedarf.shop\/produkt-des-monats\/","name":"der-Schulbedarf.shop","description":"","publisher":{"@id":"https:\/\/der-schulbedarf.shop\/produkt-des-monats\/#organization"},"potentialAction":[{"@type":"SearchAction","target":{"@type":"EntryPoint","urlTemplate":"https:\/\/der-schulbedarf.shop\/produkt-des-monats\/?s={search_term_string}"},"query-input":{"@type":"PropertyValueSpecification","valueRequired":true,"valueName":"search_term_string"}}],"inLanguage":"de"},{"@type":"Organization","@id":"https:\/\/der-schulbedarf.shop\/produkt-des-monats\/#organization","name":"der-Schulbedarf.shop","url":"https:\/\/der-schulbedarf.shop\/produkt-des-monats\/","logo":{"@type":"ImageObject","inLanguage":"de","@id":"https:\/\/der-schulbedarf.shop\/produkt-des-monats\/#\/schema\/logo\/image\/","url":"https:\/\/der-schulbedarf.shop\/wp-content\/uploads\/2024\/02\/grafik-e1709551115899.png","contentUrl":"https:\/\/der-schulbedarf.shop\/wp-content\/uploads\/2024\/02\/grafik-e1709551115899.png","width":80,"height":80,"caption":"der-Schulbedarf.shop"},"image":{"@id":"https:\/\/der-schulbedarf.shop\/produkt-des-monats\/#\/schema\/logo\/image\/"}}]}},"_links":{"self":[{"href":"https:\/\/der-schulbedarf.shop\/produkt-des-monats\/wp-json\/wp\/v2\/product\/1615","targetHints":{"allow":["GET"]}}],"collection":[{"href":"https:\/\/der-schulbedarf.shop\/produkt-des-monats\/wp-json\/wp\/v2\/product"}],"about":[{"href":"https:\/\/der-schulbedarf.shop\/produkt-des-monats\/wp-json\/wp\/v2\/types\/product"}],"replies":[{"embeddable":true,"href":"https:\/\/der-schulbedarf.shop\/produkt-des-monats\/wp-json\/wp\/v2\/comments?post=1615"}],"wp:featuredmedia":[{"embeddable":true,"href":"https:\/\/der-schulbedarf.shop\/produkt-des-monats\/wp-json\/wp\/v2\/media\/2194"}],"wp:attachment":[{"href":"https:\/\/der-schulbedarf.shop\/produkt-des-monats\/wp-json\/wp\/v2\/media?parent=1615"}],"wp:term":[{"taxonomy":"product_cat","embeddable":true,"href":"https:\/\/der-schulbedarf.shop\/produkt-des-monats\/wp-json\/wp\/v2\/product_cat?post=1615"},{"taxonomy":"product_tag","embeddable":true,"href":"https:\/\/der-schulbedarf.shop\/produkt-des-monats\/wp-json\/wp\/v2\/product_tag?post=1615"}],"curies":[{"name":"wp","href":"https:\/\/api.w.org\/{rel}","templated":true}]}}