{"id":1629,"date":"2023-06-13T06:57:18","date_gmt":"2023-06-13T06:57:18","guid":{"rendered":"https:\/\/der-schulbedarf.Shop\/?post_type=product&#038;p=1629"},"modified":"2025-08-29T10:30:04","modified_gmt":"2025-08-29T10:30:04","slug":"leserabe-sonderausgaben-zauberhafte-erstlesegeschichten-von-pferden-und-geheimnissen","status":"publish","type":"product","link":"https:\/\/der-schulbedarf.shop\/produkt-des-monats\/produkt\/leserabe-sonderausgaben-zauberhafte-erstlesegeschichten-von-pferden-und-geheimnissen\/","title":{"rendered":"Leserabe &#8211; Sonderausgaben: Zauberhafte Erstlesegeschichten von Pferden und Geheimnissen"},"content":{"rendered":"<p>Marie w\u00fcnscht sich unbedingt ein Pony, doch Mama und Papa erlauben ihr blo\u00df einen Hund. Die Eltern staunen nicht schlecht, als Marie am n\u00e4chsten Tag mit einem ganz besonderen Hund nach Hause kommt.<br \/>\nLeon verh\u00e4lt sich in letzter Zeit komisch. Schnell ist Mia klar: Leon hat ein Geheimnis! Ob er es seiner besten Freundin verr\u00e4t?<br \/>\nZwei Leseraben-Geschichten in einem Band mit gro\u00dfer Fibelschrift und einfachem Wortschatz, die sich perfekt zum Lesenlernen eignen.<\/p>\n<p>Lesen lernen mit dem Ravensburger LeserabenDie 1. Lesestufe spricht Kinder an, die mit dem Leselern-Prozess begonnen haben, und bietet ideale B\u00fccher f\u00fcr Leseanf\u00e4nger. Kurze Textabschnitte, einfacher Wortschatz sowie die extragro\u00dfe Fibelschrift erleichtern Kindern das Lesen. Leser\u00e4tsel f\u00fcr Leseanf\u00e4nger und spannende Geschichten machen das Lesenlernen zu einem echten Vergn\u00fcgen.<\/p>\n","protected":false},"excerpt":{"rendered":"<p>Marie w\u00fcnscht sich unbedingt ein Pony, doch Mama und Papa erlauben ihr blo\u00df einen Hund. Die Eltern staunen nicht schlecht, als Marie am n\u00e4chsten Tag mit einem ganz besonderen Hund nach Hause kommt. Leon verh\u00e4lt sich in letzter Zeit komisch. Schnell ist Mia klar: Leon hat ein Geheimnis! Ob er es seiner besten Freundin verr\u00e4t? [&hellip;]<\/p>\n","protected":false},"featured_media":2176,"comment_status":"open","ping_status":"closed","template":"","meta":[],"product_cat":[224,915,944,225,1028],"product_tag":[511,192,111,728,200,201,727,196,197,195,190,115,199,114,186,113,210,112,718,198,181,185,720,202,179,719,188,168,461,729,257,522,167,363],"class_list":{"0":"post-1629","1":"product","2":"type-product","3":"status-publish","4":"has-post-thumbnail","6":"product_cat-kinderbuecher","7":"product_cat-produkt-feeds","8":"product_cat-produktzufuehrung-geizhal","9":"product_cat-ravensburger-kinderbuecher","10":"product_cat-vorschulalter","11":"product_tag-1-klasse","12":"product_tag-antolin","13":"product_tag-beschaeftigung","14":"product_tag-beste-freunde","15":"product_tag-buch","16":"product_tag-buecher","17":"product_tag-deutsch","18":"product_tag-erstlesebuch","19":"product_tag-erstlesebuecher","20":"product_tag-erstleser","21":"product_tag-freundschaft","22":"product_tag-fuer-jungen","23":"product_tag-fuer-kinder-ab-6-jahre","24":"product_tag-fuer-maedchen","25":"product_tag-geheimnis","26":"product_tag-geschenk","27":"product_tag-geschenk-kinder","28":"product_tag-geschenkidee","29":"product_tag-jungen-und-maedchen","30":"product_tag-kinderbuch","31":"product_tag-kinderbuecher","32":"product_tag-leseanfaenger","33":"product_tag-lesefoerderung-grundschule","34":"product_tag-lesen","35":"product_tag-lesen-lernen","36":"product_tag-lesen-lernen-leicht-gemacht","37":"product_tag-magie","38":"product_tag-natur","39":"product_tag-pferde","40":"product_tag-pferderennen","41":"product_tag-pony","42":"product_tag-schultuete","43":"product_tag-tiere","44":"product_tag-wald","45":"post","46":"post-with-thumbnail","47":"post-with-thumbnail-large","49":"first","50":"outofstock","51":"taxable","52":"shipping-taxable","53":"purchasable","54":"product-type-simple"},"yoast_head":"<!-- This site is optimized with the Yoast SEO plugin v26.6 - https:\/\/yoast.com\/wordpress\/plugins\/seo\/ -->\n<title>Zauberhafte Erstlesegeschichten von Pferden und Geheimnissen<\/title>\n<meta name=\"description\" content=\"Zauberhafte Erstlesegeschichten von Pferden und Geheimnissen. Marie m\u00f6chte ein Pony. Leon verh\u00e4lt sich komisch, zauberhafte Geschichten. F\u00fcr Leseanf\u00e4nger.\" \/>\n<meta name=\"robots\" content=\"index, follow, max-snippet:-1, max-image-preview:large, max-video-preview:-1\" \/>\n<link rel=\"canonical\" href=\"https:\/\/der-schulbedarf.shop\/produkt-des-monats\/produkt\/leserabe-sonderausgaben-zauberhafte-erstlesegeschichten-von-pferden-und-geheimnissen\/\" \/>\n<meta property=\"og:locale\" content=\"de_DE\" \/>\n<meta property=\"og:type\" content=\"article\" \/>\n<meta property=\"og:title\" content=\"Zauberhafte Erstlesegeschichten von Pferden und Geheimnissen\" \/>\n<meta property=\"og:description\" content=\"Zauberhafte Erstlesegeschichten von Pferden und Geheimnissen. Marie m\u00f6chte ein Pony. Leon verh\u00e4lt sich komisch, zauberhafte Geschichten. F\u00fcr Leseanf\u00e4nger.\" \/>\n<meta property=\"og:url\" content=\"https:\/\/der-schulbedarf.shop\/produkt-des-monats\/produkt\/leserabe-sonderausgaben-zauberhafte-erstlesegeschichten-von-pferden-und-geheimnissen\/\" \/>\n<meta property=\"og:site_name\" content=\"der-Schulbedarf.shop\" \/>\n<meta property=\"article:modified_time\" content=\"2025-08-29T10:30:04+00:00\" \/>\n<meta property=\"og:image\" content=\"https:\/\/der-schulbedarf.shop\/wp-content\/uploads\/2023\/06\/AN-46032_1-720x380-1.webp\" \/>\n\t<meta property=\"og:image:width\" content=\"720\" \/>\n\t<meta property=\"og:image:height\" content=\"380\" \/>\n\t<meta property=\"og:image:type\" content=\"image\/webp\" \/>\n<meta name=\"twitter:card\" content=\"summary_large_image\" \/>\n<meta name=\"twitter:label1\" content=\"Gesch\u00e4tzte Lesezeit\" \/>\n\t<meta name=\"twitter:data1\" content=\"1\u00a0Minute\" \/>\n<script type=\"application\/ld+json\" class=\"yoast-schema-graph\">{\"@context\":\"https:\/\/schema.org\",\"@graph\":[{\"@type\":\"WebPage\",\"@id\":\"https:\/\/der-schulbedarf.shop\/produkt-des-monats\/produkt\/leserabe-sonderausgaben-zauberhafte-erstlesegeschichten-von-pferden-und-geheimnissen\/\",\"url\":\"https:\/\/der-schulbedarf.shop\/produkt-des-monats\/produkt\/leserabe-sonderausgaben-zauberhafte-erstlesegeschichten-von-pferden-und-geheimnissen\/\",\"name\":\"Zauberhafte Erstlesegeschichten von Pferden und Geheimnissen\",\"isPartOf\":{\"@id\":\"https:\/\/der-schulbedarf.shop\/produkt-des-monats\/#website\"},\"primaryImageOfPage\":{\"@id\":\"https:\/\/der-schulbedarf.shop\/produkt-des-monats\/produkt\/leserabe-sonderausgaben-zauberhafte-erstlesegeschichten-von-pferden-und-geheimnissen\/#primaryimage\"},\"image\":{\"@id\":\"https:\/\/der-schulbedarf.shop\/produkt-des-monats\/produkt\/leserabe-sonderausgaben-zauberhafte-erstlesegeschichten-von-pferden-und-geheimnissen\/#primaryimage\"},\"thumbnailUrl\":\"https:\/\/der-schulbedarf.shop\/wp-content\/uploads\/2023\/06\/AN-46032_1-720x380-1.webp\",\"datePublished\":\"2023-06-13T06:57:18+00:00\",\"dateModified\":\"2025-08-29T10:30:04+00:00\",\"description\":\"Zauberhafte Erstlesegeschichten von Pferden und Geheimnissen. Marie m\u00f6chte ein Pony. Leon verh\u00e4lt sich komisch, zauberhafte Geschichten. F\u00fcr Leseanf\u00e4nger.\",\"breadcrumb\":{\"@id\":\"https:\/\/der-schulbedarf.shop\/produkt-des-monats\/produkt\/leserabe-sonderausgaben-zauberhafte-erstlesegeschichten-von-pferden-und-geheimnissen\/#breadcrumb\"},\"inLanguage\":\"de\",\"potentialAction\":[{\"@type\":\"ReadAction\",\"target\":[\"https:\/\/der-schulbedarf.shop\/produkt-des-monats\/produkt\/leserabe-sonderausgaben-zauberhafte-erstlesegeschichten-von-pferden-und-geheimnissen\/\"]}]},{\"@type\":\"ImageObject\",\"inLanguage\":\"de\",\"@id\":\"https:\/\/der-schulbedarf.shop\/produkt-des-monats\/produkt\/leserabe-sonderausgaben-zauberhafte-erstlesegeschichten-von-pferden-und-geheimnissen\/#primaryimage\",\"url\":\"https:\/\/der-schulbedarf.shop\/wp-content\/uploads\/2023\/06\/AN-46032_1-720x380-1.webp\",\"contentUrl\":\"https:\/\/der-schulbedarf.shop\/wp-content\/uploads\/2023\/06\/AN-46032_1-720x380-1.webp\",\"width\":720,\"height\":380,\"caption\":\"Zauberhafte Erstlesegeschichten von Pferden und Geheimnissen\"},{\"@type\":\"BreadcrumbList\",\"@id\":\"https:\/\/der-schulbedarf.shop\/produkt-des-monats\/produkt\/leserabe-sonderausgaben-zauberhafte-erstlesegeschichten-von-pferden-und-geheimnissen\/#breadcrumb\",\"itemListElement\":[{\"@type\":\"ListItem\",\"position\":1,\"name\":\"Shop\",\"item\":\"https:\/\/der-schulbedarf.shop\/produkt-des-monats\/shop\/\"},{\"@type\":\"ListItem\",\"position\":2,\"name\":\"Leserabe &#8211; Sonderausgaben: Zauberhafte Erstlesegeschichten von Pferden und Geheimnissen\"}]},{\"@type\":\"WebSite\",\"@id\":\"https:\/\/der-schulbedarf.shop\/produkt-des-monats\/#website\",\"url\":\"https:\/\/der-schulbedarf.shop\/produkt-des-monats\/\",\"name\":\"der-Schulbedarf.shop\",\"description\":\"\",\"publisher\":{\"@id\":\"https:\/\/der-schulbedarf.shop\/produkt-des-monats\/#organization\"},\"potentialAction\":[{\"@type\":\"SearchAction\",\"target\":{\"@type\":\"EntryPoint\",\"urlTemplate\":\"https:\/\/der-schulbedarf.shop\/produkt-des-monats\/?s={search_term_string}\"},\"query-input\":{\"@type\":\"PropertyValueSpecification\",\"valueRequired\":true,\"valueName\":\"search_term_string\"}}],\"inLanguage\":\"de\"},{\"@type\":\"Organization\",\"@id\":\"https:\/\/der-schulbedarf.shop\/produkt-des-monats\/#organization\",\"name\":\"der-Schulbedarf.shop\",\"url\":\"https:\/\/der-schulbedarf.shop\/produkt-des-monats\/\",\"logo\":{\"@type\":\"ImageObject\",\"inLanguage\":\"de\",\"@id\":\"https:\/\/der-schulbedarf.shop\/produkt-des-monats\/#\/schema\/logo\/image\/\",\"url\":\"https:\/\/der-schulbedarf.shop\/wp-content\/uploads\/2024\/02\/grafik-e1709551115899.png\",\"contentUrl\":\"https:\/\/der-schulbedarf.shop\/wp-content\/uploads\/2024\/02\/grafik-e1709551115899.png\",\"width\":80,\"height\":80,\"caption\":\"der-Schulbedarf.shop\"},\"image\":{\"@id\":\"https:\/\/der-schulbedarf.shop\/produkt-des-monats\/#\/schema\/logo\/image\/\"}}]}<\/script>\n<!-- \/ Yoast SEO plugin. -->","yoast_head_json":{"title":"Zauberhafte Erstlesegeschichten von Pferden und Geheimnissen","description":"Zauberhafte Erstlesegeschichten von Pferden und Geheimnissen. Marie m\u00f6chte ein Pony. Leon verh\u00e4lt sich komisch, zauberhafte Geschichten. F\u00fcr Leseanf\u00e4nger.","robots":{"index":"index","follow":"follow","max-snippet":"max-snippet:-1","max-image-preview":"max-image-preview:large","max-video-preview":"max-video-preview:-1"},"canonical":"https:\/\/der-schulbedarf.shop\/produkt-des-monats\/produkt\/leserabe-sonderausgaben-zauberhafte-erstlesegeschichten-von-pferden-und-geheimnissen\/","og_locale":"de_DE","og_type":"article","og_title":"Zauberhafte Erstlesegeschichten von Pferden und Geheimnissen","og_description":"Zauberhafte Erstlesegeschichten von Pferden und Geheimnissen. Marie m\u00f6chte ein Pony. Leon verh\u00e4lt sich komisch, zauberhafte Geschichten. F\u00fcr Leseanf\u00e4nger.","og_url":"https:\/\/der-schulbedarf.shop\/produkt-des-monats\/produkt\/leserabe-sonderausgaben-zauberhafte-erstlesegeschichten-von-pferden-und-geheimnissen\/","og_site_name":"der-Schulbedarf.shop","article_modified_time":"2025-08-29T10:30:04+00:00","og_image":[{"width":720,"height":380,"url":"https:\/\/der-schulbedarf.shop\/wp-content\/uploads\/2023\/06\/AN-46032_1-720x380-1.webp","type":"image\/webp"}],"twitter_card":"summary_large_image","twitter_misc":{"Gesch\u00e4tzte Lesezeit":"1\u00a0Minute"},"schema":{"@context":"https:\/\/schema.org","@graph":[{"@type":"WebPage","@id":"https:\/\/der-schulbedarf.shop\/produkt-des-monats\/produkt\/leserabe-sonderausgaben-zauberhafte-erstlesegeschichten-von-pferden-und-geheimnissen\/","url":"https:\/\/der-schulbedarf.shop\/produkt-des-monats\/produkt\/leserabe-sonderausgaben-zauberhafte-erstlesegeschichten-von-pferden-und-geheimnissen\/","name":"Zauberhafte Erstlesegeschichten von Pferden und Geheimnissen","isPartOf":{"@id":"https:\/\/der-schulbedarf.shop\/produkt-des-monats\/#website"},"primaryImageOfPage":{"@id":"https:\/\/der-schulbedarf.shop\/produkt-des-monats\/produkt\/leserabe-sonderausgaben-zauberhafte-erstlesegeschichten-von-pferden-und-geheimnissen\/#primaryimage"},"image":{"@id":"https:\/\/der-schulbedarf.shop\/produkt-des-monats\/produkt\/leserabe-sonderausgaben-zauberhafte-erstlesegeschichten-von-pferden-und-geheimnissen\/#primaryimage"},"thumbnailUrl":"https:\/\/der-schulbedarf.shop\/wp-content\/uploads\/2023\/06\/AN-46032_1-720x380-1.webp","datePublished":"2023-06-13T06:57:18+00:00","dateModified":"2025-08-29T10:30:04+00:00","description":"Zauberhafte Erstlesegeschichten von Pferden und Geheimnissen. Marie m\u00f6chte ein Pony. Leon verh\u00e4lt sich komisch, zauberhafte Geschichten. F\u00fcr Leseanf\u00e4nger.","breadcrumb":{"@id":"https:\/\/der-schulbedarf.shop\/produkt-des-monats\/produkt\/leserabe-sonderausgaben-zauberhafte-erstlesegeschichten-von-pferden-und-geheimnissen\/#breadcrumb"},"inLanguage":"de","potentialAction":[{"@type":"ReadAction","target":["https:\/\/der-schulbedarf.shop\/produkt-des-monats\/produkt\/leserabe-sonderausgaben-zauberhafte-erstlesegeschichten-von-pferden-und-geheimnissen\/"]}]},{"@type":"ImageObject","inLanguage":"de","@id":"https:\/\/der-schulbedarf.shop\/produkt-des-monats\/produkt\/leserabe-sonderausgaben-zauberhafte-erstlesegeschichten-von-pferden-und-geheimnissen\/#primaryimage","url":"https:\/\/der-schulbedarf.shop\/wp-content\/uploads\/2023\/06\/AN-46032_1-720x380-1.webp","contentUrl":"https:\/\/der-schulbedarf.shop\/wp-content\/uploads\/2023\/06\/AN-46032_1-720x380-1.webp","width":720,"height":380,"caption":"Zauberhafte Erstlesegeschichten von Pferden und Geheimnissen"},{"@type":"BreadcrumbList","@id":"https:\/\/der-schulbedarf.shop\/produkt-des-monats\/produkt\/leserabe-sonderausgaben-zauberhafte-erstlesegeschichten-von-pferden-und-geheimnissen\/#breadcrumb","itemListElement":[{"@type":"ListItem","position":1,"name":"Shop","item":"https:\/\/der-schulbedarf.shop\/produkt-des-monats\/shop\/"},{"@type":"ListItem","position":2,"name":"Leserabe &#8211; Sonderausgaben: Zauberhafte Erstlesegeschichten von Pferden und Geheimnissen"}]},{"@type":"WebSite","@id":"https:\/\/der-schulbedarf.shop\/produkt-des-monats\/#website","url":"https:\/\/der-schulbedarf.shop\/produkt-des-monats\/","name":"der-Schulbedarf.shop","description":"","publisher":{"@id":"https:\/\/der-schulbedarf.shop\/produkt-des-monats\/#organization"},"potentialAction":[{"@type":"SearchAction","target":{"@type":"EntryPoint","urlTemplate":"https:\/\/der-schulbedarf.shop\/produkt-des-monats\/?s={search_term_string}"},"query-input":{"@type":"PropertyValueSpecification","valueRequired":true,"valueName":"search_term_string"}}],"inLanguage":"de"},{"@type":"Organization","@id":"https:\/\/der-schulbedarf.shop\/produkt-des-monats\/#organization","name":"der-Schulbedarf.shop","url":"https:\/\/der-schulbedarf.shop\/produkt-des-monats\/","logo":{"@type":"ImageObject","inLanguage":"de","@id":"https:\/\/der-schulbedarf.shop\/produkt-des-monats\/#\/schema\/logo\/image\/","url":"https:\/\/der-schulbedarf.shop\/wp-content\/uploads\/2024\/02\/grafik-e1709551115899.png","contentUrl":"https:\/\/der-schulbedarf.shop\/wp-content\/uploads\/2024\/02\/grafik-e1709551115899.png","width":80,"height":80,"caption":"der-Schulbedarf.shop"},"image":{"@id":"https:\/\/der-schulbedarf.shop\/produkt-des-monats\/#\/schema\/logo\/image\/"}}]}},"_links":{"self":[{"href":"https:\/\/der-schulbedarf.shop\/produkt-des-monats\/wp-json\/wp\/v2\/product\/1629","targetHints":{"allow":["GET"]}}],"collection":[{"href":"https:\/\/der-schulbedarf.shop\/produkt-des-monats\/wp-json\/wp\/v2\/product"}],"about":[{"href":"https:\/\/der-schulbedarf.shop\/produkt-des-monats\/wp-json\/wp\/v2\/types\/product"}],"replies":[{"embeddable":true,"href":"https:\/\/der-schulbedarf.shop\/produkt-des-monats\/wp-json\/wp\/v2\/comments?post=1629"}],"wp:featuredmedia":[{"embeddable":true,"href":"https:\/\/der-schulbedarf.shop\/produkt-des-monats\/wp-json\/wp\/v2\/media\/2176"}],"wp:attachment":[{"href":"https:\/\/der-schulbedarf.shop\/produkt-des-monats\/wp-json\/wp\/v2\/media?parent=1629"}],"wp:term":[{"taxonomy":"product_cat","embeddable":true,"href":"https:\/\/der-schulbedarf.shop\/produkt-des-monats\/wp-json\/wp\/v2\/product_cat?post=1629"},{"taxonomy":"product_tag","embeddable":true,"href":"https:\/\/der-schulbedarf.shop\/produkt-des-monats\/wp-json\/wp\/v2\/product_tag?post=1629"}],"curies":[{"name":"wp","href":"https:\/\/api.w.org\/{rel}","templated":true}]}}