{"id":1645,"date":"2023-06-13T06:47:57","date_gmt":"2023-06-13T06:47:57","guid":{"rendered":"https:\/\/der-schulbedarf.Shop\/?post_type=product&#038;p=1645"},"modified":"2025-08-29T10:40:04","modified_gmt":"2025-08-29T10:40:04","slug":"guinness-world-records-fuer-erstleser-dinosaurier","status":"publish","type":"product","link":"https:\/\/der-schulbedarf.shop\/produkt-des-monats\/produkt\/guinness-world-records-fuer-erstleser-dinosaurier\/","title":{"rendered":"Guinness World Records f\u00fcr Erstleser &#8211; Dinosaurier"},"content":{"rendered":"<p>Auf die S\u00e4tze, fertig, los!<\/p>\n<p>Dinosaurier brachen alle Rekorde. Sie waren riesengro\u00df. Doch welcher war der allergr\u00f6\u00dfte? Welcher Dino hatte den l\u00e4ngsten Hals und welcher das kleinste Gehirn?<br \/>\nAll diese faszinierenden Rekorde k\u00f6nnen Kinder ab 7 Jahren jetzt auch schon selbst lesen. Kurze S\u00e4tze, einfache Sprache, gro\u00dfe Schrift und viele Bilder machen es m\u00f6glich.<\/p>\n<p>&nbsp;<\/p>\n<p>&nbsp;<\/p>\n","protected":false},"excerpt":{"rendered":"<p>Auf die S\u00e4tze, fertig, los! Dinosaurier brachen alle Rekorde. Sie waren riesengro\u00df. Doch welcher war der allergr\u00f6\u00dfte? Welcher Dino hatte den l\u00e4ngsten Hals und welcher das kleinste Gehirn? All diese faszinierenden Rekorde k\u00f6nnen Kinder ab 7 Jahren jetzt auch schon selbst lesen. Kurze S\u00e4tze, einfache Sprache, gro\u00dfe Schrift und viele Bilder machen es m\u00f6glich. &nbsp; [&hellip;]<\/p>\n","protected":false},"featured_media":2172,"comment_status":"open","ping_status":"closed","template":"","meta":[],"product_cat":[224,915,944,225],"product_tag":[111,200,201,734,440,737,196,197,195,549,115,223,114,113,548,112,733,547,198,181,202,179,735,529,736,738,732],"class_list":{"0":"post-1645","1":"product","2":"type-product","3":"status-publish","4":"has-post-thumbnail","6":"product_cat-kinderbuecher","7":"product_cat-produkt-feeds","8":"product_cat-produktzufuehrung-geizhal","9":"product_cat-ravensburger-kinderbuecher","10":"product_tag-beschaeftigung","11":"product_tag-buch","12":"product_tag-buecher","13":"product_tag-dinos","14":"product_tag-dinosaurier","15":"product_tag-diplodocus","16":"product_tag-erstlesebuch","17":"product_tag-erstlesebuecher","18":"product_tag-erstleser","19":"product_tag-erstleser-jungen-2-klasse","20":"product_tag-fuer-jungen","21":"product_tag-fuer-kinder-ab-7-jahre","22":"product_tag-fuer-maedchen","23":"product_tag-geschenk","24":"product_tag-geschenk-jungen-7-jahre","25":"product_tag-geschenkidee","26":"product_tag-guinnessbuch-der-rekorde","27":"product_tag-jungen-geschenke-7-jahre","28":"product_tag-kinderbuch","29":"product_tag-kinderbuecher","30":"product_tag-lesen","31":"product_tag-lesen-lernen","32":"product_tag-saurier","33":"product_tag-t-rex","34":"product_tag-triceratops","35":"product_tag-tyrannosaurus-rex","36":"product_tag-weltrekorde","37":"post","38":"post-with-thumbnail","39":"post-with-thumbnail-large","41":"first","42":"outofstock","43":"taxable","44":"shipping-taxable","45":"purchasable","46":"product-type-simple"},"yoast_head":"<!-- This site is optimized with the Yoast SEO plugin v26.6 - https:\/\/yoast.com\/wordpress\/plugins\/seo\/ -->\n<title>Guinness World Records f\u00fcr Erstleser - Dinosaurier - der-Schulbedarf.shop<\/title>\n<meta name=\"description\" content=\"Dinosaurier brachen alle Rekorde. Sie waren riesengro\u00df. Doch welcher war der allergr\u00f6\u00dfte? Welcher Dino hatte den l\u00e4ngsten Hals und welcher das kleinste Gehirn?\" \/>\n<meta name=\"robots\" content=\"index, follow, max-snippet:-1, max-image-preview:large, max-video-preview:-1\" \/>\n<link rel=\"canonical\" href=\"https:\/\/der-schulbedarf.shop\/produkt-des-monats\/produkt\/guinness-world-records-fuer-erstleser-dinosaurier\/\" \/>\n<meta property=\"og:locale\" content=\"de_DE\" \/>\n<meta property=\"og:type\" content=\"article\" \/>\n<meta property=\"og:title\" content=\"Guinness World Records f\u00fcr Erstleser - Dinosaurier - der-Schulbedarf.shop\" \/>\n<meta property=\"og:description\" content=\"Dinosaurier brachen alle Rekorde. Sie waren riesengro\u00df. Doch welcher war der allergr\u00f6\u00dfte? Welcher Dino hatte den l\u00e4ngsten Hals und welcher das kleinste Gehirn?\" \/>\n<meta property=\"og:url\" content=\"https:\/\/der-schulbedarf.shop\/produkt-des-monats\/produkt\/guinness-world-records-fuer-erstleser-dinosaurier\/\" \/>\n<meta property=\"og:site_name\" content=\"der-Schulbedarf.shop\" \/>\n<meta property=\"article:modified_time\" content=\"2025-08-29T10:40:04+00:00\" \/>\n<meta property=\"og:image\" content=\"https:\/\/der-schulbedarf.shop\/wp-content\/uploads\/2023\/06\/46220-720x380-1.webp\" \/>\n\t<meta property=\"og:image:width\" content=\"720\" \/>\n\t<meta property=\"og:image:height\" content=\"380\" \/>\n\t<meta property=\"og:image:type\" content=\"image\/webp\" \/>\n<meta name=\"twitter:card\" content=\"summary_large_image\" \/>\n<meta name=\"twitter:label1\" content=\"Gesch\u00e4tzte Lesezeit\" \/>\n\t<meta name=\"twitter:data1\" content=\"1\u00a0Minute\" \/>\n<script type=\"application\/ld+json\" class=\"yoast-schema-graph\">{\"@context\":\"https:\/\/schema.org\",\"@graph\":[{\"@type\":\"WebPage\",\"@id\":\"https:\/\/der-schulbedarf.shop\/produkt-des-monats\/produkt\/guinness-world-records-fuer-erstleser-dinosaurier\/\",\"url\":\"https:\/\/der-schulbedarf.shop\/produkt-des-monats\/produkt\/guinness-world-records-fuer-erstleser-dinosaurier\/\",\"name\":\"Guinness World Records f\u00fcr Erstleser - Dinosaurier - der-Schulbedarf.shop\",\"isPartOf\":{\"@id\":\"https:\/\/der-schulbedarf.shop\/produkt-des-monats\/#website\"},\"primaryImageOfPage\":{\"@id\":\"https:\/\/der-schulbedarf.shop\/produkt-des-monats\/produkt\/guinness-world-records-fuer-erstleser-dinosaurier\/#primaryimage\"},\"image\":{\"@id\":\"https:\/\/der-schulbedarf.shop\/produkt-des-monats\/produkt\/guinness-world-records-fuer-erstleser-dinosaurier\/#primaryimage\"},\"thumbnailUrl\":\"https:\/\/der-schulbedarf.shop\/wp-content\/uploads\/2023\/06\/46220-720x380-1.webp\",\"datePublished\":\"2023-06-13T06:47:57+00:00\",\"dateModified\":\"2025-08-29T10:40:04+00:00\",\"description\":\"Dinosaurier brachen alle Rekorde. Sie waren riesengro\u00df. Doch welcher war der allergr\u00f6\u00dfte? Welcher Dino hatte den l\u00e4ngsten Hals und welcher das kleinste Gehirn?\",\"breadcrumb\":{\"@id\":\"https:\/\/der-schulbedarf.shop\/produkt-des-monats\/produkt\/guinness-world-records-fuer-erstleser-dinosaurier\/#breadcrumb\"},\"inLanguage\":\"de\",\"potentialAction\":[{\"@type\":\"ReadAction\",\"target\":[\"https:\/\/der-schulbedarf.shop\/produkt-des-monats\/produkt\/guinness-world-records-fuer-erstleser-dinosaurier\/\"]}]},{\"@type\":\"ImageObject\",\"inLanguage\":\"de\",\"@id\":\"https:\/\/der-schulbedarf.shop\/produkt-des-monats\/produkt\/guinness-world-records-fuer-erstleser-dinosaurier\/#primaryimage\",\"url\":\"https:\/\/der-schulbedarf.shop\/wp-content\/uploads\/2023\/06\/46220-720x380-1.webp\",\"contentUrl\":\"https:\/\/der-schulbedarf.shop\/wp-content\/uploads\/2023\/06\/46220-720x380-1.webp\",\"width\":720,\"height\":380,\"caption\":\"Dinosaurier\"},{\"@type\":\"BreadcrumbList\",\"@id\":\"https:\/\/der-schulbedarf.shop\/produkt-des-monats\/produkt\/guinness-world-records-fuer-erstleser-dinosaurier\/#breadcrumb\",\"itemListElement\":[{\"@type\":\"ListItem\",\"position\":1,\"name\":\"Shop\",\"item\":\"https:\/\/der-schulbedarf.shop\/produkt-des-monats\/shop\/\"},{\"@type\":\"ListItem\",\"position\":2,\"name\":\"Guinness World Records f\u00fcr Erstleser &#8211; Dinosaurier\"}]},{\"@type\":\"WebSite\",\"@id\":\"https:\/\/der-schulbedarf.shop\/produkt-des-monats\/#website\",\"url\":\"https:\/\/der-schulbedarf.shop\/produkt-des-monats\/\",\"name\":\"der-Schulbedarf.shop\",\"description\":\"\",\"publisher\":{\"@id\":\"https:\/\/der-schulbedarf.shop\/produkt-des-monats\/#organization\"},\"potentialAction\":[{\"@type\":\"SearchAction\",\"target\":{\"@type\":\"EntryPoint\",\"urlTemplate\":\"https:\/\/der-schulbedarf.shop\/produkt-des-monats\/?s={search_term_string}\"},\"query-input\":{\"@type\":\"PropertyValueSpecification\",\"valueRequired\":true,\"valueName\":\"search_term_string\"}}],\"inLanguage\":\"de\"},{\"@type\":\"Organization\",\"@id\":\"https:\/\/der-schulbedarf.shop\/produkt-des-monats\/#organization\",\"name\":\"der-Schulbedarf.shop\",\"url\":\"https:\/\/der-schulbedarf.shop\/produkt-des-monats\/\",\"logo\":{\"@type\":\"ImageObject\",\"inLanguage\":\"de\",\"@id\":\"https:\/\/der-schulbedarf.shop\/produkt-des-monats\/#\/schema\/logo\/image\/\",\"url\":\"https:\/\/der-schulbedarf.shop\/wp-content\/uploads\/2024\/02\/grafik-e1709551115899.png\",\"contentUrl\":\"https:\/\/der-schulbedarf.shop\/wp-content\/uploads\/2024\/02\/grafik-e1709551115899.png\",\"width\":80,\"height\":80,\"caption\":\"der-Schulbedarf.shop\"},\"image\":{\"@id\":\"https:\/\/der-schulbedarf.shop\/produkt-des-monats\/#\/schema\/logo\/image\/\"}}]}<\/script>\n<!-- \/ Yoast SEO plugin. -->","yoast_head_json":{"title":"Guinness World Records f\u00fcr Erstleser - Dinosaurier - der-Schulbedarf.shop","description":"Dinosaurier brachen alle Rekorde. Sie waren riesengro\u00df. Doch welcher war der allergr\u00f6\u00dfte? Welcher Dino hatte den l\u00e4ngsten Hals und welcher das kleinste Gehirn?","robots":{"index":"index","follow":"follow","max-snippet":"max-snippet:-1","max-image-preview":"max-image-preview:large","max-video-preview":"max-video-preview:-1"},"canonical":"https:\/\/der-schulbedarf.shop\/produkt-des-monats\/produkt\/guinness-world-records-fuer-erstleser-dinosaurier\/","og_locale":"de_DE","og_type":"article","og_title":"Guinness World Records f\u00fcr Erstleser - Dinosaurier - der-Schulbedarf.shop","og_description":"Dinosaurier brachen alle Rekorde. Sie waren riesengro\u00df. Doch welcher war der allergr\u00f6\u00dfte? Welcher Dino hatte den l\u00e4ngsten Hals und welcher das kleinste Gehirn?","og_url":"https:\/\/der-schulbedarf.shop\/produkt-des-monats\/produkt\/guinness-world-records-fuer-erstleser-dinosaurier\/","og_site_name":"der-Schulbedarf.shop","article_modified_time":"2025-08-29T10:40:04+00:00","og_image":[{"width":720,"height":380,"url":"https:\/\/der-schulbedarf.shop\/wp-content\/uploads\/2023\/06\/46220-720x380-1.webp","type":"image\/webp"}],"twitter_card":"summary_large_image","twitter_misc":{"Gesch\u00e4tzte Lesezeit":"1\u00a0Minute"},"schema":{"@context":"https:\/\/schema.org","@graph":[{"@type":"WebPage","@id":"https:\/\/der-schulbedarf.shop\/produkt-des-monats\/produkt\/guinness-world-records-fuer-erstleser-dinosaurier\/","url":"https:\/\/der-schulbedarf.shop\/produkt-des-monats\/produkt\/guinness-world-records-fuer-erstleser-dinosaurier\/","name":"Guinness World Records f\u00fcr Erstleser - Dinosaurier - der-Schulbedarf.shop","isPartOf":{"@id":"https:\/\/der-schulbedarf.shop\/produkt-des-monats\/#website"},"primaryImageOfPage":{"@id":"https:\/\/der-schulbedarf.shop\/produkt-des-monats\/produkt\/guinness-world-records-fuer-erstleser-dinosaurier\/#primaryimage"},"image":{"@id":"https:\/\/der-schulbedarf.shop\/produkt-des-monats\/produkt\/guinness-world-records-fuer-erstleser-dinosaurier\/#primaryimage"},"thumbnailUrl":"https:\/\/der-schulbedarf.shop\/wp-content\/uploads\/2023\/06\/46220-720x380-1.webp","datePublished":"2023-06-13T06:47:57+00:00","dateModified":"2025-08-29T10:40:04+00:00","description":"Dinosaurier brachen alle Rekorde. Sie waren riesengro\u00df. Doch welcher war der allergr\u00f6\u00dfte? Welcher Dino hatte den l\u00e4ngsten Hals und welcher das kleinste Gehirn?","breadcrumb":{"@id":"https:\/\/der-schulbedarf.shop\/produkt-des-monats\/produkt\/guinness-world-records-fuer-erstleser-dinosaurier\/#breadcrumb"},"inLanguage":"de","potentialAction":[{"@type":"ReadAction","target":["https:\/\/der-schulbedarf.shop\/produkt-des-monats\/produkt\/guinness-world-records-fuer-erstleser-dinosaurier\/"]}]},{"@type":"ImageObject","inLanguage":"de","@id":"https:\/\/der-schulbedarf.shop\/produkt-des-monats\/produkt\/guinness-world-records-fuer-erstleser-dinosaurier\/#primaryimage","url":"https:\/\/der-schulbedarf.shop\/wp-content\/uploads\/2023\/06\/46220-720x380-1.webp","contentUrl":"https:\/\/der-schulbedarf.shop\/wp-content\/uploads\/2023\/06\/46220-720x380-1.webp","width":720,"height":380,"caption":"Dinosaurier"},{"@type":"BreadcrumbList","@id":"https:\/\/der-schulbedarf.shop\/produkt-des-monats\/produkt\/guinness-world-records-fuer-erstleser-dinosaurier\/#breadcrumb","itemListElement":[{"@type":"ListItem","position":1,"name":"Shop","item":"https:\/\/der-schulbedarf.shop\/produkt-des-monats\/shop\/"},{"@type":"ListItem","position":2,"name":"Guinness World Records f\u00fcr Erstleser &#8211; Dinosaurier"}]},{"@type":"WebSite","@id":"https:\/\/der-schulbedarf.shop\/produkt-des-monats\/#website","url":"https:\/\/der-schulbedarf.shop\/produkt-des-monats\/","name":"der-Schulbedarf.shop","description":"","publisher":{"@id":"https:\/\/der-schulbedarf.shop\/produkt-des-monats\/#organization"},"potentialAction":[{"@type":"SearchAction","target":{"@type":"EntryPoint","urlTemplate":"https:\/\/der-schulbedarf.shop\/produkt-des-monats\/?s={search_term_string}"},"query-input":{"@type":"PropertyValueSpecification","valueRequired":true,"valueName":"search_term_string"}}],"inLanguage":"de"},{"@type":"Organization","@id":"https:\/\/der-schulbedarf.shop\/produkt-des-monats\/#organization","name":"der-Schulbedarf.shop","url":"https:\/\/der-schulbedarf.shop\/produkt-des-monats\/","logo":{"@type":"ImageObject","inLanguage":"de","@id":"https:\/\/der-schulbedarf.shop\/produkt-des-monats\/#\/schema\/logo\/image\/","url":"https:\/\/der-schulbedarf.shop\/wp-content\/uploads\/2024\/02\/grafik-e1709551115899.png","contentUrl":"https:\/\/der-schulbedarf.shop\/wp-content\/uploads\/2024\/02\/grafik-e1709551115899.png","width":80,"height":80,"caption":"der-Schulbedarf.shop"},"image":{"@id":"https:\/\/der-schulbedarf.shop\/produkt-des-monats\/#\/schema\/logo\/image\/"}}]}},"_links":{"self":[{"href":"https:\/\/der-schulbedarf.shop\/produkt-des-monats\/wp-json\/wp\/v2\/product\/1645","targetHints":{"allow":["GET"]}}],"collection":[{"href":"https:\/\/der-schulbedarf.shop\/produkt-des-monats\/wp-json\/wp\/v2\/product"}],"about":[{"href":"https:\/\/der-schulbedarf.shop\/produkt-des-monats\/wp-json\/wp\/v2\/types\/product"}],"replies":[{"embeddable":true,"href":"https:\/\/der-schulbedarf.shop\/produkt-des-monats\/wp-json\/wp\/v2\/comments?post=1645"}],"wp:featuredmedia":[{"embeddable":true,"href":"https:\/\/der-schulbedarf.shop\/produkt-des-monats\/wp-json\/wp\/v2\/media\/2172"}],"wp:attachment":[{"href":"https:\/\/der-schulbedarf.shop\/produkt-des-monats\/wp-json\/wp\/v2\/media?parent=1645"}],"wp:term":[{"taxonomy":"product_cat","embeddable":true,"href":"https:\/\/der-schulbedarf.shop\/produkt-des-monats\/wp-json\/wp\/v2\/product_cat?post=1645"},{"taxonomy":"product_tag","embeddable":true,"href":"https:\/\/der-schulbedarf.shop\/produkt-des-monats\/wp-json\/wp\/v2\/product_tag?post=1645"}],"curies":[{"name":"wp","href":"https:\/\/api.w.org\/{rel}","templated":true}]}}