{"id":1716,"date":"2023-06-13T06:03:26","date_gmt":"2023-06-13T06:03:26","guid":{"rendered":"https:\/\/der-schulbedarf.Shop\/?post_type=product&#038;p=1716"},"modified":"2025-08-30T15:39:42","modified_gmt":"2025-08-30T15:39:42","slug":"leserabe-sonderausgaben-spannende-erstlesegeschichten-von-fussballfreunden-und-piraten","status":"publish","type":"product","link":"https:\/\/der-schulbedarf.shop\/produkt-des-monats\/produkt\/leserabe-sonderausgaben-spannende-erstlesegeschichten-von-fussballfreunden-und-piraten\/","title":{"rendered":"Leserabe &#8211; Sonderausgaben: Spannende Erstlesegeschichten von Fu\u00dfballfreunden und Piraten"},"content":{"rendered":"<p>Die Kicker der Bolzplatzbande haben sich mit den Jungs aus dem Fu\u00dfballverein zum gro\u00dfen Spiel verabredet. Um gegen die Profs eine Chance zu haben, ist Teamgeist gefragt!<br \/>\nIda und Luka begeben sich auf die Suche nach einem Piratenschatz und erleben dabei ein spannendes Abenteuer.<\/p>\n<p>Lesen lernen mit dem Ravensburger Leseraben.Die 1. Lesestufe spricht Kinder an, die mit dem Leselern-Prozess begonnen haben, und bietet ideale B\u00fccher f\u00fcr Leseanf\u00e4nger. Kurze Textabschnitte, einfacher Wortschatz sowie die extragro\u00dfe Fibelschrift erleichtern Kindern das Lesen. Leser\u00e4tsel f\u00fcr Leseanf\u00e4nger und spannende Geschichten machen das Lesenlernen zu einem echten Vergn\u00fcgen.<\/p>\n","protected":false},"excerpt":{"rendered":"<p>Die Kicker der Bolzplatzbande haben sich mit den Jungs aus dem Fu\u00dfballverein zum gro\u00dfen Spiel verabredet. Um gegen die Profs eine Chance zu haben, ist Teamgeist gefragt! Ida und Luka begeben sich auf die Suche nach einem Piratenschatz und erleben dabei ein spannendes Abenteuer. Lesen lernen mit dem Ravensburger Leseraben.Die 1. Lesestufe spricht Kinder an, [&hellip;]<\/p>\n","protected":false},"featured_media":2148,"comment_status":"open","ping_status":"closed","template":"","meta":[],"product_cat":[224,915,944,225,1028],"product_tag":[511,192,281,111,200,201,727,196,197,195,183,725,115,199,114,206,746,113,210,112,718,198,181,185,720,202,179,719,717,621,249,522,713,745],"class_list":{"0":"post-1716","1":"product","2":"type-product","3":"status-publish","4":"has-post-thumbnail","6":"product_cat-kinderbuecher","7":"product_cat-produkt-feeds","8":"product_cat-produktzufuehrung-geizhal","9":"product_cat-ravensburger-kinderbuecher","10":"product_cat-vorschulalter","11":"product_tag-1-klasse","12":"product_tag-antolin","13":"product_tag-bande","14":"product_tag-beschaeftigung","15":"product_tag-buch","16":"product_tag-buecher","17":"product_tag-deutsch","18":"product_tag-erstlesebuch","19":"product_tag-erstlesebuecher","20":"product_tag-erstleser","21":"product_tag-fantasie","22":"product_tag-freunde","23":"product_tag-fuer-jungen","24":"product_tag-fuer-kinder-ab-6-jahre","25":"product_tag-fuer-maedchen","26":"product_tag-fussball","27":"product_tag-fussball-turnier","28":"product_tag-geschenk","29":"product_tag-geschenk-kinder","30":"product_tag-geschenkidee","31":"product_tag-jungen-und-maedchen","32":"product_tag-kinderbuch","33":"product_tag-kinderbuecher","34":"product_tag-leseanfaenger","35":"product_tag-lesefoerderung-grundschule","36":"product_tag-lesen","37":"product_tag-lesen-lernen","38":"product_tag-lesen-lernen-leicht-gemacht","39":"product_tag-mehrere-geschichten","40":"product_tag-piraten","41":"product_tag-schule","42":"product_tag-schultuete","43":"product_tag-seeraeuber","44":"product_tag-traeumen","45":"post","46":"post-with-thumbnail","47":"post-with-thumbnail-large","49":"first","50":"outofstock","51":"taxable","52":"shipping-taxable","53":"purchasable","54":"product-type-simple"},"yoast_head":"<!-- This site is optimized with the Yoast SEO plugin v26.6 - https:\/\/yoast.com\/wordpress\/plugins\/seo\/ -->\n<title>Spannende Erstlesegeschichten von Fu\u00dfballfreunden und Piraten<\/title>\n<meta name=\"description\" content=\"Ida und Luka suchen einen Piratenschatz. Die Bolzplatzbande und ihr gro\u00dfes Spiel. Spannende Abenteuer f\u00fcr Leseanf\u00e4nger in extra gro\u00dfer Fibelschrift.\" \/>\n<meta name=\"robots\" content=\"index, follow, max-snippet:-1, max-image-preview:large, max-video-preview:-1\" \/>\n<link rel=\"canonical\" href=\"https:\/\/der-schulbedarf.shop\/produkt-des-monats\/produkt\/leserabe-sonderausgaben-spannende-erstlesegeschichten-von-fussballfreunden-und-piraten\/\" \/>\n<meta property=\"og:locale\" content=\"de_DE\" \/>\n<meta property=\"og:type\" content=\"article\" \/>\n<meta property=\"og:title\" content=\"Spannende Erstlesegeschichten von Fu\u00dfballfreunden und Piraten\" \/>\n<meta property=\"og:description\" content=\"Ida und Luka suchen einen Piratenschatz. Die Bolzplatzbande und ihr gro\u00dfes Spiel. Spannende Abenteuer f\u00fcr Leseanf\u00e4nger in extra gro\u00dfer Fibelschrift.\" \/>\n<meta property=\"og:url\" content=\"https:\/\/der-schulbedarf.shop\/produkt-des-monats\/produkt\/leserabe-sonderausgaben-spannende-erstlesegeschichten-von-fussballfreunden-und-piraten\/\" \/>\n<meta property=\"og:site_name\" content=\"der-Schulbedarf.shop\" \/>\n<meta property=\"article:modified_time\" content=\"2025-08-30T15:39:42+00:00\" \/>\n<meta property=\"og:image\" content=\"https:\/\/der-schulbedarf.shop\/wp-content\/uploads\/2023\/06\/AN-46034_1-720x380-1.webp\" \/>\n\t<meta property=\"og:image:width\" content=\"720\" \/>\n\t<meta property=\"og:image:height\" content=\"380\" \/>\n\t<meta property=\"og:image:type\" content=\"image\/webp\" \/>\n<meta name=\"twitter:card\" content=\"summary_large_image\" \/>\n<meta name=\"twitter:label1\" content=\"Gesch\u00e4tzte Lesezeit\" \/>\n\t<meta name=\"twitter:data1\" content=\"1\u00a0Minute\" \/>\n<script type=\"application\/ld+json\" class=\"yoast-schema-graph\">{\"@context\":\"https:\/\/schema.org\",\"@graph\":[{\"@type\":\"WebPage\",\"@id\":\"https:\/\/der-schulbedarf.shop\/produkt-des-monats\/produkt\/leserabe-sonderausgaben-spannende-erstlesegeschichten-von-fussballfreunden-und-piraten\/\",\"url\":\"https:\/\/der-schulbedarf.shop\/produkt-des-monats\/produkt\/leserabe-sonderausgaben-spannende-erstlesegeschichten-von-fussballfreunden-und-piraten\/\",\"name\":\"Spannende Erstlesegeschichten von Fu\u00dfballfreunden und Piraten\",\"isPartOf\":{\"@id\":\"https:\/\/der-schulbedarf.shop\/produkt-des-monats\/#website\"},\"primaryImageOfPage\":{\"@id\":\"https:\/\/der-schulbedarf.shop\/produkt-des-monats\/produkt\/leserabe-sonderausgaben-spannende-erstlesegeschichten-von-fussballfreunden-und-piraten\/#primaryimage\"},\"image\":{\"@id\":\"https:\/\/der-schulbedarf.shop\/produkt-des-monats\/produkt\/leserabe-sonderausgaben-spannende-erstlesegeschichten-von-fussballfreunden-und-piraten\/#primaryimage\"},\"thumbnailUrl\":\"https:\/\/der-schulbedarf.shop\/wp-content\/uploads\/2023\/06\/AN-46034_1-720x380-1.webp\",\"datePublished\":\"2023-06-13T06:03:26+00:00\",\"dateModified\":\"2025-08-30T15:39:42+00:00\",\"description\":\"Ida und Luka suchen einen Piratenschatz. Die Bolzplatzbande und ihr gro\u00dfes Spiel. Spannende Abenteuer f\u00fcr Leseanf\u00e4nger in extra gro\u00dfer Fibelschrift.\",\"breadcrumb\":{\"@id\":\"https:\/\/der-schulbedarf.shop\/produkt-des-monats\/produkt\/leserabe-sonderausgaben-spannende-erstlesegeschichten-von-fussballfreunden-und-piraten\/#breadcrumb\"},\"inLanguage\":\"de\",\"potentialAction\":[{\"@type\":\"ReadAction\",\"target\":[\"https:\/\/der-schulbedarf.shop\/produkt-des-monats\/produkt\/leserabe-sonderausgaben-spannende-erstlesegeschichten-von-fussballfreunden-und-piraten\/\"]}]},{\"@type\":\"ImageObject\",\"inLanguage\":\"de\",\"@id\":\"https:\/\/der-schulbedarf.shop\/produkt-des-monats\/produkt\/leserabe-sonderausgaben-spannende-erstlesegeschichten-von-fussballfreunden-und-piraten\/#primaryimage\",\"url\":\"https:\/\/der-schulbedarf.shop\/wp-content\/uploads\/2023\/06\/AN-46034_1-720x380-1.webp\",\"contentUrl\":\"https:\/\/der-schulbedarf.shop\/wp-content\/uploads\/2023\/06\/AN-46034_1-720x380-1.webp\",\"width\":720,\"height\":380,\"caption\":\"Spannende Erstlesegeschichten von Fu\u00dfballfreunden und Piraten\"},{\"@type\":\"BreadcrumbList\",\"@id\":\"https:\/\/der-schulbedarf.shop\/produkt-des-monats\/produkt\/leserabe-sonderausgaben-spannende-erstlesegeschichten-von-fussballfreunden-und-piraten\/#breadcrumb\",\"itemListElement\":[{\"@type\":\"ListItem\",\"position\":1,\"name\":\"Shop\",\"item\":\"https:\/\/der-schulbedarf.shop\/produkt-des-monats\/shop\/\"},{\"@type\":\"ListItem\",\"position\":2,\"name\":\"Leserabe &#8211; Sonderausgaben: Spannende Erstlesegeschichten von Fu\u00dfballfreunden und Piraten\"}]},{\"@type\":\"WebSite\",\"@id\":\"https:\/\/der-schulbedarf.shop\/produkt-des-monats\/#website\",\"url\":\"https:\/\/der-schulbedarf.shop\/produkt-des-monats\/\",\"name\":\"der-Schulbedarf.shop\",\"description\":\"\",\"publisher\":{\"@id\":\"https:\/\/der-schulbedarf.shop\/produkt-des-monats\/#organization\"},\"potentialAction\":[{\"@type\":\"SearchAction\",\"target\":{\"@type\":\"EntryPoint\",\"urlTemplate\":\"https:\/\/der-schulbedarf.shop\/produkt-des-monats\/?s={search_term_string}\"},\"query-input\":{\"@type\":\"PropertyValueSpecification\",\"valueRequired\":true,\"valueName\":\"search_term_string\"}}],\"inLanguage\":\"de\"},{\"@type\":\"Organization\",\"@id\":\"https:\/\/der-schulbedarf.shop\/produkt-des-monats\/#organization\",\"name\":\"der-Schulbedarf.shop\",\"url\":\"https:\/\/der-schulbedarf.shop\/produkt-des-monats\/\",\"logo\":{\"@type\":\"ImageObject\",\"inLanguage\":\"de\",\"@id\":\"https:\/\/der-schulbedarf.shop\/produkt-des-monats\/#\/schema\/logo\/image\/\",\"url\":\"https:\/\/der-schulbedarf.shop\/wp-content\/uploads\/2024\/02\/grafik-e1709551115899.png\",\"contentUrl\":\"https:\/\/der-schulbedarf.shop\/wp-content\/uploads\/2024\/02\/grafik-e1709551115899.png\",\"width\":80,\"height\":80,\"caption\":\"der-Schulbedarf.shop\"},\"image\":{\"@id\":\"https:\/\/der-schulbedarf.shop\/produkt-des-monats\/#\/schema\/logo\/image\/\"}}]}<\/script>\n<!-- \/ Yoast SEO plugin. -->","yoast_head_json":{"title":"Spannende Erstlesegeschichten von Fu\u00dfballfreunden und Piraten","description":"Ida und Luka suchen einen Piratenschatz. Die Bolzplatzbande und ihr gro\u00dfes Spiel. Spannende Abenteuer f\u00fcr Leseanf\u00e4nger in extra gro\u00dfer Fibelschrift.","robots":{"index":"index","follow":"follow","max-snippet":"max-snippet:-1","max-image-preview":"max-image-preview:large","max-video-preview":"max-video-preview:-1"},"canonical":"https:\/\/der-schulbedarf.shop\/produkt-des-monats\/produkt\/leserabe-sonderausgaben-spannende-erstlesegeschichten-von-fussballfreunden-und-piraten\/","og_locale":"de_DE","og_type":"article","og_title":"Spannende Erstlesegeschichten von Fu\u00dfballfreunden und Piraten","og_description":"Ida und Luka suchen einen Piratenschatz. Die Bolzplatzbande und ihr gro\u00dfes Spiel. Spannende Abenteuer f\u00fcr Leseanf\u00e4nger in extra gro\u00dfer Fibelschrift.","og_url":"https:\/\/der-schulbedarf.shop\/produkt-des-monats\/produkt\/leserabe-sonderausgaben-spannende-erstlesegeschichten-von-fussballfreunden-und-piraten\/","og_site_name":"der-Schulbedarf.shop","article_modified_time":"2025-08-30T15:39:42+00:00","og_image":[{"width":720,"height":380,"url":"https:\/\/der-schulbedarf.shop\/wp-content\/uploads\/2023\/06\/AN-46034_1-720x380-1.webp","type":"image\/webp"}],"twitter_card":"summary_large_image","twitter_misc":{"Gesch\u00e4tzte Lesezeit":"1\u00a0Minute"},"schema":{"@context":"https:\/\/schema.org","@graph":[{"@type":"WebPage","@id":"https:\/\/der-schulbedarf.shop\/produkt-des-monats\/produkt\/leserabe-sonderausgaben-spannende-erstlesegeschichten-von-fussballfreunden-und-piraten\/","url":"https:\/\/der-schulbedarf.shop\/produkt-des-monats\/produkt\/leserabe-sonderausgaben-spannende-erstlesegeschichten-von-fussballfreunden-und-piraten\/","name":"Spannende Erstlesegeschichten von Fu\u00dfballfreunden und Piraten","isPartOf":{"@id":"https:\/\/der-schulbedarf.shop\/produkt-des-monats\/#website"},"primaryImageOfPage":{"@id":"https:\/\/der-schulbedarf.shop\/produkt-des-monats\/produkt\/leserabe-sonderausgaben-spannende-erstlesegeschichten-von-fussballfreunden-und-piraten\/#primaryimage"},"image":{"@id":"https:\/\/der-schulbedarf.shop\/produkt-des-monats\/produkt\/leserabe-sonderausgaben-spannende-erstlesegeschichten-von-fussballfreunden-und-piraten\/#primaryimage"},"thumbnailUrl":"https:\/\/der-schulbedarf.shop\/wp-content\/uploads\/2023\/06\/AN-46034_1-720x380-1.webp","datePublished":"2023-06-13T06:03:26+00:00","dateModified":"2025-08-30T15:39:42+00:00","description":"Ida und Luka suchen einen Piratenschatz. Die Bolzplatzbande und ihr gro\u00dfes Spiel. Spannende Abenteuer f\u00fcr Leseanf\u00e4nger in extra gro\u00dfer Fibelschrift.","breadcrumb":{"@id":"https:\/\/der-schulbedarf.shop\/produkt-des-monats\/produkt\/leserabe-sonderausgaben-spannende-erstlesegeschichten-von-fussballfreunden-und-piraten\/#breadcrumb"},"inLanguage":"de","potentialAction":[{"@type":"ReadAction","target":["https:\/\/der-schulbedarf.shop\/produkt-des-monats\/produkt\/leserabe-sonderausgaben-spannende-erstlesegeschichten-von-fussballfreunden-und-piraten\/"]}]},{"@type":"ImageObject","inLanguage":"de","@id":"https:\/\/der-schulbedarf.shop\/produkt-des-monats\/produkt\/leserabe-sonderausgaben-spannende-erstlesegeschichten-von-fussballfreunden-und-piraten\/#primaryimage","url":"https:\/\/der-schulbedarf.shop\/wp-content\/uploads\/2023\/06\/AN-46034_1-720x380-1.webp","contentUrl":"https:\/\/der-schulbedarf.shop\/wp-content\/uploads\/2023\/06\/AN-46034_1-720x380-1.webp","width":720,"height":380,"caption":"Spannende Erstlesegeschichten von Fu\u00dfballfreunden und Piraten"},{"@type":"BreadcrumbList","@id":"https:\/\/der-schulbedarf.shop\/produkt-des-monats\/produkt\/leserabe-sonderausgaben-spannende-erstlesegeschichten-von-fussballfreunden-und-piraten\/#breadcrumb","itemListElement":[{"@type":"ListItem","position":1,"name":"Shop","item":"https:\/\/der-schulbedarf.shop\/produkt-des-monats\/shop\/"},{"@type":"ListItem","position":2,"name":"Leserabe &#8211; Sonderausgaben: Spannende Erstlesegeschichten von Fu\u00dfballfreunden und Piraten"}]},{"@type":"WebSite","@id":"https:\/\/der-schulbedarf.shop\/produkt-des-monats\/#website","url":"https:\/\/der-schulbedarf.shop\/produkt-des-monats\/","name":"der-Schulbedarf.shop","description":"","publisher":{"@id":"https:\/\/der-schulbedarf.shop\/produkt-des-monats\/#organization"},"potentialAction":[{"@type":"SearchAction","target":{"@type":"EntryPoint","urlTemplate":"https:\/\/der-schulbedarf.shop\/produkt-des-monats\/?s={search_term_string}"},"query-input":{"@type":"PropertyValueSpecification","valueRequired":true,"valueName":"search_term_string"}}],"inLanguage":"de"},{"@type":"Organization","@id":"https:\/\/der-schulbedarf.shop\/produkt-des-monats\/#organization","name":"der-Schulbedarf.shop","url":"https:\/\/der-schulbedarf.shop\/produkt-des-monats\/","logo":{"@type":"ImageObject","inLanguage":"de","@id":"https:\/\/der-schulbedarf.shop\/produkt-des-monats\/#\/schema\/logo\/image\/","url":"https:\/\/der-schulbedarf.shop\/wp-content\/uploads\/2024\/02\/grafik-e1709551115899.png","contentUrl":"https:\/\/der-schulbedarf.shop\/wp-content\/uploads\/2024\/02\/grafik-e1709551115899.png","width":80,"height":80,"caption":"der-Schulbedarf.shop"},"image":{"@id":"https:\/\/der-schulbedarf.shop\/produkt-des-monats\/#\/schema\/logo\/image\/"}}]}},"_links":{"self":[{"href":"https:\/\/der-schulbedarf.shop\/produkt-des-monats\/wp-json\/wp\/v2\/product\/1716","targetHints":{"allow":["GET"]}}],"collection":[{"href":"https:\/\/der-schulbedarf.shop\/produkt-des-monats\/wp-json\/wp\/v2\/product"}],"about":[{"href":"https:\/\/der-schulbedarf.shop\/produkt-des-monats\/wp-json\/wp\/v2\/types\/product"}],"replies":[{"embeddable":true,"href":"https:\/\/der-schulbedarf.shop\/produkt-des-monats\/wp-json\/wp\/v2\/comments?post=1716"}],"wp:featuredmedia":[{"embeddable":true,"href":"https:\/\/der-schulbedarf.shop\/produkt-des-monats\/wp-json\/wp\/v2\/media\/2148"}],"wp:attachment":[{"href":"https:\/\/der-schulbedarf.shop\/produkt-des-monats\/wp-json\/wp\/v2\/media?parent=1716"}],"wp:term":[{"taxonomy":"product_cat","embeddable":true,"href":"https:\/\/der-schulbedarf.shop\/produkt-des-monats\/wp-json\/wp\/v2\/product_cat?post=1716"},{"taxonomy":"product_tag","embeddable":true,"href":"https:\/\/der-schulbedarf.shop\/produkt-des-monats\/wp-json\/wp\/v2\/product_tag?post=1716"}],"curies":[{"name":"wp","href":"https:\/\/api.w.org\/{rel}","templated":true}]}}