{"id":1723,"date":"2023-06-13T05:56:29","date_gmt":"2023-06-13T05:56:29","guid":{"rendered":"https:\/\/der-schulbedarf.Shop\/?post_type=product&#038;p=1723"},"modified":"2025-08-30T15:49:10","modified_gmt":"2025-08-30T15:49:10","slug":"leserabe-mit-mildenberger-silbenmethode-polizeihund-bolle-im-einsatz","status":"publish","type":"product","link":"https:\/\/der-schulbedarf.shop\/produkt-des-monats\/produkt\/leserabe-mit-mildenberger-silbenmethode-polizeihund-bolle-im-einsatz\/","title":{"rendered":"Leserabe mit Mildenberger Silbenmethode: Polizeihund Bolle im Einsatz"},"content":{"rendered":"<p>Beim Goldschmied Klunker wurde eingebrochen! Sofort machen sich Polizist Ben und sein Hund Bolle auf den Weg zum Tatort. Bolle entdeckt eine wichtige Spur. Wer war blo\u00df der R\u00e4uber mit der Schweinchen-Maske?<\/p>\n<p>Polizist Ben und sein Hund Bolle werden zum Einsatz gerufen: Beim Goldschmied Klunker wurde eingebrochen! Am Tatort bemerkt Bolle als erster, dass noch jemand im Laden ist. In der Werkstatt finden sie den gefesselten Goldschmied. Herr Klunker erz\u00e4hlt, dass ein R\u00e4uber mit einer Schweinchenmaske ihn \u00fcberfallen hat. Bolle entdeckt am Boden ein Taschentuch mit blauem Rand, das eine wichtige Spur sein k\u00f6nnte. Ben erf\u00e4hrt von seiner Kollegin, dass mittags eine Kundin eine wertvolle Kette dem Goldschied zur Reparatur brachte. Ausgerechnet diese Kette wurde gestohlen. Ben m\u00f6chte herausbekommen, wer diese Art von Taschentuch im Laden verloren hat. Daf\u00fcr \u00fcberpr\u00fcft er den Paketboten, der an diesem Tag eine Lieferung gebracht hat, doch der passt nicht auf die T\u00e4terbeschreibung. Ein Kunde dieses Tages hat ein Alibi. Ben und Bolle machen sich auf den Weg zur Besitzerin der gestohlenen Kette. In ihrer Wohnung entdecken sie die Faschingsmaske und Taschent\u00fccher mit blauem Rand. Frau Prunk hat ihre eigene Kette gestohlen, um Geld von der Versicherung zu kassieren!<\/p>\n","protected":false},"excerpt":{"rendered":"<p>Beim Goldschmied Klunker wurde eingebrochen! Sofort machen sich Polizist Ben und sein Hund Bolle auf den Weg zum Tatort. Bolle entdeckt eine wichtige Spur. Wer war blo\u00df der R\u00e4uber mit der Schweinchen-Maske? Polizist Ben und sein Hund Bolle werden zum Einsatz gerufen: Beim Goldschmied Klunker wurde eingebrochen! Am Tatort bemerkt Bolle als erster, dass noch [&hellip;]<\/p>\n","protected":false},"featured_media":2144,"comment_status":"open","ping_status":"closed","template":"","meta":[],"product_cat":[224,915,944,225],"product_tag":[511,652,192,111,641,200,201,459,196,197,195,115,199,114,113,210,112,283,198,181,294,394,202,179,194,640,148,531,193,748,401,747],"class_list":{"0":"post-1723","1":"product","2":"type-product","3":"status-publish","4":"has-post-thumbnail","6":"product_cat-kinderbuecher","7":"product_cat-produkt-feeds","8":"product_cat-produktzufuehrung-geizhal","9":"product_cat-ravensburger-kinderbuecher","10":"product_tag-1-klasse","11":"product_tag-ab-6-jahren","12":"product_tag-antolin","13":"product_tag-beschaeftigung","14":"product_tag-broschur","15":"product_tag-buch","16":"product_tag-buecher","17":"product_tag-buecher-fuer-leseanfaenger","18":"product_tag-erstlesebuch","19":"product_tag-erstlesebuecher","20":"product_tag-erstleser","21":"product_tag-fuer-jungen","22":"product_tag-fuer-kinder-ab-6-jahre","23":"product_tag-fuer-maedchen","24":"product_tag-geschenk","25":"product_tag-geschenk-kinder","26":"product_tag-geschenkidee","27":"product_tag-hund","28":"product_tag-kinderbuch","29":"product_tag-kinderbuecher","30":"product_tag-kommissar","31":"product_tag-krimi","32":"product_tag-lesen","33":"product_tag-lesen-lernen","34":"product_tag-leserabe","35":"product_tag-mildenberger-silbenmethode","36":"product_tag-polizei","37":"product_tag-raeuber","38":"product_tag-ravensburger","39":"product_tag-schulausgabe","40":"product_tag-spannung","41":"product_tag-tatort","42":"post","43":"post-with-thumbnail","44":"post-with-thumbnail-large","46":"first","47":"outofstock","48":"taxable","49":"shipping-taxable","50":"purchasable","51":"product-type-simple"},"yoast_head":"<!-- This site is optimized with the Yoast SEO plugin v26.6 - https:\/\/yoast.com\/wordpress\/plugins\/seo\/ -->\n<title>Leserabe mit Mildenberger Silbenmethode: Polizeihund Bolle im Einsatz - der-Schulbedarf.shop<\/title>\n<meta name=\"description\" content=\"Beim Goldschmied Klunker wurde eingebrochen! Sofort machen sich Polizist Ben und sein Hund Bolle auf den Weg zum Tatort. Bolle entdeckt eine wichtige Spur. Wer war blo\u00df der R\u00e4uber mit der Schweinchen-Maske?\" \/>\n<meta name=\"robots\" content=\"index, follow, max-snippet:-1, max-image-preview:large, max-video-preview:-1\" \/>\n<link rel=\"canonical\" href=\"https:\/\/der-schulbedarf.shop\/produkt-des-monats\/produkt\/leserabe-mit-mildenberger-silbenmethode-polizeihund-bolle-im-einsatz\/\" \/>\n<meta property=\"og:locale\" content=\"de_DE\" \/>\n<meta property=\"og:type\" content=\"article\" \/>\n<meta property=\"og:title\" content=\"Leserabe mit Mildenberger Silbenmethode: Polizeihund Bolle im Einsatz - der-Schulbedarf.shop\" \/>\n<meta property=\"og:description\" content=\"Beim Goldschmied Klunker wurde eingebrochen! Sofort machen sich Polizist Ben und sein Hund Bolle auf den Weg zum Tatort. Bolle entdeckt eine wichtige Spur. Wer war blo\u00df der R\u00e4uber mit der Schweinchen-Maske?\" \/>\n<meta property=\"og:url\" content=\"https:\/\/der-schulbedarf.shop\/produkt-des-monats\/produkt\/leserabe-mit-mildenberger-silbenmethode-polizeihund-bolle-im-einsatz\/\" \/>\n<meta property=\"og:site_name\" content=\"der-Schulbedarf.shop\" \/>\n<meta property=\"article:modified_time\" content=\"2025-08-30T15:49:10+00:00\" \/>\n<meta property=\"og:image\" content=\"https:\/\/der-schulbedarf.shop\/wp-content\/uploads\/2023\/06\/AN-46035_1-720x380-1.webp\" \/>\n\t<meta property=\"og:image:width\" content=\"720\" \/>\n\t<meta property=\"og:image:height\" content=\"380\" \/>\n\t<meta property=\"og:image:type\" content=\"image\/webp\" \/>\n<meta name=\"twitter:card\" content=\"summary_large_image\" \/>\n<meta name=\"twitter:label1\" content=\"Gesch\u00e4tzte Lesezeit\" \/>\n\t<meta name=\"twitter:data1\" content=\"2\u00a0Minuten\" \/>\n<script type=\"application\/ld+json\" class=\"yoast-schema-graph\">{\"@context\":\"https:\/\/schema.org\",\"@graph\":[{\"@type\":\"WebPage\",\"@id\":\"https:\/\/der-schulbedarf.shop\/produkt-des-monats\/produkt\/leserabe-mit-mildenberger-silbenmethode-polizeihund-bolle-im-einsatz\/\",\"url\":\"https:\/\/der-schulbedarf.shop\/produkt-des-monats\/produkt\/leserabe-mit-mildenberger-silbenmethode-polizeihund-bolle-im-einsatz\/\",\"name\":\"Leserabe mit Mildenberger Silbenmethode: Polizeihund Bolle im Einsatz - der-Schulbedarf.shop\",\"isPartOf\":{\"@id\":\"https:\/\/der-schulbedarf.shop\/produkt-des-monats\/#website\"},\"primaryImageOfPage\":{\"@id\":\"https:\/\/der-schulbedarf.shop\/produkt-des-monats\/produkt\/leserabe-mit-mildenberger-silbenmethode-polizeihund-bolle-im-einsatz\/#primaryimage\"},\"image\":{\"@id\":\"https:\/\/der-schulbedarf.shop\/produkt-des-monats\/produkt\/leserabe-mit-mildenberger-silbenmethode-polizeihund-bolle-im-einsatz\/#primaryimage\"},\"thumbnailUrl\":\"https:\/\/der-schulbedarf.shop\/wp-content\/uploads\/2023\/06\/AN-46035_1-720x380-1.webp\",\"datePublished\":\"2023-06-13T05:56:29+00:00\",\"dateModified\":\"2025-08-30T15:49:10+00:00\",\"description\":\"Beim Goldschmied Klunker wurde eingebrochen! Sofort machen sich Polizist Ben und sein Hund Bolle auf den Weg zum Tatort. Bolle entdeckt eine wichtige Spur. Wer war blo\u00df der R\u00e4uber mit der Schweinchen-Maske?\",\"breadcrumb\":{\"@id\":\"https:\/\/der-schulbedarf.shop\/produkt-des-monats\/produkt\/leserabe-mit-mildenberger-silbenmethode-polizeihund-bolle-im-einsatz\/#breadcrumb\"},\"inLanguage\":\"de\",\"potentialAction\":[{\"@type\":\"ReadAction\",\"target\":[\"https:\/\/der-schulbedarf.shop\/produkt-des-monats\/produkt\/leserabe-mit-mildenberger-silbenmethode-polizeihund-bolle-im-einsatz\/\"]}]},{\"@type\":\"ImageObject\",\"inLanguage\":\"de\",\"@id\":\"https:\/\/der-schulbedarf.shop\/produkt-des-monats\/produkt\/leserabe-mit-mildenberger-silbenmethode-polizeihund-bolle-im-einsatz\/#primaryimage\",\"url\":\"https:\/\/der-schulbedarf.shop\/wp-content\/uploads\/2023\/06\/AN-46035_1-720x380-1.webp\",\"contentUrl\":\"https:\/\/der-schulbedarf.shop\/wp-content\/uploads\/2023\/06\/AN-46035_1-720x380-1.webp\",\"width\":720,\"height\":380,\"caption\":\"Polizeihund Bolle im Einsatz\"},{\"@type\":\"BreadcrumbList\",\"@id\":\"https:\/\/der-schulbedarf.shop\/produkt-des-monats\/produkt\/leserabe-mit-mildenberger-silbenmethode-polizeihund-bolle-im-einsatz\/#breadcrumb\",\"itemListElement\":[{\"@type\":\"ListItem\",\"position\":1,\"name\":\"Shop\",\"item\":\"https:\/\/der-schulbedarf.shop\/produkt-des-monats\/shop\/\"},{\"@type\":\"ListItem\",\"position\":2,\"name\":\"Leserabe mit Mildenberger Silbenmethode: Polizeihund Bolle im Einsatz\"}]},{\"@type\":\"WebSite\",\"@id\":\"https:\/\/der-schulbedarf.shop\/produkt-des-monats\/#website\",\"url\":\"https:\/\/der-schulbedarf.shop\/produkt-des-monats\/\",\"name\":\"der-Schulbedarf.shop\",\"description\":\"\",\"publisher\":{\"@id\":\"https:\/\/der-schulbedarf.shop\/produkt-des-monats\/#organization\"},\"potentialAction\":[{\"@type\":\"SearchAction\",\"target\":{\"@type\":\"EntryPoint\",\"urlTemplate\":\"https:\/\/der-schulbedarf.shop\/produkt-des-monats\/?s={search_term_string}\"},\"query-input\":{\"@type\":\"PropertyValueSpecification\",\"valueRequired\":true,\"valueName\":\"search_term_string\"}}],\"inLanguage\":\"de\"},{\"@type\":\"Organization\",\"@id\":\"https:\/\/der-schulbedarf.shop\/produkt-des-monats\/#organization\",\"name\":\"der-Schulbedarf.shop\",\"url\":\"https:\/\/der-schulbedarf.shop\/produkt-des-monats\/\",\"logo\":{\"@type\":\"ImageObject\",\"inLanguage\":\"de\",\"@id\":\"https:\/\/der-schulbedarf.shop\/produkt-des-monats\/#\/schema\/logo\/image\/\",\"url\":\"https:\/\/der-schulbedarf.shop\/wp-content\/uploads\/2024\/02\/grafik-e1709551115899.png\",\"contentUrl\":\"https:\/\/der-schulbedarf.shop\/wp-content\/uploads\/2024\/02\/grafik-e1709551115899.png\",\"width\":80,\"height\":80,\"caption\":\"der-Schulbedarf.shop\"},\"image\":{\"@id\":\"https:\/\/der-schulbedarf.shop\/produkt-des-monats\/#\/schema\/logo\/image\/\"}}]}<\/script>\n<!-- \/ Yoast SEO plugin. -->","yoast_head_json":{"title":"Leserabe mit Mildenberger Silbenmethode: Polizeihund Bolle im Einsatz - der-Schulbedarf.shop","description":"Beim Goldschmied Klunker wurde eingebrochen! Sofort machen sich Polizist Ben und sein Hund Bolle auf den Weg zum Tatort. Bolle entdeckt eine wichtige Spur. Wer war blo\u00df der R\u00e4uber mit der Schweinchen-Maske?","robots":{"index":"index","follow":"follow","max-snippet":"max-snippet:-1","max-image-preview":"max-image-preview:large","max-video-preview":"max-video-preview:-1"},"canonical":"https:\/\/der-schulbedarf.shop\/produkt-des-monats\/produkt\/leserabe-mit-mildenberger-silbenmethode-polizeihund-bolle-im-einsatz\/","og_locale":"de_DE","og_type":"article","og_title":"Leserabe mit Mildenberger Silbenmethode: Polizeihund Bolle im Einsatz - der-Schulbedarf.shop","og_description":"Beim Goldschmied Klunker wurde eingebrochen! Sofort machen sich Polizist Ben und sein Hund Bolle auf den Weg zum Tatort. Bolle entdeckt eine wichtige Spur. Wer war blo\u00df der R\u00e4uber mit der Schweinchen-Maske?","og_url":"https:\/\/der-schulbedarf.shop\/produkt-des-monats\/produkt\/leserabe-mit-mildenberger-silbenmethode-polizeihund-bolle-im-einsatz\/","og_site_name":"der-Schulbedarf.shop","article_modified_time":"2025-08-30T15:49:10+00:00","og_image":[{"width":720,"height":380,"url":"https:\/\/der-schulbedarf.shop\/wp-content\/uploads\/2023\/06\/AN-46035_1-720x380-1.webp","type":"image\/webp"}],"twitter_card":"summary_large_image","twitter_misc":{"Gesch\u00e4tzte Lesezeit":"2\u00a0Minuten"},"schema":{"@context":"https:\/\/schema.org","@graph":[{"@type":"WebPage","@id":"https:\/\/der-schulbedarf.shop\/produkt-des-monats\/produkt\/leserabe-mit-mildenberger-silbenmethode-polizeihund-bolle-im-einsatz\/","url":"https:\/\/der-schulbedarf.shop\/produkt-des-monats\/produkt\/leserabe-mit-mildenberger-silbenmethode-polizeihund-bolle-im-einsatz\/","name":"Leserabe mit Mildenberger Silbenmethode: Polizeihund Bolle im Einsatz - der-Schulbedarf.shop","isPartOf":{"@id":"https:\/\/der-schulbedarf.shop\/produkt-des-monats\/#website"},"primaryImageOfPage":{"@id":"https:\/\/der-schulbedarf.shop\/produkt-des-monats\/produkt\/leserabe-mit-mildenberger-silbenmethode-polizeihund-bolle-im-einsatz\/#primaryimage"},"image":{"@id":"https:\/\/der-schulbedarf.shop\/produkt-des-monats\/produkt\/leserabe-mit-mildenberger-silbenmethode-polizeihund-bolle-im-einsatz\/#primaryimage"},"thumbnailUrl":"https:\/\/der-schulbedarf.shop\/wp-content\/uploads\/2023\/06\/AN-46035_1-720x380-1.webp","datePublished":"2023-06-13T05:56:29+00:00","dateModified":"2025-08-30T15:49:10+00:00","description":"Beim Goldschmied Klunker wurde eingebrochen! Sofort machen sich Polizist Ben und sein Hund Bolle auf den Weg zum Tatort. Bolle entdeckt eine wichtige Spur. Wer war blo\u00df der R\u00e4uber mit der Schweinchen-Maske?","breadcrumb":{"@id":"https:\/\/der-schulbedarf.shop\/produkt-des-monats\/produkt\/leserabe-mit-mildenberger-silbenmethode-polizeihund-bolle-im-einsatz\/#breadcrumb"},"inLanguage":"de","potentialAction":[{"@type":"ReadAction","target":["https:\/\/der-schulbedarf.shop\/produkt-des-monats\/produkt\/leserabe-mit-mildenberger-silbenmethode-polizeihund-bolle-im-einsatz\/"]}]},{"@type":"ImageObject","inLanguage":"de","@id":"https:\/\/der-schulbedarf.shop\/produkt-des-monats\/produkt\/leserabe-mit-mildenberger-silbenmethode-polizeihund-bolle-im-einsatz\/#primaryimage","url":"https:\/\/der-schulbedarf.shop\/wp-content\/uploads\/2023\/06\/AN-46035_1-720x380-1.webp","contentUrl":"https:\/\/der-schulbedarf.shop\/wp-content\/uploads\/2023\/06\/AN-46035_1-720x380-1.webp","width":720,"height":380,"caption":"Polizeihund Bolle im Einsatz"},{"@type":"BreadcrumbList","@id":"https:\/\/der-schulbedarf.shop\/produkt-des-monats\/produkt\/leserabe-mit-mildenberger-silbenmethode-polizeihund-bolle-im-einsatz\/#breadcrumb","itemListElement":[{"@type":"ListItem","position":1,"name":"Shop","item":"https:\/\/der-schulbedarf.shop\/produkt-des-monats\/shop\/"},{"@type":"ListItem","position":2,"name":"Leserabe mit Mildenberger Silbenmethode: Polizeihund Bolle im Einsatz"}]},{"@type":"WebSite","@id":"https:\/\/der-schulbedarf.shop\/produkt-des-monats\/#website","url":"https:\/\/der-schulbedarf.shop\/produkt-des-monats\/","name":"der-Schulbedarf.shop","description":"","publisher":{"@id":"https:\/\/der-schulbedarf.shop\/produkt-des-monats\/#organization"},"potentialAction":[{"@type":"SearchAction","target":{"@type":"EntryPoint","urlTemplate":"https:\/\/der-schulbedarf.shop\/produkt-des-monats\/?s={search_term_string}"},"query-input":{"@type":"PropertyValueSpecification","valueRequired":true,"valueName":"search_term_string"}}],"inLanguage":"de"},{"@type":"Organization","@id":"https:\/\/der-schulbedarf.shop\/produkt-des-monats\/#organization","name":"der-Schulbedarf.shop","url":"https:\/\/der-schulbedarf.shop\/produkt-des-monats\/","logo":{"@type":"ImageObject","inLanguage":"de","@id":"https:\/\/der-schulbedarf.shop\/produkt-des-monats\/#\/schema\/logo\/image\/","url":"https:\/\/der-schulbedarf.shop\/wp-content\/uploads\/2024\/02\/grafik-e1709551115899.png","contentUrl":"https:\/\/der-schulbedarf.shop\/wp-content\/uploads\/2024\/02\/grafik-e1709551115899.png","width":80,"height":80,"caption":"der-Schulbedarf.shop"},"image":{"@id":"https:\/\/der-schulbedarf.shop\/produkt-des-monats\/#\/schema\/logo\/image\/"}}]}},"_links":{"self":[{"href":"https:\/\/der-schulbedarf.shop\/produkt-des-monats\/wp-json\/wp\/v2\/product\/1723","targetHints":{"allow":["GET"]}}],"collection":[{"href":"https:\/\/der-schulbedarf.shop\/produkt-des-monats\/wp-json\/wp\/v2\/product"}],"about":[{"href":"https:\/\/der-schulbedarf.shop\/produkt-des-monats\/wp-json\/wp\/v2\/types\/product"}],"replies":[{"embeddable":true,"href":"https:\/\/der-schulbedarf.shop\/produkt-des-monats\/wp-json\/wp\/v2\/comments?post=1723"}],"wp:featuredmedia":[{"embeddable":true,"href":"https:\/\/der-schulbedarf.shop\/produkt-des-monats\/wp-json\/wp\/v2\/media\/2144"}],"wp:attachment":[{"href":"https:\/\/der-schulbedarf.shop\/produkt-des-monats\/wp-json\/wp\/v2\/media?parent=1723"}],"wp:term":[{"taxonomy":"product_cat","embeddable":true,"href":"https:\/\/der-schulbedarf.shop\/produkt-des-monats\/wp-json\/wp\/v2\/product_cat?post=1723"},{"taxonomy":"product_tag","embeddable":true,"href":"https:\/\/der-schulbedarf.shop\/produkt-des-monats\/wp-json\/wp\/v2\/product_tag?post=1723"}],"curies":[{"name":"wp","href":"https:\/\/api.w.org\/{rel}","templated":true}]}}