{"id":1763,"date":"2023-06-13T05:35:49","date_gmt":"2023-06-13T05:35:49","guid":{"rendered":"https:\/\/der-schulbedarf.Shop\/?post_type=product&#038;p=1763"},"modified":"2025-09-01T07:13:46","modified_gmt":"2025-09-01T07:13:46","slug":"leserabe-3-lesestufe-das-zauberhaus","status":"publish","type":"product","link":"https:\/\/der-schulbedarf.shop\/produkt-des-monats\/produkt\/leserabe-3-lesestufe-das-zauberhaus\/","title":{"rendered":"Leserabe &#8211; 3. Lesestufe: Das Zauberhaus"},"content":{"rendered":"<p>Noah und Juli ziehen in ein geheimnisvolles altes Haus. Die ganze Familie ist begeistert &#8211; auch wenn die vorherigen Bewohner sagen, dass es ein Spukhaus ist. Und tats\u00e4chlich passieren schon bald seltsame Dinge: Vom Dachboden kommen Ger\u00e4usche und die Zimmer ver\u00e4ndern ihre Gr\u00f6\u00dfe. Noah und Juli gehen der Sache auf den Grund und kommen dabei einem uralten Geheimnis auf die Spur &#8230;<\/p>\n<p>Lesen lernen wie im Flug! Die Kinderb\u00fccher der Reihe Leserabe \u2013 3. Lesestufe wurden mit P\u00e4dagogen entwickelt und richten sich an Leseprofis ab der 3. Klasse. Durch spannende Geschichten mit l\u00e4ngeren Kapiteln und erweitertem Wortschatz wird die Lesef\u00e4higkeit von M\u00e4dchen und Jungen ab 8 Jahren gef\u00f6rdert. Schwierige W\u00f6rter werden in einem Glossar erkl\u00e4rt. Empfohlen von Stiftung Lesen, gelistet bei Antolin.<\/p>\n","protected":false},"excerpt":{"rendered":"<p>Noah und Juli ziehen in ein geheimnisvolles altes Haus. Die ganze Familie ist begeistert &#8211; auch wenn die vorherigen Bewohner sagen, dass es ein Spukhaus ist. Und tats\u00e4chlich passieren schon bald seltsame Dinge: Vom Dachboden kommen Ger\u00e4usche und die Zimmer ver\u00e4ndern ihre Gr\u00f6\u00dfe. Noah und Juli gehen der Sache auf den Grund und kommen dabei [&hellip;]<\/p>\n","protected":false},"featured_media":2136,"comment_status":"open","ping_status":"closed","template":"","meta":[],"product_cat":[901,224,915,944,225],"product_tag":[761,760,111,648,200,201,422,196,197,195,214,765,115,381,114,327,113,210,112,198,181,202,179,764,180,576,328,763,187,762,177,178],"class_list":{"0":"post-1763","1":"product","2":"type-product","3":"status-publish","4":"has-post-thumbnail","6":"product_cat-3-klasse","7":"product_cat-kinderbuecher","8":"product_cat-produkt-feeds","9":"product_cat-produktzufuehrung-geizhal","10":"product_cat-ravensburger-kinderbuecher","11":"product_tag-3-klasse","12":"product_tag-ab-8-jahren","13":"product_tag-beschaeftigung","14":"product_tag-bruder","15":"product_tag-buch","16":"product_tag-buecher","17":"product_tag-dachboden","18":"product_tag-erstlesebuch","19":"product_tag-erstlesebuecher","20":"product_tag-erstleser","21":"product_tag-familie","22":"product_tag-fluch","23":"product_tag-fuer-jungen","24":"product_tag-fuer-kinder-ab-8-jahre","25":"product_tag-fuer-maedchen","26":"product_tag-geist","27":"product_tag-geschenk","28":"product_tag-geschenk-kinder","29":"product_tag-geschenkidee","30":"product_tag-kinderbuch","31":"product_tag-kinderbuecher","32":"product_tag-lesen","33":"product_tag-lesen-lernen","34":"product_tag-mitternacht","35":"product_tag-ravensburger-erstes-lernen","36":"product_tag-schwester","37":"product_tag-spuk","38":"product_tag-umzug","39":"product_tag-zauber","40":"product_tag-zaubern","41":"product_tag-zuhause-lernen","42":"product_tag-zuhause-unterrichten","43":"post","44":"post-with-thumbnail","45":"post-with-thumbnail-large","47":"first","48":"outofstock","49":"taxable","50":"shipping-taxable","51":"purchasable","52":"product-type-simple"},"yoast_head":"<!-- This site is optimized with the Yoast SEO plugin v26.6 - https:\/\/yoast.com\/wordpress\/plugins\/seo\/ -->\n<title>Leserabe - 3. Lesestufe: Das Zauberhaus<\/title>\n<meta name=\"description\" content=\"Noah und Juli ziehen in ein geheimnisvolles altes Haus. Spannende Spuk Geschichte f\u00fcr Kinder ab 8 Jahren. Von P\u00e4dagogen entwickelt. St\u00e4rkt die Lesekompetenz\" \/>\n<meta name=\"robots\" content=\"index, follow, max-snippet:-1, max-image-preview:large, max-video-preview:-1\" \/>\n<link rel=\"canonical\" href=\"https:\/\/der-schulbedarf.shop\/produkt-des-monats\/produkt\/leserabe-3-lesestufe-das-zauberhaus\/\" \/>\n<meta property=\"og:locale\" content=\"de_DE\" \/>\n<meta property=\"og:type\" content=\"article\" \/>\n<meta property=\"og:title\" content=\"Leserabe - 3. Lesestufe: Das Zauberhaus\" \/>\n<meta property=\"og:description\" content=\"Noah und Juli ziehen in ein geheimnisvolles altes Haus. Spannende Spuk Geschichte f\u00fcr Kinder ab 8 Jahren. Von P\u00e4dagogen entwickelt. St\u00e4rkt die Lesekompetenz\" \/>\n<meta property=\"og:url\" content=\"https:\/\/der-schulbedarf.shop\/produkt-des-monats\/produkt\/leserabe-3-lesestufe-das-zauberhaus\/\" \/>\n<meta property=\"og:site_name\" content=\"der-Schulbedarf.shop\" \/>\n<meta property=\"article:modified_time\" content=\"2025-09-01T07:13:46+00:00\" \/>\n<meta property=\"og:image\" content=\"https:\/\/der-schulbedarf.shop\/wp-content\/uploads\/2023\/06\/AN-36495_1-720x380-1.webp\" \/>\n\t<meta property=\"og:image:width\" content=\"720\" \/>\n\t<meta property=\"og:image:height\" content=\"380\" \/>\n\t<meta property=\"og:image:type\" content=\"image\/webp\" \/>\n<meta name=\"twitter:card\" content=\"summary_large_image\" \/>\n<meta name=\"twitter:label1\" content=\"Gesch\u00e4tzte Lesezeit\" \/>\n\t<meta name=\"twitter:data1\" content=\"1\u00a0Minute\" \/>\n<script type=\"application\/ld+json\" class=\"yoast-schema-graph\">{\"@context\":\"https:\/\/schema.org\",\"@graph\":[{\"@type\":\"WebPage\",\"@id\":\"https:\/\/der-schulbedarf.shop\/produkt-des-monats\/produkt\/leserabe-3-lesestufe-das-zauberhaus\/\",\"url\":\"https:\/\/der-schulbedarf.shop\/produkt-des-monats\/produkt\/leserabe-3-lesestufe-das-zauberhaus\/\",\"name\":\"Leserabe - 3. Lesestufe: Das Zauberhaus\",\"isPartOf\":{\"@id\":\"https:\/\/der-schulbedarf.shop\/produkt-des-monats\/#website\"},\"primaryImageOfPage\":{\"@id\":\"https:\/\/der-schulbedarf.shop\/produkt-des-monats\/produkt\/leserabe-3-lesestufe-das-zauberhaus\/#primaryimage\"},\"image\":{\"@id\":\"https:\/\/der-schulbedarf.shop\/produkt-des-monats\/produkt\/leserabe-3-lesestufe-das-zauberhaus\/#primaryimage\"},\"thumbnailUrl\":\"https:\/\/der-schulbedarf.shop\/wp-content\/uploads\/2023\/06\/AN-36495_1-720x380-1.webp\",\"datePublished\":\"2023-06-13T05:35:49+00:00\",\"dateModified\":\"2025-09-01T07:13:46+00:00\",\"description\":\"Noah und Juli ziehen in ein geheimnisvolles altes Haus. Spannende Spuk Geschichte f\u00fcr Kinder ab 8 Jahren. Von P\u00e4dagogen entwickelt. St\u00e4rkt die Lesekompetenz\",\"breadcrumb\":{\"@id\":\"https:\/\/der-schulbedarf.shop\/produkt-des-monats\/produkt\/leserabe-3-lesestufe-das-zauberhaus\/#breadcrumb\"},\"inLanguage\":\"de\",\"potentialAction\":[{\"@type\":\"ReadAction\",\"target\":[\"https:\/\/der-schulbedarf.shop\/produkt-des-monats\/produkt\/leserabe-3-lesestufe-das-zauberhaus\/\"]}]},{\"@type\":\"ImageObject\",\"inLanguage\":\"de\",\"@id\":\"https:\/\/der-schulbedarf.shop\/produkt-des-monats\/produkt\/leserabe-3-lesestufe-das-zauberhaus\/#primaryimage\",\"url\":\"https:\/\/der-schulbedarf.shop\/wp-content\/uploads\/2023\/06\/AN-36495_1-720x380-1.webp\",\"contentUrl\":\"https:\/\/der-schulbedarf.shop\/wp-content\/uploads\/2023\/06\/AN-36495_1-720x380-1.webp\",\"width\":720,\"height\":380,\"caption\":\"Das Zauberhaus\"},{\"@type\":\"BreadcrumbList\",\"@id\":\"https:\/\/der-schulbedarf.shop\/produkt-des-monats\/produkt\/leserabe-3-lesestufe-das-zauberhaus\/#breadcrumb\",\"itemListElement\":[{\"@type\":\"ListItem\",\"position\":1,\"name\":\"Shop\",\"item\":\"https:\/\/der-schulbedarf.shop\/produkt-des-monats\/shop\/\"},{\"@type\":\"ListItem\",\"position\":2,\"name\":\"Leserabe &#8211; 3. Lesestufe: Das Zauberhaus\"}]},{\"@type\":\"WebSite\",\"@id\":\"https:\/\/der-schulbedarf.shop\/produkt-des-monats\/#website\",\"url\":\"https:\/\/der-schulbedarf.shop\/produkt-des-monats\/\",\"name\":\"der-Schulbedarf.shop\",\"description\":\"\",\"publisher\":{\"@id\":\"https:\/\/der-schulbedarf.shop\/produkt-des-monats\/#organization\"},\"potentialAction\":[{\"@type\":\"SearchAction\",\"target\":{\"@type\":\"EntryPoint\",\"urlTemplate\":\"https:\/\/der-schulbedarf.shop\/produkt-des-monats\/?s={search_term_string}\"},\"query-input\":{\"@type\":\"PropertyValueSpecification\",\"valueRequired\":true,\"valueName\":\"search_term_string\"}}],\"inLanguage\":\"de\"},{\"@type\":\"Organization\",\"@id\":\"https:\/\/der-schulbedarf.shop\/produkt-des-monats\/#organization\",\"name\":\"der-Schulbedarf.shop\",\"url\":\"https:\/\/der-schulbedarf.shop\/produkt-des-monats\/\",\"logo\":{\"@type\":\"ImageObject\",\"inLanguage\":\"de\",\"@id\":\"https:\/\/der-schulbedarf.shop\/produkt-des-monats\/#\/schema\/logo\/image\/\",\"url\":\"https:\/\/der-schulbedarf.shop\/wp-content\/uploads\/2024\/02\/grafik-e1709551115899.png\",\"contentUrl\":\"https:\/\/der-schulbedarf.shop\/wp-content\/uploads\/2024\/02\/grafik-e1709551115899.png\",\"width\":80,\"height\":80,\"caption\":\"der-Schulbedarf.shop\"},\"image\":{\"@id\":\"https:\/\/der-schulbedarf.shop\/produkt-des-monats\/#\/schema\/logo\/image\/\"}}]}<\/script>\n<!-- \/ Yoast SEO plugin. -->","yoast_head_json":{"title":"Leserabe - 3. Lesestufe: Das Zauberhaus","description":"Noah und Juli ziehen in ein geheimnisvolles altes Haus. Spannende Spuk Geschichte f\u00fcr Kinder ab 8 Jahren. Von P\u00e4dagogen entwickelt. St\u00e4rkt die Lesekompetenz","robots":{"index":"index","follow":"follow","max-snippet":"max-snippet:-1","max-image-preview":"max-image-preview:large","max-video-preview":"max-video-preview:-1"},"canonical":"https:\/\/der-schulbedarf.shop\/produkt-des-monats\/produkt\/leserabe-3-lesestufe-das-zauberhaus\/","og_locale":"de_DE","og_type":"article","og_title":"Leserabe - 3. Lesestufe: Das Zauberhaus","og_description":"Noah und Juli ziehen in ein geheimnisvolles altes Haus. Spannende Spuk Geschichte f\u00fcr Kinder ab 8 Jahren. Von P\u00e4dagogen entwickelt. St\u00e4rkt die Lesekompetenz","og_url":"https:\/\/der-schulbedarf.shop\/produkt-des-monats\/produkt\/leserabe-3-lesestufe-das-zauberhaus\/","og_site_name":"der-Schulbedarf.shop","article_modified_time":"2025-09-01T07:13:46+00:00","og_image":[{"width":720,"height":380,"url":"https:\/\/der-schulbedarf.shop\/wp-content\/uploads\/2023\/06\/AN-36495_1-720x380-1.webp","type":"image\/webp"}],"twitter_card":"summary_large_image","twitter_misc":{"Gesch\u00e4tzte Lesezeit":"1\u00a0Minute"},"schema":{"@context":"https:\/\/schema.org","@graph":[{"@type":"WebPage","@id":"https:\/\/der-schulbedarf.shop\/produkt-des-monats\/produkt\/leserabe-3-lesestufe-das-zauberhaus\/","url":"https:\/\/der-schulbedarf.shop\/produkt-des-monats\/produkt\/leserabe-3-lesestufe-das-zauberhaus\/","name":"Leserabe - 3. Lesestufe: Das Zauberhaus","isPartOf":{"@id":"https:\/\/der-schulbedarf.shop\/produkt-des-monats\/#website"},"primaryImageOfPage":{"@id":"https:\/\/der-schulbedarf.shop\/produkt-des-monats\/produkt\/leserabe-3-lesestufe-das-zauberhaus\/#primaryimage"},"image":{"@id":"https:\/\/der-schulbedarf.shop\/produkt-des-monats\/produkt\/leserabe-3-lesestufe-das-zauberhaus\/#primaryimage"},"thumbnailUrl":"https:\/\/der-schulbedarf.shop\/wp-content\/uploads\/2023\/06\/AN-36495_1-720x380-1.webp","datePublished":"2023-06-13T05:35:49+00:00","dateModified":"2025-09-01T07:13:46+00:00","description":"Noah und Juli ziehen in ein geheimnisvolles altes Haus. Spannende Spuk Geschichte f\u00fcr Kinder ab 8 Jahren. Von P\u00e4dagogen entwickelt. St\u00e4rkt die Lesekompetenz","breadcrumb":{"@id":"https:\/\/der-schulbedarf.shop\/produkt-des-monats\/produkt\/leserabe-3-lesestufe-das-zauberhaus\/#breadcrumb"},"inLanguage":"de","potentialAction":[{"@type":"ReadAction","target":["https:\/\/der-schulbedarf.shop\/produkt-des-monats\/produkt\/leserabe-3-lesestufe-das-zauberhaus\/"]}]},{"@type":"ImageObject","inLanguage":"de","@id":"https:\/\/der-schulbedarf.shop\/produkt-des-monats\/produkt\/leserabe-3-lesestufe-das-zauberhaus\/#primaryimage","url":"https:\/\/der-schulbedarf.shop\/wp-content\/uploads\/2023\/06\/AN-36495_1-720x380-1.webp","contentUrl":"https:\/\/der-schulbedarf.shop\/wp-content\/uploads\/2023\/06\/AN-36495_1-720x380-1.webp","width":720,"height":380,"caption":"Das Zauberhaus"},{"@type":"BreadcrumbList","@id":"https:\/\/der-schulbedarf.shop\/produkt-des-monats\/produkt\/leserabe-3-lesestufe-das-zauberhaus\/#breadcrumb","itemListElement":[{"@type":"ListItem","position":1,"name":"Shop","item":"https:\/\/der-schulbedarf.shop\/produkt-des-monats\/shop\/"},{"@type":"ListItem","position":2,"name":"Leserabe &#8211; 3. Lesestufe: Das Zauberhaus"}]},{"@type":"WebSite","@id":"https:\/\/der-schulbedarf.shop\/produkt-des-monats\/#website","url":"https:\/\/der-schulbedarf.shop\/produkt-des-monats\/","name":"der-Schulbedarf.shop","description":"","publisher":{"@id":"https:\/\/der-schulbedarf.shop\/produkt-des-monats\/#organization"},"potentialAction":[{"@type":"SearchAction","target":{"@type":"EntryPoint","urlTemplate":"https:\/\/der-schulbedarf.shop\/produkt-des-monats\/?s={search_term_string}"},"query-input":{"@type":"PropertyValueSpecification","valueRequired":true,"valueName":"search_term_string"}}],"inLanguage":"de"},{"@type":"Organization","@id":"https:\/\/der-schulbedarf.shop\/produkt-des-monats\/#organization","name":"der-Schulbedarf.shop","url":"https:\/\/der-schulbedarf.shop\/produkt-des-monats\/","logo":{"@type":"ImageObject","inLanguage":"de","@id":"https:\/\/der-schulbedarf.shop\/produkt-des-monats\/#\/schema\/logo\/image\/","url":"https:\/\/der-schulbedarf.shop\/wp-content\/uploads\/2024\/02\/grafik-e1709551115899.png","contentUrl":"https:\/\/der-schulbedarf.shop\/wp-content\/uploads\/2024\/02\/grafik-e1709551115899.png","width":80,"height":80,"caption":"der-Schulbedarf.shop"},"image":{"@id":"https:\/\/der-schulbedarf.shop\/produkt-des-monats\/#\/schema\/logo\/image\/"}}]}},"_links":{"self":[{"href":"https:\/\/der-schulbedarf.shop\/produkt-des-monats\/wp-json\/wp\/v2\/product\/1763","targetHints":{"allow":["GET"]}}],"collection":[{"href":"https:\/\/der-schulbedarf.shop\/produkt-des-monats\/wp-json\/wp\/v2\/product"}],"about":[{"href":"https:\/\/der-schulbedarf.shop\/produkt-des-monats\/wp-json\/wp\/v2\/types\/product"}],"replies":[{"embeddable":true,"href":"https:\/\/der-schulbedarf.shop\/produkt-des-monats\/wp-json\/wp\/v2\/comments?post=1763"}],"wp:featuredmedia":[{"embeddable":true,"href":"https:\/\/der-schulbedarf.shop\/produkt-des-monats\/wp-json\/wp\/v2\/media\/2136"}],"wp:attachment":[{"href":"https:\/\/der-schulbedarf.shop\/produkt-des-monats\/wp-json\/wp\/v2\/media?parent=1763"}],"wp:term":[{"taxonomy":"product_cat","embeddable":true,"href":"https:\/\/der-schulbedarf.shop\/produkt-des-monats\/wp-json\/wp\/v2\/product_cat?post=1763"},{"taxonomy":"product_tag","embeddable":true,"href":"https:\/\/der-schulbedarf.shop\/produkt-des-monats\/wp-json\/wp\/v2\/product_tag?post=1763"}],"curies":[{"name":"wp","href":"https:\/\/api.w.org\/{rel}","templated":true}]}}