{"id":1778,"date":"2023-06-13T05:24:51","date_gmt":"2023-06-13T05:24:51","guid":{"rendered":"https:\/\/der-schulbedarf.Shop\/?post_type=product&#038;p=1778"},"modified":"2025-09-01T10:37:45","modified_gmt":"2025-09-01T10:37:45","slug":"leonie-looping-band-2-das-abenteuer-am-waldsee","status":"publish","type":"product","link":"https:\/\/der-schulbedarf.shop\/produkt-des-monats\/produkt\/leonie-looping-band-2-das-abenteuer-am-waldsee\/","title":{"rendered":"Leonie Looping, Band 2: Das Abenteuer am Waldsee"},"content":{"rendered":"<p>Auf der Suche nach dem magischen Schrumpferbsenstrauch entdecken Leo und die Schmetterlingselfen, dass der Waldsee total verm\u00fcllt ist. M\u00fccke und Luna verd\u00e4chtigen Flo, den Nachbarsjungen. Doch war er es wirklich? Eins ist sicher: Die Tiere des Waldes brauchen ihre Hilfe! Bald stellt sich heraus, dass Flo unschuldig ist. Gemeinsam machen sich Leo, Flo, M\u00fccke und Luna auf die Suche nach den \u00dcbelt\u00e4tern. Unterst\u00fctzung bekommen die Freunde von Schmetterlingself Kim-Chi und den Waldtieren.<\/p>\n<p>Dein Abenteuer &#8211; nur einen Fl\u00fcgelschlag entfernt!<\/p>\n<p>Auf dem Balkon ihrer Oma entdeckt Leonie Schmetterlingselfen. Nach dem Verzehr einer Schrumpferbse ist sie pl\u00f6tzlich genauso klein wie die Schmetterlingselfen Luna und M\u00fccke. Gemeinsam erleben sie tolle Abenteuer!<\/p>\n<p>Mit Leonie Looping schaffen Cally Stronk (Text) und Constanze von Kitzing (Illustration) eine unterhaltsame Erstlese-Reihe f\u00fcr kleine Elfenfans ab 7 Jahren. Kindgerecht und unterhaltsam werden in jedem Band Umweltthemen wie M\u00fcllvermeidung und Nachhaltigkeit vermittelt.<\/p>\n<p>Band 1: Leonie Looping \u2013 Das Geheimnis auf dem Balkon\u200b<br \/>\nBand 2: Leonie Looping \u2013 Das Abenteuer am Waldsee\u200b<br \/>\nBand 3: Leonie Looping \u2013 Der verr\u00fcckte Schrumpferbsen-Unfall\u200b<br \/>\nBand 4: Leonie Looping \u2013 Das R\u00e4tsel um die Bienen\u200b<br \/>\nBand 5: Leonie Looping \u2013 Die verschwundenen Dinge \u200b<br \/>\nBand 6: Leonie Looping \u2013 Ein elfenstarker Winter<br \/>\nBand 7: Leonie Looping \u2013 Kleine Robbe in Not<br \/>\nBand 8: Leonie Looping \u2013 Die Waldolympiade<\/p>\n","protected":false},"excerpt":{"rendered":"<p>Auf der Suche nach dem magischen Schrumpferbsenstrauch entdecken Leo und die Schmetterlingselfen, dass der Waldsee total verm\u00fcllt ist. M\u00fccke und Luna verd\u00e4chtigen Flo, den Nachbarsjungen. Doch war er es wirklich? Eins ist sicher: Die Tiere des Waldes brauchen ihre Hilfe! Bald stellt sich heraus, dass Flo unschuldig ist. Gemeinsam machen sich Leo, Flo, M\u00fccke und [&hellip;]<\/p>\n","protected":false},"featured_media":2125,"comment_status":"open","ping_status":"closed","template":"","meta":[],"product_cat":[224,944,225],"product_tag":[220,111,200,201,250,196,197,195,183,769,190,115,223,114,113,210,112,198,181,185,202,179,189,188,168,180,768,770,187,177,178],"class_list":{"0":"post-1778","1":"product","2":"type-product","3":"status-publish","4":"has-post-thumbnail","6":"product_cat-kinderbuecher","7":"product_cat-produktzufuehrung-geizhal","8":"product_cat-ravensburger-kinderbuecher","9":"product_tag-ab-7-jahren","10":"product_tag-beschaeftigung","11":"product_tag-buch","12":"product_tag-buecher","13":"product_tag-elfe","14":"product_tag-erstlesebuch","15":"product_tag-erstlesebuecher","16":"product_tag-erstleser","17":"product_tag-fantasie","18":"product_tag-fluegel","19":"product_tag-freundschaft","20":"product_tag-fuer-jungen","21":"product_tag-fuer-kinder-ab-7-jahre","22":"product_tag-fuer-maedchen","23":"product_tag-geschenk","24":"product_tag-geschenk-kinder","25":"product_tag-geschenkidee","26":"product_tag-kinderbuch","27":"product_tag-kinderbuecher","28":"product_tag-leseanfaenger","29":"product_tag-lesen","30":"product_tag-lesen-lernen","31":"product_tag-maedchen","32":"product_tag-magie","33":"product_tag-natur","34":"product_tag-ravensburger-erstes-lernen","35":"product_tag-schmetterling","36":"product_tag-see","37":"product_tag-zauber","38":"product_tag-zuhause-lernen","39":"product_tag-zuhause-unterrichten","40":"post","41":"post-with-thumbnail","42":"post-with-thumbnail-large","44":"first","45":"outofstock","46":"taxable","47":"shipping-taxable","48":"purchasable","49":"product-type-simple"},"yoast_head":"<!-- This site is optimized with the Yoast SEO plugin v26.6 - https:\/\/yoast.com\/wordpress\/plugins\/seo\/ -->\n<title>Leonie Looping, Band 2: Das Abenteuer am Waldsee - der-Schulbedarf.shop<\/title>\n<meta name=\"description\" content=\"Auf der Suche nach dem magischen Schrumpferbsenstrauch entdecken Leo und die Schmetterlingselfen, dass der Waldsee total verm\u00fcllt ist. M\u00fccke und Luna verd\u00e4chtigen Flo, den Nachbarsjungen. Doch war er es wirklich? Eins ist sicher: Die Tiere des Waldes brauchen ihre Hilfe! Bald stellt sich heraus, dass Flo unschuldig ist. Gemeinsam machen sich Leo, Flo, M\u00fccke und Luna auf die Suche nach den \u00dcbelt\u00e4tern. Unterst\u00fctzung bekommen die Freunde von Schmetterlingself Kim-Chi und den Waldtieren.\" \/>\n<meta name=\"robots\" content=\"index, follow, max-snippet:-1, max-image-preview:large, max-video-preview:-1\" \/>\n<link rel=\"canonical\" href=\"https:\/\/der-schulbedarf.shop\/produkt-des-monats\/produkt\/leonie-looping-band-2-das-abenteuer-am-waldsee\/\" \/>\n<meta property=\"og:locale\" content=\"de_DE\" \/>\n<meta property=\"og:type\" content=\"article\" \/>\n<meta property=\"og:title\" content=\"Leonie Looping, Band 2: Das Abenteuer am Waldsee - der-Schulbedarf.shop\" \/>\n<meta property=\"og:description\" content=\"Auf der Suche nach dem magischen Schrumpferbsenstrauch entdecken Leo und die Schmetterlingselfen, dass der Waldsee total verm\u00fcllt ist. M\u00fccke und Luna verd\u00e4chtigen Flo, den Nachbarsjungen. Doch war er es wirklich? Eins ist sicher: Die Tiere des Waldes brauchen ihre Hilfe! Bald stellt sich heraus, dass Flo unschuldig ist. Gemeinsam machen sich Leo, Flo, M\u00fccke und Luna auf die Suche nach den \u00dcbelt\u00e4tern. Unterst\u00fctzung bekommen die Freunde von Schmetterlingself Kim-Chi und den Waldtieren.\" \/>\n<meta property=\"og:url\" content=\"https:\/\/der-schulbedarf.shop\/produkt-des-monats\/produkt\/leonie-looping-band-2-das-abenteuer-am-waldsee\/\" \/>\n<meta property=\"og:site_name\" content=\"der-Schulbedarf.shop\" \/>\n<meta property=\"article:modified_time\" content=\"2025-09-01T10:37:45+00:00\" \/>\n<meta property=\"og:image\" content=\"https:\/\/der-schulbedarf.shop\/wp-content\/uploads\/2023\/06\/AN-36511_1-720x380-1.webp\" \/>\n\t<meta property=\"og:image:width\" content=\"720\" \/>\n\t<meta property=\"og:image:height\" content=\"380\" \/>\n\t<meta property=\"og:image:type\" content=\"image\/webp\" \/>\n<meta name=\"twitter:card\" content=\"summary_large_image\" \/>\n<meta name=\"twitter:label1\" content=\"Gesch\u00e4tzte Lesezeit\" \/>\n\t<meta name=\"twitter:data1\" content=\"2\u00a0Minuten\" \/>\n<script type=\"application\/ld+json\" class=\"yoast-schema-graph\">{\"@context\":\"https:\/\/schema.org\",\"@graph\":[{\"@type\":\"WebPage\",\"@id\":\"https:\/\/der-schulbedarf.shop\/produkt-des-monats\/produkt\/leonie-looping-band-2-das-abenteuer-am-waldsee\/\",\"url\":\"https:\/\/der-schulbedarf.shop\/produkt-des-monats\/produkt\/leonie-looping-band-2-das-abenteuer-am-waldsee\/\",\"name\":\"Leonie Looping, Band 2: Das Abenteuer am Waldsee - der-Schulbedarf.shop\",\"isPartOf\":{\"@id\":\"https:\/\/der-schulbedarf.shop\/produkt-des-monats\/#website\"},\"primaryImageOfPage\":{\"@id\":\"https:\/\/der-schulbedarf.shop\/produkt-des-monats\/produkt\/leonie-looping-band-2-das-abenteuer-am-waldsee\/#primaryimage\"},\"image\":{\"@id\":\"https:\/\/der-schulbedarf.shop\/produkt-des-monats\/produkt\/leonie-looping-band-2-das-abenteuer-am-waldsee\/#primaryimage\"},\"thumbnailUrl\":\"https:\/\/der-schulbedarf.shop\/wp-content\/uploads\/2023\/06\/AN-36511_1-720x380-1.webp\",\"datePublished\":\"2023-06-13T05:24:51+00:00\",\"dateModified\":\"2025-09-01T10:37:45+00:00\",\"description\":\"Auf der Suche nach dem magischen Schrumpferbsenstrauch entdecken Leo und die Schmetterlingselfen, dass der Waldsee total verm\u00fcllt ist. M\u00fccke und Luna verd\u00e4chtigen Flo, den Nachbarsjungen. Doch war er es wirklich? Eins ist sicher: Die Tiere des Waldes brauchen ihre Hilfe! Bald stellt sich heraus, dass Flo unschuldig ist. Gemeinsam machen sich Leo, Flo, M\u00fccke und Luna auf die Suche nach den \u00dcbelt\u00e4tern. Unterst\u00fctzung bekommen die Freunde von Schmetterlingself Kim-Chi und den Waldtieren.\",\"breadcrumb\":{\"@id\":\"https:\/\/der-schulbedarf.shop\/produkt-des-monats\/produkt\/leonie-looping-band-2-das-abenteuer-am-waldsee\/#breadcrumb\"},\"inLanguage\":\"de\",\"potentialAction\":[{\"@type\":\"ReadAction\",\"target\":[\"https:\/\/der-schulbedarf.shop\/produkt-des-monats\/produkt\/leonie-looping-band-2-das-abenteuer-am-waldsee\/\"]}]},{\"@type\":\"ImageObject\",\"inLanguage\":\"de\",\"@id\":\"https:\/\/der-schulbedarf.shop\/produkt-des-monats\/produkt\/leonie-looping-band-2-das-abenteuer-am-waldsee\/#primaryimage\",\"url\":\"https:\/\/der-schulbedarf.shop\/wp-content\/uploads\/2023\/06\/AN-36511_1-720x380-1.webp\",\"contentUrl\":\"https:\/\/der-schulbedarf.shop\/wp-content\/uploads\/2023\/06\/AN-36511_1-720x380-1.webp\",\"width\":720,\"height\":380},{\"@type\":\"BreadcrumbList\",\"@id\":\"https:\/\/der-schulbedarf.shop\/produkt-des-monats\/produkt\/leonie-looping-band-2-das-abenteuer-am-waldsee\/#breadcrumb\",\"itemListElement\":[{\"@type\":\"ListItem\",\"position\":1,\"name\":\"Shop\",\"item\":\"https:\/\/der-schulbedarf.shop\/produkt-des-monats\/shop\/\"},{\"@type\":\"ListItem\",\"position\":2,\"name\":\"Leonie Looping, Band 2: Das Abenteuer am Waldsee\"}]},{\"@type\":\"WebSite\",\"@id\":\"https:\/\/der-schulbedarf.shop\/produkt-des-monats\/#website\",\"url\":\"https:\/\/der-schulbedarf.shop\/produkt-des-monats\/\",\"name\":\"der-Schulbedarf.shop\",\"description\":\"\",\"publisher\":{\"@id\":\"https:\/\/der-schulbedarf.shop\/produkt-des-monats\/#organization\"},\"potentialAction\":[{\"@type\":\"SearchAction\",\"target\":{\"@type\":\"EntryPoint\",\"urlTemplate\":\"https:\/\/der-schulbedarf.shop\/produkt-des-monats\/?s={search_term_string}\"},\"query-input\":{\"@type\":\"PropertyValueSpecification\",\"valueRequired\":true,\"valueName\":\"search_term_string\"}}],\"inLanguage\":\"de\"},{\"@type\":\"Organization\",\"@id\":\"https:\/\/der-schulbedarf.shop\/produkt-des-monats\/#organization\",\"name\":\"der-Schulbedarf.shop\",\"url\":\"https:\/\/der-schulbedarf.shop\/produkt-des-monats\/\",\"logo\":{\"@type\":\"ImageObject\",\"inLanguage\":\"de\",\"@id\":\"https:\/\/der-schulbedarf.shop\/produkt-des-monats\/#\/schema\/logo\/image\/\",\"url\":\"https:\/\/der-schulbedarf.shop\/wp-content\/uploads\/2024\/02\/grafik-e1709551115899.png\",\"contentUrl\":\"https:\/\/der-schulbedarf.shop\/wp-content\/uploads\/2024\/02\/grafik-e1709551115899.png\",\"width\":80,\"height\":80,\"caption\":\"der-Schulbedarf.shop\"},\"image\":{\"@id\":\"https:\/\/der-schulbedarf.shop\/produkt-des-monats\/#\/schema\/logo\/image\/\"}}]}<\/script>\n<!-- \/ Yoast SEO plugin. -->","yoast_head_json":{"title":"Leonie Looping, Band 2: Das Abenteuer am Waldsee - der-Schulbedarf.shop","description":"Auf der Suche nach dem magischen Schrumpferbsenstrauch entdecken Leo und die Schmetterlingselfen, dass der Waldsee total verm\u00fcllt ist. M\u00fccke und Luna verd\u00e4chtigen Flo, den Nachbarsjungen. Doch war er es wirklich? Eins ist sicher: Die Tiere des Waldes brauchen ihre Hilfe! Bald stellt sich heraus, dass Flo unschuldig ist. Gemeinsam machen sich Leo, Flo, M\u00fccke und Luna auf die Suche nach den \u00dcbelt\u00e4tern. Unterst\u00fctzung bekommen die Freunde von Schmetterlingself Kim-Chi und den Waldtieren.","robots":{"index":"index","follow":"follow","max-snippet":"max-snippet:-1","max-image-preview":"max-image-preview:large","max-video-preview":"max-video-preview:-1"},"canonical":"https:\/\/der-schulbedarf.shop\/produkt-des-monats\/produkt\/leonie-looping-band-2-das-abenteuer-am-waldsee\/","og_locale":"de_DE","og_type":"article","og_title":"Leonie Looping, Band 2: Das Abenteuer am Waldsee - der-Schulbedarf.shop","og_description":"Auf der Suche nach dem magischen Schrumpferbsenstrauch entdecken Leo und die Schmetterlingselfen, dass der Waldsee total verm\u00fcllt ist. M\u00fccke und Luna verd\u00e4chtigen Flo, den Nachbarsjungen. Doch war er es wirklich? Eins ist sicher: Die Tiere des Waldes brauchen ihre Hilfe! Bald stellt sich heraus, dass Flo unschuldig ist. Gemeinsam machen sich Leo, Flo, M\u00fccke und Luna auf die Suche nach den \u00dcbelt\u00e4tern. Unterst\u00fctzung bekommen die Freunde von Schmetterlingself Kim-Chi und den Waldtieren.","og_url":"https:\/\/der-schulbedarf.shop\/produkt-des-monats\/produkt\/leonie-looping-band-2-das-abenteuer-am-waldsee\/","og_site_name":"der-Schulbedarf.shop","article_modified_time":"2025-09-01T10:37:45+00:00","og_image":[{"width":720,"height":380,"url":"https:\/\/der-schulbedarf.shop\/wp-content\/uploads\/2023\/06\/AN-36511_1-720x380-1.webp","type":"image\/webp"}],"twitter_card":"summary_large_image","twitter_misc":{"Gesch\u00e4tzte Lesezeit":"2\u00a0Minuten"},"schema":{"@context":"https:\/\/schema.org","@graph":[{"@type":"WebPage","@id":"https:\/\/der-schulbedarf.shop\/produkt-des-monats\/produkt\/leonie-looping-band-2-das-abenteuer-am-waldsee\/","url":"https:\/\/der-schulbedarf.shop\/produkt-des-monats\/produkt\/leonie-looping-band-2-das-abenteuer-am-waldsee\/","name":"Leonie Looping, Band 2: Das Abenteuer am Waldsee - der-Schulbedarf.shop","isPartOf":{"@id":"https:\/\/der-schulbedarf.shop\/produkt-des-monats\/#website"},"primaryImageOfPage":{"@id":"https:\/\/der-schulbedarf.shop\/produkt-des-monats\/produkt\/leonie-looping-band-2-das-abenteuer-am-waldsee\/#primaryimage"},"image":{"@id":"https:\/\/der-schulbedarf.shop\/produkt-des-monats\/produkt\/leonie-looping-band-2-das-abenteuer-am-waldsee\/#primaryimage"},"thumbnailUrl":"https:\/\/der-schulbedarf.shop\/wp-content\/uploads\/2023\/06\/AN-36511_1-720x380-1.webp","datePublished":"2023-06-13T05:24:51+00:00","dateModified":"2025-09-01T10:37:45+00:00","description":"Auf der Suche nach dem magischen Schrumpferbsenstrauch entdecken Leo und die Schmetterlingselfen, dass der Waldsee total verm\u00fcllt ist. M\u00fccke und Luna verd\u00e4chtigen Flo, den Nachbarsjungen. Doch war er es wirklich? Eins ist sicher: Die Tiere des Waldes brauchen ihre Hilfe! Bald stellt sich heraus, dass Flo unschuldig ist. Gemeinsam machen sich Leo, Flo, M\u00fccke und Luna auf die Suche nach den \u00dcbelt\u00e4tern. Unterst\u00fctzung bekommen die Freunde von Schmetterlingself Kim-Chi und den Waldtieren.","breadcrumb":{"@id":"https:\/\/der-schulbedarf.shop\/produkt-des-monats\/produkt\/leonie-looping-band-2-das-abenteuer-am-waldsee\/#breadcrumb"},"inLanguage":"de","potentialAction":[{"@type":"ReadAction","target":["https:\/\/der-schulbedarf.shop\/produkt-des-monats\/produkt\/leonie-looping-band-2-das-abenteuer-am-waldsee\/"]}]},{"@type":"ImageObject","inLanguage":"de","@id":"https:\/\/der-schulbedarf.shop\/produkt-des-monats\/produkt\/leonie-looping-band-2-das-abenteuer-am-waldsee\/#primaryimage","url":"https:\/\/der-schulbedarf.shop\/wp-content\/uploads\/2023\/06\/AN-36511_1-720x380-1.webp","contentUrl":"https:\/\/der-schulbedarf.shop\/wp-content\/uploads\/2023\/06\/AN-36511_1-720x380-1.webp","width":720,"height":380},{"@type":"BreadcrumbList","@id":"https:\/\/der-schulbedarf.shop\/produkt-des-monats\/produkt\/leonie-looping-band-2-das-abenteuer-am-waldsee\/#breadcrumb","itemListElement":[{"@type":"ListItem","position":1,"name":"Shop","item":"https:\/\/der-schulbedarf.shop\/produkt-des-monats\/shop\/"},{"@type":"ListItem","position":2,"name":"Leonie Looping, Band 2: Das Abenteuer am Waldsee"}]},{"@type":"WebSite","@id":"https:\/\/der-schulbedarf.shop\/produkt-des-monats\/#website","url":"https:\/\/der-schulbedarf.shop\/produkt-des-monats\/","name":"der-Schulbedarf.shop","description":"","publisher":{"@id":"https:\/\/der-schulbedarf.shop\/produkt-des-monats\/#organization"},"potentialAction":[{"@type":"SearchAction","target":{"@type":"EntryPoint","urlTemplate":"https:\/\/der-schulbedarf.shop\/produkt-des-monats\/?s={search_term_string}"},"query-input":{"@type":"PropertyValueSpecification","valueRequired":true,"valueName":"search_term_string"}}],"inLanguage":"de"},{"@type":"Organization","@id":"https:\/\/der-schulbedarf.shop\/produkt-des-monats\/#organization","name":"der-Schulbedarf.shop","url":"https:\/\/der-schulbedarf.shop\/produkt-des-monats\/","logo":{"@type":"ImageObject","inLanguage":"de","@id":"https:\/\/der-schulbedarf.shop\/produkt-des-monats\/#\/schema\/logo\/image\/","url":"https:\/\/der-schulbedarf.shop\/wp-content\/uploads\/2024\/02\/grafik-e1709551115899.png","contentUrl":"https:\/\/der-schulbedarf.shop\/wp-content\/uploads\/2024\/02\/grafik-e1709551115899.png","width":80,"height":80,"caption":"der-Schulbedarf.shop"},"image":{"@id":"https:\/\/der-schulbedarf.shop\/produkt-des-monats\/#\/schema\/logo\/image\/"}}]}},"_links":{"self":[{"href":"https:\/\/der-schulbedarf.shop\/produkt-des-monats\/wp-json\/wp\/v2\/product\/1778","targetHints":{"allow":["GET"]}}],"collection":[{"href":"https:\/\/der-schulbedarf.shop\/produkt-des-monats\/wp-json\/wp\/v2\/product"}],"about":[{"href":"https:\/\/der-schulbedarf.shop\/produkt-des-monats\/wp-json\/wp\/v2\/types\/product"}],"replies":[{"embeddable":true,"href":"https:\/\/der-schulbedarf.shop\/produkt-des-monats\/wp-json\/wp\/v2\/comments?post=1778"}],"wp:featuredmedia":[{"embeddable":true,"href":"https:\/\/der-schulbedarf.shop\/produkt-des-monats\/wp-json\/wp\/v2\/media\/2125"}],"wp:attachment":[{"href":"https:\/\/der-schulbedarf.shop\/produkt-des-monats\/wp-json\/wp\/v2\/media?parent=1778"}],"wp:term":[{"taxonomy":"product_cat","embeddable":true,"href":"https:\/\/der-schulbedarf.shop\/produkt-des-monats\/wp-json\/wp\/v2\/product_cat?post=1778"},{"taxonomy":"product_tag","embeddable":true,"href":"https:\/\/der-schulbedarf.shop\/produkt-des-monats\/wp-json\/wp\/v2\/product_tag?post=1778"}],"curies":[{"name":"wp","href":"https:\/\/api.w.org\/{rel}","templated":true}]}}