{"id":1788,"date":"2023-06-13T05:11:07","date_gmt":"2023-06-13T05:11:07","guid":{"rendered":"https:\/\/der-schulbedarf.Shop\/?post_type=product&#038;p=1788"},"modified":"2025-09-01T11:03:02","modified_gmt":"2025-09-01T11:03:02","slug":"leserabe-sonderausgaben-die-allerschoensten-weihnachtsgeschichten-fuer-erstleser","status":"publish","type":"product","link":"https:\/\/der-schulbedarf.shop\/produkt-des-monats\/produkt\/leserabe-sonderausgaben-die-allerschoensten-weihnachtsgeschichten-fuer-erstleser\/","title":{"rendered":"Leserabe &#8211; Sonderausgaben: Die allersch\u00f6nsten Weihnachtsgeschichten f\u00fcr Erstleser"},"content":{"rendered":"<p>Leserabe &#8211; Sonderausgaben: Die allersch\u00f6nsten Weihnachtsgeschichten f\u00fcr Erstleser<\/p>\n<p>Vier bezaubernde Weihnachtsgeschichten in einem Band: Max hilft dem Nikolaus, seinen Mantel zu flicken, und Hanna w\u00fcnscht sich nichts sehnlicher als einen echten Tiger zu Weihnachten. Die Zwillinge Emma und Moritz liegen auf der Lauer, um endlich einmal den Weihnachtsmann zu sehen, der \u00fcberraschenderweise vom Weihnachtshasen vertreten wird. Und die Schneeprinzessin will ihren Vater befreien, der von der Eishexe Saria entf\u00fchrt wurde.<\/p>\n<p>Lesen lernen wie im Flug! Die Kinderb\u00fccher der Reihe Leserabe \u2013 1. Lesestufe wurden mit P\u00e4dagogen entwickelt und richten sich an Leseanf\u00e4nger ab der 1. Klasse. Kurze Texte in gro\u00dfer Fibelschrift sichern erste Leseerfolge und steigern die Lesekompetenz von M\u00e4dchen und Jungen ab 6 Jahren. Empfohlen von Stiftung Lesen, gelistet bei Antolin.<\/p>\n","protected":false},"excerpt":{"rendered":"<p>Leserabe &#8211; Sonderausgaben: Die allersch\u00f6nsten Weihnachtsgeschichten f\u00fcr Erstleser Vier bezaubernde Weihnachtsgeschichten in einem Band: Max hilft dem Nikolaus, seinen Mantel zu flicken, und Hanna w\u00fcnscht sich nichts sehnlicher als einen echten Tiger zu Weihnachten. Die Zwillinge Emma und Moritz liegen auf der Lauer, um endlich einmal den Weihnachtsmann zu sehen, der \u00fcberraschenderweise vom Weihnachtshasen vertreten [&hellip;]<\/p>\n","protected":false},"featured_media":2113,"comment_status":"open","ping_status":"closed","template":"","meta":[],"product_cat":[899,224,915,944,225],"product_tag":[424,111,200,201,196,197,195,115,199,114,113,210,112,198,181,776,185,202,179,194,189,428,193,180,777,249,778,431,775,779,177,178],"class_list":{"0":"post-1788","1":"product","2":"type-product","3":"status-publish","4":"has-post-thumbnail","6":"product_cat-1-klasse","7":"product_cat-kinderbuecher","8":"product_cat-produkt-feeds","9":"product_cat-produktzufuehrung-geizhal","10":"product_cat-ravensburger-kinderbuecher","11":"product_tag-advent","12":"product_tag-beschaeftigung","13":"product_tag-buch","14":"product_tag-buecher","15":"product_tag-erstlesebuch","16":"product_tag-erstlesebuecher","17":"product_tag-erstleser","18":"product_tag-fuer-jungen","19":"product_tag-fuer-kinder-ab-6-jahre","20":"product_tag-fuer-maedchen","21":"product_tag-geschenk","22":"product_tag-geschenk-kinder","23":"product_tag-geschenkidee","24":"product_tag-kinderbuch","25":"product_tag-kinderbuecher","26":"product_tag-lebkuchen","27":"product_tag-leseanfaenger","28":"product_tag-lesen","29":"product_tag-lesen-lernen","30":"product_tag-leserabe","31":"product_tag-maedchen","32":"product_tag-nikolaus","33":"product_tag-ravensburger","34":"product_tag-ravensburger-erstes-lernen","35":"product_tag-schokolade","36":"product_tag-schule","37":"product_tag-vorfreude","38":"product_tag-weihnachtsbaum","39":"product_tag-weihnachtsmarkt","40":"product_tag-wunschzettel","41":"product_tag-zuhause-lernen","42":"product_tag-zuhause-unterrichten","43":"post","44":"post-with-thumbnail","45":"post-with-thumbnail-large","47":"first","48":"outofstock","49":"taxable","50":"shipping-taxable","51":"purchasable","52":"product-type-simple"},"yoast_head":"<!-- This site is optimized with the Yoast SEO plugin v26.6 - https:\/\/yoast.com\/wordpress\/plugins\/seo\/ -->\n<title>Leserabe - Die allersch\u00f6nsten Weihnachtsgeschichten f\u00fcr Erstleser - der-Schulbedarf.shop<\/title>\n<meta name=\"description\" content=\"Vier bezaubernde Weihnachtsgeschichten in einem Band. Leseanf\u00e4nger ab der 1. Klasse. Steigert die lesekompetenz von Kindern ab 6 Jahren. In Fibelschrift !!!\" \/>\n<meta name=\"robots\" content=\"index, follow, max-snippet:-1, max-image-preview:large, max-video-preview:-1\" \/>\n<link rel=\"canonical\" href=\"https:\/\/der-schulbedarf.shop\/produkt-des-monats\/produkt\/leserabe-sonderausgaben-die-allerschoensten-weihnachtsgeschichten-fuer-erstleser\/\" \/>\n<meta property=\"og:locale\" content=\"de_DE\" \/>\n<meta property=\"og:type\" content=\"article\" \/>\n<meta property=\"og:title\" content=\"Leserabe - Die allersch\u00f6nsten Weihnachtsgeschichten f\u00fcr Erstleser - der-Schulbedarf.shop\" \/>\n<meta property=\"og:description\" content=\"Vier bezaubernde Weihnachtsgeschichten in einem Band. Leseanf\u00e4nger ab der 1. Klasse. Steigert die lesekompetenz von Kindern ab 6 Jahren. In Fibelschrift !!!\" \/>\n<meta property=\"og:url\" content=\"https:\/\/der-schulbedarf.shop\/produkt-des-monats\/produkt\/leserabe-sonderausgaben-die-allerschoensten-weihnachtsgeschichten-fuer-erstleser\/\" \/>\n<meta property=\"og:site_name\" content=\"der-Schulbedarf.shop\" \/>\n<meta property=\"article:modified_time\" content=\"2025-09-01T11:03:02+00:00\" \/>\n<meta property=\"og:image\" content=\"https:\/\/der-schulbedarf.shop\/wp-content\/uploads\/2023\/06\/AN-36528_1-720x380-1.webp\" \/>\n\t<meta property=\"og:image:width\" content=\"720\" \/>\n\t<meta property=\"og:image:height\" content=\"380\" \/>\n\t<meta property=\"og:image:type\" content=\"image\/webp\" \/>\n<meta name=\"twitter:card\" content=\"summary_large_image\" \/>\n<meta name=\"twitter:label1\" content=\"Gesch\u00e4tzte Lesezeit\" \/>\n\t<meta name=\"twitter:data1\" content=\"1\u00a0Minute\" \/>\n<script type=\"application\/ld+json\" class=\"yoast-schema-graph\">{\"@context\":\"https:\/\/schema.org\",\"@graph\":[{\"@type\":\"WebPage\",\"@id\":\"https:\/\/der-schulbedarf.shop\/produkt-des-monats\/produkt\/leserabe-sonderausgaben-die-allerschoensten-weihnachtsgeschichten-fuer-erstleser\/\",\"url\":\"https:\/\/der-schulbedarf.shop\/produkt-des-monats\/produkt\/leserabe-sonderausgaben-die-allerschoensten-weihnachtsgeschichten-fuer-erstleser\/\",\"name\":\"Leserabe - Die allersch\u00f6nsten Weihnachtsgeschichten f\u00fcr Erstleser - der-Schulbedarf.shop\",\"isPartOf\":{\"@id\":\"https:\/\/der-schulbedarf.shop\/produkt-des-monats\/#website\"},\"primaryImageOfPage\":{\"@id\":\"https:\/\/der-schulbedarf.shop\/produkt-des-monats\/produkt\/leserabe-sonderausgaben-die-allerschoensten-weihnachtsgeschichten-fuer-erstleser\/#primaryimage\"},\"image\":{\"@id\":\"https:\/\/der-schulbedarf.shop\/produkt-des-monats\/produkt\/leserabe-sonderausgaben-die-allerschoensten-weihnachtsgeschichten-fuer-erstleser\/#primaryimage\"},\"thumbnailUrl\":\"https:\/\/der-schulbedarf.shop\/wp-content\/uploads\/2023\/06\/AN-36528_1-720x380-1.webp\",\"datePublished\":\"2023-06-13T05:11:07+00:00\",\"dateModified\":\"2025-09-01T11:03:02+00:00\",\"description\":\"Vier bezaubernde Weihnachtsgeschichten in einem Band. Leseanf\u00e4nger ab der 1. Klasse. Steigert die lesekompetenz von Kindern ab 6 Jahren. In Fibelschrift !!!\",\"breadcrumb\":{\"@id\":\"https:\/\/der-schulbedarf.shop\/produkt-des-monats\/produkt\/leserabe-sonderausgaben-die-allerschoensten-weihnachtsgeschichten-fuer-erstleser\/#breadcrumb\"},\"inLanguage\":\"de\",\"potentialAction\":[{\"@type\":\"ReadAction\",\"target\":[\"https:\/\/der-schulbedarf.shop\/produkt-des-monats\/produkt\/leserabe-sonderausgaben-die-allerschoensten-weihnachtsgeschichten-fuer-erstleser\/\"]}]},{\"@type\":\"ImageObject\",\"inLanguage\":\"de\",\"@id\":\"https:\/\/der-schulbedarf.shop\/produkt-des-monats\/produkt\/leserabe-sonderausgaben-die-allerschoensten-weihnachtsgeschichten-fuer-erstleser\/#primaryimage\",\"url\":\"https:\/\/der-schulbedarf.shop\/wp-content\/uploads\/2023\/06\/AN-36528_1-720x380-1.webp\",\"contentUrl\":\"https:\/\/der-schulbedarf.shop\/wp-content\/uploads\/2023\/06\/AN-36528_1-720x380-1.webp\",\"width\":720,\"height\":380},{\"@type\":\"BreadcrumbList\",\"@id\":\"https:\/\/der-schulbedarf.shop\/produkt-des-monats\/produkt\/leserabe-sonderausgaben-die-allerschoensten-weihnachtsgeschichten-fuer-erstleser\/#breadcrumb\",\"itemListElement\":[{\"@type\":\"ListItem\",\"position\":1,\"name\":\"Shop\",\"item\":\"https:\/\/der-schulbedarf.shop\/produkt-des-monats\/shop\/\"},{\"@type\":\"ListItem\",\"position\":2,\"name\":\"Leserabe &#8211; Sonderausgaben: Die allersch\u00f6nsten Weihnachtsgeschichten f\u00fcr Erstleser\"}]},{\"@type\":\"WebSite\",\"@id\":\"https:\/\/der-schulbedarf.shop\/produkt-des-monats\/#website\",\"url\":\"https:\/\/der-schulbedarf.shop\/produkt-des-monats\/\",\"name\":\"der-Schulbedarf.shop\",\"description\":\"\",\"publisher\":{\"@id\":\"https:\/\/der-schulbedarf.shop\/produkt-des-monats\/#organization\"},\"potentialAction\":[{\"@type\":\"SearchAction\",\"target\":{\"@type\":\"EntryPoint\",\"urlTemplate\":\"https:\/\/der-schulbedarf.shop\/produkt-des-monats\/?s={search_term_string}\"},\"query-input\":{\"@type\":\"PropertyValueSpecification\",\"valueRequired\":true,\"valueName\":\"search_term_string\"}}],\"inLanguage\":\"de\"},{\"@type\":\"Organization\",\"@id\":\"https:\/\/der-schulbedarf.shop\/produkt-des-monats\/#organization\",\"name\":\"der-Schulbedarf.shop\",\"url\":\"https:\/\/der-schulbedarf.shop\/produkt-des-monats\/\",\"logo\":{\"@type\":\"ImageObject\",\"inLanguage\":\"de\",\"@id\":\"https:\/\/der-schulbedarf.shop\/produkt-des-monats\/#\/schema\/logo\/image\/\",\"url\":\"https:\/\/der-schulbedarf.shop\/wp-content\/uploads\/2024\/02\/grafik-e1709551115899.png\",\"contentUrl\":\"https:\/\/der-schulbedarf.shop\/wp-content\/uploads\/2024\/02\/grafik-e1709551115899.png\",\"width\":80,\"height\":80,\"caption\":\"der-Schulbedarf.shop\"},\"image\":{\"@id\":\"https:\/\/der-schulbedarf.shop\/produkt-des-monats\/#\/schema\/logo\/image\/\"}}]}<\/script>\n<!-- \/ Yoast SEO plugin. -->","yoast_head_json":{"title":"Leserabe - Die allersch\u00f6nsten Weihnachtsgeschichten f\u00fcr Erstleser - der-Schulbedarf.shop","description":"Vier bezaubernde Weihnachtsgeschichten in einem Band. Leseanf\u00e4nger ab der 1. Klasse. Steigert die lesekompetenz von Kindern ab 6 Jahren. In Fibelschrift !!!","robots":{"index":"index","follow":"follow","max-snippet":"max-snippet:-1","max-image-preview":"max-image-preview:large","max-video-preview":"max-video-preview:-1"},"canonical":"https:\/\/der-schulbedarf.shop\/produkt-des-monats\/produkt\/leserabe-sonderausgaben-die-allerschoensten-weihnachtsgeschichten-fuer-erstleser\/","og_locale":"de_DE","og_type":"article","og_title":"Leserabe - Die allersch\u00f6nsten Weihnachtsgeschichten f\u00fcr Erstleser - der-Schulbedarf.shop","og_description":"Vier bezaubernde Weihnachtsgeschichten in einem Band. Leseanf\u00e4nger ab der 1. Klasse. Steigert die lesekompetenz von Kindern ab 6 Jahren. In Fibelschrift !!!","og_url":"https:\/\/der-schulbedarf.shop\/produkt-des-monats\/produkt\/leserabe-sonderausgaben-die-allerschoensten-weihnachtsgeschichten-fuer-erstleser\/","og_site_name":"der-Schulbedarf.shop","article_modified_time":"2025-09-01T11:03:02+00:00","og_image":[{"width":720,"height":380,"url":"https:\/\/der-schulbedarf.shop\/wp-content\/uploads\/2023\/06\/AN-36528_1-720x380-1.webp","type":"image\/webp"}],"twitter_card":"summary_large_image","twitter_misc":{"Gesch\u00e4tzte Lesezeit":"1\u00a0Minute"},"schema":{"@context":"https:\/\/schema.org","@graph":[{"@type":"WebPage","@id":"https:\/\/der-schulbedarf.shop\/produkt-des-monats\/produkt\/leserabe-sonderausgaben-die-allerschoensten-weihnachtsgeschichten-fuer-erstleser\/","url":"https:\/\/der-schulbedarf.shop\/produkt-des-monats\/produkt\/leserabe-sonderausgaben-die-allerschoensten-weihnachtsgeschichten-fuer-erstleser\/","name":"Leserabe - Die allersch\u00f6nsten Weihnachtsgeschichten f\u00fcr Erstleser - der-Schulbedarf.shop","isPartOf":{"@id":"https:\/\/der-schulbedarf.shop\/produkt-des-monats\/#website"},"primaryImageOfPage":{"@id":"https:\/\/der-schulbedarf.shop\/produkt-des-monats\/produkt\/leserabe-sonderausgaben-die-allerschoensten-weihnachtsgeschichten-fuer-erstleser\/#primaryimage"},"image":{"@id":"https:\/\/der-schulbedarf.shop\/produkt-des-monats\/produkt\/leserabe-sonderausgaben-die-allerschoensten-weihnachtsgeschichten-fuer-erstleser\/#primaryimage"},"thumbnailUrl":"https:\/\/der-schulbedarf.shop\/wp-content\/uploads\/2023\/06\/AN-36528_1-720x380-1.webp","datePublished":"2023-06-13T05:11:07+00:00","dateModified":"2025-09-01T11:03:02+00:00","description":"Vier bezaubernde Weihnachtsgeschichten in einem Band. Leseanf\u00e4nger ab der 1. Klasse. Steigert die lesekompetenz von Kindern ab 6 Jahren. In Fibelschrift !!!","breadcrumb":{"@id":"https:\/\/der-schulbedarf.shop\/produkt-des-monats\/produkt\/leserabe-sonderausgaben-die-allerschoensten-weihnachtsgeschichten-fuer-erstleser\/#breadcrumb"},"inLanguage":"de","potentialAction":[{"@type":"ReadAction","target":["https:\/\/der-schulbedarf.shop\/produkt-des-monats\/produkt\/leserabe-sonderausgaben-die-allerschoensten-weihnachtsgeschichten-fuer-erstleser\/"]}]},{"@type":"ImageObject","inLanguage":"de","@id":"https:\/\/der-schulbedarf.shop\/produkt-des-monats\/produkt\/leserabe-sonderausgaben-die-allerschoensten-weihnachtsgeschichten-fuer-erstleser\/#primaryimage","url":"https:\/\/der-schulbedarf.shop\/wp-content\/uploads\/2023\/06\/AN-36528_1-720x380-1.webp","contentUrl":"https:\/\/der-schulbedarf.shop\/wp-content\/uploads\/2023\/06\/AN-36528_1-720x380-1.webp","width":720,"height":380},{"@type":"BreadcrumbList","@id":"https:\/\/der-schulbedarf.shop\/produkt-des-monats\/produkt\/leserabe-sonderausgaben-die-allerschoensten-weihnachtsgeschichten-fuer-erstleser\/#breadcrumb","itemListElement":[{"@type":"ListItem","position":1,"name":"Shop","item":"https:\/\/der-schulbedarf.shop\/produkt-des-monats\/shop\/"},{"@type":"ListItem","position":2,"name":"Leserabe &#8211; Sonderausgaben: Die allersch\u00f6nsten Weihnachtsgeschichten f\u00fcr Erstleser"}]},{"@type":"WebSite","@id":"https:\/\/der-schulbedarf.shop\/produkt-des-monats\/#website","url":"https:\/\/der-schulbedarf.shop\/produkt-des-monats\/","name":"der-Schulbedarf.shop","description":"","publisher":{"@id":"https:\/\/der-schulbedarf.shop\/produkt-des-monats\/#organization"},"potentialAction":[{"@type":"SearchAction","target":{"@type":"EntryPoint","urlTemplate":"https:\/\/der-schulbedarf.shop\/produkt-des-monats\/?s={search_term_string}"},"query-input":{"@type":"PropertyValueSpecification","valueRequired":true,"valueName":"search_term_string"}}],"inLanguage":"de"},{"@type":"Organization","@id":"https:\/\/der-schulbedarf.shop\/produkt-des-monats\/#organization","name":"der-Schulbedarf.shop","url":"https:\/\/der-schulbedarf.shop\/produkt-des-monats\/","logo":{"@type":"ImageObject","inLanguage":"de","@id":"https:\/\/der-schulbedarf.shop\/produkt-des-monats\/#\/schema\/logo\/image\/","url":"https:\/\/der-schulbedarf.shop\/wp-content\/uploads\/2024\/02\/grafik-e1709551115899.png","contentUrl":"https:\/\/der-schulbedarf.shop\/wp-content\/uploads\/2024\/02\/grafik-e1709551115899.png","width":80,"height":80,"caption":"der-Schulbedarf.shop"},"image":{"@id":"https:\/\/der-schulbedarf.shop\/produkt-des-monats\/#\/schema\/logo\/image\/"}}]}},"_links":{"self":[{"href":"https:\/\/der-schulbedarf.shop\/produkt-des-monats\/wp-json\/wp\/v2\/product\/1788","targetHints":{"allow":["GET"]}}],"collection":[{"href":"https:\/\/der-schulbedarf.shop\/produkt-des-monats\/wp-json\/wp\/v2\/product"}],"about":[{"href":"https:\/\/der-schulbedarf.shop\/produkt-des-monats\/wp-json\/wp\/v2\/types\/product"}],"replies":[{"embeddable":true,"href":"https:\/\/der-schulbedarf.shop\/produkt-des-monats\/wp-json\/wp\/v2\/comments?post=1788"}],"wp:featuredmedia":[{"embeddable":true,"href":"https:\/\/der-schulbedarf.shop\/produkt-des-monats\/wp-json\/wp\/v2\/media\/2113"}],"wp:attachment":[{"href":"https:\/\/der-schulbedarf.shop\/produkt-des-monats\/wp-json\/wp\/v2\/media?parent=1788"}],"wp:term":[{"taxonomy":"product_cat","embeddable":true,"href":"https:\/\/der-schulbedarf.shop\/produkt-des-monats\/wp-json\/wp\/v2\/product_cat?post=1788"},{"taxonomy":"product_tag","embeddable":true,"href":"https:\/\/der-schulbedarf.shop\/produkt-des-monats\/wp-json\/wp\/v2\/product_tag?post=1788"}],"curies":[{"name":"wp","href":"https:\/\/api.w.org\/{rel}","templated":true}]}}