{"id":1798,"date":"2023-06-13T04:45:18","date_gmt":"2023-06-13T04:45:18","guid":{"rendered":"https:\/\/der-schulbedarf.Shop\/?post_type=product&#038;p=1798"},"modified":"2025-09-01T11:17:12","modified_gmt":"2025-09-01T11:17:12","slug":"leserabe-1-lesestufe-fussballgeschichten-2","status":"publish","type":"product","link":"https:\/\/der-schulbedarf.shop\/produkt-des-monats\/produkt\/leserabe-1-lesestufe-fussballgeschichten-2\/","title":{"rendered":"Leserabe &#8211; 1. Lesestufe: Fu\u00dfballgeschichten"},"content":{"rendered":"<p>Leserabe &#8211; 1. Lesestufe: Fu\u00dfballgeschichten<\/p>\n<p>In den vier Geschichten dieses Buches dreht sich alles um Fu\u00dfball: Dank Torwart Linus gewinnt die F-Jugend des FV Ravensburg das Finale. Im Zeltlager spielen Luis und seine Kumpels nach dem Dauerregen in Badehosen Schlammfu\u00dfball. Noahs Opa beeindruckt auf dem Bolzplatz mit seinen Fu\u00dfballk\u00fcnsten. Und schlie\u00dflich zeigt Emma, dass M\u00e4dchen ziemlich gut kicken k\u00f6nnen.<\/p>\n<p>Lesen lernen wie im Flug! Die Kinderb\u00fccher der Reihe Leserabe \u2013 1. Lesestufe wurden mit P\u00e4dagogen entwickelt und richten sich an Leseanf\u00e4nger ab der 1. Klasse. Kurze Texte in gro\u00dfer Fibelschrift sichern erste Leseerfolge und steigern die Lesekompetenz von M\u00e4dchen und Jungen ab 6 Jahren. Mit Belohnungsstickern.<\/p>\n<p>Empfohlen von Stiftung Lesen, gelistet bei Antolin.<\/p>\n<p>Gebundene Ausgabe<\/p>\n","protected":false},"excerpt":{"rendered":"<p>Lesen lernen wie im Flug!<\/p>\n<p>In den vier Geschichten dieses Buches dreht sich alles um Fu\u00dfball: Dank Torwart Linus gewinnt die F-Jugend des FV Ravensburg das Finale. Im Zeltlager spielen Luis und seine Kumpels nach dem Dauerregen in Badehosen Schlammfu\u00dfball. Noahs Opa beeindruckt auf dem Bolzplatz mit seinen Fu\u00dfballk\u00fcnsten. Und schlie\u00dflich zeigt Emma, dass M\u00e4dchen ziemlich gut kicken k\u00f6nnen.<\/p>\n","protected":false},"featured_media":2109,"comment_status":"open","ping_status":"closed","template":"","meta":[],"product_cat":[224,915,944,225],"product_tag":[192,111,200,201,196,197,195,324,115,199,114,206,113,210,112,207,198,181,202,179,194,189,387,193,180,249,321,784,322,177,178],"class_list":{"0":"post-1798","1":"product","2":"type-product","3":"status-publish","4":"has-post-thumbnail","6":"product_cat-kinderbuecher","7":"product_cat-produkt-feeds","8":"product_cat-produktzufuehrung-geizhal","9":"product_cat-ravensburger-kinderbuecher","10":"product_tag-antolin","11":"product_tag-beschaeftigung","12":"product_tag-buch","13":"product_tag-buecher","14":"product_tag-erstlesebuch","15":"product_tag-erstlesebuecher","16":"product_tag-erstleser","17":"product_tag-finale","18":"product_tag-fuer-jungen","19":"product_tag-fuer-kinder-ab-6-jahre","20":"product_tag-fuer-maedchen","21":"product_tag-fussball","22":"product_tag-geschenk","23":"product_tag-geschenk-kinder","24":"product_tag-geschenkidee","25":"product_tag-junge","26":"product_tag-kinderbuch","27":"product_tag-kinderbuecher","28":"product_tag-lesen","29":"product_tag-lesen-lernen","30":"product_tag-leserabe","31":"product_tag-maedchen","32":"product_tag-pokal","33":"product_tag-ravensburger","34":"product_tag-ravensburger-erstes-lernen","35":"product_tag-schule","36":"product_tag-tor","37":"product_tag-torwart","38":"product_tag-turnier","39":"product_tag-zuhause-lernen","40":"product_tag-zuhause-unterrichten","41":"post","42":"post-with-thumbnail","43":"post-with-thumbnail-large","45":"first","46":"outofstock","47":"taxable","48":"shipping-taxable","49":"purchasable","50":"product-type-simple"},"yoast_head":"<!-- This site is optimized with the Yoast SEO plugin v26.6 - https:\/\/yoast.com\/wordpress\/plugins\/seo\/ -->\n<title>Leserabe - 1. Lesestufe: Fu\u00dfballgeschichten - der-Schulbedarf.shop<\/title>\n<meta name=\"description\" content=\"Vier spannende Geschichten rund um Fu\u00dfball. Steigert die Lesekompetenz von Kindern ab 6 Jahren. Von P\u00e4dagogen entwickelt. Kurze Texte in gro\u00dfer Fibelschrift\" \/>\n<meta name=\"robots\" content=\"index, follow, max-snippet:-1, max-image-preview:large, max-video-preview:-1\" \/>\n<link rel=\"canonical\" href=\"https:\/\/der-schulbedarf.shop\/produkt-des-monats\/produkt\/leserabe-1-lesestufe-fussballgeschichten-2\/\" \/>\n<meta property=\"og:locale\" content=\"de_DE\" \/>\n<meta property=\"og:type\" content=\"article\" \/>\n<meta property=\"og:title\" content=\"Leserabe - 1. Lesestufe: Fu\u00dfballgeschichten - der-Schulbedarf.shop\" \/>\n<meta property=\"og:description\" content=\"Vier spannende Geschichten rund um Fu\u00dfball. Steigert die Lesekompetenz von Kindern ab 6 Jahren. Von P\u00e4dagogen entwickelt. Kurze Texte in gro\u00dfer Fibelschrift\" \/>\n<meta property=\"og:url\" content=\"https:\/\/der-schulbedarf.shop\/produkt-des-monats\/produkt\/leserabe-1-lesestufe-fussballgeschichten-2\/\" \/>\n<meta property=\"og:site_name\" content=\"der-Schulbedarf.shop\" \/>\n<meta property=\"article:modified_time\" content=\"2025-09-01T11:17:12+00:00\" \/>\n<meta property=\"og:image\" content=\"https:\/\/der-schulbedarf.shop\/wp-content\/uploads\/2023\/06\/A-Fussballgeschichten-3.webp\" \/>\n\t<meta property=\"og:image:width\" content=\"720\" \/>\n\t<meta property=\"og:image:height\" content=\"380\" \/>\n\t<meta property=\"og:image:type\" content=\"image\/webp\" \/>\n<meta name=\"twitter:card\" content=\"summary_large_image\" \/>\n<meta name=\"twitter:label1\" content=\"Gesch\u00e4tzte Lesezeit\" \/>\n\t<meta name=\"twitter:data1\" content=\"1\u00a0Minute\" \/>\n<script type=\"application\/ld+json\" class=\"yoast-schema-graph\">{\"@context\":\"https:\/\/schema.org\",\"@graph\":[{\"@type\":\"WebPage\",\"@id\":\"https:\/\/der-schulbedarf.shop\/produkt-des-monats\/produkt\/leserabe-1-lesestufe-fussballgeschichten-2\/\",\"url\":\"https:\/\/der-schulbedarf.shop\/produkt-des-monats\/produkt\/leserabe-1-lesestufe-fussballgeschichten-2\/\",\"name\":\"Leserabe - 1. Lesestufe: Fu\u00dfballgeschichten - der-Schulbedarf.shop\",\"isPartOf\":{\"@id\":\"https:\/\/der-schulbedarf.shop\/produkt-des-monats\/#website\"},\"primaryImageOfPage\":{\"@id\":\"https:\/\/der-schulbedarf.shop\/produkt-des-monats\/produkt\/leserabe-1-lesestufe-fussballgeschichten-2\/#primaryimage\"},\"image\":{\"@id\":\"https:\/\/der-schulbedarf.shop\/produkt-des-monats\/produkt\/leserabe-1-lesestufe-fussballgeschichten-2\/#primaryimage\"},\"thumbnailUrl\":\"https:\/\/der-schulbedarf.shop\/wp-content\/uploads\/2023\/06\/A-Fussballgeschichten-3.webp\",\"datePublished\":\"2023-06-13T04:45:18+00:00\",\"dateModified\":\"2025-09-01T11:17:12+00:00\",\"description\":\"Vier spannende Geschichten rund um Fu\u00dfball. Steigert die Lesekompetenz von Kindern ab 6 Jahren. Von P\u00e4dagogen entwickelt. Kurze Texte in gro\u00dfer Fibelschrift\",\"breadcrumb\":{\"@id\":\"https:\/\/der-schulbedarf.shop\/produkt-des-monats\/produkt\/leserabe-1-lesestufe-fussballgeschichten-2\/#breadcrumb\"},\"inLanguage\":\"de\",\"potentialAction\":[{\"@type\":\"ReadAction\",\"target\":[\"https:\/\/der-schulbedarf.shop\/produkt-des-monats\/produkt\/leserabe-1-lesestufe-fussballgeschichten-2\/\"]}]},{\"@type\":\"ImageObject\",\"inLanguage\":\"de\",\"@id\":\"https:\/\/der-schulbedarf.shop\/produkt-des-monats\/produkt\/leserabe-1-lesestufe-fussballgeschichten-2\/#primaryimage\",\"url\":\"https:\/\/der-schulbedarf.shop\/wp-content\/uploads\/2023\/06\/A-Fussballgeschichten-3.webp\",\"contentUrl\":\"https:\/\/der-schulbedarf.shop\/wp-content\/uploads\/2023\/06\/A-Fussballgeschichten-3.webp\",\"width\":720,\"height\":380},{\"@type\":\"BreadcrumbList\",\"@id\":\"https:\/\/der-schulbedarf.shop\/produkt-des-monats\/produkt\/leserabe-1-lesestufe-fussballgeschichten-2\/#breadcrumb\",\"itemListElement\":[{\"@type\":\"ListItem\",\"position\":1,\"name\":\"Shop\",\"item\":\"https:\/\/der-schulbedarf.shop\/produkt-des-monats\/shop\/\"},{\"@type\":\"ListItem\",\"position\":2,\"name\":\"Leserabe &#8211; 1. Lesestufe: Fu\u00dfballgeschichten\"}]},{\"@type\":\"WebSite\",\"@id\":\"https:\/\/der-schulbedarf.shop\/produkt-des-monats\/#website\",\"url\":\"https:\/\/der-schulbedarf.shop\/produkt-des-monats\/\",\"name\":\"der-Schulbedarf.shop\",\"description\":\"\",\"publisher\":{\"@id\":\"https:\/\/der-schulbedarf.shop\/produkt-des-monats\/#organization\"},\"potentialAction\":[{\"@type\":\"SearchAction\",\"target\":{\"@type\":\"EntryPoint\",\"urlTemplate\":\"https:\/\/der-schulbedarf.shop\/produkt-des-monats\/?s={search_term_string}\"},\"query-input\":{\"@type\":\"PropertyValueSpecification\",\"valueRequired\":true,\"valueName\":\"search_term_string\"}}],\"inLanguage\":\"de\"},{\"@type\":\"Organization\",\"@id\":\"https:\/\/der-schulbedarf.shop\/produkt-des-monats\/#organization\",\"name\":\"der-Schulbedarf.shop\",\"url\":\"https:\/\/der-schulbedarf.shop\/produkt-des-monats\/\",\"logo\":{\"@type\":\"ImageObject\",\"inLanguage\":\"de\",\"@id\":\"https:\/\/der-schulbedarf.shop\/produkt-des-monats\/#\/schema\/logo\/image\/\",\"url\":\"https:\/\/der-schulbedarf.shop\/wp-content\/uploads\/2024\/02\/grafik-e1709551115899.png\",\"contentUrl\":\"https:\/\/der-schulbedarf.shop\/wp-content\/uploads\/2024\/02\/grafik-e1709551115899.png\",\"width\":80,\"height\":80,\"caption\":\"der-Schulbedarf.shop\"},\"image\":{\"@id\":\"https:\/\/der-schulbedarf.shop\/produkt-des-monats\/#\/schema\/logo\/image\/\"}}]}<\/script>\n<!-- \/ Yoast SEO plugin. -->","yoast_head_json":{"title":"Leserabe - 1. Lesestufe: Fu\u00dfballgeschichten - der-Schulbedarf.shop","description":"Vier spannende Geschichten rund um Fu\u00dfball. Steigert die Lesekompetenz von Kindern ab 6 Jahren. Von P\u00e4dagogen entwickelt. Kurze Texte in gro\u00dfer Fibelschrift","robots":{"index":"index","follow":"follow","max-snippet":"max-snippet:-1","max-image-preview":"max-image-preview:large","max-video-preview":"max-video-preview:-1"},"canonical":"https:\/\/der-schulbedarf.shop\/produkt-des-monats\/produkt\/leserabe-1-lesestufe-fussballgeschichten-2\/","og_locale":"de_DE","og_type":"article","og_title":"Leserabe - 1. Lesestufe: Fu\u00dfballgeschichten - der-Schulbedarf.shop","og_description":"Vier spannende Geschichten rund um Fu\u00dfball. Steigert die Lesekompetenz von Kindern ab 6 Jahren. Von P\u00e4dagogen entwickelt. Kurze Texte in gro\u00dfer Fibelschrift","og_url":"https:\/\/der-schulbedarf.shop\/produkt-des-monats\/produkt\/leserabe-1-lesestufe-fussballgeschichten-2\/","og_site_name":"der-Schulbedarf.shop","article_modified_time":"2025-09-01T11:17:12+00:00","og_image":[{"width":720,"height":380,"url":"https:\/\/der-schulbedarf.shop\/wp-content\/uploads\/2023\/06\/A-Fussballgeschichten-3.webp","type":"image\/webp"}],"twitter_card":"summary_large_image","twitter_misc":{"Gesch\u00e4tzte Lesezeit":"1\u00a0Minute"},"schema":{"@context":"https:\/\/schema.org","@graph":[{"@type":"WebPage","@id":"https:\/\/der-schulbedarf.shop\/produkt-des-monats\/produkt\/leserabe-1-lesestufe-fussballgeschichten-2\/","url":"https:\/\/der-schulbedarf.shop\/produkt-des-monats\/produkt\/leserabe-1-lesestufe-fussballgeschichten-2\/","name":"Leserabe - 1. Lesestufe: Fu\u00dfballgeschichten - der-Schulbedarf.shop","isPartOf":{"@id":"https:\/\/der-schulbedarf.shop\/produkt-des-monats\/#website"},"primaryImageOfPage":{"@id":"https:\/\/der-schulbedarf.shop\/produkt-des-monats\/produkt\/leserabe-1-lesestufe-fussballgeschichten-2\/#primaryimage"},"image":{"@id":"https:\/\/der-schulbedarf.shop\/produkt-des-monats\/produkt\/leserabe-1-lesestufe-fussballgeschichten-2\/#primaryimage"},"thumbnailUrl":"https:\/\/der-schulbedarf.shop\/wp-content\/uploads\/2023\/06\/A-Fussballgeschichten-3.webp","datePublished":"2023-06-13T04:45:18+00:00","dateModified":"2025-09-01T11:17:12+00:00","description":"Vier spannende Geschichten rund um Fu\u00dfball. Steigert die Lesekompetenz von Kindern ab 6 Jahren. Von P\u00e4dagogen entwickelt. Kurze Texte in gro\u00dfer Fibelschrift","breadcrumb":{"@id":"https:\/\/der-schulbedarf.shop\/produkt-des-monats\/produkt\/leserabe-1-lesestufe-fussballgeschichten-2\/#breadcrumb"},"inLanguage":"de","potentialAction":[{"@type":"ReadAction","target":["https:\/\/der-schulbedarf.shop\/produkt-des-monats\/produkt\/leserabe-1-lesestufe-fussballgeschichten-2\/"]}]},{"@type":"ImageObject","inLanguage":"de","@id":"https:\/\/der-schulbedarf.shop\/produkt-des-monats\/produkt\/leserabe-1-lesestufe-fussballgeschichten-2\/#primaryimage","url":"https:\/\/der-schulbedarf.shop\/wp-content\/uploads\/2023\/06\/A-Fussballgeschichten-3.webp","contentUrl":"https:\/\/der-schulbedarf.shop\/wp-content\/uploads\/2023\/06\/A-Fussballgeschichten-3.webp","width":720,"height":380},{"@type":"BreadcrumbList","@id":"https:\/\/der-schulbedarf.shop\/produkt-des-monats\/produkt\/leserabe-1-lesestufe-fussballgeschichten-2\/#breadcrumb","itemListElement":[{"@type":"ListItem","position":1,"name":"Shop","item":"https:\/\/der-schulbedarf.shop\/produkt-des-monats\/shop\/"},{"@type":"ListItem","position":2,"name":"Leserabe &#8211; 1. Lesestufe: Fu\u00dfballgeschichten"}]},{"@type":"WebSite","@id":"https:\/\/der-schulbedarf.shop\/produkt-des-monats\/#website","url":"https:\/\/der-schulbedarf.shop\/produkt-des-monats\/","name":"der-Schulbedarf.shop","description":"","publisher":{"@id":"https:\/\/der-schulbedarf.shop\/produkt-des-monats\/#organization"},"potentialAction":[{"@type":"SearchAction","target":{"@type":"EntryPoint","urlTemplate":"https:\/\/der-schulbedarf.shop\/produkt-des-monats\/?s={search_term_string}"},"query-input":{"@type":"PropertyValueSpecification","valueRequired":true,"valueName":"search_term_string"}}],"inLanguage":"de"},{"@type":"Organization","@id":"https:\/\/der-schulbedarf.shop\/produkt-des-monats\/#organization","name":"der-Schulbedarf.shop","url":"https:\/\/der-schulbedarf.shop\/produkt-des-monats\/","logo":{"@type":"ImageObject","inLanguage":"de","@id":"https:\/\/der-schulbedarf.shop\/produkt-des-monats\/#\/schema\/logo\/image\/","url":"https:\/\/der-schulbedarf.shop\/wp-content\/uploads\/2024\/02\/grafik-e1709551115899.png","contentUrl":"https:\/\/der-schulbedarf.shop\/wp-content\/uploads\/2024\/02\/grafik-e1709551115899.png","width":80,"height":80,"caption":"der-Schulbedarf.shop"},"image":{"@id":"https:\/\/der-schulbedarf.shop\/produkt-des-monats\/#\/schema\/logo\/image\/"}}]}},"_links":{"self":[{"href":"https:\/\/der-schulbedarf.shop\/produkt-des-monats\/wp-json\/wp\/v2\/product\/1798","targetHints":{"allow":["GET"]}}],"collection":[{"href":"https:\/\/der-schulbedarf.shop\/produkt-des-monats\/wp-json\/wp\/v2\/product"}],"about":[{"href":"https:\/\/der-schulbedarf.shop\/produkt-des-monats\/wp-json\/wp\/v2\/types\/product"}],"replies":[{"embeddable":true,"href":"https:\/\/der-schulbedarf.shop\/produkt-des-monats\/wp-json\/wp\/v2\/comments?post=1798"}],"wp:featuredmedia":[{"embeddable":true,"href":"https:\/\/der-schulbedarf.shop\/produkt-des-monats\/wp-json\/wp\/v2\/media\/2109"}],"wp:attachment":[{"href":"https:\/\/der-schulbedarf.shop\/produkt-des-monats\/wp-json\/wp\/v2\/media?parent=1798"}],"wp:term":[{"taxonomy":"product_cat","embeddable":true,"href":"https:\/\/der-schulbedarf.shop\/produkt-des-monats\/wp-json\/wp\/v2\/product_cat?post=1798"},{"taxonomy":"product_tag","embeddable":true,"href":"https:\/\/der-schulbedarf.shop\/produkt-des-monats\/wp-json\/wp\/v2\/product_tag?post=1798"}],"curies":[{"name":"wp","href":"https:\/\/api.w.org\/{rel}","templated":true}]}}