{"id":1803,"date":"2023-06-13T04:39:26","date_gmt":"2023-06-13T04:39:26","guid":{"rendered":"https:\/\/der-schulbedarf.Shop\/?post_type=product&#038;p=1803"},"modified":"2025-09-01T11:25:18","modified_gmt":"2025-09-01T11:25:18","slug":"theo-und-der-mann-im-ohr","status":"publish","type":"product","link":"https:\/\/der-schulbedarf.shop\/produkt-des-monats\/produkt\/theo-und-der-mann-im-ohr\/","title":{"rendered":"Theo und der Mann im Ohr"},"content":{"rendered":"<p>Theo und der Mann im Ohr<\/p>\n<p>Theo will nicht mehr in die Schule gehen. Er hat Angst vor den Fragen der Lehrerin und vor allem vor dem Mathetest am Freitag. Da taucht pl\u00f6tzlich Peppino auf. Peppino ist so klein, dass er in Theos Ohr passt. Von dort sagt er Theo alles vor und auf einmal macht die Schule wieder Spa\u00df. Aber dann, ausgerechnet am Freitag, ist Peppino krank und bringt .alles durcheinander. Theo beschlie\u00dft, den Rechentest, alleine zu l\u00f6sen.<\/p>\n<p>Lesen lernen wie im Flug! Die Kinderb\u00fccher der Reihe Leserabe \u2013 1. Lesestufe wurden mit P\u00e4dagogen entwickelt und richten sich an Leseanf\u00e4nger ab der 1. Klasse. Kurze Texte in gro\u00dfer Fibelschrift sichern erste Leseerfolge und steigern die Lesekompetenz von M\u00e4dchen und Jungen ab 6 Jahren. Mit Belohnungsstickern<\/p>\n<p>Empfohlen von Stiftung Lesen, gelistet bei Antolin.<\/p>\n","protected":false},"excerpt":{"rendered":"<p>Theo und der Mann im Ohr Theo will nicht mehr in die Schule gehen. Er hat Angst vor den Fragen der Lehrerin und vor allem vor dem Mathetest am Freitag. Da taucht pl\u00f6tzlich Peppino auf. Peppino ist so klein, dass er in Theos Ohr passt. Von dort sagt er Theo alles vor und auf einmal [&hellip;]<\/p>\n","protected":false},"featured_media":2105,"comment_status":"open","ping_status":"closed","template":"","meta":[],"product_cat":[899,224,915,944,225],"product_tag":[449,192,111,200,201,196,197,195,115,199,114,113,237,112,207,198,181,520,202,179,194,787,193,180,786,249,304,785,177,178],"class_list":{"0":"post-1803","1":"product","2":"type-product","3":"status-publish","4":"has-post-thumbnail","6":"product_cat-1-klasse","7":"product_cat-kinderbuecher","8":"product_cat-produkt-feeds","9":"product_cat-produktzufuehrung-geizhal","10":"product_cat-ravensburger-kinderbuecher","11":"product_tag-angst","12":"product_tag-antolin","13":"product_tag-beschaeftigung","14":"product_tag-buch","15":"product_tag-buecher","16":"product_tag-erstlesebuch","17":"product_tag-erstlesebuecher","18":"product_tag-erstleser","19":"product_tag-fuer-jungen","20":"product_tag-fuer-kinder-ab-6-jahre","21":"product_tag-fuer-maedchen","22":"product_tag-geschenk","23":"product_tag-geschenk-kindergeburtstag","24":"product_tag-geschenkidee","25":"product_tag-junge","26":"product_tag-kinderbuch","27":"product_tag-kinderbuecher","28":"product_tag-lehrerin","29":"product_tag-lesen","30":"product_tag-lesen-lernen","31":"product_tag-leserabe","32":"product_tag-quatsch","33":"product_tag-ravensburger","34":"product_tag-ravensburger-erstes-lernen","35":"product_tag-rechnen","36":"product_tag-schule","37":"product_tag-spass","38":"product_tag-test","39":"product_tag-zuhause-lernen","40":"product_tag-zuhause-unterrichten","41":"post","42":"post-with-thumbnail","43":"post-with-thumbnail-large","45":"first","46":"outofstock","47":"taxable","48":"shipping-taxable","49":"purchasable","50":"product-type-simple"},"yoast_head":"<!-- This site is optimized with the Yoast SEO plugin v26.6 - https:\/\/yoast.com\/wordpress\/plugins\/seo\/ -->\n<title>Theo und der Mann im Ohr - der-Schulbedarf.shop<\/title>\n<meta name=\"description\" content=\"Theo will nicht mehr zur Schule gehen, Peppino der Mann im Ohr hilft. F\u00fcr Kinder ab 6 Jahren. Von P\u00e4dagogen entwickelt. In gro\u00dfer Fibelschrift geschrieben.\" \/>\n<meta name=\"robots\" content=\"index, follow, max-snippet:-1, max-image-preview:large, max-video-preview:-1\" \/>\n<link rel=\"canonical\" href=\"https:\/\/der-schulbedarf.shop\/produkt-des-monats\/produkt\/theo-und-der-mann-im-ohr\/\" \/>\n<meta property=\"og:locale\" content=\"de_DE\" \/>\n<meta property=\"og:type\" content=\"article\" \/>\n<meta property=\"og:title\" content=\"Theo und der Mann im Ohr - der-Schulbedarf.shop\" \/>\n<meta property=\"og:description\" content=\"Theo will nicht mehr zur Schule gehen, Peppino der Mann im Ohr hilft. F\u00fcr Kinder ab 6 Jahren. Von P\u00e4dagogen entwickelt. In gro\u00dfer Fibelschrift geschrieben.\" \/>\n<meta property=\"og:url\" content=\"https:\/\/der-schulbedarf.shop\/produkt-des-monats\/produkt\/theo-und-der-mann-im-ohr\/\" \/>\n<meta property=\"og:site_name\" content=\"der-Schulbedarf.shop\" \/>\n<meta property=\"article:modified_time\" content=\"2025-09-01T11:25:18+00:00\" \/>\n<meta property=\"og:image\" content=\"https:\/\/der-schulbedarf.shop\/wp-content\/uploads\/2023\/06\/AN-36531_1-720x380-1.webp\" \/>\n\t<meta property=\"og:image:width\" content=\"720\" \/>\n\t<meta property=\"og:image:height\" content=\"380\" \/>\n\t<meta property=\"og:image:type\" content=\"image\/webp\" \/>\n<meta name=\"twitter:card\" content=\"summary_large_image\" \/>\n<meta name=\"twitter:label1\" content=\"Gesch\u00e4tzte Lesezeit\" \/>\n\t<meta name=\"twitter:data1\" content=\"1\u00a0Minute\" \/>\n<script type=\"application\/ld+json\" class=\"yoast-schema-graph\">{\"@context\":\"https:\/\/schema.org\",\"@graph\":[{\"@type\":\"WebPage\",\"@id\":\"https:\/\/der-schulbedarf.shop\/produkt-des-monats\/produkt\/theo-und-der-mann-im-ohr\/\",\"url\":\"https:\/\/der-schulbedarf.shop\/produkt-des-monats\/produkt\/theo-und-der-mann-im-ohr\/\",\"name\":\"Theo und der Mann im Ohr - der-Schulbedarf.shop\",\"isPartOf\":{\"@id\":\"https:\/\/der-schulbedarf.shop\/produkt-des-monats\/#website\"},\"primaryImageOfPage\":{\"@id\":\"https:\/\/der-schulbedarf.shop\/produkt-des-monats\/produkt\/theo-und-der-mann-im-ohr\/#primaryimage\"},\"image\":{\"@id\":\"https:\/\/der-schulbedarf.shop\/produkt-des-monats\/produkt\/theo-und-der-mann-im-ohr\/#primaryimage\"},\"thumbnailUrl\":\"https:\/\/der-schulbedarf.shop\/wp-content\/uploads\/2023\/06\/AN-36531_1-720x380-1.webp\",\"datePublished\":\"2023-06-13T04:39:26+00:00\",\"dateModified\":\"2025-09-01T11:25:18+00:00\",\"description\":\"Theo will nicht mehr zur Schule gehen, Peppino der Mann im Ohr hilft. F\u00fcr Kinder ab 6 Jahren. Von P\u00e4dagogen entwickelt. In gro\u00dfer Fibelschrift geschrieben.\",\"breadcrumb\":{\"@id\":\"https:\/\/der-schulbedarf.shop\/produkt-des-monats\/produkt\/theo-und-der-mann-im-ohr\/#breadcrumb\"},\"inLanguage\":\"de\",\"potentialAction\":[{\"@type\":\"ReadAction\",\"target\":[\"https:\/\/der-schulbedarf.shop\/produkt-des-monats\/produkt\/theo-und-der-mann-im-ohr\/\"]}]},{\"@type\":\"ImageObject\",\"inLanguage\":\"de\",\"@id\":\"https:\/\/der-schulbedarf.shop\/produkt-des-monats\/produkt\/theo-und-der-mann-im-ohr\/#primaryimage\",\"url\":\"https:\/\/der-schulbedarf.shop\/wp-content\/uploads\/2023\/06\/AN-36531_1-720x380-1.webp\",\"contentUrl\":\"https:\/\/der-schulbedarf.shop\/wp-content\/uploads\/2023\/06\/AN-36531_1-720x380-1.webp\",\"width\":720,\"height\":380},{\"@type\":\"BreadcrumbList\",\"@id\":\"https:\/\/der-schulbedarf.shop\/produkt-des-monats\/produkt\/theo-und-der-mann-im-ohr\/#breadcrumb\",\"itemListElement\":[{\"@type\":\"ListItem\",\"position\":1,\"name\":\"Shop\",\"item\":\"https:\/\/der-schulbedarf.shop\/produkt-des-monats\/shop\/\"},{\"@type\":\"ListItem\",\"position\":2,\"name\":\"Theo und der Mann im Ohr\"}]},{\"@type\":\"WebSite\",\"@id\":\"https:\/\/der-schulbedarf.shop\/produkt-des-monats\/#website\",\"url\":\"https:\/\/der-schulbedarf.shop\/produkt-des-monats\/\",\"name\":\"der-Schulbedarf.shop\",\"description\":\"\",\"publisher\":{\"@id\":\"https:\/\/der-schulbedarf.shop\/produkt-des-monats\/#organization\"},\"potentialAction\":[{\"@type\":\"SearchAction\",\"target\":{\"@type\":\"EntryPoint\",\"urlTemplate\":\"https:\/\/der-schulbedarf.shop\/produkt-des-monats\/?s={search_term_string}\"},\"query-input\":{\"@type\":\"PropertyValueSpecification\",\"valueRequired\":true,\"valueName\":\"search_term_string\"}}],\"inLanguage\":\"de\"},{\"@type\":\"Organization\",\"@id\":\"https:\/\/der-schulbedarf.shop\/produkt-des-monats\/#organization\",\"name\":\"der-Schulbedarf.shop\",\"url\":\"https:\/\/der-schulbedarf.shop\/produkt-des-monats\/\",\"logo\":{\"@type\":\"ImageObject\",\"inLanguage\":\"de\",\"@id\":\"https:\/\/der-schulbedarf.shop\/produkt-des-monats\/#\/schema\/logo\/image\/\",\"url\":\"https:\/\/der-schulbedarf.shop\/wp-content\/uploads\/2024\/02\/grafik-e1709551115899.png\",\"contentUrl\":\"https:\/\/der-schulbedarf.shop\/wp-content\/uploads\/2024\/02\/grafik-e1709551115899.png\",\"width\":80,\"height\":80,\"caption\":\"der-Schulbedarf.shop\"},\"image\":{\"@id\":\"https:\/\/der-schulbedarf.shop\/produkt-des-monats\/#\/schema\/logo\/image\/\"}}]}<\/script>\n<!-- \/ Yoast SEO plugin. -->","yoast_head_json":{"title":"Theo und der Mann im Ohr - der-Schulbedarf.shop","description":"Theo will nicht mehr zur Schule gehen, Peppino der Mann im Ohr hilft. F\u00fcr Kinder ab 6 Jahren. Von P\u00e4dagogen entwickelt. In gro\u00dfer Fibelschrift geschrieben.","robots":{"index":"index","follow":"follow","max-snippet":"max-snippet:-1","max-image-preview":"max-image-preview:large","max-video-preview":"max-video-preview:-1"},"canonical":"https:\/\/der-schulbedarf.shop\/produkt-des-monats\/produkt\/theo-und-der-mann-im-ohr\/","og_locale":"de_DE","og_type":"article","og_title":"Theo und der Mann im Ohr - der-Schulbedarf.shop","og_description":"Theo will nicht mehr zur Schule gehen, Peppino der Mann im Ohr hilft. F\u00fcr Kinder ab 6 Jahren. Von P\u00e4dagogen entwickelt. In gro\u00dfer Fibelschrift geschrieben.","og_url":"https:\/\/der-schulbedarf.shop\/produkt-des-monats\/produkt\/theo-und-der-mann-im-ohr\/","og_site_name":"der-Schulbedarf.shop","article_modified_time":"2025-09-01T11:25:18+00:00","og_image":[{"width":720,"height":380,"url":"https:\/\/der-schulbedarf.shop\/wp-content\/uploads\/2023\/06\/AN-36531_1-720x380-1.webp","type":"image\/webp"}],"twitter_card":"summary_large_image","twitter_misc":{"Gesch\u00e4tzte Lesezeit":"1\u00a0Minute"},"schema":{"@context":"https:\/\/schema.org","@graph":[{"@type":"WebPage","@id":"https:\/\/der-schulbedarf.shop\/produkt-des-monats\/produkt\/theo-und-der-mann-im-ohr\/","url":"https:\/\/der-schulbedarf.shop\/produkt-des-monats\/produkt\/theo-und-der-mann-im-ohr\/","name":"Theo und der Mann im Ohr - der-Schulbedarf.shop","isPartOf":{"@id":"https:\/\/der-schulbedarf.shop\/produkt-des-monats\/#website"},"primaryImageOfPage":{"@id":"https:\/\/der-schulbedarf.shop\/produkt-des-monats\/produkt\/theo-und-der-mann-im-ohr\/#primaryimage"},"image":{"@id":"https:\/\/der-schulbedarf.shop\/produkt-des-monats\/produkt\/theo-und-der-mann-im-ohr\/#primaryimage"},"thumbnailUrl":"https:\/\/der-schulbedarf.shop\/wp-content\/uploads\/2023\/06\/AN-36531_1-720x380-1.webp","datePublished":"2023-06-13T04:39:26+00:00","dateModified":"2025-09-01T11:25:18+00:00","description":"Theo will nicht mehr zur Schule gehen, Peppino der Mann im Ohr hilft. F\u00fcr Kinder ab 6 Jahren. Von P\u00e4dagogen entwickelt. In gro\u00dfer Fibelschrift geschrieben.","breadcrumb":{"@id":"https:\/\/der-schulbedarf.shop\/produkt-des-monats\/produkt\/theo-und-der-mann-im-ohr\/#breadcrumb"},"inLanguage":"de","potentialAction":[{"@type":"ReadAction","target":["https:\/\/der-schulbedarf.shop\/produkt-des-monats\/produkt\/theo-und-der-mann-im-ohr\/"]}]},{"@type":"ImageObject","inLanguage":"de","@id":"https:\/\/der-schulbedarf.shop\/produkt-des-monats\/produkt\/theo-und-der-mann-im-ohr\/#primaryimage","url":"https:\/\/der-schulbedarf.shop\/wp-content\/uploads\/2023\/06\/AN-36531_1-720x380-1.webp","contentUrl":"https:\/\/der-schulbedarf.shop\/wp-content\/uploads\/2023\/06\/AN-36531_1-720x380-1.webp","width":720,"height":380},{"@type":"BreadcrumbList","@id":"https:\/\/der-schulbedarf.shop\/produkt-des-monats\/produkt\/theo-und-der-mann-im-ohr\/#breadcrumb","itemListElement":[{"@type":"ListItem","position":1,"name":"Shop","item":"https:\/\/der-schulbedarf.shop\/produkt-des-monats\/shop\/"},{"@type":"ListItem","position":2,"name":"Theo und der Mann im Ohr"}]},{"@type":"WebSite","@id":"https:\/\/der-schulbedarf.shop\/produkt-des-monats\/#website","url":"https:\/\/der-schulbedarf.shop\/produkt-des-monats\/","name":"der-Schulbedarf.shop","description":"","publisher":{"@id":"https:\/\/der-schulbedarf.shop\/produkt-des-monats\/#organization"},"potentialAction":[{"@type":"SearchAction","target":{"@type":"EntryPoint","urlTemplate":"https:\/\/der-schulbedarf.shop\/produkt-des-monats\/?s={search_term_string}"},"query-input":{"@type":"PropertyValueSpecification","valueRequired":true,"valueName":"search_term_string"}}],"inLanguage":"de"},{"@type":"Organization","@id":"https:\/\/der-schulbedarf.shop\/produkt-des-monats\/#organization","name":"der-Schulbedarf.shop","url":"https:\/\/der-schulbedarf.shop\/produkt-des-monats\/","logo":{"@type":"ImageObject","inLanguage":"de","@id":"https:\/\/der-schulbedarf.shop\/produkt-des-monats\/#\/schema\/logo\/image\/","url":"https:\/\/der-schulbedarf.shop\/wp-content\/uploads\/2024\/02\/grafik-e1709551115899.png","contentUrl":"https:\/\/der-schulbedarf.shop\/wp-content\/uploads\/2024\/02\/grafik-e1709551115899.png","width":80,"height":80,"caption":"der-Schulbedarf.shop"},"image":{"@id":"https:\/\/der-schulbedarf.shop\/produkt-des-monats\/#\/schema\/logo\/image\/"}}]}},"_links":{"self":[{"href":"https:\/\/der-schulbedarf.shop\/produkt-des-monats\/wp-json\/wp\/v2\/product\/1803","targetHints":{"allow":["GET"]}}],"collection":[{"href":"https:\/\/der-schulbedarf.shop\/produkt-des-monats\/wp-json\/wp\/v2\/product"}],"about":[{"href":"https:\/\/der-schulbedarf.shop\/produkt-des-monats\/wp-json\/wp\/v2\/types\/product"}],"replies":[{"embeddable":true,"href":"https:\/\/der-schulbedarf.shop\/produkt-des-monats\/wp-json\/wp\/v2\/comments?post=1803"}],"wp:featuredmedia":[{"embeddable":true,"href":"https:\/\/der-schulbedarf.shop\/produkt-des-monats\/wp-json\/wp\/v2\/media\/2105"}],"wp:attachment":[{"href":"https:\/\/der-schulbedarf.shop\/produkt-des-monats\/wp-json\/wp\/v2\/media?parent=1803"}],"wp:term":[{"taxonomy":"product_cat","embeddable":true,"href":"https:\/\/der-schulbedarf.shop\/produkt-des-monats\/wp-json\/wp\/v2\/product_cat?post=1803"},{"taxonomy":"product_tag","embeddable":true,"href":"https:\/\/der-schulbedarf.shop\/produkt-des-monats\/wp-json\/wp\/v2\/product_tag?post=1803"}],"curies":[{"name":"wp","href":"https:\/\/api.w.org\/{rel}","templated":true}]}}