{"id":1823,"date":"2023-06-12T12:47:48","date_gmt":"2023-06-12T12:47:48","guid":{"rendered":"https:\/\/der-schulbedarf.Shop\/?post_type=product&#038;p=1823"},"modified":"2025-04-10T10:14:07","modified_gmt":"2025-04-10T10:14:07","slug":"leserabe-sonderausgaben-schulabenteuer-zum-lesenlernen","status":"publish","type":"product","link":"https:\/\/der-schulbedarf.shop\/produkt-des-monats\/produkt\/leserabe-sonderausgaben-schulabenteuer-zum-lesenlernen\/","title":{"rendered":"Leserabe &#8211; Sonderausgaben: Schulabenteuer zum Lesenlernen"},"content":{"rendered":"<p>Zwei lustige Schulgeschichten in einem Band erz\u00e4hlen vom Abc-K\u00e4fer, der alle Buchstaben aus Pauls Hausaufgaben frisst und von Jule, die ihre Meerschweinchen in der Schultasche versteckt und damit f\u00fcr Chaos in der Schule sorgt.<\/p>\n<p>Lesen lernen wie im Flug! Die Kinderb\u00fccher der Reihe Leserabe \u2013 1. Lesestufe wurden mit P\u00e4dagogen entwickelt und richten sich an Leseanf\u00e4nger ab der 1. Klasse. Kurze Texte in gro\u00dfer Fibelschrift sichern erste Leseerfolge und steigern die Lesekompetenz von M\u00e4dchen und Jungen ab 6 Jahren. Empfohlen von Stiftung Lesen, gelistet bei Antolin.<\/p>\n","protected":false},"excerpt":{"rendered":"<p>Zwei lustige Schulgeschichten in einem Band erz\u00e4hlen vom Abc-K\u00e4fer, der alle Buchstaben aus Pauls Hausaufgaben frisst und von Jule, die ihre Meerschweinchen in der Schultasche versteckt und damit f\u00fcr Chaos in der Schule sorgt. Lesen lernen wie im Flug! Die Kinderb\u00fccher der Reihe Leserabe \u2013 1. Lesestufe wurden mit P\u00e4dagogen entwickelt und richten sich an [&hellip;]<\/p>\n","protected":false},"featured_media":2026,"comment_status":"open","ping_status":"closed","template":"","meta":[],"product_cat":[224,944,225],"product_tag":[715,192,111,200,201,622,523,656,196,197,195,190,115,199,114,113,210,112,798,260,800,198,181,202,179,194,799,193,180,249,177,178],"class_list":{"0":"post-1823","1":"product","2":"type-product","3":"status-publish","4":"has-post-thumbnail","6":"product_cat-kinderbuecher","7":"product_cat-produktzufuehrung-geizhal","8":"product_cat-ravensburger-kinderbuecher","9":"product_tag-abc","10":"product_tag-antolin","11":"product_tag-beschaeftigung","12":"product_tag-buch","13":"product_tag-buecher","14":"product_tag-buchstaben","15":"product_tag-chaos","16":"product_tag-erster-schultag","17":"product_tag-erstlesebuch","18":"product_tag-erstlesebuecher","19":"product_tag-erstleser","20":"product_tag-freundschaft","21":"product_tag-fuer-jungen","22":"product_tag-fuer-kinder-ab-6-jahre","23":"product_tag-fuer-maedchen","24":"product_tag-geschenk","25":"product_tag-geschenk-kinder","26":"product_tag-geschenkidee","27":"product_tag-hausaufgaben","28":"product_tag-haustier","29":"product_tag-kaefer","30":"product_tag-kinderbuch","31":"product_tag-kinderbuecher","32":"product_tag-lesen","33":"product_tag-lesen-lernen","34":"product_tag-leserabe","35":"product_tag-meerschweinchen","36":"product_tag-ravensburger","37":"product_tag-ravensburger-erstes-lernen","38":"product_tag-schule","39":"product_tag-zuhause-lernen","40":"product_tag-zuhause-unterrichten","41":"post","42":"post-with-thumbnail","43":"post-with-thumbnail-large","45":"first","46":"outofstock","47":"taxable","48":"shipping-taxable","49":"purchasable","50":"product-type-simple"},"yoast_head":"<!-- This site is optimized with the Yoast SEO plugin v26.6 - https:\/\/yoast.com\/wordpress\/plugins\/seo\/ -->\n<title>Leserabe -Schulabenteuer zum Lesenlernen<\/title>\n<meta name=\"description\" content=\"Leserabe -Schulabenteuer zum Lesenlernen. Lustige Geschichten vom ABC K\u00e4fer der Pauls Hausaufgaben frisst. F\u00fcr Kinder ab 6 Jahren. Von P\u00e4dagogen entwickelt.\" \/>\n<meta name=\"robots\" content=\"index, follow, max-snippet:-1, max-image-preview:large, max-video-preview:-1\" \/>\n<link rel=\"canonical\" href=\"https:\/\/der-schulbedarf.shop\/produkt-des-monats\/produkt\/leserabe-sonderausgaben-schulabenteuer-zum-lesenlernen\/\" \/>\n<meta property=\"og:locale\" content=\"de_DE\" \/>\n<meta property=\"og:type\" content=\"article\" \/>\n<meta property=\"og:title\" content=\"Leserabe -Schulabenteuer zum Lesenlernen\" \/>\n<meta property=\"og:description\" content=\"Leserabe -Schulabenteuer zum Lesenlernen. Lustige Geschichten vom ABC K\u00e4fer der Pauls Hausaufgaben frisst. F\u00fcr Kinder ab 6 Jahren. Von P\u00e4dagogen entwickelt.\" \/>\n<meta property=\"og:url\" content=\"https:\/\/der-schulbedarf.shop\/produkt-des-monats\/produkt\/leserabe-sonderausgaben-schulabenteuer-zum-lesenlernen\/\" \/>\n<meta property=\"og:site_name\" content=\"der-Schulbedarf.shop\" \/>\n<meta property=\"article:modified_time\" content=\"2025-04-10T10:14:07+00:00\" \/>\n<meta property=\"og:image\" content=\"https:\/\/der-schulbedarf.shop\/wp-content\/uploads\/2023\/06\/AN-36544_1-720x380-1.webp\" \/>\n\t<meta property=\"og:image:width\" content=\"720\" \/>\n\t<meta property=\"og:image:height\" content=\"380\" \/>\n\t<meta property=\"og:image:type\" content=\"image\/webp\" \/>\n<meta name=\"twitter:card\" content=\"summary_large_image\" \/>\n<meta name=\"twitter:label1\" content=\"Gesch\u00e4tzte Lesezeit\" \/>\n\t<meta name=\"twitter:data1\" content=\"1\u00a0Minute\" \/>\n<script type=\"application\/ld+json\" class=\"yoast-schema-graph\">{\"@context\":\"https:\/\/schema.org\",\"@graph\":[{\"@type\":\"WebPage\",\"@id\":\"https:\/\/der-schulbedarf.shop\/produkt-des-monats\/produkt\/leserabe-sonderausgaben-schulabenteuer-zum-lesenlernen\/\",\"url\":\"https:\/\/der-schulbedarf.shop\/produkt-des-monats\/produkt\/leserabe-sonderausgaben-schulabenteuer-zum-lesenlernen\/\",\"name\":\"Leserabe -Schulabenteuer zum Lesenlernen\",\"isPartOf\":{\"@id\":\"https:\/\/der-schulbedarf.shop\/produkt-des-monats\/#website\"},\"primaryImageOfPage\":{\"@id\":\"https:\/\/der-schulbedarf.shop\/produkt-des-monats\/produkt\/leserabe-sonderausgaben-schulabenteuer-zum-lesenlernen\/#primaryimage\"},\"image\":{\"@id\":\"https:\/\/der-schulbedarf.shop\/produkt-des-monats\/produkt\/leserabe-sonderausgaben-schulabenteuer-zum-lesenlernen\/#primaryimage\"},\"thumbnailUrl\":\"https:\/\/der-schulbedarf.shop\/wp-content\/uploads\/2023\/06\/AN-36544_1-720x380-1.webp\",\"datePublished\":\"2023-06-12T12:47:48+00:00\",\"dateModified\":\"2025-04-10T10:14:07+00:00\",\"description\":\"Leserabe -Schulabenteuer zum Lesenlernen. Lustige Geschichten vom ABC K\u00e4fer der Pauls Hausaufgaben frisst. F\u00fcr Kinder ab 6 Jahren. Von P\u00e4dagogen entwickelt.\",\"breadcrumb\":{\"@id\":\"https:\/\/der-schulbedarf.shop\/produkt-des-monats\/produkt\/leserabe-sonderausgaben-schulabenteuer-zum-lesenlernen\/#breadcrumb\"},\"inLanguage\":\"de\",\"potentialAction\":[{\"@type\":\"ReadAction\",\"target\":[\"https:\/\/der-schulbedarf.shop\/produkt-des-monats\/produkt\/leserabe-sonderausgaben-schulabenteuer-zum-lesenlernen\/\"]}]},{\"@type\":\"ImageObject\",\"inLanguage\":\"de\",\"@id\":\"https:\/\/der-schulbedarf.shop\/produkt-des-monats\/produkt\/leserabe-sonderausgaben-schulabenteuer-zum-lesenlernen\/#primaryimage\",\"url\":\"https:\/\/der-schulbedarf.shop\/wp-content\/uploads\/2023\/06\/AN-36544_1-720x380-1.webp\",\"contentUrl\":\"https:\/\/der-schulbedarf.shop\/wp-content\/uploads\/2023\/06\/AN-36544_1-720x380-1.webp\",\"width\":720,\"height\":380},{\"@type\":\"BreadcrumbList\",\"@id\":\"https:\/\/der-schulbedarf.shop\/produkt-des-monats\/produkt\/leserabe-sonderausgaben-schulabenteuer-zum-lesenlernen\/#breadcrumb\",\"itemListElement\":[{\"@type\":\"ListItem\",\"position\":1,\"name\":\"Shop\",\"item\":\"https:\/\/der-schulbedarf.shop\/produkt-des-monats\/shop\/\"},{\"@type\":\"ListItem\",\"position\":2,\"name\":\"Leserabe &#8211; Sonderausgaben: Schulabenteuer zum Lesenlernen\"}]},{\"@type\":\"WebSite\",\"@id\":\"https:\/\/der-schulbedarf.shop\/produkt-des-monats\/#website\",\"url\":\"https:\/\/der-schulbedarf.shop\/produkt-des-monats\/\",\"name\":\"der-Schulbedarf.shop\",\"description\":\"\",\"publisher\":{\"@id\":\"https:\/\/der-schulbedarf.shop\/produkt-des-monats\/#organization\"},\"potentialAction\":[{\"@type\":\"SearchAction\",\"target\":{\"@type\":\"EntryPoint\",\"urlTemplate\":\"https:\/\/der-schulbedarf.shop\/produkt-des-monats\/?s={search_term_string}\"},\"query-input\":{\"@type\":\"PropertyValueSpecification\",\"valueRequired\":true,\"valueName\":\"search_term_string\"}}],\"inLanguage\":\"de\"},{\"@type\":\"Organization\",\"@id\":\"https:\/\/der-schulbedarf.shop\/produkt-des-monats\/#organization\",\"name\":\"der-Schulbedarf.shop\",\"url\":\"https:\/\/der-schulbedarf.shop\/produkt-des-monats\/\",\"logo\":{\"@type\":\"ImageObject\",\"inLanguage\":\"de\",\"@id\":\"https:\/\/der-schulbedarf.shop\/produkt-des-monats\/#\/schema\/logo\/image\/\",\"url\":\"https:\/\/der-schulbedarf.shop\/wp-content\/uploads\/2024\/02\/grafik-e1709551115899.png\",\"contentUrl\":\"https:\/\/der-schulbedarf.shop\/wp-content\/uploads\/2024\/02\/grafik-e1709551115899.png\",\"width\":80,\"height\":80,\"caption\":\"der-Schulbedarf.shop\"},\"image\":{\"@id\":\"https:\/\/der-schulbedarf.shop\/produkt-des-monats\/#\/schema\/logo\/image\/\"}}]}<\/script>\n<!-- \/ Yoast SEO plugin. -->","yoast_head_json":{"title":"Leserabe -Schulabenteuer zum Lesenlernen","description":"Leserabe -Schulabenteuer zum Lesenlernen. Lustige Geschichten vom ABC K\u00e4fer der Pauls Hausaufgaben frisst. F\u00fcr Kinder ab 6 Jahren. Von P\u00e4dagogen entwickelt.","robots":{"index":"index","follow":"follow","max-snippet":"max-snippet:-1","max-image-preview":"max-image-preview:large","max-video-preview":"max-video-preview:-1"},"canonical":"https:\/\/der-schulbedarf.shop\/produkt-des-monats\/produkt\/leserabe-sonderausgaben-schulabenteuer-zum-lesenlernen\/","og_locale":"de_DE","og_type":"article","og_title":"Leserabe -Schulabenteuer zum Lesenlernen","og_description":"Leserabe -Schulabenteuer zum Lesenlernen. Lustige Geschichten vom ABC K\u00e4fer der Pauls Hausaufgaben frisst. F\u00fcr Kinder ab 6 Jahren. Von P\u00e4dagogen entwickelt.","og_url":"https:\/\/der-schulbedarf.shop\/produkt-des-monats\/produkt\/leserabe-sonderausgaben-schulabenteuer-zum-lesenlernen\/","og_site_name":"der-Schulbedarf.shop","article_modified_time":"2025-04-10T10:14:07+00:00","og_image":[{"width":720,"height":380,"url":"https:\/\/der-schulbedarf.shop\/wp-content\/uploads\/2023\/06\/AN-36544_1-720x380-1.webp","type":"image\/webp"}],"twitter_card":"summary_large_image","twitter_misc":{"Gesch\u00e4tzte Lesezeit":"1\u00a0Minute"},"schema":{"@context":"https:\/\/schema.org","@graph":[{"@type":"WebPage","@id":"https:\/\/der-schulbedarf.shop\/produkt-des-monats\/produkt\/leserabe-sonderausgaben-schulabenteuer-zum-lesenlernen\/","url":"https:\/\/der-schulbedarf.shop\/produkt-des-monats\/produkt\/leserabe-sonderausgaben-schulabenteuer-zum-lesenlernen\/","name":"Leserabe -Schulabenteuer zum Lesenlernen","isPartOf":{"@id":"https:\/\/der-schulbedarf.shop\/produkt-des-monats\/#website"},"primaryImageOfPage":{"@id":"https:\/\/der-schulbedarf.shop\/produkt-des-monats\/produkt\/leserabe-sonderausgaben-schulabenteuer-zum-lesenlernen\/#primaryimage"},"image":{"@id":"https:\/\/der-schulbedarf.shop\/produkt-des-monats\/produkt\/leserabe-sonderausgaben-schulabenteuer-zum-lesenlernen\/#primaryimage"},"thumbnailUrl":"https:\/\/der-schulbedarf.shop\/wp-content\/uploads\/2023\/06\/AN-36544_1-720x380-1.webp","datePublished":"2023-06-12T12:47:48+00:00","dateModified":"2025-04-10T10:14:07+00:00","description":"Leserabe -Schulabenteuer zum Lesenlernen. Lustige Geschichten vom ABC K\u00e4fer der Pauls Hausaufgaben frisst. F\u00fcr Kinder ab 6 Jahren. Von P\u00e4dagogen entwickelt.","breadcrumb":{"@id":"https:\/\/der-schulbedarf.shop\/produkt-des-monats\/produkt\/leserabe-sonderausgaben-schulabenteuer-zum-lesenlernen\/#breadcrumb"},"inLanguage":"de","potentialAction":[{"@type":"ReadAction","target":["https:\/\/der-schulbedarf.shop\/produkt-des-monats\/produkt\/leserabe-sonderausgaben-schulabenteuer-zum-lesenlernen\/"]}]},{"@type":"ImageObject","inLanguage":"de","@id":"https:\/\/der-schulbedarf.shop\/produkt-des-monats\/produkt\/leserabe-sonderausgaben-schulabenteuer-zum-lesenlernen\/#primaryimage","url":"https:\/\/der-schulbedarf.shop\/wp-content\/uploads\/2023\/06\/AN-36544_1-720x380-1.webp","contentUrl":"https:\/\/der-schulbedarf.shop\/wp-content\/uploads\/2023\/06\/AN-36544_1-720x380-1.webp","width":720,"height":380},{"@type":"BreadcrumbList","@id":"https:\/\/der-schulbedarf.shop\/produkt-des-monats\/produkt\/leserabe-sonderausgaben-schulabenteuer-zum-lesenlernen\/#breadcrumb","itemListElement":[{"@type":"ListItem","position":1,"name":"Shop","item":"https:\/\/der-schulbedarf.shop\/produkt-des-monats\/shop\/"},{"@type":"ListItem","position":2,"name":"Leserabe &#8211; Sonderausgaben: Schulabenteuer zum Lesenlernen"}]},{"@type":"WebSite","@id":"https:\/\/der-schulbedarf.shop\/produkt-des-monats\/#website","url":"https:\/\/der-schulbedarf.shop\/produkt-des-monats\/","name":"der-Schulbedarf.shop","description":"","publisher":{"@id":"https:\/\/der-schulbedarf.shop\/produkt-des-monats\/#organization"},"potentialAction":[{"@type":"SearchAction","target":{"@type":"EntryPoint","urlTemplate":"https:\/\/der-schulbedarf.shop\/produkt-des-monats\/?s={search_term_string}"},"query-input":{"@type":"PropertyValueSpecification","valueRequired":true,"valueName":"search_term_string"}}],"inLanguage":"de"},{"@type":"Organization","@id":"https:\/\/der-schulbedarf.shop\/produkt-des-monats\/#organization","name":"der-Schulbedarf.shop","url":"https:\/\/der-schulbedarf.shop\/produkt-des-monats\/","logo":{"@type":"ImageObject","inLanguage":"de","@id":"https:\/\/der-schulbedarf.shop\/produkt-des-monats\/#\/schema\/logo\/image\/","url":"https:\/\/der-schulbedarf.shop\/wp-content\/uploads\/2024\/02\/grafik-e1709551115899.png","contentUrl":"https:\/\/der-schulbedarf.shop\/wp-content\/uploads\/2024\/02\/grafik-e1709551115899.png","width":80,"height":80,"caption":"der-Schulbedarf.shop"},"image":{"@id":"https:\/\/der-schulbedarf.shop\/produkt-des-monats\/#\/schema\/logo\/image\/"}}]}},"_links":{"self":[{"href":"https:\/\/der-schulbedarf.shop\/produkt-des-monats\/wp-json\/wp\/v2\/product\/1823","targetHints":{"allow":["GET"]}}],"collection":[{"href":"https:\/\/der-schulbedarf.shop\/produkt-des-monats\/wp-json\/wp\/v2\/product"}],"about":[{"href":"https:\/\/der-schulbedarf.shop\/produkt-des-monats\/wp-json\/wp\/v2\/types\/product"}],"replies":[{"embeddable":true,"href":"https:\/\/der-schulbedarf.shop\/produkt-des-monats\/wp-json\/wp\/v2\/comments?post=1823"}],"wp:featuredmedia":[{"embeddable":true,"href":"https:\/\/der-schulbedarf.shop\/produkt-des-monats\/wp-json\/wp\/v2\/media\/2026"}],"wp:attachment":[{"href":"https:\/\/der-schulbedarf.shop\/produkt-des-monats\/wp-json\/wp\/v2\/media?parent=1823"}],"wp:term":[{"taxonomy":"product_cat","embeddable":true,"href":"https:\/\/der-schulbedarf.shop\/produkt-des-monats\/wp-json\/wp\/v2\/product_cat?post=1823"},{"taxonomy":"product_tag","embeddable":true,"href":"https:\/\/der-schulbedarf.shop\/produkt-des-monats\/wp-json\/wp\/v2\/product_tag?post=1823"}],"curies":[{"name":"wp","href":"https:\/\/api.w.org\/{rel}","templated":true}]}}