{"id":1828,"date":"2023-06-12T09:01:31","date_gmt":"2023-06-12T09:01:31","guid":{"rendered":"https:\/\/der-schulbedarf.Shop\/?post_type=product&#038;p=1828"},"modified":"2024-11-27T13:15:22","modified_gmt":"2024-11-27T13:15:22","slug":"leonie-looping-band-4-das-raetsel-um-die-bienen","status":"publish","type":"product","link":"https:\/\/der-schulbedarf.shop\/produkt-des-monats\/produkt\/leonie-looping-band-4-das-raetsel-um-die-bienen\/","title":{"rendered":"Leonie Looping, Band 4: Das R\u00e4tsel um die Bienen"},"content":{"rendered":"<p>Was ist nur mit den Bienen los? Sie wollen einfach keine Pollen mehr sammeln und der Honig wird knapp. Imker Flei\u00dfig ist ratlos. Da bleibt nur eins: Leo und die Schmetterlingselfen sehen sich im Bienenstock um. Es stellt sich heraus, dass den Bienen das Spritzmittel von Bauer Gr\u00fcnkohl nicht bekommt. Die Bienenk\u00f6nigin ist verzweifelt und bittet Leo um Hilfe. Ob Leo und ihre Freunde Bauer Gr\u00fcnkohl umstimmen k\u00f6nnen?<\/p>\n<p>Dein Abenteuer &#8211; nur einen Fl\u00fcgelschlag entfernt!<\/p>\n<p>Auf dem Balkon ihrer Oma entdeckt Leonie Schmetterlingselfen. Nach dem Verzehr einer Schrumpferbse ist sie pl\u00f6tzlich genauso klein wie die Schmetterlingselfen Luna und M\u00fccke. Gemeinsam erleben sie tolle Abenteuer!<\/p>\n<p>Mit Leonie Looping schaffen Cally Stronk (Text) und Constanze von Kitzing (Illustration) eine unterhaltsame Erstlese-Reihe f\u00fcr kleine Elfenfans ab 7 Jahren. Kindgerecht und unterhaltsam werden in jedem Band Umweltthemen wie M\u00fcllvermeidung und Nachhaltigkeit vermittelt.<\/p>\n<p>Band 1: Leonie Looping \u2013 Das Geheimnis auf dem Balkon\u200b<br \/>\nBand 2: Leonie Looping \u2013 Das Abenteuer am Waldsee\u200b<br \/>\nBand 3: Leonie Looping \u2013 Der verr\u00fcckte Schrumpferbsen-Unfall\u200b<br \/>\nBand 4: Leonie Looping \u2013 Das R\u00e4tsel um die Bienen\u200b<br \/>\nBand 5: Leonie Looping \u2013 Die verschwundenen Dinge\u200b<br \/>\nBand 6: Leonie Looping \u2013 Ein elfenstarker Winter<br \/>\nBand 7: Leonie Looping \u2013 Kleine Robbe in Not<br \/>\nBand 8: Leonie Looping \u2013 Die Waldolympiade<\/p>\n","protected":false},"excerpt":{"rendered":"<p>Was ist nur mit den Bienen los? Sie wollen einfach keine Pollen mehr sammeln und der Honig wird knapp. Imker Flei\u00dfig ist ratlos. Da bleibt nur eins: Leo und die Schmetterlingselfen sehen sich im Bienenstock um. Es stellt sich heraus, dass den Bienen das Spritzmittel von Bauer Gr\u00fcnkohl nicht bekommt. Die Bienenk\u00f6nigin ist verzweifelt und [&hellip;]<\/p>\n","protected":false},"featured_media":1985,"comment_status":"open","ping_status":"closed","template":"","meta":[],"product_cat":[224,944,225],"product_tag":[192,111,801,200,201,230,196,197,195,183,190,115,223,114,113,210,782,112,802,198,181,229,202,179,188,298,193,180,187,177,178],"class_list":{"0":"post-1828","1":"product","2":"type-product","3":"status-publish","4":"has-post-thumbnail","6":"product_cat-kinderbuecher","7":"product_cat-produktzufuehrung-geizhal","8":"product_cat-ravensburger-kinderbuecher","9":"product_tag-antolin","10":"product_tag-beschaeftigung","11":"product_tag-bienen","12":"product_tag-buch","13":"product_tag-buecher","14":"product_tag-elfen","15":"product_tag-erstlesebuch","16":"product_tag-erstlesebuecher","17":"product_tag-erstleser","18":"product_tag-fantasie","19":"product_tag-freundschaft","20":"product_tag-fuer-jungen","21":"product_tag-fuer-kinder-ab-7-jahre","22":"product_tag-fuer-maedchen","23":"product_tag-geschenk","24":"product_tag-geschenk-kinder","25":"product_tag-geschenk-maedchen","26":"product_tag-geschenkidee","27":"product_tag-honig","28":"product_tag-kinderbuch","29":"product_tag-kinderbuecher","30":"product_tag-leonie-looping","31":"product_tag-lesen","32":"product_tag-lesen-lernen","33":"product_tag-magie","34":"product_tag-phantasie","35":"product_tag-ravensburger","36":"product_tag-ravensburger-erstes-lernen","37":"product_tag-zauber","38":"product_tag-zuhause-lernen","39":"product_tag-zuhause-unterrichten","40":"post","41":"post-with-thumbnail","42":"post-with-thumbnail-large","44":"first","45":"instock","46":"taxable","47":"shipping-taxable","48":"purchasable","49":"product-type-simple"},"yoast_head":"<!-- This site is optimized with the Yoast SEO plugin v26.6 - https:\/\/yoast.com\/wordpress\/plugins\/seo\/ -->\n<title>Leonie Looping, Band 4: Das R\u00e4tsel um die Bienen - der-Schulbedarf.shop<\/title>\n<meta name=\"robots\" content=\"index, follow, max-snippet:-1, max-image-preview:large, max-video-preview:-1\" \/>\n<link rel=\"canonical\" href=\"https:\/\/der-schulbedarf.shop\/produkt-des-monats\/produkt\/leonie-looping-band-4-das-raetsel-um-die-bienen\/\" \/>\n<meta property=\"og:locale\" content=\"de_DE\" \/>\n<meta property=\"og:type\" content=\"article\" \/>\n<meta property=\"og:title\" content=\"Leonie Looping, Band 4: Das R\u00e4tsel um die Bienen - der-Schulbedarf.shop\" \/>\n<meta property=\"og:description\" content=\"Was ist nur mit den Bienen los? Sie wollen einfach keine Pollen mehr sammeln und der Honig wird knapp. Imker Flei\u00dfig ist ratlos. Da bleibt nur eins: Leo und die Schmetterlingselfen sehen sich im Bienenstock um. Es stellt sich heraus, dass den Bienen das Spritzmittel von Bauer Gr\u00fcnkohl nicht bekommt. Die Bienenk\u00f6nigin ist verzweifelt und [&hellip;]\" \/>\n<meta property=\"og:url\" content=\"https:\/\/der-schulbedarf.shop\/produkt-des-monats\/produkt\/leonie-looping-band-4-das-raetsel-um-die-bienen\/\" \/>\n<meta property=\"og:site_name\" content=\"der-Schulbedarf.shop\" \/>\n<meta property=\"article:modified_time\" content=\"2024-11-27T13:15:22+00:00\" \/>\n<meta property=\"og:image\" content=\"https:\/\/der-schulbedarf.shop\/wp-content\/uploads\/2023\/06\/AN-36545_1-700x380-1.webp\" \/>\n\t<meta property=\"og:image:width\" content=\"700\" \/>\n\t<meta property=\"og:image:height\" content=\"380\" \/>\n\t<meta property=\"og:image:type\" content=\"image\/webp\" \/>\n<meta name=\"twitter:card\" content=\"summary_large_image\" \/>\n<meta name=\"twitter:label1\" content=\"Gesch\u00e4tzte Lesezeit\" \/>\n\t<meta name=\"twitter:data1\" content=\"2\u00a0Minuten\" \/>\n<script type=\"application\/ld+json\" class=\"yoast-schema-graph\">{\"@context\":\"https:\/\/schema.org\",\"@graph\":[{\"@type\":\"WebPage\",\"@id\":\"https:\/\/der-schulbedarf.shop\/produkt-des-monats\/produkt\/leonie-looping-band-4-das-raetsel-um-die-bienen\/\",\"url\":\"https:\/\/der-schulbedarf.shop\/produkt-des-monats\/produkt\/leonie-looping-band-4-das-raetsel-um-die-bienen\/\",\"name\":\"Leonie Looping, Band 4: Das R\u00e4tsel um die Bienen - der-Schulbedarf.shop\",\"isPartOf\":{\"@id\":\"https:\/\/der-schulbedarf.shop\/produkt-des-monats\/#website\"},\"primaryImageOfPage\":{\"@id\":\"https:\/\/der-schulbedarf.shop\/produkt-des-monats\/produkt\/leonie-looping-band-4-das-raetsel-um-die-bienen\/#primaryimage\"},\"image\":{\"@id\":\"https:\/\/der-schulbedarf.shop\/produkt-des-monats\/produkt\/leonie-looping-band-4-das-raetsel-um-die-bienen\/#primaryimage\"},\"thumbnailUrl\":\"https:\/\/der-schulbedarf.shop\/wp-content\/uploads\/2023\/06\/AN-36545_1-700x380-1.webp\",\"datePublished\":\"2023-06-12T09:01:31+00:00\",\"dateModified\":\"2024-11-27T13:15:22+00:00\",\"breadcrumb\":{\"@id\":\"https:\/\/der-schulbedarf.shop\/produkt-des-monats\/produkt\/leonie-looping-band-4-das-raetsel-um-die-bienen\/#breadcrumb\"},\"inLanguage\":\"de\",\"potentialAction\":[{\"@type\":\"ReadAction\",\"target\":[\"https:\/\/der-schulbedarf.shop\/produkt-des-monats\/produkt\/leonie-looping-band-4-das-raetsel-um-die-bienen\/\"]}]},{\"@type\":\"ImageObject\",\"inLanguage\":\"de\",\"@id\":\"https:\/\/der-schulbedarf.shop\/produkt-des-monats\/produkt\/leonie-looping-band-4-das-raetsel-um-die-bienen\/#primaryimage\",\"url\":\"https:\/\/der-schulbedarf.shop\/wp-content\/uploads\/2023\/06\/AN-36545_1-700x380-1.webp\",\"contentUrl\":\"https:\/\/der-schulbedarf.shop\/wp-content\/uploads\/2023\/06\/AN-36545_1-700x380-1.webp\",\"width\":700,\"height\":380},{\"@type\":\"BreadcrumbList\",\"@id\":\"https:\/\/der-schulbedarf.shop\/produkt-des-monats\/produkt\/leonie-looping-band-4-das-raetsel-um-die-bienen\/#breadcrumb\",\"itemListElement\":[{\"@type\":\"ListItem\",\"position\":1,\"name\":\"Shop\",\"item\":\"https:\/\/der-schulbedarf.shop\/produkt-des-monats\/shop\/\"},{\"@type\":\"ListItem\",\"position\":2,\"name\":\"Leonie Looping, Band 4: Das R\u00e4tsel um die Bienen\"}]},{\"@type\":\"WebSite\",\"@id\":\"https:\/\/der-schulbedarf.shop\/produkt-des-monats\/#website\",\"url\":\"https:\/\/der-schulbedarf.shop\/produkt-des-monats\/\",\"name\":\"der-Schulbedarf.shop\",\"description\":\"\",\"publisher\":{\"@id\":\"https:\/\/der-schulbedarf.shop\/produkt-des-monats\/#organization\"},\"potentialAction\":[{\"@type\":\"SearchAction\",\"target\":{\"@type\":\"EntryPoint\",\"urlTemplate\":\"https:\/\/der-schulbedarf.shop\/produkt-des-monats\/?s={search_term_string}\"},\"query-input\":{\"@type\":\"PropertyValueSpecification\",\"valueRequired\":true,\"valueName\":\"search_term_string\"}}],\"inLanguage\":\"de\"},{\"@type\":\"Organization\",\"@id\":\"https:\/\/der-schulbedarf.shop\/produkt-des-monats\/#organization\",\"name\":\"der-Schulbedarf.shop\",\"url\":\"https:\/\/der-schulbedarf.shop\/produkt-des-monats\/\",\"logo\":{\"@type\":\"ImageObject\",\"inLanguage\":\"de\",\"@id\":\"https:\/\/der-schulbedarf.shop\/produkt-des-monats\/#\/schema\/logo\/image\/\",\"url\":\"https:\/\/der-schulbedarf.shop\/wp-content\/uploads\/2024\/02\/grafik-e1709551115899.png\",\"contentUrl\":\"https:\/\/der-schulbedarf.shop\/wp-content\/uploads\/2024\/02\/grafik-e1709551115899.png\",\"width\":80,\"height\":80,\"caption\":\"der-Schulbedarf.shop\"},\"image\":{\"@id\":\"https:\/\/der-schulbedarf.shop\/produkt-des-monats\/#\/schema\/logo\/image\/\"}}]}<\/script>\n<!-- \/ Yoast SEO plugin. -->","yoast_head_json":{"title":"Leonie Looping, Band 4: Das R\u00e4tsel um die Bienen - der-Schulbedarf.shop","robots":{"index":"index","follow":"follow","max-snippet":"max-snippet:-1","max-image-preview":"max-image-preview:large","max-video-preview":"max-video-preview:-1"},"canonical":"https:\/\/der-schulbedarf.shop\/produkt-des-monats\/produkt\/leonie-looping-band-4-das-raetsel-um-die-bienen\/","og_locale":"de_DE","og_type":"article","og_title":"Leonie Looping, Band 4: Das R\u00e4tsel um die Bienen - der-Schulbedarf.shop","og_description":"Was ist nur mit den Bienen los? Sie wollen einfach keine Pollen mehr sammeln und der Honig wird knapp. Imker Flei\u00dfig ist ratlos. Da bleibt nur eins: Leo und die Schmetterlingselfen sehen sich im Bienenstock um. Es stellt sich heraus, dass den Bienen das Spritzmittel von Bauer Gr\u00fcnkohl nicht bekommt. Die Bienenk\u00f6nigin ist verzweifelt und [&hellip;]","og_url":"https:\/\/der-schulbedarf.shop\/produkt-des-monats\/produkt\/leonie-looping-band-4-das-raetsel-um-die-bienen\/","og_site_name":"der-Schulbedarf.shop","article_modified_time":"2024-11-27T13:15:22+00:00","og_image":[{"width":700,"height":380,"url":"https:\/\/der-schulbedarf.shop\/wp-content\/uploads\/2023\/06\/AN-36545_1-700x380-1.webp","type":"image\/webp"}],"twitter_card":"summary_large_image","twitter_misc":{"Gesch\u00e4tzte Lesezeit":"2\u00a0Minuten"},"schema":{"@context":"https:\/\/schema.org","@graph":[{"@type":"WebPage","@id":"https:\/\/der-schulbedarf.shop\/produkt-des-monats\/produkt\/leonie-looping-band-4-das-raetsel-um-die-bienen\/","url":"https:\/\/der-schulbedarf.shop\/produkt-des-monats\/produkt\/leonie-looping-band-4-das-raetsel-um-die-bienen\/","name":"Leonie Looping, Band 4: Das R\u00e4tsel um die Bienen - der-Schulbedarf.shop","isPartOf":{"@id":"https:\/\/der-schulbedarf.shop\/produkt-des-monats\/#website"},"primaryImageOfPage":{"@id":"https:\/\/der-schulbedarf.shop\/produkt-des-monats\/produkt\/leonie-looping-band-4-das-raetsel-um-die-bienen\/#primaryimage"},"image":{"@id":"https:\/\/der-schulbedarf.shop\/produkt-des-monats\/produkt\/leonie-looping-band-4-das-raetsel-um-die-bienen\/#primaryimage"},"thumbnailUrl":"https:\/\/der-schulbedarf.shop\/wp-content\/uploads\/2023\/06\/AN-36545_1-700x380-1.webp","datePublished":"2023-06-12T09:01:31+00:00","dateModified":"2024-11-27T13:15:22+00:00","breadcrumb":{"@id":"https:\/\/der-schulbedarf.shop\/produkt-des-monats\/produkt\/leonie-looping-band-4-das-raetsel-um-die-bienen\/#breadcrumb"},"inLanguage":"de","potentialAction":[{"@type":"ReadAction","target":["https:\/\/der-schulbedarf.shop\/produkt-des-monats\/produkt\/leonie-looping-band-4-das-raetsel-um-die-bienen\/"]}]},{"@type":"ImageObject","inLanguage":"de","@id":"https:\/\/der-schulbedarf.shop\/produkt-des-monats\/produkt\/leonie-looping-band-4-das-raetsel-um-die-bienen\/#primaryimage","url":"https:\/\/der-schulbedarf.shop\/wp-content\/uploads\/2023\/06\/AN-36545_1-700x380-1.webp","contentUrl":"https:\/\/der-schulbedarf.shop\/wp-content\/uploads\/2023\/06\/AN-36545_1-700x380-1.webp","width":700,"height":380},{"@type":"BreadcrumbList","@id":"https:\/\/der-schulbedarf.shop\/produkt-des-monats\/produkt\/leonie-looping-band-4-das-raetsel-um-die-bienen\/#breadcrumb","itemListElement":[{"@type":"ListItem","position":1,"name":"Shop","item":"https:\/\/der-schulbedarf.shop\/produkt-des-monats\/shop\/"},{"@type":"ListItem","position":2,"name":"Leonie Looping, Band 4: Das R\u00e4tsel um die Bienen"}]},{"@type":"WebSite","@id":"https:\/\/der-schulbedarf.shop\/produkt-des-monats\/#website","url":"https:\/\/der-schulbedarf.shop\/produkt-des-monats\/","name":"der-Schulbedarf.shop","description":"","publisher":{"@id":"https:\/\/der-schulbedarf.shop\/produkt-des-monats\/#organization"},"potentialAction":[{"@type":"SearchAction","target":{"@type":"EntryPoint","urlTemplate":"https:\/\/der-schulbedarf.shop\/produkt-des-monats\/?s={search_term_string}"},"query-input":{"@type":"PropertyValueSpecification","valueRequired":true,"valueName":"search_term_string"}}],"inLanguage":"de"},{"@type":"Organization","@id":"https:\/\/der-schulbedarf.shop\/produkt-des-monats\/#organization","name":"der-Schulbedarf.shop","url":"https:\/\/der-schulbedarf.shop\/produkt-des-monats\/","logo":{"@type":"ImageObject","inLanguage":"de","@id":"https:\/\/der-schulbedarf.shop\/produkt-des-monats\/#\/schema\/logo\/image\/","url":"https:\/\/der-schulbedarf.shop\/wp-content\/uploads\/2024\/02\/grafik-e1709551115899.png","contentUrl":"https:\/\/der-schulbedarf.shop\/wp-content\/uploads\/2024\/02\/grafik-e1709551115899.png","width":80,"height":80,"caption":"der-Schulbedarf.shop"},"image":{"@id":"https:\/\/der-schulbedarf.shop\/produkt-des-monats\/#\/schema\/logo\/image\/"}}]}},"_links":{"self":[{"href":"https:\/\/der-schulbedarf.shop\/produkt-des-monats\/wp-json\/wp\/v2\/product\/1828","targetHints":{"allow":["GET"]}}],"collection":[{"href":"https:\/\/der-schulbedarf.shop\/produkt-des-monats\/wp-json\/wp\/v2\/product"}],"about":[{"href":"https:\/\/der-schulbedarf.shop\/produkt-des-monats\/wp-json\/wp\/v2\/types\/product"}],"replies":[{"embeddable":true,"href":"https:\/\/der-schulbedarf.shop\/produkt-des-monats\/wp-json\/wp\/v2\/comments?post=1828"}],"wp:featuredmedia":[{"embeddable":true,"href":"https:\/\/der-schulbedarf.shop\/produkt-des-monats\/wp-json\/wp\/v2\/media\/1985"}],"wp:attachment":[{"href":"https:\/\/der-schulbedarf.shop\/produkt-des-monats\/wp-json\/wp\/v2\/media?parent=1828"}],"wp:term":[{"taxonomy":"product_cat","embeddable":true,"href":"https:\/\/der-schulbedarf.shop\/produkt-des-monats\/wp-json\/wp\/v2\/product_cat?post=1828"},{"taxonomy":"product_tag","embeddable":true,"href":"https:\/\/der-schulbedarf.shop\/produkt-des-monats\/wp-json\/wp\/v2\/product_tag?post=1828"}],"curies":[{"name":"wp","href":"https:\/\/api.w.org\/{rel}","templated":true}]}}