{"id":1848,"date":"2023-06-12T06:40:02","date_gmt":"2023-06-12T06:40:02","guid":{"rendered":"https:\/\/der-schulbedarf.Shop\/?post_type=product&#038;p=1848"},"modified":"2024-11-27T12:03:52","modified_gmt":"2024-11-27T12:03:52","slug":"jojo-und-die-dschungelbande-band-1-ein-faultier-findet-freunde","status":"publish","type":"product","link":"https:\/\/der-schulbedarf.shop\/produkt-des-monats\/produkt\/jojo-und-die-dschungelbande-band-1-ein-faultier-findet-freunde\/","title":{"rendered":"Jojo und die Dschungelbande, Band 1: Ein Faultier findet Freunde"},"content":{"rendered":"<p>Familie Faultier ist ziemlich genervt von den lauten Nachbarn. Nur Jojo findet die Tukanfamilie toll und freundet sich mit dem Tukanjungen Tamtam an. Tamtam ist es auch, der gemeinsam mit seiner Familie die Faultiere vor dem Jaguar rettet. Das Jaguarm\u00e4dchen Suria bleibt allerdings zur\u00fcck. Sie traut sich nicht, den Baum wieder hinunterzuklettern. Jojo hilft ihr und aus einer vermeintlichen Feindin wird eine Freundin. Und eins Steht fest: Die Dschungelbande h\u00e4lt zusammen!<\/p>\n<p>Faultastisch durch den Regenwald \u2013 Wer schl\u00e4ft, verpasst die Abenteuer!<\/p>\n<p>Das junge Faultier Jojo und seine Freunde, Tukan Tamtam und Jaguar Suria, erleben im Dschungel viele Abenteuer.<br \/>\nIn den Titelhelden k\u00f6nnen sich Jungen und M\u00e4dchen ab 6 Jahren wiederfinden. Durch kurze Texte und viele Bilder sind die B\u00e4nde schon f\u00fcr Erstleser zum Selbstlesen und auch zum Vorlesen bestens geeignet.<\/p>\n<p>Band 1: Ein Faultier findet Freunde<br \/>\nBand 2: Abenteuer am gro\u00dfen Fluss<br \/>\nBand 3: Eine wilde Party<br \/>\nBand 4: So ein Matsch!<\/p>\n","protected":false},"excerpt":{"rendered":"<p>Familie Faultier ist ziemlich genervt von den lauten Nachbarn. Nur Jojo findet die Tukanfamilie toll und freundet sich mit dem Tukanjungen Tamtam an. Tamtam ist es auch, der gemeinsam mit seiner Familie die Faultiere vor dem Jaguar rettet. Das Jaguarm\u00e4dchen Suria bleibt allerdings zur\u00fcck. Sie traut sich nicht, den Baum wieder hinunterzuklettern. Jojo hilft ihr [&hellip;]<\/p>\n","protected":false},"featured_media":1968,"comment_status":"open","ping_status":"closed","template":"","meta":[],"product_cat":[224,944,225],"product_tag":[221,220,192,111,124,200,201,211,196,197,195,214,213,190,115,223,114,113,210,112,219,222,106,198,181,185,202,179,269,809,193,212,360,810],"class_list":{"0":"post-1848","1":"product","2":"type-product","3":"status-publish","4":"has-post-thumbnail","6":"product_cat-kinderbuecher","7":"product_cat-produktzufuehrung-geizhal","8":"product_cat-ravensburger-kinderbuecher","9":"product_tag-2-klasse","10":"product_tag-ab-7-jahren","11":"product_tag-antolin","12":"product_tag-beschaeftigung","13":"product_tag-beschaeftigung-fuer-zuhause","14":"product_tag-buch","15":"product_tag-buecher","16":"product_tag-dschungel","17":"product_tag-erstlesebuch","18":"product_tag-erstlesebuecher","19":"product_tag-erstleser","20":"product_tag-familie","21":"product_tag-faultier","22":"product_tag-freundschaft","23":"product_tag-fuer-jungen","24":"product_tag-fuer-kinder-ab-7-jahre","25":"product_tag-fuer-maedchen","26":"product_tag-geschenk","27":"product_tag-geschenk-kinder","28":"product_tag-geschenkidee","29":"product_tag-jaguar","30":"product_tag-jojo","31":"product_tag-kinder-beschaeftigen","32":"product_tag-kinderbuch","33":"product_tag-kinderbuecher","34":"product_tag-leseanfaenger","35":"product_tag-lesen","36":"product_tag-lesen-lernen","37":"product_tag-lustig","38":"product_tag-neugierde","39":"product_tag-ravensburger","40":"product_tag-regenwald","41":"product_tag-spannend","42":"product_tag-tukan","43":"post","44":"post-with-thumbnail","45":"post-with-thumbnail-large","47":"first","48":"instock","49":"taxable","50":"shipping-taxable","51":"purchasable","52":"product-type-simple"},"yoast_head":"<!-- This site is optimized with the Yoast SEO plugin v26.6 - https:\/\/yoast.com\/wordpress\/plugins\/seo\/ -->\n<title>Jojo und die Dschungelbande, Band 1: Ein Faultier findet Freunde - der-Schulbedarf.shop<\/title>\n<meta name=\"robots\" content=\"index, follow, max-snippet:-1, max-image-preview:large, max-video-preview:-1\" \/>\n<link rel=\"canonical\" href=\"https:\/\/der-schulbedarf.shop\/produkt-des-monats\/produkt\/jojo-und-die-dschungelbande-band-1-ein-faultier-findet-freunde\/\" \/>\n<meta property=\"og:locale\" content=\"de_DE\" \/>\n<meta property=\"og:type\" content=\"article\" \/>\n<meta property=\"og:title\" content=\"Jojo und die Dschungelbande, Band 1: Ein Faultier findet Freunde - der-Schulbedarf.shop\" \/>\n<meta property=\"og:description\" content=\"Familie Faultier ist ziemlich genervt von den lauten Nachbarn. Nur Jojo findet die Tukanfamilie toll und freundet sich mit dem Tukanjungen Tamtam an. Tamtam ist es auch, der gemeinsam mit seiner Familie die Faultiere vor dem Jaguar rettet. Das Jaguarm\u00e4dchen Suria bleibt allerdings zur\u00fcck. Sie traut sich nicht, den Baum wieder hinunterzuklettern. Jojo hilft ihr [&hellip;]\" \/>\n<meta property=\"og:url\" content=\"https:\/\/der-schulbedarf.shop\/produkt-des-monats\/produkt\/jojo-und-die-dschungelbande-band-1-ein-faultier-findet-freunde\/\" \/>\n<meta property=\"og:site_name\" content=\"der-Schulbedarf.shop\" \/>\n<meta property=\"article:modified_time\" content=\"2024-11-27T12:03:52+00:00\" \/>\n<meta property=\"og:image\" content=\"https:\/\/der-schulbedarf.shop\/wp-content\/uploads\/2023\/06\/AN-36561_1-700x380-1.webp\" \/>\n\t<meta property=\"og:image:width\" content=\"700\" \/>\n\t<meta property=\"og:image:height\" content=\"380\" \/>\n\t<meta property=\"og:image:type\" content=\"image\/webp\" \/>\n<meta name=\"twitter:card\" content=\"summary_large_image\" \/>\n<meta name=\"twitter:label1\" content=\"Gesch\u00e4tzte Lesezeit\" \/>\n\t<meta name=\"twitter:data1\" content=\"1\u00a0Minute\" \/>\n<script type=\"application\/ld+json\" class=\"yoast-schema-graph\">{\"@context\":\"https:\/\/schema.org\",\"@graph\":[{\"@type\":\"WebPage\",\"@id\":\"https:\/\/der-schulbedarf.shop\/produkt-des-monats\/produkt\/jojo-und-die-dschungelbande-band-1-ein-faultier-findet-freunde\/\",\"url\":\"https:\/\/der-schulbedarf.shop\/produkt-des-monats\/produkt\/jojo-und-die-dschungelbande-band-1-ein-faultier-findet-freunde\/\",\"name\":\"Jojo und die Dschungelbande, Band 1: Ein Faultier findet Freunde - der-Schulbedarf.shop\",\"isPartOf\":{\"@id\":\"https:\/\/der-schulbedarf.shop\/produkt-des-monats\/#website\"},\"primaryImageOfPage\":{\"@id\":\"https:\/\/der-schulbedarf.shop\/produkt-des-monats\/produkt\/jojo-und-die-dschungelbande-band-1-ein-faultier-findet-freunde\/#primaryimage\"},\"image\":{\"@id\":\"https:\/\/der-schulbedarf.shop\/produkt-des-monats\/produkt\/jojo-und-die-dschungelbande-band-1-ein-faultier-findet-freunde\/#primaryimage\"},\"thumbnailUrl\":\"https:\/\/der-schulbedarf.shop\/wp-content\/uploads\/2023\/06\/AN-36561_1-700x380-1.webp\",\"datePublished\":\"2023-06-12T06:40:02+00:00\",\"dateModified\":\"2024-11-27T12:03:52+00:00\",\"breadcrumb\":{\"@id\":\"https:\/\/der-schulbedarf.shop\/produkt-des-monats\/produkt\/jojo-und-die-dschungelbande-band-1-ein-faultier-findet-freunde\/#breadcrumb\"},\"inLanguage\":\"de\",\"potentialAction\":[{\"@type\":\"ReadAction\",\"target\":[\"https:\/\/der-schulbedarf.shop\/produkt-des-monats\/produkt\/jojo-und-die-dschungelbande-band-1-ein-faultier-findet-freunde\/\"]}]},{\"@type\":\"ImageObject\",\"inLanguage\":\"de\",\"@id\":\"https:\/\/der-schulbedarf.shop\/produkt-des-monats\/produkt\/jojo-und-die-dschungelbande-band-1-ein-faultier-findet-freunde\/#primaryimage\",\"url\":\"https:\/\/der-schulbedarf.shop\/wp-content\/uploads\/2023\/06\/AN-36561_1-700x380-1.webp\",\"contentUrl\":\"https:\/\/der-schulbedarf.shop\/wp-content\/uploads\/2023\/06\/AN-36561_1-700x380-1.webp\",\"width\":700,\"height\":380},{\"@type\":\"BreadcrumbList\",\"@id\":\"https:\/\/der-schulbedarf.shop\/produkt-des-monats\/produkt\/jojo-und-die-dschungelbande-band-1-ein-faultier-findet-freunde\/#breadcrumb\",\"itemListElement\":[{\"@type\":\"ListItem\",\"position\":1,\"name\":\"Shop\",\"item\":\"https:\/\/der-schulbedarf.shop\/produkt-des-monats\/shop\/\"},{\"@type\":\"ListItem\",\"position\":2,\"name\":\"Jojo und die Dschungelbande, Band 1: Ein Faultier findet Freunde\"}]},{\"@type\":\"WebSite\",\"@id\":\"https:\/\/der-schulbedarf.shop\/produkt-des-monats\/#website\",\"url\":\"https:\/\/der-schulbedarf.shop\/produkt-des-monats\/\",\"name\":\"der-Schulbedarf.shop\",\"description\":\"\",\"publisher\":{\"@id\":\"https:\/\/der-schulbedarf.shop\/produkt-des-monats\/#organization\"},\"potentialAction\":[{\"@type\":\"SearchAction\",\"target\":{\"@type\":\"EntryPoint\",\"urlTemplate\":\"https:\/\/der-schulbedarf.shop\/produkt-des-monats\/?s={search_term_string}\"},\"query-input\":{\"@type\":\"PropertyValueSpecification\",\"valueRequired\":true,\"valueName\":\"search_term_string\"}}],\"inLanguage\":\"de\"},{\"@type\":\"Organization\",\"@id\":\"https:\/\/der-schulbedarf.shop\/produkt-des-monats\/#organization\",\"name\":\"der-Schulbedarf.shop\",\"url\":\"https:\/\/der-schulbedarf.shop\/produkt-des-monats\/\",\"logo\":{\"@type\":\"ImageObject\",\"inLanguage\":\"de\",\"@id\":\"https:\/\/der-schulbedarf.shop\/produkt-des-monats\/#\/schema\/logo\/image\/\",\"url\":\"https:\/\/der-schulbedarf.shop\/wp-content\/uploads\/2024\/02\/grafik-e1709551115899.png\",\"contentUrl\":\"https:\/\/der-schulbedarf.shop\/wp-content\/uploads\/2024\/02\/grafik-e1709551115899.png\",\"width\":80,\"height\":80,\"caption\":\"der-Schulbedarf.shop\"},\"image\":{\"@id\":\"https:\/\/der-schulbedarf.shop\/produkt-des-monats\/#\/schema\/logo\/image\/\"}}]}<\/script>\n<!-- \/ Yoast SEO plugin. -->","yoast_head_json":{"title":"Jojo und die Dschungelbande, Band 1: Ein Faultier findet Freunde - der-Schulbedarf.shop","robots":{"index":"index","follow":"follow","max-snippet":"max-snippet:-1","max-image-preview":"max-image-preview:large","max-video-preview":"max-video-preview:-1"},"canonical":"https:\/\/der-schulbedarf.shop\/produkt-des-monats\/produkt\/jojo-und-die-dschungelbande-band-1-ein-faultier-findet-freunde\/","og_locale":"de_DE","og_type":"article","og_title":"Jojo und die Dschungelbande, Band 1: Ein Faultier findet Freunde - der-Schulbedarf.shop","og_description":"Familie Faultier ist ziemlich genervt von den lauten Nachbarn. Nur Jojo findet die Tukanfamilie toll und freundet sich mit dem Tukanjungen Tamtam an. Tamtam ist es auch, der gemeinsam mit seiner Familie die Faultiere vor dem Jaguar rettet. Das Jaguarm\u00e4dchen Suria bleibt allerdings zur\u00fcck. Sie traut sich nicht, den Baum wieder hinunterzuklettern. Jojo hilft ihr [&hellip;]","og_url":"https:\/\/der-schulbedarf.shop\/produkt-des-monats\/produkt\/jojo-und-die-dschungelbande-band-1-ein-faultier-findet-freunde\/","og_site_name":"der-Schulbedarf.shop","article_modified_time":"2024-11-27T12:03:52+00:00","og_image":[{"width":700,"height":380,"url":"https:\/\/der-schulbedarf.shop\/wp-content\/uploads\/2023\/06\/AN-36561_1-700x380-1.webp","type":"image\/webp"}],"twitter_card":"summary_large_image","twitter_misc":{"Gesch\u00e4tzte Lesezeit":"1\u00a0Minute"},"schema":{"@context":"https:\/\/schema.org","@graph":[{"@type":"WebPage","@id":"https:\/\/der-schulbedarf.shop\/produkt-des-monats\/produkt\/jojo-und-die-dschungelbande-band-1-ein-faultier-findet-freunde\/","url":"https:\/\/der-schulbedarf.shop\/produkt-des-monats\/produkt\/jojo-und-die-dschungelbande-band-1-ein-faultier-findet-freunde\/","name":"Jojo und die Dschungelbande, Band 1: Ein Faultier findet Freunde - der-Schulbedarf.shop","isPartOf":{"@id":"https:\/\/der-schulbedarf.shop\/produkt-des-monats\/#website"},"primaryImageOfPage":{"@id":"https:\/\/der-schulbedarf.shop\/produkt-des-monats\/produkt\/jojo-und-die-dschungelbande-band-1-ein-faultier-findet-freunde\/#primaryimage"},"image":{"@id":"https:\/\/der-schulbedarf.shop\/produkt-des-monats\/produkt\/jojo-und-die-dschungelbande-band-1-ein-faultier-findet-freunde\/#primaryimage"},"thumbnailUrl":"https:\/\/der-schulbedarf.shop\/wp-content\/uploads\/2023\/06\/AN-36561_1-700x380-1.webp","datePublished":"2023-06-12T06:40:02+00:00","dateModified":"2024-11-27T12:03:52+00:00","breadcrumb":{"@id":"https:\/\/der-schulbedarf.shop\/produkt-des-monats\/produkt\/jojo-und-die-dschungelbande-band-1-ein-faultier-findet-freunde\/#breadcrumb"},"inLanguage":"de","potentialAction":[{"@type":"ReadAction","target":["https:\/\/der-schulbedarf.shop\/produkt-des-monats\/produkt\/jojo-und-die-dschungelbande-band-1-ein-faultier-findet-freunde\/"]}]},{"@type":"ImageObject","inLanguage":"de","@id":"https:\/\/der-schulbedarf.shop\/produkt-des-monats\/produkt\/jojo-und-die-dschungelbande-band-1-ein-faultier-findet-freunde\/#primaryimage","url":"https:\/\/der-schulbedarf.shop\/wp-content\/uploads\/2023\/06\/AN-36561_1-700x380-1.webp","contentUrl":"https:\/\/der-schulbedarf.shop\/wp-content\/uploads\/2023\/06\/AN-36561_1-700x380-1.webp","width":700,"height":380},{"@type":"BreadcrumbList","@id":"https:\/\/der-schulbedarf.shop\/produkt-des-monats\/produkt\/jojo-und-die-dschungelbande-band-1-ein-faultier-findet-freunde\/#breadcrumb","itemListElement":[{"@type":"ListItem","position":1,"name":"Shop","item":"https:\/\/der-schulbedarf.shop\/produkt-des-monats\/shop\/"},{"@type":"ListItem","position":2,"name":"Jojo und die Dschungelbande, Band 1: Ein Faultier findet Freunde"}]},{"@type":"WebSite","@id":"https:\/\/der-schulbedarf.shop\/produkt-des-monats\/#website","url":"https:\/\/der-schulbedarf.shop\/produkt-des-monats\/","name":"der-Schulbedarf.shop","description":"","publisher":{"@id":"https:\/\/der-schulbedarf.shop\/produkt-des-monats\/#organization"},"potentialAction":[{"@type":"SearchAction","target":{"@type":"EntryPoint","urlTemplate":"https:\/\/der-schulbedarf.shop\/produkt-des-monats\/?s={search_term_string}"},"query-input":{"@type":"PropertyValueSpecification","valueRequired":true,"valueName":"search_term_string"}}],"inLanguage":"de"},{"@type":"Organization","@id":"https:\/\/der-schulbedarf.shop\/produkt-des-monats\/#organization","name":"der-Schulbedarf.shop","url":"https:\/\/der-schulbedarf.shop\/produkt-des-monats\/","logo":{"@type":"ImageObject","inLanguage":"de","@id":"https:\/\/der-schulbedarf.shop\/produkt-des-monats\/#\/schema\/logo\/image\/","url":"https:\/\/der-schulbedarf.shop\/wp-content\/uploads\/2024\/02\/grafik-e1709551115899.png","contentUrl":"https:\/\/der-schulbedarf.shop\/wp-content\/uploads\/2024\/02\/grafik-e1709551115899.png","width":80,"height":80,"caption":"der-Schulbedarf.shop"},"image":{"@id":"https:\/\/der-schulbedarf.shop\/produkt-des-monats\/#\/schema\/logo\/image\/"}}]}},"_links":{"self":[{"href":"https:\/\/der-schulbedarf.shop\/produkt-des-monats\/wp-json\/wp\/v2\/product\/1848","targetHints":{"allow":["GET"]}}],"collection":[{"href":"https:\/\/der-schulbedarf.shop\/produkt-des-monats\/wp-json\/wp\/v2\/product"}],"about":[{"href":"https:\/\/der-schulbedarf.shop\/produkt-des-monats\/wp-json\/wp\/v2\/types\/product"}],"replies":[{"embeddable":true,"href":"https:\/\/der-schulbedarf.shop\/produkt-des-monats\/wp-json\/wp\/v2\/comments?post=1848"}],"wp:featuredmedia":[{"embeddable":true,"href":"https:\/\/der-schulbedarf.shop\/produkt-des-monats\/wp-json\/wp\/v2\/media\/1968"}],"wp:attachment":[{"href":"https:\/\/der-schulbedarf.shop\/produkt-des-monats\/wp-json\/wp\/v2\/media?parent=1848"}],"wp:term":[{"taxonomy":"product_cat","embeddable":true,"href":"https:\/\/der-schulbedarf.shop\/produkt-des-monats\/wp-json\/wp\/v2\/product_cat?post=1848"},{"taxonomy":"product_tag","embeddable":true,"href":"https:\/\/der-schulbedarf.shop\/produkt-des-monats\/wp-json\/wp\/v2\/product_tag?post=1848"}],"curies":[{"name":"wp","href":"https:\/\/api.w.org\/{rel}","templated":true}]}}