{"id":1881,"date":"2023-06-12T06:02:24","date_gmt":"2023-06-12T06:02:24","guid":{"rendered":"https:\/\/der-schulbedarf.Shop\/?post_type=product&#038;p=1881"},"modified":"2026-03-30T10:33:31","modified_gmt":"2026-03-30T10:33:31","slug":"leserabe-mit-mildenberger-silbenmethode-der-verhexte-schulranzen","status":"publish","type":"product","link":"https:\/\/der-schulbedarf.shop\/produkt-des-monats\/produkt\/leserabe-mit-mildenberger-silbenmethode-der-verhexte-schulranzen\/","title":{"rendered":"Leserabe mit Mildenberger Silbenmethode: Der verhexte Schulranzen"},"content":{"rendered":"<p>Lesen lernen wie im Flug!<\/p>\n<p>Was ist nur mit Maries Schulranzen los? Erst h\u00fcpfen gr\u00fcne Fr\u00f6sche heraus, dann M\u00e4use und schlie\u00dflich spuckt der Ranzen viele bunte Bonbons aus. Ob ihn jemand verhext hat? Marie hat einen Verdacht &#8230;<\/p>\n<p>Die Kinderb\u00fccher der Reihe Leserabe wurden mit P\u00e4dagogen entwickelt und richten sich sowohl an Leseanf\u00e4nger ab der 1. Klasse als auch an fortgeschrittene Erstleser ab der 2. Klasse. Die original Mildenberger Silbenmethode f\u00f6rdert die Lesekompetenz: Silben in Blau und Rot helfen beim Lesenlernen und verbessern nachweislich die Rechtschreibung.<\/p>\n<p>&nbsp;<\/p>\n","protected":false},"excerpt":{"rendered":"<p>Lesen lernen wie im Flug!<\/p>\n<p>Was ist nur mit Maries Schulranzen los? Erst h\u00fcpfen gr\u00fcne Fr\u00f6sche heraus, dann M\u00e4use und schlie\u00dflich spuckt der Ranzen viele bunte Bonbons aus. Ob ihn jemand verhext hat? Marie hat einen Verdacht &#8230;<\/p>\n","protected":false},"featured_media":1942,"comment_status":"open","ping_status":"closed","template":"","meta":[],"product_cat":[899,900,224,944,225],"product_tag":[268,111,201,469,115,114,198,181,252,374,762],"class_list":{"0":"post-1881","1":"product","2":"type-product","3":"status-publish","4":"has-post-thumbnail","6":"product_cat-1-klasse","7":"product_cat-2-klasse","8":"product_cat-kinderbuecher","9":"product_cat-produktzufuehrung-geizhal","10":"product_cat-ravensburger-kinderbuecher","11":"product_tag-abenteuer","12":"product_tag-beschaeftigung","13":"product_tag-buecher","14":"product_tag-einschulung-geschenk","15":"product_tag-fuer-jungen","16":"product_tag-fuer-maedchen","17":"product_tag-kinderbuch","18":"product_tag-kinderbuecher","19":"product_tag-schulranzen","20":"product_tag-verhext","21":"product_tag-zaubern","22":"post","23":"post-with-thumbnail","24":"post-with-thumbnail-large","26":"first","27":"outofstock","28":"taxable","29":"shipping-taxable","30":"purchasable","31":"product-type-simple"},"yoast_head":"<!-- This site is optimized with the Yoast SEO plugin v26.6 - https:\/\/yoast.com\/wordpress\/plugins\/seo\/ -->\n<title>Leserabe -Der verhexte Schulranzen<\/title>\n<meta name=\"description\" content=\"Leserabe -Der verhexte Schulranzen. Maries Schulranzen ist Verhext und Zaubert. Lustige Geschichte f\u00fcr Kinder ab 6 Jahren. Von P\u00e4dagogen empfohlen.\" \/>\n<meta name=\"robots\" content=\"index, follow, max-snippet:-1, max-image-preview:large, max-video-preview:-1\" \/>\n<link rel=\"canonical\" href=\"https:\/\/der-schulbedarf.shop\/produkt-des-monats\/produkt\/leserabe-mit-mildenberger-silbenmethode-der-verhexte-schulranzen\/\" \/>\n<meta property=\"og:locale\" content=\"de_DE\" \/>\n<meta property=\"og:type\" content=\"article\" \/>\n<meta property=\"og:title\" content=\"Leserabe -Der verhexte Schulranzen\" \/>\n<meta property=\"og:description\" content=\"Leserabe -Der verhexte Schulranzen. Maries Schulranzen ist Verhext und Zaubert. Lustige Geschichte f\u00fcr Kinder ab 6 Jahren. Von P\u00e4dagogen empfohlen.\" \/>\n<meta property=\"og:url\" content=\"https:\/\/der-schulbedarf.shop\/produkt-des-monats\/produkt\/leserabe-mit-mildenberger-silbenmethode-der-verhexte-schulranzen\/\" \/>\n<meta property=\"og:site_name\" content=\"der-Schulbedarf.shop\" \/>\n<meta property=\"article:modified_time\" content=\"2026-03-30T10:33:31+00:00\" \/>\n<meta property=\"og:image\" content=\"https:\/\/der-schulbedarf.shop\/wp-content\/uploads\/2023\/06\/46275-720x380-1.webp\" \/>\n\t<meta property=\"og:image:width\" content=\"720\" \/>\n\t<meta property=\"og:image:height\" content=\"380\" \/>\n\t<meta property=\"og:image:type\" content=\"image\/webp\" \/>\n<meta name=\"twitter:card\" content=\"summary_large_image\" \/>\n<meta name=\"twitter:label1\" content=\"Gesch\u00e4tzte Lesezeit\" \/>\n\t<meta name=\"twitter:data1\" content=\"1\u00a0Minute\" \/>\n<script type=\"application\/ld+json\" class=\"yoast-schema-graph\">{\"@context\":\"https:\/\/schema.org\",\"@graph\":[{\"@type\":\"WebPage\",\"@id\":\"https:\/\/der-schulbedarf.shop\/produkt-des-monats\/produkt\/leserabe-mit-mildenberger-silbenmethode-der-verhexte-schulranzen\/\",\"url\":\"https:\/\/der-schulbedarf.shop\/produkt-des-monats\/produkt\/leserabe-mit-mildenberger-silbenmethode-der-verhexte-schulranzen\/\",\"name\":\"Leserabe -Der verhexte Schulranzen\",\"isPartOf\":{\"@id\":\"https:\/\/der-schulbedarf.shop\/produkt-des-monats\/#website\"},\"primaryImageOfPage\":{\"@id\":\"https:\/\/der-schulbedarf.shop\/produkt-des-monats\/produkt\/leserabe-mit-mildenberger-silbenmethode-der-verhexte-schulranzen\/#primaryimage\"},\"image\":{\"@id\":\"https:\/\/der-schulbedarf.shop\/produkt-des-monats\/produkt\/leserabe-mit-mildenberger-silbenmethode-der-verhexte-schulranzen\/#primaryimage\"},\"thumbnailUrl\":\"https:\/\/der-schulbedarf.shop\/wp-content\/uploads\/2023\/06\/46275-720x380-1.webp\",\"datePublished\":\"2023-06-12T06:02:24+00:00\",\"dateModified\":\"2026-03-30T10:33:31+00:00\",\"description\":\"Leserabe -Der verhexte Schulranzen. Maries Schulranzen ist Verhext und Zaubert. Lustige Geschichte f\u00fcr Kinder ab 6 Jahren. Von P\u00e4dagogen empfohlen.\",\"breadcrumb\":{\"@id\":\"https:\/\/der-schulbedarf.shop\/produkt-des-monats\/produkt\/leserabe-mit-mildenberger-silbenmethode-der-verhexte-schulranzen\/#breadcrumb\"},\"inLanguage\":\"de\",\"potentialAction\":[{\"@type\":\"ReadAction\",\"target\":[\"https:\/\/der-schulbedarf.shop\/produkt-des-monats\/produkt\/leserabe-mit-mildenberger-silbenmethode-der-verhexte-schulranzen\/\"]}]},{\"@type\":\"ImageObject\",\"inLanguage\":\"de\",\"@id\":\"https:\/\/der-schulbedarf.shop\/produkt-des-monats\/produkt\/leserabe-mit-mildenberger-silbenmethode-der-verhexte-schulranzen\/#primaryimage\",\"url\":\"https:\/\/der-schulbedarf.shop\/wp-content\/uploads\/2023\/06\/46275-720x380-1.webp\",\"contentUrl\":\"https:\/\/der-schulbedarf.shop\/wp-content\/uploads\/2023\/06\/46275-720x380-1.webp\",\"width\":720,\"height\":380},{\"@type\":\"BreadcrumbList\",\"@id\":\"https:\/\/der-schulbedarf.shop\/produkt-des-monats\/produkt\/leserabe-mit-mildenberger-silbenmethode-der-verhexte-schulranzen\/#breadcrumb\",\"itemListElement\":[{\"@type\":\"ListItem\",\"position\":1,\"name\":\"Shop\",\"item\":\"https:\/\/der-schulbedarf.shop\/produkt-des-monats\/shop\/\"},{\"@type\":\"ListItem\",\"position\":2,\"name\":\"Leserabe mit Mildenberger Silbenmethode: Der verhexte Schulranzen\"}]},{\"@type\":\"WebSite\",\"@id\":\"https:\/\/der-schulbedarf.shop\/produkt-des-monats\/#website\",\"url\":\"https:\/\/der-schulbedarf.shop\/produkt-des-monats\/\",\"name\":\"der-Schulbedarf.shop\",\"description\":\"\",\"publisher\":{\"@id\":\"https:\/\/der-schulbedarf.shop\/produkt-des-monats\/#organization\"},\"potentialAction\":[{\"@type\":\"SearchAction\",\"target\":{\"@type\":\"EntryPoint\",\"urlTemplate\":\"https:\/\/der-schulbedarf.shop\/produkt-des-monats\/?s={search_term_string}\"},\"query-input\":{\"@type\":\"PropertyValueSpecification\",\"valueRequired\":true,\"valueName\":\"search_term_string\"}}],\"inLanguage\":\"de\"},{\"@type\":\"Organization\",\"@id\":\"https:\/\/der-schulbedarf.shop\/produkt-des-monats\/#organization\",\"name\":\"der-Schulbedarf.shop\",\"url\":\"https:\/\/der-schulbedarf.shop\/produkt-des-monats\/\",\"logo\":{\"@type\":\"ImageObject\",\"inLanguage\":\"de\",\"@id\":\"https:\/\/der-schulbedarf.shop\/produkt-des-monats\/#\/schema\/logo\/image\/\",\"url\":\"https:\/\/der-schulbedarf.shop\/wp-content\/uploads\/2024\/02\/grafik-e1709551115899.png\",\"contentUrl\":\"https:\/\/der-schulbedarf.shop\/wp-content\/uploads\/2024\/02\/grafik-e1709551115899.png\",\"width\":80,\"height\":80,\"caption\":\"der-Schulbedarf.shop\"},\"image\":{\"@id\":\"https:\/\/der-schulbedarf.shop\/produkt-des-monats\/#\/schema\/logo\/image\/\"}}]}<\/script>\n<!-- \/ Yoast SEO plugin. -->","yoast_head_json":{"title":"Leserabe -Der verhexte Schulranzen","description":"Leserabe -Der verhexte Schulranzen. Maries Schulranzen ist Verhext und Zaubert. Lustige Geschichte f\u00fcr Kinder ab 6 Jahren. Von P\u00e4dagogen empfohlen.","robots":{"index":"index","follow":"follow","max-snippet":"max-snippet:-1","max-image-preview":"max-image-preview:large","max-video-preview":"max-video-preview:-1"},"canonical":"https:\/\/der-schulbedarf.shop\/produkt-des-monats\/produkt\/leserabe-mit-mildenberger-silbenmethode-der-verhexte-schulranzen\/","og_locale":"de_DE","og_type":"article","og_title":"Leserabe -Der verhexte Schulranzen","og_description":"Leserabe -Der verhexte Schulranzen. Maries Schulranzen ist Verhext und Zaubert. Lustige Geschichte f\u00fcr Kinder ab 6 Jahren. Von P\u00e4dagogen empfohlen.","og_url":"https:\/\/der-schulbedarf.shop\/produkt-des-monats\/produkt\/leserabe-mit-mildenberger-silbenmethode-der-verhexte-schulranzen\/","og_site_name":"der-Schulbedarf.shop","article_modified_time":"2026-03-30T10:33:31+00:00","og_image":[{"width":720,"height":380,"url":"https:\/\/der-schulbedarf.shop\/wp-content\/uploads\/2023\/06\/46275-720x380-1.webp","type":"image\/webp"}],"twitter_card":"summary_large_image","twitter_misc":{"Gesch\u00e4tzte Lesezeit":"1\u00a0Minute"},"schema":{"@context":"https:\/\/schema.org","@graph":[{"@type":"WebPage","@id":"https:\/\/der-schulbedarf.shop\/produkt-des-monats\/produkt\/leserabe-mit-mildenberger-silbenmethode-der-verhexte-schulranzen\/","url":"https:\/\/der-schulbedarf.shop\/produkt-des-monats\/produkt\/leserabe-mit-mildenberger-silbenmethode-der-verhexte-schulranzen\/","name":"Leserabe -Der verhexte Schulranzen","isPartOf":{"@id":"https:\/\/der-schulbedarf.shop\/produkt-des-monats\/#website"},"primaryImageOfPage":{"@id":"https:\/\/der-schulbedarf.shop\/produkt-des-monats\/produkt\/leserabe-mit-mildenberger-silbenmethode-der-verhexte-schulranzen\/#primaryimage"},"image":{"@id":"https:\/\/der-schulbedarf.shop\/produkt-des-monats\/produkt\/leserabe-mit-mildenberger-silbenmethode-der-verhexte-schulranzen\/#primaryimage"},"thumbnailUrl":"https:\/\/der-schulbedarf.shop\/wp-content\/uploads\/2023\/06\/46275-720x380-1.webp","datePublished":"2023-06-12T06:02:24+00:00","dateModified":"2026-03-30T10:33:31+00:00","description":"Leserabe -Der verhexte Schulranzen. Maries Schulranzen ist Verhext und Zaubert. Lustige Geschichte f\u00fcr Kinder ab 6 Jahren. Von P\u00e4dagogen empfohlen.","breadcrumb":{"@id":"https:\/\/der-schulbedarf.shop\/produkt-des-monats\/produkt\/leserabe-mit-mildenberger-silbenmethode-der-verhexte-schulranzen\/#breadcrumb"},"inLanguage":"de","potentialAction":[{"@type":"ReadAction","target":["https:\/\/der-schulbedarf.shop\/produkt-des-monats\/produkt\/leserabe-mit-mildenberger-silbenmethode-der-verhexte-schulranzen\/"]}]},{"@type":"ImageObject","inLanguage":"de","@id":"https:\/\/der-schulbedarf.shop\/produkt-des-monats\/produkt\/leserabe-mit-mildenberger-silbenmethode-der-verhexte-schulranzen\/#primaryimage","url":"https:\/\/der-schulbedarf.shop\/wp-content\/uploads\/2023\/06\/46275-720x380-1.webp","contentUrl":"https:\/\/der-schulbedarf.shop\/wp-content\/uploads\/2023\/06\/46275-720x380-1.webp","width":720,"height":380},{"@type":"BreadcrumbList","@id":"https:\/\/der-schulbedarf.shop\/produkt-des-monats\/produkt\/leserabe-mit-mildenberger-silbenmethode-der-verhexte-schulranzen\/#breadcrumb","itemListElement":[{"@type":"ListItem","position":1,"name":"Shop","item":"https:\/\/der-schulbedarf.shop\/produkt-des-monats\/shop\/"},{"@type":"ListItem","position":2,"name":"Leserabe mit Mildenberger Silbenmethode: Der verhexte Schulranzen"}]},{"@type":"WebSite","@id":"https:\/\/der-schulbedarf.shop\/produkt-des-monats\/#website","url":"https:\/\/der-schulbedarf.shop\/produkt-des-monats\/","name":"der-Schulbedarf.shop","description":"","publisher":{"@id":"https:\/\/der-schulbedarf.shop\/produkt-des-monats\/#organization"},"potentialAction":[{"@type":"SearchAction","target":{"@type":"EntryPoint","urlTemplate":"https:\/\/der-schulbedarf.shop\/produkt-des-monats\/?s={search_term_string}"},"query-input":{"@type":"PropertyValueSpecification","valueRequired":true,"valueName":"search_term_string"}}],"inLanguage":"de"},{"@type":"Organization","@id":"https:\/\/der-schulbedarf.shop\/produkt-des-monats\/#organization","name":"der-Schulbedarf.shop","url":"https:\/\/der-schulbedarf.shop\/produkt-des-monats\/","logo":{"@type":"ImageObject","inLanguage":"de","@id":"https:\/\/der-schulbedarf.shop\/produkt-des-monats\/#\/schema\/logo\/image\/","url":"https:\/\/der-schulbedarf.shop\/wp-content\/uploads\/2024\/02\/grafik-e1709551115899.png","contentUrl":"https:\/\/der-schulbedarf.shop\/wp-content\/uploads\/2024\/02\/grafik-e1709551115899.png","width":80,"height":80,"caption":"der-Schulbedarf.shop"},"image":{"@id":"https:\/\/der-schulbedarf.shop\/produkt-des-monats\/#\/schema\/logo\/image\/"}}]}},"_links":{"self":[{"href":"https:\/\/der-schulbedarf.shop\/produkt-des-monats\/wp-json\/wp\/v2\/product\/1881","targetHints":{"allow":["GET"]}}],"collection":[{"href":"https:\/\/der-schulbedarf.shop\/produkt-des-monats\/wp-json\/wp\/v2\/product"}],"about":[{"href":"https:\/\/der-schulbedarf.shop\/produkt-des-monats\/wp-json\/wp\/v2\/types\/product"}],"replies":[{"embeddable":true,"href":"https:\/\/der-schulbedarf.shop\/produkt-des-monats\/wp-json\/wp\/v2\/comments?post=1881"}],"wp:featuredmedia":[{"embeddable":true,"href":"https:\/\/der-schulbedarf.shop\/produkt-des-monats\/wp-json\/wp\/v2\/media\/1942"}],"wp:attachment":[{"href":"https:\/\/der-schulbedarf.shop\/produkt-des-monats\/wp-json\/wp\/v2\/media?parent=1881"}],"wp:term":[{"taxonomy":"product_cat","embeddable":true,"href":"https:\/\/der-schulbedarf.shop\/produkt-des-monats\/wp-json\/wp\/v2\/product_cat?post=1881"},{"taxonomy":"product_tag","embeddable":true,"href":"https:\/\/der-schulbedarf.shop\/produkt-des-monats\/wp-json\/wp\/v2\/product_tag?post=1881"}],"curies":[{"name":"wp","href":"https:\/\/api.w.org\/{rel}","templated":true}]}}